{"id":241206,"date":"2025-03-07T14:22:31","date_gmt":"2025-03-07T14:22:31","guid":{"rendered":"https:\/\/dev.tg4.ie\/?page_id=241206"},"modified":"2025-03-07T14:22:53","modified_gmt":"2025-03-07T14:22:53","slug":"cuirfidh-tg4-tus-le-cludach-ar-phriomhroinn-shacar-na-mban-an-deireadh-seachtaine-seo-ar-sacar-beo","status":"publish","type":"page","link":"https:\/\/dev.tg4.ie\/ga\/eolas\/preas\/nuacht-raitis\/2025-2\/cuirfidh-tg4-tus-le-cludach-ar-phriomhroinn-shacar-na-mban-an-deireadh-seachtaine-seo-ar-sacar-beo\/","title":{"rendered":"Cuirfidh TG4 t\u00fas le Cl\u00fadach ar Phr\u00edomhroinn Shacar na mBan an Deireadh Seachtaine seo ar Sacar Beo"},"content":{"rendered":"<p><img loading=\"lazy\" decoding=\"async\" width=\"1920\" height=\"1080\" src=\"https:\/\/tg4-docs.s3.amazonaws.com\/wp-content\/uploads\/2025\/03\/07141036\/Sacar_na_mBan_2025_1-1920x1080-1.jpg\" alt=\"\" class=\"aligncenter size-full wp-image-241207\" srcset=\"https:\/\/tg4-docs.s3.amazonaws.com\/wp-content\/uploads\/2025\/03\/07141036\/Sacar_na_mBan_2025_1-1920x1080-1.jpg 1920w, https:\/\/tg4-docs.s3.amazonaws.com\/wp-content\/uploads\/2025\/03\/07141036\/Sacar_na_mBan_2025_1-1920x1080-1-250x141.jpg 250w, https:\/\/tg4-docs.s3.amazonaws.com\/wp-content\/uploads\/2025\/03\/07141036\/Sacar_na_mBan_2025_1-1920x1080-1-700x394.jpg 700w, https:\/\/tg4-docs.s3.amazonaws.com\/wp-content\/uploads\/2025\/03\/07141036\/Sacar_na_mBan_2025_1-1920x1080-1-252x141.jpg 252w, https:\/\/tg4-docs.s3.amazonaws.com\/wp-content\/uploads\/2025\/03\/07141036\/Sacar_na_mBan_2025_1-1920x1080-1-1536x864.jpg 1536w, https:\/\/tg4-docs.s3.amazonaws.com\/wp-content\/uploads\/2025\/03\/07141036\/Sacar_na_mBan_2025_1-1920x1080-1-120x68.jpg 120w\" sizes=\"(max-width: 1920px) 100vw, 1920px\" \/><br \/>\n&nbsp;<br \/>\nLe t\u00fas \u00e1 chur le cl\u00fadach an chain\u00e9il ar <strong>Phr\u00edomhroinn SSE Airtricity na mBan<\/strong> an deireadh seachtaine seo ar <em>Sacar Beo<\/em>, beidh <strong>n\u00edos m\u00f3 aicsean \u00f3 shacar na mban ag TG4 n\u00e1 mar a chur riamh cheana<\/strong>. 14 chluiche ar an ioml\u00e1n \u00f3 shacar na mban a bheidh le craoladh beo an s\u00e9as\u00far seo, agus TG4 ag lean\u00faint d\u00e1 dh\u00edlseacht ard\u00e1n a thabhairt do sp\u00f3rt na mban.<br \/>\n&nbsp;<br \/>\nI measc chl\u00fadach na bliana seo beidh 13 chluiche \u00f3 Phr\u00edomhroinn na mBan, sin m\u00e9ad\u00fa \u00f3n 12 chluiche a craoladh an s\u00e9as\u00far seo caite, chomh maith le Corn Uile-Oile\u00e1in na mBan a bheidh ar si\u00fal i m\u00ed L\u00fanasa.<br \/>\n&nbsp;<br \/>\nCuirfear t\u00fas leis an aicsean <strong>D\u00e9 Sathairn an 8 M\u00e1rta, ag 4.25pm<\/strong> leis na seaimp\u00edn\u00ed reatha Athlone Town AFC ag tabhairt aghaidh ar Wexford FC sa mbaile i Staid Bhaile \u00c1tha Luain.<br \/>\n&nbsp;<br \/>\nT\u00e1 na ch\u00e9ad ceithre chluiche a bheidh le craoladh deimhnithe anois ag TG4:<\/p>\n<ul>\n<li>Babhta 1: Athlone Town AFC v Wexford FC \u2013 D\u00e9 Sathairn an 8 M\u00e1rta 2025<\/li>\n<li>Babhta 3: Sligo Rovers FC v Waterford FC \u2013 D\u00e9 Sathairn an 22 M\u00e1rta 2025<\/li>\n<li>Babhta 5: Bohemian FC v Shelbourne FC \u2013 D\u00e9 Sathairn an 12 Aibre\u00e1n 2025<\/li>\n<li>Babhta 7: Cumann Sacair Ghaillimh Aontaithe v Athlone Town AFC \u2013 D\u00e9 Sathairn an 3 Bealtaine 2025<\/li>\n<\/ul>\n<p>&nbsp;<br \/>\nF\u00f3gr\u00f3far na cluich\u00ed eile amach anseo. Leis an gcl\u00fadach n\u00edos fairsinge seo ag cur le r\u00e9imse iontach an chain\u00e9il de chom\u00f3rtais na mban, a bh\u00edonn ag m\u00e9ad\u00fa i gc\u00f3na\u00ed, t\u00e1 TG4 ag fanacht d\u00edlis d\u00e1 ngealltanas aird a tharraingt ar sp\u00f3rt na mban.<\/p>\n<p>N\u00e1 c\u00e1il aon chuid de Phr\u00edomhroinn na mBan, beo agus saorchraolta, ar TG4 amh\u00e1in.<br \/>\n&nbsp;<br \/>\n&nbsp; <\/p>\n","protected":false},"excerpt":{"rendered":"<p>&nbsp; Le t\u00fas \u00e1 chur le cl\u00fadach an chain\u00e9il ar Phr\u00edomhroinn SSE Airtricity na mBan an deireadh seachtaine seo ar Sacar Beo, beidh n\u00edos m\u00f3 aicsean \u00f3 shacar na mban ag TG4 n\u00e1 mar a chur riamh cheana. 14 chluiche ar an ioml\u00e1n \u00f3 shacar na mban a bheidh le craoladh beo an s\u00e9as\u00far seo, [&hellip;]<\/p>\n","protected":false},"author":876,"featured_media":0,"parent":236807,"menu_order":10,"comment_status":"closed","ping_status":"closed","template":"page-templates\/template-pr.php","meta":{"_acf_changed":false,"footnotes":""},"acf":[],"yoast_head":"<!-- This site is optimized with the Yoast SEO plugin v22.6 - https:\/\/yoast.com\/wordpress\/plugins\/seo\/ -->\n<title>Cuirfidh TG4 t\u00fas le Cl\u00fadach ar Phr\u00edomhroinn Shacar na mBan an Deireadh Seachtaine seo ar Sacar Beo | Preasr\u00e1iteas | TG4<\/title>\n<meta name=\"description\" content=\"Le t\u00fas \u00e1 chur le cl\u00fadach an chain\u00e9il ar Phr\u00edomhroinn SSE Airtricity na mBan an deireadh seachtaine seo ar Sacar Beo, beidh n\u00edos m\u00f3 aicsean \u00f3 shacar na mban ag TG4 n\u00e1 mar a chur riamh cheana.\" \/>\n<meta name=\"robots\" content=\"index, follow, max-snippet:-1, max-image-preview:large, max-video-preview:-1\" \/>\n<meta property=\"og:locale\" content=\"en_US\" \/>\n<meta property=\"og:type\" content=\"article\" \/>\n<meta property=\"og:title\" content=\"Cuirfidh TG4 t\u00fas le Cl\u00fadach ar Phr\u00edomhroinn Shacar na mBan an Deireadh Seachtaine seo ar Sacar Beo | Preasr\u00e1iteas | TG4\" \/>\n<meta property=\"og:description\" content=\"Le t\u00fas \u00e1 chur le cl\u00fadach an chain\u00e9il ar Phr\u00edomhroinn SSE Airtricity na mBan an deireadh seachtaine seo ar Sacar Beo, beidh n\u00edos m\u00f3 aicsean \u00f3 shacar na mban ag TG4 n\u00e1 mar a chur riamh cheana.\" \/>\n<meta property=\"og:url\" content=\"https:\/\/dev.tg4.ie\/ga\/eolas\/preas\/nuacht-raitis\/2025-2\/cuirfidh-tg4-tus-le-cludach-ar-phriomhroinn-shacar-na-mban-an-deireadh-seachtaine-seo-ar-sacar-beo\/\" \/>\n<meta property=\"og:site_name\" content=\"TG4\" \/>\n<meta property=\"article:publisher\" content=\"https:\/\/www.facebook.com\/TG4TV\" \/>\n<meta property=\"article:modified_time\" content=\"2025-03-07T14:22:53+00:00\" \/>\n<meta property=\"og:image\" content=\"https:\/\/tg4-docs.s3.amazonaws.com\/wp-content\/uploads\/2025\/03\/07141036\/Sacar_na_mBan_2025_1-1920x1080-1.jpg\" \/>\n\t<meta property=\"og:image:width\" content=\"1920\" \/>\n\t<meta property=\"og:image:height\" content=\"1080\" \/>\n\t<meta property=\"og:image:type\" content=\"image\/jpeg\" \/>\n<meta name=\"twitter:card\" content=\"summary_large_image\" \/>\n<meta name=\"twitter:image\" content=\"https:\/\/tg4-docs.s3.amazonaws.com\/wp-content\/uploads\/2025\/03\/07141036\/Sacar_na_mBan_2025_1-1920x1080-1.jpg\" \/>\n<meta name=\"twitter:site\" content=\"@TG4TV\" \/>\n<meta name=\"twitter:label1\" content=\"Est. reading time\" \/>\n\t<meta name=\"twitter:data1\" content=\"2 minutes\" \/>\n<script type=\"application\/ld+json\" class=\"yoast-schema-graph\">{\"@context\":\"https:\/\/schema.org\",\"@graph\":[{\"@type\":\"WebPage\",\"@id\":\"https:\/\/dev.tg4.ie\/ga\/eolas\/preas\/nuacht-raitis\/2025-2\/cuirfidh-tg4-tus-le-cludach-ar-phriomhroinn-shacar-na-mban-an-deireadh-seachtaine-seo-ar-sacar-beo\/\",\"url\":\"https:\/\/dev.tg4.ie\/ga\/eolas\/preas\/nuacht-raitis\/2025-2\/cuirfidh-tg4-tus-le-cludach-ar-phriomhroinn-shacar-na-mban-an-deireadh-seachtaine-seo-ar-sacar-beo\/\",\"name\":\"Cuirfidh TG4 t\u00fas le Cl\u00fadach ar Phr\u00edomhroinn Shacar na mBan an Deireadh Seachtaine seo ar Sacar Beo | Preasr\u00e1iteas | TG4\",\"isPartOf\":{\"@id\":\"https:\/\/dev.tg4.ie\/en\/#website\"},\"primaryImageOfPage\":{\"@id\":\"https:\/\/dev.tg4.ie\/ga\/eolas\/preas\/nuacht-raitis\/2025-2\/cuirfidh-tg4-tus-le-cludach-ar-phriomhroinn-shacar-na-mban-an-deireadh-seachtaine-seo-ar-sacar-beo\/#primaryimage\"},\"image\":{\"@id\":\"https:\/\/dev.tg4.ie\/ga\/eolas\/preas\/nuacht-raitis\/2025-2\/cuirfidh-tg4-tus-le-cludach-ar-phriomhroinn-shacar-na-mban-an-deireadh-seachtaine-seo-ar-sacar-beo\/#primaryimage\"},\"thumbnailUrl\":\"https:\/\/dev.tg4.ie\/wp-content\/uploads\/2025\/03\/Sacar_na_mBan_2025_1-1920x1080-1.jpg\",\"datePublished\":\"2025-03-07T14:22:31+00:00\",\"dateModified\":\"2025-03-07T14:22:53+00:00\",\"description\":\"Le t\u00fas \u00e1 chur le cl\u00fadach an chain\u00e9il ar Phr\u00edomhroinn SSE Airtricity na mBan an deireadh seachtaine seo ar Sacar Beo, beidh n\u00edos m\u00f3 aicsean \u00f3 shacar na mban ag TG4 n\u00e1 mar a chur riamh cheana.\",\"breadcrumb\":{\"@id\":\"https:\/\/dev.tg4.ie\/ga\/eolas\/preas\/nuacht-raitis\/2025-2\/cuirfidh-tg4-tus-le-cludach-ar-phriomhroinn-shacar-na-mban-an-deireadh-seachtaine-seo-ar-sacar-beo\/#breadcrumb\"},\"inLanguage\":\"ga\",\"potentialAction\":[{\"@type\":\"ReadAction\",\"target\":[\"https:\/\/dev.tg4.ie\/ga\/eolas\/preas\/nuacht-raitis\/2025-2\/cuirfidh-tg4-tus-le-cludach-ar-phriomhroinn-shacar-na-mban-an-deireadh-seachtaine-seo-ar-sacar-beo\/\"]}]},{\"@type\":\"ImageObject\",\"inLanguage\":\"ga\",\"@id\":\"https:\/\/dev.tg4.ie\/ga\/eolas\/preas\/nuacht-raitis\/2025-2\/cuirfidh-tg4-tus-le-cludach-ar-phriomhroinn-shacar-na-mban-an-deireadh-seachtaine-seo-ar-sacar-beo\/#primaryimage\",\"url\":\"https:\/\/dev.tg4.ie\/wp-content\/uploads\/2025\/03\/Sacar_na_mBan_2025_1-1920x1080-1.jpg\",\"contentUrl\":\"https:\/\/dev.tg4.ie\/wp-content\/uploads\/2025\/03\/Sacar_na_mBan_2025_1-1920x1080-1.jpg\"},{\"@type\":\"BreadcrumbList\",\"@id\":\"https:\/\/dev.tg4.ie\/ga\/eolas\/preas\/nuacht-raitis\/2025-2\/cuirfidh-tg4-tus-le-cludach-ar-phriomhroinn-shacar-na-mban-an-deireadh-seachtaine-seo-ar-sacar-beo\/#breadcrumb\",\"itemListElement\":[{\"@type\":\"ListItem\",\"position\":1,\"name\":\"Home\",\"item\":\"https:\/\/dev.tg4.ie\/ga\/\"},{\"@type\":\"ListItem\",\"position\":2,\"name\":\"Eolas\",\"item\":\"https:\/\/dev.tg4.ie\/ga\/eolas\/\"},{\"@type\":\"ListItem\",\"position\":3,\"name\":\"Preas\",\"item\":\"https:\/\/dev.tg4.ie\/ga\/eolas\/preas\/\"},{\"@type\":\"ListItem\",\"position\":4,\"name\":\"Nuacht R\u00e1itis\",\"item\":\"https:\/\/dev.tg4.ie\/ga\/eolas\/preas\/nuacht-raitis\/\"},{\"@type\":\"ListItem\",\"position\":5,\"name\":\"2025\",\"item\":\"https:\/\/dev.tg4.ie\/ga\/eolas\/preas\/nuacht-raitis\/2025-2\/\"},{\"@type\":\"ListItem\",\"position\":6,\"name\":\"Cuirfidh TG4 t\u00fas le Cl\u00fadach ar Phr\u00edomhroinn Shacar na mBan an Deireadh Seachtaine seo ar Sacar Beo\"}]},{\"@type\":\"WebSite\",\"@id\":\"https:\/\/dev.tg4.ie\/en\/#website\",\"url\":\"https:\/\/dev.tg4.ie\/en\/\",\"name\":\"TG4\",\"description\":\"S\u00fail Eile\",\"potentialAction\":[{\"@type\":\"SearchAction\",\"target\":{\"@type\":\"EntryPoint\",\"urlTemplate\":\"https:\/\/dev.tg4.ie\/en\/?s={search_term_string}\"},\"query-input\":\"required name=search_term_string\"}],\"inLanguage\":\"ga\"}]}<\/script>\n<!-- \/ Yoast SEO plugin. -->","yoast_head_json":{"title":"Cuirfidh TG4 t\u00fas le Cl\u00fadach ar Phr\u00edomhroinn Shacar na mBan an Deireadh Seachtaine seo ar Sacar Beo | Preasr\u00e1iteas | TG4","description":"Le t\u00fas \u00e1 chur le cl\u00fadach an chain\u00e9il ar Phr\u00edomhroinn SSE Airtricity na mBan an deireadh seachtaine seo ar Sacar Beo, beidh n\u00edos m\u00f3 aicsean \u00f3 shacar na mban ag TG4 n\u00e1 mar a chur riamh cheana.","robots":{"index":"index","follow":"follow","max-snippet":"max-snippet:-1","max-image-preview":"max-image-preview:large","max-video-preview":"max-video-preview:-1"},"og_locale":"en_US","og_type":"article","og_title":"Cuirfidh TG4 t\u00fas le Cl\u00fadach ar Phr\u00edomhroinn Shacar na mBan an Deireadh Seachtaine seo ar Sacar Beo | Preasr\u00e1iteas | TG4","og_description":"Le t\u00fas \u00e1 chur le cl\u00fadach an chain\u00e9il ar Phr\u00edomhroinn SSE Airtricity na mBan an deireadh seachtaine seo ar Sacar Beo, beidh n\u00edos m\u00f3 aicsean \u00f3 shacar na mban ag TG4 n\u00e1 mar a chur riamh cheana.","og_url":"https:\/\/dev.tg4.ie\/ga\/eolas\/preas\/nuacht-raitis\/2025-2\/cuirfidh-tg4-tus-le-cludach-ar-phriomhroinn-shacar-na-mban-an-deireadh-seachtaine-seo-ar-sacar-beo\/","og_site_name":"TG4","article_publisher":"https:\/\/www.facebook.com\/TG4TV","article_modified_time":"2025-03-07T14:22:53+00:00","og_image":[{"width":1920,"height":1080,"url":"https:\/\/tg4-docs.s3.amazonaws.com\/wp-content\/uploads\/2025\/03\/07141036\/Sacar_na_mBan_2025_1-1920x1080-1.jpg","type":"image\/jpeg"}],"twitter_card":"summary_large_image","twitter_image":"https:\/\/tg4-docs.s3.amazonaws.com\/wp-content\/uploads\/2025\/03\/07141036\/Sacar_na_mBan_2025_1-1920x1080-1.jpg","twitter_site":"@TG4TV","twitter_misc":{"Est. reading time":"2 minutes"},"schema":{"@context":"https:\/\/schema.org","@graph":[{"@type":"WebPage","@id":"https:\/\/dev.tg4.ie\/ga\/eolas\/preas\/nuacht-raitis\/2025-2\/cuirfidh-tg4-tus-le-cludach-ar-phriomhroinn-shacar-na-mban-an-deireadh-seachtaine-seo-ar-sacar-beo\/","url":"https:\/\/dev.tg4.ie\/ga\/eolas\/preas\/nuacht-raitis\/2025-2\/cuirfidh-tg4-tus-le-cludach-ar-phriomhroinn-shacar-na-mban-an-deireadh-seachtaine-seo-ar-sacar-beo\/","name":"Cuirfidh TG4 t\u00fas le Cl\u00fadach ar Phr\u00edomhroinn Shacar na mBan an Deireadh Seachtaine seo ar Sacar Beo | Preasr\u00e1iteas | TG4","isPartOf":{"@id":"https:\/\/dev.tg4.ie\/en\/#website"},"primaryImageOfPage":{"@id":"https:\/\/dev.tg4.ie\/ga\/eolas\/preas\/nuacht-raitis\/2025-2\/cuirfidh-tg4-tus-le-cludach-ar-phriomhroinn-shacar-na-mban-an-deireadh-seachtaine-seo-ar-sacar-beo\/#primaryimage"},"image":{"@id":"https:\/\/dev.tg4.ie\/ga\/eolas\/preas\/nuacht-raitis\/2025-2\/cuirfidh-tg4-tus-le-cludach-ar-phriomhroinn-shacar-na-mban-an-deireadh-seachtaine-seo-ar-sacar-beo\/#primaryimage"},"thumbnailUrl":"https:\/\/dev.tg4.ie\/wp-content\/uploads\/2025\/03\/Sacar_na_mBan_2025_1-1920x1080-1.jpg","datePublished":"2025-03-07T14:22:31+00:00","dateModified":"2025-03-07T14:22:53+00:00","description":"Le t\u00fas \u00e1 chur le cl\u00fadach an chain\u00e9il ar Phr\u00edomhroinn SSE Airtricity na mBan an deireadh seachtaine seo ar Sacar Beo, beidh n\u00edos m\u00f3 aicsean \u00f3 shacar na mban ag TG4 n\u00e1 mar a chur riamh cheana.","breadcrumb":{"@id":"https:\/\/dev.tg4.ie\/ga\/eolas\/preas\/nuacht-raitis\/2025-2\/cuirfidh-tg4-tus-le-cludach-ar-phriomhroinn-shacar-na-mban-an-deireadh-seachtaine-seo-ar-sacar-beo\/#breadcrumb"},"inLanguage":"ga","potentialAction":[{"@type":"ReadAction","target":["https:\/\/dev.tg4.ie\/ga\/eolas\/preas\/nuacht-raitis\/2025-2\/cuirfidh-tg4-tus-le-cludach-ar-phriomhroinn-shacar-na-mban-an-deireadh-seachtaine-seo-ar-sacar-beo\/"]}]},{"@type":"ImageObject","inLanguage":"ga","@id":"https:\/\/dev.tg4.ie\/ga\/eolas\/preas\/nuacht-raitis\/2025-2\/cuirfidh-tg4-tus-le-cludach-ar-phriomhroinn-shacar-na-mban-an-deireadh-seachtaine-seo-ar-sacar-beo\/#primaryimage","url":"https:\/\/dev.tg4.ie\/wp-content\/uploads\/2025\/03\/Sacar_na_mBan_2025_1-1920x1080-1.jpg","contentUrl":"https:\/\/dev.tg4.ie\/wp-content\/uploads\/2025\/03\/Sacar_na_mBan_2025_1-1920x1080-1.jpg"},{"@type":"BreadcrumbList","@id":"https:\/\/dev.tg4.ie\/ga\/eolas\/preas\/nuacht-raitis\/2025-2\/cuirfidh-tg4-tus-le-cludach-ar-phriomhroinn-shacar-na-mban-an-deireadh-seachtaine-seo-ar-sacar-beo\/#breadcrumb","itemListElement":[{"@type":"ListItem","position":1,"name":"Home","item":"https:\/\/dev.tg4.ie\/ga\/"},{"@type":"ListItem","position":2,"name":"Eolas","item":"https:\/\/dev.tg4.ie\/ga\/eolas\/"},{"@type":"ListItem","position":3,"name":"Preas","item":"https:\/\/dev.tg4.ie\/ga\/eolas\/preas\/"},{"@type":"ListItem","position":4,"name":"Nuacht R\u00e1itis","item":"https:\/\/dev.tg4.ie\/ga\/eolas\/preas\/nuacht-raitis\/"},{"@type":"ListItem","position":5,"name":"2025","item":"https:\/\/dev.tg4.ie\/ga\/eolas\/preas\/nuacht-raitis\/2025-2\/"},{"@type":"ListItem","position":6,"name":"Cuirfidh TG4 t\u00fas le Cl\u00fadach ar Phr\u00edomhroinn Shacar na mBan an Deireadh Seachtaine seo ar Sacar Beo"}]},{"@type":"WebSite","@id":"https:\/\/dev.tg4.ie\/en\/#website","url":"https:\/\/dev.tg4.ie\/en\/","name":"TG4","description":"S\u00fail Eile","potentialAction":[{"@type":"SearchAction","target":{"@type":"EntryPoint","urlTemplate":"https:\/\/dev.tg4.ie\/en\/?s={search_term_string}"},"query-input":"required name=search_term_string"}],"inLanguage":"ga"}]}},"_links":{"self":[{"href":"https:\/\/dev.tg4.ie\/ga\/wp-json\/wp\/v2\/pages\/241206"}],"collection":[{"href":"https:\/\/dev.tg4.ie\/ga\/wp-json\/wp\/v2\/pages"}],"about":[{"href":"https:\/\/dev.tg4.ie\/ga\/wp-json\/wp\/v2\/types\/page"}],"author":[{"embeddable":true,"href":"https:\/\/dev.tg4.ie\/ga\/wp-json\/wp\/v2\/users\/876"}],"replies":[{"embeddable":true,"href":"https:\/\/dev.tg4.ie\/ga\/wp-json\/wp\/v2\/comments?post=241206"}],"version-history":[{"count":0,"href":"https:\/\/dev.tg4.ie\/ga\/wp-json\/wp\/v2\/pages\/241206\/revisions"}],"up":[{"embeddable":true,"href":"https:\/\/dev.tg4.ie\/ga\/wp-json\/wp\/v2\/pages\/236807"}],"wp:attachment":[{"href":"https:\/\/dev.tg4.ie\/ga\/wp-json\/wp\/v2\/media?parent=241206"}],"curies":[{"name":"wp","href":"https:\/\/api.w.org\/{rel}","templated":true}]}}