{"id":242372,"date":"2025-03-20T17:41:36","date_gmt":"2025-03-20T17:41:36","guid":{"rendered":"https:\/\/dev.tg4.ie\/?page_id=242372"},"modified":"2025-03-20T17:41:36","modified_gmt":"2025-03-20T17:41:36","slug":"lucht-feachana-nios-mo-na-riamh-ag-seinnteoir-tg4-i-bhfeabhra-2025","status":"publish","type":"page","link":"https:\/\/dev.tg4.ie\/ga\/eolas\/preas\/nuacht-raitis\/2025-2\/lucht-feachana-nios-mo-na-riamh-ag-seinnteoir-tg4-i-bhfeabhra-2025\/","title":{"rendered":"Lucht F\u00e9achana n\u00edos m\u00f3 n\u00e1 riamh ag Seinnteoir TG4 i bhFeabhra 2025"},"content":{"rendered":"<table>\n<tbody>\n<tr>\n<td><img loading=\"lazy\" decoding=\"async\" width=\"1920\" height=\"1080\" src=\"https:\/\/tg4-docs.s3.amazonaws.com\/wp-content\/uploads\/2025\/03\/20173027\/Corn_Mhic_Giobuin_2025_1-1920x1080-1.jpg\" alt=\"\" class=\"aligncenter size-full wp-image-242382\" srcset=\"https:\/\/tg4-docs.s3.amazonaws.com\/wp-content\/uploads\/2025\/03\/20173027\/Corn_Mhic_Giobuin_2025_1-1920x1080-1.jpg 1920w, https:\/\/tg4-docs.s3.amazonaws.com\/wp-content\/uploads\/2025\/03\/20173027\/Corn_Mhic_Giobuin_2025_1-1920x1080-1-250x141.jpg 250w, https:\/\/tg4-docs.s3.amazonaws.com\/wp-content\/uploads\/2025\/03\/20173027\/Corn_Mhic_Giobuin_2025_1-1920x1080-1-700x394.jpg 700w, https:\/\/tg4-docs.s3.amazonaws.com\/wp-content\/uploads\/2025\/03\/20173027\/Corn_Mhic_Giobuin_2025_1-1920x1080-1-252x141.jpg 252w, https:\/\/tg4-docs.s3.amazonaws.com\/wp-content\/uploads\/2025\/03\/20173027\/Corn_Mhic_Giobuin_2025_1-1920x1080-1-1536x864.jpg 1536w, https:\/\/tg4-docs.s3.amazonaws.com\/wp-content\/uploads\/2025\/03\/20173027\/Corn_Mhic_Giobuin_2025_1-1920x1080-1-120x68.jpg 120w\" sizes=\"(max-width: 1920px) 100vw, 1920px\" \/><\/td>\n<td><img loading=\"lazy\" decoding=\"async\" width=\"1920\" height=\"1080\" src=\"https:\/\/tg4-docs.s3.amazonaws.com\/wp-content\/uploads\/2025\/03\/20173021\/Corn_Mhic_Shigiuir_2025_1-1920x1080-1.jpg\" alt=\"\" class=\"aligncenter size-full wp-image-242380\" srcset=\"https:\/\/tg4-docs.s3.amazonaws.com\/wp-content\/uploads\/2025\/03\/20173021\/Corn_Mhic_Shigiuir_2025_1-1920x1080-1.jpg 1920w, https:\/\/tg4-docs.s3.amazonaws.com\/wp-content\/uploads\/2025\/03\/20173021\/Corn_Mhic_Shigiuir_2025_1-1920x1080-1-250x141.jpg 250w, https:\/\/tg4-docs.s3.amazonaws.com\/wp-content\/uploads\/2025\/03\/20173021\/Corn_Mhic_Shigiuir_2025_1-1920x1080-1-700x394.jpg 700w, https:\/\/tg4-docs.s3.amazonaws.com\/wp-content\/uploads\/2025\/03\/20173021\/Corn_Mhic_Shigiuir_2025_1-1920x1080-1-252x141.jpg 252w, https:\/\/tg4-docs.s3.amazonaws.com\/wp-content\/uploads\/2025\/03\/20173021\/Corn_Mhic_Shigiuir_2025_1-1920x1080-1-1536x864.jpg 1536w, https:\/\/tg4-docs.s3.amazonaws.com\/wp-content\/uploads\/2025\/03\/20173021\/Corn_Mhic_Shigiuir_2025_1-1920x1080-1-120x68.jpg 120w\" sizes=\"(max-width: 1920px) 100vw, 1920px\" \/><\/td>\n<td><img loading=\"lazy\" decoding=\"async\" width=\"1920\" height=\"1080\" src=\"https:\/\/tg4-docs.s3.amazonaws.com\/wp-content\/uploads\/2025\/03\/20173023\/Peil_na_mBan_Ladies_Football_2025_1-1920x1080-1.jpg\" alt=\"\" class=\"aligncenter size-full wp-image-242381\" srcset=\"https:\/\/tg4-docs.s3.amazonaws.com\/wp-content\/uploads\/2025\/03\/20173023\/Peil_na_mBan_Ladies_Football_2025_1-1920x1080-1.jpg 1920w, https:\/\/tg4-docs.s3.amazonaws.com\/wp-content\/uploads\/2025\/03\/20173023\/Peil_na_mBan_Ladies_Football_2025_1-1920x1080-1-250x141.jpg 250w, https:\/\/tg4-docs.s3.amazonaws.com\/wp-content\/uploads\/2025\/03\/20173023\/Peil_na_mBan_Ladies_Football_2025_1-1920x1080-1-700x394.jpg 700w, https:\/\/tg4-docs.s3.amazonaws.com\/wp-content\/uploads\/2025\/03\/20173023\/Peil_na_mBan_Ladies_Football_2025_1-1920x1080-1-252x141.jpg 252w, https:\/\/tg4-docs.s3.amazonaws.com\/wp-content\/uploads\/2025\/03\/20173023\/Peil_na_mBan_Ladies_Football_2025_1-1920x1080-1-1536x864.jpg 1536w, https:\/\/tg4-docs.s3.amazonaws.com\/wp-content\/uploads\/2025\/03\/20173023\/Peil_na_mBan_Ladies_Football_2025_1-1920x1080-1-120x68.jpg 120w\" sizes=\"(max-width: 1920px) 100vw, 1920px\" \/><\/td>\n<\/tr>\n<tr>\n<td><img loading=\"lazy\" decoding=\"async\" width=\"1920\" height=\"1080\" src=\"https:\/\/tg4-docs.s3.amazonaws.com\/wp-content\/uploads\/2025\/03\/20173015\/Rugbai_Beo_Live_Rugby_2025_1-1920x1080-1.jpg\" alt=\"\" class=\"aligncenter size-full wp-image-242378\" srcset=\"https:\/\/tg4-docs.s3.amazonaws.com\/wp-content\/uploads\/2025\/03\/20173015\/Rugbai_Beo_Live_Rugby_2025_1-1920x1080-1.jpg 1920w, https:\/\/tg4-docs.s3.amazonaws.com\/wp-content\/uploads\/2025\/03\/20173015\/Rugbai_Beo_Live_Rugby_2025_1-1920x1080-1-250x141.jpg 250w, https:\/\/tg4-docs.s3.amazonaws.com\/wp-content\/uploads\/2025\/03\/20173015\/Rugbai_Beo_Live_Rugby_2025_1-1920x1080-1-700x394.jpg 700w, https:\/\/tg4-docs.s3.amazonaws.com\/wp-content\/uploads\/2025\/03\/20173015\/Rugbai_Beo_Live_Rugby_2025_1-1920x1080-1-252x141.jpg 252w, https:\/\/tg4-docs.s3.amazonaws.com\/wp-content\/uploads\/2025\/03\/20173015\/Rugbai_Beo_Live_Rugby_2025_1-1920x1080-1-1536x864.jpg 1536w, https:\/\/tg4-docs.s3.amazonaws.com\/wp-content\/uploads\/2025\/03\/20173015\/Rugbai_Beo_Live_Rugby_2025_1-1920x1080-1-120x68.jpg 120w\" sizes=\"(max-width: 1920px) 100vw, 1920px\" \/><\/td>\n<td><img loading=\"lazy\" decoding=\"async\" width=\"1920\" height=\"1080\" src=\"https:\/\/tg4-docs.s3.amazonaws.com\/wp-content\/uploads\/2025\/03\/20173010\/Hockey_Beo_Live_Hockey_2025_1-1920x1080-1.jpg\" alt=\"\" class=\"aligncenter size-full wp-image-242377\" srcset=\"https:\/\/tg4-docs.s3.amazonaws.com\/wp-content\/uploads\/2025\/03\/20173010\/Hockey_Beo_Live_Hockey_2025_1-1920x1080-1.jpg 1920w, https:\/\/tg4-docs.s3.amazonaws.com\/wp-content\/uploads\/2025\/03\/20173010\/Hockey_Beo_Live_Hockey_2025_1-1920x1080-1-250x141.jpg 250w, https:\/\/tg4-docs.s3.amazonaws.com\/wp-content\/uploads\/2025\/03\/20173010\/Hockey_Beo_Live_Hockey_2025_1-1920x1080-1-700x394.jpg 700w, https:\/\/tg4-docs.s3.amazonaws.com\/wp-content\/uploads\/2025\/03\/20173010\/Hockey_Beo_Live_Hockey_2025_1-1920x1080-1-252x141.jpg 252w, https:\/\/tg4-docs.s3.amazonaws.com\/wp-content\/uploads\/2025\/03\/20173010\/Hockey_Beo_Live_Hockey_2025_1-1920x1080-1-1536x864.jpg 1536w, https:\/\/tg4-docs.s3.amazonaws.com\/wp-content\/uploads\/2025\/03\/20173010\/Hockey_Beo_Live_Hockey_2025_1-1920x1080-1-120x68.jpg 120w\" sizes=\"(max-width: 1920px) 100vw, 1920px\" \/><\/td>\n<td><img loading=\"lazy\" decoding=\"async\" width=\"1920\" height=\"1080\" src=\"https:\/\/tg4-docs.s3.amazonaws.com\/wp-content\/uploads\/2025\/03\/20173018\/Cispheil_Bheo_Live_Basketball_2025_1-1920x1080-1.jpg\" alt=\"\" class=\"aligncenter size-full wp-image-242379\" srcset=\"https:\/\/tg4-docs.s3.amazonaws.com\/wp-content\/uploads\/2025\/03\/20173018\/Cispheil_Bheo_Live_Basketball_2025_1-1920x1080-1.jpg 1920w, https:\/\/tg4-docs.s3.amazonaws.com\/wp-content\/uploads\/2025\/03\/20173018\/Cispheil_Bheo_Live_Basketball_2025_1-1920x1080-1-250x141.jpg 250w, https:\/\/tg4-docs.s3.amazonaws.com\/wp-content\/uploads\/2025\/03\/20173018\/Cispheil_Bheo_Live_Basketball_2025_1-1920x1080-1-700x394.jpg 700w, https:\/\/tg4-docs.s3.amazonaws.com\/wp-content\/uploads\/2025\/03\/20173018\/Cispheil_Bheo_Live_Basketball_2025_1-1920x1080-1-252x141.jpg 252w, https:\/\/tg4-docs.s3.amazonaws.com\/wp-content\/uploads\/2025\/03\/20173018\/Cispheil_Bheo_Live_Basketball_2025_1-1920x1080-1-1536x864.jpg 1536w, https:\/\/tg4-docs.s3.amazonaws.com\/wp-content\/uploads\/2025\/03\/20173018\/Cispheil_Bheo_Live_Basketball_2025_1-1920x1080-1-120x68.jpg 120w\" sizes=\"(max-width: 1920px) 100vw, 1920px\" \/><\/td>\n<\/tr>\n<\/tbody>\n<\/table>\n<p>&nbsp;<br \/>\n<iframe loading=\"lazy\" title=\"YouTube video player\" src=\"https:\/\/www.youtube.com\/embed\/-0wgUnjyUlU?si=GXo-H3NZGBTv6pJQ\" width=\"560\" height=\"315\" frameborder=\"0\" allowfullscreen=\"allowfullscreen\"><\/iframe><br \/>\n&nbsp;<br \/>\nT\u00e1 TG4 ag d\u00e9anamh ceili\u00fartha ar an l\u00edon figi\u00fair\u00ed is m\u00f3 a cl\u00e1ra\u00edodh riamh ar Sheinnteoir TG4 (TG4.ie), m\u00ed eisceacht\u00fail d\u2019fh\u00e1s lucht f\u00e9achana i sruth\u00fa beo agus ar \u00e9ileamh.<\/p>\n<p>T\u00e1 borradh nach bhfacthas riamh cheana tagtha ar an \u00e9ileamh at\u00e1 ar chl\u00fadach sp\u00f3irt agus cl\u00e1ir shiamsa\u00edochta TG4 ar l\u00edne.<\/p>\n<p>Ba \u00e9 an cl\u00e1r ba mh\u00f3 a tharraing uimhreacha m\u00f3ra n\u00e1 an cluiche m\u00f3r idir <strong>Corcaigh &amp; Luimneach<\/strong> sa <strong>tSraith Iom\u00e1na Allianz ar an 1\/2\/25<\/strong>. Taifeadadh an l\u00edon is m\u00f3 radharc riamh, <strong>172.1K sruth\u00fa beo<\/strong>, agus is \u00e9 an t-imeacht is m\u00f3 ar f\u00e9achadh air f\u00f3s ar Sheinnteoir TG4.<\/p>\n<p>Chomh maith leis sin, i m\u00ed Feabhra 2025 chonacthas <strong>m\u00e9ad\u00fa 53% \u00f3 mh\u00ed Feabhra 2024<\/strong> ar fhigi\u00fair\u00ed sruthaithe, \u00e9acht dochreidte maidir le <strong>sruth\u00fa beo agus f\u00edse\u00e1n ar \u00e9ileamh (VOD)<\/strong>.<br \/>\n&nbsp;<br \/>\n<strong>Sp\u00f3rt ag cur Borradh faoin Ard\u00fa at\u00e1 ar Shruth\u00fa Beo<\/strong><br \/>\nBh\u00ed r\u00f3l r\u00edth\u00e1bhachtach ag Sraitheanna N\u00e1isi\u00fanta Allianz i bhfigi\u00fair\u00ed lucht f\u00e9achana beo ar Sheinnteoir TG4 a mh\u00e9ad\u00fa.<\/p>\n<p>Taobh amuigh den iom\u00e1na\u00edocht and peil, chuir TG4 cl\u00fadach sp\u00f3irt \u00e9ags\u00fail ar f\u00e1il ar feadh mh\u00ed Feabhra, ina measc bh\u00ed:<\/p>\n<ul>\n<li>Peil na mBan<\/li>\n<li>Rugba\u00ed Beo<\/li>\n<li>Cispheil Bheo<\/li>\n<li>Hockey Beo<\/li>\n<li>Corn Mhic Shigi\u00fair &amp; Corn Mhic Giob\u00fain<\/li>\n<li>Liathr\u00f3id L\u00e1imhe<\/li>\n<\/ul>\n<p>&nbsp;<br \/>\nD\u00fairt <strong>R\u00f3n\u00e1n \u00d3 Coistealbha, Ceannasa\u00ed Sp\u00f3irt TG4<\/strong>: <em>&#8220;L\u00e9ir\u00edonn na figi\u00fair\u00ed m\u00f3ra millteacha seo an paisean iontach at\u00e1 i measc lucht f\u00e9achana TG4 don sp\u00f3rt. T\u00e1 \u00e1r ngealltanas do chraolt\u00f3ireacht ar r\u00e9imse leathan sp\u00f3irt, \u00f3 Shraitheanna N\u00e1isi\u00fanta Allianz go Peil na mBan agus Liathr\u00f3id L\u00e1imhe, f\u00f3s ag tabhairt an lucht lean\u00fana agus na cluich\u00ed is fearr leo le ch\u00e9ile i nGaeilge. L\u00e9ir\u00edonn an f\u00e1s at\u00e1 tagtha ar shruth\u00fa beo caighde\u00e1n \u00e1r gcl\u00fadaigh agus an m\u00e9ad\u00fa lean\u00fanach at\u00e1 ar an \u00e9ileamh at\u00e1 ann do sp\u00f3rt beo ar Sheinnteoir TG4.&#8221;<\/em><br \/>\n&nbsp;<br \/>\n<strong>Uimhreacha M\u00f3ra meallta ag F\u00edse\u00e1in ar \u00c9ileamh<\/strong><br \/>\nC\u00e9 go raibh an l\u00e1mh in uachtar ag figi\u00fair\u00ed sruthaithe, th\u00e1inig m\u00e9ad\u00fa suntasach freisin ar lucht f\u00e9achana VOD, agus bh\u00ed an rath geal ar sh\u00e9as\u00far nua Laochra Gael, sraith a tharraing lucht sp\u00e9ise m\u00f3r. <a href=\"https:\/\/nasc.tg4.tv\/LaochraGael-23\" target=\"_blank\" rel=\"noopener\">F\u00e9ach ar Laochra Gael anseo<\/a><br \/>\n&nbsp;<br \/>\n<strong>Rath na Me\u00e1n S\u00f3isialta &amp; Aitheantas Tionscail<\/strong><br \/>\nBa \u00ed m\u00ed Feabhra an mh\u00ed ba shuntasa\u00ed do TG4 ar na me\u00e1in sh\u00f3isialta, le rannph\u00e1irt\u00edocht l\u00e1idir \u00e1 f\u00e1il acu ar gach ard\u00e1n.<\/p>\n<p>Bh\u00ed foireann TG4 i gcomhluadar na ndaoine bre\u00e1tha a d\u2019fhreastail ar <strong>na IFTAs agus na BAFTAs<\/strong>, ag neart\u00fa an tionchair at\u00e1 ag dul i m\u00e9id at\u00e1 acu ar chraolt\u00f3ireacht na Gaeilge agus ar na me\u00e1in idirn\u00e1isi\u00fanta.<\/p>\n<p>T\u00e1 TG4 f\u00f3s ag cruth\u00fa agus ag cur lena l\u00e1ithreacht dhigiteach, ag cinnti\u00fa go bhfuil f\u00e1il ag lucht f\u00e9achana ar fud an domhain ar \u00e1bhar Gaeilge den scoth.<br \/>\n&nbsp;<br \/>\n&nbsp;<\/p>\n","protected":false},"excerpt":{"rendered":"<p>&nbsp; &nbsp; T\u00e1 TG4 ag d\u00e9anamh ceili\u00fartha ar an l\u00edon figi\u00fair\u00ed is m\u00f3 a cl\u00e1ra\u00edodh riamh ar Sheinnteoir TG4 (TG4.ie), m\u00ed eisceacht\u00fail d\u2019fh\u00e1s lucht f\u00e9achana i sruth\u00fa beo agus ar \u00e9ileamh. T\u00e1 borradh nach bhfacthas riamh cheana tagtha ar an \u00e9ileamh at\u00e1 ar chl\u00fadach sp\u00f3irt agus cl\u00e1ir shiamsa\u00edochta TG4 ar l\u00edne. Ba \u00e9 an cl\u00e1r [&hellip;]<\/p>\n","protected":false},"author":876,"featured_media":0,"parent":236807,"menu_order":11,"comment_status":"closed","ping_status":"closed","template":"page-templates\/template-pr.php","meta":{"_acf_changed":false,"footnotes":""},"acf":[],"yoast_head":"<!-- This site is optimized with the Yoast SEO plugin v22.6 - https:\/\/yoast.com\/wordpress\/plugins\/seo\/ -->\n<title>Lucht F\u00e9achana n\u00edos m\u00f3 n\u00e1 riamh ag Seinnteoir TG4 i bhFeabhra 2025 | Preasr\u00e1iteas | TG4<\/title>\n<meta name=\"robots\" content=\"index, follow, max-snippet:-1, max-image-preview:large, max-video-preview:-1\" \/>\n<meta property=\"og:locale\" content=\"en_US\" \/>\n<meta property=\"og:type\" content=\"article\" \/>\n<meta property=\"og:title\" content=\"Lucht F\u00e9achana n\u00edos m\u00f3 n\u00e1 riamh ag Seinnteoir TG4 i bhFeabhra 2025 | Preasr\u00e1iteas | TG4\" \/>\n<meta property=\"og:description\" content=\"&nbsp; &nbsp; T\u00e1 TG4 ag d\u00e9anamh ceili\u00fartha ar an l\u00edon figi\u00fair\u00ed is m\u00f3 a cl\u00e1ra\u00edodh riamh ar Sheinnteoir TG4 (TG4.ie), m\u00ed eisceacht\u00fail d\u2019fh\u00e1s lucht f\u00e9achana i sruth\u00fa beo agus ar \u00e9ileamh. T\u00e1 borradh nach bhfacthas riamh cheana tagtha ar an \u00e9ileamh at\u00e1 ar chl\u00fadach sp\u00f3irt agus cl\u00e1ir shiamsa\u00edochta TG4 ar l\u00edne. Ba \u00e9 an cl\u00e1r [&hellip;]\" \/>\n<meta property=\"og:url\" content=\"https:\/\/dev.tg4.ie\/ga\/eolas\/preas\/nuacht-raitis\/2025-2\/lucht-feachana-nios-mo-na-riamh-ag-seinnteoir-tg4-i-bhfeabhra-2025\/\" \/>\n<meta property=\"og:site_name\" content=\"TG4\" \/>\n<meta property=\"article:publisher\" content=\"https:\/\/www.facebook.com\/TG4TV\" \/>\n<meta property=\"og:image\" content=\"https:\/\/tg4-docs.s3.amazonaws.com\/wp-content\/uploads\/2025\/03\/20173023\/Peil_na_mBan_Ladies_Football_2025_1-1920x1080-1.jpg\" \/>\n\t<meta property=\"og:image:width\" content=\"1920\" \/>\n\t<meta property=\"og:image:height\" content=\"1080\" \/>\n\t<meta property=\"og:image:type\" content=\"image\/jpeg\" \/>\n<meta name=\"twitter:card\" content=\"summary_large_image\" \/>\n<meta name=\"twitter:image\" content=\"https:\/\/tg4-docs.s3.amazonaws.com\/wp-content\/uploads\/2025\/03\/20173023\/Peil_na_mBan_Ladies_Football_2025_1-1920x1080-1.jpg\" \/>\n<meta name=\"twitter:site\" content=\"@TG4TV\" \/>\n<meta name=\"twitter:label1\" content=\"Est. reading time\" \/>\n\t<meta name=\"twitter:data1\" content=\"4 minutes\" \/>\n<script type=\"application\/ld+json\" class=\"yoast-schema-graph\">{\"@context\":\"https:\/\/schema.org\",\"@graph\":[{\"@type\":\"WebPage\",\"@id\":\"https:\/\/dev.tg4.ie\/ga\/eolas\/preas\/nuacht-raitis\/2025-2\/lucht-feachana-nios-mo-na-riamh-ag-seinnteoir-tg4-i-bhfeabhra-2025\/\",\"url\":\"https:\/\/dev.tg4.ie\/ga\/eolas\/preas\/nuacht-raitis\/2025-2\/lucht-feachana-nios-mo-na-riamh-ag-seinnteoir-tg4-i-bhfeabhra-2025\/\",\"name\":\"Lucht F\u00e9achana n\u00edos m\u00f3 n\u00e1 riamh ag Seinnteoir TG4 i bhFeabhra 2025 | Preasr\u00e1iteas | TG4\",\"isPartOf\":{\"@id\":\"https:\/\/dev.tg4.ie\/en\/#website\"},\"primaryImageOfPage\":{\"@id\":\"https:\/\/dev.tg4.ie\/ga\/eolas\/preas\/nuacht-raitis\/2025-2\/lucht-feachana-nios-mo-na-riamh-ag-seinnteoir-tg4-i-bhfeabhra-2025\/#primaryimage\"},\"image\":{\"@id\":\"https:\/\/dev.tg4.ie\/ga\/eolas\/preas\/nuacht-raitis\/2025-2\/lucht-feachana-nios-mo-na-riamh-ag-seinnteoir-tg4-i-bhfeabhra-2025\/#primaryimage\"},\"thumbnailUrl\":\"https:\/\/dev.tg4.ie\/wp-content\/uploads\/2025\/03\/Corn_Mhic_Giobuin_2025_1-1920x1080-1.jpg\",\"datePublished\":\"2025-03-20T17:41:36+00:00\",\"dateModified\":\"2025-03-20T17:41:36+00:00\",\"breadcrumb\":{\"@id\":\"https:\/\/dev.tg4.ie\/ga\/eolas\/preas\/nuacht-raitis\/2025-2\/lucht-feachana-nios-mo-na-riamh-ag-seinnteoir-tg4-i-bhfeabhra-2025\/#breadcrumb\"},\"inLanguage\":\"ga\",\"potentialAction\":[{\"@type\":\"ReadAction\",\"target\":[\"https:\/\/dev.tg4.ie\/ga\/eolas\/preas\/nuacht-raitis\/2025-2\/lucht-feachana-nios-mo-na-riamh-ag-seinnteoir-tg4-i-bhfeabhra-2025\/\"]}]},{\"@type\":\"ImageObject\",\"inLanguage\":\"ga\",\"@id\":\"https:\/\/dev.tg4.ie\/ga\/eolas\/preas\/nuacht-raitis\/2025-2\/lucht-feachana-nios-mo-na-riamh-ag-seinnteoir-tg4-i-bhfeabhra-2025\/#primaryimage\",\"url\":\"https:\/\/dev.tg4.ie\/wp-content\/uploads\/2025\/03\/Corn_Mhic_Giobuin_2025_1-1920x1080-1.jpg\",\"contentUrl\":\"https:\/\/dev.tg4.ie\/wp-content\/uploads\/2025\/03\/Corn_Mhic_Giobuin_2025_1-1920x1080-1.jpg\"},{\"@type\":\"BreadcrumbList\",\"@id\":\"https:\/\/dev.tg4.ie\/ga\/eolas\/preas\/nuacht-raitis\/2025-2\/lucht-feachana-nios-mo-na-riamh-ag-seinnteoir-tg4-i-bhfeabhra-2025\/#breadcrumb\",\"itemListElement\":[{\"@type\":\"ListItem\",\"position\":1,\"name\":\"Home\",\"item\":\"https:\/\/dev.tg4.ie\/ga\/\"},{\"@type\":\"ListItem\",\"position\":2,\"name\":\"Eolas\",\"item\":\"https:\/\/dev.tg4.ie\/ga\/eolas\/\"},{\"@type\":\"ListItem\",\"position\":3,\"name\":\"Preas\",\"item\":\"https:\/\/dev.tg4.ie\/ga\/eolas\/preas\/\"},{\"@type\":\"ListItem\",\"position\":4,\"name\":\"Nuacht R\u00e1itis\",\"item\":\"https:\/\/dev.tg4.ie\/ga\/eolas\/preas\/nuacht-raitis\/\"},{\"@type\":\"ListItem\",\"position\":5,\"name\":\"2025\",\"item\":\"https:\/\/dev.tg4.ie\/ga\/eolas\/preas\/nuacht-raitis\/2025-2\/\"},{\"@type\":\"ListItem\",\"position\":6,\"name\":\"Lucht F\u00e9achana n\u00edos m\u00f3 n\u00e1 riamh ag Seinnteoir TG4 i bhFeabhra 2025\"}]},{\"@type\":\"WebSite\",\"@id\":\"https:\/\/dev.tg4.ie\/en\/#website\",\"url\":\"https:\/\/dev.tg4.ie\/en\/\",\"name\":\"TG4\",\"description\":\"S\u00fail Eile\",\"potentialAction\":[{\"@type\":\"SearchAction\",\"target\":{\"@type\":\"EntryPoint\",\"urlTemplate\":\"https:\/\/dev.tg4.ie\/en\/?s={search_term_string}\"},\"query-input\":\"required name=search_term_string\"}],\"inLanguage\":\"ga\"}]}<\/script>\n<!-- \/ Yoast SEO plugin. -->","yoast_head_json":{"title":"Lucht F\u00e9achana n\u00edos m\u00f3 n\u00e1 riamh ag Seinnteoir TG4 i bhFeabhra 2025 | Preasr\u00e1iteas | TG4","robots":{"index":"index","follow":"follow","max-snippet":"max-snippet:-1","max-image-preview":"max-image-preview:large","max-video-preview":"max-video-preview:-1"},"og_locale":"en_US","og_type":"article","og_title":"Lucht F\u00e9achana n\u00edos m\u00f3 n\u00e1 riamh ag Seinnteoir TG4 i bhFeabhra 2025 | Preasr\u00e1iteas | TG4","og_description":"&nbsp; &nbsp; T\u00e1 TG4 ag d\u00e9anamh ceili\u00fartha ar an l\u00edon figi\u00fair\u00ed is m\u00f3 a cl\u00e1ra\u00edodh riamh ar Sheinnteoir TG4 (TG4.ie), m\u00ed eisceacht\u00fail d\u2019fh\u00e1s lucht f\u00e9achana i sruth\u00fa beo agus ar \u00e9ileamh. T\u00e1 borradh nach bhfacthas riamh cheana tagtha ar an \u00e9ileamh at\u00e1 ar chl\u00fadach sp\u00f3irt agus cl\u00e1ir shiamsa\u00edochta TG4 ar l\u00edne. Ba \u00e9 an cl\u00e1r [&hellip;]","og_url":"https:\/\/dev.tg4.ie\/ga\/eolas\/preas\/nuacht-raitis\/2025-2\/lucht-feachana-nios-mo-na-riamh-ag-seinnteoir-tg4-i-bhfeabhra-2025\/","og_site_name":"TG4","article_publisher":"https:\/\/www.facebook.com\/TG4TV","og_image":[{"width":1920,"height":1080,"url":"https:\/\/tg4-docs.s3.amazonaws.com\/wp-content\/uploads\/2025\/03\/20173023\/Peil_na_mBan_Ladies_Football_2025_1-1920x1080-1.jpg","type":"image\/jpeg"}],"twitter_card":"summary_large_image","twitter_image":"https:\/\/tg4-docs.s3.amazonaws.com\/wp-content\/uploads\/2025\/03\/20173023\/Peil_na_mBan_Ladies_Football_2025_1-1920x1080-1.jpg","twitter_site":"@TG4TV","twitter_misc":{"Est. reading time":"4 minutes"},"schema":{"@context":"https:\/\/schema.org","@graph":[{"@type":"WebPage","@id":"https:\/\/dev.tg4.ie\/ga\/eolas\/preas\/nuacht-raitis\/2025-2\/lucht-feachana-nios-mo-na-riamh-ag-seinnteoir-tg4-i-bhfeabhra-2025\/","url":"https:\/\/dev.tg4.ie\/ga\/eolas\/preas\/nuacht-raitis\/2025-2\/lucht-feachana-nios-mo-na-riamh-ag-seinnteoir-tg4-i-bhfeabhra-2025\/","name":"Lucht F\u00e9achana n\u00edos m\u00f3 n\u00e1 riamh ag Seinnteoir TG4 i bhFeabhra 2025 | Preasr\u00e1iteas | TG4","isPartOf":{"@id":"https:\/\/dev.tg4.ie\/en\/#website"},"primaryImageOfPage":{"@id":"https:\/\/dev.tg4.ie\/ga\/eolas\/preas\/nuacht-raitis\/2025-2\/lucht-feachana-nios-mo-na-riamh-ag-seinnteoir-tg4-i-bhfeabhra-2025\/#primaryimage"},"image":{"@id":"https:\/\/dev.tg4.ie\/ga\/eolas\/preas\/nuacht-raitis\/2025-2\/lucht-feachana-nios-mo-na-riamh-ag-seinnteoir-tg4-i-bhfeabhra-2025\/#primaryimage"},"thumbnailUrl":"https:\/\/dev.tg4.ie\/wp-content\/uploads\/2025\/03\/Corn_Mhic_Giobuin_2025_1-1920x1080-1.jpg","datePublished":"2025-03-20T17:41:36+00:00","dateModified":"2025-03-20T17:41:36+00:00","breadcrumb":{"@id":"https:\/\/dev.tg4.ie\/ga\/eolas\/preas\/nuacht-raitis\/2025-2\/lucht-feachana-nios-mo-na-riamh-ag-seinnteoir-tg4-i-bhfeabhra-2025\/#breadcrumb"},"inLanguage":"ga","potentialAction":[{"@type":"ReadAction","target":["https:\/\/dev.tg4.ie\/ga\/eolas\/preas\/nuacht-raitis\/2025-2\/lucht-feachana-nios-mo-na-riamh-ag-seinnteoir-tg4-i-bhfeabhra-2025\/"]}]},{"@type":"ImageObject","inLanguage":"ga","@id":"https:\/\/dev.tg4.ie\/ga\/eolas\/preas\/nuacht-raitis\/2025-2\/lucht-feachana-nios-mo-na-riamh-ag-seinnteoir-tg4-i-bhfeabhra-2025\/#primaryimage","url":"https:\/\/dev.tg4.ie\/wp-content\/uploads\/2025\/03\/Corn_Mhic_Giobuin_2025_1-1920x1080-1.jpg","contentUrl":"https:\/\/dev.tg4.ie\/wp-content\/uploads\/2025\/03\/Corn_Mhic_Giobuin_2025_1-1920x1080-1.jpg"},{"@type":"BreadcrumbList","@id":"https:\/\/dev.tg4.ie\/ga\/eolas\/preas\/nuacht-raitis\/2025-2\/lucht-feachana-nios-mo-na-riamh-ag-seinnteoir-tg4-i-bhfeabhra-2025\/#breadcrumb","itemListElement":[{"@type":"ListItem","position":1,"name":"Home","item":"https:\/\/dev.tg4.ie\/ga\/"},{"@type":"ListItem","position":2,"name":"Eolas","item":"https:\/\/dev.tg4.ie\/ga\/eolas\/"},{"@type":"ListItem","position":3,"name":"Preas","item":"https:\/\/dev.tg4.ie\/ga\/eolas\/preas\/"},{"@type":"ListItem","position":4,"name":"Nuacht R\u00e1itis","item":"https:\/\/dev.tg4.ie\/ga\/eolas\/preas\/nuacht-raitis\/"},{"@type":"ListItem","position":5,"name":"2025","item":"https:\/\/dev.tg4.ie\/ga\/eolas\/preas\/nuacht-raitis\/2025-2\/"},{"@type":"ListItem","position":6,"name":"Lucht F\u00e9achana n\u00edos m\u00f3 n\u00e1 riamh ag Seinnteoir TG4 i bhFeabhra 2025"}]},{"@type":"WebSite","@id":"https:\/\/dev.tg4.ie\/en\/#website","url":"https:\/\/dev.tg4.ie\/en\/","name":"TG4","description":"S\u00fail Eile","potentialAction":[{"@type":"SearchAction","target":{"@type":"EntryPoint","urlTemplate":"https:\/\/dev.tg4.ie\/en\/?s={search_term_string}"},"query-input":"required name=search_term_string"}],"inLanguage":"ga"}]}},"_links":{"self":[{"href":"https:\/\/dev.tg4.ie\/ga\/wp-json\/wp\/v2\/pages\/242372"}],"collection":[{"href":"https:\/\/dev.tg4.ie\/ga\/wp-json\/wp\/v2\/pages"}],"about":[{"href":"https:\/\/dev.tg4.ie\/ga\/wp-json\/wp\/v2\/types\/page"}],"author":[{"embeddable":true,"href":"https:\/\/dev.tg4.ie\/ga\/wp-json\/wp\/v2\/users\/876"}],"replies":[{"embeddable":true,"href":"https:\/\/dev.tg4.ie\/ga\/wp-json\/wp\/v2\/comments?post=242372"}],"version-history":[{"count":0,"href":"https:\/\/dev.tg4.ie\/ga\/wp-json\/wp\/v2\/pages\/242372\/revisions"}],"up":[{"embeddable":true,"href":"https:\/\/dev.tg4.ie\/ga\/wp-json\/wp\/v2\/pages\/236807"}],"wp:attachment":[{"href":"https:\/\/dev.tg4.ie\/ga\/wp-json\/wp\/v2\/media?parent=242372"}],"curies":[{"name":"wp","href":"https:\/\/api.w.org\/{rel}","templated":true}]}}