{"id":242853,"date":"2025-03-25T16:13:05","date_gmt":"2025-03-25T16:13:05","guid":{"rendered":"https:\/\/dev.tg4.ie\/?page_id=242853"},"modified":"2025-03-25T16:13:05","modified_gmt":"2025-03-25T16:13:05","slug":"spreag-tacaiocht-do-ghearrscannain-bheochana-ghaeilge","status":"publish","type":"page","link":"https:\/\/dev.tg4.ie\/ga\/eolas\/preas\/nuacht-raitis\/2025-2\/spreag-tacaiocht-do-ghearrscannain-bheochana-ghaeilge\/","title":{"rendered":"SPREAG &#8211; Taca\u00edocht do Ghearrscann\u00e1in Bheochana Ghaeilge"},"content":{"rendered":"<p><img loading=\"lazy\" decoding=\"async\" width=\"1920\" height=\"1080\" src=\"https:\/\/tg4-docs.s3.amazonaws.com\/wp-content\/uploads\/2025\/03\/19130239\/Spreag_1-1920x1080-1.jpg\" alt=\"\" class=\"aligncenter size-full wp-image-242308\" srcset=\"https:\/\/tg4-docs.s3.amazonaws.com\/wp-content\/uploads\/2025\/03\/19130239\/Spreag_1-1920x1080-1.jpg 1920w, https:\/\/tg4-docs.s3.amazonaws.com\/wp-content\/uploads\/2025\/03\/19130239\/Spreag_1-1920x1080-1-250x141.jpg 250w, https:\/\/tg4-docs.s3.amazonaws.com\/wp-content\/uploads\/2025\/03\/19130239\/Spreag_1-1920x1080-1-700x394.jpg 700w, https:\/\/tg4-docs.s3.amazonaws.com\/wp-content\/uploads\/2025\/03\/19130239\/Spreag_1-1920x1080-1-252x141.jpg 252w, https:\/\/tg4-docs.s3.amazonaws.com\/wp-content\/uploads\/2025\/03\/19130239\/Spreag_1-1920x1080-1-1536x864.jpg 1536w, https:\/\/tg4-docs.s3.amazonaws.com\/wp-content\/uploads\/2025\/03\/19130239\/Spreag_1-1920x1080-1-120x68.jpg 120w\" sizes=\"(max-width: 1920px) 100vw, 1920px\" \/><\/p>\n<table>\n<tbody>\n<tr>\n<td><img loading=\"lazy\" decoding=\"async\" width=\"1920\" height=\"1080\" src=\"https:\/\/tg4-docs.s3.amazonaws.com\/wp-content\/uploads\/2025\/03\/25160508\/Spreag25_Daingean_1-1920x1080-1.jpg\" alt=\"\" class=\"aligncenter size-full wp-image-242859\" srcset=\"https:\/\/tg4-docs.s3.amazonaws.com\/wp-content\/uploads\/2025\/03\/25160508\/Spreag25_Daingean_1-1920x1080-1.jpg 1920w, https:\/\/tg4-docs.s3.amazonaws.com\/wp-content\/uploads\/2025\/03\/25160508\/Spreag25_Daingean_1-1920x1080-1-250x141.jpg 250w, https:\/\/tg4-docs.s3.amazonaws.com\/wp-content\/uploads\/2025\/03\/25160508\/Spreag25_Daingean_1-1920x1080-1-700x394.jpg 700w, https:\/\/tg4-docs.s3.amazonaws.com\/wp-content\/uploads\/2025\/03\/25160508\/Spreag25_Daingean_1-1920x1080-1-252x141.jpg 252w, https:\/\/tg4-docs.s3.amazonaws.com\/wp-content\/uploads\/2025\/03\/25160508\/Spreag25_Daingean_1-1920x1080-1-1536x864.jpg 1536w, https:\/\/tg4-docs.s3.amazonaws.com\/wp-content\/uploads\/2025\/03\/25160508\/Spreag25_Daingean_1-1920x1080-1-120x68.jpg 120w\" sizes=\"(max-width: 1920px) 100vw, 1920px\" \/><\/td>\n<td><img loading=\"lazy\" decoding=\"async\" width=\"1920\" height=\"1080\" src=\"https:\/\/tg4-docs.s3.amazonaws.com\/wp-content\/uploads\/2025\/03\/25160505\/Spreag25_Daingean_2-1920x1080-1.jpg\" alt=\"\" class=\"aligncenter size-full wp-image-242858\" srcset=\"https:\/\/tg4-docs.s3.amazonaws.com\/wp-content\/uploads\/2025\/03\/25160505\/Spreag25_Daingean_2-1920x1080-1.jpg 1920w, https:\/\/tg4-docs.s3.amazonaws.com\/wp-content\/uploads\/2025\/03\/25160505\/Spreag25_Daingean_2-1920x1080-1-250x141.jpg 250w, https:\/\/tg4-docs.s3.amazonaws.com\/wp-content\/uploads\/2025\/03\/25160505\/Spreag25_Daingean_2-1920x1080-1-700x394.jpg 700w, https:\/\/tg4-docs.s3.amazonaws.com\/wp-content\/uploads\/2025\/03\/25160505\/Spreag25_Daingean_2-1920x1080-1-252x141.jpg 252w, https:\/\/tg4-docs.s3.amazonaws.com\/wp-content\/uploads\/2025\/03\/25160505\/Spreag25_Daingean_2-1920x1080-1-1536x864.jpg 1536w, https:\/\/tg4-docs.s3.amazonaws.com\/wp-content\/uploads\/2025\/03\/25160505\/Spreag25_Daingean_2-1920x1080-1-120x68.jpg 120w\" sizes=\"(max-width: 1920px) 100vw, 1920px\" \/><\/td>\n<td><img loading=\"lazy\" decoding=\"async\" width=\"1920\" height=\"1080\" src=\"https:\/\/tg4-docs.s3.amazonaws.com\/wp-content\/uploads\/2025\/03\/25160511\/Spreag25_Daingean_3-1920x1080-1.jpg\" alt=\"\" class=\"aligncenter size-full wp-image-242860\" srcset=\"https:\/\/tg4-docs.s3.amazonaws.com\/wp-content\/uploads\/2025\/03\/25160511\/Spreag25_Daingean_3-1920x1080-1.jpg 1920w, https:\/\/tg4-docs.s3.amazonaws.com\/wp-content\/uploads\/2025\/03\/25160511\/Spreag25_Daingean_3-1920x1080-1-250x141.jpg 250w, https:\/\/tg4-docs.s3.amazonaws.com\/wp-content\/uploads\/2025\/03\/25160511\/Spreag25_Daingean_3-1920x1080-1-700x394.jpg 700w, https:\/\/tg4-docs.s3.amazonaws.com\/wp-content\/uploads\/2025\/03\/25160511\/Spreag25_Daingean_3-1920x1080-1-252x141.jpg 252w, https:\/\/tg4-docs.s3.amazonaws.com\/wp-content\/uploads\/2025\/03\/25160511\/Spreag25_Daingean_3-1920x1080-1-1536x864.jpg 1536w, https:\/\/tg4-docs.s3.amazonaws.com\/wp-content\/uploads\/2025\/03\/25160511\/Spreag25_Daingean_3-1920x1080-1-120x68.jpg 120w\" sizes=\"(max-width: 1920px) 100vw, 1920px\" \/><\/td>\n<td><img loading=\"lazy\" decoding=\"async\" width=\"1920\" height=\"1080\" src=\"https:\/\/tg4-docs.s3.amazonaws.com\/wp-content\/uploads\/2025\/03\/25160503\/Spreag25_Daingean_4-1920x1080-1.jpg\" alt=\"\" class=\"aligncenter size-full wp-image-242857\" srcset=\"https:\/\/tg4-docs.s3.amazonaws.com\/wp-content\/uploads\/2025\/03\/25160503\/Spreag25_Daingean_4-1920x1080-1.jpg 1920w, https:\/\/tg4-docs.s3.amazonaws.com\/wp-content\/uploads\/2025\/03\/25160503\/Spreag25_Daingean_4-1920x1080-1-250x141.jpg 250w, https:\/\/tg4-docs.s3.amazonaws.com\/wp-content\/uploads\/2025\/03\/25160503\/Spreag25_Daingean_4-1920x1080-1-700x394.jpg 700w, https:\/\/tg4-docs.s3.amazonaws.com\/wp-content\/uploads\/2025\/03\/25160503\/Spreag25_Daingean_4-1920x1080-1-252x141.jpg 252w, https:\/\/tg4-docs.s3.amazonaws.com\/wp-content\/uploads\/2025\/03\/25160503\/Spreag25_Daingean_4-1920x1080-1-1536x864.jpg 1536w, https:\/\/tg4-docs.s3.amazonaws.com\/wp-content\/uploads\/2025\/03\/25160503\/Spreag25_Daingean_4-1920x1080-1-120x68.jpg 120w\" sizes=\"(max-width: 1920px) 100vw, 1920px\" \/><\/td>\n<\/tr>\n<\/tbody>\n<\/table>\n<p>&nbsp;<br \/>\nSeoladh sc\u00e9im maoinithe nua chun tac\u00fa le forbairt gearrscann\u00e1n beochana Gaeilge ag Animation Dingle D\u00e9 hAoine. \u20ac240,000 an ciste ioml\u00e1n at\u00e1 ar f\u00e1il faoin sc\u00e9im.  <\/p>\n<p>Ba \u00e9 Paul Young \u00f3 Cartoon Saloon a sheol an tionscnamh, ar comhph\u00e1irt\u00edocht \u00e9 idir TG4, F\u00eds \u00c9ireann, Ciste Craolt\u00f3ireachta Gaeilge Sc\u00e1ile\u00e1n Thuaisceart \u00c9ireann agus The Animation Ireland Talent Academy.  <\/p>\n<p>Is f\u00e9idir le scr\u00edbhneoir\u00ed agus sti\u00farth\u00f3ir\u00ed a bhfuil Gaeilge acu cur isteach ar an gciste agus \u00e9 mar acu aidhm acu togra\u00ed beochana Gaeilge ar ardchaighde\u00e1n a fhorbairt. Is f\u00e9idir togra\u00ed a fhorbairt at\u00e1 d\u00edrithe ar lucht f\u00e9achana leana\u00ed (C\u00fala4) n\u00f3 ar dhaoine f\u00e1sta \u00f3ga (BLOC).<br \/>\n&nbsp;<\/p>\n<p>T\u00e1 muid ag s\u00fail go spreagfaidh an ciste maoinithe seo togra\u00ed beochana Gaeilge ar ardchaighde\u00e1n a bheadh ar f\u00e1il le d\u00e1ileadh ag fleadha agus f\u00e9ilte scann\u00e1n mar aon le bheith ar f\u00e1il le craoladh ar TG4 n\u00f3 ar C\u00fala4. Cuirfear deis ar f\u00e1il faoin sc\u00e9im seo chun daoine cumasacha nua a bhfuil Gaeilge acu a fhorbairt sa tionscal.  <\/p>\n<p>D\u00fairt <strong>Siobh\u00e1n N\u00ed Bhr\u00e1daigh, Eagarth\u00f3ir Coimisi\u00fanaithe TG4 \/ C\u00fala4<\/strong>: <em>&#8220;T\u00e1 r\u00edm\u00e9ad ar TG4 a bheith ag obair i gcomhar le F\u00eds \u00c9ireann, Sc\u00e1ile\u00e1n Thuaisceart \u00c9ireann agus le The Animation Ireland Talent Academy ar an tionscnamh nua seo a chuirfidh taca\u00edocht ar f\u00e1il do scr\u00edbhneoir\u00ed agus sti\u00farth\u00f3ir\u00ed a bhfuil Gaeilge acu.\u201d<\/em> <\/p>\n<p>D\u00fairt <strong>\u00c1ine Walsh, Ceann an Chiste Craolt\u00f3ireachta Gaeilge i Sc\u00e1ile\u00e1n Thuaisceart \u00c9ireann<\/strong>: <em>\u201cT\u00e1 r\u00edm\u00e9ad orainn an sc\u00e9im seo a sheoladh mar chuid de Animation Dingle &#8211; f\u00e9ile bheochana idirn\u00e1isi\u00fanta at\u00e1 suite i gcro\u00edl\u00e1r na Gaeltachta. T\u00e1 s\u00fail againn go nd\u00e9anfar togra\u00ed beochana Gaeilge de scoth an domhain a fhorbairt faoin tionscnamh seo.\u201d<\/em> <\/p>\n<p>Is \u00e9ard a d\u00fairt <strong>Deirdre Barry \u00f3n Animation Ireland Talent Academy<\/strong>: <em>\u201cCuirfear c\u00fanamh agus meant\u00f3ireacht ar f\u00e1il faoin gciste seo chun scr\u00edbhneoir\u00ed agus sti\u00farth\u00f3ir\u00ed a bhfuil Gaeilge acu at\u00e1 ag obair i earn\u00e1il na beochana a fhorbairt. Is fada linn go bhfeicfidh muid na smaointe agus an tallann a thiocfaidh as an deis seo.\u201d <\/em><\/p>\n<p>D\u00fairt <strong>Colman Farrell \u00f3 Fh\u00eds \u00c9ireann<\/strong>, <em>&#8220;T\u00e1imid paiseanta faoi lucht d\u00e9anta sc\u00e9alta anseo i bhF\u00eds \u00c9ireann agus faoi thac\u00fa le sc\u00e9alta at\u00e1 \u00c9ireannach go smior agus b\u00edonn m\u00f3rtas m\u00f3r againn as sc\u00e9alta a ins\u00edtear i nGaeilge, mar sin t\u00e1 r\u00edm\u00e9ad orainn a bheith ag tac\u00fa leis an gciste nua seo at\u00e1 \u00e1 sheoladh ag Animation Dingle.&#8221;<\/em> <\/p>\n<p>Beidh seisi\u00fan eolais ar l\u00edne ar si\u00fal ar Zoom D\u00e9ardaoin an 3 Aibre\u00e1n ag 12:30 chun tuilleadh eolais a chur ar f\u00e1il faoin sc\u00e9im agus chun aon cheisteanna a bheadh ag iarratas\u00f3ir\u00ed a bheadh ag cuimhneamh cur isteach uirthi a fhreagairt.<\/p>\n<p>Is f\u00e9idir tuilleadh eolais a fh\u00e1il anseo: <a href=\"https:\/\/dev.tg4.ie\/spreag\" rel=\"noopener\" target=\"_blank\">www.tg4.ie\/spreag<\/a><br \/>\n&nbsp;<br \/>\n&nbsp;<\/p>\n","protected":false},"excerpt":{"rendered":"<p>&nbsp; Seoladh sc\u00e9im maoinithe nua chun tac\u00fa le forbairt gearrscann\u00e1n beochana Gaeilge ag Animation Dingle D\u00e9 hAoine. \u20ac240,000 an ciste ioml\u00e1n at\u00e1 ar f\u00e1il faoin sc\u00e9im. Ba \u00e9 Paul Young \u00f3 Cartoon Saloon a sheol an tionscnamh, ar comhph\u00e1irt\u00edocht \u00e9 idir TG4, F\u00eds \u00c9ireann, Ciste Craolt\u00f3ireachta Gaeilge Sc\u00e1ile\u00e1n Thuaisceart \u00c9ireann agus The Animation Ireland Talent [&hellip;]<\/p>\n","protected":false},"author":876,"featured_media":0,"parent":236807,"menu_order":12,"comment_status":"closed","ping_status":"closed","template":"page-templates\/template-pr.php","meta":{"_acf_changed":false,"footnotes":""},"acf":[],"yoast_head":"<!-- This site is optimized with the Yoast SEO plugin v22.6 - https:\/\/yoast.com\/wordpress\/plugins\/seo\/ -->\n<title>SPREAG - Taca\u00edocht do Ghearrscann\u00e1in Bheochana Ghaeilge | Preasr\u00e1iteas | TG4<\/title>\n<meta name=\"robots\" content=\"index, follow, max-snippet:-1, max-image-preview:large, max-video-preview:-1\" \/>\n<meta property=\"og:locale\" content=\"en_US\" \/>\n<meta property=\"og:type\" content=\"article\" \/>\n<meta property=\"og:title\" content=\"SPREAG - Taca\u00edocht do Ghearrscann\u00e1in Bheochana Ghaeilge | Preasr\u00e1iteas | TG4\" \/>\n<meta property=\"og:description\" content=\"&nbsp; Seoladh sc\u00e9im maoinithe nua chun tac\u00fa le forbairt gearrscann\u00e1n beochana Gaeilge ag Animation Dingle D\u00e9 hAoine. \u20ac240,000 an ciste ioml\u00e1n at\u00e1 ar f\u00e1il faoin sc\u00e9im. Ba \u00e9 Paul Young \u00f3 Cartoon Saloon a sheol an tionscnamh, ar comhph\u00e1irt\u00edocht \u00e9 idir TG4, F\u00eds \u00c9ireann, Ciste Craolt\u00f3ireachta Gaeilge Sc\u00e1ile\u00e1n Thuaisceart \u00c9ireann agus The Animation Ireland Talent [&hellip;]\" \/>\n<meta property=\"og:url\" content=\"https:\/\/dev.tg4.ie\/ga\/eolas\/preas\/nuacht-raitis\/2025-2\/spreag-tacaiocht-do-ghearrscannain-bheochana-ghaeilge\/\" \/>\n<meta property=\"og:site_name\" content=\"TG4\" \/>\n<meta property=\"article:publisher\" content=\"https:\/\/www.facebook.com\/TG4TV\" \/>\n<meta property=\"og:image\" content=\"https:\/\/tg4-docs.s3.amazonaws.com\/wp-content\/uploads\/2025\/03\/25160505\/Spreag25_Daingean_2-1920x1080-1.jpg\" \/>\n\t<meta property=\"og:image:width\" content=\"1920\" \/>\n\t<meta property=\"og:image:height\" content=\"1080\" \/>\n\t<meta property=\"og:image:type\" content=\"image\/jpeg\" \/>\n<meta name=\"twitter:card\" content=\"summary_large_image\" \/>\n<meta name=\"twitter:image\" content=\"https:\/\/tg4-docs.s3.amazonaws.com\/wp-content\/uploads\/2025\/03\/25160505\/Spreag25_Daingean_2-1920x1080-1.jpg\" \/>\n<meta name=\"twitter:site\" content=\"@TG4TV\" \/>\n<meta name=\"twitter:label1\" content=\"Est. reading time\" \/>\n\t<meta name=\"twitter:data1\" content=\"3 minutes\" \/>\n<script type=\"application\/ld+json\" class=\"yoast-schema-graph\">{\"@context\":\"https:\/\/schema.org\",\"@graph\":[{\"@type\":\"WebPage\",\"@id\":\"https:\/\/dev.tg4.ie\/ga\/eolas\/preas\/nuacht-raitis\/2025-2\/spreag-tacaiocht-do-ghearrscannain-bheochana-ghaeilge\/\",\"url\":\"https:\/\/dev.tg4.ie\/ga\/eolas\/preas\/nuacht-raitis\/2025-2\/spreag-tacaiocht-do-ghearrscannain-bheochana-ghaeilge\/\",\"name\":\"SPREAG - Taca\u00edocht do Ghearrscann\u00e1in Bheochana Ghaeilge | Preasr\u00e1iteas | TG4\",\"isPartOf\":{\"@id\":\"https:\/\/dev.tg4.ie\/en\/#website\"},\"primaryImageOfPage\":{\"@id\":\"https:\/\/dev.tg4.ie\/ga\/eolas\/preas\/nuacht-raitis\/2025-2\/spreag-tacaiocht-do-ghearrscannain-bheochana-ghaeilge\/#primaryimage\"},\"image\":{\"@id\":\"https:\/\/dev.tg4.ie\/ga\/eolas\/preas\/nuacht-raitis\/2025-2\/spreag-tacaiocht-do-ghearrscannain-bheochana-ghaeilge\/#primaryimage\"},\"thumbnailUrl\":\"https:\/\/dev.tg4.ie\/wp-content\/uploads\/2025\/03\/Spreag_1-1920x1080-1.jpg\",\"datePublished\":\"2025-03-25T16:13:05+00:00\",\"dateModified\":\"2025-03-25T16:13:05+00:00\",\"breadcrumb\":{\"@id\":\"https:\/\/dev.tg4.ie\/ga\/eolas\/preas\/nuacht-raitis\/2025-2\/spreag-tacaiocht-do-ghearrscannain-bheochana-ghaeilge\/#breadcrumb\"},\"inLanguage\":\"ga\",\"potentialAction\":[{\"@type\":\"ReadAction\",\"target\":[\"https:\/\/dev.tg4.ie\/ga\/eolas\/preas\/nuacht-raitis\/2025-2\/spreag-tacaiocht-do-ghearrscannain-bheochana-ghaeilge\/\"]}]},{\"@type\":\"ImageObject\",\"inLanguage\":\"ga\",\"@id\":\"https:\/\/dev.tg4.ie\/ga\/eolas\/preas\/nuacht-raitis\/2025-2\/spreag-tacaiocht-do-ghearrscannain-bheochana-ghaeilge\/#primaryimage\",\"url\":\"https:\/\/dev.tg4.ie\/wp-content\/uploads\/2025\/03\/Spreag_1-1920x1080-1.jpg\",\"contentUrl\":\"https:\/\/dev.tg4.ie\/wp-content\/uploads\/2025\/03\/Spreag_1-1920x1080-1.jpg\"},{\"@type\":\"BreadcrumbList\",\"@id\":\"https:\/\/dev.tg4.ie\/ga\/eolas\/preas\/nuacht-raitis\/2025-2\/spreag-tacaiocht-do-ghearrscannain-bheochana-ghaeilge\/#breadcrumb\",\"itemListElement\":[{\"@type\":\"ListItem\",\"position\":1,\"name\":\"Home\",\"item\":\"https:\/\/dev.tg4.ie\/ga\/\"},{\"@type\":\"ListItem\",\"position\":2,\"name\":\"Eolas\",\"item\":\"https:\/\/dev.tg4.ie\/ga\/eolas\/\"},{\"@type\":\"ListItem\",\"position\":3,\"name\":\"Preas\",\"item\":\"https:\/\/dev.tg4.ie\/ga\/eolas\/preas\/\"},{\"@type\":\"ListItem\",\"position\":4,\"name\":\"Nuacht R\u00e1itis\",\"item\":\"https:\/\/dev.tg4.ie\/ga\/eolas\/preas\/nuacht-raitis\/\"},{\"@type\":\"ListItem\",\"position\":5,\"name\":\"2025\",\"item\":\"https:\/\/dev.tg4.ie\/ga\/eolas\/preas\/nuacht-raitis\/2025-2\/\"},{\"@type\":\"ListItem\",\"position\":6,\"name\":\"SPREAG &#8211; Taca\u00edocht do Ghearrscann\u00e1in Bheochana Ghaeilge\"}]},{\"@type\":\"WebSite\",\"@id\":\"https:\/\/dev.tg4.ie\/en\/#website\",\"url\":\"https:\/\/dev.tg4.ie\/en\/\",\"name\":\"TG4\",\"description\":\"S\u00fail Eile\",\"potentialAction\":[{\"@type\":\"SearchAction\",\"target\":{\"@type\":\"EntryPoint\",\"urlTemplate\":\"https:\/\/dev.tg4.ie\/en\/?s={search_term_string}\"},\"query-input\":\"required name=search_term_string\"}],\"inLanguage\":\"ga\"}]}<\/script>\n<!-- \/ Yoast SEO plugin. -->","yoast_head_json":{"title":"SPREAG - Taca\u00edocht do Ghearrscann\u00e1in Bheochana Ghaeilge | Preasr\u00e1iteas | TG4","robots":{"index":"index","follow":"follow","max-snippet":"max-snippet:-1","max-image-preview":"max-image-preview:large","max-video-preview":"max-video-preview:-1"},"og_locale":"en_US","og_type":"article","og_title":"SPREAG - Taca\u00edocht do Ghearrscann\u00e1in Bheochana Ghaeilge | Preasr\u00e1iteas | TG4","og_description":"&nbsp; Seoladh sc\u00e9im maoinithe nua chun tac\u00fa le forbairt gearrscann\u00e1n beochana Gaeilge ag Animation Dingle D\u00e9 hAoine. \u20ac240,000 an ciste ioml\u00e1n at\u00e1 ar f\u00e1il faoin sc\u00e9im. Ba \u00e9 Paul Young \u00f3 Cartoon Saloon a sheol an tionscnamh, ar comhph\u00e1irt\u00edocht \u00e9 idir TG4, F\u00eds \u00c9ireann, Ciste Craolt\u00f3ireachta Gaeilge Sc\u00e1ile\u00e1n Thuaisceart \u00c9ireann agus The Animation Ireland Talent [&hellip;]","og_url":"https:\/\/dev.tg4.ie\/ga\/eolas\/preas\/nuacht-raitis\/2025-2\/spreag-tacaiocht-do-ghearrscannain-bheochana-ghaeilge\/","og_site_name":"TG4","article_publisher":"https:\/\/www.facebook.com\/TG4TV","og_image":[{"width":1920,"height":1080,"url":"https:\/\/tg4-docs.s3.amazonaws.com\/wp-content\/uploads\/2025\/03\/25160505\/Spreag25_Daingean_2-1920x1080-1.jpg","type":"image\/jpeg"}],"twitter_card":"summary_large_image","twitter_image":"https:\/\/tg4-docs.s3.amazonaws.com\/wp-content\/uploads\/2025\/03\/25160505\/Spreag25_Daingean_2-1920x1080-1.jpg","twitter_site":"@TG4TV","twitter_misc":{"Est. reading time":"3 minutes"},"schema":{"@context":"https:\/\/schema.org","@graph":[{"@type":"WebPage","@id":"https:\/\/dev.tg4.ie\/ga\/eolas\/preas\/nuacht-raitis\/2025-2\/spreag-tacaiocht-do-ghearrscannain-bheochana-ghaeilge\/","url":"https:\/\/dev.tg4.ie\/ga\/eolas\/preas\/nuacht-raitis\/2025-2\/spreag-tacaiocht-do-ghearrscannain-bheochana-ghaeilge\/","name":"SPREAG - Taca\u00edocht do Ghearrscann\u00e1in Bheochana Ghaeilge | Preasr\u00e1iteas | TG4","isPartOf":{"@id":"https:\/\/dev.tg4.ie\/en\/#website"},"primaryImageOfPage":{"@id":"https:\/\/dev.tg4.ie\/ga\/eolas\/preas\/nuacht-raitis\/2025-2\/spreag-tacaiocht-do-ghearrscannain-bheochana-ghaeilge\/#primaryimage"},"image":{"@id":"https:\/\/dev.tg4.ie\/ga\/eolas\/preas\/nuacht-raitis\/2025-2\/spreag-tacaiocht-do-ghearrscannain-bheochana-ghaeilge\/#primaryimage"},"thumbnailUrl":"https:\/\/dev.tg4.ie\/wp-content\/uploads\/2025\/03\/Spreag_1-1920x1080-1.jpg","datePublished":"2025-03-25T16:13:05+00:00","dateModified":"2025-03-25T16:13:05+00:00","breadcrumb":{"@id":"https:\/\/dev.tg4.ie\/ga\/eolas\/preas\/nuacht-raitis\/2025-2\/spreag-tacaiocht-do-ghearrscannain-bheochana-ghaeilge\/#breadcrumb"},"inLanguage":"ga","potentialAction":[{"@type":"ReadAction","target":["https:\/\/dev.tg4.ie\/ga\/eolas\/preas\/nuacht-raitis\/2025-2\/spreag-tacaiocht-do-ghearrscannain-bheochana-ghaeilge\/"]}]},{"@type":"ImageObject","inLanguage":"ga","@id":"https:\/\/dev.tg4.ie\/ga\/eolas\/preas\/nuacht-raitis\/2025-2\/spreag-tacaiocht-do-ghearrscannain-bheochana-ghaeilge\/#primaryimage","url":"https:\/\/dev.tg4.ie\/wp-content\/uploads\/2025\/03\/Spreag_1-1920x1080-1.jpg","contentUrl":"https:\/\/dev.tg4.ie\/wp-content\/uploads\/2025\/03\/Spreag_1-1920x1080-1.jpg"},{"@type":"BreadcrumbList","@id":"https:\/\/dev.tg4.ie\/ga\/eolas\/preas\/nuacht-raitis\/2025-2\/spreag-tacaiocht-do-ghearrscannain-bheochana-ghaeilge\/#breadcrumb","itemListElement":[{"@type":"ListItem","position":1,"name":"Home","item":"https:\/\/dev.tg4.ie\/ga\/"},{"@type":"ListItem","position":2,"name":"Eolas","item":"https:\/\/dev.tg4.ie\/ga\/eolas\/"},{"@type":"ListItem","position":3,"name":"Preas","item":"https:\/\/dev.tg4.ie\/ga\/eolas\/preas\/"},{"@type":"ListItem","position":4,"name":"Nuacht R\u00e1itis","item":"https:\/\/dev.tg4.ie\/ga\/eolas\/preas\/nuacht-raitis\/"},{"@type":"ListItem","position":5,"name":"2025","item":"https:\/\/dev.tg4.ie\/ga\/eolas\/preas\/nuacht-raitis\/2025-2\/"},{"@type":"ListItem","position":6,"name":"SPREAG &#8211; Taca\u00edocht do Ghearrscann\u00e1in Bheochana Ghaeilge"}]},{"@type":"WebSite","@id":"https:\/\/dev.tg4.ie\/en\/#website","url":"https:\/\/dev.tg4.ie\/en\/","name":"TG4","description":"S\u00fail Eile","potentialAction":[{"@type":"SearchAction","target":{"@type":"EntryPoint","urlTemplate":"https:\/\/dev.tg4.ie\/en\/?s={search_term_string}"},"query-input":"required name=search_term_string"}],"inLanguage":"ga"}]}},"_links":{"self":[{"href":"https:\/\/dev.tg4.ie\/ga\/wp-json\/wp\/v2\/pages\/242853"}],"collection":[{"href":"https:\/\/dev.tg4.ie\/ga\/wp-json\/wp\/v2\/pages"}],"about":[{"href":"https:\/\/dev.tg4.ie\/ga\/wp-json\/wp\/v2\/types\/page"}],"author":[{"embeddable":true,"href":"https:\/\/dev.tg4.ie\/ga\/wp-json\/wp\/v2\/users\/876"}],"replies":[{"embeddable":true,"href":"https:\/\/dev.tg4.ie\/ga\/wp-json\/wp\/v2\/comments?post=242853"}],"version-history":[{"count":0,"href":"https:\/\/dev.tg4.ie\/ga\/wp-json\/wp\/v2\/pages\/242853\/revisions"}],"up":[{"embeddable":true,"href":"https:\/\/dev.tg4.ie\/ga\/wp-json\/wp\/v2\/pages\/236807"}],"wp:attachment":[{"href":"https:\/\/dev.tg4.ie\/ga\/wp-json\/wp\/v2\/media?parent=242853"}],"curies":[{"name":"wp","href":"https:\/\/api.w.org\/{rel}","templated":true}]}}