{"id":242928,"date":"2025-03-27T10:08:50","date_gmt":"2025-03-27T10:08:50","guid":{"rendered":"https:\/\/dev.tg4.ie\/?page_id=242928"},"modified":"2025-03-27T10:08:50","modified_gmt":"2025-03-27T10:08:50","slug":"buaiteoiri-ghradam-ceoil-tg4-2025-agus-comhoibriu-i-ndail-le-expo-2025-osaka-fogartha-i-dteach-uibh-eachach","status":"publish","type":"page","link":"https:\/\/dev.tg4.ie\/ga\/eolas\/preas\/nuacht-raitis\/2025-2\/buaiteoiri-ghradam-ceoil-tg4-2025-agus-comhoibriu-i-ndail-le-expo-2025-osaka-fogartha-i-dteach-uibh-eachach\/","title":{"rendered":"Buaiteoir\u00ed Ghradam Ceoil TG4 2025 agus Comhoibri\u00fa i nd\u00e1il le &#8216;Expo 2025 Osaka&#8217; f\u00f3gartha i dTeach U\u00edbh Eachach"},"content":{"rendered":"<p><img loading=\"lazy\" decoding=\"async\" width=\"1920\" height=\"1080\" src=\"https:\/\/tg4-docs.s3.amazonaws.com\/wp-content\/uploads\/2025\/03\/27095854\/Gradam_Ceoil_2025_1-1920x1080-1.jpg\" alt=\"\" class=\"aligncenter size-full wp-image-242930\" srcset=\"https:\/\/tg4-docs.s3.amazonaws.com\/wp-content\/uploads\/2025\/03\/27095854\/Gradam_Ceoil_2025_1-1920x1080-1.jpg 1920w, https:\/\/tg4-docs.s3.amazonaws.com\/wp-content\/uploads\/2025\/03\/27095854\/Gradam_Ceoil_2025_1-1920x1080-1-250x141.jpg 250w, https:\/\/tg4-docs.s3.amazonaws.com\/wp-content\/uploads\/2025\/03\/27095854\/Gradam_Ceoil_2025_1-1920x1080-1-700x394.jpg 700w, https:\/\/tg4-docs.s3.amazonaws.com\/wp-content\/uploads\/2025\/03\/27095854\/Gradam_Ceoil_2025_1-1920x1080-1-252x141.jpg 252w, https:\/\/tg4-docs.s3.amazonaws.com\/wp-content\/uploads\/2025\/03\/27095854\/Gradam_Ceoil_2025_1-1920x1080-1-1536x864.jpg 1536w, https:\/\/tg4-docs.s3.amazonaws.com\/wp-content\/uploads\/2025\/03\/27095854\/Gradam_Ceoil_2025_1-1920x1080-1-120x68.jpg 120w\" sizes=\"(max-width: 1920px) 100vw, 1920px\" \/><\/p>\n<p>&nbsp;<br \/>\nTugadh buaiteoir\u00ed <strong>Ghradam Ceoil TG4 2025<\/strong> le fios go hoifigi\u00fail ag imeacht speisialta a bh\u00ed ar si\u00fal i dTeach U\u00edbh Eachach, ar c\u00e9im mh\u00f3r eile chun cinn \u00e9 i gceili\u00faradh oidhreacht shaibhir cheoil thraidisi\u00fanta na h\u00c9ireann.<br \/>\n&nbsp;<br \/>\nAnois agus \u00e9 ina 28\u00fa bliain, leanann <strong>Gradam Ceoil TG4<\/strong> d\u2019urraim a thabhairt don scoth ar fad san oirfideacht agus don tionchar cult\u00fair is fearr i seacht gcinn de chatag\u00f3ir\u00ed. \u00d3c\u00e1id th\u00e1bhachtach i bhf\u00e9ilire an cheoil thraidisi\u00fanta is ea an f\u00f3gra, n\u00ed hamh\u00e1in mar gheall go dtugtar aitheantas d\u2019\u00e9achta\u00ed eisceacht\u00fala lucht na ngradam ach go nd\u00e9antar ceili\u00faradh freisin ar bheogacht agus ar \u00e9ags\u00falacht an traidisi\u00fain. Is eiseaml\u00e1ir iad lucht na ngradam seo den d\u00fathracht agus den nu\u00e1la\u00edocht a chinnt\u00edonn go mbeidh rath ar cheol traidisi\u00fanta na h\u00c9ireann do na gl\u00fanta at\u00e1 le teacht.<br \/>\n&nbsp;<br \/>\nIs pain\u00e9al neamhsple\u00e1ch daoine ar bronnadh an gradam roimhe seo orthu agus de dhaoine m\u00f3r le r\u00e1 i bpobal an cheoil thraidisi\u00fanta a thugann faoin pr\u00f3iseas roghn\u00fach\u00e1in. N\u00ed hamh\u00e1in go dtugann <strong>Gradam Ceoil TG4<\/strong> aitheantas do sh\u00e1rmhaitheas eala\u00edne ach cuireann s\u00e9 le rath na mbuaiteoir\u00ed tr\u00edna gcuid ceoil, amhr\u00e1na\u00edochta agus damhsa a chur i l\u00e1thair lucht f\u00e9achana domhanda tr\u00ed ard\u00e1in chraolt\u00f3ireachta fhairsinge TG4.<br \/>\n&nbsp;<br \/>\nI mbliana, cuirtear tuilleadh leis an bhfeasacht dhomhanda ar na gradaim tr\u00ed chomhoibri\u00fa le h\u00c9irinn ag &#8216;Expo 2025&#8217;. Beidh <strong>Gradam Ceoil TG4<\/strong> agus lucht gradam 2025 mar chuid de chl\u00e1r na h\u00c9ireann ag an World Expo a bheidh ar si\u00fal in Osaka sa tSeap\u00e1in.<br \/>\n&nbsp;<\/p>\n<p><u>Is iad seo a leanas buaiteoir\u00ed Ghradam Ceoil TG4 2025:<\/u><\/p>\n<ul>\n<li>Gradam Ceoil TG4 2025 \u2013 Siobh\u00e1n Peoples<\/li>\n<li>Amhr\u00e1na\u00ed TG4 2025 \u2013 Cathy Jordan<\/li>\n<li>Gradam Saoil TG4 2025 \u2013 Matt Cranitch<\/li>\n<li>Gr\u00fapa Ceoil TG4 2025 \u2013 Flook<\/li>\n<li>Ceolt\u00f3ir \u00d3g TG4 2025 \u2013 Colm Broderick<\/li>\n<li>Cumad\u00f3ir TG4 2025 \u2013 Johnny \u00d3g Connolly<\/li>\n<li>Gradam Comaoine TG4 2025 \u2013 \u00c1ine Hensey<\/li>\n<\/ul>\n<p>&nbsp;<br \/>\nBeidh ceolchoirm agus searmanas bronnta Ghradam Ceoil TG4 2025 ar si\u00fal i gCeol\u00e1ras na hOllscoile, Luimneach, D\u00e9 Domhnaigh, an 4 Bealtaine. Craolfar an t-imeacht seo beo ar TG4 agus ar fud an domhain ar Sheinnteoir TG4, rud a thabharfaidh deis don lucht f\u00e9achana an o\u00edche shuaithinseach de cheol, de cheili\u00faradh agus de shiamsa\u00edocht a fheice\u00e1il. I gcuideachta bhuaiteoir\u00ed na ngradam beidh rogha d\u2019a\u00edonna agus l\u00e1ithreoir\u00ed ceoil speisialta don \u00f3c\u00e1id mh\u00f3r le r\u00e1 seo.  <a href=\"https:\/\/www.uch.ie\/show\/gradam-ceoil-tg4-awards-2025\/\" rel=\"noopener\" target=\"_blank\">Tic\u00e9id : Gradam Ceoil TG4<\/a><br \/>\n&nbsp;<br \/>\nAg labhairt d\u00f3 inniu ar fh\u00f3gairt fhaighteoir\u00ed an ngradam, d\u00fairt <strong>an T\u00e1naiste<\/strong>: <em>\u201cTugann l\u00e1ithreacht na h\u00c9ireann ag Expo 2025 Osaka deis iontach d\u00fainn an chuid is fearr d\u2019\u00c9irinn a chur os comhair lucht sp\u00e9ise idirn\u00e1isi\u00fanta, agus \u00e1ir\u00edtear leis sin \u00e1r n-oidhreacht bhr\u00edomhar cheoil a cheili\u00faradh. D\u00e9anaim comhghairdeas le buaiteoir\u00ed Ghradam Ceoil 2025 a chuims\u00edonn saibhreas agus doimhneacht cheol traidisi\u00fanta na h\u00c9ireann, agus t\u00e1im ag tn\u00fath le hiad a fheice\u00e1il i l\u00e1r an aonaigh mar chuid d\u00e1r gcl\u00e1r cult\u00fair ag Expo 2025.\u201d<\/em><br \/>\n&nbsp;<br \/>\nAg labhairt di ag an \u00f3c\u00e1id, d\u00fairt <strong>Proinsias N\u00ed Ghr\u00e1inne, Eagarth\u00f3ir Coimisi\u00fanaithe Ghradam Ceoil TG4<\/strong> <em>\u201cIs c\u00fais bhr\u00f3id d\u00fainn a bheith in ann urraim a thabhairt don s\u00e1rchumas sin tr\u00edd an nGradam agus ceili\u00faradh a dh\u00e9anamh in \u00e9ineacht leis na ceolt\u00f3ir\u00ed agus amhr\u00e1naithe seo at\u00e1 ag m\u00fanl\u00fa thodhcha\u00ed \u00e1r gcuid ceoil, amhr\u00e1na\u00edochta agus damhsa. Bliain i ndiaidh bliana, b\u00edonn TG4 ar a dh\u00edcheall ag iarraidh cur le lucht sp\u00e9ise an cheoil thraidisi\u00fanta tr\u00ed chraolta\u00ed domhanda. Cinnt\u00edonn comhoibri\u00fa na bliana seo le Expo go gcuirfear tuilleadh leis an gcl\u00fadach sin san \u00c1ise agus ar fud an domhain. Comhghairdeas \u00f3 chro\u00ed libh agus go mairfidh sibh bhur ngradaim.\u201d<\/em><br \/>\n&nbsp;<br \/>\nT\u00e1 gradaim Ghradam Ceoil TG4 \u00e1 meas le fada mar phr\u00edomhghradaim an cheoil thraidisi\u00fanta, agus l\u00e9ir\u00edonn buaiteoir\u00ed na bliana seo an cumas agus an d\u00fathracht at\u00e1 i measc phobal ceoil na h\u00c9ireann. Cinnt\u00edonn a dtionchar go leanann an traidisi\u00fan de bheith ag forbairt agus de bheith faoi bhl\u00e1th ar bhealach a thugann on\u00f3ir don am at\u00e1 caite c\u00e9 go bhfuiltear ag f\u00e9achaint i dtreo na todhcha\u00ed.<br \/>\n&nbsp;<br \/>\nCrutha\u00edonn rannph\u00e1irt\u00edocht Ghradam Ceoil TG4 i gcl\u00e1r na h\u00c9ireann le haghaidh Expo 2025 Osaka deis speisialta chun ceol traidisi\u00fanta na h\u00c9ireann a chur chun cinn i measc lucht sp\u00e9ise sa tSeap\u00e1nach agus ar fud an domhain. T\u00e1 r\u00f3l t\u00e1bhachtach ag an Expo Domhanda chun an domhan a thabhairt le ch\u00e9ile go tr\u00e1thrialta. Beidh an t-imeacht ar si\u00fal idir Aibre\u00e1n agus Deireadh F\u00f3mhair 2025 agus t\u00e1thar ag s\u00fail go meallfaidh s\u00e9 28 milli\u00fan cuairteoir.<br \/>\n&nbsp;<br \/>\nLeanann rannph\u00e1irt\u00edocht na h\u00c9ireann ag Expo cur chuige uile-rialtais, le comhoibri\u00fa idir Ranna Rialtais, gn\u00edomhaireachta\u00ed st\u00e1it, comhlachta\u00ed agus institi\u00faid\u00ed cult\u00fair n\u00e1isi\u00fanta, arna chomhord\u00fa ag an Roinn Gn\u00f3tha\u00ed Eachtracha agus Tr\u00e1d\u00e1la.<br \/>\n&nbsp;<br \/>\nT\u00e1 tuilleadh eolais faoi l\u00e1ithreacht na h\u00c9ireann ag Expo 2025, lena n-\u00e1ir\u00edtear an cl\u00e1r cult\u00fair, le f\u00e1il ar <a href=\"https:\/\/www.ireland.ie\/en\/expo\/\" rel=\"noopener\" target=\"_blank\">www.ireland.ie\/expo<\/a><br \/>\n&nbsp;<br \/>\n&nbsp;<\/p>\n","protected":false},"excerpt":{"rendered":"<p>&nbsp; Tugadh buaiteoir\u00ed Ghradam Ceoil TG4 2025 le fios go hoifigi\u00fail ag imeacht speisialta a bh\u00ed ar si\u00fal i dTeach U\u00edbh Eachach, ar c\u00e9im mh\u00f3r eile chun cinn \u00e9 i gceili\u00faradh oidhreacht shaibhir cheoil thraidisi\u00fanta na h\u00c9ireann. &nbsp; Anois agus \u00e9 ina 28\u00fa bliain, leanann Gradam Ceoil TG4 d\u2019urraim a thabhairt don scoth ar fad [&hellip;]<\/p>\n","protected":false},"author":876,"featured_media":0,"parent":236807,"menu_order":13,"comment_status":"closed","ping_status":"closed","template":"page-templates\/template-pr.php","meta":{"_acf_changed":false,"footnotes":""},"acf":[],"yoast_head":"<!-- This site is optimized with the Yoast SEO plugin v22.6 - https:\/\/yoast.com\/wordpress\/plugins\/seo\/ -->\n<title>Buaiteoir\u00ed Ghradam Ceoil TG4 2025 agus Comhoibri\u00fa i nd\u00e1il le &#039;Expo 2025 Osaka&#039; f\u00f3gartha i dTeach U\u00edbh Eachach | Preasr\u00e1iteas | TG4<\/title>\n<meta name=\"robots\" content=\"index, follow, max-snippet:-1, max-image-preview:large, max-video-preview:-1\" \/>\n<meta property=\"og:locale\" content=\"en_US\" \/>\n<meta property=\"og:type\" content=\"article\" \/>\n<meta property=\"og:title\" content=\"Buaiteoir\u00ed Ghradam Ceoil TG4 2025 agus Comhoibri\u00fa i nd\u00e1il le &#039;Expo 2025 Osaka&#039; f\u00f3gartha i dTeach U\u00edbh Eachach | Preasr\u00e1iteas | TG4\" \/>\n<meta property=\"og:description\" content=\"&nbsp; Tugadh buaiteoir\u00ed Ghradam Ceoil TG4 2025 le fios go hoifigi\u00fail ag imeacht speisialta a bh\u00ed ar si\u00fal i dTeach U\u00edbh Eachach, ar c\u00e9im mh\u00f3r eile chun cinn \u00e9 i gceili\u00faradh oidhreacht shaibhir cheoil thraidisi\u00fanta na h\u00c9ireann. &nbsp; Anois agus \u00e9 ina 28\u00fa bliain, leanann Gradam Ceoil TG4 d\u2019urraim a thabhairt don scoth ar fad [&hellip;]\" \/>\n<meta property=\"og:url\" content=\"https:\/\/dev.tg4.ie\/ga\/eolas\/preas\/nuacht-raitis\/2025-2\/buaiteoiri-ghradam-ceoil-tg4-2025-agus-comhoibriu-i-ndail-le-expo-2025-osaka-fogartha-i-dteach-uibh-eachach\/\" \/>\n<meta property=\"og:site_name\" content=\"TG4\" \/>\n<meta property=\"article:publisher\" content=\"https:\/\/www.facebook.com\/TG4TV\" \/>\n<meta property=\"og:image\" content=\"https:\/\/tg4-docs.s3.amazonaws.com\/wp-content\/uploads\/2025\/03\/27095854\/Gradam_Ceoil_2025_1-1920x1080-1.jpg\" \/>\n\t<meta property=\"og:image:width\" content=\"1920\" \/>\n\t<meta property=\"og:image:height\" content=\"1080\" \/>\n\t<meta property=\"og:image:type\" content=\"image\/jpeg\" \/>\n<meta name=\"twitter:card\" content=\"summary_large_image\" \/>\n<meta name=\"twitter:image\" content=\"https:\/\/tg4-docs.s3.amazonaws.com\/wp-content\/uploads\/2025\/03\/27095854\/Gradam_Ceoil_2025_1-1920x1080-1.jpg\" \/>\n<meta name=\"twitter:site\" content=\"@TG4TV\" \/>\n<meta name=\"twitter:label1\" content=\"Est. reading time\" \/>\n\t<meta name=\"twitter:data1\" content=\"4 minutes\" \/>\n<script type=\"application\/ld+json\" class=\"yoast-schema-graph\">{\"@context\":\"https:\/\/schema.org\",\"@graph\":[{\"@type\":\"WebPage\",\"@id\":\"https:\/\/dev.tg4.ie\/ga\/eolas\/preas\/nuacht-raitis\/2025-2\/buaiteoiri-ghradam-ceoil-tg4-2025-agus-comhoibriu-i-ndail-le-expo-2025-osaka-fogartha-i-dteach-uibh-eachach\/\",\"url\":\"https:\/\/dev.tg4.ie\/ga\/eolas\/preas\/nuacht-raitis\/2025-2\/buaiteoiri-ghradam-ceoil-tg4-2025-agus-comhoibriu-i-ndail-le-expo-2025-osaka-fogartha-i-dteach-uibh-eachach\/\",\"name\":\"Buaiteoir\u00ed Ghradam Ceoil TG4 2025 agus Comhoibri\u00fa i nd\u00e1il le 'Expo 2025 Osaka' f\u00f3gartha i dTeach U\u00edbh Eachach | Preasr\u00e1iteas | TG4\",\"isPartOf\":{\"@id\":\"https:\/\/dev.tg4.ie\/en\/#website\"},\"primaryImageOfPage\":{\"@id\":\"https:\/\/dev.tg4.ie\/ga\/eolas\/preas\/nuacht-raitis\/2025-2\/buaiteoiri-ghradam-ceoil-tg4-2025-agus-comhoibriu-i-ndail-le-expo-2025-osaka-fogartha-i-dteach-uibh-eachach\/#primaryimage\"},\"image\":{\"@id\":\"https:\/\/dev.tg4.ie\/ga\/eolas\/preas\/nuacht-raitis\/2025-2\/buaiteoiri-ghradam-ceoil-tg4-2025-agus-comhoibriu-i-ndail-le-expo-2025-osaka-fogartha-i-dteach-uibh-eachach\/#primaryimage\"},\"thumbnailUrl\":\"https:\/\/dev.tg4.ie\/wp-content\/uploads\/2025\/03\/Gradam_Ceoil_2025_1-1920x1080-1.jpg\",\"datePublished\":\"2025-03-27T10:08:50+00:00\",\"dateModified\":\"2025-03-27T10:08:50+00:00\",\"breadcrumb\":{\"@id\":\"https:\/\/dev.tg4.ie\/ga\/eolas\/preas\/nuacht-raitis\/2025-2\/buaiteoiri-ghradam-ceoil-tg4-2025-agus-comhoibriu-i-ndail-le-expo-2025-osaka-fogartha-i-dteach-uibh-eachach\/#breadcrumb\"},\"inLanguage\":\"ga\",\"potentialAction\":[{\"@type\":\"ReadAction\",\"target\":[\"https:\/\/dev.tg4.ie\/ga\/eolas\/preas\/nuacht-raitis\/2025-2\/buaiteoiri-ghradam-ceoil-tg4-2025-agus-comhoibriu-i-ndail-le-expo-2025-osaka-fogartha-i-dteach-uibh-eachach\/\"]}]},{\"@type\":\"ImageObject\",\"inLanguage\":\"ga\",\"@id\":\"https:\/\/dev.tg4.ie\/ga\/eolas\/preas\/nuacht-raitis\/2025-2\/buaiteoiri-ghradam-ceoil-tg4-2025-agus-comhoibriu-i-ndail-le-expo-2025-osaka-fogartha-i-dteach-uibh-eachach\/#primaryimage\",\"url\":\"https:\/\/dev.tg4.ie\/wp-content\/uploads\/2025\/03\/Gradam_Ceoil_2025_1-1920x1080-1.jpg\",\"contentUrl\":\"https:\/\/dev.tg4.ie\/wp-content\/uploads\/2025\/03\/Gradam_Ceoil_2025_1-1920x1080-1.jpg\"},{\"@type\":\"BreadcrumbList\",\"@id\":\"https:\/\/dev.tg4.ie\/ga\/eolas\/preas\/nuacht-raitis\/2025-2\/buaiteoiri-ghradam-ceoil-tg4-2025-agus-comhoibriu-i-ndail-le-expo-2025-osaka-fogartha-i-dteach-uibh-eachach\/#breadcrumb\",\"itemListElement\":[{\"@type\":\"ListItem\",\"position\":1,\"name\":\"Home\",\"item\":\"https:\/\/dev.tg4.ie\/ga\/\"},{\"@type\":\"ListItem\",\"position\":2,\"name\":\"Eolas\",\"item\":\"https:\/\/dev.tg4.ie\/ga\/eolas\/\"},{\"@type\":\"ListItem\",\"position\":3,\"name\":\"Preas\",\"item\":\"https:\/\/dev.tg4.ie\/ga\/eolas\/preas\/\"},{\"@type\":\"ListItem\",\"position\":4,\"name\":\"Nuacht R\u00e1itis\",\"item\":\"https:\/\/dev.tg4.ie\/ga\/eolas\/preas\/nuacht-raitis\/\"},{\"@type\":\"ListItem\",\"position\":5,\"name\":\"2025\",\"item\":\"https:\/\/dev.tg4.ie\/ga\/eolas\/preas\/nuacht-raitis\/2025-2\/\"},{\"@type\":\"ListItem\",\"position\":6,\"name\":\"Buaiteoir\u00ed Ghradam Ceoil TG4 2025 agus Comhoibri\u00fa i nd\u00e1il le &#8216;Expo 2025 Osaka&#8217; f\u00f3gartha i dTeach U\u00edbh Eachach\"}]},{\"@type\":\"WebSite\",\"@id\":\"https:\/\/dev.tg4.ie\/en\/#website\",\"url\":\"https:\/\/dev.tg4.ie\/en\/\",\"name\":\"TG4\",\"description\":\"S\u00fail Eile\",\"potentialAction\":[{\"@type\":\"SearchAction\",\"target\":{\"@type\":\"EntryPoint\",\"urlTemplate\":\"https:\/\/dev.tg4.ie\/en\/?s={search_term_string}\"},\"query-input\":\"required name=search_term_string\"}],\"inLanguage\":\"ga\"}]}<\/script>\n<!-- \/ Yoast SEO plugin. -->","yoast_head_json":{"title":"Buaiteoir\u00ed Ghradam Ceoil TG4 2025 agus Comhoibri\u00fa i nd\u00e1il le 'Expo 2025 Osaka' f\u00f3gartha i dTeach U\u00edbh Eachach | Preasr\u00e1iteas | TG4","robots":{"index":"index","follow":"follow","max-snippet":"max-snippet:-1","max-image-preview":"max-image-preview:large","max-video-preview":"max-video-preview:-1"},"og_locale":"en_US","og_type":"article","og_title":"Buaiteoir\u00ed Ghradam Ceoil TG4 2025 agus Comhoibri\u00fa i nd\u00e1il le 'Expo 2025 Osaka' f\u00f3gartha i dTeach U\u00edbh Eachach | Preasr\u00e1iteas | TG4","og_description":"&nbsp; Tugadh buaiteoir\u00ed Ghradam Ceoil TG4 2025 le fios go hoifigi\u00fail ag imeacht speisialta a bh\u00ed ar si\u00fal i dTeach U\u00edbh Eachach, ar c\u00e9im mh\u00f3r eile chun cinn \u00e9 i gceili\u00faradh oidhreacht shaibhir cheoil thraidisi\u00fanta na h\u00c9ireann. &nbsp; Anois agus \u00e9 ina 28\u00fa bliain, leanann Gradam Ceoil TG4 d\u2019urraim a thabhairt don scoth ar fad [&hellip;]","og_url":"https:\/\/dev.tg4.ie\/ga\/eolas\/preas\/nuacht-raitis\/2025-2\/buaiteoiri-ghradam-ceoil-tg4-2025-agus-comhoibriu-i-ndail-le-expo-2025-osaka-fogartha-i-dteach-uibh-eachach\/","og_site_name":"TG4","article_publisher":"https:\/\/www.facebook.com\/TG4TV","og_image":[{"width":1920,"height":1080,"url":"https:\/\/tg4-docs.s3.amazonaws.com\/wp-content\/uploads\/2025\/03\/27095854\/Gradam_Ceoil_2025_1-1920x1080-1.jpg","type":"image\/jpeg"}],"twitter_card":"summary_large_image","twitter_image":"https:\/\/tg4-docs.s3.amazonaws.com\/wp-content\/uploads\/2025\/03\/27095854\/Gradam_Ceoil_2025_1-1920x1080-1.jpg","twitter_site":"@TG4TV","twitter_misc":{"Est. reading time":"4 minutes"},"schema":{"@context":"https:\/\/schema.org","@graph":[{"@type":"WebPage","@id":"https:\/\/dev.tg4.ie\/ga\/eolas\/preas\/nuacht-raitis\/2025-2\/buaiteoiri-ghradam-ceoil-tg4-2025-agus-comhoibriu-i-ndail-le-expo-2025-osaka-fogartha-i-dteach-uibh-eachach\/","url":"https:\/\/dev.tg4.ie\/ga\/eolas\/preas\/nuacht-raitis\/2025-2\/buaiteoiri-ghradam-ceoil-tg4-2025-agus-comhoibriu-i-ndail-le-expo-2025-osaka-fogartha-i-dteach-uibh-eachach\/","name":"Buaiteoir\u00ed Ghradam Ceoil TG4 2025 agus Comhoibri\u00fa i nd\u00e1il le 'Expo 2025 Osaka' f\u00f3gartha i dTeach U\u00edbh Eachach | Preasr\u00e1iteas | TG4","isPartOf":{"@id":"https:\/\/dev.tg4.ie\/en\/#website"},"primaryImageOfPage":{"@id":"https:\/\/dev.tg4.ie\/ga\/eolas\/preas\/nuacht-raitis\/2025-2\/buaiteoiri-ghradam-ceoil-tg4-2025-agus-comhoibriu-i-ndail-le-expo-2025-osaka-fogartha-i-dteach-uibh-eachach\/#primaryimage"},"image":{"@id":"https:\/\/dev.tg4.ie\/ga\/eolas\/preas\/nuacht-raitis\/2025-2\/buaiteoiri-ghradam-ceoil-tg4-2025-agus-comhoibriu-i-ndail-le-expo-2025-osaka-fogartha-i-dteach-uibh-eachach\/#primaryimage"},"thumbnailUrl":"https:\/\/dev.tg4.ie\/wp-content\/uploads\/2025\/03\/Gradam_Ceoil_2025_1-1920x1080-1.jpg","datePublished":"2025-03-27T10:08:50+00:00","dateModified":"2025-03-27T10:08:50+00:00","breadcrumb":{"@id":"https:\/\/dev.tg4.ie\/ga\/eolas\/preas\/nuacht-raitis\/2025-2\/buaiteoiri-ghradam-ceoil-tg4-2025-agus-comhoibriu-i-ndail-le-expo-2025-osaka-fogartha-i-dteach-uibh-eachach\/#breadcrumb"},"inLanguage":"ga","potentialAction":[{"@type":"ReadAction","target":["https:\/\/dev.tg4.ie\/ga\/eolas\/preas\/nuacht-raitis\/2025-2\/buaiteoiri-ghradam-ceoil-tg4-2025-agus-comhoibriu-i-ndail-le-expo-2025-osaka-fogartha-i-dteach-uibh-eachach\/"]}]},{"@type":"ImageObject","inLanguage":"ga","@id":"https:\/\/dev.tg4.ie\/ga\/eolas\/preas\/nuacht-raitis\/2025-2\/buaiteoiri-ghradam-ceoil-tg4-2025-agus-comhoibriu-i-ndail-le-expo-2025-osaka-fogartha-i-dteach-uibh-eachach\/#primaryimage","url":"https:\/\/dev.tg4.ie\/wp-content\/uploads\/2025\/03\/Gradam_Ceoil_2025_1-1920x1080-1.jpg","contentUrl":"https:\/\/dev.tg4.ie\/wp-content\/uploads\/2025\/03\/Gradam_Ceoil_2025_1-1920x1080-1.jpg"},{"@type":"BreadcrumbList","@id":"https:\/\/dev.tg4.ie\/ga\/eolas\/preas\/nuacht-raitis\/2025-2\/buaiteoiri-ghradam-ceoil-tg4-2025-agus-comhoibriu-i-ndail-le-expo-2025-osaka-fogartha-i-dteach-uibh-eachach\/#breadcrumb","itemListElement":[{"@type":"ListItem","position":1,"name":"Home","item":"https:\/\/dev.tg4.ie\/ga\/"},{"@type":"ListItem","position":2,"name":"Eolas","item":"https:\/\/dev.tg4.ie\/ga\/eolas\/"},{"@type":"ListItem","position":3,"name":"Preas","item":"https:\/\/dev.tg4.ie\/ga\/eolas\/preas\/"},{"@type":"ListItem","position":4,"name":"Nuacht R\u00e1itis","item":"https:\/\/dev.tg4.ie\/ga\/eolas\/preas\/nuacht-raitis\/"},{"@type":"ListItem","position":5,"name":"2025","item":"https:\/\/dev.tg4.ie\/ga\/eolas\/preas\/nuacht-raitis\/2025-2\/"},{"@type":"ListItem","position":6,"name":"Buaiteoir\u00ed Ghradam Ceoil TG4 2025 agus Comhoibri\u00fa i nd\u00e1il le &#8216;Expo 2025 Osaka&#8217; f\u00f3gartha i dTeach U\u00edbh Eachach"}]},{"@type":"WebSite","@id":"https:\/\/dev.tg4.ie\/en\/#website","url":"https:\/\/dev.tg4.ie\/en\/","name":"TG4","description":"S\u00fail Eile","potentialAction":[{"@type":"SearchAction","target":{"@type":"EntryPoint","urlTemplate":"https:\/\/dev.tg4.ie\/en\/?s={search_term_string}"},"query-input":"required name=search_term_string"}],"inLanguage":"ga"}]}},"_links":{"self":[{"href":"https:\/\/dev.tg4.ie\/ga\/wp-json\/wp\/v2\/pages\/242928"}],"collection":[{"href":"https:\/\/dev.tg4.ie\/ga\/wp-json\/wp\/v2\/pages"}],"about":[{"href":"https:\/\/dev.tg4.ie\/ga\/wp-json\/wp\/v2\/types\/page"}],"author":[{"embeddable":true,"href":"https:\/\/dev.tg4.ie\/ga\/wp-json\/wp\/v2\/users\/876"}],"replies":[{"embeddable":true,"href":"https:\/\/dev.tg4.ie\/ga\/wp-json\/wp\/v2\/comments?post=242928"}],"version-history":[{"count":0,"href":"https:\/\/dev.tg4.ie\/ga\/wp-json\/wp\/v2\/pages\/242928\/revisions"}],"up":[{"embeddable":true,"href":"https:\/\/dev.tg4.ie\/ga\/wp-json\/wp\/v2\/pages\/236807"}],"wp:attachment":[{"href":"https:\/\/dev.tg4.ie\/ga\/wp-json\/wp\/v2\/media?parent=242928"}],"curies":[{"name":"wp","href":"https:\/\/api.w.org\/{rel}","templated":true}]}}