{"id":243010,"date":"2025-03-28T10:45:49","date_gmt":"2025-03-28T10:45:49","guid":{"rendered":"https:\/\/dev.tg4.ie\/?page_id=243010"},"modified":"2025-03-28T10:45:49","modified_gmt":"2025-03-28T10:45:49","slug":"gradam-comaoine-bronnta-ar-alan-esslemont-ag-gradaim-rts-na-heireann","status":"publish","type":"page","link":"https:\/\/dev.tg4.ie\/ga\/eolas\/preas\/nuacht-raitis\/2025-2\/gradam-comaoine-bronnta-ar-alan-esslemont-ag-gradaim-rts-na-heireann\/","title":{"rendered":"Gradam Comaoine bronnta ar Alan Esslemont ag Gradaim RTS na h\u00c9ireann"},"content":{"rendered":"<p><img loading=\"lazy\" decoding=\"async\" width=\"700\" height=\"1244\" src=\"https:\/\/tg4-docs.s3.amazonaws.com\/wp-content\/uploads\/2025\/03\/28103311\/Alan-Esslemont-Gradam-RTS-2025-700x1244.jpeg\" alt=\"\" class=\"aligncenter size-large wp-image-243012\" srcset=\"https:\/\/tg4-docs.s3.amazonaws.com\/wp-content\/uploads\/2025\/03\/28103311\/Alan-Esslemont-Gradam-RTS-2025-700x1244.jpeg 700w, https:\/\/tg4-docs.s3.amazonaws.com\/wp-content\/uploads\/2025\/03\/28103311\/Alan-Esslemont-Gradam-RTS-2025-250x444.jpeg 250w, https:\/\/tg4-docs.s3.amazonaws.com\/wp-content\/uploads\/2025\/03\/28103311\/Alan-Esslemont-Gradam-RTS-2025-79x141.jpeg 79w, https:\/\/tg4-docs.s3.amazonaws.com\/wp-content\/uploads\/2025\/03\/28103311\/Alan-Esslemont-Gradam-RTS-2025-120x213.jpeg 120w, https:\/\/tg4-docs.s3.amazonaws.com\/wp-content\/uploads\/2025\/03\/28103311\/Alan-Esslemont-Gradam-RTS-2025.jpeg 828w\" sizes=\"(max-width: 700px) 100vw, 700px\" \/><br \/>\n&nbsp;<br \/>\n<iframe loading=\"lazy\" width=\"560\" height=\"315\" src=\"https:\/\/www.youtube.com\/embed\/-ops1Sfxqt0?si=zZS6PM4UYxx5kv5k\" title=\"YouTube video player\" frameborder=\"0\" allow=\"accelerometer; autoplay; clipboard-write; encrypted-media; gyroscope; picture-in-picture; web-share\" referrerpolicy=\"strict-origin-when-cross-origin\" allowfullscreen><\/iframe><br \/>\n&nbsp;<br \/>\nT\u00e1 r\u00edm\u00e9ad ar TG4 an t-aitheantas at\u00e1 faighte ag Alan Esslemont, Ard-Sti\u00farth\u00f3ir TG4 at\u00e1 ag \u00e9ir\u00ed as, a bhfuil Gradam Comaoine bronnta air ag Gradaim RTS na h\u00c9ireann 2025. Bronnadh an gradam ag \u00f3c\u00e1id a re\u00e1cht\u00e1ladh sa Guinness Storehouse, Baile \u00c1tha Cliath, an 27 M\u00e1rta 2025.<br \/>\n&nbsp;<br \/>\nI mbliana, bronnadh an Gradam Comaoine ar Alan Esslemont mar aitheantas ar an m\u00e9id at\u00e1 bainte amach aige do chraolt\u00f3ireacht na h\u00c9ireann agus do chraolt\u00f3ireacht na Gaeilge. T\u00e1 8 mbliana go leith caite ag Alan ina Ardsti\u00farth\u00f3ir ar TG4 agus bh\u00ed r\u00f3l l\u00e1rnach aige i gcur chun cinn na Gaeilge ar ard\u00e1n n\u00e1isi\u00fanta agus domhanda. Le linn a chuid ceannaireachta leag s\u00e9 b\u00e9im ar fhorbairt na hearn\u00e1la r\u00e9igi\u00fanach in \u00c9irinn agus spreag f\u00e1s na h-earn\u00e1la cruthaitheach neamhsple\u00e1ch.<br \/>\n&nbsp;<br \/>\nI measc \u00e9achta\u00ed \u00e9ags\u00fala Alan bh\u00ed s\u00e9 ar th\u00fas cadhna\u00edochta maidir le Cine4, tionscnamh ceannr\u00f3da\u00edoch a re\u00e1cht\u00e1iltear i gcomhph\u00e1irt\u00edocht le F\u00eds \u00c9ireann agus Coimisi\u00fan na Me\u00e1n, faoina bhfuil scann\u00e1in Ghaeilge curtha ar f\u00e1il don lucht f\u00e9achana domhanda, ina measc an Cail\u00edn Ci\u00fain a bhain Gradam Oscar amach in 2023. T\u00e1 scann\u00e1in Cine4 th\u00e9is aitheantas a bhaint amach freisin ag leith\u00e9id na BAFTAs, Sundance agus Berlinale. Bh\u00ed f\u00eds s\u2019aige l\u00e1rnach i mbun\u00fa Cain\u00e9al C\u00fala4 in 2023, in\u00e1r cinnt\u00edodh seirbh\u00eds lean\u00fanach Gaeilge don lucht f\u00e9achana n\u00edos \u00f3ige agus spreagadh na Gaeilge mar theanga bheo. Thacaigh Alan le comhph\u00e1irt\u00edochta\u00ed tras-oile\u00e1in, ag comhoibri\u00fa le Ciste Craolt\u00f3ireachta Gaeilge Sc\u00e1ile\u00e1n Thuaisceart \u00c9ireann, agus bh\u00ed s\u00e9 ina Chathaoirleach ar Fh\u00e9ile na Me\u00e1n Ceilteach (2019-2024), ag spreagadh ceangal idir craolt\u00f3ir\u00ed Ceilteacha.<br \/>\n&nbsp;<br \/>\nMhol <strong>Agnes Cogan, Cathaoirleach RTS Ireland<\/strong>, oidhreacht Alan:  <em>\u201cAgus clabhs\u00far curtha le \u00f3c\u00e1id eile de Ghradaim RTS na h\u00c9ireann ar \u00e9irigh go maith leo, is fi\u00fa d\u00fainn cusp\u00f3ir\u00ed an RTS a chur i gcuimhne d\u00fainn f\u00e9in ar\u00eds. T\u00e1 s\u00e9 mar aidhm againn ardchaighde\u00e1n cruthaitheachta agus teicneola\u00edochta i dtionscal na teilif\u00edse a chur chun cinn agus a spreagadh, agus n\u00edl a sh\u00e1r\u00fa d\u00e9anta ag aon duine eile ina leith sin is at\u00e1 d\u00e9anta ag Alan Esslemont, Ardsti\u00farth\u00f3ir TG4 at\u00e1 ag \u00e9ir\u00ed as, a bhfuil \u00e1r nGradam Comaoine bronnta air, gradam nua at\u00e1 \u00e1 bhronnadh den ch\u00e9ad uair againn in 2025. Bh\u00ed an m\u00e9id a chuir Alan le saol teilif\u00edse na h\u00c9ireann (agus go hidirn\u00e1isi\u00fanta) thar a bheith t\u00e1bhachtach \u00f3 thaobh spreagadh agus uaillmhian de, agus \u00f3 thaobh \u00e9 sin a bhaint amach. Is cinnte go bhfuil TG4, faoina sti\u00fair, anois i mbarr r\u00e9ime i r\u00e9ims\u00ed na me\u00e1n agus na scann\u00e1na\u00edochta. T\u00e1 TG4 ag f\u00e1s, agus ag dul chun cinn agus ag cur le r\u00e9imse na me\u00e1n seirbh\u00edse poibl\u00ed. Gu\u00edmid gach rath air amach anseo, agus gabhaimid bu\u00edochas leis as gach a bhfuil bainte amach aige i saol na craolt\u00f3ireachta in \u00c9irinn.\u201d<\/em><br \/>\n&nbsp;<br \/>\nChomh maith leis an ngradam a bronnadh ar Alan Esslemont, bh\u00ed tr\u00e1thn\u00f3na iontach ag TG4 ag Gradaim RTS na h\u00c9ireann 2025. Tugtar aitheantas leis na gradaim seo do na h\u00e9achta\u00ed is fearr i gcraolt\u00f3ireacht na h\u00c9ireann agus tarraing\u00edtear aird ar neart agus ar chruthaitheacht an tionscail.<br \/>\n&nbsp;<br \/>\n&nbsp;<br \/>\n<u><strong>Buaiteoir\u00ed TG4 ag Gradaim RTS na h\u00c9ireann 2025:<\/strong><\/u><\/p>\n<p><strong>\u00c1bhar le Script (urraithe ag F\u00eds \u00c9ireann):<\/strong> <\/p>\n<p><strong>CR\u00c1 (F\u00edb\u00edn Media &#038; Zoogon Ltd)<\/strong> &#8211; Sraith dhr\u00e1ma\u00edochta mhealltach faoi fhiosr\u00fach\u00e1n d\u00fanmharaithe.<\/p>\n<p>&nbsp;<\/p>\n<p><strong>Sp\u00f3irt Bheo (urraithe ag TVM):<\/strong><\/p>\n<p><strong>Rugba\u00ed Beo: Mumha v Laighin, Cluiche Idirch\u00faige na Nollag (Iris Productions)<\/strong><\/p>\n<p>&nbsp;<\/p>\n<p>D\u00e9anann TG4 comhghairdeas leis na dreamanna go l\u00e9ir a fuair ainmni\u00fach\u00e1n agus leis na buaiteoir\u00ed go l\u00e9ir as an m\u00e9id at\u00e1 curtha acu le tionscal teilif\u00edse na h\u00c9ireann. Is l\u00e9iri\u00fa \u00e9 an t-aitheantas seo \u00f3 Ghradaim RTS \u00c9ireann ar thiomantas TG4 don chruthaitheacht, nu\u00e1la\u00edocht agus an Ghaeilge a choth\u00fa sa chraolt\u00f3ireacht.<br \/>\n&nbsp;<br \/>\n&nbsp;<\/p>\n","protected":false},"excerpt":{"rendered":"<p>&nbsp; &nbsp; T\u00e1 r\u00edm\u00e9ad ar TG4 an t-aitheantas at\u00e1 faighte ag Alan Esslemont, Ard-Sti\u00farth\u00f3ir TG4 at\u00e1 ag \u00e9ir\u00ed as, a bhfuil Gradam Comaoine bronnta air ag Gradaim RTS na h\u00c9ireann 2025. Bronnadh an gradam ag \u00f3c\u00e1id a re\u00e1cht\u00e1ladh sa Guinness Storehouse, Baile \u00c1tha Cliath, an 27 M\u00e1rta 2025. &nbsp; I mbliana, bronnadh an Gradam Comaoine [&hellip;]<\/p>\n","protected":false},"author":876,"featured_media":0,"parent":236807,"menu_order":14,"comment_status":"closed","ping_status":"closed","template":"page-templates\/template-pr.php","meta":{"_acf_changed":false,"footnotes":""},"acf":[],"yoast_head":"<!-- This site is optimized with the Yoast SEO plugin v22.6 - https:\/\/yoast.com\/wordpress\/plugins\/seo\/ -->\n<title>Gradam Comaoine bronnta ar Alan Esslemont ag Gradaim RTS na h\u00c9ireann | Preasr\u00e1iteas | TG4<\/title>\n<meta name=\"robots\" content=\"index, follow, max-snippet:-1, max-image-preview:large, max-video-preview:-1\" \/>\n<meta property=\"og:locale\" content=\"en_US\" \/>\n<meta property=\"og:type\" content=\"article\" \/>\n<meta property=\"og:title\" content=\"Gradam Comaoine bronnta ar Alan Esslemont ag Gradaim RTS na h\u00c9ireann | Preasr\u00e1iteas | TG4\" \/>\n<meta property=\"og:description\" content=\"&nbsp; &nbsp; T\u00e1 r\u00edm\u00e9ad ar TG4 an t-aitheantas at\u00e1 faighte ag Alan Esslemont, Ard-Sti\u00farth\u00f3ir TG4 at\u00e1 ag \u00e9ir\u00ed as, a bhfuil Gradam Comaoine bronnta air ag Gradaim RTS na h\u00c9ireann 2025. Bronnadh an gradam ag \u00f3c\u00e1id a re\u00e1cht\u00e1ladh sa Guinness Storehouse, Baile \u00c1tha Cliath, an 27 M\u00e1rta 2025. &nbsp; I mbliana, bronnadh an Gradam Comaoine [&hellip;]\" \/>\n<meta property=\"og:url\" content=\"https:\/\/dev.tg4.ie\/ga\/eolas\/preas\/nuacht-raitis\/2025-2\/gradam-comaoine-bronnta-ar-alan-esslemont-ag-gradaim-rts-na-heireann\/\" \/>\n<meta property=\"og:site_name\" content=\"TG4\" \/>\n<meta property=\"article:publisher\" content=\"https:\/\/www.facebook.com\/TG4TV\" \/>\n<meta property=\"og:image\" content=\"https:\/\/tg4-docs.s3.amazonaws.com\/wp-content\/uploads\/2025\/03\/28103721\/Alan_Esslemont-Gradam_RTS_2025-1920x1080-1.jpg\" \/>\n\t<meta property=\"og:image:width\" content=\"1920\" \/>\n\t<meta property=\"og:image:height\" content=\"1080\" \/>\n\t<meta property=\"og:image:type\" content=\"image\/jpeg\" \/>\n<meta name=\"twitter:card\" content=\"summary_large_image\" \/>\n<meta name=\"twitter:image\" content=\"https:\/\/tg4-docs.s3.amazonaws.com\/wp-content\/uploads\/2025\/03\/28103721\/Alan_Esslemont-Gradam_RTS_2025-1920x1080-1.jpg\" \/>\n<meta name=\"twitter:site\" content=\"@TG4TV\" \/>\n<meta name=\"twitter:label1\" content=\"Est. reading time\" \/>\n\t<meta name=\"twitter:data1\" content=\"3 minutes\" \/>\n<script type=\"application\/ld+json\" class=\"yoast-schema-graph\">{\"@context\":\"https:\/\/schema.org\",\"@graph\":[{\"@type\":\"WebPage\",\"@id\":\"https:\/\/dev.tg4.ie\/ga\/eolas\/preas\/nuacht-raitis\/2025-2\/gradam-comaoine-bronnta-ar-alan-esslemont-ag-gradaim-rts-na-heireann\/\",\"url\":\"https:\/\/dev.tg4.ie\/ga\/eolas\/preas\/nuacht-raitis\/2025-2\/gradam-comaoine-bronnta-ar-alan-esslemont-ag-gradaim-rts-na-heireann\/\",\"name\":\"Gradam Comaoine bronnta ar Alan Esslemont ag Gradaim RTS na h\u00c9ireann | Preasr\u00e1iteas | TG4\",\"isPartOf\":{\"@id\":\"https:\/\/dev.tg4.ie\/en\/#website\"},\"primaryImageOfPage\":{\"@id\":\"https:\/\/dev.tg4.ie\/ga\/eolas\/preas\/nuacht-raitis\/2025-2\/gradam-comaoine-bronnta-ar-alan-esslemont-ag-gradaim-rts-na-heireann\/#primaryimage\"},\"image\":{\"@id\":\"https:\/\/dev.tg4.ie\/ga\/eolas\/preas\/nuacht-raitis\/2025-2\/gradam-comaoine-bronnta-ar-alan-esslemont-ag-gradaim-rts-na-heireann\/#primaryimage\"},\"thumbnailUrl\":\"https:\/\/dev.tg4.ie\/wp-content\/uploads\/2025\/03\/Alan-Esslemont-Gradam-RTS-2025-700x1244.jpeg\",\"datePublished\":\"2025-03-28T10:45:49+00:00\",\"dateModified\":\"2025-03-28T10:45:49+00:00\",\"breadcrumb\":{\"@id\":\"https:\/\/dev.tg4.ie\/ga\/eolas\/preas\/nuacht-raitis\/2025-2\/gradam-comaoine-bronnta-ar-alan-esslemont-ag-gradaim-rts-na-heireann\/#breadcrumb\"},\"inLanguage\":\"ga\",\"potentialAction\":[{\"@type\":\"ReadAction\",\"target\":[\"https:\/\/dev.tg4.ie\/ga\/eolas\/preas\/nuacht-raitis\/2025-2\/gradam-comaoine-bronnta-ar-alan-esslemont-ag-gradaim-rts-na-heireann\/\"]}]},{\"@type\":\"ImageObject\",\"inLanguage\":\"ga\",\"@id\":\"https:\/\/dev.tg4.ie\/ga\/eolas\/preas\/nuacht-raitis\/2025-2\/gradam-comaoine-bronnta-ar-alan-esslemont-ag-gradaim-rts-na-heireann\/#primaryimage\",\"url\":\"https:\/\/dev.tg4.ie\/wp-content\/uploads\/2025\/03\/Alan-Esslemont-Gradam-RTS-2025-700x1244.jpeg\",\"contentUrl\":\"https:\/\/dev.tg4.ie\/wp-content\/uploads\/2025\/03\/Alan-Esslemont-Gradam-RTS-2025-700x1244.jpeg\"},{\"@type\":\"BreadcrumbList\",\"@id\":\"https:\/\/dev.tg4.ie\/ga\/eolas\/preas\/nuacht-raitis\/2025-2\/gradam-comaoine-bronnta-ar-alan-esslemont-ag-gradaim-rts-na-heireann\/#breadcrumb\",\"itemListElement\":[{\"@type\":\"ListItem\",\"position\":1,\"name\":\"Home\",\"item\":\"https:\/\/dev.tg4.ie\/ga\/\"},{\"@type\":\"ListItem\",\"position\":2,\"name\":\"Eolas\",\"item\":\"https:\/\/dev.tg4.ie\/ga\/eolas\/\"},{\"@type\":\"ListItem\",\"position\":3,\"name\":\"Preas\",\"item\":\"https:\/\/dev.tg4.ie\/ga\/eolas\/preas\/\"},{\"@type\":\"ListItem\",\"position\":4,\"name\":\"Nuacht R\u00e1itis\",\"item\":\"https:\/\/dev.tg4.ie\/ga\/eolas\/preas\/nuacht-raitis\/\"},{\"@type\":\"ListItem\",\"position\":5,\"name\":\"2025\",\"item\":\"https:\/\/dev.tg4.ie\/ga\/eolas\/preas\/nuacht-raitis\/2025-2\/\"},{\"@type\":\"ListItem\",\"position\":6,\"name\":\"Gradam Comaoine bronnta ar Alan Esslemont ag Gradaim RTS na h\u00c9ireann\"}]},{\"@type\":\"WebSite\",\"@id\":\"https:\/\/dev.tg4.ie\/en\/#website\",\"url\":\"https:\/\/dev.tg4.ie\/en\/\",\"name\":\"TG4\",\"description\":\"S\u00fail Eile\",\"potentialAction\":[{\"@type\":\"SearchAction\",\"target\":{\"@type\":\"EntryPoint\",\"urlTemplate\":\"https:\/\/dev.tg4.ie\/en\/?s={search_term_string}\"},\"query-input\":\"required name=search_term_string\"}],\"inLanguage\":\"ga\"}]}<\/script>\n<!-- \/ Yoast SEO plugin. -->","yoast_head_json":{"title":"Gradam Comaoine bronnta ar Alan Esslemont ag Gradaim RTS na h\u00c9ireann | Preasr\u00e1iteas | TG4","robots":{"index":"index","follow":"follow","max-snippet":"max-snippet:-1","max-image-preview":"max-image-preview:large","max-video-preview":"max-video-preview:-1"},"og_locale":"en_US","og_type":"article","og_title":"Gradam Comaoine bronnta ar Alan Esslemont ag Gradaim RTS na h\u00c9ireann | Preasr\u00e1iteas | TG4","og_description":"&nbsp; &nbsp; T\u00e1 r\u00edm\u00e9ad ar TG4 an t-aitheantas at\u00e1 faighte ag Alan Esslemont, Ard-Sti\u00farth\u00f3ir TG4 at\u00e1 ag \u00e9ir\u00ed as, a bhfuil Gradam Comaoine bronnta air ag Gradaim RTS na h\u00c9ireann 2025. Bronnadh an gradam ag \u00f3c\u00e1id a re\u00e1cht\u00e1ladh sa Guinness Storehouse, Baile \u00c1tha Cliath, an 27 M\u00e1rta 2025. &nbsp; I mbliana, bronnadh an Gradam Comaoine [&hellip;]","og_url":"https:\/\/dev.tg4.ie\/ga\/eolas\/preas\/nuacht-raitis\/2025-2\/gradam-comaoine-bronnta-ar-alan-esslemont-ag-gradaim-rts-na-heireann\/","og_site_name":"TG4","article_publisher":"https:\/\/www.facebook.com\/TG4TV","og_image":[{"width":1920,"height":1080,"url":"https:\/\/tg4-docs.s3.amazonaws.com\/wp-content\/uploads\/2025\/03\/28103721\/Alan_Esslemont-Gradam_RTS_2025-1920x1080-1.jpg","type":"image\/jpeg"}],"twitter_card":"summary_large_image","twitter_image":"https:\/\/tg4-docs.s3.amazonaws.com\/wp-content\/uploads\/2025\/03\/28103721\/Alan_Esslemont-Gradam_RTS_2025-1920x1080-1.jpg","twitter_site":"@TG4TV","twitter_misc":{"Est. reading time":"3 minutes"},"schema":{"@context":"https:\/\/schema.org","@graph":[{"@type":"WebPage","@id":"https:\/\/dev.tg4.ie\/ga\/eolas\/preas\/nuacht-raitis\/2025-2\/gradam-comaoine-bronnta-ar-alan-esslemont-ag-gradaim-rts-na-heireann\/","url":"https:\/\/dev.tg4.ie\/ga\/eolas\/preas\/nuacht-raitis\/2025-2\/gradam-comaoine-bronnta-ar-alan-esslemont-ag-gradaim-rts-na-heireann\/","name":"Gradam Comaoine bronnta ar Alan Esslemont ag Gradaim RTS na h\u00c9ireann | Preasr\u00e1iteas | TG4","isPartOf":{"@id":"https:\/\/dev.tg4.ie\/en\/#website"},"primaryImageOfPage":{"@id":"https:\/\/dev.tg4.ie\/ga\/eolas\/preas\/nuacht-raitis\/2025-2\/gradam-comaoine-bronnta-ar-alan-esslemont-ag-gradaim-rts-na-heireann\/#primaryimage"},"image":{"@id":"https:\/\/dev.tg4.ie\/ga\/eolas\/preas\/nuacht-raitis\/2025-2\/gradam-comaoine-bronnta-ar-alan-esslemont-ag-gradaim-rts-na-heireann\/#primaryimage"},"thumbnailUrl":"https:\/\/dev.tg4.ie\/wp-content\/uploads\/2025\/03\/Alan-Esslemont-Gradam-RTS-2025-700x1244.jpeg","datePublished":"2025-03-28T10:45:49+00:00","dateModified":"2025-03-28T10:45:49+00:00","breadcrumb":{"@id":"https:\/\/dev.tg4.ie\/ga\/eolas\/preas\/nuacht-raitis\/2025-2\/gradam-comaoine-bronnta-ar-alan-esslemont-ag-gradaim-rts-na-heireann\/#breadcrumb"},"inLanguage":"ga","potentialAction":[{"@type":"ReadAction","target":["https:\/\/dev.tg4.ie\/ga\/eolas\/preas\/nuacht-raitis\/2025-2\/gradam-comaoine-bronnta-ar-alan-esslemont-ag-gradaim-rts-na-heireann\/"]}]},{"@type":"ImageObject","inLanguage":"ga","@id":"https:\/\/dev.tg4.ie\/ga\/eolas\/preas\/nuacht-raitis\/2025-2\/gradam-comaoine-bronnta-ar-alan-esslemont-ag-gradaim-rts-na-heireann\/#primaryimage","url":"https:\/\/dev.tg4.ie\/wp-content\/uploads\/2025\/03\/Alan-Esslemont-Gradam-RTS-2025-700x1244.jpeg","contentUrl":"https:\/\/dev.tg4.ie\/wp-content\/uploads\/2025\/03\/Alan-Esslemont-Gradam-RTS-2025-700x1244.jpeg"},{"@type":"BreadcrumbList","@id":"https:\/\/dev.tg4.ie\/ga\/eolas\/preas\/nuacht-raitis\/2025-2\/gradam-comaoine-bronnta-ar-alan-esslemont-ag-gradaim-rts-na-heireann\/#breadcrumb","itemListElement":[{"@type":"ListItem","position":1,"name":"Home","item":"https:\/\/dev.tg4.ie\/ga\/"},{"@type":"ListItem","position":2,"name":"Eolas","item":"https:\/\/dev.tg4.ie\/ga\/eolas\/"},{"@type":"ListItem","position":3,"name":"Preas","item":"https:\/\/dev.tg4.ie\/ga\/eolas\/preas\/"},{"@type":"ListItem","position":4,"name":"Nuacht R\u00e1itis","item":"https:\/\/dev.tg4.ie\/ga\/eolas\/preas\/nuacht-raitis\/"},{"@type":"ListItem","position":5,"name":"2025","item":"https:\/\/dev.tg4.ie\/ga\/eolas\/preas\/nuacht-raitis\/2025-2\/"},{"@type":"ListItem","position":6,"name":"Gradam Comaoine bronnta ar Alan Esslemont ag Gradaim RTS na h\u00c9ireann"}]},{"@type":"WebSite","@id":"https:\/\/dev.tg4.ie\/en\/#website","url":"https:\/\/dev.tg4.ie\/en\/","name":"TG4","description":"S\u00fail Eile","potentialAction":[{"@type":"SearchAction","target":{"@type":"EntryPoint","urlTemplate":"https:\/\/dev.tg4.ie\/en\/?s={search_term_string}"},"query-input":"required name=search_term_string"}],"inLanguage":"ga"}]}},"_links":{"self":[{"href":"https:\/\/dev.tg4.ie\/ga\/wp-json\/wp\/v2\/pages\/243010"}],"collection":[{"href":"https:\/\/dev.tg4.ie\/ga\/wp-json\/wp\/v2\/pages"}],"about":[{"href":"https:\/\/dev.tg4.ie\/ga\/wp-json\/wp\/v2\/types\/page"}],"author":[{"embeddable":true,"href":"https:\/\/dev.tg4.ie\/ga\/wp-json\/wp\/v2\/users\/876"}],"replies":[{"embeddable":true,"href":"https:\/\/dev.tg4.ie\/ga\/wp-json\/wp\/v2\/comments?post=243010"}],"version-history":[{"count":0,"href":"https:\/\/dev.tg4.ie\/ga\/wp-json\/wp\/v2\/pages\/243010\/revisions"}],"up":[{"embeddable":true,"href":"https:\/\/dev.tg4.ie\/ga\/wp-json\/wp\/v2\/pages\/236807"}],"wp:attachment":[{"href":"https:\/\/dev.tg4.ie\/ga\/wp-json\/wp\/v2\/media?parent=243010"}],"curies":[{"name":"wp","href":"https:\/\/api.w.org\/{rel}","templated":true}]}}