{"id":244207,"date":"2025-04-07T14:52:28","date_gmt":"2025-04-07T13:52:28","guid":{"rendered":"https:\/\/dev.tg4.ie\/?page_id=244207"},"modified":"2025-04-07T14:52:28","modified_gmt":"2025-04-07T13:52:28","slug":"sraith-nua-zon62-ar-cula4","status":"publish","type":"page","link":"https:\/\/dev.tg4.ie\/ga\/eolas\/preas\/nuacht-raitis\/2025-2\/sraith-nua-zon62-ar-cula4\/","title":{"rendered":"Sraith Nua &#8216;Z\u00f3n62&#8217; ar C\u00fala4"},"content":{"rendered":"<p><img loading=\"lazy\" decoding=\"async\" width=\"1920\" height=\"1080\" src=\"https:\/\/tg4-docs.s3.amazonaws.com\/wp-content\/uploads\/2025\/03\/26122509\/Zon62_1-1920x1080-1.jpg\" alt=\"\" class=\"aligncenter size-full wp-image-242893\" srcset=\"https:\/\/tg4-docs.s3.amazonaws.com\/wp-content\/uploads\/2025\/03\/26122509\/Zon62_1-1920x1080-1.jpg 1920w, https:\/\/tg4-docs.s3.amazonaws.com\/wp-content\/uploads\/2025\/03\/26122509\/Zon62_1-1920x1080-1-250x141.jpg 250w, https:\/\/tg4-docs.s3.amazonaws.com\/wp-content\/uploads\/2025\/03\/26122509\/Zon62_1-1920x1080-1-700x394.jpg 700w, https:\/\/tg4-docs.s3.amazonaws.com\/wp-content\/uploads\/2025\/03\/26122509\/Zon62_1-1920x1080-1-252x141.jpg 252w, https:\/\/tg4-docs.s3.amazonaws.com\/wp-content\/uploads\/2025\/03\/26122509\/Zon62_1-1920x1080-1-1536x864.jpg 1536w, https:\/\/tg4-docs.s3.amazonaws.com\/wp-content\/uploads\/2025\/03\/26122509\/Zon62_1-1920x1080-1-120x68.jpg 120w\" sizes=\"(max-width: 1920px) 100vw, 1920px\" \/><br \/>\n&nbsp;<br \/>\n<iframe loading=\"lazy\" width=\"560\" height=\"315\" src=\"https:\/\/www.youtube.com\/embed\/0EKkxLWQziM\" title=\"YouTube video player\" frameborder=\"0\" allow=\"accelerometer; autoplay; clipboard-write; encrypted-media; gyroscope; picture-in-picture; web-share\" referrerpolicy=\"strict-origin-when-cross-origin\" allowfullscreen><\/iframe><br \/>\n&nbsp;<br \/>\nIs c\u00fais r\u00edm\u00e9id do C\u00fala4 a shraith \u00farnua eachtra\u00edochta <strong>Z\u00f3n 62<\/strong> a fh\u00f3gairt, a bheidh \u00e1 sheoladh in <strong>Wildlands, Maigh Cuilinn, Co. na Gaillimhe D\u00e9 M\u00e1irt an 8 Aibre\u00e1n ag a 4pm<\/strong>.<br \/>\n&nbsp;<br \/>\nSa tsraith seo, at\u00e1 bunaithe ar fhorm\u00e1id an tseomra \u00e9alaithe, rachaidh foireann de cheathrar cairde isteach i <strong>Z\u00f3n 62<\/strong> chun tabhairt faoin d\u00fashl\u00e1n is m\u00f3 d\u00e1 saol. Beidh orthu tomhaiseanna casta a r\u00e9iteach, c\u00f3id r\u00fanda a bhriseadh agus s\u00e9 roth fhiaclacha at\u00e1 i bhfolach sa z\u00f3n a bhaili\u00fa chun \u00e9al\u00fa.<br \/>\n&nbsp;<br \/>\nCuirfidh <strong>Z\u00f3n 62<\/strong>, at\u00e1 l\u00e1n le mist\u00e9ir, comhoibri\u00fa agus fuinneamh, an lucht f\u00e9achana \u00f3g faoi dhra\u00edocht tr\u00ed eachtra\u00ed corraitheacha a cheangal le r\u00e9iteach cliste ar fhadhbanna i ndomhan at\u00e1 dinimici\u00fail \u00f3 thaobh amhairc de. Is c\u00fais r\u00edm\u00e9id do C\u00fala4 chomh maith a fh\u00f3gairt go bhfuiltear i mbun r\u00e9amhl\u00e9irithe cheana f\u00e9in ar an dara sraith.<br \/>\n&nbsp;<br \/>\nTugtar cuireadh do na me\u00e1in freastal ar an seoladh chun bualadh leis an bhfoireann l\u00e9irithe, domhan Z\u00f3n 62 a fhiosr\u00fa, agus taitneamh a bhaint as r\u00e9amhl\u00e9iri\u00fa eisiach den tsraith nua iontach seo.<br \/>\n&nbsp;<br \/>\nD\u00fairt <strong>Niamh N\u00ed Chr\u00f3in\u00edn, l\u00e1ithreoir Z\u00f3n 62<\/strong>: <em>\u201cT\u00e1 an cl\u00e1r seo l\u00e1n le fuinneamh, iontas agus spraoi don inchinn &#8211; bhain m\u00e9 an-sult as gach n\u00f3im\u00e9ad den scann\u00e1n\u00fa! N\u00edl m\u00e9 in ann fanacht go dtiocfaidh an uile dhuine isteach sa Z\u00f3n agus tabhairt faoin d\u00fashl\u00e1n linn.\u201d<\/em><br \/>\n&nbsp;<br \/>\nD\u00fairt <strong>Siobh\u00e1n N\u00ed Bhr\u00e1daigh, Eagarth\u00f3ir Coimisi\u00fanaithe agus Feidhmeannach Ceannach\u00e1n<\/strong> ar \u00c1bhar do Leana\u00ed TG4 agus C\u00fala4: <em>&#8220;Is sraith chliste agus dhinimici\u00fail \u00ed Z\u00f3n 62 a bhaineann leas as an gcruthaitheacht, as an bhfiosracht agus as an bhfonn eachtra\u00edochta at\u00e1 beo i ngach uile ph\u00e1iste. T\u00e1 s\u00e9 go hiontach \u00e1bhar Gaeilge a fheice\u00e1il at\u00e1 curtha i l\u00e1thair i mbealach at\u00e1 ardfhuinni\u00fail agus iontach \u00f3 thaobh amhairc de &#8211; agus t\u00e1 an-bhr\u00f3d orainn \u00e9 a thaispe\u00e1int ar C\u00fala4. Seo cl\u00e1r a dh\u00e9anann ceili\u00faradh ar r\u00e9iteach fadhbanna agus obair foirne i mbealach at\u00e1 \u00far, spra\u00ed\u00fail agus f\u00edortharraingteach.&#8221;<\/em><br \/>\n&nbsp;<br \/>\n<center>Z\u00f3n 62<br \/>\nD\u00e9 Luain, 21\/04\/2025 &#8211; 5:00pm<br \/>\nC\u00fala4 &#038; Cula4.ie<\/center><br \/>\n&nbsp;<\/p>\n","protected":false},"excerpt":{"rendered":"<p>&nbsp; &nbsp; Is c\u00fais r\u00edm\u00e9id do C\u00fala4 a shraith \u00farnua eachtra\u00edochta Z\u00f3n 62 a fh\u00f3gairt, a bheidh \u00e1 sheoladh in Wildlands, Maigh Cuilinn, Co. na Gaillimhe D\u00e9 M\u00e1irt an 8 Aibre\u00e1n ag a 4pm. &nbsp; Sa tsraith seo, at\u00e1 bunaithe ar fhorm\u00e1id an tseomra \u00e9alaithe, rachaidh foireann de cheathrar cairde isteach i Z\u00f3n 62 chun [&hellip;]<\/p>\n","protected":false},"author":876,"featured_media":0,"parent":236807,"menu_order":15,"comment_status":"closed","ping_status":"closed","template":"page-templates\/template-pr.php","meta":{"_acf_changed":false,"footnotes":""},"acf":[],"yoast_head":"<!-- This site is optimized with the Yoast SEO plugin v22.6 - https:\/\/yoast.com\/wordpress\/plugins\/seo\/ -->\n<title>Sraith Nua &#039;Z\u00f3n62&#039; ar C\u00fala4 | Preasr\u00e1iteas | TG4<\/title>\n<meta name=\"description\" content=\"Is c\u00fais r\u00edm\u00e9id do C\u00fala4 a shraith \u00farnua eachtra\u00edochta Z\u00f3n 62 a fh\u00f3gairt, a bheidh \u00e1 sheoladh in Wildlands, Maigh Cuilinn, Co. na Gaillimhe D\u00e9 M\u00e1irt an 8 Aibre\u00e1n ag a 4pm.\" \/>\n<meta name=\"robots\" content=\"index, follow, max-snippet:-1, max-image-preview:large, max-video-preview:-1\" \/>\n<meta property=\"og:locale\" content=\"en_US\" \/>\n<meta property=\"og:type\" content=\"article\" \/>\n<meta property=\"og:title\" content=\"Sraith Nua &#039;Z\u00f3n62&#039; ar C\u00fala4 | Preasr\u00e1iteas | TG4\" \/>\n<meta property=\"og:description\" content=\"Is c\u00fais r\u00edm\u00e9id do C\u00fala4 a shraith \u00farnua eachtra\u00edochta Z\u00f3n 62 a fh\u00f3gairt, a bheidh \u00e1 sheoladh in Wildlands, Maigh Cuilinn, Co. na Gaillimhe D\u00e9 M\u00e1irt an 8 Aibre\u00e1n ag a 4pm.\" \/>\n<meta property=\"og:url\" content=\"https:\/\/dev.tg4.ie\/ga\/eolas\/preas\/nuacht-raitis\/2025-2\/sraith-nua-zon62-ar-cula4\/\" \/>\n<meta property=\"og:site_name\" content=\"TG4\" \/>\n<meta property=\"article:publisher\" content=\"https:\/\/www.facebook.com\/TG4TV\" \/>\n<meta property=\"og:image\" content=\"https:\/\/tg4-docs.s3.amazonaws.com\/wp-content\/uploads\/2025\/03\/26122509\/Zon62_1-1920x1080-1.jpg\" \/>\n\t<meta property=\"og:image:width\" content=\"1920\" \/>\n\t<meta property=\"og:image:height\" content=\"1080\" \/>\n\t<meta property=\"og:image:type\" content=\"image\/jpeg\" \/>\n<meta name=\"twitter:card\" content=\"summary_large_image\" \/>\n<meta name=\"twitter:image\" content=\"https:\/\/tg4-docs.s3.amazonaws.com\/wp-content\/uploads\/2025\/03\/26122509\/Zon62_1-1920x1080-1.jpg\" \/>\n<meta name=\"twitter:site\" content=\"@TG4TV\" \/>\n<meta name=\"twitter:label1\" content=\"Est. reading time\" \/>\n\t<meta name=\"twitter:data1\" content=\"2 minutes\" \/>\n<script type=\"application\/ld+json\" class=\"yoast-schema-graph\">{\"@context\":\"https:\/\/schema.org\",\"@graph\":[{\"@type\":\"WebPage\",\"@id\":\"https:\/\/dev.tg4.ie\/ga\/eolas\/preas\/nuacht-raitis\/2025-2\/sraith-nua-zon62-ar-cula4\/\",\"url\":\"https:\/\/dev.tg4.ie\/ga\/eolas\/preas\/nuacht-raitis\/2025-2\/sraith-nua-zon62-ar-cula4\/\",\"name\":\"Sraith Nua 'Z\u00f3n62' ar C\u00fala4 | Preasr\u00e1iteas | TG4\",\"isPartOf\":{\"@id\":\"https:\/\/dev.tg4.ie\/en\/#website\"},\"primaryImageOfPage\":{\"@id\":\"https:\/\/dev.tg4.ie\/ga\/eolas\/preas\/nuacht-raitis\/2025-2\/sraith-nua-zon62-ar-cula4\/#primaryimage\"},\"image\":{\"@id\":\"https:\/\/dev.tg4.ie\/ga\/eolas\/preas\/nuacht-raitis\/2025-2\/sraith-nua-zon62-ar-cula4\/#primaryimage\"},\"thumbnailUrl\":\"https:\/\/dev.tg4.ie\/wp-content\/uploads\/2025\/03\/Zon62_1-1920x1080-1.jpg\",\"datePublished\":\"2025-04-07T13:52:28+00:00\",\"dateModified\":\"2025-04-07T13:52:28+00:00\",\"description\":\"Is c\u00fais r\u00edm\u00e9id do C\u00fala4 a shraith \u00farnua eachtra\u00edochta Z\u00f3n 62 a fh\u00f3gairt, a bheidh \u00e1 sheoladh in Wildlands, Maigh Cuilinn, Co. na Gaillimhe D\u00e9 M\u00e1irt an 8 Aibre\u00e1n ag a 4pm.\",\"breadcrumb\":{\"@id\":\"https:\/\/dev.tg4.ie\/ga\/eolas\/preas\/nuacht-raitis\/2025-2\/sraith-nua-zon62-ar-cula4\/#breadcrumb\"},\"inLanguage\":\"ga\",\"potentialAction\":[{\"@type\":\"ReadAction\",\"target\":[\"https:\/\/dev.tg4.ie\/ga\/eolas\/preas\/nuacht-raitis\/2025-2\/sraith-nua-zon62-ar-cula4\/\"]}]},{\"@type\":\"ImageObject\",\"inLanguage\":\"ga\",\"@id\":\"https:\/\/dev.tg4.ie\/ga\/eolas\/preas\/nuacht-raitis\/2025-2\/sraith-nua-zon62-ar-cula4\/#primaryimage\",\"url\":\"https:\/\/dev.tg4.ie\/wp-content\/uploads\/2025\/03\/Zon62_1-1920x1080-1.jpg\",\"contentUrl\":\"https:\/\/dev.tg4.ie\/wp-content\/uploads\/2025\/03\/Zon62_1-1920x1080-1.jpg\"},{\"@type\":\"BreadcrumbList\",\"@id\":\"https:\/\/dev.tg4.ie\/ga\/eolas\/preas\/nuacht-raitis\/2025-2\/sraith-nua-zon62-ar-cula4\/#breadcrumb\",\"itemListElement\":[{\"@type\":\"ListItem\",\"position\":1,\"name\":\"Home\",\"item\":\"https:\/\/dev.tg4.ie\/ga\/\"},{\"@type\":\"ListItem\",\"position\":2,\"name\":\"Eolas\",\"item\":\"https:\/\/dev.tg4.ie\/ga\/eolas\/\"},{\"@type\":\"ListItem\",\"position\":3,\"name\":\"Preas\",\"item\":\"https:\/\/dev.tg4.ie\/ga\/eolas\/preas\/\"},{\"@type\":\"ListItem\",\"position\":4,\"name\":\"Nuacht R\u00e1itis\",\"item\":\"https:\/\/dev.tg4.ie\/ga\/eolas\/preas\/nuacht-raitis\/\"},{\"@type\":\"ListItem\",\"position\":5,\"name\":\"2025\",\"item\":\"https:\/\/dev.tg4.ie\/ga\/eolas\/preas\/nuacht-raitis\/2025-2\/\"},{\"@type\":\"ListItem\",\"position\":6,\"name\":\"Sraith Nua &#8216;Z\u00f3n62&#8217; ar C\u00fala4\"}]},{\"@type\":\"WebSite\",\"@id\":\"https:\/\/dev.tg4.ie\/en\/#website\",\"url\":\"https:\/\/dev.tg4.ie\/en\/\",\"name\":\"TG4\",\"description\":\"S\u00fail Eile\",\"potentialAction\":[{\"@type\":\"SearchAction\",\"target\":{\"@type\":\"EntryPoint\",\"urlTemplate\":\"https:\/\/dev.tg4.ie\/en\/?s={search_term_string}\"},\"query-input\":\"required name=search_term_string\"}],\"inLanguage\":\"ga\"}]}<\/script>\n<!-- \/ Yoast SEO plugin. -->","yoast_head_json":{"title":"Sraith Nua 'Z\u00f3n62' ar C\u00fala4 | Preasr\u00e1iteas | TG4","description":"Is c\u00fais r\u00edm\u00e9id do C\u00fala4 a shraith \u00farnua eachtra\u00edochta Z\u00f3n 62 a fh\u00f3gairt, a bheidh \u00e1 sheoladh in Wildlands, Maigh Cuilinn, Co. na Gaillimhe D\u00e9 M\u00e1irt an 8 Aibre\u00e1n ag a 4pm.","robots":{"index":"index","follow":"follow","max-snippet":"max-snippet:-1","max-image-preview":"max-image-preview:large","max-video-preview":"max-video-preview:-1"},"og_locale":"en_US","og_type":"article","og_title":"Sraith Nua 'Z\u00f3n62' ar C\u00fala4 | Preasr\u00e1iteas | TG4","og_description":"Is c\u00fais r\u00edm\u00e9id do C\u00fala4 a shraith \u00farnua eachtra\u00edochta Z\u00f3n 62 a fh\u00f3gairt, a bheidh \u00e1 sheoladh in Wildlands, Maigh Cuilinn, Co. na Gaillimhe D\u00e9 M\u00e1irt an 8 Aibre\u00e1n ag a 4pm.","og_url":"https:\/\/dev.tg4.ie\/ga\/eolas\/preas\/nuacht-raitis\/2025-2\/sraith-nua-zon62-ar-cula4\/","og_site_name":"TG4","article_publisher":"https:\/\/www.facebook.com\/TG4TV","og_image":[{"width":1920,"height":1080,"url":"https:\/\/tg4-docs.s3.amazonaws.com\/wp-content\/uploads\/2025\/03\/26122509\/Zon62_1-1920x1080-1.jpg","type":"image\/jpeg"}],"twitter_card":"summary_large_image","twitter_image":"https:\/\/tg4-docs.s3.amazonaws.com\/wp-content\/uploads\/2025\/03\/26122509\/Zon62_1-1920x1080-1.jpg","twitter_site":"@TG4TV","twitter_misc":{"Est. reading time":"2 minutes"},"schema":{"@context":"https:\/\/schema.org","@graph":[{"@type":"WebPage","@id":"https:\/\/dev.tg4.ie\/ga\/eolas\/preas\/nuacht-raitis\/2025-2\/sraith-nua-zon62-ar-cula4\/","url":"https:\/\/dev.tg4.ie\/ga\/eolas\/preas\/nuacht-raitis\/2025-2\/sraith-nua-zon62-ar-cula4\/","name":"Sraith Nua 'Z\u00f3n62' ar C\u00fala4 | Preasr\u00e1iteas | TG4","isPartOf":{"@id":"https:\/\/dev.tg4.ie\/en\/#website"},"primaryImageOfPage":{"@id":"https:\/\/dev.tg4.ie\/ga\/eolas\/preas\/nuacht-raitis\/2025-2\/sraith-nua-zon62-ar-cula4\/#primaryimage"},"image":{"@id":"https:\/\/dev.tg4.ie\/ga\/eolas\/preas\/nuacht-raitis\/2025-2\/sraith-nua-zon62-ar-cula4\/#primaryimage"},"thumbnailUrl":"https:\/\/dev.tg4.ie\/wp-content\/uploads\/2025\/03\/Zon62_1-1920x1080-1.jpg","datePublished":"2025-04-07T13:52:28+00:00","dateModified":"2025-04-07T13:52:28+00:00","description":"Is c\u00fais r\u00edm\u00e9id do C\u00fala4 a shraith \u00farnua eachtra\u00edochta Z\u00f3n 62 a fh\u00f3gairt, a bheidh \u00e1 sheoladh in Wildlands, Maigh Cuilinn, Co. na Gaillimhe D\u00e9 M\u00e1irt an 8 Aibre\u00e1n ag a 4pm.","breadcrumb":{"@id":"https:\/\/dev.tg4.ie\/ga\/eolas\/preas\/nuacht-raitis\/2025-2\/sraith-nua-zon62-ar-cula4\/#breadcrumb"},"inLanguage":"ga","potentialAction":[{"@type":"ReadAction","target":["https:\/\/dev.tg4.ie\/ga\/eolas\/preas\/nuacht-raitis\/2025-2\/sraith-nua-zon62-ar-cula4\/"]}]},{"@type":"ImageObject","inLanguage":"ga","@id":"https:\/\/dev.tg4.ie\/ga\/eolas\/preas\/nuacht-raitis\/2025-2\/sraith-nua-zon62-ar-cula4\/#primaryimage","url":"https:\/\/dev.tg4.ie\/wp-content\/uploads\/2025\/03\/Zon62_1-1920x1080-1.jpg","contentUrl":"https:\/\/dev.tg4.ie\/wp-content\/uploads\/2025\/03\/Zon62_1-1920x1080-1.jpg"},{"@type":"BreadcrumbList","@id":"https:\/\/dev.tg4.ie\/ga\/eolas\/preas\/nuacht-raitis\/2025-2\/sraith-nua-zon62-ar-cula4\/#breadcrumb","itemListElement":[{"@type":"ListItem","position":1,"name":"Home","item":"https:\/\/dev.tg4.ie\/ga\/"},{"@type":"ListItem","position":2,"name":"Eolas","item":"https:\/\/dev.tg4.ie\/ga\/eolas\/"},{"@type":"ListItem","position":3,"name":"Preas","item":"https:\/\/dev.tg4.ie\/ga\/eolas\/preas\/"},{"@type":"ListItem","position":4,"name":"Nuacht R\u00e1itis","item":"https:\/\/dev.tg4.ie\/ga\/eolas\/preas\/nuacht-raitis\/"},{"@type":"ListItem","position":5,"name":"2025","item":"https:\/\/dev.tg4.ie\/ga\/eolas\/preas\/nuacht-raitis\/2025-2\/"},{"@type":"ListItem","position":6,"name":"Sraith Nua &#8216;Z\u00f3n62&#8217; ar C\u00fala4"}]},{"@type":"WebSite","@id":"https:\/\/dev.tg4.ie\/en\/#website","url":"https:\/\/dev.tg4.ie\/en\/","name":"TG4","description":"S\u00fail Eile","potentialAction":[{"@type":"SearchAction","target":{"@type":"EntryPoint","urlTemplate":"https:\/\/dev.tg4.ie\/en\/?s={search_term_string}"},"query-input":"required name=search_term_string"}],"inLanguage":"ga"}]}},"_links":{"self":[{"href":"https:\/\/dev.tg4.ie\/ga\/wp-json\/wp\/v2\/pages\/244207"}],"collection":[{"href":"https:\/\/dev.tg4.ie\/ga\/wp-json\/wp\/v2\/pages"}],"about":[{"href":"https:\/\/dev.tg4.ie\/ga\/wp-json\/wp\/v2\/types\/page"}],"author":[{"embeddable":true,"href":"https:\/\/dev.tg4.ie\/ga\/wp-json\/wp\/v2\/users\/876"}],"replies":[{"embeddable":true,"href":"https:\/\/dev.tg4.ie\/ga\/wp-json\/wp\/v2\/comments?post=244207"}],"version-history":[{"count":0,"href":"https:\/\/dev.tg4.ie\/ga\/wp-json\/wp\/v2\/pages\/244207\/revisions"}],"up":[{"embeddable":true,"href":"https:\/\/dev.tg4.ie\/ga\/wp-json\/wp\/v2\/pages\/236807"}],"wp:attachment":[{"href":"https:\/\/dev.tg4.ie\/ga\/wp-json\/wp\/v2\/media?parent=244207"}],"curies":[{"name":"wp","href":"https:\/\/api.w.org\/{rel}","templated":true}]}}