{"id":244253,"date":"2025-04-08T09:43:19","date_gmt":"2025-04-08T08:43:19","guid":{"rendered":"https:\/\/dev.tg4.ie\/?page_id=244253"},"modified":"2025-04-08T09:43:19","modified_gmt":"2025-04-08T08:43:19","slug":"sceim-inteirneachta-le-tg4-do-cheimithe-no-do-tosaitheoiri-lunasa-2025-lunasa-2026","status":"publish","type":"page","link":"https:\/\/dev.tg4.ie\/ga\/eolas\/preas\/nuacht-raitis\/2025-2\/sceim-inteirneachta-le-tg4-do-cheimithe-no-do-tosaitheoiri-lunasa-2025-lunasa-2026\/","title":{"rendered":"Sc\u00e9im Int\u00e9irneachta le TG4 do ch\u00e9imithe n\u00f3 do tosaitheoir\u00ed L\u00fanasa 2025 &#8211; L\u00fanasa 2026"},"content":{"rendered":"<p><img loading=\"lazy\" decoding=\"async\" width=\"1920\" height=\"1080\" src=\"https:\/\/tg4-docs.s3.amazonaws.com\/tg4-redesign-2015\/wp-content\/uploads\/2018\/04\/Tallan_TG4.jpg\" alt=\"Tallan TG4\" class=\"aligncenter size-full wp-image-81857\" srcset=\"https:\/\/tg4-docs.s3.amazonaws.com\/tg4-redesign-2015\/wp-content\/uploads\/2018\/04\/Tallan_TG4.jpg 1920w, https:\/\/tg4-docs.s3.amazonaws.com\/tg4-redesign-2015\/wp-content\/uploads\/2018\/04\/Tallan_TG4.jpg 252w, https:\/\/tg4-docs.s3.amazonaws.com\/tg4-redesign-2015\/wp-content\/uploads\/2018\/04\/Tallan_TG4.jpg 250w, https:\/\/tg4-docs.s3.amazonaws.com\/tg4-redesign-2015\/wp-content\/uploads\/2018\/04\/Tallan_TG4.jpg 700w, https:\/\/tg4-docs.s3.amazonaws.com\/tg4-redesign-2015\/wp-content\/uploads\/2018\/04\/Tallan_TG4.jpg 120w\" sizes=\"(max-width: 1920px) 100vw, 1920px\" \/><br \/>\n&nbsp;<\/p>\n<p>Cuirfear f\u00e1ilte roimh iarratais \u00f3 tosaitheoir\u00ed n\u00f3 \u00f3 ch\u00e9imithe ollscoile chun tr\u00e9imhse bliana a chaitheamh ar int\u00e9irneacht le TG4 i mBaile na hAbhann.<br \/>\n&nbsp;<br \/>\nT\u00e1 daoine faoi oili\u00faint \u00e1 lorg sna r\u00e9ims\u00ed seo a leanas:<br \/>\n<strong><\/p>\n<ul>\n<li>Int\u00e9irn le BLOC<\/li>\n<li>Int\u00e9irn le MOLSC\u00c9AL<\/li>\n<li>Int\u00e9irn le Sp\u00f3rt TG4<\/li>\n<li>Int\u00e9irn \u00e1bhar Oideachais<\/li>\n<li>Eala\u00edont\u00f3ir Grafaic\u00ed faoi oili\u00faint<\/li>\n<li>Int\u00e9irn Eagarth\u00f3ireachta<\/li>\n<\/ul>\n<p><\/strong><\/p>\n<p>Agus freisin t\u00e1 <strong>Int\u00e9irneacht ar bhonn p\u00e1irtaimseartha ar feadh tr\u00e9imhse bliana i TG4 do mhic l\u00e9inn sa r\u00e9imse Dl\u00ed<\/strong>, ag tos\u00fa i m\u00ed L\u00fanasa 2025 (2 l\u00e1 sa tseachtain).<br \/>\n&nbsp;<br \/>\nIs deis \u00e9 seo do dhaoine at\u00e1 ag tos\u00fa amach san earn\u00e1il F\u00edse agus at\u00e1 ag iarraidh taith\u00ed phraitici\u00fail a fh\u00e1il chun cur leis an oili\u00faint at\u00e1 faighte acu go dt\u00ed seo. \u00cdocfar tuarastal le linn na bliana taith\u00ed oibre seo agus beidh deiseanna oili\u00fana eile ar f\u00e1il le linn na bliana. Daoine a bhfuil Gaeilge den scoth acu agus a bhfuil suim acu sna hard\u00e1in me\u00e1n s\u00f3isialta at\u00e1 \u00e1 lorg againn. Beifear ag s\u00fail go mbeidh scileanna taighde agus cumas maith scr\u00edofa (i nGaeilge &#038; i mB\u00e9arla) ag an t\u00e9 a cheapfar chomh maith le tuiscint a bheith acu ar c\u00e9ard is sc\u00e9al mealltach ann.<br \/>\n&nbsp;<br \/>\nI measc na ndualgas a bheidh ar an t\u00e9 a cheapfar, beidh: \u2022 M\u00edreanna a aimsi\u00fa, a sceideal\u00fa agus a chur in eagar le cur ar ard\u00e1in sh\u00f3isialta TG4. \u2022 Beidh ceannscr\u00edbhinn agus fotheidil le cruth\u00fa d\u2019\u00e1bhar ar l\u00edne, mar aon le h\u00e1bhar a chur in oiri\u00faint do na hard\u00e1in sh\u00f3isialta. \u2022 Beidh an t\u00e9 a cheapfar ina phointe teagmh\u00e1la ag an bpobal agus beidh c\u00faram air\/uirthi comhord\u00fa a dh\u00e9anamh ar fhreagra\u00ed chuig an bpobal ar na hard\u00e1in sh\u00f3isialta. \u2022 Aon fhreagrachta\u00ed eile arna sannadh agus arna meas ag an mbainisteoir\/sti\u00farth\u00f3ir na rann\u00f3ige bunaithe ar riachtanais an ghn\u00f3. B\u00edonn tionscal na teilif\u00edse ag s\u00edorathr\u00fa.<br \/>\n&nbsp;<br \/>\nGlacann TG4 go fonnmhar leis na hathruithe seo agus athr\u00f3idh an comhlacht agus dualgais na foirne d\u00e1 r\u00e9ir. Gheobhaidh an t\u00e9 a cheapfar taith\u00ed chuimsitheach ar bheith ag obair i r\u00e9imse an l\u00e9iri\u00fach\u00e1in faoi l\u00e1thair ina nd\u00e9antar comhord\u00fa ar obair eagarth\u00f3ireachta agus ar obair foilsitheoireachta ar na hard\u00e1in Dhigiteacha.<br \/>\n&nbsp;<br \/>\nIs fost\u00f3ir comhdheiseanna \u00e9 TG4 agus d\u00e9anfar iarratais inch\u00e1ilithe a mheas beag beann ar inscne, gn\u00e9aschlaonadh, aois, taith\u00ed sh\u00f3isialta, cine agus eitneacht, \u00e9agumas, st\u00e1das sibhialta an teaghlaigh, creideamh n\u00f3 ar duine den Lucht Si\u00fail at\u00e1 i gceist. T\u00e1 TG4 i bhfabhar na h\u00e9ags\u00falachta.<br \/>\n&nbsp;<br \/>\nF\u00e1ilteoidh muid roimh iarratais \u00f3 dhaoine \u00f3 ch\u00falra\u00ed \u00e9ags\u00fala.<br \/>\n&nbsp;<br \/>\nSeol do CV, litir iarratas chomh maith le sampla de do chuid oibre ar na me\u00e1in sh\u00f3isialta\/obair grafaic\u00ed\/obair eagarth\u00f3ireachta in 2 de na r\u00e9ims\u00ed sin thuas ar a mh\u00e9ad &#8211; Molsc\u00e9al, BLOC, Sp\u00f3rt, Oideachas, Grafaic\u00ed, Eagarth\u00f3ireacht n\u00f3 Dl\u00ed chuig <a href=\"mailto:cv@dev.tg4.ie\" rel=\"noopener\" target=\"_blank\">cv@dev.tg4.ie<\/a>. Cuir do ch\u00e9ad d\u00e1 rogha as na roghanna thuas in i\u00fal. Cinntigh freisin go bhfuil an taith\u00ed oibre \u00e1bhartha at\u00e1 liostaithe agat i do CV ag teacht leis na hard\u00e1in a bhfuil suim agat cur isteach orthu.<br \/>\n&nbsp;<br \/>\n<strong>An d\u00e1ta deiridh a nglacfar le hiarratais: 4pm D\u00e9ardaoin an 17 Aibre\u00e1n 2025.<\/strong><br \/>\n&nbsp;<\/p>\n","protected":false},"excerpt":{"rendered":"<p>&nbsp; Cuirfear f\u00e1ilte roimh iarratais \u00f3 tosaitheoir\u00ed n\u00f3 \u00f3 ch\u00e9imithe ollscoile chun tr\u00e9imhse bliana a chaitheamh ar int\u00e9irneacht le TG4 i mBaile na hAbhann. &nbsp; T\u00e1 daoine faoi oili\u00faint \u00e1 lorg sna r\u00e9ims\u00ed seo a leanas: Int\u00e9irn le BLOC Int\u00e9irn le MOLSC\u00c9AL Int\u00e9irn le Sp\u00f3rt TG4 Int\u00e9irn \u00e1bhar Oideachais Eala\u00edont\u00f3ir Grafaic\u00ed faoi oili\u00faint Int\u00e9irn Eagarth\u00f3ireachta [&hellip;]<\/p>\n","protected":false},"author":876,"featured_media":0,"parent":236807,"menu_order":16,"comment_status":"closed","ping_status":"closed","template":"page-templates\/template-pr.php","meta":{"_acf_changed":false,"footnotes":""},"acf":[],"yoast_head":"<!-- This site is optimized with the Yoast SEO plugin v22.6 - https:\/\/yoast.com\/wordpress\/plugins\/seo\/ -->\n<title>Sc\u00e9im Int\u00e9irneachta le TG4 do ch\u00e9imithe n\u00f3 do tosaitheoir\u00ed L\u00fanasa 2025 - L\u00fanasa 2026 | Preasr\u00e1iteas | TG4<\/title>\n<meta name=\"description\" content=\"Cuirfear f\u00e1ilte roimh iarratais \u00f3 tosaitheoir\u00ed n\u00f3 \u00f3 ch\u00e9imithe ollscoile chun tr\u00e9imhse bliana a chaitheamh ar int\u00e9irneacht le TG4 i mBaile na hAbhann.\" \/>\n<meta name=\"robots\" content=\"index, follow, max-snippet:-1, max-image-preview:large, max-video-preview:-1\" \/>\n<meta property=\"og:locale\" content=\"en_US\" \/>\n<meta property=\"og:type\" content=\"article\" \/>\n<meta property=\"og:title\" content=\"Sc\u00e9im Int\u00e9irneachta le TG4 do ch\u00e9imithe n\u00f3 do tosaitheoir\u00ed L\u00fanasa 2025 - L\u00fanasa 2026 | Preasr\u00e1iteas | TG4\" \/>\n<meta property=\"og:description\" content=\"Cuirfear f\u00e1ilte roimh iarratais \u00f3 tosaitheoir\u00ed n\u00f3 \u00f3 ch\u00e9imithe ollscoile chun tr\u00e9imhse bliana a chaitheamh ar int\u00e9irneacht le TG4 i mBaile na hAbhann.\" \/>\n<meta property=\"og:url\" content=\"https:\/\/dev.tg4.ie\/ga\/eolas\/preas\/nuacht-raitis\/2025-2\/sceim-inteirneachta-le-tg4-do-cheimithe-no-do-tosaitheoiri-lunasa-2025-lunasa-2026\/\" \/>\n<meta property=\"og:site_name\" content=\"TG4\" \/>\n<meta property=\"article:publisher\" content=\"https:\/\/www.facebook.com\/TG4TV\" \/>\n<meta property=\"og:image\" content=\"https:\/\/tg4-docs.s3.amazonaws.com\/tg4-redesign-2015\/wp-content\/uploads\/2018\/04\/Tallan_TG4.jpg\" \/>\n\t<meta property=\"og:image:width\" content=\"1920\" \/>\n\t<meta property=\"og:image:height\" content=\"1080\" \/>\n\t<meta property=\"og:image:type\" content=\"image\/jpeg\" \/>\n<meta name=\"twitter:card\" content=\"summary_large_image\" \/>\n<meta name=\"twitter:image\" content=\"https:\/\/tg4-docs.s3.amazonaws.com\/tg4-redesign-2015\/wp-content\/uploads\/2018\/04\/Tallan_TG4.jpg\" \/>\n<meta name=\"twitter:site\" content=\"@TG4TV\" \/>\n<meta name=\"twitter:label1\" content=\"Est. reading time\" \/>\n\t<meta name=\"twitter:data1\" content=\"3 minutes\" \/>\n<script type=\"application\/ld+json\" class=\"yoast-schema-graph\">{\"@context\":\"https:\/\/schema.org\",\"@graph\":[{\"@type\":\"WebPage\",\"@id\":\"https:\/\/dev.tg4.ie\/ga\/eolas\/preas\/nuacht-raitis\/2025-2\/sceim-inteirneachta-le-tg4-do-cheimithe-no-do-tosaitheoiri-lunasa-2025-lunasa-2026\/\",\"url\":\"https:\/\/dev.tg4.ie\/ga\/eolas\/preas\/nuacht-raitis\/2025-2\/sceim-inteirneachta-le-tg4-do-cheimithe-no-do-tosaitheoiri-lunasa-2025-lunasa-2026\/\",\"name\":\"Sc\u00e9im Int\u00e9irneachta le TG4 do ch\u00e9imithe n\u00f3 do tosaitheoir\u00ed L\u00fanasa 2025 - L\u00fanasa 2026 | Preasr\u00e1iteas | TG4\",\"isPartOf\":{\"@id\":\"https:\/\/dev.tg4.ie\/en\/#website\"},\"primaryImageOfPage\":{\"@id\":\"https:\/\/dev.tg4.ie\/ga\/eolas\/preas\/nuacht-raitis\/2025-2\/sceim-inteirneachta-le-tg4-do-cheimithe-no-do-tosaitheoiri-lunasa-2025-lunasa-2026\/#primaryimage\"},\"image\":{\"@id\":\"https:\/\/dev.tg4.ie\/ga\/eolas\/preas\/nuacht-raitis\/2025-2\/sceim-inteirneachta-le-tg4-do-cheimithe-no-do-tosaitheoiri-lunasa-2025-lunasa-2026\/#primaryimage\"},\"thumbnailUrl\":\"https:\/\/dev.tg4.ie\/wp-content\/uploads\/2018\/04\/Tallan_TG4.jpg\",\"datePublished\":\"2025-04-08T08:43:19+00:00\",\"dateModified\":\"2025-04-08T08:43:19+00:00\",\"description\":\"Cuirfear f\u00e1ilte roimh iarratais \u00f3 tosaitheoir\u00ed n\u00f3 \u00f3 ch\u00e9imithe ollscoile chun tr\u00e9imhse bliana a chaitheamh ar int\u00e9irneacht le TG4 i mBaile na hAbhann.\",\"breadcrumb\":{\"@id\":\"https:\/\/dev.tg4.ie\/ga\/eolas\/preas\/nuacht-raitis\/2025-2\/sceim-inteirneachta-le-tg4-do-cheimithe-no-do-tosaitheoiri-lunasa-2025-lunasa-2026\/#breadcrumb\"},\"inLanguage\":\"ga\",\"potentialAction\":[{\"@type\":\"ReadAction\",\"target\":[\"https:\/\/dev.tg4.ie\/ga\/eolas\/preas\/nuacht-raitis\/2025-2\/sceim-inteirneachta-le-tg4-do-cheimithe-no-do-tosaitheoiri-lunasa-2025-lunasa-2026\/\"]}]},{\"@type\":\"ImageObject\",\"inLanguage\":\"ga\",\"@id\":\"https:\/\/dev.tg4.ie\/ga\/eolas\/preas\/nuacht-raitis\/2025-2\/sceim-inteirneachta-le-tg4-do-cheimithe-no-do-tosaitheoiri-lunasa-2025-lunasa-2026\/#primaryimage\",\"url\":\"https:\/\/dev.tg4.ie\/wp-content\/uploads\/2018\/04\/Tallan_TG4.jpg\",\"contentUrl\":\"https:\/\/dev.tg4.ie\/wp-content\/uploads\/2018\/04\/Tallan_TG4.jpg\"},{\"@type\":\"BreadcrumbList\",\"@id\":\"https:\/\/dev.tg4.ie\/ga\/eolas\/preas\/nuacht-raitis\/2025-2\/sceim-inteirneachta-le-tg4-do-cheimithe-no-do-tosaitheoiri-lunasa-2025-lunasa-2026\/#breadcrumb\",\"itemListElement\":[{\"@type\":\"ListItem\",\"position\":1,\"name\":\"Home\",\"item\":\"https:\/\/dev.tg4.ie\/ga\/\"},{\"@type\":\"ListItem\",\"position\":2,\"name\":\"Eolas\",\"item\":\"https:\/\/dev.tg4.ie\/ga\/eolas\/\"},{\"@type\":\"ListItem\",\"position\":3,\"name\":\"Preas\",\"item\":\"https:\/\/dev.tg4.ie\/ga\/eolas\/preas\/\"},{\"@type\":\"ListItem\",\"position\":4,\"name\":\"Nuacht R\u00e1itis\",\"item\":\"https:\/\/dev.tg4.ie\/ga\/eolas\/preas\/nuacht-raitis\/\"},{\"@type\":\"ListItem\",\"position\":5,\"name\":\"2025\",\"item\":\"https:\/\/dev.tg4.ie\/ga\/eolas\/preas\/nuacht-raitis\/2025-2\/\"},{\"@type\":\"ListItem\",\"position\":6,\"name\":\"Sc\u00e9im Int\u00e9irneachta le TG4 do ch\u00e9imithe n\u00f3 do tosaitheoir\u00ed L\u00fanasa 2025 &#8211; L\u00fanasa 2026\"}]},{\"@type\":\"WebSite\",\"@id\":\"https:\/\/dev.tg4.ie\/en\/#website\",\"url\":\"https:\/\/dev.tg4.ie\/en\/\",\"name\":\"TG4\",\"description\":\"S\u00fail Eile\",\"potentialAction\":[{\"@type\":\"SearchAction\",\"target\":{\"@type\":\"EntryPoint\",\"urlTemplate\":\"https:\/\/dev.tg4.ie\/en\/?s={search_term_string}\"},\"query-input\":\"required name=search_term_string\"}],\"inLanguage\":\"ga\"}]}<\/script>\n<!-- \/ Yoast SEO plugin. -->","yoast_head_json":{"title":"Sc\u00e9im Int\u00e9irneachta le TG4 do ch\u00e9imithe n\u00f3 do tosaitheoir\u00ed L\u00fanasa 2025 - L\u00fanasa 2026 | Preasr\u00e1iteas | TG4","description":"Cuirfear f\u00e1ilte roimh iarratais \u00f3 tosaitheoir\u00ed n\u00f3 \u00f3 ch\u00e9imithe ollscoile chun tr\u00e9imhse bliana a chaitheamh ar int\u00e9irneacht le TG4 i mBaile na hAbhann.","robots":{"index":"index","follow":"follow","max-snippet":"max-snippet:-1","max-image-preview":"max-image-preview:large","max-video-preview":"max-video-preview:-1"},"og_locale":"en_US","og_type":"article","og_title":"Sc\u00e9im Int\u00e9irneachta le TG4 do ch\u00e9imithe n\u00f3 do tosaitheoir\u00ed L\u00fanasa 2025 - L\u00fanasa 2026 | Preasr\u00e1iteas | TG4","og_description":"Cuirfear f\u00e1ilte roimh iarratais \u00f3 tosaitheoir\u00ed n\u00f3 \u00f3 ch\u00e9imithe ollscoile chun tr\u00e9imhse bliana a chaitheamh ar int\u00e9irneacht le TG4 i mBaile na hAbhann.","og_url":"https:\/\/dev.tg4.ie\/ga\/eolas\/preas\/nuacht-raitis\/2025-2\/sceim-inteirneachta-le-tg4-do-cheimithe-no-do-tosaitheoiri-lunasa-2025-lunasa-2026\/","og_site_name":"TG4","article_publisher":"https:\/\/www.facebook.com\/TG4TV","og_image":[{"width":1920,"height":1080,"url":"https:\/\/tg4-docs.s3.amazonaws.com\/tg4-redesign-2015\/wp-content\/uploads\/2018\/04\/Tallan_TG4.jpg","type":"image\/jpeg"}],"twitter_card":"summary_large_image","twitter_image":"https:\/\/tg4-docs.s3.amazonaws.com\/tg4-redesign-2015\/wp-content\/uploads\/2018\/04\/Tallan_TG4.jpg","twitter_site":"@TG4TV","twitter_misc":{"Est. reading time":"3 minutes"},"schema":{"@context":"https:\/\/schema.org","@graph":[{"@type":"WebPage","@id":"https:\/\/dev.tg4.ie\/ga\/eolas\/preas\/nuacht-raitis\/2025-2\/sceim-inteirneachta-le-tg4-do-cheimithe-no-do-tosaitheoiri-lunasa-2025-lunasa-2026\/","url":"https:\/\/dev.tg4.ie\/ga\/eolas\/preas\/nuacht-raitis\/2025-2\/sceim-inteirneachta-le-tg4-do-cheimithe-no-do-tosaitheoiri-lunasa-2025-lunasa-2026\/","name":"Sc\u00e9im Int\u00e9irneachta le TG4 do ch\u00e9imithe n\u00f3 do tosaitheoir\u00ed L\u00fanasa 2025 - L\u00fanasa 2026 | Preasr\u00e1iteas | TG4","isPartOf":{"@id":"https:\/\/dev.tg4.ie\/en\/#website"},"primaryImageOfPage":{"@id":"https:\/\/dev.tg4.ie\/ga\/eolas\/preas\/nuacht-raitis\/2025-2\/sceim-inteirneachta-le-tg4-do-cheimithe-no-do-tosaitheoiri-lunasa-2025-lunasa-2026\/#primaryimage"},"image":{"@id":"https:\/\/dev.tg4.ie\/ga\/eolas\/preas\/nuacht-raitis\/2025-2\/sceim-inteirneachta-le-tg4-do-cheimithe-no-do-tosaitheoiri-lunasa-2025-lunasa-2026\/#primaryimage"},"thumbnailUrl":"https:\/\/dev.tg4.ie\/wp-content\/uploads\/2018\/04\/Tallan_TG4.jpg","datePublished":"2025-04-08T08:43:19+00:00","dateModified":"2025-04-08T08:43:19+00:00","description":"Cuirfear f\u00e1ilte roimh iarratais \u00f3 tosaitheoir\u00ed n\u00f3 \u00f3 ch\u00e9imithe ollscoile chun tr\u00e9imhse bliana a chaitheamh ar int\u00e9irneacht le TG4 i mBaile na hAbhann.","breadcrumb":{"@id":"https:\/\/dev.tg4.ie\/ga\/eolas\/preas\/nuacht-raitis\/2025-2\/sceim-inteirneachta-le-tg4-do-cheimithe-no-do-tosaitheoiri-lunasa-2025-lunasa-2026\/#breadcrumb"},"inLanguage":"ga","potentialAction":[{"@type":"ReadAction","target":["https:\/\/dev.tg4.ie\/ga\/eolas\/preas\/nuacht-raitis\/2025-2\/sceim-inteirneachta-le-tg4-do-cheimithe-no-do-tosaitheoiri-lunasa-2025-lunasa-2026\/"]}]},{"@type":"ImageObject","inLanguage":"ga","@id":"https:\/\/dev.tg4.ie\/ga\/eolas\/preas\/nuacht-raitis\/2025-2\/sceim-inteirneachta-le-tg4-do-cheimithe-no-do-tosaitheoiri-lunasa-2025-lunasa-2026\/#primaryimage","url":"https:\/\/dev.tg4.ie\/wp-content\/uploads\/2018\/04\/Tallan_TG4.jpg","contentUrl":"https:\/\/dev.tg4.ie\/wp-content\/uploads\/2018\/04\/Tallan_TG4.jpg"},{"@type":"BreadcrumbList","@id":"https:\/\/dev.tg4.ie\/ga\/eolas\/preas\/nuacht-raitis\/2025-2\/sceim-inteirneachta-le-tg4-do-cheimithe-no-do-tosaitheoiri-lunasa-2025-lunasa-2026\/#breadcrumb","itemListElement":[{"@type":"ListItem","position":1,"name":"Home","item":"https:\/\/dev.tg4.ie\/ga\/"},{"@type":"ListItem","position":2,"name":"Eolas","item":"https:\/\/dev.tg4.ie\/ga\/eolas\/"},{"@type":"ListItem","position":3,"name":"Preas","item":"https:\/\/dev.tg4.ie\/ga\/eolas\/preas\/"},{"@type":"ListItem","position":4,"name":"Nuacht R\u00e1itis","item":"https:\/\/dev.tg4.ie\/ga\/eolas\/preas\/nuacht-raitis\/"},{"@type":"ListItem","position":5,"name":"2025","item":"https:\/\/dev.tg4.ie\/ga\/eolas\/preas\/nuacht-raitis\/2025-2\/"},{"@type":"ListItem","position":6,"name":"Sc\u00e9im Int\u00e9irneachta le TG4 do ch\u00e9imithe n\u00f3 do tosaitheoir\u00ed L\u00fanasa 2025 &#8211; L\u00fanasa 2026"}]},{"@type":"WebSite","@id":"https:\/\/dev.tg4.ie\/en\/#website","url":"https:\/\/dev.tg4.ie\/en\/","name":"TG4","description":"S\u00fail Eile","potentialAction":[{"@type":"SearchAction","target":{"@type":"EntryPoint","urlTemplate":"https:\/\/dev.tg4.ie\/en\/?s={search_term_string}"},"query-input":"required name=search_term_string"}],"inLanguage":"ga"}]}},"_links":{"self":[{"href":"https:\/\/dev.tg4.ie\/ga\/wp-json\/wp\/v2\/pages\/244253"}],"collection":[{"href":"https:\/\/dev.tg4.ie\/ga\/wp-json\/wp\/v2\/pages"}],"about":[{"href":"https:\/\/dev.tg4.ie\/ga\/wp-json\/wp\/v2\/types\/page"}],"author":[{"embeddable":true,"href":"https:\/\/dev.tg4.ie\/ga\/wp-json\/wp\/v2\/users\/876"}],"replies":[{"embeddable":true,"href":"https:\/\/dev.tg4.ie\/ga\/wp-json\/wp\/v2\/comments?post=244253"}],"version-history":[{"count":0,"href":"https:\/\/dev.tg4.ie\/ga\/wp-json\/wp\/v2\/pages\/244253\/revisions"}],"up":[{"embeddable":true,"href":"https:\/\/dev.tg4.ie\/ga\/wp-json\/wp\/v2\/pages\/236807"}],"wp:attachment":[{"href":"https:\/\/dev.tg4.ie\/ga\/wp-json\/wp\/v2\/media?parent=244253"}],"curies":[{"name":"wp","href":"https:\/\/api.w.org\/{rel}","templated":true}]}}