{"id":244360,"date":"2025-04-11T11:09:31","date_gmt":"2025-04-11T10:09:31","guid":{"rendered":"https:\/\/dev.tg4.ie\/?page_id=244360"},"modified":"2025-04-11T11:09:31","modified_gmt":"2025-04-11T10:09:31","slug":"scealta-na-gcorn-ar-ais-ar-tg4-don-triu-sraith-ina-bhfiosraitear-na-scealta-taobh-thiar-de-choirn-clg","status":"publish","type":"page","link":"https:\/\/dev.tg4.ie\/ga\/eolas\/preas\/nuacht-raitis\/2025-2\/scealta-na-gcorn-ar-ais-ar-tg4-don-triu-sraith-ina-bhfiosraitear-na-scealta-taobh-thiar-de-choirn-clg\/","title":{"rendered":"Sc\u00e9alta na gCorn ar ais ar TG4 don Tr\u00ed\u00fa Sraith ina bhFiosra\u00edtear na Sc\u00e9alta taobh thiar de Choirn CLG"},"content":{"rendered":"<p><img loading=\"lazy\" decoding=\"async\" width=\"1920\" height=\"1080\" src=\"https:\/\/tg4-docs.s3.amazonaws.com\/wp-content\/uploads\/2025\/03\/26131046\/Scealta_na_gCorn_3_1-1920x1080-1.jpg\" alt=\"\" class=\"aligncenter size-full wp-image-242907\" srcset=\"https:\/\/tg4-docs.s3.amazonaws.com\/wp-content\/uploads\/2025\/03\/26131046\/Scealta_na_gCorn_3_1-1920x1080-1.jpg 1920w, https:\/\/tg4-docs.s3.amazonaws.com\/wp-content\/uploads\/2025\/03\/26131046\/Scealta_na_gCorn_3_1-1920x1080-1-250x141.jpg 250w, https:\/\/tg4-docs.s3.amazonaws.com\/wp-content\/uploads\/2025\/03\/26131046\/Scealta_na_gCorn_3_1-1920x1080-1-700x394.jpg 700w, https:\/\/tg4-docs.s3.amazonaws.com\/wp-content\/uploads\/2025\/03\/26131046\/Scealta_na_gCorn_3_1-1920x1080-1-252x141.jpg 252w, https:\/\/tg4-docs.s3.amazonaws.com\/wp-content\/uploads\/2025\/03\/26131046\/Scealta_na_gCorn_3_1-1920x1080-1-1536x864.jpg 1536w, https:\/\/tg4-docs.s3.amazonaws.com\/wp-content\/uploads\/2025\/03\/26131046\/Scealta_na_gCorn_3_1-1920x1080-1-120x68.jpg 120w\" sizes=\"(max-width: 1920px) 100vw, 1920px\" \/><br \/>\n&nbsp;<br \/>\n<iframe loading=\"lazy\" width=\"560\" height=\"315\" src=\"https:\/\/www.youtube.com\/embed\/1aVFhFRHro0?si=i6E7-FrzOaTtUMxs\" title=\"YouTube video player\" frameborder=\"0\" allow=\"accelerometer; autoplay; clipboard-write; encrypted-media; gyroscope; picture-in-picture; web-share\" referrerpolicy=\"strict-origin-when-cross-origin\" allowfullscreen><\/iframe><br \/>\n&nbsp;<br \/>\nL\u00e9irithe ag Imagine Media, le taca\u00edocht \u00f3 Chiste Craolt\u00f3ireachta Gaeilge Sc\u00e1ile\u00e1in T\u00c9, craolfar Sc\u00e9alta na gCorn \u2013 Sraith 3 ar TG4 gach seachtain, le toiseacht ar an <strong>17\u00fa Aibre\u00e1n, 2025, ar 8.00in<\/strong>.<br \/>\n&nbsp;<br \/>\nSa tr\u00ed\u00fa sraith seo de Sc\u00e9alta na gCorn, feictear Gr\u00e1inne McElwain ag bualadh an bh\u00f3thair ar\u00eds agus \u00ed ag tabhairt cuairt ar phobail \u00e1iti\u00fala CLG ar fud na t\u00edre, le cluinstin faoi na hearra\u00ed airgid at\u00e1 le f\u00e1il agus na daoine speisialta a bhfuil siad ainmnithe astu. Foghlaim\u00edonn s\u00ed faoi chuid de na sean-tr\u00f3faithe at\u00e1 ainmnithe as t\u00edrghr\u00e1th\u00f3ir\u00ed na h\u00c9ireann, ar n\u00f3s Chorn U\u00ed Dh\u00e1laigh, chomh maith le bheith ag \u00e9isteacht le sc\u00e9alta faoi samhaiscigh n\u00edos deireana\u00ed de chuid an CLG &#8211; amhail Jim McGuigan &#8211; agus faoi na coirn at\u00e1 maisithe lena n-ainmneacha anois.<br \/>\n&nbsp;<br \/>\n<strong>Eagr\u00e1n 1: Ard Mhacha<\/strong><br \/>\nTosa\u00edonn an tsraith agus Gr\u00e1inne i gContae na n\u00dallord, \u00e1it a mbuaileann s\u00ed le huachtar\u00e1n reatha CLG, Jarlath Burns. Cluineann s\u00ed faoi Chorn William McKillop, tr\u00f3fa\u00ed peile at\u00e1 anois as feidhm in Ard Mhacha ar a bhfuil ainm duine de bhunaitheoir\u00ed Cheiltigh Ghlasch\u00fa. Taisteala\u00edonn Gr\u00e1inne go Clann \u00c9ireann le foghlaim faoin chom\u00f3rtas bliant\u00fail 7anna at\u00e1 ainmnithe as Marie Hoye, duine de na daoine ba mh\u00f3 a bh\u00ed taobh thiar de bhun\u00fa fhoireann peile na mban, agus Catr\u00edona McKeag, iar-imreoir de chuid an chumainn. T\u00e9ann Gr\u00e1inne \u00f3 dheas go Crois Mhic Lionn\u00e1in le cluinstin faoi shaothar an Chairdin\u00e9il U\u00ed Fhiaich agus faoin tr\u00f3fa\u00ed a d\u2019ainmnigh s\u00e9 in on\u00f3ir a dhearth\u00e1r.<br \/>\n&nbsp;<br \/>\n<strong>Eagr\u00e1n 2: An Mh\u00ed<\/strong><br \/>\nI gcl\u00e1r a d\u00f3, tugann Gr\u00e1inne cuairt ar Chontae na M\u00ed, baile na gcluich\u00ed \u00e1rsa sin Tailteann. Anseo, tugann Gr\u00e1inne cuairt ar Chumann Liathr\u00f3id L\u00e1imhe Chrosa Caoil,  le cluinstin faoi chorn a ainmn\u00edodh as imreoir d\u00edograiseach sa chluiche Ghaelach seo nach bhfuil chomh hiomr\u00e1iteach c\u00e9anna, Hughie Reilly. Taisteala\u00edonn s\u00ed go R\u00e1th T\u00f3 le heolas a fh\u00e1il ar Gharda Se\u00e1n Eiffe, ball cumasach den chumann CLG \u00e1iti\u00fail a mara\u00edodh go trag\u00f3ideach agus \u00e9 i mbun dualgais, agus a bhfuil a ainm greanta anois ar ph\u00edosa d\u2019earra\u00ed airgid peile Ch\u00faige Laighean. Agus Cnoc na Teamhrach mar ch\u00falra stairi\u00fail aici, cluineann Gr\u00e1inne faoin chom\u00f3rtas bhliant\u00fail poc fada ag CLG Chill Mheas\u00e1in, agus faoin tr\u00f3fa\u00ed os cionn 40 a imr\u00edtear do bheirt iarbhall, Joey Horan agus P\u00e1draic Curtis.<br \/>\n&nbsp;<br \/>\n<strong>Eagr\u00e1n 3: Ceatharlach<\/strong><br \/>\nIs \u00e9 Contae Cheatharlach an ch\u00e9ad stad eile ar aistear Ghr\u00e1inne. Anseo i gContae na mDolmain\u00ed, buaileann Gr\u00e1inne isteach i M\u00fasaem Chontae Cheatharlach le st\u00f3r m\u00f3r de choirn cluich\u00ed Gaelacha a fheice\u00e1il ar taispe\u00e1int. Taispe\u00e1nann Aingeal U\u00ed Dh\u00e1laigh di na coirn at\u00e1 anois as feidhm \u00f3 Chraobh Shinsir Peile Cheatharlach, agus an Natlionalist Cup at\u00e1 anois ina n-\u00e1it. Tugann Gr\u00e1inne cuairt ar Ghaelscoil Eoghain U\u00ed Thuairisc le bualadh le Br\u00edde de R\u00f3iste agus le cluinstin faoin chom\u00f3rtas at\u00e1 ainmnithe aisti at\u00e1 \u00e1 eagr\u00fa ag Cumann na mBunscol. Cuireann s\u00ed deireadh lena cuairt ar Cheatharlach i M\u00edseal, \u00e1it a gcluineann s\u00ed faoin chorn cam\u00f3ga\u00edochta at\u00e1 ainmnithe as polaiteoir \u00e1iti\u00fail, Tom Nolan, chomh maith le sc\u00e9al na gc\u00fapla p\u00edosa d\u2019earra\u00ed airgid a cailleadh agus ar th\u00e1ngthas orthu \u00f3 shin.<br \/>\n&nbsp;<br \/>\n<strong>Eagr\u00e1n 4: Luimneach<\/strong><br \/>\nI gcl\u00e1r a ceathair, tugann Gr\u00e1inne aghaidh ar Luimneach, \u00e1it a dtugann s\u00ed cuairt ar ph\u00e1irc bhaile an chontae le foghlaim faoi John Daly, t\u00edrghr\u00e1th\u00f3ir \u00c9ireannach a bhfuil a ainm ar Chorn Sinsir Iom\u00e1na Luimnigh. Ag Col\u00e1iste Mhuire Gan Sm\u00e1l, cluineann Gr\u00e1inne sc\u00e9al Noreen Lynch, an t-iarl\u00e9acht\u00f3ir a bhfuil an-chion uirthi agus a bhfuil tr\u00f3fa\u00ed pheil na mban ainmnithe ina hon\u00f3ir. N\u00edorbh fh\u00e9idir le Gr\u00e1inne imeacht as Luimneach gan dul ar thuras chuig \u00e1it d\u00fachais Mick Mackey le n\u00edos m\u00f3 a chluinstin faoin laoch iom\u00e1na seo, a bhfuil a ainm ar Chorn Sinsir Iom\u00e1na na Mumhan.<br \/>\n&nbsp;<br \/>\n<strong>Eagr\u00e1n 5: Maigh Eo<\/strong><br \/>\nIs iad glas agus dearg Mhaigh Eo an ch\u00e9ad stad eile ar thurais Ghr\u00e1inne. Foghlaim\u00edonn s\u00ed faoin Chorn Sinsir Peile a bhfuil an-t\u00f3ir air at\u00e1 ainmnithe as Paddy Moclair, laoch de chuid fhoireann 1936 Mhaigh Eo a thug leo Craobh na h\u00c9ireann. Taisteala\u00edonn Gr\u00e1inne amach go dt\u00ed baile churaidh reatha na huile-\u00c9ireann sa chluiche corr, Br\u00e9achmhaigh, le cluinstin faoin tr\u00f3fa\u00ed at\u00e1 ainmnithe as an iarThaoiseach Charles Haughey. Foghlaim\u00edonn s\u00ed fosta faoi Chorn U\u00ed Mheadhra agus an bhaint at\u00e1 aige leis an iar-mhonarcha bag\u00fain i gCl\u00e1r Chlainne Mhuiris.<br \/>\n&nbsp;<br \/>\n<strong>Eagr\u00e1n 6: Doire<\/strong><br \/>\nCr\u00edochna\u00edonn an tsraith agus Gr\u00e1inne ar an bh\u00f3thar \u00f3 thuaidh ar\u00eds go Doire. Tugann s\u00ed cuairt ar an Chathair Mhaighdean\u00fail le cluinstin faoin chumann agus faoin tr\u00f3fa\u00ed at\u00e1 ainmnithe as Brian \u00d3g McKeever, imreoir \u00f3g a d\u2019fh\u00e1g lorg buan ar phobal CLG i nDoire. T\u00e9ann Gr\u00e1inne chun na L\u00faibe le foghlaim faoi dhuine de mhairt\u00edrigh Dhroim B\u00f3, Se\u00e1n Larkin, chomh maith le D\u00fan Geimhin le bualadh leis an fhear trealaimh reatha at\u00e1 ag Doire, Colm McGuigan, a ins\u00edonn di faoin tr\u00f3fa\u00ed Ultach at\u00e1 ainmnithe in on\u00f3ir a athar nach maireann, Jim McGuigan.<br \/>\n&nbsp;<\/p>\n","protected":false},"excerpt":{"rendered":"<p>&nbsp; &nbsp; L\u00e9irithe ag Imagine Media, le taca\u00edocht \u00f3 Chiste Craolt\u00f3ireachta Gaeilge Sc\u00e1ile\u00e1in T\u00c9, craolfar Sc\u00e9alta na gCorn \u2013 Sraith 3 ar TG4 gach seachtain, le toiseacht ar an 17\u00fa Aibre\u00e1n, 2025, ar 8.00in. &nbsp; Sa tr\u00ed\u00fa sraith seo de Sc\u00e9alta na gCorn, feictear Gr\u00e1inne McElwain ag bualadh an bh\u00f3thair ar\u00eds agus \u00ed ag tabhairt [&hellip;]<\/p>\n","protected":false},"author":876,"featured_media":0,"parent":236807,"menu_order":17,"comment_status":"closed","ping_status":"closed","template":"page-templates\/template-pr.php","meta":{"_acf_changed":false,"footnotes":""},"acf":[],"yoast_head":"<!-- This site is optimized with the Yoast SEO plugin v22.6 - https:\/\/yoast.com\/wordpress\/plugins\/seo\/ -->\n<title>Sc\u00e9alta na gCorn ar ais ar TG4 don Tr\u00ed\u00fa Sraith ina bhFiosra\u00edtear na Sc\u00e9alta taobh thiar de Choirn CLG | Preasr\u00e1iteas | TG4<\/title>\n<meta name=\"description\" content=\"Sa tr\u00ed\u00fa sraith seo de Sc\u00e9alta na gCorn, feictear Gr\u00e1inne McElwain ag bualadh an bh\u00f3thair ar\u00eds agus \u00ed ag tabhairt cuairt ar phobail \u00e1iti\u00fala CLG ar fud na t\u00edre, le cluinstin faoi na hearra\u00ed airgid at\u00e1 le f\u00e1il agus na daoine speisialta a bhfuil siad ainmnithe astu.\" \/>\n<meta name=\"robots\" content=\"index, follow, max-snippet:-1, max-image-preview:large, max-video-preview:-1\" \/>\n<meta property=\"og:locale\" content=\"en_US\" \/>\n<meta property=\"og:type\" content=\"article\" \/>\n<meta property=\"og:title\" content=\"Sc\u00e9alta na gCorn ar ais ar TG4 don Tr\u00ed\u00fa Sraith ina bhFiosra\u00edtear na Sc\u00e9alta taobh thiar de Choirn CLG | Preasr\u00e1iteas | TG4\" \/>\n<meta property=\"og:description\" content=\"Sa tr\u00ed\u00fa sraith seo de Sc\u00e9alta na gCorn, feictear Gr\u00e1inne McElwain ag bualadh an bh\u00f3thair ar\u00eds agus \u00ed ag tabhairt cuairt ar phobail \u00e1iti\u00fala CLG ar fud na t\u00edre, le cluinstin faoi na hearra\u00ed airgid at\u00e1 le f\u00e1il agus na daoine speisialta a bhfuil siad ainmnithe astu.\" \/>\n<meta property=\"og:url\" content=\"https:\/\/dev.tg4.ie\/ga\/eolas\/preas\/nuacht-raitis\/2025-2\/scealta-na-gcorn-ar-ais-ar-tg4-don-triu-sraith-ina-bhfiosraitear-na-scealta-taobh-thiar-de-choirn-clg\/\" \/>\n<meta property=\"og:site_name\" content=\"TG4\" \/>\n<meta property=\"article:publisher\" content=\"https:\/\/www.facebook.com\/TG4TV\" \/>\n<meta property=\"og:image\" content=\"https:\/\/tg4-docs.s3.amazonaws.com\/wp-content\/uploads\/2025\/03\/26131046\/Scealta_na_gCorn_3_1-1920x1080-1.jpg\" \/>\n\t<meta property=\"og:image:width\" content=\"1920\" \/>\n\t<meta property=\"og:image:height\" content=\"1080\" \/>\n\t<meta property=\"og:image:type\" content=\"image\/jpeg\" \/>\n<meta name=\"twitter:card\" content=\"summary_large_image\" \/>\n<meta name=\"twitter:image\" content=\"https:\/\/tg4-docs.s3.amazonaws.com\/wp-content\/uploads\/2025\/03\/26131046\/Scealta_na_gCorn_3_1-1920x1080-1.jpg\" \/>\n<meta name=\"twitter:site\" content=\"@TG4TV\" \/>\n<meta name=\"twitter:label1\" content=\"Est. reading time\" \/>\n\t<meta name=\"twitter:data1\" content=\"4 minutes\" \/>\n<script type=\"application\/ld+json\" class=\"yoast-schema-graph\">{\"@context\":\"https:\/\/schema.org\",\"@graph\":[{\"@type\":\"WebPage\",\"@id\":\"https:\/\/dev.tg4.ie\/ga\/eolas\/preas\/nuacht-raitis\/2025-2\/scealta-na-gcorn-ar-ais-ar-tg4-don-triu-sraith-ina-bhfiosraitear-na-scealta-taobh-thiar-de-choirn-clg\/\",\"url\":\"https:\/\/dev.tg4.ie\/ga\/eolas\/preas\/nuacht-raitis\/2025-2\/scealta-na-gcorn-ar-ais-ar-tg4-don-triu-sraith-ina-bhfiosraitear-na-scealta-taobh-thiar-de-choirn-clg\/\",\"name\":\"Sc\u00e9alta na gCorn ar ais ar TG4 don Tr\u00ed\u00fa Sraith ina bhFiosra\u00edtear na Sc\u00e9alta taobh thiar de Choirn CLG | Preasr\u00e1iteas | TG4\",\"isPartOf\":{\"@id\":\"https:\/\/dev.tg4.ie\/en\/#website\"},\"primaryImageOfPage\":{\"@id\":\"https:\/\/dev.tg4.ie\/ga\/eolas\/preas\/nuacht-raitis\/2025-2\/scealta-na-gcorn-ar-ais-ar-tg4-don-triu-sraith-ina-bhfiosraitear-na-scealta-taobh-thiar-de-choirn-clg\/#primaryimage\"},\"image\":{\"@id\":\"https:\/\/dev.tg4.ie\/ga\/eolas\/preas\/nuacht-raitis\/2025-2\/scealta-na-gcorn-ar-ais-ar-tg4-don-triu-sraith-ina-bhfiosraitear-na-scealta-taobh-thiar-de-choirn-clg\/#primaryimage\"},\"thumbnailUrl\":\"https:\/\/dev.tg4.ie\/wp-content\/uploads\/2025\/03\/Scealta_na_gCorn_3_1-1920x1080-1.jpg\",\"datePublished\":\"2025-04-11T10:09:31+00:00\",\"dateModified\":\"2025-04-11T10:09:31+00:00\",\"description\":\"Sa tr\u00ed\u00fa sraith seo de Sc\u00e9alta na gCorn, feictear Gr\u00e1inne McElwain ag bualadh an bh\u00f3thair ar\u00eds agus \u00ed ag tabhairt cuairt ar phobail \u00e1iti\u00fala CLG ar fud na t\u00edre, le cluinstin faoi na hearra\u00ed airgid at\u00e1 le f\u00e1il agus na daoine speisialta a bhfuil siad ainmnithe astu.\",\"breadcrumb\":{\"@id\":\"https:\/\/dev.tg4.ie\/ga\/eolas\/preas\/nuacht-raitis\/2025-2\/scealta-na-gcorn-ar-ais-ar-tg4-don-triu-sraith-ina-bhfiosraitear-na-scealta-taobh-thiar-de-choirn-clg\/#breadcrumb\"},\"inLanguage\":\"ga\",\"potentialAction\":[{\"@type\":\"ReadAction\",\"target\":[\"https:\/\/dev.tg4.ie\/ga\/eolas\/preas\/nuacht-raitis\/2025-2\/scealta-na-gcorn-ar-ais-ar-tg4-don-triu-sraith-ina-bhfiosraitear-na-scealta-taobh-thiar-de-choirn-clg\/\"]}]},{\"@type\":\"ImageObject\",\"inLanguage\":\"ga\",\"@id\":\"https:\/\/dev.tg4.ie\/ga\/eolas\/preas\/nuacht-raitis\/2025-2\/scealta-na-gcorn-ar-ais-ar-tg4-don-triu-sraith-ina-bhfiosraitear-na-scealta-taobh-thiar-de-choirn-clg\/#primaryimage\",\"url\":\"https:\/\/dev.tg4.ie\/wp-content\/uploads\/2025\/03\/Scealta_na_gCorn_3_1-1920x1080-1.jpg\",\"contentUrl\":\"https:\/\/dev.tg4.ie\/wp-content\/uploads\/2025\/03\/Scealta_na_gCorn_3_1-1920x1080-1.jpg\"},{\"@type\":\"BreadcrumbList\",\"@id\":\"https:\/\/dev.tg4.ie\/ga\/eolas\/preas\/nuacht-raitis\/2025-2\/scealta-na-gcorn-ar-ais-ar-tg4-don-triu-sraith-ina-bhfiosraitear-na-scealta-taobh-thiar-de-choirn-clg\/#breadcrumb\",\"itemListElement\":[{\"@type\":\"ListItem\",\"position\":1,\"name\":\"Home\",\"item\":\"https:\/\/dev.tg4.ie\/ga\/\"},{\"@type\":\"ListItem\",\"position\":2,\"name\":\"Eolas\",\"item\":\"https:\/\/dev.tg4.ie\/ga\/eolas\/\"},{\"@type\":\"ListItem\",\"position\":3,\"name\":\"Preas\",\"item\":\"https:\/\/dev.tg4.ie\/ga\/eolas\/preas\/\"},{\"@type\":\"ListItem\",\"position\":4,\"name\":\"Nuacht R\u00e1itis\",\"item\":\"https:\/\/dev.tg4.ie\/ga\/eolas\/preas\/nuacht-raitis\/\"},{\"@type\":\"ListItem\",\"position\":5,\"name\":\"2025\",\"item\":\"https:\/\/dev.tg4.ie\/ga\/eolas\/preas\/nuacht-raitis\/2025-2\/\"},{\"@type\":\"ListItem\",\"position\":6,\"name\":\"Sc\u00e9alta na gCorn ar ais ar TG4 don Tr\u00ed\u00fa Sraith ina bhFiosra\u00edtear na Sc\u00e9alta taobh thiar de Choirn CLG\"}]},{\"@type\":\"WebSite\",\"@id\":\"https:\/\/dev.tg4.ie\/en\/#website\",\"url\":\"https:\/\/dev.tg4.ie\/en\/\",\"name\":\"TG4\",\"description\":\"S\u00fail Eile\",\"potentialAction\":[{\"@type\":\"SearchAction\",\"target\":{\"@type\":\"EntryPoint\",\"urlTemplate\":\"https:\/\/dev.tg4.ie\/en\/?s={search_term_string}\"},\"query-input\":\"required name=search_term_string\"}],\"inLanguage\":\"ga\"}]}<\/script>\n<!-- \/ Yoast SEO plugin. -->","yoast_head_json":{"title":"Sc\u00e9alta na gCorn ar ais ar TG4 don Tr\u00ed\u00fa Sraith ina bhFiosra\u00edtear na Sc\u00e9alta taobh thiar de Choirn CLG | Preasr\u00e1iteas | TG4","description":"Sa tr\u00ed\u00fa sraith seo de Sc\u00e9alta na gCorn, feictear Gr\u00e1inne McElwain ag bualadh an bh\u00f3thair ar\u00eds agus \u00ed ag tabhairt cuairt ar phobail \u00e1iti\u00fala CLG ar fud na t\u00edre, le cluinstin faoi na hearra\u00ed airgid at\u00e1 le f\u00e1il agus na daoine speisialta a bhfuil siad ainmnithe astu.","robots":{"index":"index","follow":"follow","max-snippet":"max-snippet:-1","max-image-preview":"max-image-preview:large","max-video-preview":"max-video-preview:-1"},"og_locale":"en_US","og_type":"article","og_title":"Sc\u00e9alta na gCorn ar ais ar TG4 don Tr\u00ed\u00fa Sraith ina bhFiosra\u00edtear na Sc\u00e9alta taobh thiar de Choirn CLG | Preasr\u00e1iteas | TG4","og_description":"Sa tr\u00ed\u00fa sraith seo de Sc\u00e9alta na gCorn, feictear Gr\u00e1inne McElwain ag bualadh an bh\u00f3thair ar\u00eds agus \u00ed ag tabhairt cuairt ar phobail \u00e1iti\u00fala CLG ar fud na t\u00edre, le cluinstin faoi na hearra\u00ed airgid at\u00e1 le f\u00e1il agus na daoine speisialta a bhfuil siad ainmnithe astu.","og_url":"https:\/\/dev.tg4.ie\/ga\/eolas\/preas\/nuacht-raitis\/2025-2\/scealta-na-gcorn-ar-ais-ar-tg4-don-triu-sraith-ina-bhfiosraitear-na-scealta-taobh-thiar-de-choirn-clg\/","og_site_name":"TG4","article_publisher":"https:\/\/www.facebook.com\/TG4TV","og_image":[{"width":1920,"height":1080,"url":"https:\/\/tg4-docs.s3.amazonaws.com\/wp-content\/uploads\/2025\/03\/26131046\/Scealta_na_gCorn_3_1-1920x1080-1.jpg","type":"image\/jpeg"}],"twitter_card":"summary_large_image","twitter_image":"https:\/\/tg4-docs.s3.amazonaws.com\/wp-content\/uploads\/2025\/03\/26131046\/Scealta_na_gCorn_3_1-1920x1080-1.jpg","twitter_site":"@TG4TV","twitter_misc":{"Est. reading time":"4 minutes"},"schema":{"@context":"https:\/\/schema.org","@graph":[{"@type":"WebPage","@id":"https:\/\/dev.tg4.ie\/ga\/eolas\/preas\/nuacht-raitis\/2025-2\/scealta-na-gcorn-ar-ais-ar-tg4-don-triu-sraith-ina-bhfiosraitear-na-scealta-taobh-thiar-de-choirn-clg\/","url":"https:\/\/dev.tg4.ie\/ga\/eolas\/preas\/nuacht-raitis\/2025-2\/scealta-na-gcorn-ar-ais-ar-tg4-don-triu-sraith-ina-bhfiosraitear-na-scealta-taobh-thiar-de-choirn-clg\/","name":"Sc\u00e9alta na gCorn ar ais ar TG4 don Tr\u00ed\u00fa Sraith ina bhFiosra\u00edtear na Sc\u00e9alta taobh thiar de Choirn CLG | Preasr\u00e1iteas | TG4","isPartOf":{"@id":"https:\/\/dev.tg4.ie\/en\/#website"},"primaryImageOfPage":{"@id":"https:\/\/dev.tg4.ie\/ga\/eolas\/preas\/nuacht-raitis\/2025-2\/scealta-na-gcorn-ar-ais-ar-tg4-don-triu-sraith-ina-bhfiosraitear-na-scealta-taobh-thiar-de-choirn-clg\/#primaryimage"},"image":{"@id":"https:\/\/dev.tg4.ie\/ga\/eolas\/preas\/nuacht-raitis\/2025-2\/scealta-na-gcorn-ar-ais-ar-tg4-don-triu-sraith-ina-bhfiosraitear-na-scealta-taobh-thiar-de-choirn-clg\/#primaryimage"},"thumbnailUrl":"https:\/\/dev.tg4.ie\/wp-content\/uploads\/2025\/03\/Scealta_na_gCorn_3_1-1920x1080-1.jpg","datePublished":"2025-04-11T10:09:31+00:00","dateModified":"2025-04-11T10:09:31+00:00","description":"Sa tr\u00ed\u00fa sraith seo de Sc\u00e9alta na gCorn, feictear Gr\u00e1inne McElwain ag bualadh an bh\u00f3thair ar\u00eds agus \u00ed ag tabhairt cuairt ar phobail \u00e1iti\u00fala CLG ar fud na t\u00edre, le cluinstin faoi na hearra\u00ed airgid at\u00e1 le f\u00e1il agus na daoine speisialta a bhfuil siad ainmnithe astu.","breadcrumb":{"@id":"https:\/\/dev.tg4.ie\/ga\/eolas\/preas\/nuacht-raitis\/2025-2\/scealta-na-gcorn-ar-ais-ar-tg4-don-triu-sraith-ina-bhfiosraitear-na-scealta-taobh-thiar-de-choirn-clg\/#breadcrumb"},"inLanguage":"ga","potentialAction":[{"@type":"ReadAction","target":["https:\/\/dev.tg4.ie\/ga\/eolas\/preas\/nuacht-raitis\/2025-2\/scealta-na-gcorn-ar-ais-ar-tg4-don-triu-sraith-ina-bhfiosraitear-na-scealta-taobh-thiar-de-choirn-clg\/"]}]},{"@type":"ImageObject","inLanguage":"ga","@id":"https:\/\/dev.tg4.ie\/ga\/eolas\/preas\/nuacht-raitis\/2025-2\/scealta-na-gcorn-ar-ais-ar-tg4-don-triu-sraith-ina-bhfiosraitear-na-scealta-taobh-thiar-de-choirn-clg\/#primaryimage","url":"https:\/\/dev.tg4.ie\/wp-content\/uploads\/2025\/03\/Scealta_na_gCorn_3_1-1920x1080-1.jpg","contentUrl":"https:\/\/dev.tg4.ie\/wp-content\/uploads\/2025\/03\/Scealta_na_gCorn_3_1-1920x1080-1.jpg"},{"@type":"BreadcrumbList","@id":"https:\/\/dev.tg4.ie\/ga\/eolas\/preas\/nuacht-raitis\/2025-2\/scealta-na-gcorn-ar-ais-ar-tg4-don-triu-sraith-ina-bhfiosraitear-na-scealta-taobh-thiar-de-choirn-clg\/#breadcrumb","itemListElement":[{"@type":"ListItem","position":1,"name":"Home","item":"https:\/\/dev.tg4.ie\/ga\/"},{"@type":"ListItem","position":2,"name":"Eolas","item":"https:\/\/dev.tg4.ie\/ga\/eolas\/"},{"@type":"ListItem","position":3,"name":"Preas","item":"https:\/\/dev.tg4.ie\/ga\/eolas\/preas\/"},{"@type":"ListItem","position":4,"name":"Nuacht R\u00e1itis","item":"https:\/\/dev.tg4.ie\/ga\/eolas\/preas\/nuacht-raitis\/"},{"@type":"ListItem","position":5,"name":"2025","item":"https:\/\/dev.tg4.ie\/ga\/eolas\/preas\/nuacht-raitis\/2025-2\/"},{"@type":"ListItem","position":6,"name":"Sc\u00e9alta na gCorn ar ais ar TG4 don Tr\u00ed\u00fa Sraith ina bhFiosra\u00edtear na Sc\u00e9alta taobh thiar de Choirn CLG"}]},{"@type":"WebSite","@id":"https:\/\/dev.tg4.ie\/en\/#website","url":"https:\/\/dev.tg4.ie\/en\/","name":"TG4","description":"S\u00fail Eile","potentialAction":[{"@type":"SearchAction","target":{"@type":"EntryPoint","urlTemplate":"https:\/\/dev.tg4.ie\/en\/?s={search_term_string}"},"query-input":"required name=search_term_string"}],"inLanguage":"ga"}]}},"_links":{"self":[{"href":"https:\/\/dev.tg4.ie\/ga\/wp-json\/wp\/v2\/pages\/244360"}],"collection":[{"href":"https:\/\/dev.tg4.ie\/ga\/wp-json\/wp\/v2\/pages"}],"about":[{"href":"https:\/\/dev.tg4.ie\/ga\/wp-json\/wp\/v2\/types\/page"}],"author":[{"embeddable":true,"href":"https:\/\/dev.tg4.ie\/ga\/wp-json\/wp\/v2\/users\/876"}],"replies":[{"embeddable":true,"href":"https:\/\/dev.tg4.ie\/ga\/wp-json\/wp\/v2\/comments?post=244360"}],"version-history":[{"count":0,"href":"https:\/\/dev.tg4.ie\/ga\/wp-json\/wp\/v2\/pages\/244360\/revisions"}],"up":[{"embeddable":true,"href":"https:\/\/dev.tg4.ie\/ga\/wp-json\/wp\/v2\/pages\/236807"}],"wp:attachment":[{"href":"https:\/\/dev.tg4.ie\/ga\/wp-json\/wp\/v2\/media?parent=244360"}],"curies":[{"name":"wp","href":"https:\/\/api.w.org\/{rel}","templated":true}]}}