{"id":244369,"date":"2025-04-13T10:00:35","date_gmt":"2025-04-13T09:00:35","guid":{"rendered":"https:\/\/dev.tg4.ie\/eolas\/preas\/nuacht-raitis\/2025-2\/scealta-na-gcorn-ar-ais-ar-tg4-don-triu-sraith-ina-bhfiosraitear-na-scealta-taobh-thiar-de-choirn-clg-2\/"},"modified":"2025-04-14T15:55:28","modified_gmt":"2025-04-14T14:55:28","slug":"omos-leirithe-ag-tg4-da-nard-stiuthoir-alan-esslemont-ata-ag-eiri-as-agus-ag-dul-ar-scor","status":"publish","type":"page","link":"https:\/\/dev.tg4.ie\/ga\/eolas\/preas\/nuacht-raitis\/2025-2\/omos-leirithe-ag-tg4-da-nard-stiuthoir-alan-esslemont-ata-ag-eiri-as-agus-ag-dul-ar-scor\/","title":{"rendered":"\u00d3m\u00f3s l\u00e9irithe ag TG4 d\u00e1 nArd-Sti\u00fath\u00f3ir Alan Esslemont at\u00e1 ag \u00c9ir\u00ed As agus ag Dul ar Scor"},"content":{"rendered":"<p><img loading=\"lazy\" decoding=\"async\" width=\"800\" height=\"450\" src=\"https:\/\/tg4-docs.s3.amazonaws.com\/wp-content\/uploads\/2025\/04\/14155431\/Alan-2025.jpg\" alt=\"Alan Esslemont\" class=\"alignleft size-full wp-image-244446\" srcset=\"https:\/\/tg4-docs.s3.amazonaws.com\/wp-content\/uploads\/2025\/04\/14155431\/Alan-2025.jpg 800w, https:\/\/tg4-docs.s3.amazonaws.com\/wp-content\/uploads\/2025\/04\/14155431\/Alan-2025-250x141.jpg 250w, https:\/\/tg4-docs.s3.amazonaws.com\/wp-content\/uploads\/2025\/04\/14155431\/Alan-2025-700x394.jpg 700w, https:\/\/tg4-docs.s3.amazonaws.com\/wp-content\/uploads\/2025\/04\/14155431\/Alan-2025-252x141.jpg 252w, https:\/\/tg4-docs.s3.amazonaws.com\/wp-content\/uploads\/2025\/04\/14155431\/Alan-2025-120x68.jpg 120w\" sizes=\"(max-width: 800px) 100vw, 800px\" \/><\/p>\n<p>&nbsp;<br \/>\nIs \u00e1bhar m\u00f3rtais do TG4 \u00e9 \u00f3m\u00f3s a l\u00e9iri\u00fa do <strong>Alan Esslemont<\/strong>, a bheidh ag dul ar scor an deireadh seachtaine seo tar \u00e9is breis is ocht mbliana go leith de cheannaireacht fh\u00edsi\u00fail a bheith d\u00e9anta aige agus \u00e9 ina <strong>Ard-Sti\u00farth\u00f3ir<\/strong> ar an st\u00e1isi\u00fan. Tr\u00e9imhs\u00ed bunathraitheacha don chraolt\u00f3ir ab ea a thionacht inar l\u00e9irigh s\u00e9 a dh\u00fathracht don nu\u00e1la\u00edocht chruthaitheach, don fh\u00e1s strait\u00e9iseach agus don Ghaeilge.<\/p>\n<p>&nbsp;<br \/>\n\u00d3 2016 i leith, t\u00e1 TG4 \u00e1 sti\u00faradh ag Alan le paisean agus le diongbh\u00e1ilteacht, \u00e9 ag cur na Gaeilge chun cinn n\u00ed hamh\u00e1in ar leibh\u00e9al n\u00e1isi\u00fanta ach ar an ard\u00e1n domhanda. Faoina mhaoirseacht, t\u00e1 forbairt tagtha ar TG4 go bhfuil s\u00e9 anois ina fh\u00f3rsa cult\u00fair dinimici\u00fail, at\u00e1 leabaithe go domhain i gcreatlach shaol agus fh\u00e9ini\u00falacht na h\u00c9ireann.\u00a0<\/p>\n<p>&nbsp;<br \/>\nI measc na bpr\u00edomh\u00e9achta\u00ed a bhain s\u00e9 amach bh\u00ed bun\u00fa <strong>Cine4<\/strong>, comhph\u00e1irt\u00edocht chinni\u00fanach le <strong>F\u00eds \u00c9ireann<\/strong> agus <strong>Coimisi\u00fan na Me\u00e1n<\/strong>, a bhfuil aird an domhain tarraingthe aige ar an scann\u00e1na\u00edocht Ghaeilge. I measc \u00e9achta\u00ed Cine4 t\u00e1 An Cail\u00edn Ci\u00fain, a ainmn\u00edodh do <strong>Ghradam an Acadaimh in 2023<\/strong>, agus go leor scann\u00e1n eile ar tugadh aitheantas d\u00f3ibh ag f\u00e9ilte idirn\u00e1isi\u00fanta amhail na <strong>BAFTAs, Sundance, agus Berlinale<\/strong>.<\/p>\n<p>&nbsp;<br \/>\nBh\u00ed Alan i gceannas freisin nuair a <strong>seoladh C\u00fala4, cain\u00e9al Gaeilge do leana\u00ed, in 2023<\/strong>, seirbh\u00eds a chinnt\u00edonn go leanfaidh an ghl\u00fain \u00f3g de bheith ag \u00fas\u00e1id na Gaeilge mar theanga bheo inrochtana ar fud na n-ard\u00e1n.   Bh\u00ed tionchar dearfach ag a dh\u00fathracht d\u2019earn\u00e1il na l\u00e9iri\u00fach\u00e1n neamhsple\u00e1ch a neart\u00fa ar an ngeilleagar cruthaitheach r\u00e9igi\u00fanach ar fud na h\u00c9ireann, ar na cuideachta\u00ed l\u00e9iri\u00fach\u00e1in r\u00e9igi\u00fanacha a fhorbairt agus ar chomhl\u00e9iri\u00fach\u00e1in idirn\u00e1isi\u00fanta a chumas\u00fa. Mar aitheantas ar a bhfuil bainte amach aige, bronnadh an Gradam Comaoine ar Alan le d\u00e9ana\u00ed ag <strong>Gradaim RTS na h\u00c9ireann 2025<\/strong>, a raibh an searmanas bronnta ar si\u00fal sa Guinness Storehouse i mBaile \u00c1tha Cliath. D\u00e9anann an gradam m\u00f3r le r\u00e1 seo ceili\u00faradh ar an r\u00f3l r\u00edth\u00e1bhachtach a bh\u00ed aige i m\u00fanl\u00fa th\u00edrdhreach na me\u00e1n cumars\u00e1ide Gaeilge.<\/p>\n<p>&nbsp;<br \/>\nAithn\u00edonn TG4 freisin d\u00fathracht agus d\u00edograis Alan don chomhoibri\u00fa trasteorann agus Ceilteach, lena n-\u00e1ir\u00edtear <strong>Ciste Craolt\u00f3ireachta Gaeilge Sc\u00e1ile\u00e1n Thuaisceart \u00c9ireann<\/strong> agus a thr\u00e9imhse ina <strong>Chathaoirleach ar Fh\u00e9ile na Me\u00e1n Ceilteach (2019-2024)<\/strong>, \u00e1it ar chuidigh s\u00e9 le comhoibri\u00fa a dhoimhni\u00fa i measc craolt\u00f3ir\u00ed Ceilteacha. <\/p>\n<p>&nbsp;<br \/>\nAgus TG4 ag f\u00e1g\u00e1il sl\u00e1n le Alan Esslemont le bu\u00edochas m\u00f3r \u00f3 chro\u00ed, t\u00e1 an eagra\u00edocht ag breathn\u00fa chun cinn go muin\u00edneach freisin cur leis an m\u00f3iminteam at\u00e1 cruthaithe le blianta beaga anuas chun na me\u00e1in Ghaeilge a dh\u00e9anamh inrochtana agus taitneamhach do r\u00e9imse leathan lucht f\u00e9achana. \u00a0<\/p>\n<p>&nbsp;<br \/>\nIs \u00ed <strong>Deirdre N\u00ed Choist\u00edn<\/strong> a bheidh ina hArd-Sti\u00farth\u00f3ir \u00f3 <strong>D\u00e9 Luain an 14 Aibre\u00e1n 2025<\/strong>, agus mairfidh a t\u00e9arma go ceann seacht mbliana. Is craolt\u00f3ir agus ceannaire sna me\u00e1in Ghaeilge \u00ed Deirdre a bhfuil an-taith\u00ed, an-fhuinneamh agus an-fh\u00eds aici agus cuirfidh s\u00ed iad sin ar fad ag obair agus TG4 ag tabhairt aghaidh anois ar an gc\u00e9ad chaibidil eile.  <\/p>\n<p>&nbsp;<br \/>\nGu\u00edmidne go l\u00e9ir i TG4 gach rath ar Alan agus \u00e9 ag dul ar scor agus cuirimid f\u00e1ilte mh\u00f3r roimh Dheirdre agus \u00ed ag cur t\u00fas lena r\u00f3l t\u00e1bhachtach nua.<br \/>\n&nbsp;<br \/>\n&nbsp;<\/p>\n","protected":false},"excerpt":{"rendered":"<p>&nbsp; Is \u00e1bhar m\u00f3rtais do TG4 \u00e9 \u00f3m\u00f3s a l\u00e9iri\u00fa do Alan Esslemont, a bheidh ag dul ar scor an deireadh seachtaine seo tar \u00e9is breis is ocht mbliana go leith de cheannaireacht fh\u00edsi\u00fail a bheith d\u00e9anta aige agus \u00e9 ina Ard-Sti\u00farth\u00f3ir ar an st\u00e1isi\u00fan. Tr\u00e9imhs\u00ed bunathraitheacha don chraolt\u00f3ir ab ea a thionacht inar l\u00e9irigh [&hellip;]<\/p>\n","protected":false},"author":876,"featured_media":0,"parent":236807,"menu_order":18,"comment_status":"closed","ping_status":"closed","template":"page-templates\/template-pr.php","meta":{"_acf_changed":false,"footnotes":""},"acf":[],"yoast_head":"<!-- This site is optimized with the Yoast SEO plugin v22.6 - https:\/\/yoast.com\/wordpress\/plugins\/seo\/ -->\n<title>\u00d3m\u00f3s l\u00e9irithe ag TG4 d\u00e1 nArd-Sti\u00farth\u00f3ir Alan Esslemont at\u00e1 ag \u00c9ir\u00ed As agus ag Dul ar Scor | Preasr\u00e1iteas | TG4<\/title>\n<meta name=\"description\" content=\"Is \u00e1bhar m\u00f3rtais do TG4 \u00e9 \u00f3m\u00f3s a l\u00e9iri\u00fa do Alan Esslemont, a bheidh ag dul ar scor an deireadh seachtaine seo tar \u00e9is breis is ocht mbliana go leith de cheannaireacht fh\u00edsi\u00fail a bheith d\u00e9anta aige agus \u00e9 ina Ard-Sti\u00farth\u00f3ir ar an st\u00e1isi\u00fan. Tr\u00e9imhs\u00ed bunathraitheacha don chraolt\u00f3ir ab ea a thionacht inar l\u00e9irigh s\u00e9 a dh\u00fathracht don nu\u00e1la\u00edocht chruthaitheach, don fh\u00e1s strait\u00e9iseach agus don Ghaeilge.\" \/>\n<meta name=\"robots\" content=\"index, follow, max-snippet:-1, max-image-preview:large, max-video-preview:-1\" \/>\n<meta property=\"og:locale\" content=\"en_US\" \/>\n<meta property=\"og:type\" content=\"article\" \/>\n<meta property=\"og:title\" content=\"\u00d3m\u00f3s l\u00e9irithe ag TG4 d\u00e1 nArd-Sti\u00farth\u00f3ir Alan Esslemont at\u00e1 ag \u00c9ir\u00ed As agus ag Dul ar Scor | Preasr\u00e1iteas | TG4\" \/>\n<meta property=\"og:description\" content=\"Is \u00e1bhar m\u00f3rtais do TG4 \u00e9 \u00f3m\u00f3s a l\u00e9iri\u00fa do Alan Esslemont, a bheidh ag dul ar scor an deireadh seachtaine seo tar \u00e9is breis is ocht mbliana go leith de cheannaireacht fh\u00edsi\u00fail a bheith d\u00e9anta aige agus \u00e9 ina Ard-Sti\u00farth\u00f3ir ar an st\u00e1isi\u00fan. Tr\u00e9imhs\u00ed bunathraitheacha don chraolt\u00f3ir ab ea a thionacht inar l\u00e9irigh s\u00e9 a dh\u00fathracht don nu\u00e1la\u00edocht chruthaitheach, don fh\u00e1s strait\u00e9iseach agus don Ghaeilge.\" \/>\n<meta property=\"og:url\" content=\"https:\/\/dev.tg4.ie\/ga\/eolas\/preas\/nuacht-raitis\/2025-2\/omos-leirithe-ag-tg4-da-nard-stiuthoir-alan-esslemont-ata-ag-eiri-as-agus-ag-dul-ar-scor\/\" \/>\n<meta property=\"og:site_name\" content=\"TG4\" \/>\n<meta property=\"article:publisher\" content=\"https:\/\/www.facebook.com\/TG4TV\" \/>\n<meta property=\"article:modified_time\" content=\"2025-04-14T14:55:28+00:00\" \/>\n<meta property=\"og:image\" content=\"https:\/\/tg4-docs.s3.amazonaws.com\/wp-content\/uploads\/2025\/03\/26131046\/Scealta_na_gCorn_3_1-1920x1080-1.jpg\" \/>\n\t<meta property=\"og:image:width\" content=\"1920\" \/>\n\t<meta property=\"og:image:height\" content=\"1080\" \/>\n\t<meta property=\"og:image:type\" content=\"image\/jpeg\" \/>\n<meta name=\"twitter:card\" content=\"summary_large_image\" \/>\n<meta name=\"twitter:image\" content=\"https:\/\/tg4-docs.s3.amazonaws.com\/wp-content\/uploads\/2025\/03\/26131046\/Scealta_na_gCorn_3_1-1920x1080-1.jpg\" \/>\n<meta name=\"twitter:site\" content=\"@TG4TV\" \/>\n<meta name=\"twitter:label1\" content=\"Est. reading time\" \/>\n\t<meta name=\"twitter:data1\" content=\"3 minutes\" \/>\n<script type=\"application\/ld+json\" class=\"yoast-schema-graph\">{\"@context\":\"https:\/\/schema.org\",\"@graph\":[{\"@type\":\"WebPage\",\"@id\":\"https:\/\/dev.tg4.ie\/ga\/eolas\/preas\/nuacht-raitis\/2025-2\/omos-leirithe-ag-tg4-da-nard-stiuthoir-alan-esslemont-ata-ag-eiri-as-agus-ag-dul-ar-scor\/\",\"url\":\"https:\/\/dev.tg4.ie\/ga\/eolas\/preas\/nuacht-raitis\/2025-2\/omos-leirithe-ag-tg4-da-nard-stiuthoir-alan-esslemont-ata-ag-eiri-as-agus-ag-dul-ar-scor\/\",\"name\":\"\u00d3m\u00f3s l\u00e9irithe ag TG4 d\u00e1 nArd-Sti\u00farth\u00f3ir Alan Esslemont at\u00e1 ag \u00c9ir\u00ed As agus ag Dul ar Scor | Preasr\u00e1iteas | TG4\",\"isPartOf\":{\"@id\":\"https:\/\/dev.tg4.ie\/en\/#website\"},\"primaryImageOfPage\":{\"@id\":\"https:\/\/dev.tg4.ie\/ga\/eolas\/preas\/nuacht-raitis\/2025-2\/omos-leirithe-ag-tg4-da-nard-stiuthoir-alan-esslemont-ata-ag-eiri-as-agus-ag-dul-ar-scor\/#primaryimage\"},\"image\":{\"@id\":\"https:\/\/dev.tg4.ie\/ga\/eolas\/preas\/nuacht-raitis\/2025-2\/omos-leirithe-ag-tg4-da-nard-stiuthoir-alan-esslemont-ata-ag-eiri-as-agus-ag-dul-ar-scor\/#primaryimage\"},\"thumbnailUrl\":\"https:\/\/dev.tg4.ie\/wp-content\/uploads\/2025\/04\/Alan-2025.jpg\",\"datePublished\":\"2025-04-13T09:00:35+00:00\",\"dateModified\":\"2025-04-14T14:55:28+00:00\",\"description\":\"Is \u00e1bhar m\u00f3rtais do TG4 \u00e9 \u00f3m\u00f3s a l\u00e9iri\u00fa do Alan Esslemont, a bheidh ag dul ar scor an deireadh seachtaine seo tar \u00e9is breis is ocht mbliana go leith de cheannaireacht fh\u00edsi\u00fail a bheith d\u00e9anta aige agus \u00e9 ina Ard-Sti\u00farth\u00f3ir ar an st\u00e1isi\u00fan. Tr\u00e9imhs\u00ed bunathraitheacha don chraolt\u00f3ir ab ea a thionacht inar l\u00e9irigh s\u00e9 a dh\u00fathracht don nu\u00e1la\u00edocht chruthaitheach, don fh\u00e1s strait\u00e9iseach agus don Ghaeilge.\",\"breadcrumb\":{\"@id\":\"https:\/\/dev.tg4.ie\/ga\/eolas\/preas\/nuacht-raitis\/2025-2\/omos-leirithe-ag-tg4-da-nard-stiuthoir-alan-esslemont-ata-ag-eiri-as-agus-ag-dul-ar-scor\/#breadcrumb\"},\"inLanguage\":\"ga\",\"potentialAction\":[{\"@type\":\"ReadAction\",\"target\":[\"https:\/\/dev.tg4.ie\/ga\/eolas\/preas\/nuacht-raitis\/2025-2\/omos-leirithe-ag-tg4-da-nard-stiuthoir-alan-esslemont-ata-ag-eiri-as-agus-ag-dul-ar-scor\/\"]}]},{\"@type\":\"ImageObject\",\"inLanguage\":\"ga\",\"@id\":\"https:\/\/dev.tg4.ie\/ga\/eolas\/preas\/nuacht-raitis\/2025-2\/omos-leirithe-ag-tg4-da-nard-stiuthoir-alan-esslemont-ata-ag-eiri-as-agus-ag-dul-ar-scor\/#primaryimage\",\"url\":\"https:\/\/dev.tg4.ie\/wp-content\/uploads\/2025\/04\/Alan-2025.jpg\",\"contentUrl\":\"https:\/\/dev.tg4.ie\/wp-content\/uploads\/2025\/04\/Alan-2025.jpg\"},{\"@type\":\"BreadcrumbList\",\"@id\":\"https:\/\/dev.tg4.ie\/ga\/eolas\/preas\/nuacht-raitis\/2025-2\/omos-leirithe-ag-tg4-da-nard-stiuthoir-alan-esslemont-ata-ag-eiri-as-agus-ag-dul-ar-scor\/#breadcrumb\",\"itemListElement\":[{\"@type\":\"ListItem\",\"position\":1,\"name\":\"Home\",\"item\":\"https:\/\/dev.tg4.ie\/ga\/\"},{\"@type\":\"ListItem\",\"position\":2,\"name\":\"Eolas\",\"item\":\"https:\/\/dev.tg4.ie\/ga\/eolas\/\"},{\"@type\":\"ListItem\",\"position\":3,\"name\":\"Preas\",\"item\":\"https:\/\/dev.tg4.ie\/ga\/eolas\/preas\/\"},{\"@type\":\"ListItem\",\"position\":4,\"name\":\"Nuacht R\u00e1itis\",\"item\":\"https:\/\/dev.tg4.ie\/ga\/eolas\/preas\/nuacht-raitis\/\"},{\"@type\":\"ListItem\",\"position\":5,\"name\":\"2025\",\"item\":\"https:\/\/dev.tg4.ie\/ga\/eolas\/preas\/nuacht-raitis\/2025-2\/\"},{\"@type\":\"ListItem\",\"position\":6,\"name\":\"\u00d3m\u00f3s l\u00e9irithe ag TG4 d\u00e1 nArd-Sti\u00fath\u00f3ir Alan Esslemont at\u00e1 ag \u00c9ir\u00ed As agus ag Dul ar Scor\"}]},{\"@type\":\"WebSite\",\"@id\":\"https:\/\/dev.tg4.ie\/en\/#website\",\"url\":\"https:\/\/dev.tg4.ie\/en\/\",\"name\":\"TG4\",\"description\":\"S\u00fail Eile\",\"potentialAction\":[{\"@type\":\"SearchAction\",\"target\":{\"@type\":\"EntryPoint\",\"urlTemplate\":\"https:\/\/dev.tg4.ie\/en\/?s={search_term_string}\"},\"query-input\":\"required name=search_term_string\"}],\"inLanguage\":\"ga\"}]}<\/script>\n<!-- \/ Yoast SEO plugin. -->","yoast_head_json":{"title":"\u00d3m\u00f3s l\u00e9irithe ag TG4 d\u00e1 nArd-Sti\u00farth\u00f3ir Alan Esslemont at\u00e1 ag \u00c9ir\u00ed As agus ag Dul ar Scor | Preasr\u00e1iteas | TG4","description":"Is \u00e1bhar m\u00f3rtais do TG4 \u00e9 \u00f3m\u00f3s a l\u00e9iri\u00fa do Alan Esslemont, a bheidh ag dul ar scor an deireadh seachtaine seo tar \u00e9is breis is ocht mbliana go leith de cheannaireacht fh\u00edsi\u00fail a bheith d\u00e9anta aige agus \u00e9 ina Ard-Sti\u00farth\u00f3ir ar an st\u00e1isi\u00fan. Tr\u00e9imhs\u00ed bunathraitheacha don chraolt\u00f3ir ab ea a thionacht inar l\u00e9irigh s\u00e9 a dh\u00fathracht don nu\u00e1la\u00edocht chruthaitheach, don fh\u00e1s strait\u00e9iseach agus don Ghaeilge.","robots":{"index":"index","follow":"follow","max-snippet":"max-snippet:-1","max-image-preview":"max-image-preview:large","max-video-preview":"max-video-preview:-1"},"og_locale":"en_US","og_type":"article","og_title":"\u00d3m\u00f3s l\u00e9irithe ag TG4 d\u00e1 nArd-Sti\u00farth\u00f3ir Alan Esslemont at\u00e1 ag \u00c9ir\u00ed As agus ag Dul ar Scor | Preasr\u00e1iteas | TG4","og_description":"Is \u00e1bhar m\u00f3rtais do TG4 \u00e9 \u00f3m\u00f3s a l\u00e9iri\u00fa do Alan Esslemont, a bheidh ag dul ar scor an deireadh seachtaine seo tar \u00e9is breis is ocht mbliana go leith de cheannaireacht fh\u00edsi\u00fail a bheith d\u00e9anta aige agus \u00e9 ina Ard-Sti\u00farth\u00f3ir ar an st\u00e1isi\u00fan. Tr\u00e9imhs\u00ed bunathraitheacha don chraolt\u00f3ir ab ea a thionacht inar l\u00e9irigh s\u00e9 a dh\u00fathracht don nu\u00e1la\u00edocht chruthaitheach, don fh\u00e1s strait\u00e9iseach agus don Ghaeilge.","og_url":"https:\/\/dev.tg4.ie\/ga\/eolas\/preas\/nuacht-raitis\/2025-2\/omos-leirithe-ag-tg4-da-nard-stiuthoir-alan-esslemont-ata-ag-eiri-as-agus-ag-dul-ar-scor\/","og_site_name":"TG4","article_publisher":"https:\/\/www.facebook.com\/TG4TV","article_modified_time":"2025-04-14T14:55:28+00:00","og_image":[{"width":1920,"height":1080,"url":"https:\/\/tg4-docs.s3.amazonaws.com\/wp-content\/uploads\/2025\/03\/26131046\/Scealta_na_gCorn_3_1-1920x1080-1.jpg","type":"image\/jpeg"}],"twitter_card":"summary_large_image","twitter_image":"https:\/\/tg4-docs.s3.amazonaws.com\/wp-content\/uploads\/2025\/03\/26131046\/Scealta_na_gCorn_3_1-1920x1080-1.jpg","twitter_site":"@TG4TV","twitter_misc":{"Est. reading time":"3 minutes"},"schema":{"@context":"https:\/\/schema.org","@graph":[{"@type":"WebPage","@id":"https:\/\/dev.tg4.ie\/ga\/eolas\/preas\/nuacht-raitis\/2025-2\/omos-leirithe-ag-tg4-da-nard-stiuthoir-alan-esslemont-ata-ag-eiri-as-agus-ag-dul-ar-scor\/","url":"https:\/\/dev.tg4.ie\/ga\/eolas\/preas\/nuacht-raitis\/2025-2\/omos-leirithe-ag-tg4-da-nard-stiuthoir-alan-esslemont-ata-ag-eiri-as-agus-ag-dul-ar-scor\/","name":"\u00d3m\u00f3s l\u00e9irithe ag TG4 d\u00e1 nArd-Sti\u00farth\u00f3ir Alan Esslemont at\u00e1 ag \u00c9ir\u00ed As agus ag Dul ar Scor | Preasr\u00e1iteas | TG4","isPartOf":{"@id":"https:\/\/dev.tg4.ie\/en\/#website"},"primaryImageOfPage":{"@id":"https:\/\/dev.tg4.ie\/ga\/eolas\/preas\/nuacht-raitis\/2025-2\/omos-leirithe-ag-tg4-da-nard-stiuthoir-alan-esslemont-ata-ag-eiri-as-agus-ag-dul-ar-scor\/#primaryimage"},"image":{"@id":"https:\/\/dev.tg4.ie\/ga\/eolas\/preas\/nuacht-raitis\/2025-2\/omos-leirithe-ag-tg4-da-nard-stiuthoir-alan-esslemont-ata-ag-eiri-as-agus-ag-dul-ar-scor\/#primaryimage"},"thumbnailUrl":"https:\/\/dev.tg4.ie\/wp-content\/uploads\/2025\/04\/Alan-2025.jpg","datePublished":"2025-04-13T09:00:35+00:00","dateModified":"2025-04-14T14:55:28+00:00","description":"Is \u00e1bhar m\u00f3rtais do TG4 \u00e9 \u00f3m\u00f3s a l\u00e9iri\u00fa do Alan Esslemont, a bheidh ag dul ar scor an deireadh seachtaine seo tar \u00e9is breis is ocht mbliana go leith de cheannaireacht fh\u00edsi\u00fail a bheith d\u00e9anta aige agus \u00e9 ina Ard-Sti\u00farth\u00f3ir ar an st\u00e1isi\u00fan. Tr\u00e9imhs\u00ed bunathraitheacha don chraolt\u00f3ir ab ea a thionacht inar l\u00e9irigh s\u00e9 a dh\u00fathracht don nu\u00e1la\u00edocht chruthaitheach, don fh\u00e1s strait\u00e9iseach agus don Ghaeilge.","breadcrumb":{"@id":"https:\/\/dev.tg4.ie\/ga\/eolas\/preas\/nuacht-raitis\/2025-2\/omos-leirithe-ag-tg4-da-nard-stiuthoir-alan-esslemont-ata-ag-eiri-as-agus-ag-dul-ar-scor\/#breadcrumb"},"inLanguage":"ga","potentialAction":[{"@type":"ReadAction","target":["https:\/\/dev.tg4.ie\/ga\/eolas\/preas\/nuacht-raitis\/2025-2\/omos-leirithe-ag-tg4-da-nard-stiuthoir-alan-esslemont-ata-ag-eiri-as-agus-ag-dul-ar-scor\/"]}]},{"@type":"ImageObject","inLanguage":"ga","@id":"https:\/\/dev.tg4.ie\/ga\/eolas\/preas\/nuacht-raitis\/2025-2\/omos-leirithe-ag-tg4-da-nard-stiuthoir-alan-esslemont-ata-ag-eiri-as-agus-ag-dul-ar-scor\/#primaryimage","url":"https:\/\/dev.tg4.ie\/wp-content\/uploads\/2025\/04\/Alan-2025.jpg","contentUrl":"https:\/\/dev.tg4.ie\/wp-content\/uploads\/2025\/04\/Alan-2025.jpg"},{"@type":"BreadcrumbList","@id":"https:\/\/dev.tg4.ie\/ga\/eolas\/preas\/nuacht-raitis\/2025-2\/omos-leirithe-ag-tg4-da-nard-stiuthoir-alan-esslemont-ata-ag-eiri-as-agus-ag-dul-ar-scor\/#breadcrumb","itemListElement":[{"@type":"ListItem","position":1,"name":"Home","item":"https:\/\/dev.tg4.ie\/ga\/"},{"@type":"ListItem","position":2,"name":"Eolas","item":"https:\/\/dev.tg4.ie\/ga\/eolas\/"},{"@type":"ListItem","position":3,"name":"Preas","item":"https:\/\/dev.tg4.ie\/ga\/eolas\/preas\/"},{"@type":"ListItem","position":4,"name":"Nuacht R\u00e1itis","item":"https:\/\/dev.tg4.ie\/ga\/eolas\/preas\/nuacht-raitis\/"},{"@type":"ListItem","position":5,"name":"2025","item":"https:\/\/dev.tg4.ie\/ga\/eolas\/preas\/nuacht-raitis\/2025-2\/"},{"@type":"ListItem","position":6,"name":"\u00d3m\u00f3s l\u00e9irithe ag TG4 d\u00e1 nArd-Sti\u00fath\u00f3ir Alan Esslemont at\u00e1 ag \u00c9ir\u00ed As agus ag Dul ar Scor"}]},{"@type":"WebSite","@id":"https:\/\/dev.tg4.ie\/en\/#website","url":"https:\/\/dev.tg4.ie\/en\/","name":"TG4","description":"S\u00fail Eile","potentialAction":[{"@type":"SearchAction","target":{"@type":"EntryPoint","urlTemplate":"https:\/\/dev.tg4.ie\/en\/?s={search_term_string}"},"query-input":"required name=search_term_string"}],"inLanguage":"ga"}]}},"_links":{"self":[{"href":"https:\/\/dev.tg4.ie\/ga\/wp-json\/wp\/v2\/pages\/244369"}],"collection":[{"href":"https:\/\/dev.tg4.ie\/ga\/wp-json\/wp\/v2\/pages"}],"about":[{"href":"https:\/\/dev.tg4.ie\/ga\/wp-json\/wp\/v2\/types\/page"}],"author":[{"embeddable":true,"href":"https:\/\/dev.tg4.ie\/ga\/wp-json\/wp\/v2\/users\/876"}],"replies":[{"embeddable":true,"href":"https:\/\/dev.tg4.ie\/ga\/wp-json\/wp\/v2\/comments?post=244369"}],"version-history":[{"count":0,"href":"https:\/\/dev.tg4.ie\/ga\/wp-json\/wp\/v2\/pages\/244369\/revisions"}],"up":[{"embeddable":true,"href":"https:\/\/dev.tg4.ie\/ga\/wp-json\/wp\/v2\/pages\/236807"}],"wp:attachment":[{"href":"https:\/\/dev.tg4.ie\/ga\/wp-json\/wp\/v2\/media?parent=244369"}],"curies":[{"name":"wp","href":"https:\/\/api.w.org\/{rel}","templated":true}]}}