{"id":244487,"date":"2025-04-16T14:00:55","date_gmt":"2025-04-16T13:00:55","guid":{"rendered":"https:\/\/dev.tg4.ie\/?page_id=244487"},"modified":"2025-04-16T16:35:08","modified_gmt":"2025-04-16T15:35:08","slug":"rasai-capall-2025","status":"publish","type":"page","link":"https:\/\/dev.tg4.ie\/ga\/eolas\/preas\/nuacht-raitis\/2025-2\/rasai-capall-2025\/","title":{"rendered":"Ceithre l\u00e1 dh\u00e9ag de R\u00e1sa\u00edocht Capall Bheo in 2025 agus c\u00e9ad chuairt R\u00e1sa\u00ed Beo ar R\u00e1sch\u00farsa Chorca\u00ed san \u00e1ireamh"},"content":{"rendered":"<p><img loading=\"lazy\" decoding=\"async\" width=\"900\" height=\"506\" src=\"https:\/\/tg4-docs.s3.amazonaws.com\/wp-content\/uploads\/2025\/04\/16153426\/Daragh-Meghann.jpg\" alt=\"R\u00e1sa\u00ed Beo 2025\" class=\"alignleft size-full wp-image-244488\" srcset=\"https:\/\/tg4-docs.s3.amazonaws.com\/wp-content\/uploads\/2025\/04\/16153426\/Daragh-Meghann.jpg 900w, https:\/\/tg4-docs.s3.amazonaws.com\/wp-content\/uploads\/2025\/04\/16153426\/Daragh-Meghann-250x141.jpg 250w, https:\/\/tg4-docs.s3.amazonaws.com\/wp-content\/uploads\/2025\/04\/16153426\/Daragh-Meghann-700x394.jpg 700w, https:\/\/tg4-docs.s3.amazonaws.com\/wp-content\/uploads\/2025\/04\/16153426\/Daragh-Meghann-252x141.jpg 252w, https:\/\/tg4-docs.s3.amazonaws.com\/wp-content\/uploads\/2025\/04\/16153426\/Daragh-Meghann-120x67.jpg 120w\" sizes=\"(max-width: 900px) 100vw, 900px\" \/><\/p>\n<p>&nbsp;<br \/>\nBeidh R\u00e1sa\u00ed Beo sraith bheo r\u00e1sa\u00edochta TG4 a bhfuil dea-ch\u00e1il tuillte aici ar ais ar an sc\u00e1ile\u00e1n D\u00e9 Sathairn, an 19 Aibre\u00e1n, le craoladh speisialta \u00f3 Fh\u00e9ile na C\u00e1sca i dTigh na Si\u00f3g. Beidh an Ladies National Steeplechase \u00e1 chraoladh ar\u00eds, chomh maith le r\u00e9amhl\u00e9iri\u00fa cuimsitheach ar Grand National na h\u00c9ireann, a bheidh ar si\u00fal Luan C\u00e1sca, L\u00e1 Saoire Bainc. Anuraidh bhuaigh JJ Slevin gan str\u00f3 ag marca\u00edocht ar Intense Raffles a chuir clabhs\u00far iontach ar an r\u00e1s aitheanta.<\/p>\n<p>&nbsp;<br \/>\nI l\u00e1r mh\u00ed Bealtaine, beidh R\u00e1sa\u00ed Beo ar si\u00fal den ch\u00e9ad uair i R\u00e1sch\u00farsa an N\u00e1is, Co. Chill Dara, le cl\u00fadach ar an Royal Ascot Trials Day &#8211; l\u00e1 m\u00f3r ar fh\u00e9ilire r\u00e1sa\u00edochta na h\u00c9ireann ar an gcothrom. Is pr\u00edomhch\u00e9im ar an aistear at\u00e1 san imeacht seo do chapaill a bhfuiltear ag s\u00fail iad a chur san ioma\u00edocht ag an Royal Ascot agus t\u00e1 duais airgid os cionn \u20ac300,000 ag dul leis.<\/p>\n<p>&nbsp;<br \/>\nN\u00edos d\u00e9ana\u00ed sa mh\u00ed, tabharfaidh na ceamara\u00ed a n-aghaidh siar don cheathr\u00fa bliain i ndiaidh a ch\u00e9ile den chl\u00fadach \u00f3 R\u00e1sch\u00farsa gal\u00e1nta Bhaile an R\u00f3ba. D\u00edreofar ar an Mayo National, a bhuaigh Sam Ewing anuraidh ag marca\u00edocht ar Duffle Coat a bh\u00ed traen\u00e1ilte ag Gordon Elliott.<\/p>\n<p>&nbsp;<br \/>\nTabharfaidh R\u00e1sa\u00ed Beo cuairt ar R\u00e1sch\u00farsa Chorca\u00ed, Mala, den ch\u00e9ad uair an 13 Meitheamh. Beidh Munster Oaks Ghr\u00fapa 3 ina bhuaicphointe ar an l\u00e1, agus leis an gcraoladh seo beidh cuairt tugtha ag R\u00e1sa\u00ed Beo ar 22 as 26 r\u00e1sch\u00farsa in \u00c9irinn &#8211; \u00f3c\u00e1id chinni\u00fanach don tsraith.<\/p>\n<p>&nbsp;<br \/>\nN\u00edos d\u00e9ana\u00ed i m\u00ed an Mheithimh, f\u00e9achfaidh TG4 le craoladh a dh\u00e9anamh \u00f3n gCurrach D\u00e9 hAoine an 27 Meitheamh, mar chuid d\u2019Fh\u00e9ile Dhearba\u00ed na h\u00c9ireann, sula bhfillfidh siad ar an ionad c\u00e1ili\u00fail an 9 L\u00fanasa le haghaidh Keeneland Phoenix Stakes Ghr\u00fapa 1 a chraoladh.<\/p>\n<p>&nbsp;<br \/>\nIdir na d\u00e1ta\u00ed sin ag an gCurrach, beidh an fhoireann i mBaile an Bhriotaigh le haghaidh Aoine agus Satharn R\u00e1sa\u00ed na Gaillimhe, ag lean\u00faint le traidisi\u00fan a bhfuil an-t\u00f3ir air. <\/p>\n<p>&nbsp;<br \/>\nTabharfaidh R\u00e1sa\u00ed Beo aghaidh ar an R\u00edocht ar\u00eds i m\u00ed Mhe\u00e1n F\u00f3mhair don 167\u00fa babhta d\u2019Fh\u00e9ile an Fh\u00f3mhair i Lios Tuathail. Is \u00ed an 21\u00fa bliain as a ch\u00e9ile de chraoladh beo as Lios Tuathail a bheidh ann i mbliana. I bpr\u00edomhr\u00e1s na bliana seo caite, an Kerry National, bh\u00ed Flooring Porter, a bh\u00ed traen\u00e1ilte ag Gavin Cromwell, ar thosach an tslua chun bua cinntitheach a fh\u00e1il.<\/p>\n<p>&nbsp;<br \/>\nBa bhliain mh\u00f3r a bh\u00ed in 2024 do R\u00e1sa\u00ed Beo, le craoladh den ch\u00e9ad uair \u00f3 Ros Com\u00e1in, Cill Bheag\u00e1in agus P\u00e1irc Ghabhr\u00e1in, chomh maith le craoladh ar an gc\u00e9ad r\u00e1s Ghr\u00e1d 1 ar an gcl\u00e1r riamh &#8211; an Morgiana Hurdle i mBaile Ph\u00fainse &#8211; \u00e1it a bhfuair Brighterdaysahead an ceann is fearr ar State Man i gclabhs\u00far iontach.<\/p>\n<p>&nbsp;<br \/>\nBeidh foireann R\u00e1sa\u00ed Beo arna sti\u00faradh ag Se\u00e1n B\u00e1n Breathnach ar\u00eds, le sainanail\u00eds \u00f3 Mh\u00e1nus \u00d3 Conghaile, Sarah Lynam agus \u00c9velyn N\u00ed Ghriallais. Beidh Daragh \u00d3 Conch\u00fair ag tuairisci\u00fa \u00f3 fh\u00e1inne na par\u00e1ide chun tuairim\u00ed agus moth\u00fach\u00e1in na marcaithe, na dtraen\u00e1laithe, na n-\u00fain\u00e9ir\u00ed agus na ngeallt\u00f3ir\u00ed a fh\u00e1il. Fillfidh Meghann Scully ar an bhfoireann chomh maith do chraoladh na bhf\u00e9ilte i nGaillimh agus i Lios Tuathail.<\/p>\n<p>&nbsp;<br \/>\nLeanfaidh TG4 ag tabhairt bhuaicphoint\u00ed agus thraidisi\u00fain r\u00e1sa\u00edocht chapall na h\u00c9ireann chuig lucht f\u00e9achana ar fud na t\u00edre tr\u00ed mhe\u00e1n na Gaeilge, ag ceili\u00faradh an sp\u00f3irt, na gcarachtar, agus na sc\u00e9alta le paisean agus saineolas.<\/p>\n<p>&nbsp;<br \/>\nD\u00e1ta\u00ed 2025 R\u00e1sa\u00ed Beo \t\t<\/p>\n<table>\n<tr\">\n<td>19\/04\/25<\/td>\n<td>F\u00e9ile na C\u00e1sca &#8211; Tigh na Si\u00f3g<\/td>\n<\/tr>\n<tr\">\n<td>18\/05\/25<\/td>\n<td>R\u00e1sch\u00farsa an N\u00e1is<\/td>\n<\/tr>\n<tr\">\n<td>26\/05\/25<\/td>\n<td>R\u00e1sch\u00farsa Bhaile an R\u00f3ba<\/td>\n<\/tr>\n<tr\">\n<td>13\/06\/25<\/td>\n<td>R\u00e1sch\u00farsa Chorca\u00ed<\/td>\n<\/tr>\n<tr\">\n<td>27\/06\/25<\/td>\n<td>Currach<\/td>\n<\/tr>\n<tr\">\n<td>01 &#8211; 02\/08\/25<\/td>\n<td>R\u00e1sa\u00ed na Gaillimhe<\/td>\n<\/tr>\n<tr\">\n<td>09\/08\/25<\/td>\n<td>Currach<\/td>\n<\/tr>\n<tr\">\n<td>22 &#8211; 27\/09\/25<\/td>\n<td>F\u00e9ile an Fh\u00f3mhair &#8211; Lios Tuathail<\/td>\n<\/tr>\n<\/table>\n<p>&nbsp;<br \/>\n&nbsp;<\/p>\n","protected":false},"excerpt":{"rendered":"<p>&nbsp; Beidh R\u00e1sa\u00ed Beo sraith bheo r\u00e1sa\u00edochta TG4 a bhfuil dea-ch\u00e1il tuillte aici ar ais ar an sc\u00e1ile\u00e1n D\u00e9 Sathairn, an 19 Aibre\u00e1n, le craoladh speisialta \u00f3 Fh\u00e9ile na C\u00e1sca i dTigh na Si\u00f3g. Beidh an Ladies National Steeplechase \u00e1 chraoladh ar\u00eds, chomh maith le r\u00e9amhl\u00e9iri\u00fa cuimsitheach ar Grand National na h\u00c9ireann, a bheidh ar [&hellip;]<\/p>\n","protected":false},"author":4,"featured_media":0,"parent":236807,"menu_order":19,"comment_status":"closed","ping_status":"closed","template":"page-templates\/template-pr.php","meta":{"_acf_changed":false,"footnotes":""},"acf":[],"yoast_head":"<!-- This site is optimized with the Yoast SEO plugin v22.6 - https:\/\/yoast.com\/wordpress\/plugins\/seo\/ -->\n<title>Ceithre l\u00e1 dh\u00e9ag de R\u00e1sa\u00edocht Capall Bheo in 2025 | Preasr\u00e1iteas |<\/title>\n<meta name=\"description\" content=\"Beidh R\u00e1sa\u00ed Beo sraith bheo r\u00e1sa\u00edochta TG4 a bhfuil dea-ch\u00e1il tuillte aici ar ais ar an sc\u00e1ile\u00e1n D\u00e9 Sathairn, an 19 Aibre\u00e1n, le craoladh speisialta \u00f3 Fh\u00e9ile na C\u00e1sca i dTigh na Si\u00f3g. Beidh an Ladies National Steeplechase \u00e1 chraoladh ar\u00eds, chomh maith le r\u00e9amhl\u00e9iri\u00fa cuimsitheach ar Grand National na h\u00c9ireann, a bheidh ar si\u00fal Luan C\u00e1sca, L\u00e1 Saoire Bainc. Anuraidh bhuaigh JJ Slevin gan str\u00f3 ag marca\u00edocht ar Intense Raffles a chuir clabhs\u00far iontach ar an r\u00e1s aitheanta.\" \/>\n<meta name=\"robots\" content=\"index, follow, max-snippet:-1, max-image-preview:large, max-video-preview:-1\" \/>\n<meta property=\"og:locale\" content=\"en_US\" \/>\n<meta property=\"og:type\" content=\"article\" \/>\n<meta property=\"og:title\" content=\"Ceithre l\u00e1 dh\u00e9ag de R\u00e1sa\u00edocht Capall Bheo in 2025\" \/>\n<meta property=\"og:description\" content=\"Beidh R\u00e1sa\u00ed Beo sraith bheo r\u00e1sa\u00edochta TG4 a bhfuil dea-ch\u00e1il tuillte aici ar ais ar an sc\u00e1ile\u00e1n D\u00e9 Sathairn, an 19 Aibre\u00e1n, le craoladh speisialta \u00f3 Fh\u00e9ile na C\u00e1sca i dTigh na Si\u00f3g.\" \/>\n<meta property=\"og:url\" content=\"https:\/\/dev.tg4.ie\/ga\/eolas\/preas\/nuacht-raitis\/2025-2\/rasai-capall-2025\/\" \/>\n<meta property=\"og:site_name\" content=\"TG4\" \/>\n<meta property=\"article:publisher\" content=\"https:\/\/www.facebook.com\/TG4TV\" \/>\n<meta property=\"article:modified_time\" content=\"2025-04-16T15:35:08+00:00\" \/>\n<meta property=\"og:image\" content=\"https:\/\/tg4-docs.s3.amazonaws.com\/wp-content\/uploads\/2025\/04\/16153426\/Daragh-Meghann.jpg\" \/>\n\t<meta property=\"og:image:width\" content=\"900\" \/>\n\t<meta property=\"og:image:height\" content=\"506\" \/>\n\t<meta property=\"og:image:type\" content=\"image\/jpeg\" \/>\n<meta name=\"twitter:card\" content=\"summary_large_image\" \/>\n<meta name=\"twitter:title\" content=\"Ceithre l\u00e1 dh\u00e9ag de R\u00e1sa\u00edocht Capall Bheo in 2025\" \/>\n<meta name=\"twitter:description\" content=\"Beidh R\u00e1sa\u00ed Beo sraith bheo r\u00e1sa\u00edochta TG4 a bhfuil dea-ch\u00e1il tuillte aici ar ais ar an sc\u00e1ile\u00e1n D\u00e9 Sathairn, an 19 Aibre\u00e1n, le craoladh speisialta \u00f3 Fh\u00e9ile na C\u00e1sca i dTigh na Si\u00f3g.\" \/>\n<meta name=\"twitter:image\" content=\"https:\/\/tg4-docs.s3.amazonaws.com\/wp-content\/uploads\/2025\/04\/16153426\/Daragh-Meghann.jpg\" \/>\n<meta name=\"twitter:site\" content=\"@TG4TV\" \/>\n<meta name=\"twitter:label1\" content=\"Est. reading time\" \/>\n\t<meta name=\"twitter:data1\" content=\"4 minutes\" \/>\n<script type=\"application\/ld+json\" class=\"yoast-schema-graph\">{\"@context\":\"https:\/\/schema.org\",\"@graph\":[{\"@type\":\"WebPage\",\"@id\":\"https:\/\/dev.tg4.ie\/ga\/eolas\/preas\/nuacht-raitis\/2025-2\/rasai-capall-2025\/\",\"url\":\"https:\/\/dev.tg4.ie\/ga\/eolas\/preas\/nuacht-raitis\/2025-2\/rasai-capall-2025\/\",\"name\":\"Ceithre l\u00e1 dh\u00e9ag de R\u00e1sa\u00edocht Capall Bheo in 2025 | Preasr\u00e1iteas |\",\"isPartOf\":{\"@id\":\"https:\/\/dev.tg4.ie\/en\/#website\"},\"primaryImageOfPage\":{\"@id\":\"https:\/\/dev.tg4.ie\/ga\/eolas\/preas\/nuacht-raitis\/2025-2\/rasai-capall-2025\/#primaryimage\"},\"image\":{\"@id\":\"https:\/\/dev.tg4.ie\/ga\/eolas\/preas\/nuacht-raitis\/2025-2\/rasai-capall-2025\/#primaryimage\"},\"thumbnailUrl\":\"https:\/\/dev.tg4.ie\/wp-content\/uploads\/2025\/04\/Daragh-Meghann.jpg\",\"datePublished\":\"2025-04-16T13:00:55+00:00\",\"dateModified\":\"2025-04-16T15:35:08+00:00\",\"description\":\"Beidh R\u00e1sa\u00ed Beo sraith bheo r\u00e1sa\u00edochta TG4 a bhfuil dea-ch\u00e1il tuillte aici ar ais ar an sc\u00e1ile\u00e1n D\u00e9 Sathairn, an 19 Aibre\u00e1n, le craoladh speisialta \u00f3 Fh\u00e9ile na C\u00e1sca i dTigh na Si\u00f3g. Beidh an Ladies National Steeplechase \u00e1 chraoladh ar\u00eds, chomh maith le r\u00e9amhl\u00e9iri\u00fa cuimsitheach ar Grand National na h\u00c9ireann, a bheidh ar si\u00fal Luan C\u00e1sca, L\u00e1 Saoire Bainc. Anuraidh bhuaigh JJ Slevin gan str\u00f3 ag marca\u00edocht ar Intense Raffles a chuir clabhs\u00far iontach ar an r\u00e1s aitheanta.\",\"breadcrumb\":{\"@id\":\"https:\/\/dev.tg4.ie\/ga\/eolas\/preas\/nuacht-raitis\/2025-2\/rasai-capall-2025\/#breadcrumb\"},\"inLanguage\":\"ga\",\"potentialAction\":[{\"@type\":\"ReadAction\",\"target\":[\"https:\/\/dev.tg4.ie\/ga\/eolas\/preas\/nuacht-raitis\/2025-2\/rasai-capall-2025\/\"]}]},{\"@type\":\"ImageObject\",\"inLanguage\":\"ga\",\"@id\":\"https:\/\/dev.tg4.ie\/ga\/eolas\/preas\/nuacht-raitis\/2025-2\/rasai-capall-2025\/#primaryimage\",\"url\":\"https:\/\/dev.tg4.ie\/wp-content\/uploads\/2025\/04\/Daragh-Meghann.jpg\",\"contentUrl\":\"https:\/\/dev.tg4.ie\/wp-content\/uploads\/2025\/04\/Daragh-Meghann.jpg\"},{\"@type\":\"BreadcrumbList\",\"@id\":\"https:\/\/dev.tg4.ie\/ga\/eolas\/preas\/nuacht-raitis\/2025-2\/rasai-capall-2025\/#breadcrumb\",\"itemListElement\":[{\"@type\":\"ListItem\",\"position\":1,\"name\":\"Home\",\"item\":\"https:\/\/dev.tg4.ie\/ga\/\"},{\"@type\":\"ListItem\",\"position\":2,\"name\":\"Eolas\",\"item\":\"https:\/\/dev.tg4.ie\/ga\/eolas\/\"},{\"@type\":\"ListItem\",\"position\":3,\"name\":\"Preas\",\"item\":\"https:\/\/dev.tg4.ie\/ga\/eolas\/preas\/\"},{\"@type\":\"ListItem\",\"position\":4,\"name\":\"Nuacht R\u00e1itis\",\"item\":\"https:\/\/dev.tg4.ie\/ga\/eolas\/preas\/nuacht-raitis\/\"},{\"@type\":\"ListItem\",\"position\":5,\"name\":\"2025\",\"item\":\"https:\/\/dev.tg4.ie\/ga\/eolas\/preas\/nuacht-raitis\/2025-2\/\"},{\"@type\":\"ListItem\",\"position\":6,\"name\":\"Ceithre l\u00e1 dh\u00e9ag de R\u00e1sa\u00edocht Capall Bheo in 2025 agus c\u00e9ad chuairt R\u00e1sa\u00ed Beo ar R\u00e1sch\u00farsa Chorca\u00ed san \u00e1ireamh\"}]},{\"@type\":\"WebSite\",\"@id\":\"https:\/\/dev.tg4.ie\/en\/#website\",\"url\":\"https:\/\/dev.tg4.ie\/en\/\",\"name\":\"TG4\",\"description\":\"S\u00fail Eile\",\"potentialAction\":[{\"@type\":\"SearchAction\",\"target\":{\"@type\":\"EntryPoint\",\"urlTemplate\":\"https:\/\/dev.tg4.ie\/en\/?s={search_term_string}\"},\"query-input\":\"required name=search_term_string\"}],\"inLanguage\":\"ga\"}]}<\/script>\n<!-- \/ Yoast SEO plugin. -->","yoast_head_json":{"title":"Ceithre l\u00e1 dh\u00e9ag de R\u00e1sa\u00edocht Capall Bheo in 2025 | Preasr\u00e1iteas |","description":"Beidh R\u00e1sa\u00ed Beo sraith bheo r\u00e1sa\u00edochta TG4 a bhfuil dea-ch\u00e1il tuillte aici ar ais ar an sc\u00e1ile\u00e1n D\u00e9 Sathairn, an 19 Aibre\u00e1n, le craoladh speisialta \u00f3 Fh\u00e9ile na C\u00e1sca i dTigh na Si\u00f3g. Beidh an Ladies National Steeplechase \u00e1 chraoladh ar\u00eds, chomh maith le r\u00e9amhl\u00e9iri\u00fa cuimsitheach ar Grand National na h\u00c9ireann, a bheidh ar si\u00fal Luan C\u00e1sca, L\u00e1 Saoire Bainc. Anuraidh bhuaigh JJ Slevin gan str\u00f3 ag marca\u00edocht ar Intense Raffles a chuir clabhs\u00far iontach ar an r\u00e1s aitheanta.","robots":{"index":"index","follow":"follow","max-snippet":"max-snippet:-1","max-image-preview":"max-image-preview:large","max-video-preview":"max-video-preview:-1"},"og_locale":"en_US","og_type":"article","og_title":"Ceithre l\u00e1 dh\u00e9ag de R\u00e1sa\u00edocht Capall Bheo in 2025","og_description":"Beidh R\u00e1sa\u00ed Beo sraith bheo r\u00e1sa\u00edochta TG4 a bhfuil dea-ch\u00e1il tuillte aici ar ais ar an sc\u00e1ile\u00e1n D\u00e9 Sathairn, an 19 Aibre\u00e1n, le craoladh speisialta \u00f3 Fh\u00e9ile na C\u00e1sca i dTigh na Si\u00f3g.","og_url":"https:\/\/dev.tg4.ie\/ga\/eolas\/preas\/nuacht-raitis\/2025-2\/rasai-capall-2025\/","og_site_name":"TG4","article_publisher":"https:\/\/www.facebook.com\/TG4TV","article_modified_time":"2025-04-16T15:35:08+00:00","og_image":[{"width":900,"height":506,"url":"https:\/\/tg4-docs.s3.amazonaws.com\/wp-content\/uploads\/2025\/04\/16153426\/Daragh-Meghann.jpg","type":"image\/jpeg"}],"twitter_card":"summary_large_image","twitter_title":"Ceithre l\u00e1 dh\u00e9ag de R\u00e1sa\u00edocht Capall Bheo in 2025","twitter_description":"Beidh R\u00e1sa\u00ed Beo sraith bheo r\u00e1sa\u00edochta TG4 a bhfuil dea-ch\u00e1il tuillte aici ar ais ar an sc\u00e1ile\u00e1n D\u00e9 Sathairn, an 19 Aibre\u00e1n, le craoladh speisialta \u00f3 Fh\u00e9ile na C\u00e1sca i dTigh na Si\u00f3g.","twitter_image":"https:\/\/tg4-docs.s3.amazonaws.com\/wp-content\/uploads\/2025\/04\/16153426\/Daragh-Meghann.jpg","twitter_site":"@TG4TV","twitter_misc":{"Est. reading time":"4 minutes"},"schema":{"@context":"https:\/\/schema.org","@graph":[{"@type":"WebPage","@id":"https:\/\/dev.tg4.ie\/ga\/eolas\/preas\/nuacht-raitis\/2025-2\/rasai-capall-2025\/","url":"https:\/\/dev.tg4.ie\/ga\/eolas\/preas\/nuacht-raitis\/2025-2\/rasai-capall-2025\/","name":"Ceithre l\u00e1 dh\u00e9ag de R\u00e1sa\u00edocht Capall Bheo in 2025 | Preasr\u00e1iteas |","isPartOf":{"@id":"https:\/\/dev.tg4.ie\/en\/#website"},"primaryImageOfPage":{"@id":"https:\/\/dev.tg4.ie\/ga\/eolas\/preas\/nuacht-raitis\/2025-2\/rasai-capall-2025\/#primaryimage"},"image":{"@id":"https:\/\/dev.tg4.ie\/ga\/eolas\/preas\/nuacht-raitis\/2025-2\/rasai-capall-2025\/#primaryimage"},"thumbnailUrl":"https:\/\/dev.tg4.ie\/wp-content\/uploads\/2025\/04\/Daragh-Meghann.jpg","datePublished":"2025-04-16T13:00:55+00:00","dateModified":"2025-04-16T15:35:08+00:00","description":"Beidh R\u00e1sa\u00ed Beo sraith bheo r\u00e1sa\u00edochta TG4 a bhfuil dea-ch\u00e1il tuillte aici ar ais ar an sc\u00e1ile\u00e1n D\u00e9 Sathairn, an 19 Aibre\u00e1n, le craoladh speisialta \u00f3 Fh\u00e9ile na C\u00e1sca i dTigh na Si\u00f3g. Beidh an Ladies National Steeplechase \u00e1 chraoladh ar\u00eds, chomh maith le r\u00e9amhl\u00e9iri\u00fa cuimsitheach ar Grand National na h\u00c9ireann, a bheidh ar si\u00fal Luan C\u00e1sca, L\u00e1 Saoire Bainc. Anuraidh bhuaigh JJ Slevin gan str\u00f3 ag marca\u00edocht ar Intense Raffles a chuir clabhs\u00far iontach ar an r\u00e1s aitheanta.","breadcrumb":{"@id":"https:\/\/dev.tg4.ie\/ga\/eolas\/preas\/nuacht-raitis\/2025-2\/rasai-capall-2025\/#breadcrumb"},"inLanguage":"ga","potentialAction":[{"@type":"ReadAction","target":["https:\/\/dev.tg4.ie\/ga\/eolas\/preas\/nuacht-raitis\/2025-2\/rasai-capall-2025\/"]}]},{"@type":"ImageObject","inLanguage":"ga","@id":"https:\/\/dev.tg4.ie\/ga\/eolas\/preas\/nuacht-raitis\/2025-2\/rasai-capall-2025\/#primaryimage","url":"https:\/\/dev.tg4.ie\/wp-content\/uploads\/2025\/04\/Daragh-Meghann.jpg","contentUrl":"https:\/\/dev.tg4.ie\/wp-content\/uploads\/2025\/04\/Daragh-Meghann.jpg"},{"@type":"BreadcrumbList","@id":"https:\/\/dev.tg4.ie\/ga\/eolas\/preas\/nuacht-raitis\/2025-2\/rasai-capall-2025\/#breadcrumb","itemListElement":[{"@type":"ListItem","position":1,"name":"Home","item":"https:\/\/dev.tg4.ie\/ga\/"},{"@type":"ListItem","position":2,"name":"Eolas","item":"https:\/\/dev.tg4.ie\/ga\/eolas\/"},{"@type":"ListItem","position":3,"name":"Preas","item":"https:\/\/dev.tg4.ie\/ga\/eolas\/preas\/"},{"@type":"ListItem","position":4,"name":"Nuacht R\u00e1itis","item":"https:\/\/dev.tg4.ie\/ga\/eolas\/preas\/nuacht-raitis\/"},{"@type":"ListItem","position":5,"name":"2025","item":"https:\/\/dev.tg4.ie\/ga\/eolas\/preas\/nuacht-raitis\/2025-2\/"},{"@type":"ListItem","position":6,"name":"Ceithre l\u00e1 dh\u00e9ag de R\u00e1sa\u00edocht Capall Bheo in 2025 agus c\u00e9ad chuairt R\u00e1sa\u00ed Beo ar R\u00e1sch\u00farsa Chorca\u00ed san \u00e1ireamh"}]},{"@type":"WebSite","@id":"https:\/\/dev.tg4.ie\/en\/#website","url":"https:\/\/dev.tg4.ie\/en\/","name":"TG4","description":"S\u00fail Eile","potentialAction":[{"@type":"SearchAction","target":{"@type":"EntryPoint","urlTemplate":"https:\/\/dev.tg4.ie\/en\/?s={search_term_string}"},"query-input":"required name=search_term_string"}],"inLanguage":"ga"}]}},"_links":{"self":[{"href":"https:\/\/dev.tg4.ie\/ga\/wp-json\/wp\/v2\/pages\/244487"}],"collection":[{"href":"https:\/\/dev.tg4.ie\/ga\/wp-json\/wp\/v2\/pages"}],"about":[{"href":"https:\/\/dev.tg4.ie\/ga\/wp-json\/wp\/v2\/types\/page"}],"author":[{"embeddable":true,"href":"https:\/\/dev.tg4.ie\/ga\/wp-json\/wp\/v2\/users\/4"}],"replies":[{"embeddable":true,"href":"https:\/\/dev.tg4.ie\/ga\/wp-json\/wp\/v2\/comments?post=244487"}],"version-history":[{"count":0,"href":"https:\/\/dev.tg4.ie\/ga\/wp-json\/wp\/v2\/pages\/244487\/revisions"}],"up":[{"embeddable":true,"href":"https:\/\/dev.tg4.ie\/ga\/wp-json\/wp\/v2\/pages\/236807"}],"wp:attachment":[{"href":"https:\/\/dev.tg4.ie\/ga\/wp-json\/wp\/v2\/media?parent=244487"}],"curies":[{"name":"wp","href":"https:\/\/api.w.org\/{rel}","templated":true}]}}