{"id":244518,"date":"2025-04-17T10:40:04","date_gmt":"2025-04-17T09:40:04","guid":{"rendered":"https:\/\/dev.tg4.ie\/?page_id=244518"},"modified":"2025-04-17T10:43:26","modified_gmt":"2025-04-17T09:43:26","slug":"urc-rugbai-2025","status":"publish","type":"page","link":"https:\/\/dev.tg4.ie\/ga\/eolas\/preas\/nuacht-raitis\/2025-2\/urc-rugbai-2025\/","title":{"rendered":"Beidh an Craobhchom\u00f3rtas Rugba\u00ed Aontaithe ar f\u00e1il ar theilif\u00eds saorchraolta in \u00c9irinn go dt\u00ed 2029 a bhu\u00edochas do chomhaont\u00fa nua idir an tsraith agus TG4."},"content":{"rendered":"<p><img loading=\"lazy\" decoding=\"async\" width=\"900\" height=\"450\" src=\"https:\/\/tg4-docs.s3.amazonaws.com\/wp-content\/uploads\/2025\/04\/17103046\/urc-trophy.jpg\" alt=\"URC Trophy\" class=\"alignleft size-full wp-image-244516\" srcset=\"https:\/\/tg4-docs.s3.amazonaws.com\/wp-content\/uploads\/2025\/04\/17103046\/urc-trophy.jpg 900w, https:\/\/tg4-docs.s3.amazonaws.com\/wp-content\/uploads\/2025\/04\/17103046\/urc-trophy-250x125.jpg 250w, https:\/\/tg4-docs.s3.amazonaws.com\/wp-content\/uploads\/2025\/04\/17103046\/urc-trophy-700x350.jpg 700w, https:\/\/tg4-docs.s3.amazonaws.com\/wp-content\/uploads\/2025\/04\/17103046\/urc-trophy-252x126.jpg 252w, https:\/\/tg4-docs.s3.amazonaws.com\/wp-content\/uploads\/2025\/04\/17103046\/urc-trophy-120x60.jpg 120w\" sizes=\"(max-width: 900px) 100vw, 900px\" \/><\/p>\n<p>&nbsp;<br \/>\n<strong>Leanfaidh an craolt\u00f3ir Gaeilge lena chl\u00fadach rugba\u00ed a bhfuil gradam bainte amach aige go ceann ceithre bliana eile agus beidh s\u00e9 ina chomhph\u00e1irt\u00ed eisiach saorchraolta den URC i bPoblacht na h\u00c9ireann.<\/strong><\/p>\n<p>&nbsp;<br \/>\nLeanfaidh TG4 ag craoladh cuid de na cluich\u00ed \u00c9ireannacha is m\u00f3 sa s\u00e9as\u00far mar chuid d\u00e1 gcearta ina mbeidh 26 chluiche ar a laghad chomh maith le rochtain roghnaithe ar Chluich\u00ed Ceathr\u00fa Ceannais agus Leathcheannais an URC go dt\u00ed 2029.<\/p>\n<p>&nbsp;<br \/>\nBeidh an Cluiche Ceannais \u00e1 chraoladh ag TG4 freisin mar chuid den mhargadh at\u00e1 ann faoi l\u00e1thair agus beidh siad \u00e1  dh\u00e9anamh ar\u00eds in 2027 agus 2029 a bhu\u00edochas don mhargadh nua.<\/p>\n<p>&nbsp;<br \/>\nT\u00e1 TG4 ag craoladh aicsean iontach an URC gach deireadh seachtaine \u00f3 leathna\u00edodh an tsraith in 2021 chun foirne m\u00f3ra na hAfraice Theas a \u00e1ireamh agus is ar TG4 a craoladh bua stairi\u00fail na Mumhan sa Chluiche Ceannais in 2023.<\/p>\n<p>&nbsp;<br \/>\nChomh maith leis sin, leanfaidh TG4 ar aghaidh ag craoladh 16 chluiche URC ina mbeidh foirne nach as \u00c9irinn iad ag tabhairt aghaidh ar a ch\u00e9ile gach s\u00e9as\u00far chun deis a thabhairt don lucht f\u00e9achana saorchraolta an t-aicsean ar fud na sraithe a fheice\u00e1il.<\/p>\n<p>&nbsp;<br \/>\nAgus an URC ag f\u00e1il faoi r\u00e9ir le t\u00fas a chur leis an 25\u00fa s\u00e9as\u00far sraithe, is ceann de chomhph\u00e1irtithe craolt\u00f3ireachta bunaidh na sraithe \u00e9 TG4 i gc\u00f3na\u00ed, \u00f3 tharla gur ar an st\u00e1isi\u00fan a craoladh an tSraith Cheilteach \u00f3 2001 go 2004. \u00d3 th\u00e1inig TG4 ar ais in 2010, t\u00e1 dea-ch\u00e1il bainte amach ag an st\u00e1isi\u00fan mar gheall go gcuireann s\u00e9 cl\u00fadach ardchaighde\u00e1in rugba\u00ed ina leagtar b\u00e9im ar an inni\u00falacht ar f\u00e1il.<\/p>\n<p>&nbsp;<br \/>\nThug an cur chuige sin an lucht lean\u00fana n\u00edos gaire do na pearsantachta\u00ed a bhfuil tionchar ollmh\u00f3r acu ar l\u00e1 imeartha an URC agus bhain siad gradam Chumann R\u00edoga Teilif\u00edse na h\u00c9ireann amach le gairid d\u00e1 gcl\u00fadach ar Mhumha agus Laighin i m\u00ed na Nollag anuraidh.<\/p>\n<p>&nbsp;<br \/>\nD\u00fairt Martin Anayi, Pr\u00edomhfheidhmeannach na Craoibhe Rugba\u00ed Aontaithe, agus \u00e9 ag labhairt faoi athnuachan na comhph\u00e1irt\u00edochta seanbhunaithe: <em>\u201cN\u00edl an oiread c\u00e9anna taca\u00edochta, ar feadh tr\u00e9imhse chomh fada, tugtha ag aon chraolt\u00f3ir eile in \u00c9irinn is at\u00e1 tugtha ag TG4. Beidh comhph\u00e1irt\u00edocht n\u00edos faide n\u00e1 fiche bliain d\u00e9anta acu sa ch\u00e9ad timthriall eile seo agus t\u00e1 f\u00e1s tagtha ar an bhfonn at\u00e1 orthu cl\u00fadach sp\u00f3irt ar an leibh\u00e9al is airde a chur ar f\u00e1il an tr\u00e1th c\u00e9anna a bhfuil an URC ag teacht chun cinn.\u201d<\/p>\n<p>\u201cT\u00e1 t\u00e1bhacht ollmh\u00f3r cult\u00fair ag baint le teangacha agus sp\u00f3rt ar fud an domhain agus t\u00e1 TG4 thar barr uile ag ceili\u00faradh an d\u00e1 rud sin i dtimpeallacht bheo. T\u00e1 an URC l\u00e1n le h\u00e9ags\u00falacht agus pobail dhifri\u00fala at\u00e1 aontaithe tr\u00edna bpaisean don sp\u00f3rt agus is beag p\u00e1irt\u00ed leasmhar a l\u00e9ir\u00edonn \u00e9 sin n\u00edos fearr n\u00e1 TG4.\u201d<\/em><\/p>\n<p>&nbsp;<br \/>\nD\u00fairt Ceannasa\u00ed Sp\u00f3irt TG4 R\u00f3n\u00e1n \u00d3 Coisdtealbha: <em>\u201cT\u00e1 an-\u00e1thas ar TG4 lean\u00faint de bheith ag taispe\u00e1int an Craobhchom\u00f3rtais Rugba\u00ed Aontaithe agus cl\u00fadach saorchraolta a chur ar f\u00e1il de na cluich\u00ed iontacha agus t\u00e1bhachtacha rugba\u00ed. Is c\u00fais bhr\u00f3id d\u00fainn a bheith in\u00e1r gcomhph\u00e1irtithe eisiacha saorchraolta URC in \u00c9irinn agus \u00e1r nd\u00fathracht sheanbhunaithe a thabhairt don tsraith. T\u00e1 \u00e1it l\u00e1rnach ag an rugba\u00ed i gcraoladh sp\u00f3irt TG4 agus t\u00e1 muid ag s\u00fail le n\u00edos m\u00f3 cluich\u00ed iontacha agus m\u00f3r\u00f3c\u00e1id\u00ed nach nd\u00e9anfar dearmad orthu go deo a thabhairt do lucht lean\u00fana ar fud na t\u00edre sna s\u00e9as\u00fair amach romhainn.\u201d<\/em><\/p>\n<p>&nbsp;<br \/>\n&nbsp;<\/p>\n","protected":false},"excerpt":{"rendered":"<p>&nbsp; Leanfaidh an craolt\u00f3ir Gaeilge lena chl\u00fadach rugba\u00ed a bhfuil gradam bainte amach aige go ceann ceithre bliana eile agus beidh s\u00e9 ina chomhph\u00e1irt\u00ed eisiach saorchraolta den URC i bPoblacht na h\u00c9ireann. &nbsp; Leanfaidh TG4 ag craoladh cuid de na cluich\u00ed \u00c9ireannacha is m\u00f3 sa s\u00e9as\u00far mar chuid d\u00e1 gcearta ina mbeidh 26 chluiche ar [&hellip;]<\/p>\n","protected":false},"author":4,"featured_media":0,"parent":236807,"menu_order":20,"comment_status":"closed","ping_status":"closed","template":"page-templates\/template-pr.php","meta":{"_acf_changed":false,"footnotes":""},"acf":[],"yoast_head":"<!-- This site is optimized with the Yoast SEO plugin v22.6 - https:\/\/yoast.com\/wordpress\/plugins\/seo\/ -->\n<title>Beidh an Craobhchom\u00f3rtas Rugba\u00ed Aontaithe ar f\u00e1il ar theilif\u00eds saorchraolta in \u00c9irinn go dt\u00ed 2029 | Preasr\u00e1iteas | TG4<\/title>\n<meta name=\"description\" content=\"Leanfaidh an craolt\u00f3ir Gaeilge lena chl\u00fadach rugba\u00ed a bhfuil gradam bainte amach aige go ceann ceithre bliana eile agus beidh s\u00e9 ina chomhph\u00e1irt\u00ed eisiach saorchraolta den URC i bPoblacht na h\u00c9ireann.\" \/>\n<meta name=\"robots\" content=\"index, follow, max-snippet:-1, max-image-preview:large, max-video-preview:-1\" \/>\n<meta property=\"og:locale\" content=\"en_US\" \/>\n<meta property=\"og:type\" content=\"article\" \/>\n<meta property=\"og:title\" content=\"Beidh an Craobhchom\u00f3rtas Rugba\u00ed Aontaithe ar f\u00e1il ar theilif\u00eds saorchraolta in \u00c9irinn go dt\u00ed 2029\" \/>\n<meta property=\"og:description\" content=\"Leanfaidh an craolt\u00f3ir Gaeilge lena chl\u00fadach rugba\u00ed a bhfuil gradam bainte amach aige go ceann ceithre bliana eile agus beidh s\u00e9 ina chomhph\u00e1irt\u00ed eisiach saorchraolta den URC i bPoblacht na h\u00c9ireann.\" \/>\n<meta property=\"og:url\" content=\"https:\/\/dev.tg4.ie\/ga\/eolas\/preas\/nuacht-raitis\/2025-2\/urc-rugbai-2025\/\" \/>\n<meta property=\"og:site_name\" content=\"TG4\" \/>\n<meta property=\"article:publisher\" content=\"https:\/\/www.facebook.com\/TG4TV\" \/>\n<meta property=\"article:modified_time\" content=\"2025-04-17T09:43:26+00:00\" \/>\n<meta property=\"og:image\" content=\"https:\/\/tg4-docs.s3.amazonaws.com\/wp-content\/uploads\/2025\/04\/17103046\/urc-trophy-700x350.jpg\" \/>\n<meta name=\"twitter:card\" content=\"summary_large_image\" \/>\n<meta name=\"twitter:title\" content=\"Beidh an Craobhchom\u00f3rtas Rugba\u00ed Aontaithe ar f\u00e1il ar theilif\u00eds saorchraolta in \u00c9irinn go dt\u00ed 2029\" \/>\n<meta name=\"twitter:description\" content=\"Leanfaidh an craolt\u00f3ir Gaeilge lena chl\u00fadach rugba\u00ed a bhfuil gradam bainte amach aige go ceann ceithre bliana eile agus beidh s\u00e9 ina chomhph\u00e1irt\u00ed eisiach saorchraolta den URC i bPoblacht na h\u00c9ireann.\" \/>\n<meta name=\"twitter:image\" content=\"https:\/\/tg4-docs.s3.amazonaws.com\/wp-content\/uploads\/2025\/04\/17103046\/urc-trophy-700x350.jpg\" \/>\n<meta name=\"twitter:site\" content=\"@TG4TV\" \/>\n<meta name=\"twitter:label1\" content=\"Est. reading time\" \/>\n\t<meta name=\"twitter:data1\" content=\"4 minutes\" \/>\n<script type=\"application\/ld+json\" class=\"yoast-schema-graph\">{\"@context\":\"https:\/\/schema.org\",\"@graph\":[{\"@type\":\"WebPage\",\"@id\":\"https:\/\/dev.tg4.ie\/ga\/eolas\/preas\/nuacht-raitis\/2025-2\/urc-rugbai-2025\/\",\"url\":\"https:\/\/dev.tg4.ie\/ga\/eolas\/preas\/nuacht-raitis\/2025-2\/urc-rugbai-2025\/\",\"name\":\"Beidh an Craobhchom\u00f3rtas Rugba\u00ed Aontaithe ar f\u00e1il ar theilif\u00eds saorchraolta in \u00c9irinn go dt\u00ed 2029 | Preasr\u00e1iteas | TG4\",\"isPartOf\":{\"@id\":\"https:\/\/dev.tg4.ie\/en\/#website\"},\"primaryImageOfPage\":{\"@id\":\"https:\/\/dev.tg4.ie\/ga\/eolas\/preas\/nuacht-raitis\/2025-2\/urc-rugbai-2025\/#primaryimage\"},\"image\":{\"@id\":\"https:\/\/dev.tg4.ie\/ga\/eolas\/preas\/nuacht-raitis\/2025-2\/urc-rugbai-2025\/#primaryimage\"},\"thumbnailUrl\":\"https:\/\/dev.tg4.ie\/wp-content\/uploads\/2025\/04\/urc-trophy.jpg\",\"datePublished\":\"2025-04-17T09:40:04+00:00\",\"dateModified\":\"2025-04-17T09:43:26+00:00\",\"description\":\"Leanfaidh an craolt\u00f3ir Gaeilge lena chl\u00fadach rugba\u00ed a bhfuil gradam bainte amach aige go ceann ceithre bliana eile agus beidh s\u00e9 ina chomhph\u00e1irt\u00ed eisiach saorchraolta den URC i bPoblacht na h\u00c9ireann.\",\"breadcrumb\":{\"@id\":\"https:\/\/dev.tg4.ie\/ga\/eolas\/preas\/nuacht-raitis\/2025-2\/urc-rugbai-2025\/#breadcrumb\"},\"inLanguage\":\"ga\",\"potentialAction\":[{\"@type\":\"ReadAction\",\"target\":[\"https:\/\/dev.tg4.ie\/ga\/eolas\/preas\/nuacht-raitis\/2025-2\/urc-rugbai-2025\/\"]}]},{\"@type\":\"ImageObject\",\"inLanguage\":\"ga\",\"@id\":\"https:\/\/dev.tg4.ie\/ga\/eolas\/preas\/nuacht-raitis\/2025-2\/urc-rugbai-2025\/#primaryimage\",\"url\":\"https:\/\/dev.tg4.ie\/wp-content\/uploads\/2025\/04\/urc-trophy.jpg\",\"contentUrl\":\"https:\/\/dev.tg4.ie\/wp-content\/uploads\/2025\/04\/urc-trophy.jpg\"},{\"@type\":\"BreadcrumbList\",\"@id\":\"https:\/\/dev.tg4.ie\/ga\/eolas\/preas\/nuacht-raitis\/2025-2\/urc-rugbai-2025\/#breadcrumb\",\"itemListElement\":[{\"@type\":\"ListItem\",\"position\":1,\"name\":\"Home\",\"item\":\"https:\/\/dev.tg4.ie\/ga\/\"},{\"@type\":\"ListItem\",\"position\":2,\"name\":\"Eolas\",\"item\":\"https:\/\/dev.tg4.ie\/ga\/eolas\/\"},{\"@type\":\"ListItem\",\"position\":3,\"name\":\"Preas\",\"item\":\"https:\/\/dev.tg4.ie\/ga\/eolas\/preas\/\"},{\"@type\":\"ListItem\",\"position\":4,\"name\":\"Nuacht R\u00e1itis\",\"item\":\"https:\/\/dev.tg4.ie\/ga\/eolas\/preas\/nuacht-raitis\/\"},{\"@type\":\"ListItem\",\"position\":5,\"name\":\"2025\",\"item\":\"https:\/\/dev.tg4.ie\/ga\/eolas\/preas\/nuacht-raitis\/2025-2\/\"},{\"@type\":\"ListItem\",\"position\":6,\"name\":\"Beidh an Craobhchom\u00f3rtas Rugba\u00ed Aontaithe ar f\u00e1il ar theilif\u00eds saorchraolta in \u00c9irinn go dt\u00ed 2029 a bhu\u00edochas do chomhaont\u00fa nua idir an tsraith agus TG4.\"}]},{\"@type\":\"WebSite\",\"@id\":\"https:\/\/dev.tg4.ie\/en\/#website\",\"url\":\"https:\/\/dev.tg4.ie\/en\/\",\"name\":\"TG4\",\"description\":\"S\u00fail Eile\",\"potentialAction\":[{\"@type\":\"SearchAction\",\"target\":{\"@type\":\"EntryPoint\",\"urlTemplate\":\"https:\/\/dev.tg4.ie\/en\/?s={search_term_string}\"},\"query-input\":\"required name=search_term_string\"}],\"inLanguage\":\"ga\"}]}<\/script>\n<!-- \/ Yoast SEO plugin. -->","yoast_head_json":{"title":"Beidh an Craobhchom\u00f3rtas Rugba\u00ed Aontaithe ar f\u00e1il ar theilif\u00eds saorchraolta in \u00c9irinn go dt\u00ed 2029 | Preasr\u00e1iteas | TG4","description":"Leanfaidh an craolt\u00f3ir Gaeilge lena chl\u00fadach rugba\u00ed a bhfuil gradam bainte amach aige go ceann ceithre bliana eile agus beidh s\u00e9 ina chomhph\u00e1irt\u00ed eisiach saorchraolta den URC i bPoblacht na h\u00c9ireann.","robots":{"index":"index","follow":"follow","max-snippet":"max-snippet:-1","max-image-preview":"max-image-preview:large","max-video-preview":"max-video-preview:-1"},"og_locale":"en_US","og_type":"article","og_title":"Beidh an Craobhchom\u00f3rtas Rugba\u00ed Aontaithe ar f\u00e1il ar theilif\u00eds saorchraolta in \u00c9irinn go dt\u00ed 2029","og_description":"Leanfaidh an craolt\u00f3ir Gaeilge lena chl\u00fadach rugba\u00ed a bhfuil gradam bainte amach aige go ceann ceithre bliana eile agus beidh s\u00e9 ina chomhph\u00e1irt\u00ed eisiach saorchraolta den URC i bPoblacht na h\u00c9ireann.","og_url":"https:\/\/dev.tg4.ie\/ga\/eolas\/preas\/nuacht-raitis\/2025-2\/urc-rugbai-2025\/","og_site_name":"TG4","article_publisher":"https:\/\/www.facebook.com\/TG4TV","article_modified_time":"2025-04-17T09:43:26+00:00","og_image":[{"url":"https:\/\/tg4-docs.s3.amazonaws.com\/wp-content\/uploads\/2025\/04\/17103046\/urc-trophy-700x350.jpg"}],"twitter_card":"summary_large_image","twitter_title":"Beidh an Craobhchom\u00f3rtas Rugba\u00ed Aontaithe ar f\u00e1il ar theilif\u00eds saorchraolta in \u00c9irinn go dt\u00ed 2029","twitter_description":"Leanfaidh an craolt\u00f3ir Gaeilge lena chl\u00fadach rugba\u00ed a bhfuil gradam bainte amach aige go ceann ceithre bliana eile agus beidh s\u00e9 ina chomhph\u00e1irt\u00ed eisiach saorchraolta den URC i bPoblacht na h\u00c9ireann.","twitter_image":"https:\/\/tg4-docs.s3.amazonaws.com\/wp-content\/uploads\/2025\/04\/17103046\/urc-trophy-700x350.jpg","twitter_site":"@TG4TV","twitter_misc":{"Est. reading time":"4 minutes"},"schema":{"@context":"https:\/\/schema.org","@graph":[{"@type":"WebPage","@id":"https:\/\/dev.tg4.ie\/ga\/eolas\/preas\/nuacht-raitis\/2025-2\/urc-rugbai-2025\/","url":"https:\/\/dev.tg4.ie\/ga\/eolas\/preas\/nuacht-raitis\/2025-2\/urc-rugbai-2025\/","name":"Beidh an Craobhchom\u00f3rtas Rugba\u00ed Aontaithe ar f\u00e1il ar theilif\u00eds saorchraolta in \u00c9irinn go dt\u00ed 2029 | Preasr\u00e1iteas | TG4","isPartOf":{"@id":"https:\/\/dev.tg4.ie\/en\/#website"},"primaryImageOfPage":{"@id":"https:\/\/dev.tg4.ie\/ga\/eolas\/preas\/nuacht-raitis\/2025-2\/urc-rugbai-2025\/#primaryimage"},"image":{"@id":"https:\/\/dev.tg4.ie\/ga\/eolas\/preas\/nuacht-raitis\/2025-2\/urc-rugbai-2025\/#primaryimage"},"thumbnailUrl":"https:\/\/dev.tg4.ie\/wp-content\/uploads\/2025\/04\/urc-trophy.jpg","datePublished":"2025-04-17T09:40:04+00:00","dateModified":"2025-04-17T09:43:26+00:00","description":"Leanfaidh an craolt\u00f3ir Gaeilge lena chl\u00fadach rugba\u00ed a bhfuil gradam bainte amach aige go ceann ceithre bliana eile agus beidh s\u00e9 ina chomhph\u00e1irt\u00ed eisiach saorchraolta den URC i bPoblacht na h\u00c9ireann.","breadcrumb":{"@id":"https:\/\/dev.tg4.ie\/ga\/eolas\/preas\/nuacht-raitis\/2025-2\/urc-rugbai-2025\/#breadcrumb"},"inLanguage":"ga","potentialAction":[{"@type":"ReadAction","target":["https:\/\/dev.tg4.ie\/ga\/eolas\/preas\/nuacht-raitis\/2025-2\/urc-rugbai-2025\/"]}]},{"@type":"ImageObject","inLanguage":"ga","@id":"https:\/\/dev.tg4.ie\/ga\/eolas\/preas\/nuacht-raitis\/2025-2\/urc-rugbai-2025\/#primaryimage","url":"https:\/\/dev.tg4.ie\/wp-content\/uploads\/2025\/04\/urc-trophy.jpg","contentUrl":"https:\/\/dev.tg4.ie\/wp-content\/uploads\/2025\/04\/urc-trophy.jpg"},{"@type":"BreadcrumbList","@id":"https:\/\/dev.tg4.ie\/ga\/eolas\/preas\/nuacht-raitis\/2025-2\/urc-rugbai-2025\/#breadcrumb","itemListElement":[{"@type":"ListItem","position":1,"name":"Home","item":"https:\/\/dev.tg4.ie\/ga\/"},{"@type":"ListItem","position":2,"name":"Eolas","item":"https:\/\/dev.tg4.ie\/ga\/eolas\/"},{"@type":"ListItem","position":3,"name":"Preas","item":"https:\/\/dev.tg4.ie\/ga\/eolas\/preas\/"},{"@type":"ListItem","position":4,"name":"Nuacht R\u00e1itis","item":"https:\/\/dev.tg4.ie\/ga\/eolas\/preas\/nuacht-raitis\/"},{"@type":"ListItem","position":5,"name":"2025","item":"https:\/\/dev.tg4.ie\/ga\/eolas\/preas\/nuacht-raitis\/2025-2\/"},{"@type":"ListItem","position":6,"name":"Beidh an Craobhchom\u00f3rtas Rugba\u00ed Aontaithe ar f\u00e1il ar theilif\u00eds saorchraolta in \u00c9irinn go dt\u00ed 2029 a bhu\u00edochas do chomhaont\u00fa nua idir an tsraith agus TG4."}]},{"@type":"WebSite","@id":"https:\/\/dev.tg4.ie\/en\/#website","url":"https:\/\/dev.tg4.ie\/en\/","name":"TG4","description":"S\u00fail Eile","potentialAction":[{"@type":"SearchAction","target":{"@type":"EntryPoint","urlTemplate":"https:\/\/dev.tg4.ie\/en\/?s={search_term_string}"},"query-input":"required name=search_term_string"}],"inLanguage":"ga"}]}},"_links":{"self":[{"href":"https:\/\/dev.tg4.ie\/ga\/wp-json\/wp\/v2\/pages\/244518"}],"collection":[{"href":"https:\/\/dev.tg4.ie\/ga\/wp-json\/wp\/v2\/pages"}],"about":[{"href":"https:\/\/dev.tg4.ie\/ga\/wp-json\/wp\/v2\/types\/page"}],"author":[{"embeddable":true,"href":"https:\/\/dev.tg4.ie\/ga\/wp-json\/wp\/v2\/users\/4"}],"replies":[{"embeddable":true,"href":"https:\/\/dev.tg4.ie\/ga\/wp-json\/wp\/v2\/comments?post=244518"}],"version-history":[{"count":0,"href":"https:\/\/dev.tg4.ie\/ga\/wp-json\/wp\/v2\/pages\/244518\/revisions"}],"up":[{"embeddable":true,"href":"https:\/\/dev.tg4.ie\/ga\/wp-json\/wp\/v2\/pages\/236807"}],"wp:attachment":[{"href":"https:\/\/dev.tg4.ie\/ga\/wp-json\/wp\/v2\/media?parent=244518"}],"curies":[{"name":"wp","href":"https:\/\/api.w.org\/{rel}","templated":true}]}}