{"id":245202,"date":"2025-05-09T09:18:40","date_gmt":"2025-05-09T08:18:40","guid":{"rendered":"https:\/\/dev.tg4.ie\/?page_id=245202"},"modified":"2025-06-20T09:36:20","modified_gmt":"2025-06-20T08:36:20","slug":"cursa-oiliuna-san-iriseoireacht-a-reachtail-ag-tg4","status":"publish","type":"page","link":"https:\/\/dev.tg4.ie\/ga\/eolas\/preas\/nuacht-raitis\/2025-2\/cursa-oiliuna-san-iriseoireacht-a-reachtail-ag-tg4\/","title":{"rendered":"C\u00farsa Oili\u00fana san Iriseoireacht \u00e1 reacht\u00e1il ag TG4 i gcomhar le Gr\u00e9as\u00e1n na Me\u00e1n"},"content":{"rendered":"<p><img loading=\"lazy\" decoding=\"async\" width=\"1920\" height=\"1080\" src=\"https:\/\/tg4-docs.s3.amazonaws.com\/wp-content\/uploads\/2025\/05\/09091323\/Dianchursa_Iriseoireachta_2025_1-1920x1080-1.jpg\" alt=\"\" class=\"aligncenter size-full wp-image-245204\" srcset=\"https:\/\/tg4-docs.s3.amazonaws.com\/wp-content\/uploads\/2025\/05\/09091323\/Dianchursa_Iriseoireachta_2025_1-1920x1080-1.jpg 1920w, https:\/\/tg4-docs.s3.amazonaws.com\/wp-content\/uploads\/2025\/05\/09091323\/Dianchursa_Iriseoireachta_2025_1-1920x1080-1-250x141.jpg 250w, https:\/\/tg4-docs.s3.amazonaws.com\/wp-content\/uploads\/2025\/05\/09091323\/Dianchursa_Iriseoireachta_2025_1-1920x1080-1-700x394.jpg 700w, https:\/\/tg4-docs.s3.amazonaws.com\/wp-content\/uploads\/2025\/05\/09091323\/Dianchursa_Iriseoireachta_2025_1-1920x1080-1-252x141.jpg 252w, https:\/\/tg4-docs.s3.amazonaws.com\/wp-content\/uploads\/2025\/05\/09091323\/Dianchursa_Iriseoireachta_2025_1-1920x1080-1-1536x864.jpg 1536w, https:\/\/tg4-docs.s3.amazonaws.com\/wp-content\/uploads\/2025\/05\/09091323\/Dianchursa_Iriseoireachta_2025_1-1920x1080-1-120x68.jpg 120w\" sizes=\"(max-width: 1920px) 100vw, 1920px\" \/><\/p>\n<p>&nbsp;<br \/>\nT\u00e1 an c\u00farsa nua iriseoireachta \u00e1 chur ar f\u00e1il ag TG4 i gcomhar le Gr\u00e9as\u00e1n na Me\u00e1n. <\/p>\n<p>Beidh b\u00e9im ar oili\u00faint phraitici\u00fail iriseoireachta don teilif\u00eds agus do na me\u00e1in ar l\u00edne. <\/p>\n<p>Beidh an c\u00farsa ar si\u00fal ar feadh coic\u00edse idir an <strong>23\u00fa Meitheamh &#8211; 4\u00fa I\u00fail<\/strong> i gConamara agus beidh \u00e1it ar f\u00e1il do fiche duine ar an gc\u00farsa.  <\/p>\n<p>Tabharfar oili\u00faint ar an gc\u00farsa iriseoireachta ar conas tuairisc nuachta a chur le ch\u00e9ile don teilf\u00eds agus do na me\u00e1in ar l\u00edne.  Foghlaim conas sc\u00e9alta l\u00e1idre a bhaili\u00fa, a fh\u00edosr\u00fa agus a scr\u00edobh don teilif\u00eds agus do na me\u00e1in ar l\u00edne. <\/p>\n<p>Beidh oili\u00faint \u00e1 thabhairt freisin ar conas taighde a dh\u00e9anamh, foins\u00ed a dheimhni\u00fa agus ar dhl\u00ed na me\u00e1n.  Chomh maith leis sin beidh oili\u00faint ar chruinnscr\u00edobh na Gaeilge, scripte\u00e1il agus conas altanna nuachta a scr\u00edobh don idirl\u00edon agus conas an nuacht a l\u00e9iri\u00fa do na me\u00e1in sh\u00f3isialta. <\/p>\n<p>Tabharfaidh an c\u00farsa seo na bunscileanna at\u00e1 de dh\u00edth ar gach iriseoir le go n-\u00e9ireoidh leo i seomra nuachta an lae inniu. <\/p>\n<p>Is \u00ed Grett O\u2019Connor, iar-iriseoir teilif\u00edse le Nuacht TG4 ar feadh fiche bliain a bheidh mar Sti\u00farth\u00f3ir an ch\u00farsa.  Ch\u00e1iligh Grett mar ch\u00f3itse\u00e1la\u00ed feidhmeannach i 2018, tr\u00e1th gur fh\u00e1g s\u00ed RT\u00c9 chun a comhlacht f\u00e9in a bhun\u00fa ar a dtugtar &#8216;My Media&#8217;. \u00d3 shin i leith, t\u00e1 s\u00ed ag obair san earn\u00e1il cumars\u00e1ide \u2013 ag l\u00e9iri\u00fa f\u00edse\u00e1n, oili\u00faint ar na me\u00e1in, l\u00e9acht\u00f3ireacht p\u00e1irt-aimseartha agus \u00f3 am go ch\u00e9ile b\u00edonn s\u00ed mar bhean an t\u00ed ag comhdh\u00e1ileacha agus \u00f3c\u00e1id\u00ed poibl\u00ed eile.<\/p>\n<p>T\u00e1 obair d\u00e9anta ag Grett do Chol\u00e1iste na hOllscoile, Corcaigh, Ollscoil Theicneola\u00edochta na Mumhan, Feidhmeannacht na Seirbh\u00edse Sl\u00e1inte, Bord Oideachais agus Oili\u00fana Chorca\u00ed, agus roinnt mhaith des na h-\u00fadar\u00e1is \u00e1iti\u00fala. Chomh maith leis sin, cabhra\u00edonn s\u00ed le foirne I gcomhlachta\u00ed pr\u00edobh\u00e1ideacha agus daoine aonair gur mian leo a gcuid scileanna cumars\u00e1ide a fheabhs\u00fa.<br \/>\n&nbsp;<br \/>\n<strong>Le suim a l\u00e9iri\u00fa sa ch\u00farsa, n\u00ed m\u00f3r do Iarrth\u00f3ir\u00ed:<\/strong><\/p>\n<ul>\n<li>A bheith os cionn 18 mbliana d\u2019aois.<\/li>\n<li>A bheith ina gcainteoir\u00ed l\u00edofa Gaeilge.<\/li>\n<li>An-sp\u00e9is a bheith acu sa chumars\u00e1id, i gc\u00farsa\u00ed nuachta  agus sna me\u00e1in<\/li>\n<li>A bheith fiosrach, d\u00fathrachtach agus f\u00e9inspreagtha agus s\u00e1sta iad f\u00e9in a thiomn\u00fa do chl\u00e1r oili\u00fana dian.<\/li>\n<\/ul>\n<p>&nbsp;<br \/>\nN\u00ed g\u00e1 ach f\u00edse\u00e1n gairid a thaifeadadh d\u00edot f\u00e9in ag m\u00edni\u00fa an f\u00e1th ar mhaith leat freastal ar an gc\u00farsa iriseoireachta seo.<\/p>\n<p><strong>Seol an f\u00edse\u00e1n chuig <a href=\"mailto:noirin.ui.chonghaile@dev.tg4.ie\" rel=\"noopener\" target=\"_blank\">noirin.ui.chonghaile@dev.tg4.ie<\/a> roimh an 29 Bealtaine 2025 ag 4pm<\/strong><\/p>\n<p>&nbsp;<br \/>\n&nbsp;<\/p>\n","protected":false},"excerpt":{"rendered":"<p>&nbsp; T\u00e1 an c\u00farsa nua iriseoireachta \u00e1 chur ar f\u00e1il ag TG4 i gcomhar le Gr\u00e9as\u00e1n na Me\u00e1n. Beidh b\u00e9im ar oili\u00faint phraitici\u00fail iriseoireachta don teilif\u00eds agus do na me\u00e1in ar l\u00edne. Beidh an c\u00farsa ar si\u00fal ar feadh coic\u00edse idir an 23\u00fa Meitheamh &#8211; 4\u00fa I\u00fail i gConamara agus beidh \u00e1it ar f\u00e1il do [&hellip;]<\/p>\n","protected":false},"author":876,"featured_media":0,"parent":236807,"menu_order":21,"comment_status":"closed","ping_status":"closed","template":"page-templates\/template-pr.php","meta":{"_acf_changed":false,"footnotes":""},"acf":[],"yoast_head":"<!-- This site is optimized with the Yoast SEO plugin v22.6 - https:\/\/yoast.com\/wordpress\/plugins\/seo\/ -->\n<title>C\u00farsa Oili\u00fana san Iriseoireacht \u00e1 reacht\u00e1il ag TG4 i gcomhar le Gr\u00e9as\u00e1n na Me\u00e1n | Preasr\u00e1iteas | TG4<\/title>\n<meta name=\"description\" content=\"T\u00e1 an c\u00farsa nua iriseoireachta \u00e1 chur ar f\u00e1il ag TG4 i gcomhar le Gr\u00e9as\u00e1n na Me\u00e1n. Beidh b\u00e9im ar oili\u00faint phraitici\u00fail iriseoireachta don teilif\u00eds agus do na me\u00e1in ar l\u00edne.\" \/>\n<meta name=\"robots\" content=\"index, follow, max-snippet:-1, max-image-preview:large, max-video-preview:-1\" \/>\n<meta property=\"og:locale\" content=\"en_US\" \/>\n<meta property=\"og:type\" content=\"article\" \/>\n<meta property=\"og:title\" content=\"C\u00farsa Oili\u00fana san Iriseoireacht \u00e1 reacht\u00e1il ag TG4 i gcomhar le Gr\u00e9as\u00e1n na Me\u00e1n | Preasr\u00e1iteas | TG4\" \/>\n<meta property=\"og:description\" content=\"T\u00e1 an c\u00farsa nua iriseoireachta \u00e1 chur ar f\u00e1il ag TG4 i gcomhar le Gr\u00e9as\u00e1n na Me\u00e1n. Beidh b\u00e9im ar oili\u00faint phraitici\u00fail iriseoireachta don teilif\u00eds agus do na me\u00e1in ar l\u00edne.\" \/>\n<meta property=\"og:url\" content=\"https:\/\/dev.tg4.ie\/ga\/eolas\/preas\/nuacht-raitis\/2025-2\/cursa-oiliuna-san-iriseoireacht-a-reachtail-ag-tg4\/\" \/>\n<meta property=\"og:site_name\" content=\"TG4\" \/>\n<meta property=\"article:publisher\" content=\"https:\/\/www.facebook.com\/TG4TV\" \/>\n<meta property=\"article:modified_time\" content=\"2025-06-20T08:36:20+00:00\" \/>\n<meta property=\"og:image\" content=\"https:\/\/tg4-docs.s3.amazonaws.com\/wp-content\/uploads\/2025\/05\/09091323\/Dianchursa_Iriseoireachta_2025_1-1920x1080-1.jpg\" \/>\n\t<meta property=\"og:image:width\" content=\"1920\" \/>\n\t<meta property=\"og:image:height\" content=\"1080\" \/>\n\t<meta property=\"og:image:type\" content=\"image\/jpeg\" \/>\n<meta name=\"twitter:card\" content=\"summary_large_image\" \/>\n<meta name=\"twitter:image\" content=\"https:\/\/tg4-docs.s3.amazonaws.com\/wp-content\/uploads\/2025\/05\/09091323\/Dianchursa_Iriseoireachta_2025_1-1920x1080-1.jpg\" \/>\n<meta name=\"twitter:site\" content=\"@TG4TV\" \/>\n<meta name=\"twitter:label1\" content=\"Est. reading time\" \/>\n\t<meta name=\"twitter:data1\" content=\"2 minutes\" \/>\n<script type=\"application\/ld+json\" class=\"yoast-schema-graph\">{\"@context\":\"https:\/\/schema.org\",\"@graph\":[{\"@type\":\"WebPage\",\"@id\":\"https:\/\/dev.tg4.ie\/ga\/eolas\/preas\/nuacht-raitis\/2025-2\/cursa-oiliuna-san-iriseoireacht-a-reachtail-ag-tg4\/\",\"url\":\"https:\/\/dev.tg4.ie\/ga\/eolas\/preas\/nuacht-raitis\/2025-2\/cursa-oiliuna-san-iriseoireacht-a-reachtail-ag-tg4\/\",\"name\":\"C\u00farsa Oili\u00fana san Iriseoireacht \u00e1 reacht\u00e1il ag TG4 i gcomhar le Gr\u00e9as\u00e1n na Me\u00e1n | Preasr\u00e1iteas | TG4\",\"isPartOf\":{\"@id\":\"https:\/\/dev.tg4.ie\/en\/#website\"},\"primaryImageOfPage\":{\"@id\":\"https:\/\/dev.tg4.ie\/ga\/eolas\/preas\/nuacht-raitis\/2025-2\/cursa-oiliuna-san-iriseoireacht-a-reachtail-ag-tg4\/#primaryimage\"},\"image\":{\"@id\":\"https:\/\/dev.tg4.ie\/ga\/eolas\/preas\/nuacht-raitis\/2025-2\/cursa-oiliuna-san-iriseoireacht-a-reachtail-ag-tg4\/#primaryimage\"},\"thumbnailUrl\":\"https:\/\/dev.tg4.ie\/wp-content\/uploads\/2025\/05\/Dianchursa_Iriseoireachta_2025_1-1920x1080-1.jpg\",\"datePublished\":\"2025-05-09T08:18:40+00:00\",\"dateModified\":\"2025-06-20T08:36:20+00:00\",\"description\":\"T\u00e1 an c\u00farsa nua iriseoireachta \u00e1 chur ar f\u00e1il ag TG4 i gcomhar le Gr\u00e9as\u00e1n na Me\u00e1n. Beidh b\u00e9im ar oili\u00faint phraitici\u00fail iriseoireachta don teilif\u00eds agus do na me\u00e1in ar l\u00edne.\",\"breadcrumb\":{\"@id\":\"https:\/\/dev.tg4.ie\/ga\/eolas\/preas\/nuacht-raitis\/2025-2\/cursa-oiliuna-san-iriseoireacht-a-reachtail-ag-tg4\/#breadcrumb\"},\"inLanguage\":\"ga\",\"potentialAction\":[{\"@type\":\"ReadAction\",\"target\":[\"https:\/\/dev.tg4.ie\/ga\/eolas\/preas\/nuacht-raitis\/2025-2\/cursa-oiliuna-san-iriseoireacht-a-reachtail-ag-tg4\/\"]}]},{\"@type\":\"ImageObject\",\"inLanguage\":\"ga\",\"@id\":\"https:\/\/dev.tg4.ie\/ga\/eolas\/preas\/nuacht-raitis\/2025-2\/cursa-oiliuna-san-iriseoireacht-a-reachtail-ag-tg4\/#primaryimage\",\"url\":\"https:\/\/dev.tg4.ie\/wp-content\/uploads\/2025\/05\/Dianchursa_Iriseoireachta_2025_1-1920x1080-1.jpg\",\"contentUrl\":\"https:\/\/dev.tg4.ie\/wp-content\/uploads\/2025\/05\/Dianchursa_Iriseoireachta_2025_1-1920x1080-1.jpg\"},{\"@type\":\"BreadcrumbList\",\"@id\":\"https:\/\/dev.tg4.ie\/ga\/eolas\/preas\/nuacht-raitis\/2025-2\/cursa-oiliuna-san-iriseoireacht-a-reachtail-ag-tg4\/#breadcrumb\",\"itemListElement\":[{\"@type\":\"ListItem\",\"position\":1,\"name\":\"Home\",\"item\":\"https:\/\/dev.tg4.ie\/ga\/\"},{\"@type\":\"ListItem\",\"position\":2,\"name\":\"Eolas\",\"item\":\"https:\/\/dev.tg4.ie\/ga\/eolas\/\"},{\"@type\":\"ListItem\",\"position\":3,\"name\":\"Preas\",\"item\":\"https:\/\/dev.tg4.ie\/ga\/eolas\/preas\/\"},{\"@type\":\"ListItem\",\"position\":4,\"name\":\"Nuacht R\u00e1itis\",\"item\":\"https:\/\/dev.tg4.ie\/ga\/eolas\/preas\/nuacht-raitis\/\"},{\"@type\":\"ListItem\",\"position\":5,\"name\":\"2025\",\"item\":\"https:\/\/dev.tg4.ie\/ga\/eolas\/preas\/nuacht-raitis\/2025-2\/\"},{\"@type\":\"ListItem\",\"position\":6,\"name\":\"C\u00farsa Oili\u00fana san Iriseoireacht \u00e1 reacht\u00e1il ag TG4 i gcomhar le Gr\u00e9as\u00e1n na Me\u00e1n\"}]},{\"@type\":\"WebSite\",\"@id\":\"https:\/\/dev.tg4.ie\/en\/#website\",\"url\":\"https:\/\/dev.tg4.ie\/en\/\",\"name\":\"TG4\",\"description\":\"S\u00fail Eile\",\"potentialAction\":[{\"@type\":\"SearchAction\",\"target\":{\"@type\":\"EntryPoint\",\"urlTemplate\":\"https:\/\/dev.tg4.ie\/en\/?s={search_term_string}\"},\"query-input\":\"required name=search_term_string\"}],\"inLanguage\":\"ga\"}]}<\/script>\n<!-- \/ Yoast SEO plugin. -->","yoast_head_json":{"title":"C\u00farsa Oili\u00fana san Iriseoireacht \u00e1 reacht\u00e1il ag TG4 i gcomhar le Gr\u00e9as\u00e1n na Me\u00e1n | Preasr\u00e1iteas | TG4","description":"T\u00e1 an c\u00farsa nua iriseoireachta \u00e1 chur ar f\u00e1il ag TG4 i gcomhar le Gr\u00e9as\u00e1n na Me\u00e1n. Beidh b\u00e9im ar oili\u00faint phraitici\u00fail iriseoireachta don teilif\u00eds agus do na me\u00e1in ar l\u00edne.","robots":{"index":"index","follow":"follow","max-snippet":"max-snippet:-1","max-image-preview":"max-image-preview:large","max-video-preview":"max-video-preview:-1"},"og_locale":"en_US","og_type":"article","og_title":"C\u00farsa Oili\u00fana san Iriseoireacht \u00e1 reacht\u00e1il ag TG4 i gcomhar le Gr\u00e9as\u00e1n na Me\u00e1n | Preasr\u00e1iteas | TG4","og_description":"T\u00e1 an c\u00farsa nua iriseoireachta \u00e1 chur ar f\u00e1il ag TG4 i gcomhar le Gr\u00e9as\u00e1n na Me\u00e1n. Beidh b\u00e9im ar oili\u00faint phraitici\u00fail iriseoireachta don teilif\u00eds agus do na me\u00e1in ar l\u00edne.","og_url":"https:\/\/dev.tg4.ie\/ga\/eolas\/preas\/nuacht-raitis\/2025-2\/cursa-oiliuna-san-iriseoireacht-a-reachtail-ag-tg4\/","og_site_name":"TG4","article_publisher":"https:\/\/www.facebook.com\/TG4TV","article_modified_time":"2025-06-20T08:36:20+00:00","og_image":[{"width":1920,"height":1080,"url":"https:\/\/tg4-docs.s3.amazonaws.com\/wp-content\/uploads\/2025\/05\/09091323\/Dianchursa_Iriseoireachta_2025_1-1920x1080-1.jpg","type":"image\/jpeg"}],"twitter_card":"summary_large_image","twitter_image":"https:\/\/tg4-docs.s3.amazonaws.com\/wp-content\/uploads\/2025\/05\/09091323\/Dianchursa_Iriseoireachta_2025_1-1920x1080-1.jpg","twitter_site":"@TG4TV","twitter_misc":{"Est. reading time":"2 minutes"},"schema":{"@context":"https:\/\/schema.org","@graph":[{"@type":"WebPage","@id":"https:\/\/dev.tg4.ie\/ga\/eolas\/preas\/nuacht-raitis\/2025-2\/cursa-oiliuna-san-iriseoireacht-a-reachtail-ag-tg4\/","url":"https:\/\/dev.tg4.ie\/ga\/eolas\/preas\/nuacht-raitis\/2025-2\/cursa-oiliuna-san-iriseoireacht-a-reachtail-ag-tg4\/","name":"C\u00farsa Oili\u00fana san Iriseoireacht \u00e1 reacht\u00e1il ag TG4 i gcomhar le Gr\u00e9as\u00e1n na Me\u00e1n | Preasr\u00e1iteas | TG4","isPartOf":{"@id":"https:\/\/dev.tg4.ie\/en\/#website"},"primaryImageOfPage":{"@id":"https:\/\/dev.tg4.ie\/ga\/eolas\/preas\/nuacht-raitis\/2025-2\/cursa-oiliuna-san-iriseoireacht-a-reachtail-ag-tg4\/#primaryimage"},"image":{"@id":"https:\/\/dev.tg4.ie\/ga\/eolas\/preas\/nuacht-raitis\/2025-2\/cursa-oiliuna-san-iriseoireacht-a-reachtail-ag-tg4\/#primaryimage"},"thumbnailUrl":"https:\/\/dev.tg4.ie\/wp-content\/uploads\/2025\/05\/Dianchursa_Iriseoireachta_2025_1-1920x1080-1.jpg","datePublished":"2025-05-09T08:18:40+00:00","dateModified":"2025-06-20T08:36:20+00:00","description":"T\u00e1 an c\u00farsa nua iriseoireachta \u00e1 chur ar f\u00e1il ag TG4 i gcomhar le Gr\u00e9as\u00e1n na Me\u00e1n. Beidh b\u00e9im ar oili\u00faint phraitici\u00fail iriseoireachta don teilif\u00eds agus do na me\u00e1in ar l\u00edne.","breadcrumb":{"@id":"https:\/\/dev.tg4.ie\/ga\/eolas\/preas\/nuacht-raitis\/2025-2\/cursa-oiliuna-san-iriseoireacht-a-reachtail-ag-tg4\/#breadcrumb"},"inLanguage":"ga","potentialAction":[{"@type":"ReadAction","target":["https:\/\/dev.tg4.ie\/ga\/eolas\/preas\/nuacht-raitis\/2025-2\/cursa-oiliuna-san-iriseoireacht-a-reachtail-ag-tg4\/"]}]},{"@type":"ImageObject","inLanguage":"ga","@id":"https:\/\/dev.tg4.ie\/ga\/eolas\/preas\/nuacht-raitis\/2025-2\/cursa-oiliuna-san-iriseoireacht-a-reachtail-ag-tg4\/#primaryimage","url":"https:\/\/dev.tg4.ie\/wp-content\/uploads\/2025\/05\/Dianchursa_Iriseoireachta_2025_1-1920x1080-1.jpg","contentUrl":"https:\/\/dev.tg4.ie\/wp-content\/uploads\/2025\/05\/Dianchursa_Iriseoireachta_2025_1-1920x1080-1.jpg"},{"@type":"BreadcrumbList","@id":"https:\/\/dev.tg4.ie\/ga\/eolas\/preas\/nuacht-raitis\/2025-2\/cursa-oiliuna-san-iriseoireacht-a-reachtail-ag-tg4\/#breadcrumb","itemListElement":[{"@type":"ListItem","position":1,"name":"Home","item":"https:\/\/dev.tg4.ie\/ga\/"},{"@type":"ListItem","position":2,"name":"Eolas","item":"https:\/\/dev.tg4.ie\/ga\/eolas\/"},{"@type":"ListItem","position":3,"name":"Preas","item":"https:\/\/dev.tg4.ie\/ga\/eolas\/preas\/"},{"@type":"ListItem","position":4,"name":"Nuacht R\u00e1itis","item":"https:\/\/dev.tg4.ie\/ga\/eolas\/preas\/nuacht-raitis\/"},{"@type":"ListItem","position":5,"name":"2025","item":"https:\/\/dev.tg4.ie\/ga\/eolas\/preas\/nuacht-raitis\/2025-2\/"},{"@type":"ListItem","position":6,"name":"C\u00farsa Oili\u00fana san Iriseoireacht \u00e1 reacht\u00e1il ag TG4 i gcomhar le Gr\u00e9as\u00e1n na Me\u00e1n"}]},{"@type":"WebSite","@id":"https:\/\/dev.tg4.ie\/en\/#website","url":"https:\/\/dev.tg4.ie\/en\/","name":"TG4","description":"S\u00fail Eile","potentialAction":[{"@type":"SearchAction","target":{"@type":"EntryPoint","urlTemplate":"https:\/\/dev.tg4.ie\/en\/?s={search_term_string}"},"query-input":"required name=search_term_string"}],"inLanguage":"ga"}]}},"_links":{"self":[{"href":"https:\/\/dev.tg4.ie\/ga\/wp-json\/wp\/v2\/pages\/245202"}],"collection":[{"href":"https:\/\/dev.tg4.ie\/ga\/wp-json\/wp\/v2\/pages"}],"about":[{"href":"https:\/\/dev.tg4.ie\/ga\/wp-json\/wp\/v2\/types\/page"}],"author":[{"embeddable":true,"href":"https:\/\/dev.tg4.ie\/ga\/wp-json\/wp\/v2\/users\/876"}],"replies":[{"embeddable":true,"href":"https:\/\/dev.tg4.ie\/ga\/wp-json\/wp\/v2\/comments?post=245202"}],"version-history":[{"count":0,"href":"https:\/\/dev.tg4.ie\/ga\/wp-json\/wp\/v2\/pages\/245202\/revisions"}],"up":[{"embeddable":true,"href":"https:\/\/dev.tg4.ie\/ga\/wp-json\/wp\/v2\/pages\/236807"}],"wp:attachment":[{"href":"https:\/\/dev.tg4.ie\/ga\/wp-json\/wp\/v2\/media?parent=245202"}],"curies":[{"name":"wp","href":"https:\/\/api.w.org\/{rel}","templated":true}]}}