{"id":245380,"date":"2025-05-15T15:19:42","date_gmt":"2025-05-15T14:19:42","guid":{"rendered":"https:\/\/dev.tg4.ie\/?page_id=245380"},"modified":"2025-05-15T15:28:25","modified_gmt":"2025-05-15T14:28:25","slug":"tg4-chun-corn-sports-direct-fai-na-mban-2025-a-chraoladh","status":"publish","type":"page","link":"https:\/\/dev.tg4.ie\/ga\/eolas\/preas\/nuacht-raitis\/2025-2\/tg4-chun-corn-sports-direct-fai-na-mban-2025-a-chraoladh\/","title":{"rendered":"TG4 chun Corn Sports Direct FAI na mBan 2025 a chraoladh"},"content":{"rendered":"<p><img loading=\"lazy\" decoding=\"async\" width=\"1920\" height=\"1080\" src=\"https:\/\/tg4-docs.s3.amazonaws.com\/wp-content\/uploads\/2025\/05\/15151805\/FAI_Sports_Direct_2025_2-1920x1080-1.jpg\" alt=\"\" class=\"alignright size-full wp-image-245384\" srcset=\"https:\/\/tg4-docs.s3.amazonaws.com\/wp-content\/uploads\/2025\/05\/15151805\/FAI_Sports_Direct_2025_2-1920x1080-1.jpg 1920w, https:\/\/tg4-docs.s3.amazonaws.com\/wp-content\/uploads\/2025\/05\/15151805\/FAI_Sports_Direct_2025_2-1920x1080-1-250x141.jpg 250w, https:\/\/tg4-docs.s3.amazonaws.com\/wp-content\/uploads\/2025\/05\/15151805\/FAI_Sports_Direct_2025_2-1920x1080-1-700x394.jpg 700w, https:\/\/tg4-docs.s3.amazonaws.com\/wp-content\/uploads\/2025\/05\/15151805\/FAI_Sports_Direct_2025_2-1920x1080-1-252x141.jpg 252w, https:\/\/tg4-docs.s3.amazonaws.com\/wp-content\/uploads\/2025\/05\/15151805\/FAI_Sports_Direct_2025_2-1920x1080-1-1536x864.jpg 1536w, https:\/\/tg4-docs.s3.amazonaws.com\/wp-content\/uploads\/2025\/05\/15151805\/FAI_Sports_Direct_2025_2-1920x1080-1-120x68.jpg 120w\" sizes=\"(max-width: 1920px) 100vw, 1920px\" \/><\/p>\n<p>&nbsp;<br \/>\nT\u00e1 r\u00edm\u00e9ad ar TG4 craoladh beo Bhabhta\u00ed Leathcheannais agus Ceannais Chorn <em>Sports Direct<\/em> FAI na mBan 2025 a fh\u00f3gairt. Leis an gcraoladh breise is d\u00e9ana\u00ed seo ar chl\u00fadach sp\u00f3irt TG4, is \u00e9 an craolt\u00f3ir Gaeilge an craolt\u00f3ir eisiach anois ar pheil na mban in \u00c9irinn.<br \/>\n&nbsp;<br \/>\nIs \u00e9 TG4 craolt\u00f3ir Phr\u00edomhroinn SSE Airtricity na mBan agus Chorn Uile-Oile\u00e1in na mBan, agus leanann a dtiomantas do chluiche na mban de bheith ag f\u00e1s. Le Corn <em>Sports Direct<\/em> FAI na mBan san \u00e1ireamh beidh l\u00edon ioml\u00e1n cluich\u00ed peile na mban a bheidh \u00e1 chraoladh ar TG4 chomh hard le 17 &#8211; lena gcl\u00fad\u00f3far 13 bhabhta de Phr\u00edomhroinn <em>SSE Airtricity<\/em> na mBan, Cluiche Ceannais Chorn Uile-Oile\u00e1in na mBan, agus anois na babhta\u00ed leathcheannais agus an babhta ceannais de Chorn Sports Direct FAI na mBan.<br \/>\n&nbsp;<br \/>\nCuirfear t\u00fas le cl\u00fadach TG4 leis na Babhta\u00ed Leathcheannais i m\u00ed Deireadh F\u00f3mhair, agus beidh an Babhta Ceannais ar si\u00fal D\u00e9 Domhnaigh an 19 Deireadh F\u00f3mhair. Is \u00e9 seo an ch\u00e9ad uair a chraolfar na Babhta\u00ed Leathcheannais beo ar theilif\u00eds saorchraolta &#8211; tr\u00e1th cinni\u00fanach le haghaidh infheictheacht agus taca\u00edocht do pheil na mban in \u00c9irinn.<br \/>\n&nbsp;<br \/>\nCuirfear t\u00fas leis an gcom\u00f3rtas leis an gc\u00e9ad bhabhta i ndeireadh mh\u00ed an Mheithimh, ina mbeidh gach ceann den 12 chlub i bPr\u00edomhroinn <em>SSE Airtricity<\/em> na mBan taobh leis ceithre Bhuaiteoir Leathcheannais \u00f3 Chorn Amait\u00e9ireach FAI na mBan. Leanfar leis na babhta\u00ed ceathr\u00fa ceannais i l\u00e1r mh\u00ed L\u00fanasa.<br \/>\n&nbsp;<br \/>\nIs i seilbh Shelbourne at\u00e1 an corn faoi l\u00e1thair. Fuair siadsan an ceann is fearr ar Athlone Town i gCluiche Ceannais 2024 &#8211; a mhalairt ar fad den chluiche cinni\u00fanach in 2023 nuair a bhuaigh Athlone Town le ciceanna pion\u00f3is.<br \/>\n&nbsp;<br \/>\nD\u00fairt <strong>Sean Kavanagh, Sti\u00farth\u00f3ir Tr\u00e1cht\u00e1la FAI<\/strong>: <em>\u201cT\u00e1 r\u00edm\u00e9ad orainn an comhaont\u00fa craolt\u00f3ireachta seo a fh\u00f3gairt le TG4 a thug taca\u00edocht iontach do chluiche na mban in \u00c9irinn roimhe seo tr\u00ed Shraith na h\u00c9ireann agus taispe\u00e1ntar lena gcl\u00fadach ar Chorn Sports Direct FAI na mBan a dtiomantas do chluiche na mban in \u00c9irinn a fh\u00e1s. T\u00e1 roinnt \u00f3c\u00e1id\u00ed iontacha feicthe againn cheana f\u00e9in i bPr\u00edomhroinn SSE Airtricity na mBan i gcl\u00fadach TG4 agus t\u00e1 muid ar b\u00eds Corn Sports Direct FAI na mBan a fheice\u00e1il ag teacht chun f\u00edre le craolta\u00ed breise ar na Babhta\u00ed Leathcheannais agus an Babhta Ceannais araon. Chomh maith le Cluiche Ceannais Chorn Uile-Oile\u00e1in na mBan, is \u00e9 TG4 an \u00e1it le teacht ar chl\u00fadach pheil na mban in \u00c9irinn agus t\u00e1 muid ag s\u00fail go m\u00f3r leis an gcl\u00fadach iontach a dh\u00e9anfaidh siad uirthi don chuid eile de 2025.\u201d<\/em><br \/>\n&nbsp;<br \/>\nD\u00fairt <strong>R\u00f3n\u00e1n \u00d3 Coisdealbha, Ceannasa\u00ed Sp\u00f3irt, TG4<\/strong>: <em>\u201cT\u00e1 TG4 an-bhr\u00f3d\u00fail as Corn Sports Direct FAI na mBan a chur leis an gcl\u00fadach ar pheil na mban, lena n-\u00e1ir\u00edtear Pr\u00edomhroinn SSE Airtricity na mBan agus Corn Uile-Oile\u00e1in na mBan cheana. Leis seo, beidh TG4 ina chraolt\u00f3ir eisiach ar pheil na mban sa bhaile in \u00c9irinn. Athdhearbha\u00edtear freisin \u00e1r dtiomantas lean\u00fanach do sp\u00f3irt na mban a chur chun cinn agus a bhfeice\u00e1lacht a mh\u00e9ad\u00fa ar fud na gc\u00f3d ar fad. Beidh gach ceann de na tr\u00ed chluiche i gCorn Sports Direct FAI na mBan ar f\u00e1il do lucht f\u00e9achana ar fud an domhain ar aip TG4 agus ar Sheinnteoir TG4.\u201d<\/em><br \/>\n&nbsp;<\/p>\n<p>Beidh seoladh oifigi\u00fail Chorn Sports Direct FAI na mBan 2025, lena n-\u00e1ir\u00edtear an tarraingt don Ch\u00e9ad Bhabhta, ar si\u00fal D\u00e9 C\u00e9adaoin, an 15 Meitheamh i gCeanncheathr\u00fa an FAI i mBaile an Aba. Tuilleadh sonra\u00ed le teacht.<\/p>\n<p>&nbsp;<br \/>\n&nbsp;<\/p>\n","protected":false},"excerpt":{"rendered":"<p>&nbsp; T\u00e1 r\u00edm\u00e9ad ar TG4 craoladh beo Bhabhta\u00ed Leathcheannais agus Ceannais Chorn Sports Direct FAI na mBan 2025 a fh\u00f3gairt. Leis an gcraoladh breise is d\u00e9ana\u00ed seo ar chl\u00fadach sp\u00f3irt TG4, is \u00e9 an craolt\u00f3ir Gaeilge an craolt\u00f3ir eisiach anois ar pheil na mban in \u00c9irinn. &nbsp; Is \u00e9 TG4 craolt\u00f3ir Phr\u00edomhroinn SSE Airtricity na [&hellip;]<\/p>\n","protected":false},"author":876,"featured_media":0,"parent":236807,"menu_order":22,"comment_status":"closed","ping_status":"closed","template":"page-templates\/template-pr.php","meta":{"_acf_changed":false,"footnotes":""},"acf":[],"yoast_head":"<!-- This site is optimized with the Yoast SEO plugin v22.6 - https:\/\/yoast.com\/wordpress\/plugins\/seo\/ -->\n<title>TG4 chun Corn Sports Direct FAI na mBan 2025 a chraoladh | Preasr\u00e1iteas | TG4<\/title>\n<meta name=\"description\" content=\"TG4 a bheidh ina chraolt\u00f3ir eisiach ar pheil na mban sa bhaile in \u00c9irinn. T\u00e1 r\u00edm\u00e9ad ar TG4 craoladh beo Bhabhta\u00ed Leathcheannais agus Ceannais Chorn Sports Direct FAI na mBan 2025 a fh\u00f3gairt.\" \/>\n<meta name=\"robots\" content=\"index, follow, max-snippet:-1, max-image-preview:large, max-video-preview:-1\" \/>\n<meta property=\"og:locale\" content=\"en_US\" \/>\n<meta property=\"og:type\" content=\"article\" \/>\n<meta property=\"og:title\" content=\"TG4 chun Corn Sports Direct FAI na mBan 2025 a chraoladh | Preasr\u00e1iteas | TG4\" \/>\n<meta property=\"og:description\" content=\"TG4 a bheidh ina chraolt\u00f3ir eisiach ar pheil na mban sa bhaile in \u00c9irinn. T\u00e1 r\u00edm\u00e9ad ar TG4 craoladh beo Bhabhta\u00ed Leathcheannais agus Ceannais Chorn Sports Direct FAI na mBan 2025 a fh\u00f3gairt.\" \/>\n<meta property=\"og:url\" content=\"https:\/\/dev.tg4.ie\/ga\/eolas\/preas\/nuacht-raitis\/2025-2\/tg4-chun-corn-sports-direct-fai-na-mban-2025-a-chraoladh\/\" \/>\n<meta property=\"og:site_name\" content=\"TG4\" \/>\n<meta property=\"article:publisher\" content=\"https:\/\/www.facebook.com\/TG4TV\" \/>\n<meta property=\"article:modified_time\" content=\"2025-05-15T14:28:25+00:00\" \/>\n<meta property=\"og:image\" content=\"https:\/\/tg4-docs.s3.amazonaws.com\/wp-content\/uploads\/2025\/05\/15151805\/FAI_Sports_Direct_2025_2-1920x1080-1.jpg\" \/>\n\t<meta property=\"og:image:width\" content=\"1920\" \/>\n\t<meta property=\"og:image:height\" content=\"1080\" \/>\n\t<meta property=\"og:image:type\" content=\"image\/jpeg\" \/>\n<meta name=\"twitter:card\" content=\"summary_large_image\" \/>\n<meta name=\"twitter:image\" content=\"https:\/\/tg4-docs.s3.amazonaws.com\/wp-content\/uploads\/2025\/05\/15151805\/FAI_Sports_Direct_2025_2-1920x1080-1.jpg\" \/>\n<meta name=\"twitter:site\" content=\"@TG4TV\" \/>\n<meta name=\"twitter:label1\" content=\"Est. reading time\" \/>\n\t<meta name=\"twitter:data1\" content=\"3 minutes\" \/>\n<script type=\"application\/ld+json\" class=\"yoast-schema-graph\">{\"@context\":\"https:\/\/schema.org\",\"@graph\":[{\"@type\":\"WebPage\",\"@id\":\"https:\/\/dev.tg4.ie\/ga\/eolas\/preas\/nuacht-raitis\/2025-2\/tg4-chun-corn-sports-direct-fai-na-mban-2025-a-chraoladh\/\",\"url\":\"https:\/\/dev.tg4.ie\/ga\/eolas\/preas\/nuacht-raitis\/2025-2\/tg4-chun-corn-sports-direct-fai-na-mban-2025-a-chraoladh\/\",\"name\":\"TG4 chun Corn Sports Direct FAI na mBan 2025 a chraoladh | Preasr\u00e1iteas | TG4\",\"isPartOf\":{\"@id\":\"https:\/\/dev.tg4.ie\/en\/#website\"},\"primaryImageOfPage\":{\"@id\":\"https:\/\/dev.tg4.ie\/ga\/eolas\/preas\/nuacht-raitis\/2025-2\/tg4-chun-corn-sports-direct-fai-na-mban-2025-a-chraoladh\/#primaryimage\"},\"image\":{\"@id\":\"https:\/\/dev.tg4.ie\/ga\/eolas\/preas\/nuacht-raitis\/2025-2\/tg4-chun-corn-sports-direct-fai-na-mban-2025-a-chraoladh\/#primaryimage\"},\"thumbnailUrl\":\"https:\/\/dev.tg4.ie\/wp-content\/uploads\/2025\/05\/FAI_Sports_Direct_2025_2-1920x1080-1.jpg\",\"datePublished\":\"2025-05-15T14:19:42+00:00\",\"dateModified\":\"2025-05-15T14:28:25+00:00\",\"description\":\"TG4 a bheidh ina chraolt\u00f3ir eisiach ar pheil na mban sa bhaile in \u00c9irinn. T\u00e1 r\u00edm\u00e9ad ar TG4 craoladh beo Bhabhta\u00ed Leathcheannais agus Ceannais Chorn Sports Direct FAI na mBan 2025 a fh\u00f3gairt.\",\"breadcrumb\":{\"@id\":\"https:\/\/dev.tg4.ie\/ga\/eolas\/preas\/nuacht-raitis\/2025-2\/tg4-chun-corn-sports-direct-fai-na-mban-2025-a-chraoladh\/#breadcrumb\"},\"inLanguage\":\"ga\",\"potentialAction\":[{\"@type\":\"ReadAction\",\"target\":[\"https:\/\/dev.tg4.ie\/ga\/eolas\/preas\/nuacht-raitis\/2025-2\/tg4-chun-corn-sports-direct-fai-na-mban-2025-a-chraoladh\/\"]}]},{\"@type\":\"ImageObject\",\"inLanguage\":\"ga\",\"@id\":\"https:\/\/dev.tg4.ie\/ga\/eolas\/preas\/nuacht-raitis\/2025-2\/tg4-chun-corn-sports-direct-fai-na-mban-2025-a-chraoladh\/#primaryimage\",\"url\":\"https:\/\/dev.tg4.ie\/wp-content\/uploads\/2025\/05\/FAI_Sports_Direct_2025_2-1920x1080-1.jpg\",\"contentUrl\":\"https:\/\/dev.tg4.ie\/wp-content\/uploads\/2025\/05\/FAI_Sports_Direct_2025_2-1920x1080-1.jpg\"},{\"@type\":\"BreadcrumbList\",\"@id\":\"https:\/\/dev.tg4.ie\/ga\/eolas\/preas\/nuacht-raitis\/2025-2\/tg4-chun-corn-sports-direct-fai-na-mban-2025-a-chraoladh\/#breadcrumb\",\"itemListElement\":[{\"@type\":\"ListItem\",\"position\":1,\"name\":\"Home\",\"item\":\"https:\/\/dev.tg4.ie\/ga\/\"},{\"@type\":\"ListItem\",\"position\":2,\"name\":\"Eolas\",\"item\":\"https:\/\/dev.tg4.ie\/ga\/eolas\/\"},{\"@type\":\"ListItem\",\"position\":3,\"name\":\"Preas\",\"item\":\"https:\/\/dev.tg4.ie\/ga\/eolas\/preas\/\"},{\"@type\":\"ListItem\",\"position\":4,\"name\":\"Nuacht R\u00e1itis\",\"item\":\"https:\/\/dev.tg4.ie\/ga\/eolas\/preas\/nuacht-raitis\/\"},{\"@type\":\"ListItem\",\"position\":5,\"name\":\"2025\",\"item\":\"https:\/\/dev.tg4.ie\/ga\/eolas\/preas\/nuacht-raitis\/2025-2\/\"},{\"@type\":\"ListItem\",\"position\":6,\"name\":\"TG4 chun Corn Sports Direct FAI na mBan 2025 a chraoladh\"}]},{\"@type\":\"WebSite\",\"@id\":\"https:\/\/dev.tg4.ie\/en\/#website\",\"url\":\"https:\/\/dev.tg4.ie\/en\/\",\"name\":\"TG4\",\"description\":\"S\u00fail Eile\",\"potentialAction\":[{\"@type\":\"SearchAction\",\"target\":{\"@type\":\"EntryPoint\",\"urlTemplate\":\"https:\/\/dev.tg4.ie\/en\/?s={search_term_string}\"},\"query-input\":\"required name=search_term_string\"}],\"inLanguage\":\"ga\"}]}<\/script>\n<!-- \/ Yoast SEO plugin. -->","yoast_head_json":{"title":"TG4 chun Corn Sports Direct FAI na mBan 2025 a chraoladh | Preasr\u00e1iteas | TG4","description":"TG4 a bheidh ina chraolt\u00f3ir eisiach ar pheil na mban sa bhaile in \u00c9irinn. T\u00e1 r\u00edm\u00e9ad ar TG4 craoladh beo Bhabhta\u00ed Leathcheannais agus Ceannais Chorn Sports Direct FAI na mBan 2025 a fh\u00f3gairt.","robots":{"index":"index","follow":"follow","max-snippet":"max-snippet:-1","max-image-preview":"max-image-preview:large","max-video-preview":"max-video-preview:-1"},"og_locale":"en_US","og_type":"article","og_title":"TG4 chun Corn Sports Direct FAI na mBan 2025 a chraoladh | Preasr\u00e1iteas | TG4","og_description":"TG4 a bheidh ina chraolt\u00f3ir eisiach ar pheil na mban sa bhaile in \u00c9irinn. T\u00e1 r\u00edm\u00e9ad ar TG4 craoladh beo Bhabhta\u00ed Leathcheannais agus Ceannais Chorn Sports Direct FAI na mBan 2025 a fh\u00f3gairt.","og_url":"https:\/\/dev.tg4.ie\/ga\/eolas\/preas\/nuacht-raitis\/2025-2\/tg4-chun-corn-sports-direct-fai-na-mban-2025-a-chraoladh\/","og_site_name":"TG4","article_publisher":"https:\/\/www.facebook.com\/TG4TV","article_modified_time":"2025-05-15T14:28:25+00:00","og_image":[{"width":1920,"height":1080,"url":"https:\/\/tg4-docs.s3.amazonaws.com\/wp-content\/uploads\/2025\/05\/15151805\/FAI_Sports_Direct_2025_2-1920x1080-1.jpg","type":"image\/jpeg"}],"twitter_card":"summary_large_image","twitter_image":"https:\/\/tg4-docs.s3.amazonaws.com\/wp-content\/uploads\/2025\/05\/15151805\/FAI_Sports_Direct_2025_2-1920x1080-1.jpg","twitter_site":"@TG4TV","twitter_misc":{"Est. reading time":"3 minutes"},"schema":{"@context":"https:\/\/schema.org","@graph":[{"@type":"WebPage","@id":"https:\/\/dev.tg4.ie\/ga\/eolas\/preas\/nuacht-raitis\/2025-2\/tg4-chun-corn-sports-direct-fai-na-mban-2025-a-chraoladh\/","url":"https:\/\/dev.tg4.ie\/ga\/eolas\/preas\/nuacht-raitis\/2025-2\/tg4-chun-corn-sports-direct-fai-na-mban-2025-a-chraoladh\/","name":"TG4 chun Corn Sports Direct FAI na mBan 2025 a chraoladh | Preasr\u00e1iteas | TG4","isPartOf":{"@id":"https:\/\/dev.tg4.ie\/en\/#website"},"primaryImageOfPage":{"@id":"https:\/\/dev.tg4.ie\/ga\/eolas\/preas\/nuacht-raitis\/2025-2\/tg4-chun-corn-sports-direct-fai-na-mban-2025-a-chraoladh\/#primaryimage"},"image":{"@id":"https:\/\/dev.tg4.ie\/ga\/eolas\/preas\/nuacht-raitis\/2025-2\/tg4-chun-corn-sports-direct-fai-na-mban-2025-a-chraoladh\/#primaryimage"},"thumbnailUrl":"https:\/\/dev.tg4.ie\/wp-content\/uploads\/2025\/05\/FAI_Sports_Direct_2025_2-1920x1080-1.jpg","datePublished":"2025-05-15T14:19:42+00:00","dateModified":"2025-05-15T14:28:25+00:00","description":"TG4 a bheidh ina chraolt\u00f3ir eisiach ar pheil na mban sa bhaile in \u00c9irinn. T\u00e1 r\u00edm\u00e9ad ar TG4 craoladh beo Bhabhta\u00ed Leathcheannais agus Ceannais Chorn Sports Direct FAI na mBan 2025 a fh\u00f3gairt.","breadcrumb":{"@id":"https:\/\/dev.tg4.ie\/ga\/eolas\/preas\/nuacht-raitis\/2025-2\/tg4-chun-corn-sports-direct-fai-na-mban-2025-a-chraoladh\/#breadcrumb"},"inLanguage":"ga","potentialAction":[{"@type":"ReadAction","target":["https:\/\/dev.tg4.ie\/ga\/eolas\/preas\/nuacht-raitis\/2025-2\/tg4-chun-corn-sports-direct-fai-na-mban-2025-a-chraoladh\/"]}]},{"@type":"ImageObject","inLanguage":"ga","@id":"https:\/\/dev.tg4.ie\/ga\/eolas\/preas\/nuacht-raitis\/2025-2\/tg4-chun-corn-sports-direct-fai-na-mban-2025-a-chraoladh\/#primaryimage","url":"https:\/\/dev.tg4.ie\/wp-content\/uploads\/2025\/05\/FAI_Sports_Direct_2025_2-1920x1080-1.jpg","contentUrl":"https:\/\/dev.tg4.ie\/wp-content\/uploads\/2025\/05\/FAI_Sports_Direct_2025_2-1920x1080-1.jpg"},{"@type":"BreadcrumbList","@id":"https:\/\/dev.tg4.ie\/ga\/eolas\/preas\/nuacht-raitis\/2025-2\/tg4-chun-corn-sports-direct-fai-na-mban-2025-a-chraoladh\/#breadcrumb","itemListElement":[{"@type":"ListItem","position":1,"name":"Home","item":"https:\/\/dev.tg4.ie\/ga\/"},{"@type":"ListItem","position":2,"name":"Eolas","item":"https:\/\/dev.tg4.ie\/ga\/eolas\/"},{"@type":"ListItem","position":3,"name":"Preas","item":"https:\/\/dev.tg4.ie\/ga\/eolas\/preas\/"},{"@type":"ListItem","position":4,"name":"Nuacht R\u00e1itis","item":"https:\/\/dev.tg4.ie\/ga\/eolas\/preas\/nuacht-raitis\/"},{"@type":"ListItem","position":5,"name":"2025","item":"https:\/\/dev.tg4.ie\/ga\/eolas\/preas\/nuacht-raitis\/2025-2\/"},{"@type":"ListItem","position":6,"name":"TG4 chun Corn Sports Direct FAI na mBan 2025 a chraoladh"}]},{"@type":"WebSite","@id":"https:\/\/dev.tg4.ie\/en\/#website","url":"https:\/\/dev.tg4.ie\/en\/","name":"TG4","description":"S\u00fail Eile","potentialAction":[{"@type":"SearchAction","target":{"@type":"EntryPoint","urlTemplate":"https:\/\/dev.tg4.ie\/en\/?s={search_term_string}"},"query-input":"required name=search_term_string"}],"inLanguage":"ga"}]}},"_links":{"self":[{"href":"https:\/\/dev.tg4.ie\/ga\/wp-json\/wp\/v2\/pages\/245380"}],"collection":[{"href":"https:\/\/dev.tg4.ie\/ga\/wp-json\/wp\/v2\/pages"}],"about":[{"href":"https:\/\/dev.tg4.ie\/ga\/wp-json\/wp\/v2\/types\/page"}],"author":[{"embeddable":true,"href":"https:\/\/dev.tg4.ie\/ga\/wp-json\/wp\/v2\/users\/876"}],"replies":[{"embeddable":true,"href":"https:\/\/dev.tg4.ie\/ga\/wp-json\/wp\/v2\/comments?post=245380"}],"version-history":[{"count":0,"href":"https:\/\/dev.tg4.ie\/ga\/wp-json\/wp\/v2\/pages\/245380\/revisions"}],"up":[{"embeddable":true,"href":"https:\/\/dev.tg4.ie\/ga\/wp-json\/wp\/v2\/pages\/236807"}],"wp:attachment":[{"href":"https:\/\/dev.tg4.ie\/ga\/wp-json\/wp\/v2\/media?parent=245380"}],"curies":[{"name":"wp","href":"https:\/\/api.w.org\/{rel}","templated":true}]}}