{"id":245568,"date":"2025-05-21T16:09:52","date_gmt":"2025-05-21T15:09:52","guid":{"rendered":"https:\/\/dev.tg4.ie\/?page_id=245568"},"modified":"2025-05-21T16:09:52","modified_gmt":"2025-05-21T15:09:52","slug":"ba-mhaith-le-tg4-agus-foghlaim-tg4-tuairimi-mhuinteoiri-meanscoile-a-fhail","status":"publish","type":"page","link":"https:\/\/dev.tg4.ie\/ga\/eolas\/preas\/nuacht-raitis\/2025-2\/ba-mhaith-le-tg4-agus-foghlaim-tg4-tuairimi-mhuinteoiri-meanscoile-a-fhail\/","title":{"rendered":"Ba mhaith le TG4 agus Foghlaim TG4 tuairim\u00ed Mh\u00fainteoir\u00ed Me\u00e1nscoile a fh\u00e1il"},"content":{"rendered":"<p><img loading=\"lazy\" decoding=\"async\" width=\"1920\" height=\"1080\" src=\"https:\/\/tg4-docs.s3.amazonaws.com\/wp-content\/uploads\/2025\/05\/21160912\/Suirbhe_Meanscoile_1-1920x1080-1.jpg\" alt=\"\" class=\"alignright size-full wp-image-245570\" srcset=\"https:\/\/tg4-docs.s3.amazonaws.com\/wp-content\/uploads\/2025\/05\/21160912\/Suirbhe_Meanscoile_1-1920x1080-1.jpg 1920w, https:\/\/tg4-docs.s3.amazonaws.com\/wp-content\/uploads\/2025\/05\/21160912\/Suirbhe_Meanscoile_1-1920x1080-1-250x141.jpg 250w, https:\/\/tg4-docs.s3.amazonaws.com\/wp-content\/uploads\/2025\/05\/21160912\/Suirbhe_Meanscoile_1-1920x1080-1-700x394.jpg 700w, https:\/\/tg4-docs.s3.amazonaws.com\/wp-content\/uploads\/2025\/05\/21160912\/Suirbhe_Meanscoile_1-1920x1080-1-252x141.jpg 252w, https:\/\/tg4-docs.s3.amazonaws.com\/wp-content\/uploads\/2025\/05\/21160912\/Suirbhe_Meanscoile_1-1920x1080-1-1536x864.jpg 1536w, https:\/\/tg4-docs.s3.amazonaws.com\/wp-content\/uploads\/2025\/05\/21160912\/Suirbhe_Meanscoile_1-1920x1080-1-120x68.jpg 120w\" sizes=\"(max-width: 1920px) 100vw, 1920px\" \/><\/p>\n<p>&nbsp;<br \/>\nSuirbh\u00e9 : <a href=\"https:\/\/nasc.tg4.tv\/suirbhescoile2025\" rel=\"noopener\" target=\"_blank\">https:\/\/nasc.tg4.tv\/suirbhescoile2025<\/a><br \/>\n&nbsp;<br \/>\nBa mhaith le <strong>TG4<\/strong> agus <strong>Foghlaim TG4<\/strong> tuairim\u00ed Mh\u00fainteoir\u00ed Me\u00e1nscoile a fh\u00e1il. Cuideoidh an suirbh\u00e9 agus na tortha\u00ed a bhaileoidh seo le <strong>TG4<\/strong> acmhainn\u00ed agus \u00e1iseanna a chur ar f\u00e1il at\u00e1 ag teacht le h\u00e9ilimh agus riachtanais na scoileanna fud fad na t\u00edre.<br \/>\n&nbsp;<\/p>\n<p>N\u00ed amh\u00e1in sin ach cuideoidh an taighde seo le comhlachta\u00ed l\u00e9iri\u00fach\u00e1in an cur ch\u00faige is fearr a roghn\u00fa maidir le f\u00eds\u00e1bhair, agus le <strong>TG4<\/strong> agus <strong>Foghlaim TG4<\/strong> an taca\u00edocht is fearr agus is f\u00e9idir a chur ar f\u00e1il do scoileanna.<br \/>\n&nbsp;<\/p>\n<p>Inseoidh an taighde seo an d\u00f3igh at\u00e1 m\u00fainteoir\u00ed agus scoil\u00e1ir\u00ed ag \u00fas\u00e1id \u00e1bhar <strong>Foghlaim TG4<\/strong> sa seomra ranga faoi l\u00e1thair, agus na d\u00f3igheanna gur f\u00e9idir linn na hacmhainn\u00ed seo a fheabhs\u00fa agus acmhainn\u00ed \u00fara a choimisi\u00fan\u00fa leis an taca\u00edocht is fearr a chur ar f\u00e1il do scoileanna.<br \/>\n&nbsp;<\/p>\n<p>Chomh maith leis sin, cuideoidh an taighde seo le <strong>TG4<\/strong> plean\u00e1il \u00e9ifeachtach a dh\u00e9anamh don todhcha\u00ed agus acmhainn\u00ed a dh\u00edri\u00fa ar na foins\u00ed cu\u00ed.<br \/>\n&nbsp;<br \/>\nD\u00fairt <strong>Eagarth\u00f3ir Oideachais TG4, Conall \u00d3 M\u00e1irt\u00edn<\/strong>, <em>\u201cT\u00e1 s\u00e9 iontach t\u00e1bhachtach d\u00fainn in TG4 go bhfuil muid ag \u00e9isteacht le m\u00fainteoir\u00ed agus go nd\u00e9anann muid cl\u00e1racha agus \u00e1iseanna a fhorbairt at\u00e1 de dh\u00edth sna scoileanna agus a thaca\u00edonn le teagasc \u00e9ifeachtach a dh\u00e9anamh. Cuideoidh taighde mar seo go m\u00f3r linn Foghlaim TG4 a fhorbairt agus t\u00e1 muid thar a bheith bu\u00edoch do mh\u00fainteoir\u00ed am a ghlacadh leis an suirbh\u00e9 a l\u00edonadh amach\u201d <\/em><br \/>\n&nbsp;<\/p>\n<p>Bheadh muid an-bhu\u00edoch d\u00e1 mbeadh m\u00fainteoir\u00ed me\u00e1nscoile in ann an suirbh\u00e9 seo a l\u00edonadh <strong>roimh an 04 Meitheamh 2025<\/strong> chun cuidi\u00fa le <strong>Foghlaim TG4<\/strong> acmhainn\u00ed oideachais don mhe\u00e1nscoil a fhorbairt.<br \/>\n&nbsp;<br \/>\nT\u00e1 <strong>TG4<\/strong> ag obair leis an gcomhlacht taighde \u2018Opinions\u2019 chun freastal n\u00edos fearr a dh\u00e9anamh ar mh\u00fainteoir\u00ed me\u00e1nscoile tr\u00ed acmhainn\u00ed Foghlaim TG4.<br \/>\n&nbsp;<br \/>\nBh\u00ed muid i mbun taighde roimhe seo le m\u00fainteoir\u00ed bunscoile, ach ba mhaith linn anois cloiste\u00e1il anois \u00f3 mh\u00fainteoir\u00ed me\u00e1nscoile.<br \/>\n&nbsp;<br \/>\n&nbsp;<br \/>\nNasc: <a href=\"https:\/\/nasc.tg4.tv\/suirbhescoile2025\" rel=\"noopener\" target=\"_blank\">https:\/\/nasc.tg4.tv\/suirbhescoile2025<\/a><br \/>\n&nbsp;<br \/>\nSpriocdh\u00e1ta : 04 Meitheamh 2025<br \/>\n&nbsp;<\/p>\n<p><strong>WWW: &#8216;Foghlaim TG4&#8217; :<\/strong> <a href=\"https:\/\/foghlaim.tg4.ie\/\" rel=\"noopener\" target=\"_blank\">https:\/\/foghlaim.tg4.ie\/<\/a><\/p>\n<p><strong>Na Me\u00e1in Sh\u00f3isialta: &#8216;Foghlaim TG4&#8217;:<\/strong> @TG4Foghlaim <\/p>\n<p>&nbsp;<br \/>\n&nbsp;<\/p>\n","protected":false},"excerpt":{"rendered":"<p>&nbsp; Suirbh\u00e9 : https:\/\/nasc.tg4.tv\/suirbhescoile2025 &nbsp; Ba mhaith le TG4 agus Foghlaim TG4 tuairim\u00ed Mh\u00fainteoir\u00ed Me\u00e1nscoile a fh\u00e1il. Cuideoidh an suirbh\u00e9 agus na tortha\u00ed a bhaileoidh seo le TG4 acmhainn\u00ed agus \u00e1iseanna a chur ar f\u00e1il at\u00e1 ag teacht le h\u00e9ilimh agus riachtanais na scoileanna fud fad na t\u00edre. &nbsp; N\u00ed amh\u00e1in sin ach cuideoidh an [&hellip;]<\/p>\n","protected":false},"author":876,"featured_media":0,"parent":236807,"menu_order":23,"comment_status":"closed","ping_status":"closed","template":"page-templates\/template-pr.php","meta":{"_acf_changed":false,"footnotes":""},"acf":[],"yoast_head":"<!-- This site is optimized with the Yoast SEO plugin v22.6 - https:\/\/yoast.com\/wordpress\/plugins\/seo\/ -->\n<title>Ba mhaith le TG4 agus Foghlaim TG4 tuairim\u00ed Mh\u00fainteoir\u00ed Me\u00e1nscoile a fh\u00e1il | Preasr\u00e1iteas | TG4<\/title>\n<meta name=\"robots\" content=\"index, follow, max-snippet:-1, max-image-preview:large, max-video-preview:-1\" \/>\n<meta property=\"og:locale\" content=\"en_US\" \/>\n<meta property=\"og:type\" content=\"article\" \/>\n<meta property=\"og:title\" content=\"Ba mhaith le TG4 agus Foghlaim TG4 tuairim\u00ed Mh\u00fainteoir\u00ed Me\u00e1nscoile a fh\u00e1il | Preasr\u00e1iteas | TG4\" \/>\n<meta property=\"og:description\" content=\"&nbsp; Suirbh\u00e9 : https:\/\/nasc.tg4.tv\/suirbhescoile2025 &nbsp; Ba mhaith le TG4 agus Foghlaim TG4 tuairim\u00ed Mh\u00fainteoir\u00ed Me\u00e1nscoile a fh\u00e1il. Cuideoidh an suirbh\u00e9 agus na tortha\u00ed a bhaileoidh seo le TG4 acmhainn\u00ed agus \u00e1iseanna a chur ar f\u00e1il at\u00e1 ag teacht le h\u00e9ilimh agus riachtanais na scoileanna fud fad na t\u00edre. &nbsp; N\u00ed amh\u00e1in sin ach cuideoidh an [&hellip;]\" \/>\n<meta property=\"og:url\" content=\"https:\/\/dev.tg4.ie\/ga\/eolas\/preas\/nuacht-raitis\/2025-2\/ba-mhaith-le-tg4-agus-foghlaim-tg4-tuairimi-mhuinteoiri-meanscoile-a-fhail\/\" \/>\n<meta property=\"og:site_name\" content=\"TG4\" \/>\n<meta property=\"article:publisher\" content=\"https:\/\/www.facebook.com\/TG4TV\" \/>\n<meta property=\"og:image\" content=\"https:\/\/tg4-docs.s3.amazonaws.com\/wp-content\/uploads\/2025\/05\/21160912\/Suirbhe_Meanscoile_1-1920x1080-1.jpg\" \/>\n\t<meta property=\"og:image:width\" content=\"1920\" \/>\n\t<meta property=\"og:image:height\" content=\"1080\" \/>\n\t<meta property=\"og:image:type\" content=\"image\/jpeg\" \/>\n<meta name=\"twitter:card\" content=\"summary_large_image\" \/>\n<meta name=\"twitter:image\" content=\"https:\/\/tg4-docs.s3.amazonaws.com\/wp-content\/uploads\/2025\/05\/21160912\/Suirbhe_Meanscoile_1-1920x1080-1.jpg\" \/>\n<meta name=\"twitter:site\" content=\"@TG4TV\" \/>\n<meta name=\"twitter:label1\" content=\"Est. reading time\" \/>\n\t<meta name=\"twitter:data1\" content=\"2 minutes\" \/>\n<script type=\"application\/ld+json\" class=\"yoast-schema-graph\">{\"@context\":\"https:\/\/schema.org\",\"@graph\":[{\"@type\":\"WebPage\",\"@id\":\"https:\/\/dev.tg4.ie\/ga\/eolas\/preas\/nuacht-raitis\/2025-2\/ba-mhaith-le-tg4-agus-foghlaim-tg4-tuairimi-mhuinteoiri-meanscoile-a-fhail\/\",\"url\":\"https:\/\/dev.tg4.ie\/ga\/eolas\/preas\/nuacht-raitis\/2025-2\/ba-mhaith-le-tg4-agus-foghlaim-tg4-tuairimi-mhuinteoiri-meanscoile-a-fhail\/\",\"name\":\"Ba mhaith le TG4 agus Foghlaim TG4 tuairim\u00ed Mh\u00fainteoir\u00ed Me\u00e1nscoile a fh\u00e1il | Preasr\u00e1iteas | TG4\",\"isPartOf\":{\"@id\":\"https:\/\/dev.tg4.ie\/en\/#website\"},\"primaryImageOfPage\":{\"@id\":\"https:\/\/dev.tg4.ie\/ga\/eolas\/preas\/nuacht-raitis\/2025-2\/ba-mhaith-le-tg4-agus-foghlaim-tg4-tuairimi-mhuinteoiri-meanscoile-a-fhail\/#primaryimage\"},\"image\":{\"@id\":\"https:\/\/dev.tg4.ie\/ga\/eolas\/preas\/nuacht-raitis\/2025-2\/ba-mhaith-le-tg4-agus-foghlaim-tg4-tuairimi-mhuinteoiri-meanscoile-a-fhail\/#primaryimage\"},\"thumbnailUrl\":\"https:\/\/dev.tg4.ie\/wp-content\/uploads\/2025\/05\/Suirbhe_Meanscoile_1-1920x1080-1.jpg\",\"datePublished\":\"2025-05-21T15:09:52+00:00\",\"dateModified\":\"2025-05-21T15:09:52+00:00\",\"breadcrumb\":{\"@id\":\"https:\/\/dev.tg4.ie\/ga\/eolas\/preas\/nuacht-raitis\/2025-2\/ba-mhaith-le-tg4-agus-foghlaim-tg4-tuairimi-mhuinteoiri-meanscoile-a-fhail\/#breadcrumb\"},\"inLanguage\":\"ga\",\"potentialAction\":[{\"@type\":\"ReadAction\",\"target\":[\"https:\/\/dev.tg4.ie\/ga\/eolas\/preas\/nuacht-raitis\/2025-2\/ba-mhaith-le-tg4-agus-foghlaim-tg4-tuairimi-mhuinteoiri-meanscoile-a-fhail\/\"]}]},{\"@type\":\"ImageObject\",\"inLanguage\":\"ga\",\"@id\":\"https:\/\/dev.tg4.ie\/ga\/eolas\/preas\/nuacht-raitis\/2025-2\/ba-mhaith-le-tg4-agus-foghlaim-tg4-tuairimi-mhuinteoiri-meanscoile-a-fhail\/#primaryimage\",\"url\":\"https:\/\/dev.tg4.ie\/wp-content\/uploads\/2025\/05\/Suirbhe_Meanscoile_1-1920x1080-1.jpg\",\"contentUrl\":\"https:\/\/dev.tg4.ie\/wp-content\/uploads\/2025\/05\/Suirbhe_Meanscoile_1-1920x1080-1.jpg\"},{\"@type\":\"BreadcrumbList\",\"@id\":\"https:\/\/dev.tg4.ie\/ga\/eolas\/preas\/nuacht-raitis\/2025-2\/ba-mhaith-le-tg4-agus-foghlaim-tg4-tuairimi-mhuinteoiri-meanscoile-a-fhail\/#breadcrumb\",\"itemListElement\":[{\"@type\":\"ListItem\",\"position\":1,\"name\":\"Home\",\"item\":\"https:\/\/dev.tg4.ie\/ga\/\"},{\"@type\":\"ListItem\",\"position\":2,\"name\":\"Eolas\",\"item\":\"https:\/\/dev.tg4.ie\/ga\/eolas\/\"},{\"@type\":\"ListItem\",\"position\":3,\"name\":\"Preas\",\"item\":\"https:\/\/dev.tg4.ie\/ga\/eolas\/preas\/\"},{\"@type\":\"ListItem\",\"position\":4,\"name\":\"Nuacht R\u00e1itis\",\"item\":\"https:\/\/dev.tg4.ie\/ga\/eolas\/preas\/nuacht-raitis\/\"},{\"@type\":\"ListItem\",\"position\":5,\"name\":\"2025\",\"item\":\"https:\/\/dev.tg4.ie\/ga\/eolas\/preas\/nuacht-raitis\/2025-2\/\"},{\"@type\":\"ListItem\",\"position\":6,\"name\":\"Ba mhaith le TG4 agus Foghlaim TG4 tuairim\u00ed Mh\u00fainteoir\u00ed Me\u00e1nscoile a fh\u00e1il\"}]},{\"@type\":\"WebSite\",\"@id\":\"https:\/\/dev.tg4.ie\/en\/#website\",\"url\":\"https:\/\/dev.tg4.ie\/en\/\",\"name\":\"TG4\",\"description\":\"S\u00fail Eile\",\"potentialAction\":[{\"@type\":\"SearchAction\",\"target\":{\"@type\":\"EntryPoint\",\"urlTemplate\":\"https:\/\/dev.tg4.ie\/en\/?s={search_term_string}\"},\"query-input\":\"required name=search_term_string\"}],\"inLanguage\":\"ga\"}]}<\/script>\n<!-- \/ Yoast SEO plugin. -->","yoast_head_json":{"title":"Ba mhaith le TG4 agus Foghlaim TG4 tuairim\u00ed Mh\u00fainteoir\u00ed Me\u00e1nscoile a fh\u00e1il | Preasr\u00e1iteas | TG4","robots":{"index":"index","follow":"follow","max-snippet":"max-snippet:-1","max-image-preview":"max-image-preview:large","max-video-preview":"max-video-preview:-1"},"og_locale":"en_US","og_type":"article","og_title":"Ba mhaith le TG4 agus Foghlaim TG4 tuairim\u00ed Mh\u00fainteoir\u00ed Me\u00e1nscoile a fh\u00e1il | Preasr\u00e1iteas | TG4","og_description":"&nbsp; Suirbh\u00e9 : https:\/\/nasc.tg4.tv\/suirbhescoile2025 &nbsp; Ba mhaith le TG4 agus Foghlaim TG4 tuairim\u00ed Mh\u00fainteoir\u00ed Me\u00e1nscoile a fh\u00e1il. Cuideoidh an suirbh\u00e9 agus na tortha\u00ed a bhaileoidh seo le TG4 acmhainn\u00ed agus \u00e1iseanna a chur ar f\u00e1il at\u00e1 ag teacht le h\u00e9ilimh agus riachtanais na scoileanna fud fad na t\u00edre. &nbsp; N\u00ed amh\u00e1in sin ach cuideoidh an [&hellip;]","og_url":"https:\/\/dev.tg4.ie\/ga\/eolas\/preas\/nuacht-raitis\/2025-2\/ba-mhaith-le-tg4-agus-foghlaim-tg4-tuairimi-mhuinteoiri-meanscoile-a-fhail\/","og_site_name":"TG4","article_publisher":"https:\/\/www.facebook.com\/TG4TV","og_image":[{"width":1920,"height":1080,"url":"https:\/\/tg4-docs.s3.amazonaws.com\/wp-content\/uploads\/2025\/05\/21160912\/Suirbhe_Meanscoile_1-1920x1080-1.jpg","type":"image\/jpeg"}],"twitter_card":"summary_large_image","twitter_image":"https:\/\/tg4-docs.s3.amazonaws.com\/wp-content\/uploads\/2025\/05\/21160912\/Suirbhe_Meanscoile_1-1920x1080-1.jpg","twitter_site":"@TG4TV","twitter_misc":{"Est. reading time":"2 minutes"},"schema":{"@context":"https:\/\/schema.org","@graph":[{"@type":"WebPage","@id":"https:\/\/dev.tg4.ie\/ga\/eolas\/preas\/nuacht-raitis\/2025-2\/ba-mhaith-le-tg4-agus-foghlaim-tg4-tuairimi-mhuinteoiri-meanscoile-a-fhail\/","url":"https:\/\/dev.tg4.ie\/ga\/eolas\/preas\/nuacht-raitis\/2025-2\/ba-mhaith-le-tg4-agus-foghlaim-tg4-tuairimi-mhuinteoiri-meanscoile-a-fhail\/","name":"Ba mhaith le TG4 agus Foghlaim TG4 tuairim\u00ed Mh\u00fainteoir\u00ed Me\u00e1nscoile a fh\u00e1il | Preasr\u00e1iteas | TG4","isPartOf":{"@id":"https:\/\/dev.tg4.ie\/en\/#website"},"primaryImageOfPage":{"@id":"https:\/\/dev.tg4.ie\/ga\/eolas\/preas\/nuacht-raitis\/2025-2\/ba-mhaith-le-tg4-agus-foghlaim-tg4-tuairimi-mhuinteoiri-meanscoile-a-fhail\/#primaryimage"},"image":{"@id":"https:\/\/dev.tg4.ie\/ga\/eolas\/preas\/nuacht-raitis\/2025-2\/ba-mhaith-le-tg4-agus-foghlaim-tg4-tuairimi-mhuinteoiri-meanscoile-a-fhail\/#primaryimage"},"thumbnailUrl":"https:\/\/dev.tg4.ie\/wp-content\/uploads\/2025\/05\/Suirbhe_Meanscoile_1-1920x1080-1.jpg","datePublished":"2025-05-21T15:09:52+00:00","dateModified":"2025-05-21T15:09:52+00:00","breadcrumb":{"@id":"https:\/\/dev.tg4.ie\/ga\/eolas\/preas\/nuacht-raitis\/2025-2\/ba-mhaith-le-tg4-agus-foghlaim-tg4-tuairimi-mhuinteoiri-meanscoile-a-fhail\/#breadcrumb"},"inLanguage":"ga","potentialAction":[{"@type":"ReadAction","target":["https:\/\/dev.tg4.ie\/ga\/eolas\/preas\/nuacht-raitis\/2025-2\/ba-mhaith-le-tg4-agus-foghlaim-tg4-tuairimi-mhuinteoiri-meanscoile-a-fhail\/"]}]},{"@type":"ImageObject","inLanguage":"ga","@id":"https:\/\/dev.tg4.ie\/ga\/eolas\/preas\/nuacht-raitis\/2025-2\/ba-mhaith-le-tg4-agus-foghlaim-tg4-tuairimi-mhuinteoiri-meanscoile-a-fhail\/#primaryimage","url":"https:\/\/dev.tg4.ie\/wp-content\/uploads\/2025\/05\/Suirbhe_Meanscoile_1-1920x1080-1.jpg","contentUrl":"https:\/\/dev.tg4.ie\/wp-content\/uploads\/2025\/05\/Suirbhe_Meanscoile_1-1920x1080-1.jpg"},{"@type":"BreadcrumbList","@id":"https:\/\/dev.tg4.ie\/ga\/eolas\/preas\/nuacht-raitis\/2025-2\/ba-mhaith-le-tg4-agus-foghlaim-tg4-tuairimi-mhuinteoiri-meanscoile-a-fhail\/#breadcrumb","itemListElement":[{"@type":"ListItem","position":1,"name":"Home","item":"https:\/\/dev.tg4.ie\/ga\/"},{"@type":"ListItem","position":2,"name":"Eolas","item":"https:\/\/dev.tg4.ie\/ga\/eolas\/"},{"@type":"ListItem","position":3,"name":"Preas","item":"https:\/\/dev.tg4.ie\/ga\/eolas\/preas\/"},{"@type":"ListItem","position":4,"name":"Nuacht R\u00e1itis","item":"https:\/\/dev.tg4.ie\/ga\/eolas\/preas\/nuacht-raitis\/"},{"@type":"ListItem","position":5,"name":"2025","item":"https:\/\/dev.tg4.ie\/ga\/eolas\/preas\/nuacht-raitis\/2025-2\/"},{"@type":"ListItem","position":6,"name":"Ba mhaith le TG4 agus Foghlaim TG4 tuairim\u00ed Mh\u00fainteoir\u00ed Me\u00e1nscoile a fh\u00e1il"}]},{"@type":"WebSite","@id":"https:\/\/dev.tg4.ie\/en\/#website","url":"https:\/\/dev.tg4.ie\/en\/","name":"TG4","description":"S\u00fail Eile","potentialAction":[{"@type":"SearchAction","target":{"@type":"EntryPoint","urlTemplate":"https:\/\/dev.tg4.ie\/en\/?s={search_term_string}"},"query-input":"required name=search_term_string"}],"inLanguage":"ga"}]}},"_links":{"self":[{"href":"https:\/\/dev.tg4.ie\/ga\/wp-json\/wp\/v2\/pages\/245568"}],"collection":[{"href":"https:\/\/dev.tg4.ie\/ga\/wp-json\/wp\/v2\/pages"}],"about":[{"href":"https:\/\/dev.tg4.ie\/ga\/wp-json\/wp\/v2\/types\/page"}],"author":[{"embeddable":true,"href":"https:\/\/dev.tg4.ie\/ga\/wp-json\/wp\/v2\/users\/876"}],"replies":[{"embeddable":true,"href":"https:\/\/dev.tg4.ie\/ga\/wp-json\/wp\/v2\/comments?post=245568"}],"version-history":[{"count":0,"href":"https:\/\/dev.tg4.ie\/ga\/wp-json\/wp\/v2\/pages\/245568\/revisions"}],"up":[{"embeddable":true,"href":"https:\/\/dev.tg4.ie\/ga\/wp-json\/wp\/v2\/pages\/236807"}],"wp:attachment":[{"href":"https:\/\/dev.tg4.ie\/ga\/wp-json\/wp\/v2\/media?parent=245568"}],"curies":[{"name":"wp","href":"https:\/\/api.w.org\/{rel}","templated":true}]}}