{"id":246191,"date":"2025-06-10T12:49:19","date_gmt":"2025-06-10T11:49:19","guid":{"rendered":"https:\/\/dev.tg4.ie\/?page_id=246191"},"modified":"2025-09-12T12:06:34","modified_gmt":"2025-09-12T11:06:34","slug":"an-toir-go-deo-ar-cra-diolta-le-hardain-i-68-dtir","status":"publish","type":"page","link":"https:\/\/dev.tg4.ie\/ga\/eolas\/preas\/nuacht-raitis\/2025-2\/an-toir-go-deo-ar-cra-diolta-le-hardain-i-68-dtir\/","title":{"rendered":"An-t\u00f3ir go deo ar an gcoirsc\u00e9ins\u00e9ir Gaeilge CR\u00c1 \u2013  D\u00edolta le hard\u00e1in i 68 dt\u00edr agus ag sruth\u00fa go hidirn\u00e1isi\u00fanta"},"content":{"rendered":"<p><img loading=\"lazy\" decoding=\"async\" width=\"1920\" height=\"1080\" src=\"https:\/\/tg4-docs.s3.amazonaws.com\/wp-content\/uploads\/2024\/10\/24165148\/CRA_2-1920x1080-1.jpg\" alt=\"\" class=\"alignright size-full wp-image-234387\" srcset=\"https:\/\/tg4-docs.s3.amazonaws.com\/wp-content\/uploads\/2024\/10\/24165148\/CRA_2-1920x1080-1.jpg 1920w, https:\/\/tg4-docs.s3.amazonaws.com\/wp-content\/uploads\/2024\/10\/24165148\/CRA_2-1920x1080-1-250x141.jpg 250w, https:\/\/tg4-docs.s3.amazonaws.com\/wp-content\/uploads\/2024\/10\/24165148\/CRA_2-1920x1080-1-700x394.jpg 700w, https:\/\/tg4-docs.s3.amazonaws.com\/wp-content\/uploads\/2024\/10\/24165148\/CRA_2-1920x1080-1-252x141.jpg 252w, https:\/\/tg4-docs.s3.amazonaws.com\/wp-content\/uploads\/2024\/10\/24165148\/CRA_2-1920x1080-1-1536x864.jpg 1536w, https:\/\/tg4-docs.s3.amazonaws.com\/wp-content\/uploads\/2024\/10\/24165148\/CRA_2-1920x1080-1-120x68.jpg 120w\" sizes=\"(max-width: 1920px) 100vw, 1920px\" \/><br \/>\n&nbsp;<br \/>\n<center><sup>T\u00e1 <strong>CR\u00c1<\/strong> &#8211; &#8216;Boglands&#8217; (ainm idirn\u00e1isi\u00fanta) \u00e1 shruth\u00fa anois i St\u00e1it Aontaithe Mheirice\u00e1 agus san Astr\u00e1il<\/sup><\/center><br \/>\n&nbsp;<br \/>\nCR\u00c1 <a href=\"https:\/\/dev.tg4.ie\/player\/boxset\/?series=CR%C3%81&#038;genre=Drama\" rel=\"noopener\" target=\"_blank\">&#8211; F\u00e9ach air ANSEO<\/a><br \/>\n&nbsp;<br \/>\nT\u00e1 an-t\u00f3ir ar fud an domhain ar <strong>CR\u00c1<\/strong>, an dr\u00e1ma coireachta Gaeilge de chuid TG4, at\u00e1 d\u00edolta anois le hard\u00e1in i 68 dt\u00edr agus at\u00e1 ag sruth\u00fa faoin ainm idirn\u00e1isi\u00fanta Boglands. T\u00e1 an tsraith s\u00e9 chuid seo tar \u00e9is craolt\u00f3ir\u00ed agus lucht f\u00e9achana araon a mhealladh, agus t\u00e1 cearta ar an tsraith faighte anois ag ard\u00e1in mh\u00f3ra amhail ARTE sa Fhrainc agus AMC Networks \/ Acorn TV sna St\u00e1it Aontaithe. T\u00e1 <strong>&#8216;CR\u00c1&#8217;<\/strong> \u00e1 shruth\u00fa i nGaeilge le fotheidil sna St\u00e1it Aontaithe agus san Astr\u00e1il faoi l\u00e1thair, ag tabhairt ard\u00e1n do sc\u00e9ala\u00edocht chomhaimseartha na Gaeilge.<br \/>\n&nbsp;<\/p>\n<p>Cuireadh fearadh na f\u00e1ilte roimh ch\u00e9ad l\u00e9iri\u00fach\u00e1n <strong>CR\u00c1<\/strong> ar <strong>TG4<\/strong> agus ar <strong>Seinnteoir TG4  (TG4.ie)<\/strong> ar dt\u00fas an 11 Samhain, 2024, agus t\u00e1 daoine f\u00f3s ag baint ardtaitneamh as. Le s\u00fail t\u00f3g\u00e1il ar rath na ch\u00e9ad sraithe, t\u00e1 na l\u00e9iritheoir\u00ed agus na craolt\u00f3ir\u00ed ag br\u00fa anois chun t\u00fas a chur le scann\u00e1n\u00fa sh\u00e9as\u00far 2 i dt\u00fas na bliana 2026.<br \/>\n&nbsp;<\/p>\n<p><strong>Sc\u00e9al faoi R\u00fain, Tost agus Ceart agus C\u00f3ir<\/strong><\/p>\n<p>Suite i dt\u00edrdhreach \u00e1lainn Dh\u00fan na nGall, ins\u00edonn <strong>CR\u00c1<\/strong> sc\u00e9al an Gharda Conall \u00d3 S\u00failleabh\u00e1in (D\u00f3nall \u00d3 H\u00e9ala\u00ed \u2013 Monster, Foscadh), at\u00e1 s\u00e1ite, d\u00e1 bhu\u00edochas, i gc\u00e1s an-phearsanta nuair a aims\u00edtear corp a mh\u00e1thar, Sabine, c\u00faig bhliana d\u00e9ag tar \u00e9is a b\u00e1is. Cuirtear cosc air tabhairt faoin imscr\u00fad\u00fa oifigi\u00fail agus d\u00e1 bhr\u00ed sin, t\u00e9ann Conall i gcomhar le Ciara-Kate (Hannah Brady), iriseoir ceannd\u00e1na a bhaineann leas as a podchraoladh faoi choirsc\u00e9alta a tharla chun na r\u00fain is dorcha sa sr\u00e1idbhaile a nochtadh.<\/p>\n<p>De r\u00e9ir mar a th\u00e9ann an bheirt go domhain sa sc\u00e9al, n\u00ed fada go dtuigeann siad nach m\u00f3r\u00e1n fonn cainte at\u00e1 ar bpobal faoi agus go bhfuil coimhlint mhor\u00e1lta i gceist. Cuirtear gach cor agus casadh san imscr\u00fad\u00fa i l\u00e1thair go poibl\u00ed ar phodchraoladh Ciara-Kate, agus tagann coimhlint chun cinn idir an n\u00ed a cheart a bheith pr\u00edobh\u00e1ideach agus poibl\u00ed. An dtiocfaidh an fh\u00edrinne chun cinn n\u00f3 an bhfanfaidh r\u00fain \u00e1irithe faoi cheilt go deo?<br \/>\n&nbsp;<\/p>\n<p><strong>Cliar chumasach a bhfuil duaiseanna buaite aici<\/strong><\/p>\n<p>T\u00e1 cliar den scoth i <strong>CR\u00c1<\/strong> ina measc D\u00f3nall \u00d3 H\u00e9ala\u00ed, Alex Murphy (The Young Offenders), agus an r\u00e9alta thar o\u00edche Hannah Brady mar Ciara-Kate. I measc na n-aisteoir\u00ed taca\u00edochta t\u00e1 Barry McGovern (Obituary), R\u00f3is\u00edn Murphy (Vikings), Tara Breathnach (Borderline, Dune 2), Caoimhe Farren (The Woman in the Wall), agus Alan Mahon (King Frankie).<\/p>\n<p>Ba iad Doireann N\u00ed Chorrag\u00e1in agus Richie Conroy (Fran the Man) a scr\u00edobh an ch\u00e9ad sraith, a sti\u00faraigh Philip Doherty (Redemption of a Rogue), agus a l\u00e9irigh Ciar\u00e1n Charles. I measc na l\u00e9iritheoir\u00ed feidhmi\u00fach\u00e1in t\u00e1 Darach \u00d3 Tuairisg \u00f3 F\u00edb\u00edn Media, M\u00e1ire N\u00ed Chonl\u00e1in \u00f3 TG4, agus Karen Kirby \u00f3 BBC Thuaisceart \u00c9ireann.<br \/>\n&nbsp;<\/p>\n<p><strong>Aitheantas Idirn\u00e1isi\u00fanta agus Tionchar Cult\u00fair<\/strong> <\/p>\n<p>Arna choimisi\u00fan\u00fa ag <strong>TG4<\/strong> agus BBC Thuaisceart \u00c9ireann, fuair <strong>CR\u00c1<\/strong> taca\u00edocht \u00f3 Fh\u00eds \u00c9ireann, \u00f3 Choimisi\u00fan na Me\u00e1n, \u00f3 Chiste Craolt\u00f3ireachta Gaeilge Sc\u00e1ile\u00e1n Thuaisceart \u00c9ireann, agus faoi Dhreasacht Ch\u00e1nach na h\u00c9ireann don Sc\u00e1ile\u00e1n Cruthaitheach. Is iad APC (About Premium Content) at\u00e1 i mbun d\u00e1ileadh idirn\u00e1isi\u00fanta, agus t\u00e1 Boglands anois ar cheann de na dr\u00e1ma\u00ed coireachta i dteangacha iasachta is m\u00f3 a bhfuil suntas \u00e1 thabhairt d\u00f3.<br \/>\n&nbsp;<\/p>\n<p><em>&#8220;Bh\u00ed a fhios againn \u00f3n gc\u00e9ad l\u00e1 gur mba sraith ar leith a bheadh i CR\u00c1,&#8221;<\/em> a d\u00fairt <strong>Darach \u00d3 Tuairisg, L\u00e9iritheoir Feidhmi\u00fach\u00e1in F\u00edb\u00edn Media<\/strong>. <em>&#8220;Is mist\u00e9ir nua-aimseartha \u00e9 at\u00e1 suite in \u00e1it ar leith in \u00c9irinn, a l\u00e9ir\u00edonn scoth na tallainne as \u00c9irinn. \u00c1 taispe\u00e1int anois in 68 dt\u00edr, t\u00e1 s\u00ed ar an gc\u00e9ad sraith Ghaeilge a craoladh ar BBC Network agus t\u00e1 s\u00ed \u00e1 craoladh i gcr\u00edocha amhail na St\u00e1it Aontaithe agus an Astr\u00e1il sa bhunteanga, is l\u00e9iri\u00fa \u00e9 sin ar neart na meithle cruthaith\u00ed agus ar an tsuim at\u00e1 ar fud an domhain i sc\u00e9alta tarraingteacha bunaidh Gaeilge.&#8221;<\/em><br \/>\n&nbsp;<\/p>\n<p>T\u00e1 tionchar idirn\u00e1isi\u00fanta na sraithe molta ag: <strong>Deirdre N\u00ed Choist\u00edn, Ard-Sti\u00farth\u00f3ir TG4<\/strong>: <\/p>\n<p><em>&#8220;Is \u00e1bhar br\u00f3id \u00e9 do TG4 agus do mhe\u00e1n seirbh\u00edse poibl\u00ed na Gaeilge an rath at\u00e1 ar CR\u00c1 ar fud an domhain. L\u00e9ir\u00edonn s\u00e9 an tarraingt uil\u00edoch at\u00e1 ar sc\u00e9alta cruthaitheacha Gaeilge. L\u00e9ir\u00edonn CR\u00c1 tiomantas TG4 d&#8217;\u00e1bhar tarraingteach a chur ar f\u00e1il lasmuigh d\u2019\u00c9irinn agus pobal na Gaeilge, agus t\u00e1 l\u00fach\u00e1ir orainn go bhfuil CR\u00c1 ar f\u00e1il anois do lucht f\u00e9achana domhanda.&#8221;<\/em><br \/>\n&nbsp;<\/p>\n<p>Dar le <strong>M\u00e1ire N\u00ed Chonl\u00e1in, Eagarth\u00f3ir Coimisi\u00fanaithe i TG4<\/strong>:<\/p>\n<p><em>&#8220;T\u00e1imid thar a bheith br\u00f3d\u00fail as meitheal agus as cliar CR\u00c1, a bhfuil an sc\u00e9al cumhachtach seo tugtha chun beatha acu lena gcuid tallainne agus d\u00fathrachta. Is mar gheall ar a gcuid oibre agus a gcruthaitheacht a bhfuil rath ar an tsraith, sa bhaile agus go hidirn\u00e1isi\u00fanta. Is sampla den ch\u00e9ad scoth an tsraith seo den t\u00f3ir agus den comhbh\u00e1 at\u00e1 ar fud an domhain le sc\u00e9ala\u00edocht na Gaeilge.&#8221;<\/em><br \/>\n&nbsp;<\/p>\n<p><strong>Fuaimrian agus Eisp\u00e9ireas Ilmhe\u00e1n<\/strong><\/p>\n<p>Chomh maith le rath a bheith ar an tsraith \u00f3 thaobh an chl\u00e1ir f\u00e9in, t\u00e1 seinnliosta eisiach ag <strong>CR\u00c1<\/strong> ar Spotify don lucht lean\u00fana, seinnliosta a bhfuil ceol bunaidh a cumadh go speisialta don tsraith air. Leagadh amach an fuaimrian le go dtabharfadh an ceol l\u00e9iri\u00fa ar bhuaicphoint\u00ed moth\u00fach\u00e1nacha an sc\u00e9il, aistear fuaime tumthach a thugann an t-\u00e9isteoir isteach i gcro\u00edl\u00e1r shaol CR\u00c1.<\/p>\n<p><a href=\"https:\/\/open.spotify.com\/playlist\/389nbdFQ0rUU6pwIVJI0Yf\" rel=\"noopener\" target=\"_blank\">Nasc Spotify<\/a><br \/>\n&nbsp;<\/p>\n<p><strong>Eolas faoin tsraith<\/strong><\/p>\n<p>\u00b7 Teideal (\u00c9ire): <strong>CR\u00c1<\/strong><\/p>\n<p>\u00b7 Teideal Idirn\u00e1isi\u00fanta: Boglands<\/p>\n<p>\u00b7 Eipeas\u00f3id\u00ed: 6 x 45 n\u00f3im\u00e9ad<\/p>\n<p>\u00b7 Teanga: Gaeilge (le fotheidil go hidirn\u00e1isi\u00fanta)<\/p>\n<p>\u00b7 Su\u00edomh Scann\u00e1na\u00edochta: Gaoth Dobhair, D\u00fan na nGall<\/p>\n<p>&nbsp;<br \/>\n&nbsp;<\/p>\n","protected":false},"excerpt":{"rendered":"<p>&nbsp; T\u00e1 CR\u00c1 &#8211; &#8216;Boglands&#8217; (ainm idirn\u00e1isi\u00fanta) \u00e1 shruth\u00fa anois i St\u00e1it Aontaithe Mheirice\u00e1 agus san Astr\u00e1il &nbsp; CR\u00c1 &#8211; F\u00e9ach air ANSEO &nbsp; T\u00e1 an-t\u00f3ir ar fud an domhain ar CR\u00c1, an dr\u00e1ma coireachta Gaeilge de chuid TG4, at\u00e1 d\u00edolta anois le hard\u00e1in i 68 dt\u00edr agus at\u00e1 ag sruth\u00fa faoin ainm idirn\u00e1isi\u00fanta Boglands. [&hellip;]<\/p>\n","protected":false},"author":876,"featured_media":0,"parent":236807,"menu_order":25,"comment_status":"closed","ping_status":"closed","template":"page-templates\/template-pr.php","meta":{"_acf_changed":false,"footnotes":""},"acf":[],"yoast_head":"<!-- This site is optimized with the Yoast SEO plugin v22.6 - https:\/\/yoast.com\/wordpress\/plugins\/seo\/ -->\n<title>An-t\u00f3ir go deo ar CR\u00c1 \u2013 D\u00edolta le hard\u00e1in i 68 dt\u00edr | Preasr\u00e1iteas | TG4<\/title>\n<meta name=\"description\" content=\"T\u00e1 an-t\u00f3ir ar fud an domhain ar CR\u00c1, an dr\u00e1ma coireachta Gaeilge de chuid TG4, at\u00e1 d\u00edolta anois le hard\u00e1in i 68 dt\u00edr agus at\u00e1 ag sruth\u00fa faoin ainm idirn\u00e1isi\u00fanta Boglands.\" \/>\n<meta name=\"robots\" content=\"index, follow, max-snippet:-1, max-image-preview:large, max-video-preview:-1\" \/>\n<meta property=\"og:locale\" content=\"en_US\" \/>\n<meta property=\"og:type\" content=\"article\" \/>\n<meta property=\"og:title\" content=\"An-t\u00f3ir go deo ar CR\u00c1 \u2013 D\u00edolta le hard\u00e1in i 68 dt\u00edr | Preasr\u00e1iteas | TG4\" \/>\n<meta property=\"og:description\" content=\"T\u00e1 an-t\u00f3ir ar fud an domhain ar CR\u00c1, an dr\u00e1ma coireachta Gaeilge de chuid TG4, at\u00e1 d\u00edolta anois le hard\u00e1in i 68 dt\u00edr agus at\u00e1 ag sruth\u00fa faoin ainm idirn\u00e1isi\u00fanta Boglands.\" \/>\n<meta property=\"og:url\" content=\"https:\/\/dev.tg4.ie\/ga\/eolas\/preas\/nuacht-raitis\/2025-2\/an-toir-go-deo-ar-cra-diolta-le-hardain-i-68-dtir\/\" \/>\n<meta property=\"og:site_name\" content=\"TG4\" \/>\n<meta property=\"article:publisher\" content=\"https:\/\/www.facebook.com\/TG4TV\" \/>\n<meta property=\"article:modified_time\" content=\"2025-09-12T11:06:34+00:00\" \/>\n<meta property=\"og:image\" content=\"https:\/\/tg4-docs.s3.amazonaws.com\/wp-content\/uploads\/2024\/10\/24165148\/CRA_2-1920x1080-1.jpg\" \/>\n\t<meta property=\"og:image:width\" content=\"1920\" \/>\n\t<meta property=\"og:image:height\" content=\"1080\" \/>\n\t<meta property=\"og:image:type\" content=\"image\/jpeg\" \/>\n<meta name=\"twitter:card\" content=\"summary_large_image\" \/>\n<meta name=\"twitter:image\" content=\"https:\/\/tg4-docs.s3.amazonaws.com\/wp-content\/uploads\/2024\/10\/24165148\/CRA_2-1920x1080-1.jpg\" \/>\n<meta name=\"twitter:site\" content=\"@TG4TV\" \/>\n<meta name=\"twitter:label1\" content=\"Est. reading time\" \/>\n\t<meta name=\"twitter:data1\" content=\"5 minutes\" \/>\n<script type=\"application\/ld+json\" class=\"yoast-schema-graph\">{\"@context\":\"https:\/\/schema.org\",\"@graph\":[{\"@type\":\"WebPage\",\"@id\":\"https:\/\/dev.tg4.ie\/ga\/eolas\/preas\/nuacht-raitis\/2025-2\/an-toir-go-deo-ar-cra-diolta-le-hardain-i-68-dtir\/\",\"url\":\"https:\/\/dev.tg4.ie\/ga\/eolas\/preas\/nuacht-raitis\/2025-2\/an-toir-go-deo-ar-cra-diolta-le-hardain-i-68-dtir\/\",\"name\":\"An-t\u00f3ir go deo ar CR\u00c1 \u2013 D\u00edolta le hard\u00e1in i 68 dt\u00edr | Preasr\u00e1iteas | TG4\",\"isPartOf\":{\"@id\":\"https:\/\/dev.tg4.ie\/en\/#website\"},\"primaryImageOfPage\":{\"@id\":\"https:\/\/dev.tg4.ie\/ga\/eolas\/preas\/nuacht-raitis\/2025-2\/an-toir-go-deo-ar-cra-diolta-le-hardain-i-68-dtir\/#primaryimage\"},\"image\":{\"@id\":\"https:\/\/dev.tg4.ie\/ga\/eolas\/preas\/nuacht-raitis\/2025-2\/an-toir-go-deo-ar-cra-diolta-le-hardain-i-68-dtir\/#primaryimage\"},\"thumbnailUrl\":\"https:\/\/dev.tg4.ie\/wp-content\/uploads\/2024\/10\/CRA_2-1920x1080-1.jpg\",\"datePublished\":\"2025-06-10T11:49:19+00:00\",\"dateModified\":\"2025-09-12T11:06:34+00:00\",\"description\":\"T\u00e1 an-t\u00f3ir ar fud an domhain ar CR\u00c1, an dr\u00e1ma coireachta Gaeilge de chuid TG4, at\u00e1 d\u00edolta anois le hard\u00e1in i 68 dt\u00edr agus at\u00e1 ag sruth\u00fa faoin ainm idirn\u00e1isi\u00fanta Boglands.\",\"breadcrumb\":{\"@id\":\"https:\/\/dev.tg4.ie\/ga\/eolas\/preas\/nuacht-raitis\/2025-2\/an-toir-go-deo-ar-cra-diolta-le-hardain-i-68-dtir\/#breadcrumb\"},\"inLanguage\":\"ga\",\"potentialAction\":[{\"@type\":\"ReadAction\",\"target\":[\"https:\/\/dev.tg4.ie\/ga\/eolas\/preas\/nuacht-raitis\/2025-2\/an-toir-go-deo-ar-cra-diolta-le-hardain-i-68-dtir\/\"]}]},{\"@type\":\"ImageObject\",\"inLanguage\":\"ga\",\"@id\":\"https:\/\/dev.tg4.ie\/ga\/eolas\/preas\/nuacht-raitis\/2025-2\/an-toir-go-deo-ar-cra-diolta-le-hardain-i-68-dtir\/#primaryimage\",\"url\":\"https:\/\/dev.tg4.ie\/wp-content\/uploads\/2024\/10\/CRA_2-1920x1080-1.jpg\",\"contentUrl\":\"https:\/\/dev.tg4.ie\/wp-content\/uploads\/2024\/10\/CRA_2-1920x1080-1.jpg\"},{\"@type\":\"BreadcrumbList\",\"@id\":\"https:\/\/dev.tg4.ie\/ga\/eolas\/preas\/nuacht-raitis\/2025-2\/an-toir-go-deo-ar-cra-diolta-le-hardain-i-68-dtir\/#breadcrumb\",\"itemListElement\":[{\"@type\":\"ListItem\",\"position\":1,\"name\":\"Home\",\"item\":\"https:\/\/dev.tg4.ie\/ga\/\"},{\"@type\":\"ListItem\",\"position\":2,\"name\":\"Eolas\",\"item\":\"https:\/\/dev.tg4.ie\/ga\/eolas\/\"},{\"@type\":\"ListItem\",\"position\":3,\"name\":\"Preas\",\"item\":\"https:\/\/dev.tg4.ie\/ga\/eolas\/preas\/\"},{\"@type\":\"ListItem\",\"position\":4,\"name\":\"Nuacht R\u00e1itis\",\"item\":\"https:\/\/dev.tg4.ie\/ga\/eolas\/preas\/nuacht-raitis\/\"},{\"@type\":\"ListItem\",\"position\":5,\"name\":\"2025\",\"item\":\"https:\/\/dev.tg4.ie\/ga\/eolas\/preas\/nuacht-raitis\/2025-2\/\"},{\"@type\":\"ListItem\",\"position\":6,\"name\":\"An-t\u00f3ir go deo ar an gcoirsc\u00e9ins\u00e9ir Gaeilge CR\u00c1 \u2013 D\u00edolta le hard\u00e1in i 68 dt\u00edr agus ag sruth\u00fa go hidirn\u00e1isi\u00fanta\"}]},{\"@type\":\"WebSite\",\"@id\":\"https:\/\/dev.tg4.ie\/en\/#website\",\"url\":\"https:\/\/dev.tg4.ie\/en\/\",\"name\":\"TG4\",\"description\":\"S\u00fail Eile\",\"potentialAction\":[{\"@type\":\"SearchAction\",\"target\":{\"@type\":\"EntryPoint\",\"urlTemplate\":\"https:\/\/dev.tg4.ie\/en\/?s={search_term_string}\"},\"query-input\":\"required name=search_term_string\"}],\"inLanguage\":\"ga\"}]}<\/script>\n<!-- \/ Yoast SEO plugin. -->","yoast_head_json":{"title":"An-t\u00f3ir go deo ar CR\u00c1 \u2013 D\u00edolta le hard\u00e1in i 68 dt\u00edr | Preasr\u00e1iteas | TG4","description":"T\u00e1 an-t\u00f3ir ar fud an domhain ar CR\u00c1, an dr\u00e1ma coireachta Gaeilge de chuid TG4, at\u00e1 d\u00edolta anois le hard\u00e1in i 68 dt\u00edr agus at\u00e1 ag sruth\u00fa faoin ainm idirn\u00e1isi\u00fanta Boglands.","robots":{"index":"index","follow":"follow","max-snippet":"max-snippet:-1","max-image-preview":"max-image-preview:large","max-video-preview":"max-video-preview:-1"},"og_locale":"en_US","og_type":"article","og_title":"An-t\u00f3ir go deo ar CR\u00c1 \u2013 D\u00edolta le hard\u00e1in i 68 dt\u00edr | Preasr\u00e1iteas | TG4","og_description":"T\u00e1 an-t\u00f3ir ar fud an domhain ar CR\u00c1, an dr\u00e1ma coireachta Gaeilge de chuid TG4, at\u00e1 d\u00edolta anois le hard\u00e1in i 68 dt\u00edr agus at\u00e1 ag sruth\u00fa faoin ainm idirn\u00e1isi\u00fanta Boglands.","og_url":"https:\/\/dev.tg4.ie\/ga\/eolas\/preas\/nuacht-raitis\/2025-2\/an-toir-go-deo-ar-cra-diolta-le-hardain-i-68-dtir\/","og_site_name":"TG4","article_publisher":"https:\/\/www.facebook.com\/TG4TV","article_modified_time":"2025-09-12T11:06:34+00:00","og_image":[{"width":1920,"height":1080,"url":"https:\/\/tg4-docs.s3.amazonaws.com\/wp-content\/uploads\/2024\/10\/24165148\/CRA_2-1920x1080-1.jpg","type":"image\/jpeg"}],"twitter_card":"summary_large_image","twitter_image":"https:\/\/tg4-docs.s3.amazonaws.com\/wp-content\/uploads\/2024\/10\/24165148\/CRA_2-1920x1080-1.jpg","twitter_site":"@TG4TV","twitter_misc":{"Est. reading time":"5 minutes"},"schema":{"@context":"https:\/\/schema.org","@graph":[{"@type":"WebPage","@id":"https:\/\/dev.tg4.ie\/ga\/eolas\/preas\/nuacht-raitis\/2025-2\/an-toir-go-deo-ar-cra-diolta-le-hardain-i-68-dtir\/","url":"https:\/\/dev.tg4.ie\/ga\/eolas\/preas\/nuacht-raitis\/2025-2\/an-toir-go-deo-ar-cra-diolta-le-hardain-i-68-dtir\/","name":"An-t\u00f3ir go deo ar CR\u00c1 \u2013 D\u00edolta le hard\u00e1in i 68 dt\u00edr | Preasr\u00e1iteas | TG4","isPartOf":{"@id":"https:\/\/dev.tg4.ie\/en\/#website"},"primaryImageOfPage":{"@id":"https:\/\/dev.tg4.ie\/ga\/eolas\/preas\/nuacht-raitis\/2025-2\/an-toir-go-deo-ar-cra-diolta-le-hardain-i-68-dtir\/#primaryimage"},"image":{"@id":"https:\/\/dev.tg4.ie\/ga\/eolas\/preas\/nuacht-raitis\/2025-2\/an-toir-go-deo-ar-cra-diolta-le-hardain-i-68-dtir\/#primaryimage"},"thumbnailUrl":"https:\/\/dev.tg4.ie\/wp-content\/uploads\/2024\/10\/CRA_2-1920x1080-1.jpg","datePublished":"2025-06-10T11:49:19+00:00","dateModified":"2025-09-12T11:06:34+00:00","description":"T\u00e1 an-t\u00f3ir ar fud an domhain ar CR\u00c1, an dr\u00e1ma coireachta Gaeilge de chuid TG4, at\u00e1 d\u00edolta anois le hard\u00e1in i 68 dt\u00edr agus at\u00e1 ag sruth\u00fa faoin ainm idirn\u00e1isi\u00fanta Boglands.","breadcrumb":{"@id":"https:\/\/dev.tg4.ie\/ga\/eolas\/preas\/nuacht-raitis\/2025-2\/an-toir-go-deo-ar-cra-diolta-le-hardain-i-68-dtir\/#breadcrumb"},"inLanguage":"ga","potentialAction":[{"@type":"ReadAction","target":["https:\/\/dev.tg4.ie\/ga\/eolas\/preas\/nuacht-raitis\/2025-2\/an-toir-go-deo-ar-cra-diolta-le-hardain-i-68-dtir\/"]}]},{"@type":"ImageObject","inLanguage":"ga","@id":"https:\/\/dev.tg4.ie\/ga\/eolas\/preas\/nuacht-raitis\/2025-2\/an-toir-go-deo-ar-cra-diolta-le-hardain-i-68-dtir\/#primaryimage","url":"https:\/\/dev.tg4.ie\/wp-content\/uploads\/2024\/10\/CRA_2-1920x1080-1.jpg","contentUrl":"https:\/\/dev.tg4.ie\/wp-content\/uploads\/2024\/10\/CRA_2-1920x1080-1.jpg"},{"@type":"BreadcrumbList","@id":"https:\/\/dev.tg4.ie\/ga\/eolas\/preas\/nuacht-raitis\/2025-2\/an-toir-go-deo-ar-cra-diolta-le-hardain-i-68-dtir\/#breadcrumb","itemListElement":[{"@type":"ListItem","position":1,"name":"Home","item":"https:\/\/dev.tg4.ie\/ga\/"},{"@type":"ListItem","position":2,"name":"Eolas","item":"https:\/\/dev.tg4.ie\/ga\/eolas\/"},{"@type":"ListItem","position":3,"name":"Preas","item":"https:\/\/dev.tg4.ie\/ga\/eolas\/preas\/"},{"@type":"ListItem","position":4,"name":"Nuacht R\u00e1itis","item":"https:\/\/dev.tg4.ie\/ga\/eolas\/preas\/nuacht-raitis\/"},{"@type":"ListItem","position":5,"name":"2025","item":"https:\/\/dev.tg4.ie\/ga\/eolas\/preas\/nuacht-raitis\/2025-2\/"},{"@type":"ListItem","position":6,"name":"An-t\u00f3ir go deo ar an gcoirsc\u00e9ins\u00e9ir Gaeilge CR\u00c1 \u2013 D\u00edolta le hard\u00e1in i 68 dt\u00edr agus ag sruth\u00fa go hidirn\u00e1isi\u00fanta"}]},{"@type":"WebSite","@id":"https:\/\/dev.tg4.ie\/en\/#website","url":"https:\/\/dev.tg4.ie\/en\/","name":"TG4","description":"S\u00fail Eile","potentialAction":[{"@type":"SearchAction","target":{"@type":"EntryPoint","urlTemplate":"https:\/\/dev.tg4.ie\/en\/?s={search_term_string}"},"query-input":"required name=search_term_string"}],"inLanguage":"ga"}]}},"_links":{"self":[{"href":"https:\/\/dev.tg4.ie\/ga\/wp-json\/wp\/v2\/pages\/246191"}],"collection":[{"href":"https:\/\/dev.tg4.ie\/ga\/wp-json\/wp\/v2\/pages"}],"about":[{"href":"https:\/\/dev.tg4.ie\/ga\/wp-json\/wp\/v2\/types\/page"}],"author":[{"embeddable":true,"href":"https:\/\/dev.tg4.ie\/ga\/wp-json\/wp\/v2\/users\/876"}],"replies":[{"embeddable":true,"href":"https:\/\/dev.tg4.ie\/ga\/wp-json\/wp\/v2\/comments?post=246191"}],"version-history":[{"count":0,"href":"https:\/\/dev.tg4.ie\/ga\/wp-json\/wp\/v2\/pages\/246191\/revisions"}],"up":[{"embeddable":true,"href":"https:\/\/dev.tg4.ie\/ga\/wp-json\/wp\/v2\/pages\/236807"}],"wp:attachment":[{"href":"https:\/\/dev.tg4.ie\/ga\/wp-json\/wp\/v2\/media?parent=246191"}],"curies":[{"name":"wp","href":"https:\/\/api.w.org\/{rel}","templated":true}]}}