{"id":246458,"date":"2025-06-16T14:15:54","date_gmt":"2025-06-16T13:15:54","guid":{"rendered":"https:\/\/dev.tg4.ie\/?page_id=246458"},"modified":"2025-06-16T14:15:54","modified_gmt":"2025-06-16T13:15:54","slug":"cludach-ar-leoin-na-breataine-agus-na-heireann-in-aghaidh-na-hairgintine-fogartha-ag-tg4","status":"publish","type":"page","link":"https:\/\/dev.tg4.ie\/ga\/eolas\/preas\/nuacht-raitis\/2025-2\/cludach-ar-leoin-na-breataine-agus-na-heireann-in-aghaidh-na-hairgintine-fogartha-ag-tg4\/","title":{"rendered":"Cl\u00fadach ar Leoin na Breataine agus na h\u00c9ireann in aghaidh na hAirgint\u00edne f\u00f3gartha ag TG4"},"content":{"rendered":"<p><img loading=\"lazy\" decoding=\"async\" width=\"1920\" height=\"1080\" src=\"https:\/\/tg4-docs.s3.amazonaws.com\/wp-content\/uploads\/2025\/05\/28145643\/Lions_1_1920x1080.jpg\" alt=\"\" class=\"alignright size-full wp-image-245744\" srcset=\"https:\/\/tg4-docs.s3.amazonaws.com\/wp-content\/uploads\/2025\/05\/28145643\/Lions_1_1920x1080.jpg 1920w, https:\/\/tg4-docs.s3.amazonaws.com\/wp-content\/uploads\/2025\/05\/28145643\/Lions_1_1920x1080-250x141.jpg 250w, https:\/\/tg4-docs.s3.amazonaws.com\/wp-content\/uploads\/2025\/05\/28145643\/Lions_1_1920x1080-700x394.jpg 700w, https:\/\/tg4-docs.s3.amazonaws.com\/wp-content\/uploads\/2025\/05\/28145643\/Lions_1_1920x1080-252x141.jpg 252w, https:\/\/tg4-docs.s3.amazonaws.com\/wp-content\/uploads\/2025\/05\/28145643\/Lions_1_1920x1080-1536x864.jpg 1536w, https:\/\/tg4-docs.s3.amazonaws.com\/wp-content\/uploads\/2025\/05\/28145643\/Lions_1_1920x1080-120x68.jpg 120w\" sizes=\"(max-width: 1920px) 100vw, 1920px\" \/><br \/>\n&nbsp;<br \/>\n<iframe loading=\"lazy\" width=\"560\" height=\"315\" src=\"https:\/\/www.youtube.com\/embed\/BAWGmPBQhQk\" title=\"YouTube video player\" frameborder=\"0\" allow=\"accelerometer; autoplay; clipboard-write; encrypted-media; gyroscope; picture-in-picture; web-share\" referrerpolicy=\"strict-origin-when-cross-origin\" allowfullscreen><\/iframe><br \/>\n&nbsp;<br \/>\nComhl\u00e9iri\u00fa ollmh\u00f3r i gcomhph\u00e1irt\u00edocht le S4C inar gcraolfar an ch\u00e9ad chluiche beo agus saor go haer.<br \/>\n&nbsp;<\/p>\n<p>TG4 a chraolfaidh cluiche camchuairte na Breataine agus na h\u00c9ireann i gcoinne na hAirgint\u00edne i mbliana. Cl\u00fadach eisiach beo saor go haer a bheidh ann den ch\u00e9ad chluiche \u00f3 Chamchuairt Leoin na Breataine agus na h\u00c9ireann i gcomhl\u00e9iri\u00fa stairi\u00fail i gcomhph\u00e1irt\u00edocht le S4C.<br \/>\n&nbsp;<\/p>\n<p>Tiocfaidh TG4 agus S4C le ch\u00e9ile chun cl\u00fadach saor go haer a chur ar f\u00e1il de ch\u00e9ad chluiche riamh na Leon in \u00c9irinn, mar aon leis an gc\u00e9ad chomhl\u00e9iri\u00fa idir an d\u00e1 chraolt\u00f3ir seirbh\u00edse poibl\u00ed a chur ar f\u00e1il.<br \/>\n&nbsp;<\/p>\n<p>Beidh c\u00e9ad chluiche de chamchuairt 2025 ar si\u00fal i Staid Aviva i mBaile \u00c1tha Cliath D\u00e9 hAoine an 20 Meitheamh ar 20:00 nuair a thabharfaidh na Leoin aghaidh ar fhoireann na hAirgint\u00edne a bhain an babhta leathcheannais amach i gCorn an Domhain.<br \/>\n&nbsp;<\/p>\n<p>Craolfar an cluiche, an ch\u00e9ad chluiche i gcamchuairt na Leon faoi sti\u00fair an Ch\u00f3itse\u00e1la\u00ed Andy Farrell, beo agus saor go haer go heisiach ar TG4 in \u00c9irinn agus ar S4C sa R\u00edocht Aontaithe. Tar \u00e9is chluiche Bhaile \u00c1tha Cliath, tabharfaidh na Leoin a n-aghaidh anonn go dt\u00ed an Astr\u00e1il don chamchuairt 9 gcluiche, lena n-\u00e1ir\u00edtear sraith 3 mh\u00f3rchluiche.<br \/>\n&nbsp;<\/p>\n<p>Is iad Gemma N\u00ed Chionnaith agus Cu\u00e1n \u00d3 Flatharta a chuirfidh cl\u00fadach TG4 i l\u00e1thair. Ina dteannta beidh pain\u00e9al saineolaithe a thabharfaidh l\u00e9argas ar leith ar an imirt agus a dh\u00e9anfaidh tr\u00e1chtaireacht ar fud ard\u00e1in uile TG4. IRIS Productions, comhlacht a fuair gradam \u00f3n Royal Television Society, a bheidh i mbun l\u00e9iri\u00fach\u00e1in.<br \/>\n&nbsp;<\/p>\n<p>D\u00fairt <strong>R\u00f3n\u00e1n \u00d3 Coisdealbha, Ceannasa\u00ed Sp\u00f3irt, TG4<\/strong>:<br \/>\n<em>&#8220;T\u00e1 r\u00edm\u00e9ad ar TG4 a bheith p\u00e1irteach i gcluiche Leoin na Breataine agus na h\u00c9ireann a bheidh ar si\u00fal ar an 20 Meitheamh. T\u00e1imid ag s\u00fail le bheith ag obair go dl\u00fath len\u00e1r gcomhph\u00e1irtithe in S4C chun cl\u00fadach eisceacht\u00fail f\u00e9achana a chur ar f\u00e1il ar an teilif\u00eds agus ar l\u00edne. Is iontach an deis \u00e9 seo chun rugba\u00ed ar leibh\u00e9al ard a thaispe\u00e1int agus an ceangal l\u00e1idir idir \u00e1r n\u00e1isi\u00fain a cheili\u00faradh tr\u00edd an sp\u00f3rt.\u201d<\/em><br \/>\n&nbsp;<\/p>\n<p>D\u00fairt <strong>Sue Butler, Ceann Sp\u00f3irt S4C<\/strong>:<br \/>\n<em>\u201cT\u00e1 r\u00edm\u00e9ad orainn an ch\u00e9ad chluiche de Chamchuairt Leon na Breataine agus na h\u00c9ireann 2025 a shaorchraoladh beo do lucht f\u00e9achana sa mBreatain Bheag agus ar fud na R\u00edochta Aontaithe ar S4C. Beidh an lucht f\u00e9achana in ann sult a bhaint freisin as buaicphoint\u00ed na gcluich\u00ed agus as anail\u00eds \u00f3 shaineolaithe ar an sp\u00f3rt gach uile thr\u00e1thn\u00f3na. Is cluiche stairi\u00fail a bheidh ann mar gurb \u00e9 an ch\u00e9ad uair \u00e9 a imreoidh na Leoin in \u00c9irinn agus t\u00e1 r\u00edm\u00e9ad orainn a bheith ag obair i dteannta \u00e1r bp\u00e1irtn\u00e9ir\u00ed TG4 chun \u00e9 a chraoladh. Nach iontach go deo an bealach \u00e9 le t\u00fas a chur le samhradh m\u00f3r rugba\u00ed ar S4C.\u201d<\/em><br \/>\n&nbsp;<\/p>\n<p>Is foireann rugba\u00ed aontaithe ar leith iad Leoin na Breataine agus na h\u00c9ireann ar a bhfuil imreoir\u00ed \u00f3 fhoirne n\u00e1isi\u00fanta na h\u00c9ireann, Shasana, na hAlban agus na Breataine Bige. Is foireann m\u00f3rchluich\u00ed iad na Leoin a thugann camchuairt gach ceithre bliana, iad ag babht\u00e1il idir an Astr\u00e1il, an Nua-Sh\u00e9alainn agus an Afraic Theas.   T\u00e1 t\u00fas \u00e1 chur le camchuairt na bliana seo agus clabhs\u00far curtha le feachtas ioma\u00edoch S\u00e9 N\u00e1isi\u00fan 2025, feachtas ina bhf\u00e9achann go leor de na himreoir\u00ed le h\u00e1it a bhaint amach ar scuad na Leon.<br \/>\n&nbsp;<\/p>\n<p>Beidh s\u00e9 mar aidhm ag an Astr\u00e1il lean\u00faint den dul chun cinn at\u00e1 d\u00e9anta acu faoi Joe Schmidt, a bheidh ag \u00e9ir\u00ed as tar \u00e9is na camchuairte, agus iad ag teacht chucu f\u00e9in i ndiaidh Chorn an Domhain 2023, com\u00f3rtas nach ndearna siad go maith ann, sula n-\u00f3st\u00e1lfaidh siad f\u00e9in Corn an Domhain in 2027.<br \/>\n&nbsp;<\/p>\n<p>Lean Sp\u00f3rt TG4 ar na me\u00e1in sh\u00f3isialta chun an t-eolas is d\u00e9ana\u00ed, r\u00e9amhamharc ar na cluich\u00ed agus \u00e1bhar eisiach a fh\u00e1il sula dtos\u00f3idh an cl\u00fadach ar Chamchuairt na Leon.<\/p>\n<p>&nbsp;<br \/>\n&nbsp;<\/p>\n","protected":false},"excerpt":{"rendered":"<p>&nbsp; &nbsp; Comhl\u00e9iri\u00fa ollmh\u00f3r i gcomhph\u00e1irt\u00edocht le S4C inar gcraolfar an ch\u00e9ad chluiche beo agus saor go haer. &nbsp; TG4 a chraolfaidh cluiche camchuairte na Breataine agus na h\u00c9ireann i gcoinne na hAirgint\u00edne i mbliana. Cl\u00fadach eisiach beo saor go haer a bheidh ann den ch\u00e9ad chluiche \u00f3 Chamchuairt Leoin na Breataine agus na h\u00c9ireann [&hellip;]<\/p>\n","protected":false},"author":876,"featured_media":0,"parent":236807,"menu_order":26,"comment_status":"closed","ping_status":"closed","template":"page-templates\/template-pr.php","meta":{"_acf_changed":false,"footnotes":""},"acf":[],"yoast_head":"<!-- This site is optimized with the Yoast SEO plugin v22.6 - https:\/\/yoast.com\/wordpress\/plugins\/seo\/ -->\n<title>Cl\u00fadach ar Leoin na Breataine agus na h\u00c9ireann in aghaidh na hAirgint\u00edne f\u00f3gartha ag TG4 | Preasr\u00e1iteas | TG4<\/title>\n<meta name=\"description\" content=\"TG4 a chraolfaidh cluiche camchuairte na Breataine agus na h\u00c9ireann i gcoinne na hAirgint\u00edne i mbliana. Cl\u00fadach eisiach beo saor go haer a bheidh ann den ch\u00e9ad chluiche \u00f3 Chamchuairt Leoin na Breataine agus na h\u00c9ireann i gcomhl\u00e9iri\u00fa stairi\u00fail i gcomhph\u00e1irt\u00edocht le S4C.\u00a0\" \/>\n<meta name=\"robots\" content=\"index, follow, max-snippet:-1, max-image-preview:large, max-video-preview:-1\" \/>\n<meta property=\"og:locale\" content=\"en_US\" \/>\n<meta property=\"og:type\" content=\"article\" \/>\n<meta property=\"og:title\" content=\"Cl\u00fadach ar Leoin na Breataine agus na h\u00c9ireann in aghaidh na hAirgint\u00edne f\u00f3gartha ag TG4 | Preasr\u00e1iteas | TG4\" \/>\n<meta property=\"og:description\" content=\"TG4 a chraolfaidh cluiche camchuairte na Breataine agus na h\u00c9ireann i gcoinne na hAirgint\u00edne i mbliana. Cl\u00fadach eisiach beo saor go haer a bheidh ann den ch\u00e9ad chluiche \u00f3 Chamchuairt Leoin na Breataine agus na h\u00c9ireann i gcomhl\u00e9iri\u00fa stairi\u00fail i gcomhph\u00e1irt\u00edocht le S4C.\u00a0\" \/>\n<meta property=\"og:url\" content=\"https:\/\/dev.tg4.ie\/ga\/eolas\/preas\/nuacht-raitis\/2025-2\/cludach-ar-leoin-na-breataine-agus-na-heireann-in-aghaidh-na-hairgintine-fogartha-ag-tg4\/\" \/>\n<meta property=\"og:site_name\" content=\"TG4\" \/>\n<meta property=\"article:publisher\" content=\"https:\/\/www.facebook.com\/TG4TV\" \/>\n<meta property=\"og:image\" content=\"https:\/\/tg4-docs.s3.amazonaws.com\/wp-content\/uploads\/2025\/05\/28145643\/Lions_1_1920x1080.jpg\" \/>\n\t<meta property=\"og:image:width\" content=\"1920\" \/>\n\t<meta property=\"og:image:height\" content=\"1080\" \/>\n\t<meta property=\"og:image:type\" content=\"image\/jpeg\" \/>\n<meta name=\"twitter:card\" content=\"summary_large_image\" \/>\n<meta name=\"twitter:image\" content=\"https:\/\/tg4-docs.s3.amazonaws.com\/wp-content\/uploads\/2025\/05\/28145643\/Lions_1_1920x1080.jpg\" \/>\n<meta name=\"twitter:site\" content=\"@TG4TV\" \/>\n<meta name=\"twitter:label1\" content=\"Est. reading time\" \/>\n\t<meta name=\"twitter:data1\" content=\"3 minutes\" \/>\n<script type=\"application\/ld+json\" class=\"yoast-schema-graph\">{\"@context\":\"https:\/\/schema.org\",\"@graph\":[{\"@type\":\"WebPage\",\"@id\":\"https:\/\/dev.tg4.ie\/ga\/eolas\/preas\/nuacht-raitis\/2025-2\/cludach-ar-leoin-na-breataine-agus-na-heireann-in-aghaidh-na-hairgintine-fogartha-ag-tg4\/\",\"url\":\"https:\/\/dev.tg4.ie\/ga\/eolas\/preas\/nuacht-raitis\/2025-2\/cludach-ar-leoin-na-breataine-agus-na-heireann-in-aghaidh-na-hairgintine-fogartha-ag-tg4\/\",\"name\":\"Cl\u00fadach ar Leoin na Breataine agus na h\u00c9ireann in aghaidh na hAirgint\u00edne f\u00f3gartha ag TG4 | Preasr\u00e1iteas | TG4\",\"isPartOf\":{\"@id\":\"https:\/\/dev.tg4.ie\/en\/#website\"},\"primaryImageOfPage\":{\"@id\":\"https:\/\/dev.tg4.ie\/ga\/eolas\/preas\/nuacht-raitis\/2025-2\/cludach-ar-leoin-na-breataine-agus-na-heireann-in-aghaidh-na-hairgintine-fogartha-ag-tg4\/#primaryimage\"},\"image\":{\"@id\":\"https:\/\/dev.tg4.ie\/ga\/eolas\/preas\/nuacht-raitis\/2025-2\/cludach-ar-leoin-na-breataine-agus-na-heireann-in-aghaidh-na-hairgintine-fogartha-ag-tg4\/#primaryimage\"},\"thumbnailUrl\":\"https:\/\/dev.tg4.ie\/wp-content\/uploads\/2025\/05\/Lions_1_1920x1080.jpg\",\"datePublished\":\"2025-06-16T13:15:54+00:00\",\"dateModified\":\"2025-06-16T13:15:54+00:00\",\"description\":\"TG4 a chraolfaidh cluiche camchuairte na Breataine agus na h\u00c9ireann i gcoinne na hAirgint\u00edne i mbliana. Cl\u00fadach eisiach beo saor go haer a bheidh ann den ch\u00e9ad chluiche \u00f3 Chamchuairt Leoin na Breataine agus na h\u00c9ireann i gcomhl\u00e9iri\u00fa stairi\u00fail i gcomhph\u00e1irt\u00edocht le S4C.\u00a0\",\"breadcrumb\":{\"@id\":\"https:\/\/dev.tg4.ie\/ga\/eolas\/preas\/nuacht-raitis\/2025-2\/cludach-ar-leoin-na-breataine-agus-na-heireann-in-aghaidh-na-hairgintine-fogartha-ag-tg4\/#breadcrumb\"},\"inLanguage\":\"ga\",\"potentialAction\":[{\"@type\":\"ReadAction\",\"target\":[\"https:\/\/dev.tg4.ie\/ga\/eolas\/preas\/nuacht-raitis\/2025-2\/cludach-ar-leoin-na-breataine-agus-na-heireann-in-aghaidh-na-hairgintine-fogartha-ag-tg4\/\"]}]},{\"@type\":\"ImageObject\",\"inLanguage\":\"ga\",\"@id\":\"https:\/\/dev.tg4.ie\/ga\/eolas\/preas\/nuacht-raitis\/2025-2\/cludach-ar-leoin-na-breataine-agus-na-heireann-in-aghaidh-na-hairgintine-fogartha-ag-tg4\/#primaryimage\",\"url\":\"https:\/\/dev.tg4.ie\/wp-content\/uploads\/2025\/05\/Lions_1_1920x1080.jpg\",\"contentUrl\":\"https:\/\/dev.tg4.ie\/wp-content\/uploads\/2025\/05\/Lions_1_1920x1080.jpg\"},{\"@type\":\"BreadcrumbList\",\"@id\":\"https:\/\/dev.tg4.ie\/ga\/eolas\/preas\/nuacht-raitis\/2025-2\/cludach-ar-leoin-na-breataine-agus-na-heireann-in-aghaidh-na-hairgintine-fogartha-ag-tg4\/#breadcrumb\",\"itemListElement\":[{\"@type\":\"ListItem\",\"position\":1,\"name\":\"Home\",\"item\":\"https:\/\/dev.tg4.ie\/ga\/\"},{\"@type\":\"ListItem\",\"position\":2,\"name\":\"Eolas\",\"item\":\"https:\/\/dev.tg4.ie\/ga\/eolas\/\"},{\"@type\":\"ListItem\",\"position\":3,\"name\":\"Preas\",\"item\":\"https:\/\/dev.tg4.ie\/ga\/eolas\/preas\/\"},{\"@type\":\"ListItem\",\"position\":4,\"name\":\"Nuacht R\u00e1itis\",\"item\":\"https:\/\/dev.tg4.ie\/ga\/eolas\/preas\/nuacht-raitis\/\"},{\"@type\":\"ListItem\",\"position\":5,\"name\":\"2025\",\"item\":\"https:\/\/dev.tg4.ie\/ga\/eolas\/preas\/nuacht-raitis\/2025-2\/\"},{\"@type\":\"ListItem\",\"position\":6,\"name\":\"Cl\u00fadach ar Leoin na Breataine agus na h\u00c9ireann in aghaidh na hAirgint\u00edne f\u00f3gartha ag TG4\"}]},{\"@type\":\"WebSite\",\"@id\":\"https:\/\/dev.tg4.ie\/en\/#website\",\"url\":\"https:\/\/dev.tg4.ie\/en\/\",\"name\":\"TG4\",\"description\":\"S\u00fail Eile\",\"potentialAction\":[{\"@type\":\"SearchAction\",\"target\":{\"@type\":\"EntryPoint\",\"urlTemplate\":\"https:\/\/dev.tg4.ie\/en\/?s={search_term_string}\"},\"query-input\":\"required name=search_term_string\"}],\"inLanguage\":\"ga\"}]}<\/script>\n<!-- \/ Yoast SEO plugin. -->","yoast_head_json":{"title":"Cl\u00fadach ar Leoin na Breataine agus na h\u00c9ireann in aghaidh na hAirgint\u00edne f\u00f3gartha ag TG4 | Preasr\u00e1iteas | TG4","description":"TG4 a chraolfaidh cluiche camchuairte na Breataine agus na h\u00c9ireann i gcoinne na hAirgint\u00edne i mbliana. Cl\u00fadach eisiach beo saor go haer a bheidh ann den ch\u00e9ad chluiche \u00f3 Chamchuairt Leoin na Breataine agus na h\u00c9ireann i gcomhl\u00e9iri\u00fa stairi\u00fail i gcomhph\u00e1irt\u00edocht le S4C.\u00a0","robots":{"index":"index","follow":"follow","max-snippet":"max-snippet:-1","max-image-preview":"max-image-preview:large","max-video-preview":"max-video-preview:-1"},"og_locale":"en_US","og_type":"article","og_title":"Cl\u00fadach ar Leoin na Breataine agus na h\u00c9ireann in aghaidh na hAirgint\u00edne f\u00f3gartha ag TG4 | Preasr\u00e1iteas | TG4","og_description":"TG4 a chraolfaidh cluiche camchuairte na Breataine agus na h\u00c9ireann i gcoinne na hAirgint\u00edne i mbliana. Cl\u00fadach eisiach beo saor go haer a bheidh ann den ch\u00e9ad chluiche \u00f3 Chamchuairt Leoin na Breataine agus na h\u00c9ireann i gcomhl\u00e9iri\u00fa stairi\u00fail i gcomhph\u00e1irt\u00edocht le S4C.\u00a0","og_url":"https:\/\/dev.tg4.ie\/ga\/eolas\/preas\/nuacht-raitis\/2025-2\/cludach-ar-leoin-na-breataine-agus-na-heireann-in-aghaidh-na-hairgintine-fogartha-ag-tg4\/","og_site_name":"TG4","article_publisher":"https:\/\/www.facebook.com\/TG4TV","og_image":[{"width":1920,"height":1080,"url":"https:\/\/tg4-docs.s3.amazonaws.com\/wp-content\/uploads\/2025\/05\/28145643\/Lions_1_1920x1080.jpg","type":"image\/jpeg"}],"twitter_card":"summary_large_image","twitter_image":"https:\/\/tg4-docs.s3.amazonaws.com\/wp-content\/uploads\/2025\/05\/28145643\/Lions_1_1920x1080.jpg","twitter_site":"@TG4TV","twitter_misc":{"Est. reading time":"3 minutes"},"schema":{"@context":"https:\/\/schema.org","@graph":[{"@type":"WebPage","@id":"https:\/\/dev.tg4.ie\/ga\/eolas\/preas\/nuacht-raitis\/2025-2\/cludach-ar-leoin-na-breataine-agus-na-heireann-in-aghaidh-na-hairgintine-fogartha-ag-tg4\/","url":"https:\/\/dev.tg4.ie\/ga\/eolas\/preas\/nuacht-raitis\/2025-2\/cludach-ar-leoin-na-breataine-agus-na-heireann-in-aghaidh-na-hairgintine-fogartha-ag-tg4\/","name":"Cl\u00fadach ar Leoin na Breataine agus na h\u00c9ireann in aghaidh na hAirgint\u00edne f\u00f3gartha ag TG4 | Preasr\u00e1iteas | TG4","isPartOf":{"@id":"https:\/\/dev.tg4.ie\/en\/#website"},"primaryImageOfPage":{"@id":"https:\/\/dev.tg4.ie\/ga\/eolas\/preas\/nuacht-raitis\/2025-2\/cludach-ar-leoin-na-breataine-agus-na-heireann-in-aghaidh-na-hairgintine-fogartha-ag-tg4\/#primaryimage"},"image":{"@id":"https:\/\/dev.tg4.ie\/ga\/eolas\/preas\/nuacht-raitis\/2025-2\/cludach-ar-leoin-na-breataine-agus-na-heireann-in-aghaidh-na-hairgintine-fogartha-ag-tg4\/#primaryimage"},"thumbnailUrl":"https:\/\/dev.tg4.ie\/wp-content\/uploads\/2025\/05\/Lions_1_1920x1080.jpg","datePublished":"2025-06-16T13:15:54+00:00","dateModified":"2025-06-16T13:15:54+00:00","description":"TG4 a chraolfaidh cluiche camchuairte na Breataine agus na h\u00c9ireann i gcoinne na hAirgint\u00edne i mbliana. Cl\u00fadach eisiach beo saor go haer a bheidh ann den ch\u00e9ad chluiche \u00f3 Chamchuairt Leoin na Breataine agus na h\u00c9ireann i gcomhl\u00e9iri\u00fa stairi\u00fail i gcomhph\u00e1irt\u00edocht le S4C.\u00a0","breadcrumb":{"@id":"https:\/\/dev.tg4.ie\/ga\/eolas\/preas\/nuacht-raitis\/2025-2\/cludach-ar-leoin-na-breataine-agus-na-heireann-in-aghaidh-na-hairgintine-fogartha-ag-tg4\/#breadcrumb"},"inLanguage":"ga","potentialAction":[{"@type":"ReadAction","target":["https:\/\/dev.tg4.ie\/ga\/eolas\/preas\/nuacht-raitis\/2025-2\/cludach-ar-leoin-na-breataine-agus-na-heireann-in-aghaidh-na-hairgintine-fogartha-ag-tg4\/"]}]},{"@type":"ImageObject","inLanguage":"ga","@id":"https:\/\/dev.tg4.ie\/ga\/eolas\/preas\/nuacht-raitis\/2025-2\/cludach-ar-leoin-na-breataine-agus-na-heireann-in-aghaidh-na-hairgintine-fogartha-ag-tg4\/#primaryimage","url":"https:\/\/dev.tg4.ie\/wp-content\/uploads\/2025\/05\/Lions_1_1920x1080.jpg","contentUrl":"https:\/\/dev.tg4.ie\/wp-content\/uploads\/2025\/05\/Lions_1_1920x1080.jpg"},{"@type":"BreadcrumbList","@id":"https:\/\/dev.tg4.ie\/ga\/eolas\/preas\/nuacht-raitis\/2025-2\/cludach-ar-leoin-na-breataine-agus-na-heireann-in-aghaidh-na-hairgintine-fogartha-ag-tg4\/#breadcrumb","itemListElement":[{"@type":"ListItem","position":1,"name":"Home","item":"https:\/\/dev.tg4.ie\/ga\/"},{"@type":"ListItem","position":2,"name":"Eolas","item":"https:\/\/dev.tg4.ie\/ga\/eolas\/"},{"@type":"ListItem","position":3,"name":"Preas","item":"https:\/\/dev.tg4.ie\/ga\/eolas\/preas\/"},{"@type":"ListItem","position":4,"name":"Nuacht R\u00e1itis","item":"https:\/\/dev.tg4.ie\/ga\/eolas\/preas\/nuacht-raitis\/"},{"@type":"ListItem","position":5,"name":"2025","item":"https:\/\/dev.tg4.ie\/ga\/eolas\/preas\/nuacht-raitis\/2025-2\/"},{"@type":"ListItem","position":6,"name":"Cl\u00fadach ar Leoin na Breataine agus na h\u00c9ireann in aghaidh na hAirgint\u00edne f\u00f3gartha ag TG4"}]},{"@type":"WebSite","@id":"https:\/\/dev.tg4.ie\/en\/#website","url":"https:\/\/dev.tg4.ie\/en\/","name":"TG4","description":"S\u00fail Eile","potentialAction":[{"@type":"SearchAction","target":{"@type":"EntryPoint","urlTemplate":"https:\/\/dev.tg4.ie\/en\/?s={search_term_string}"},"query-input":"required name=search_term_string"}],"inLanguage":"ga"}]}},"_links":{"self":[{"href":"https:\/\/dev.tg4.ie\/ga\/wp-json\/wp\/v2\/pages\/246458"}],"collection":[{"href":"https:\/\/dev.tg4.ie\/ga\/wp-json\/wp\/v2\/pages"}],"about":[{"href":"https:\/\/dev.tg4.ie\/ga\/wp-json\/wp\/v2\/types\/page"}],"author":[{"embeddable":true,"href":"https:\/\/dev.tg4.ie\/ga\/wp-json\/wp\/v2\/users\/876"}],"replies":[{"embeddable":true,"href":"https:\/\/dev.tg4.ie\/ga\/wp-json\/wp\/v2\/comments?post=246458"}],"version-history":[{"count":0,"href":"https:\/\/dev.tg4.ie\/ga\/wp-json\/wp\/v2\/pages\/246458\/revisions"}],"up":[{"embeddable":true,"href":"https:\/\/dev.tg4.ie\/ga\/wp-json\/wp\/v2\/pages\/236807"}],"wp:attachment":[{"href":"https:\/\/dev.tg4.ie\/ga\/wp-json\/wp\/v2\/media?parent=246458"}],"curies":[{"name":"wp","href":"https:\/\/api.w.org\/{rel}","templated":true}]}}