{"id":246513,"date":"2025-06-23T09:19:18","date_gmt":"2025-06-23T08:19:18","guid":{"rendered":"https:\/\/dev.tg4.ie\/eolas\/preas\/nuacht-raitis\/2025-2\/cludach-ar-leoin-na-breataine-agus-na-heireann-in-aghaidh-na-hairgintine-fogartha-ag-tg4-2\/"},"modified":"2025-07-11T11:36:46","modified_gmt":"2025-07-11T10:36:46","slug":"clair-faisneise-de-chuid-tg4-a-dtaispeaint-ag-docs-ireland-i-mbeal-feirste","status":"publish","type":"page","link":"https:\/\/dev.tg4.ie\/ga\/eolas\/preas\/nuacht-raitis\/2025-2\/clair-faisneise-de-chuid-tg4-a-dtaispeaint-ag-docs-ireland-i-mbeal-feirste\/","title":{"rendered":"Cl\u00e1ir Faisn\u00e9ise de chuid TG4 \u00e1 dTaispe\u00e1int ag Docs Ireland i mB\u00e9al Feirste"},"content":{"rendered":"<p>T\u00e1 dh\u00e1 cl\u00e1r faisn\u00e9is de chuid TG4 \u00e1 dtaispe\u00e1int ag Docs \u00c9ireann na bliana seo at\u00e1 ar si\u00fal faoi l\u00e1thair i mB\u00e9al Feirste.<br \/>\nIs iad <strong>Ag Taisteal Siar<\/strong> agus <strong>David Keenan &#8211; Focla Ar Chanbh\u00e1s<\/strong> na cl\u00e1ir at\u00e1 i gceist.  <\/p>\n<p>&nbsp;<br \/>\n<img decoding=\"async\" src=\"https:\/\/res.cloudinary.com\/dfwshshcn\/image\/upload\/v1750669466\/Ag_Taisteal_Siar_-_Sarah_Dunne_xbrnev.jpg\" alt=\"Ag Taisteal Siar - Sarah Dunne\" \/><\/p>\n<p>&nbsp;<br \/>\nPl\u00e9itear sa chl\u00e1r <strong>Ag Taisteal Siar<\/strong> oidhreacht shaibhir cheoil Lucht Si\u00fail na h\u00c9ireann, a bh\u00ed ina gceannr\u00f3daithe i gceol na h\u00c9ireann \u00f3 r\u00e9imse na mbail\u00e9ad sna 1960\u00ed. Beidh an cl\u00e1r \u00e1 thaispe\u00e1int i gCult\u00farlann McAdam \u00d3 Fiach ag 7pm D\u00e9 Luain an 23 Meitheamh. <\/p>\n<p>&nbsp;<br \/>\nBeidh ceol cumhachtach agus agallaimh sa chl\u00e1r le <strong>Kathleen Keenan, Sarah Dunne, Sharyn Ward, Niamh Dunne agus Steo Wall<\/strong>, mar aon le bunfhil\u00edocht at\u00e1 scr\u00edofa <strong>Martin Warde<\/strong>. Mar a deir <strong>Steo Wall<\/strong>, <em>\u201cTuigtear do dhaoine anois de r\u00e9ir a ch\u00e9ile an tionchar a bh\u00ed ag an Lucht Si\u00fail ar cheol agus ar chult\u00far na h\u00c9ireann.\u201d<\/em><\/p>\n<p>&nbsp;<br \/>\nTabharfar \u00f3m\u00f3s sa chl\u00e1r do laochra ar n\u00f3s <strong>Pecker Dunne, Na Dearth\u00e1ireacha Doran<\/strong> agus <strong>Maggie Barry<\/strong>, agus beidh machnamh ann \u00f3 cheolt\u00f3ir\u00ed amhail <strong>Damien Dempsey<\/strong> agus <strong>Liam \u00d3 Maonla\u00ed<\/strong>. Nochtar sa chl\u00e1r faisn\u00e9ise seo oidhreacht a bhfuil neamart air le fada ach at\u00e1 fite fuaite i bhf\u00e9ini\u00falacht chult\u00fair na nGael. Arna l\u00e9iri\u00fa ag DoubleBand Films le maoini\u00fa \u00f3 TG4 \/ CNAM \/ An Comhairle Eala\u00edon \u00a0\/ An Ciste Craolt\u00f3ireachta Gaeilge. <\/p>\n<p>&nbsp;<br \/>\n<img decoding=\"async\" src=\"https:\/\/res.cloudinary.com\/dfwshshcn\/image\/upload\/v1750669500\/David_Keenan_Focla_ar_Chanbha%CC%81s_eqq2cj.jpg\" alt=\"David Keenan Focla ar Chanbh\u00e1s\" \/><br \/>\n&nbsp;<\/p>\n<p>Taispe\u00e1nfar <strong>David Keenan &#8211; Focla Ar Chanbh\u00e1s<\/strong> D\u00e9ardaoin an 26 Meitheamh ag 6.30pm sa Oh Yeah! Music Centre. Ceithre bliana i ndiaidh d\u00f3 a ch\u00e9ad albam Beginner\u2019s Guide to Bravery a eisi\u00faint, t\u00e1 an t-amhr\u00e1na\u00ed, ceolt\u00f3ir agus cumad\u00f3ir \u00f3 Dh\u00fan Dealgan, David Keenan, ag crosbh\u00f3thar. Tar \u00e9is d\u00f3 camchuairt fhairsing a dh\u00e9anamh agus c\u00e1il a bhaint amach mar dhuine de na taibheoir\u00ed beo is sp\u00e9isi\u00fala in \u00c9irinn, filleann s\u00e9 anois ar an sti\u00faideo chun ceol nua a thaifeadadh. <em>\u201cIs furasta fearg a l\u00e9iri\u00fa, is \u00e9 an gort\u00fa at\u00e1 deacair\u201d<\/em>, a deir s\u00e9, agus muid ag scagadh chumad\u00f3ireacht David thar thr\u00e9imhse 500 l\u00e1.<\/p>\n<p>&nbsp;<br \/>\nPortr\u00e1id \u00ed seo d\u2019eala\u00edont\u00f3ir amh\u00e1in agus \u00e9 ina fhear \u00f3g, ach is portr\u00e1id \u00ed seo de gach uile eala\u00edont\u00f3ir ceoil agus iad ar a nd\u00edcheall dul in aghaidh an algartaim, agus fanacht d\u00edlis d\u00f3ibh f\u00e9in agus d\u00e1 ngairm ar bhealach cumhachtach. L\u00e9iri\u00fa le Tua Films le maoini\u00fa \u00f3 TG4 agus \u00f3n gComhairle Eala\u00edon faoin sc\u00e9im IlD\u00e1na.<\/p>\n<p>&nbsp;<br \/>\nBeidh an sti\u00farth\u00f3ir Paddy Hayes agus David Keenan i l\u00e1thair ag seisi\u00fain ceisteanna &#038; freagra\u00ed tar \u00e9is an scann\u00e1in.\u00a0<\/p>\n<p>&nbsp;<br \/>\n<img decoding=\"async\" src=\"https:\/\/res.cloudinary.com\/dfwshshcn\/image\/upload\/v1750668553\/Megan%20Nic%20Ruair%C3%AD%20agus%20David%20Keenan.jpg\" alt=\"Megan Nic Ruair\u00ed agus David Keenan\" \/><\/p>\n<p>&nbsp;<\/p>\n<p>&nbsp;<\/p>\n<p>&nbsp;<br \/>\n&nbsp;<\/p>\n","protected":false},"excerpt":{"rendered":"<p>T\u00e1 dh\u00e1 cl\u00e1r faisn\u00e9is de chuid TG4 \u00e1 dtaispe\u00e1int ag Docs \u00c9ireann na bliana seo at\u00e1 ar si\u00fal faoi l\u00e1thair i mB\u00e9al Feirste. Is iad Ag Taisteal Siar agus David Keenan &#8211; Focla Ar Chanbh\u00e1s na cl\u00e1ir at\u00e1 i gceist. &nbsp; &nbsp; Pl\u00e9itear sa chl\u00e1r Ag Taisteal Siar oidhreacht shaibhir cheoil Lucht Si\u00fail na h\u00c9ireann, [&hellip;]<\/p>\n","protected":false},"author":876,"featured_media":0,"parent":236807,"menu_order":27,"comment_status":"closed","ping_status":"closed","template":"page-templates\/template-pr.php","meta":{"_acf_changed":false,"footnotes":""},"acf":[],"yoast_head":"<!-- This site is optimized with the Yoast SEO plugin v22.6 - https:\/\/yoast.com\/wordpress\/plugins\/seo\/ -->\n<title>Cl\u00e1ir Faisn\u00e9ise de chuid TG4 \u00e1 dTaispe\u00e1int ag Docs Ireland i mB\u00e9al Feirste | Preasr\u00e1iteas | TG4<\/title>\n<meta name=\"description\" content=\"T\u00e1 dh\u00e1 cl\u00e1r faisn\u00e9is de chuid TG4 \u00e1 dtaispe\u00e1int ag Docs \u00c9ireann na bliana seo at\u00e1 ar si\u00fal faoi l\u00e1thair i mB\u00e9al Feirste.Is iad Ag Taisteal Siar agus David Keenan - Focla Ar Chanbh\u00e1s na cl\u00e1ir at\u00e1 i gceist.\" \/>\n<meta name=\"robots\" content=\"index, follow, max-snippet:-1, max-image-preview:large, max-video-preview:-1\" \/>\n<meta property=\"og:locale\" content=\"en_US\" \/>\n<meta property=\"og:type\" content=\"article\" \/>\n<meta property=\"og:title\" content=\"Cl\u00e1ir Faisn\u00e9ise de chuid TG4 \u00e1 dTaispe\u00e1int ag Docs Ireland i mB\u00e9al Feirste | Preasr\u00e1iteas | TG4\" \/>\n<meta property=\"og:description\" content=\"T\u00e1 dh\u00e1 cl\u00e1r faisn\u00e9is de chuid TG4 \u00e1 dtaispe\u00e1int ag Docs \u00c9ireann na bliana seo at\u00e1 ar si\u00fal faoi l\u00e1thair i mB\u00e9al Feirste.Is iad Ag Taisteal Siar agus David Keenan - Focla Ar Chanbh\u00e1s na cl\u00e1ir at\u00e1 i gceist.\" \/>\n<meta property=\"og:url\" content=\"https:\/\/dev.tg4.ie\/ga\/eolas\/preas\/nuacht-raitis\/2025-2\/clair-faisneise-de-chuid-tg4-a-dtaispeaint-ag-docs-ireland-i-mbeal-feirste\/\" \/>\n<meta property=\"og:site_name\" content=\"TG4\" \/>\n<meta property=\"article:publisher\" content=\"https:\/\/www.facebook.com\/TG4TV\" \/>\n<meta property=\"article:modified_time\" content=\"2025-07-11T10:36:46+00:00\" \/>\n<meta property=\"og:image\" content=\"https:\/\/res.cloudinary.com\/dfwshshcn\/image\/upload\/v1750669466\/Ag_Taisteal_Siar_-_Sarah_Dunne_xbrnev.jpg\" \/>\n<meta name=\"twitter:card\" content=\"summary_large_image\" \/>\n<meta name=\"twitter:site\" content=\"@TG4TV\" \/>\n<meta name=\"twitter:label1\" content=\"Est. reading time\" \/>\n\t<meta name=\"twitter:data1\" content=\"3 minutes\" \/>\n<script type=\"application\/ld+json\" class=\"yoast-schema-graph\">{\"@context\":\"https:\/\/schema.org\",\"@graph\":[{\"@type\":\"WebPage\",\"@id\":\"https:\/\/dev.tg4.ie\/ga\/eolas\/preas\/nuacht-raitis\/2025-2\/clair-faisneise-de-chuid-tg4-a-dtaispeaint-ag-docs-ireland-i-mbeal-feirste\/\",\"url\":\"https:\/\/dev.tg4.ie\/ga\/eolas\/preas\/nuacht-raitis\/2025-2\/clair-faisneise-de-chuid-tg4-a-dtaispeaint-ag-docs-ireland-i-mbeal-feirste\/\",\"name\":\"Cl\u00e1ir Faisn\u00e9ise de chuid TG4 \u00e1 dTaispe\u00e1int ag Docs Ireland i mB\u00e9al Feirste | Preasr\u00e1iteas | TG4\",\"isPartOf\":{\"@id\":\"https:\/\/dev.tg4.ie\/en\/#website\"},\"primaryImageOfPage\":{\"@id\":\"https:\/\/dev.tg4.ie\/ga\/eolas\/preas\/nuacht-raitis\/2025-2\/clair-faisneise-de-chuid-tg4-a-dtaispeaint-ag-docs-ireland-i-mbeal-feirste\/#primaryimage\"},\"image\":{\"@id\":\"https:\/\/dev.tg4.ie\/ga\/eolas\/preas\/nuacht-raitis\/2025-2\/clair-faisneise-de-chuid-tg4-a-dtaispeaint-ag-docs-ireland-i-mbeal-feirste\/#primaryimage\"},\"thumbnailUrl\":\"https:\/\/res.cloudinary.com\/dfwshshcn\/image\/upload\/v1750669466\/Ag_Taisteal_Siar_-_Sarah_Dunne_xbrnev.jpg\",\"datePublished\":\"2025-06-23T08:19:18+00:00\",\"dateModified\":\"2025-07-11T10:36:46+00:00\",\"description\":\"T\u00e1 dh\u00e1 cl\u00e1r faisn\u00e9is de chuid TG4 \u00e1 dtaispe\u00e1int ag Docs \u00c9ireann na bliana seo at\u00e1 ar si\u00fal faoi l\u00e1thair i mB\u00e9al Feirste.Is iad Ag Taisteal Siar agus David Keenan - Focla Ar Chanbh\u00e1s na cl\u00e1ir at\u00e1 i gceist.\",\"breadcrumb\":{\"@id\":\"https:\/\/dev.tg4.ie\/ga\/eolas\/preas\/nuacht-raitis\/2025-2\/clair-faisneise-de-chuid-tg4-a-dtaispeaint-ag-docs-ireland-i-mbeal-feirste\/#breadcrumb\"},\"inLanguage\":\"ga\",\"potentialAction\":[{\"@type\":\"ReadAction\",\"target\":[\"https:\/\/dev.tg4.ie\/ga\/eolas\/preas\/nuacht-raitis\/2025-2\/clair-faisneise-de-chuid-tg4-a-dtaispeaint-ag-docs-ireland-i-mbeal-feirste\/\"]}]},{\"@type\":\"ImageObject\",\"inLanguage\":\"ga\",\"@id\":\"https:\/\/dev.tg4.ie\/ga\/eolas\/preas\/nuacht-raitis\/2025-2\/clair-faisneise-de-chuid-tg4-a-dtaispeaint-ag-docs-ireland-i-mbeal-feirste\/#primaryimage\",\"url\":\"https:\/\/res.cloudinary.com\/dfwshshcn\/image\/upload\/v1750669466\/Ag_Taisteal_Siar_-_Sarah_Dunne_xbrnev.jpg\",\"contentUrl\":\"https:\/\/res.cloudinary.com\/dfwshshcn\/image\/upload\/v1750669466\/Ag_Taisteal_Siar_-_Sarah_Dunne_xbrnev.jpg\"},{\"@type\":\"BreadcrumbList\",\"@id\":\"https:\/\/dev.tg4.ie\/ga\/eolas\/preas\/nuacht-raitis\/2025-2\/clair-faisneise-de-chuid-tg4-a-dtaispeaint-ag-docs-ireland-i-mbeal-feirste\/#breadcrumb\",\"itemListElement\":[{\"@type\":\"ListItem\",\"position\":1,\"name\":\"Home\",\"item\":\"https:\/\/dev.tg4.ie\/ga\/\"},{\"@type\":\"ListItem\",\"position\":2,\"name\":\"Eolas\",\"item\":\"https:\/\/dev.tg4.ie\/ga\/eolas\/\"},{\"@type\":\"ListItem\",\"position\":3,\"name\":\"Preas\",\"item\":\"https:\/\/dev.tg4.ie\/ga\/eolas\/preas\/\"},{\"@type\":\"ListItem\",\"position\":4,\"name\":\"Nuacht R\u00e1itis\",\"item\":\"https:\/\/dev.tg4.ie\/ga\/eolas\/preas\/nuacht-raitis\/\"},{\"@type\":\"ListItem\",\"position\":5,\"name\":\"2025\",\"item\":\"https:\/\/dev.tg4.ie\/ga\/eolas\/preas\/nuacht-raitis\/2025-2\/\"},{\"@type\":\"ListItem\",\"position\":6,\"name\":\"Cl\u00e1ir Faisn\u00e9ise de chuid TG4 \u00e1 dTaispe\u00e1int ag Docs Ireland i mB\u00e9al Feirste\"}]},{\"@type\":\"WebSite\",\"@id\":\"https:\/\/dev.tg4.ie\/en\/#website\",\"url\":\"https:\/\/dev.tg4.ie\/en\/\",\"name\":\"TG4\",\"description\":\"S\u00fail Eile\",\"potentialAction\":[{\"@type\":\"SearchAction\",\"target\":{\"@type\":\"EntryPoint\",\"urlTemplate\":\"https:\/\/dev.tg4.ie\/en\/?s={search_term_string}\"},\"query-input\":\"required name=search_term_string\"}],\"inLanguage\":\"ga\"}]}<\/script>\n<!-- \/ Yoast SEO plugin. -->","yoast_head_json":{"title":"Cl\u00e1ir Faisn\u00e9ise de chuid TG4 \u00e1 dTaispe\u00e1int ag Docs Ireland i mB\u00e9al Feirste | Preasr\u00e1iteas | TG4","description":"T\u00e1 dh\u00e1 cl\u00e1r faisn\u00e9is de chuid TG4 \u00e1 dtaispe\u00e1int ag Docs \u00c9ireann na bliana seo at\u00e1 ar si\u00fal faoi l\u00e1thair i mB\u00e9al Feirste.Is iad Ag Taisteal Siar agus David Keenan - Focla Ar Chanbh\u00e1s na cl\u00e1ir at\u00e1 i gceist.","robots":{"index":"index","follow":"follow","max-snippet":"max-snippet:-1","max-image-preview":"max-image-preview:large","max-video-preview":"max-video-preview:-1"},"og_locale":"en_US","og_type":"article","og_title":"Cl\u00e1ir Faisn\u00e9ise de chuid TG4 \u00e1 dTaispe\u00e1int ag Docs Ireland i mB\u00e9al Feirste | Preasr\u00e1iteas | TG4","og_description":"T\u00e1 dh\u00e1 cl\u00e1r faisn\u00e9is de chuid TG4 \u00e1 dtaispe\u00e1int ag Docs \u00c9ireann na bliana seo at\u00e1 ar si\u00fal faoi l\u00e1thair i mB\u00e9al Feirste.Is iad Ag Taisteal Siar agus David Keenan - Focla Ar Chanbh\u00e1s na cl\u00e1ir at\u00e1 i gceist.","og_url":"https:\/\/dev.tg4.ie\/ga\/eolas\/preas\/nuacht-raitis\/2025-2\/clair-faisneise-de-chuid-tg4-a-dtaispeaint-ag-docs-ireland-i-mbeal-feirste\/","og_site_name":"TG4","article_publisher":"https:\/\/www.facebook.com\/TG4TV","article_modified_time":"2025-07-11T10:36:46+00:00","og_image":[{"url":"https:\/\/res.cloudinary.com\/dfwshshcn\/image\/upload\/v1750669466\/Ag_Taisteal_Siar_-_Sarah_Dunne_xbrnev.jpg"}],"twitter_card":"summary_large_image","twitter_site":"@TG4TV","twitter_misc":{"Est. reading time":"3 minutes"},"schema":{"@context":"https:\/\/schema.org","@graph":[{"@type":"WebPage","@id":"https:\/\/dev.tg4.ie\/ga\/eolas\/preas\/nuacht-raitis\/2025-2\/clair-faisneise-de-chuid-tg4-a-dtaispeaint-ag-docs-ireland-i-mbeal-feirste\/","url":"https:\/\/dev.tg4.ie\/ga\/eolas\/preas\/nuacht-raitis\/2025-2\/clair-faisneise-de-chuid-tg4-a-dtaispeaint-ag-docs-ireland-i-mbeal-feirste\/","name":"Cl\u00e1ir Faisn\u00e9ise de chuid TG4 \u00e1 dTaispe\u00e1int ag Docs Ireland i mB\u00e9al Feirste | Preasr\u00e1iteas | TG4","isPartOf":{"@id":"https:\/\/dev.tg4.ie\/en\/#website"},"primaryImageOfPage":{"@id":"https:\/\/dev.tg4.ie\/ga\/eolas\/preas\/nuacht-raitis\/2025-2\/clair-faisneise-de-chuid-tg4-a-dtaispeaint-ag-docs-ireland-i-mbeal-feirste\/#primaryimage"},"image":{"@id":"https:\/\/dev.tg4.ie\/ga\/eolas\/preas\/nuacht-raitis\/2025-2\/clair-faisneise-de-chuid-tg4-a-dtaispeaint-ag-docs-ireland-i-mbeal-feirste\/#primaryimage"},"thumbnailUrl":"https:\/\/res.cloudinary.com\/dfwshshcn\/image\/upload\/v1750669466\/Ag_Taisteal_Siar_-_Sarah_Dunne_xbrnev.jpg","datePublished":"2025-06-23T08:19:18+00:00","dateModified":"2025-07-11T10:36:46+00:00","description":"T\u00e1 dh\u00e1 cl\u00e1r faisn\u00e9is de chuid TG4 \u00e1 dtaispe\u00e1int ag Docs \u00c9ireann na bliana seo at\u00e1 ar si\u00fal faoi l\u00e1thair i mB\u00e9al Feirste.Is iad Ag Taisteal Siar agus David Keenan - Focla Ar Chanbh\u00e1s na cl\u00e1ir at\u00e1 i gceist.","breadcrumb":{"@id":"https:\/\/dev.tg4.ie\/ga\/eolas\/preas\/nuacht-raitis\/2025-2\/clair-faisneise-de-chuid-tg4-a-dtaispeaint-ag-docs-ireland-i-mbeal-feirste\/#breadcrumb"},"inLanguage":"ga","potentialAction":[{"@type":"ReadAction","target":["https:\/\/dev.tg4.ie\/ga\/eolas\/preas\/nuacht-raitis\/2025-2\/clair-faisneise-de-chuid-tg4-a-dtaispeaint-ag-docs-ireland-i-mbeal-feirste\/"]}]},{"@type":"ImageObject","inLanguage":"ga","@id":"https:\/\/dev.tg4.ie\/ga\/eolas\/preas\/nuacht-raitis\/2025-2\/clair-faisneise-de-chuid-tg4-a-dtaispeaint-ag-docs-ireland-i-mbeal-feirste\/#primaryimage","url":"https:\/\/res.cloudinary.com\/dfwshshcn\/image\/upload\/v1750669466\/Ag_Taisteal_Siar_-_Sarah_Dunne_xbrnev.jpg","contentUrl":"https:\/\/res.cloudinary.com\/dfwshshcn\/image\/upload\/v1750669466\/Ag_Taisteal_Siar_-_Sarah_Dunne_xbrnev.jpg"},{"@type":"BreadcrumbList","@id":"https:\/\/dev.tg4.ie\/ga\/eolas\/preas\/nuacht-raitis\/2025-2\/clair-faisneise-de-chuid-tg4-a-dtaispeaint-ag-docs-ireland-i-mbeal-feirste\/#breadcrumb","itemListElement":[{"@type":"ListItem","position":1,"name":"Home","item":"https:\/\/dev.tg4.ie\/ga\/"},{"@type":"ListItem","position":2,"name":"Eolas","item":"https:\/\/dev.tg4.ie\/ga\/eolas\/"},{"@type":"ListItem","position":3,"name":"Preas","item":"https:\/\/dev.tg4.ie\/ga\/eolas\/preas\/"},{"@type":"ListItem","position":4,"name":"Nuacht R\u00e1itis","item":"https:\/\/dev.tg4.ie\/ga\/eolas\/preas\/nuacht-raitis\/"},{"@type":"ListItem","position":5,"name":"2025","item":"https:\/\/dev.tg4.ie\/ga\/eolas\/preas\/nuacht-raitis\/2025-2\/"},{"@type":"ListItem","position":6,"name":"Cl\u00e1ir Faisn\u00e9ise de chuid TG4 \u00e1 dTaispe\u00e1int ag Docs Ireland i mB\u00e9al Feirste"}]},{"@type":"WebSite","@id":"https:\/\/dev.tg4.ie\/en\/#website","url":"https:\/\/dev.tg4.ie\/en\/","name":"TG4","description":"S\u00fail Eile","potentialAction":[{"@type":"SearchAction","target":{"@type":"EntryPoint","urlTemplate":"https:\/\/dev.tg4.ie\/en\/?s={search_term_string}"},"query-input":"required name=search_term_string"}],"inLanguage":"ga"}]}},"_links":{"self":[{"href":"https:\/\/dev.tg4.ie\/ga\/wp-json\/wp\/v2\/pages\/246513"}],"collection":[{"href":"https:\/\/dev.tg4.ie\/ga\/wp-json\/wp\/v2\/pages"}],"about":[{"href":"https:\/\/dev.tg4.ie\/ga\/wp-json\/wp\/v2\/types\/page"}],"author":[{"embeddable":true,"href":"https:\/\/dev.tg4.ie\/ga\/wp-json\/wp\/v2\/users\/876"}],"replies":[{"embeddable":true,"href":"https:\/\/dev.tg4.ie\/ga\/wp-json\/wp\/v2\/comments?post=246513"}],"version-history":[{"count":0,"href":"https:\/\/dev.tg4.ie\/ga\/wp-json\/wp\/v2\/pages\/246513\/revisions"}],"up":[{"embeddable":true,"href":"https:\/\/dev.tg4.ie\/ga\/wp-json\/wp\/v2\/pages\/236807"}],"wp:attachment":[{"href":"https:\/\/dev.tg4.ie\/ga\/wp-json\/wp\/v2\/media?parent=246513"}],"curies":[{"name":"wp","href":"https:\/\/api.w.org\/{rel}","templated":true}]}}