{"id":246533,"date":"2025-06-23T15:07:13","date_gmt":"2025-06-23T14:07:13","guid":{"rendered":"https:\/\/dev.tg4.ie\/eolas\/preas\/nuacht-raitis\/2025-2\/clair-faisneise-de-chuid-tg4-a-dtaispeaint-ag-docs-ireland-i-mbeal-feirste-2\/"},"modified":"2025-07-11T11:35:59","modified_gmt":"2025-07-11T10:35:59","slug":"tg4-chun-gach-ceim-de-tour-de-france-2025-a-chraoladh-beo","status":"publish","type":"page","link":"https:\/\/dev.tg4.ie\/ga\/eolas\/preas\/nuacht-raitis\/2025-2\/tg4-chun-gach-ceim-de-tour-de-france-2025-a-chraoladh-beo\/","title":{"rendered":"TG4 chun Gach C\u00e9im de Tour de France 2025 a Chraoladh Beo"},"content":{"rendered":"<p>T\u00e1 r\u00edm\u00e9ad ar TG4 a fh\u00f3gairt go gcraolfaidh s\u00e9 gach c\u00e9im de Tour de France 2025 beo, rud a chialla\u00edonn go mbeidh an t-imeacht rotha\u00edochta is m\u00f3 agus is c\u00e1ili\u00fala ar domhan \u00e1 chur ar f\u00e1il saor go haer do lucht f\u00e9achana na h\u00c9ireann \u00f3 th\u00fas go deireadh.<br \/>\n<img decoding=\"async\" src=\"https:\/\/res.cloudinary.com\/dfwshshcn\/image\/upload\/v1750693913\/TG4TDF_227_dugsjc.jpg\" alt=\"Foireann Tour de France TG4\" \/><br \/>\n&nbsp;<br \/>\nCuirfear t\u00fas leis an 112\u00fa eagr\u00e1n den Tour de France <strong>D\u00e9 Sathairn an 5 I\u00fail<\/strong> le l\u00fab 184km a thos\u00f3idh agus a chr\u00edochn\u00f3idh in <strong>Lille M\u00e9tropole<\/strong>, agus cuirfear clabhs\u00far ar an gcom\u00f3rtas <strong>D\u00e9 Domhnaigh an 27 I\u00fail<\/strong> nuair a thabharfar ar ais an ch\u00e9im dheireanach m\u00f3r le r\u00e1 ar an <strong>Champs-\u00c9lys\u00e9es<\/strong> i <strong>bP\u00e1ras<\/strong>, c\u00e9im nach raibh ann anuraidh de bharr go raibh Cluich\u00ed Oilimpeacha 2024 ar si\u00fal.<\/p>\n<p>&nbsp;<br \/>\nIs turas ar leith a bheidh i dturas na bliana seo de bharr go mbeidh an com\u00f3rtas ar fad ar si\u00fal san Fhrainc, rud nach bhfuil tarlaithe \u00f3n mbliain 2020. Ar feadh na <strong>21 ch\u00e9im<\/strong>, tabharfaidh na rothaithe faoi chine\u00e1lacha \u00e9ags\u00fala t\u00edr-raonta: <strong>7 gc\u00e9im r\u00e9idh, 6 ch\u00e9im sna cnoic, 6 ch\u00e9im sna sl\u00e9ibhte<\/strong> (lena n-\u00e1ir\u00edtear <strong>ch\u00faig cinn de na c\u00e9imeanna ag cr\u00edochn\u00fa ar bharr sl\u00e9ibhe<\/strong>), agus <strong>2 thriail ama<\/strong>, le <strong>dh\u00e1 l\u00e1 sosa<\/strong> ar an mbealach.<\/p>\n<p>&nbsp;<br \/>\nMar chuid de chl\u00fadach cuimsitheach TG4, craolfar gach c\u00e9im beo ar <strong>chain\u00e9al l\u00edneach TG4<\/strong>, ar <strong>Sheinnteoir TG4<\/strong>, agus ar <strong>Aip TG4<\/strong>, agus is iad an bheirt a bhfuil an-t\u00f3ir ag lucht lean\u00fana an Tour orthu, <strong>P\u00e1id\u00ed \u00d3 Lion\u00e1ird<\/strong> agus <strong>P\u00e1draic \u00d3 Cuinn<\/strong> a bheidh i mbun na tr\u00e1chtaireachta ar\u00eds i mbliana. Treor\u00f3idh an bheirt an lucht f\u00e9achana tr\u00ed gach casadh agus l\u00fabadh, tr\u00ed gach ard agus r\u00e1ib an peloton agus \u00e9 ag tabhairt faoi cheantair thuaithe, cathracha, ceantair le c\u00f3sta agus beanna Alpacha na Fraince<br \/>\n&nbsp;<\/p>\n<p>B\u00edodh t\u00fa ag lean\u00faint na rotha\u00edochta ar feadh do shaoil n\u00f3 ag f\u00e9achaint ar an gcom\u00f3rtas den ch\u00e9ad uair, cuirfidh TG4 bealach den scoth agus inrochtana ar f\u00e1il duit chun l\u00e1n na s\u00fal a bhaint as an s\u00e1rimeacht sp\u00f3irt seo. <\/p>\n<h3><strong>Tour de France 2025 \u2013 Sceideal na gCraolach\u00e1n ar TG4:<\/strong><\/h3>\n<table>\n<tr>\n<td><strong>D\u00e1ta<\/strong><\/td>\n<td><strong>C\u00e9im<\/strong><\/td>\n<td><strong>Bealach<\/strong><\/td>\n<td><strong>Ag Tos\u00fa<\/strong><\/td>\n<td><strong>Ag Cr\u00edochn\u00fa<\/strong><\/td>\n<td><strong>Ard\u00e1n<\/strong><\/td>\n<\/tr>\n<tr>\n<td>05\/07<\/td>\n<td>1<\/td>\n<td>Lille M\u00e9tropole > Lille M\u00e9tropole<\/td>\n<td>12:00<\/td>\n<td>17:15<\/td>\n<td>Aip &#038; Seinnteoir TG4<\/td>\n<\/tr>\n<tr>\n<td>06\/07<\/td>\n<td>2<\/td>\n<td>Lauwin-Planque > Boulogne-sur-Mer<\/td>\n<td>14:45<\/td>\n<td>17:10<\/td>\n<td>Beo ar TG4<\/td>\n<\/tr>\n<tr>\n<td>07\/07<\/td>\n<td>3<\/td>\n<td>Valenciennes > Dunkerque<\/td>\n<td>13:00<\/td>\n<td>17:00<\/td>\n<td>Beo ar TG4<\/td>\n<\/tr>\n<tr>\n<td>08\/07<\/td>\n<td>4<\/td>\n<td>Amiens M\u00e9tropole > Rouen<\/td>\n<td>12:05<\/td>\n<td>17:00<\/td>\n<td>Beo ar TG4<\/td>\n<\/tr>\n<tr>\n<td>09\/07<\/td>\n<td>5<\/td>\n<td>Caen > Caen (TT)<\/td>\n<td>12:00<\/td>\n<td>17:10<\/td>\n<td>Beo ar TG4<\/td>\n<\/tr>\n<tr>\n<td>10\/07<\/td>\n<td>6<\/td>\n<td>Bayeux > Vire Normandie<\/td>\n<td>13:00<\/td>\n<td>16:55<\/td>\n<td>Beo ar TG4<\/td>\n<\/tr>\n<tr>\n<td>11\/07<\/td>\n<td>7<\/td>\n<td>Saint-Malo > M\u00fbr-de-Bretagne Guerl\u00e9dan<\/td>\n<td>11:00<\/td>\n<td>16:30<\/td>\n<td>Beo ar TG4<\/td>\n<\/tr>\n<tr>\n<td>12\/07<\/td>\n<td>8<\/td>\n<td>Saint-M\u00e9en-le-Grand > Laval Espace Mayenne<\/td>\n<td>13:00<\/td>\n<td>16:45<\/td>\n<td>Beo ar TG4<\/td>\n<\/tr>\n<tr>\n<td>13\/07<\/td>\n<td>9<\/td>\n<td>Chinon > Ch\u00e2teauroux<\/td>\n<td>12:00<\/td>\n<td>16:45<\/td>\n<td>Beo ar TG4<\/td>\n<\/tr>\n<tr>\n<td>14\/07<\/td>\n<td>10<\/td>\n<td>Ennezat > Le Mont-Dore Puy de Sancy<\/td>\n<td>12:00<\/td>\n<td>17:05<\/td>\n<td>Beo ar TG4<\/td>\n<\/tr>\n<tr>\n<td>15\/07<\/td>\n<td>L\u00c1 SOSA<\/td>\n<td><\/td>\n<td><\/td>\n<td><\/td>\n<td><\/td>\n<\/tr>\n<tr>\n<td>16\/07<\/td>\n<td>11<\/td>\n<td>Toulouse > Toulouse<\/td>\n<td>12:05<\/td>\n<td>16:40<\/td>\n<td>Beo ar TG4<\/td>\n<\/tr>\n<tr>\n<td>17\/07<\/td>\n<td>12<\/td>\n<td>Auch > Hautacam<\/td>\n<td>13:00<\/td>\n<td>17:25<\/td>\n<td>Beo ar TG4<\/td>\n<\/tr>\n<tr>\n<td>18\/07<\/td>\n<td>13<\/td>\n<td>Loudenvielle > Peyragudes (TT)<\/td>\n<td>12:00<\/td>\n<td>17:00<\/td>\n<td>Beo ar TG4<\/td>\n<\/tr>\n<tr>\n<td>19\/07<\/td>\n<td>14<\/td>\n<td>Pau > Luchon-Superbagn\u00e8res<\/td>\n<td>11:30<\/td>\n<td>17:00<\/td>\n<td>Beo ar TG4<\/td>\n<\/tr>\n<tr>\n<td>20\/07<\/td>\n<td>15<\/td>\n<td>Muret > Carcassonne<\/td>\n<td>12:05<\/td>\n<td>16:45<\/td>\n<td>Beo ar TG4<\/td>\n<\/tr>\n<tr>\n<td>21\/07<\/td>\n<td>L\u00c1 SOSA<\/td>\n<td><\/td>\n<td><\/td>\n<td><\/td>\n<td><\/td>\n<\/tr>\n<tr>\n<td>22\/07<\/td>\n<td>16<\/td>\n<td>Montpellier > Mont Ventoux<\/td>\n<td>11:00<\/td>\n<td>16:30<\/td>\n<td>Beo ar TG4<\/td>\n<\/tr>\n<tr>\n<td>23\/07<\/td>\n<td>17<\/td>\n<td>Boll\u00e8ne > Valence<\/td>\n<td>13:00<\/td>\n<td>16:50<\/td>\n<td>Beo ar TG4<\/td>\n<\/tr>\n<tr>\n<td>24\/07<\/td>\n<td>18<\/td>\n<td>Vif > Courchevel Col de la Loze<\/td>\n<td>12:00<\/td>\n<td>17:05<\/td>\n<td>Beo ar TG4<\/td>\n<\/tr>\n<tr>\n<td>25\/07<\/td>\n<td>19<\/td>\n<td>Albertville > La Plagne<\/td>\n<td>12:15<\/td>\n<td>17:00<\/td>\n<td>Beo ar TG4<\/td>\n<\/tr>\n<tr>\n<td>26\/07<\/td>\n<td>20<\/td>\n<td>Nantua > Pontarlier<\/td>\n<td>12:00<\/td>\n<td>15:50<\/td>\n<td>Beo ar TG4<\/td>\n<\/tr>\n<tr>\n<td>27\/07<\/td>\n<td>21<\/td>\n<td>Mantes-la-Ville > Paris Champs-\u00c9lys\u00e9es<\/td>\n<td>15:00<\/td>\n<td>19:25<\/td>\n<td>Beo ar TG4<\/td>\n<\/tr>\n<\/table>\n<p>&nbsp;<\/p>\n<p>Is f\u00e9idir tuilleadh eolais a fh\u00e1il faoi Tour de France 2025 ar shu\u00edomh gr\u00e9as\u00e1in oifigi\u00fail an chom\u00f3rtais ar: <a href=\"https:\/\/www.letour.fr\/en\/overall-route\">www.letour.fr<\/a><\/p>\n<p>&nbsp;<\/p>\n<p>&nbsp;<br \/>\n&nbsp;<\/p>\n","protected":false},"excerpt":{"rendered":"<p>T\u00e1 r\u00edm\u00e9ad ar TG4 a fh\u00f3gairt go gcraolfaidh s\u00e9 gach c\u00e9im de Tour de France 2025 beo, rud a chialla\u00edonn go mbeidh an t-imeacht rotha\u00edochta is m\u00f3 agus is c\u00e1ili\u00fala ar domhan \u00e1 chur ar f\u00e1il saor go haer do lucht f\u00e9achana na h\u00c9ireann \u00f3 th\u00fas go deireadh. &nbsp; Cuirfear t\u00fas leis an 112\u00fa eagr\u00e1n [&hellip;]<\/p>\n","protected":false},"author":876,"featured_media":0,"parent":236807,"menu_order":28,"comment_status":"closed","ping_status":"closed","template":"page-templates\/template-pr.php","meta":{"_acf_changed":false,"footnotes":""},"acf":[],"yoast_head":"<!-- This site is optimized with the Yoast SEO plugin v22.6 - https:\/\/yoast.com\/wordpress\/plugins\/seo\/ -->\n<title>TG4 chun Gach C\u00e9im de Tour de France 2025 a Chraoladh Beo | Preasr\u00e1iteas | TG4<\/title>\n<meta name=\"description\" content=\"T\u00e1 r\u00edm\u00e9ad ar TG4 a fh\u00f3gairt go gcraolfaidh s\u00e9 gach c\u00e9im de Tour de France 2025 beo, rud a chialla\u00edonn go mbeidh an t-imeacht rotha\u00edochta is m\u00f3 agus is c\u00e1ili\u00fala ar domhan \u00e1 chur ar f\u00e1il saor go haer do lucht f\u00e9achana na h\u00c9ireann \u00f3 th\u00fas go deireadh.\" \/>\n<meta name=\"robots\" content=\"index, follow, max-snippet:-1, max-image-preview:large, max-video-preview:-1\" \/>\n<meta property=\"og:locale\" content=\"en_US\" \/>\n<meta property=\"og:type\" content=\"article\" \/>\n<meta property=\"og:title\" content=\"TG4 chun Gach C\u00e9im de Tour de France 2025 a Chraoladh Beo | Preasr\u00e1iteas | TG4\" \/>\n<meta property=\"og:description\" content=\"T\u00e1 r\u00edm\u00e9ad ar TG4 a fh\u00f3gairt go gcraolfaidh s\u00e9 gach c\u00e9im de Tour de France 2025 beo, rud a chialla\u00edonn go mbeidh an t-imeacht rotha\u00edochta is m\u00f3 agus is c\u00e1ili\u00fala ar domhan \u00e1 chur ar f\u00e1il saor go haer do lucht f\u00e9achana na h\u00c9ireann \u00f3 th\u00fas go deireadh.\" \/>\n<meta property=\"og:url\" content=\"https:\/\/dev.tg4.ie\/ga\/eolas\/preas\/nuacht-raitis\/2025-2\/tg4-chun-gach-ceim-de-tour-de-france-2025-a-chraoladh-beo\/\" \/>\n<meta property=\"og:site_name\" content=\"TG4\" \/>\n<meta property=\"article:publisher\" content=\"https:\/\/www.facebook.com\/TG4TV\" \/>\n<meta property=\"article:modified_time\" content=\"2025-07-11T10:35:59+00:00\" \/>\n<meta property=\"og:image\" content=\"https:\/\/res.cloudinary.com\/dfwshshcn\/image\/upload\/v1750693913\/TG4TDF_227_dugsjc.jpg\" \/>\n<meta name=\"twitter:card\" content=\"summary_large_image\" \/>\n<meta name=\"twitter:site\" content=\"@TG4TV\" \/>\n<meta name=\"twitter:label1\" content=\"Est. reading time\" \/>\n\t<meta name=\"twitter:data1\" content=\"3 minutes\" \/>\n<script type=\"application\/ld+json\" class=\"yoast-schema-graph\">{\"@context\":\"https:\/\/schema.org\",\"@graph\":[{\"@type\":\"WebPage\",\"@id\":\"https:\/\/dev.tg4.ie\/ga\/eolas\/preas\/nuacht-raitis\/2025-2\/tg4-chun-gach-ceim-de-tour-de-france-2025-a-chraoladh-beo\/\",\"url\":\"https:\/\/dev.tg4.ie\/ga\/eolas\/preas\/nuacht-raitis\/2025-2\/tg4-chun-gach-ceim-de-tour-de-france-2025-a-chraoladh-beo\/\",\"name\":\"TG4 chun Gach C\u00e9im de Tour de France 2025 a Chraoladh Beo | Preasr\u00e1iteas | TG4\",\"isPartOf\":{\"@id\":\"https:\/\/dev.tg4.ie\/en\/#website\"},\"primaryImageOfPage\":{\"@id\":\"https:\/\/dev.tg4.ie\/ga\/eolas\/preas\/nuacht-raitis\/2025-2\/tg4-chun-gach-ceim-de-tour-de-france-2025-a-chraoladh-beo\/#primaryimage\"},\"image\":{\"@id\":\"https:\/\/dev.tg4.ie\/ga\/eolas\/preas\/nuacht-raitis\/2025-2\/tg4-chun-gach-ceim-de-tour-de-france-2025-a-chraoladh-beo\/#primaryimage\"},\"thumbnailUrl\":\"https:\/\/res.cloudinary.com\/dfwshshcn\/image\/upload\/v1750693913\/TG4TDF_227_dugsjc.jpg\",\"datePublished\":\"2025-06-23T14:07:13+00:00\",\"dateModified\":\"2025-07-11T10:35:59+00:00\",\"description\":\"T\u00e1 r\u00edm\u00e9ad ar TG4 a fh\u00f3gairt go gcraolfaidh s\u00e9 gach c\u00e9im de Tour de France 2025 beo, rud a chialla\u00edonn go mbeidh an t-imeacht rotha\u00edochta is m\u00f3 agus is c\u00e1ili\u00fala ar domhan \u00e1 chur ar f\u00e1il saor go haer do lucht f\u00e9achana na h\u00c9ireann \u00f3 th\u00fas go deireadh.\",\"breadcrumb\":{\"@id\":\"https:\/\/dev.tg4.ie\/ga\/eolas\/preas\/nuacht-raitis\/2025-2\/tg4-chun-gach-ceim-de-tour-de-france-2025-a-chraoladh-beo\/#breadcrumb\"},\"inLanguage\":\"ga\",\"potentialAction\":[{\"@type\":\"ReadAction\",\"target\":[\"https:\/\/dev.tg4.ie\/ga\/eolas\/preas\/nuacht-raitis\/2025-2\/tg4-chun-gach-ceim-de-tour-de-france-2025-a-chraoladh-beo\/\"]}]},{\"@type\":\"ImageObject\",\"inLanguage\":\"ga\",\"@id\":\"https:\/\/dev.tg4.ie\/ga\/eolas\/preas\/nuacht-raitis\/2025-2\/tg4-chun-gach-ceim-de-tour-de-france-2025-a-chraoladh-beo\/#primaryimage\",\"url\":\"https:\/\/res.cloudinary.com\/dfwshshcn\/image\/upload\/v1750693913\/TG4TDF_227_dugsjc.jpg\",\"contentUrl\":\"https:\/\/res.cloudinary.com\/dfwshshcn\/image\/upload\/v1750693913\/TG4TDF_227_dugsjc.jpg\"},{\"@type\":\"BreadcrumbList\",\"@id\":\"https:\/\/dev.tg4.ie\/ga\/eolas\/preas\/nuacht-raitis\/2025-2\/tg4-chun-gach-ceim-de-tour-de-france-2025-a-chraoladh-beo\/#breadcrumb\",\"itemListElement\":[{\"@type\":\"ListItem\",\"position\":1,\"name\":\"Home\",\"item\":\"https:\/\/dev.tg4.ie\/ga\/\"},{\"@type\":\"ListItem\",\"position\":2,\"name\":\"Eolas\",\"item\":\"https:\/\/dev.tg4.ie\/ga\/eolas\/\"},{\"@type\":\"ListItem\",\"position\":3,\"name\":\"Preas\",\"item\":\"https:\/\/dev.tg4.ie\/ga\/eolas\/preas\/\"},{\"@type\":\"ListItem\",\"position\":4,\"name\":\"Nuacht R\u00e1itis\",\"item\":\"https:\/\/dev.tg4.ie\/ga\/eolas\/preas\/nuacht-raitis\/\"},{\"@type\":\"ListItem\",\"position\":5,\"name\":\"2025\",\"item\":\"https:\/\/dev.tg4.ie\/ga\/eolas\/preas\/nuacht-raitis\/2025-2\/\"},{\"@type\":\"ListItem\",\"position\":6,\"name\":\"TG4 chun Gach C\u00e9im de Tour de France 2025 a Chraoladh Beo\"}]},{\"@type\":\"WebSite\",\"@id\":\"https:\/\/dev.tg4.ie\/en\/#website\",\"url\":\"https:\/\/dev.tg4.ie\/en\/\",\"name\":\"TG4\",\"description\":\"S\u00fail Eile\",\"potentialAction\":[{\"@type\":\"SearchAction\",\"target\":{\"@type\":\"EntryPoint\",\"urlTemplate\":\"https:\/\/dev.tg4.ie\/en\/?s={search_term_string}\"},\"query-input\":\"required name=search_term_string\"}],\"inLanguage\":\"ga\"}]}<\/script>\n<!-- \/ Yoast SEO plugin. -->","yoast_head_json":{"title":"TG4 chun Gach C\u00e9im de Tour de France 2025 a Chraoladh Beo | Preasr\u00e1iteas | TG4","description":"T\u00e1 r\u00edm\u00e9ad ar TG4 a fh\u00f3gairt go gcraolfaidh s\u00e9 gach c\u00e9im de Tour de France 2025 beo, rud a chialla\u00edonn go mbeidh an t-imeacht rotha\u00edochta is m\u00f3 agus is c\u00e1ili\u00fala ar domhan \u00e1 chur ar f\u00e1il saor go haer do lucht f\u00e9achana na h\u00c9ireann \u00f3 th\u00fas go deireadh.","robots":{"index":"index","follow":"follow","max-snippet":"max-snippet:-1","max-image-preview":"max-image-preview:large","max-video-preview":"max-video-preview:-1"},"og_locale":"en_US","og_type":"article","og_title":"TG4 chun Gach C\u00e9im de Tour de France 2025 a Chraoladh Beo | Preasr\u00e1iteas | TG4","og_description":"T\u00e1 r\u00edm\u00e9ad ar TG4 a fh\u00f3gairt go gcraolfaidh s\u00e9 gach c\u00e9im de Tour de France 2025 beo, rud a chialla\u00edonn go mbeidh an t-imeacht rotha\u00edochta is m\u00f3 agus is c\u00e1ili\u00fala ar domhan \u00e1 chur ar f\u00e1il saor go haer do lucht f\u00e9achana na h\u00c9ireann \u00f3 th\u00fas go deireadh.","og_url":"https:\/\/dev.tg4.ie\/ga\/eolas\/preas\/nuacht-raitis\/2025-2\/tg4-chun-gach-ceim-de-tour-de-france-2025-a-chraoladh-beo\/","og_site_name":"TG4","article_publisher":"https:\/\/www.facebook.com\/TG4TV","article_modified_time":"2025-07-11T10:35:59+00:00","og_image":[{"url":"https:\/\/res.cloudinary.com\/dfwshshcn\/image\/upload\/v1750693913\/TG4TDF_227_dugsjc.jpg"}],"twitter_card":"summary_large_image","twitter_site":"@TG4TV","twitter_misc":{"Est. reading time":"3 minutes"},"schema":{"@context":"https:\/\/schema.org","@graph":[{"@type":"WebPage","@id":"https:\/\/dev.tg4.ie\/ga\/eolas\/preas\/nuacht-raitis\/2025-2\/tg4-chun-gach-ceim-de-tour-de-france-2025-a-chraoladh-beo\/","url":"https:\/\/dev.tg4.ie\/ga\/eolas\/preas\/nuacht-raitis\/2025-2\/tg4-chun-gach-ceim-de-tour-de-france-2025-a-chraoladh-beo\/","name":"TG4 chun Gach C\u00e9im de Tour de France 2025 a Chraoladh Beo | Preasr\u00e1iteas | TG4","isPartOf":{"@id":"https:\/\/dev.tg4.ie\/en\/#website"},"primaryImageOfPage":{"@id":"https:\/\/dev.tg4.ie\/ga\/eolas\/preas\/nuacht-raitis\/2025-2\/tg4-chun-gach-ceim-de-tour-de-france-2025-a-chraoladh-beo\/#primaryimage"},"image":{"@id":"https:\/\/dev.tg4.ie\/ga\/eolas\/preas\/nuacht-raitis\/2025-2\/tg4-chun-gach-ceim-de-tour-de-france-2025-a-chraoladh-beo\/#primaryimage"},"thumbnailUrl":"https:\/\/res.cloudinary.com\/dfwshshcn\/image\/upload\/v1750693913\/TG4TDF_227_dugsjc.jpg","datePublished":"2025-06-23T14:07:13+00:00","dateModified":"2025-07-11T10:35:59+00:00","description":"T\u00e1 r\u00edm\u00e9ad ar TG4 a fh\u00f3gairt go gcraolfaidh s\u00e9 gach c\u00e9im de Tour de France 2025 beo, rud a chialla\u00edonn go mbeidh an t-imeacht rotha\u00edochta is m\u00f3 agus is c\u00e1ili\u00fala ar domhan \u00e1 chur ar f\u00e1il saor go haer do lucht f\u00e9achana na h\u00c9ireann \u00f3 th\u00fas go deireadh.","breadcrumb":{"@id":"https:\/\/dev.tg4.ie\/ga\/eolas\/preas\/nuacht-raitis\/2025-2\/tg4-chun-gach-ceim-de-tour-de-france-2025-a-chraoladh-beo\/#breadcrumb"},"inLanguage":"ga","potentialAction":[{"@type":"ReadAction","target":["https:\/\/dev.tg4.ie\/ga\/eolas\/preas\/nuacht-raitis\/2025-2\/tg4-chun-gach-ceim-de-tour-de-france-2025-a-chraoladh-beo\/"]}]},{"@type":"ImageObject","inLanguage":"ga","@id":"https:\/\/dev.tg4.ie\/ga\/eolas\/preas\/nuacht-raitis\/2025-2\/tg4-chun-gach-ceim-de-tour-de-france-2025-a-chraoladh-beo\/#primaryimage","url":"https:\/\/res.cloudinary.com\/dfwshshcn\/image\/upload\/v1750693913\/TG4TDF_227_dugsjc.jpg","contentUrl":"https:\/\/res.cloudinary.com\/dfwshshcn\/image\/upload\/v1750693913\/TG4TDF_227_dugsjc.jpg"},{"@type":"BreadcrumbList","@id":"https:\/\/dev.tg4.ie\/ga\/eolas\/preas\/nuacht-raitis\/2025-2\/tg4-chun-gach-ceim-de-tour-de-france-2025-a-chraoladh-beo\/#breadcrumb","itemListElement":[{"@type":"ListItem","position":1,"name":"Home","item":"https:\/\/dev.tg4.ie\/ga\/"},{"@type":"ListItem","position":2,"name":"Eolas","item":"https:\/\/dev.tg4.ie\/ga\/eolas\/"},{"@type":"ListItem","position":3,"name":"Preas","item":"https:\/\/dev.tg4.ie\/ga\/eolas\/preas\/"},{"@type":"ListItem","position":4,"name":"Nuacht R\u00e1itis","item":"https:\/\/dev.tg4.ie\/ga\/eolas\/preas\/nuacht-raitis\/"},{"@type":"ListItem","position":5,"name":"2025","item":"https:\/\/dev.tg4.ie\/ga\/eolas\/preas\/nuacht-raitis\/2025-2\/"},{"@type":"ListItem","position":6,"name":"TG4 chun Gach C\u00e9im de Tour de France 2025 a Chraoladh Beo"}]},{"@type":"WebSite","@id":"https:\/\/dev.tg4.ie\/en\/#website","url":"https:\/\/dev.tg4.ie\/en\/","name":"TG4","description":"S\u00fail Eile","potentialAction":[{"@type":"SearchAction","target":{"@type":"EntryPoint","urlTemplate":"https:\/\/dev.tg4.ie\/en\/?s={search_term_string}"},"query-input":"required name=search_term_string"}],"inLanguage":"ga"}]}},"_links":{"self":[{"href":"https:\/\/dev.tg4.ie\/ga\/wp-json\/wp\/v2\/pages\/246533"}],"collection":[{"href":"https:\/\/dev.tg4.ie\/ga\/wp-json\/wp\/v2\/pages"}],"about":[{"href":"https:\/\/dev.tg4.ie\/ga\/wp-json\/wp\/v2\/types\/page"}],"author":[{"embeddable":true,"href":"https:\/\/dev.tg4.ie\/ga\/wp-json\/wp\/v2\/users\/876"}],"replies":[{"embeddable":true,"href":"https:\/\/dev.tg4.ie\/ga\/wp-json\/wp\/v2\/comments?post=246533"}],"version-history":[{"count":0,"href":"https:\/\/dev.tg4.ie\/ga\/wp-json\/wp\/v2\/pages\/246533\/revisions"}],"up":[{"embeddable":true,"href":"https:\/\/dev.tg4.ie\/ga\/wp-json\/wp\/v2\/pages\/236807"}],"wp:attachment":[{"href":"https:\/\/dev.tg4.ie\/ga\/wp-json\/wp\/v2\/media?parent=246533"}],"curies":[{"name":"wp","href":"https:\/\/api.w.org\/{rel}","templated":true}]}}