{"id":246576,"date":"2025-06-25T15:49:57","date_gmt":"2025-06-25T14:49:57","guid":{"rendered":"https:\/\/dev.tg4.ie\/eolas\/preas\/nuacht-raitis\/2025-2\/tg4-chun-gach-ceim-de-tour-de-france-2025-a-chraoladh-beo-2\/"},"modified":"2025-07-11T11:35:07","modified_gmt":"2025-07-11T10:35:07","slug":"cursa-ceannrodaioch-iriseoireachta-gaeilge-seolta-ag-tg4-agus-greasan-na-mean-skillnet","status":"publish","type":"page","link":"https:\/\/dev.tg4.ie\/ga\/eolas\/preas\/nuacht-raitis\/2025-2\/cursa-ceannrodaioch-iriseoireachta-gaeilge-seolta-ag-tg4-agus-greasan-na-mean-skillnet\/","title":{"rendered":"C\u00farsa Ceannr\u00f3da\u00edoch Iriseoireachta Gaeilge seolta ag TG4 agus Gr\u00e9as\u00e1n na Me\u00e1n Skillnet"},"content":{"rendered":"<p><img decoding=\"async\" src=\"https:\/\/res.cloudinary.com\/dfwshshcn\/image\/upload\/t_Facebook ad\/v1750925593\/Gr%C3%BApa_nua_n4cdg0.jpg\" alt=\"Baill den gc\u00farsa le Grett O'Connor, Deirdre N\u00ed Choist\u00edn agus Maria Griffin\" class=\"center\"\/><br \/>\nC\u00f3itse\u00e1la\u00ed Me\u00e1n agus Cumars\u00e1ide Grett O\u2019Connor ar chl\u00e9, Deirdre N\u00ed Choist\u00edn, Ard-Sti\u00farth\u00f3ir TG4 sa l\u00e1r, Maria Griffin \u00f3 Ghr\u00e9as\u00e1n na Me\u00e1n Skillnet ar dheis &#8211; leis na rannph\u00e1irithe ar an gc\u00farsa i gConamara.<\/p>\n<p>&nbsp;<\/p>\n<p>T\u00e1 c\u00farsa nua oili\u00fana iriseoireachta Gaeilge faoi sti\u00fair TG4 i gcomhph\u00e1irt\u00edocht le Gr\u00e9as\u00e1n na Me\u00e1n Skillnet ar si\u00fal faoi l\u00e1thair i gConamara, agus t\u00e1 17 rannph\u00e1irt\u00ed as gach cearn d&#8217;\u00c9irinn p\u00e1irteach ann.<\/p>\n<p>T\u00e1 an cl\u00e1r praitici\u00fail coic\u00edse, a thosaigh an tseachtain seo (D\u00e9 Luain 23 Meitheamh 2025), leagtha amach chun go bhforbr\u00f3idh na rannph\u00e1irtithe pr\u00edomhscileanna iriseoireachta lena n-\u00fas\u00e1id ar na hard\u00e1in teilif\u00edse agus ar l\u00edne. Cuirtear oili\u00faint phraitici\u00fail orthu le linn an ch\u00farsa i mbaili\u00fa nuachta, scr\u00edbhneoireacht, tuairisci\u00fa ini\u00fachta, dl\u00ed na me\u00e1n, sc\u00e9ala\u00edocht dhigiteach agus na me\u00e1in sh\u00f3isialta tr\u00ed mhe\u00e1n na Gaeilge.<\/p>\n<p>Gheobhaidh na rannph\u00e1irtithe treoir freisin maidir le podchraolta\u00ed, iriseoireacht mh\u00f3ib\u00edleach (MOJO), scileanna gutha agus cur i l\u00e1thair, cibearshl\u00e1nd\u00e1il d&#8217;iriseoir\u00ed, agus scr\u00edobh na Gaeilge don nuacht.<\/p>\n<p>Is \u00ed an c\u00f3itse\u00e1la\u00ed me\u00e1n Grett O\u2019Connor, iar-iriseoir le Nuacht TG4 agus bunaitheoir &#8216;My Media&#8217;, at\u00e1 ag sti\u00faradh an ch\u00farsa, agus beidh sainteagasc\u00f3ir\u00ed agus sainchomhairleoir\u00ed eile ina teannta, lena n-\u00e1ir\u00edtear:<\/p>\n<ul>\n<li><strong>Mark Egan<\/strong> (BBC\/Al Jazeera)<\/li>\n<li><strong>Harry McGee<\/strong> (The Irish Times)<\/li>\n<li><strong>Gr\u00e1inne N\u00ed Aodha<\/strong> (PA Media)<\/li>\n<li><strong>Kevin Magee<\/strong> (Iriseoir Ini\u00fachta, TG4 agus BBC NI)<\/li>\n<li><strong>Glen Mulcahy<\/strong> (Speisialt\u00f3ir MOJO)<\/li>\n<li><strong>Eimear N\u00ed Chonaola<\/strong> (Nuacht TG4)<\/li>\n<li><strong>M\u00e1ire T. N\u00ed Mhadaoin<\/strong> (Nuacht TG4)<\/li>\n<li><strong>Caroline N\u00ed Nia<\/strong> (Speisialt\u00f3ir Teanga)<\/li>\n<li><strong>Norita N\u00ed Chart\u00fair<\/strong> (Iriseoir Craolach\u00e1in agus Teagasc\u00f3ir in Ollscoil na Gaillimhe)<\/li>\n<li><strong>Sarah Kieran<\/strong> (Dl\u00edod\u00f3ir Me\u00e1n)<\/li>\n<li><strong>Brian Honan<\/strong> (Saineola\u00ed Cibearshl\u00e1nd\u00e1la)<\/li>\n<li><strong>Aideen Finnegan<\/strong> (L\u00e9iritheoir Podchraolta\u00ed, The Irish Times)<\/li>\n<li><strong>Katelyn Hayes<\/strong> (Nuacht C\u00fala4)<\/li>\n<\/ul>\n<p>&nbsp;<br \/>\nD\u00fairt <strong>Deirdre N\u00ed Choist\u00edn, Ard-Sti\u00farth\u00f3ir TG4<\/strong>: <em>&#8220;T\u00e1 TG4 tiomanta do scileanna iriseoireachta Gaeilge a chur chun cinn agus a fhorbairt ar mhaithe leis an gc\u00e9ad ghl\u00fain eile d\u2019iriseoir\u00ed Gaeilge a choth\u00fa. Cuireann an c\u00farsa seo oili\u00faint chuimsitheach phraitici\u00fail ar f\u00e1il a fhreagra\u00edonn d\u2019fh\u00edor-riachtanais sheomra\u00ed nuachta na linne \u00f3 shainchleacht\u00f3ir\u00ed nuachta ar fud discipl\u00edn\u00ed \u00e9ags\u00fala. T\u00e1imid ag s\u00fail go m\u00f3r le forbairt na hiriseoireachta a eascr\u00f3idh as c\u00farsa na bliana seo a fheice\u00e1il.\u201d<\/em><\/p>\n<p>&nbsp;<br \/>\nAg labhairt di ag t\u00fas an ch\u00farsa, d\u00fairt an C\u00f3itse\u00e1la\u00ed Me\u00e1n agus Cumars\u00e1ide <strong>Grett O\u2019Connor<\/strong> an m\u00e9id seo a leanas: <em>\u201cT\u00e1 an c\u00farsa seo d\u00edrithe ar dhaoine \u00f3ga at\u00e1 ag iarraidh a bheith ina n-iriseoir\u00ed Gaeilge a ullmh\u00fa do th\u00edrdhreach il-ard\u00e1in na me\u00e1n sa l\u00e1 at\u00e1 inniu ann, agus d\u00e9anaimid \u00e9 sin ar bhealach an-phraitici\u00fail, rannph\u00e1irteach. T\u00e1 saineolaithe \u00f3 gach r\u00e9imse iriseoireachta ag teacht go Conamara chun a gcuid eolais agus taith\u00ed a roinnt le rannph\u00e1irtithe an ch\u00farsa. Beidh cleachta\u00ed praitici\u00fala i mbaili\u00fa nuachta, scr\u00edbhneoireacht agus sc\u00e9ala\u00edocht le picti\u00fair ina gcuid l\u00e1rnach den ch\u00farsa. N\u00ed chuireann s\u00e9 aon iontas orm go bhfuil s\u00e9 glactha orthu f\u00e9in ag TG4 an c\u00farsa seo a re\u00e1cht\u00e1il i gcomhar le Gr\u00e9as\u00e1n na Me\u00e1n Skillnet. Bh\u00ed TG4 nu\u00e1lach agus sol\u00fabtha riamh ina chur chuige, agus is sampla iontach eile de sin an c\u00farsa seo. T\u00e1im ag baint an-taitneamh as an deis oibri\u00fa leis an gc\u00e9ad ghl\u00fain eile d&#8217;iriseoir\u00ed Gaeilge, agus t\u00e1im ag tn\u00fath lena ngairmeacha beatha a fheice\u00e1il faoi bhl\u00e1th sna blianta amach romhainn.\u201d<\/em><\/p>\n<p>&nbsp;<br \/>\nD\u00fairt <strong>Maria Griffin<\/strong> \u00f3 Ghr\u00e9as\u00e1n na Me\u00e1n Skillnet: <em>\u201cT\u00e1 r\u00edm\u00e9ad orainn a bheith ag comhoibri\u00fa le TG4 ar an gcl\u00e1r nu\u00e1lach oili\u00fana iriseoireachta seo. T\u00e1 forbairt scileanna sna me\u00e1in Ghaeilge l\u00e1rnach in\u00e1r misean, agus tugann an c\u00farsa seo deis ar leith do na rannph\u00e1irtithe a bheith ag foghlaim na ceirde \u00f3 roinnt de na daoine is fearr sa tionscal. L\u00e9ir\u00edonn an t-\u00e9ileamh m\u00f3r at\u00e1 ar \u00e1iteanna ar an gc\u00farsa seo go bhfuil fonn ar iriseoir\u00ed at\u00e1 ag teacht chun cinn sc\u00e9alta a insint tr\u00ed Ghaeilge ar iliomad ard\u00e1n. Is c\u00fais bhr\u00f3id d\u00fainn tac\u00fa leis an tionscnamh t\u00e1bhachtach seo a neart\u00f3idh todhcha\u00ed na hiriseoireachta Gaeilge.\u201d<\/em><\/p>\n<p><img decoding=\"async\" src=\"https:\/\/res.cloudinary.com\/dfwshshcn\/image\/upload\/v1750863515\/cu%CC%81rsa3_caflhc.jpg\" alt=\"Baill den gc\u00farsa\" \/><br \/>\n&nbsp;<br \/>\n&nbsp;<\/p>\n","protected":false},"excerpt":{"rendered":"<p>C\u00f3itse\u00e1la\u00ed Me\u00e1n agus Cumars\u00e1ide Grett O\u2019Connor ar chl\u00e9, Deirdre N\u00ed Choist\u00edn, Ard-Sti\u00farth\u00f3ir TG4 sa l\u00e1r, Maria Griffin \u00f3 Ghr\u00e9as\u00e1n na Me\u00e1n Skillnet ar dheis &#8211; leis na rannph\u00e1irithe ar an gc\u00farsa i gConamara. &nbsp; T\u00e1 c\u00farsa nua oili\u00fana iriseoireachta Gaeilge faoi sti\u00fair TG4 i gcomhph\u00e1irt\u00edocht le Gr\u00e9as\u00e1n na Me\u00e1n Skillnet ar si\u00fal faoi l\u00e1thair i [&hellip;]<\/p>\n","protected":false},"author":876,"featured_media":0,"parent":236807,"menu_order":29,"comment_status":"closed","ping_status":"closed","template":"page-templates\/template-pr.php","meta":{"_acf_changed":false,"footnotes":""},"acf":[],"yoast_head":"<!-- This site is optimized with the Yoast SEO plugin v22.6 - https:\/\/yoast.com\/wordpress\/plugins\/seo\/ -->\n<title>C\u00farsa Ceannr\u00f3da\u00edoch Iriseoireachta Gaeilge seolta ag TG4 agus Gr\u00e9as\u00e1n na Me\u00e1n Skillnet | Preasr\u00e1iteas | TG4<\/title>\n<meta name=\"description\" content=\"T\u00e1 r\u00edm\u00e9ad ar TG4 a fh\u00f3gairt go gcraolfaidh s\u00e9 gach c\u00e9im de Tour de France 2025 beo, rud a chialla\u00edonn go mbeidh an t-imeacht rotha\u00edochta is m\u00f3 agus is c\u00e1ili\u00fala ar domhan \u00e1 chur ar f\u00e1il saor go haer do lucht f\u00e9achana na h\u00c9ireann \u00f3 th\u00fas go deireadh.T\u00e1 c\u00farsa nua oili\u00fana iriseoireachta Gaeilge faoi sti\u00fair TG4 i gcomhph\u00e1irt\u00edocht le Gr\u00e9as\u00e1n na Me\u00e1n Skillnet ar si\u00fal faoi l\u00e1thair i gConamara, agus t\u00e1 17 rannph\u00e1irt\u00ed as gach cearn d&#039;\u00c9irinn p\u00e1irteach ann.\" \/>\n<meta name=\"robots\" content=\"index, follow, max-snippet:-1, max-image-preview:large, max-video-preview:-1\" \/>\n<meta property=\"og:locale\" content=\"en_US\" \/>\n<meta property=\"og:type\" content=\"article\" \/>\n<meta property=\"og:title\" content=\"C\u00farsa Ceannr\u00f3da\u00edoch Iriseoireachta Gaeilge seolta ag TG4 agus Gr\u00e9as\u00e1n na Me\u00e1n Skillnet | Preasr\u00e1iteas | TG4\" \/>\n<meta property=\"og:description\" content=\"T\u00e1 r\u00edm\u00e9ad ar TG4 a fh\u00f3gairt go gcraolfaidh s\u00e9 gach c\u00e9im de Tour de France 2025 beo, rud a chialla\u00edonn go mbeidh an t-imeacht rotha\u00edochta is m\u00f3 agus is c\u00e1ili\u00fala ar domhan \u00e1 chur ar f\u00e1il saor go haer do lucht f\u00e9achana na h\u00c9ireann \u00f3 th\u00fas go deireadh.T\u00e1 c\u00farsa nua oili\u00fana iriseoireachta Gaeilge faoi sti\u00fair TG4 i gcomhph\u00e1irt\u00edocht le Gr\u00e9as\u00e1n na Me\u00e1n Skillnet ar si\u00fal faoi l\u00e1thair i gConamara, agus t\u00e1 17 rannph\u00e1irt\u00ed as gach cearn d&#039;\u00c9irinn p\u00e1irteach ann.\" \/>\n<meta property=\"og:url\" content=\"https:\/\/dev.tg4.ie\/ga\/eolas\/preas\/nuacht-raitis\/2025-2\/cursa-ceannrodaioch-iriseoireachta-gaeilge-seolta-ag-tg4-agus-greasan-na-mean-skillnet\/\" \/>\n<meta property=\"og:site_name\" content=\"TG4\" \/>\n<meta property=\"article:publisher\" content=\"https:\/\/www.facebook.com\/TG4TV\" \/>\n<meta property=\"article:modified_time\" content=\"2025-07-11T10:35:07+00:00\" \/>\n<meta property=\"og:image\" content=\"https:\/\/res.cloudinary.com\/dfwshshcn\/image\/upload\/v1750863515\/cu%CC%81rsa3_caflhc.jpg\" \/>\n<meta name=\"twitter:card\" content=\"summary_large_image\" \/>\n<meta name=\"twitter:site\" content=\"@TG4TV\" \/>\n<meta name=\"twitter:label1\" content=\"Est. reading time\" \/>\n\t<meta name=\"twitter:data1\" content=\"4 minutes\" \/>\n<script type=\"application\/ld+json\" class=\"yoast-schema-graph\">{\"@context\":\"https:\/\/schema.org\",\"@graph\":[{\"@type\":\"WebPage\",\"@id\":\"https:\/\/dev.tg4.ie\/ga\/eolas\/preas\/nuacht-raitis\/2025-2\/cursa-ceannrodaioch-iriseoireachta-gaeilge-seolta-ag-tg4-agus-greasan-na-mean-skillnet\/\",\"url\":\"https:\/\/dev.tg4.ie\/ga\/eolas\/preas\/nuacht-raitis\/2025-2\/cursa-ceannrodaioch-iriseoireachta-gaeilge-seolta-ag-tg4-agus-greasan-na-mean-skillnet\/\",\"name\":\"C\u00farsa Ceannr\u00f3da\u00edoch Iriseoireachta Gaeilge seolta ag TG4 agus Gr\u00e9as\u00e1n na Me\u00e1n Skillnet | Preasr\u00e1iteas | TG4\",\"isPartOf\":{\"@id\":\"https:\/\/dev.tg4.ie\/en\/#website\"},\"primaryImageOfPage\":{\"@id\":\"https:\/\/dev.tg4.ie\/ga\/eolas\/preas\/nuacht-raitis\/2025-2\/cursa-ceannrodaioch-iriseoireachta-gaeilge-seolta-ag-tg4-agus-greasan-na-mean-skillnet\/#primaryimage\"},\"image\":{\"@id\":\"https:\/\/dev.tg4.ie\/ga\/eolas\/preas\/nuacht-raitis\/2025-2\/cursa-ceannrodaioch-iriseoireachta-gaeilge-seolta-ag-tg4-agus-greasan-na-mean-skillnet\/#primaryimage\"},\"thumbnailUrl\":\"https:\/\/res.cloudinary.com\/dfwshshcn\/image\/upload\/v1750863515\/cu%CC%81rsa3_caflhc.jpg\",\"datePublished\":\"2025-06-25T14:49:57+00:00\",\"dateModified\":\"2025-07-11T10:35:07+00:00\",\"description\":\"T\u00e1 r\u00edm\u00e9ad ar TG4 a fh\u00f3gairt go gcraolfaidh s\u00e9 gach c\u00e9im de Tour de France 2025 beo, rud a chialla\u00edonn go mbeidh an t-imeacht rotha\u00edochta is m\u00f3 agus is c\u00e1ili\u00fala ar domhan \u00e1 chur ar f\u00e1il saor go haer do lucht f\u00e9achana na h\u00c9ireann \u00f3 th\u00fas go deireadh.T\u00e1 c\u00farsa nua oili\u00fana iriseoireachta Gaeilge faoi sti\u00fair TG4 i gcomhph\u00e1irt\u00edocht le Gr\u00e9as\u00e1n na Me\u00e1n Skillnet ar si\u00fal faoi l\u00e1thair i gConamara, agus t\u00e1 17 rannph\u00e1irt\u00ed as gach cearn d'\u00c9irinn p\u00e1irteach ann.\",\"breadcrumb\":{\"@id\":\"https:\/\/dev.tg4.ie\/ga\/eolas\/preas\/nuacht-raitis\/2025-2\/cursa-ceannrodaioch-iriseoireachta-gaeilge-seolta-ag-tg4-agus-greasan-na-mean-skillnet\/#breadcrumb\"},\"inLanguage\":\"ga\",\"potentialAction\":[{\"@type\":\"ReadAction\",\"target\":[\"https:\/\/dev.tg4.ie\/ga\/eolas\/preas\/nuacht-raitis\/2025-2\/cursa-ceannrodaioch-iriseoireachta-gaeilge-seolta-ag-tg4-agus-greasan-na-mean-skillnet\/\"]}]},{\"@type\":\"ImageObject\",\"inLanguage\":\"ga\",\"@id\":\"https:\/\/dev.tg4.ie\/ga\/eolas\/preas\/nuacht-raitis\/2025-2\/cursa-ceannrodaioch-iriseoireachta-gaeilge-seolta-ag-tg4-agus-greasan-na-mean-skillnet\/#primaryimage\",\"url\":\"https:\/\/res.cloudinary.com\/dfwshshcn\/image\/upload\/v1750863515\/cu%CC%81rsa3_caflhc.jpg\",\"contentUrl\":\"https:\/\/res.cloudinary.com\/dfwshshcn\/image\/upload\/v1750863515\/cu%CC%81rsa3_caflhc.jpg\"},{\"@type\":\"BreadcrumbList\",\"@id\":\"https:\/\/dev.tg4.ie\/ga\/eolas\/preas\/nuacht-raitis\/2025-2\/cursa-ceannrodaioch-iriseoireachta-gaeilge-seolta-ag-tg4-agus-greasan-na-mean-skillnet\/#breadcrumb\",\"itemListElement\":[{\"@type\":\"ListItem\",\"position\":1,\"name\":\"Home\",\"item\":\"https:\/\/dev.tg4.ie\/ga\/\"},{\"@type\":\"ListItem\",\"position\":2,\"name\":\"Eolas\",\"item\":\"https:\/\/dev.tg4.ie\/ga\/eolas\/\"},{\"@type\":\"ListItem\",\"position\":3,\"name\":\"Preas\",\"item\":\"https:\/\/dev.tg4.ie\/ga\/eolas\/preas\/\"},{\"@type\":\"ListItem\",\"position\":4,\"name\":\"Nuacht R\u00e1itis\",\"item\":\"https:\/\/dev.tg4.ie\/ga\/eolas\/preas\/nuacht-raitis\/\"},{\"@type\":\"ListItem\",\"position\":5,\"name\":\"2025\",\"item\":\"https:\/\/dev.tg4.ie\/ga\/eolas\/preas\/nuacht-raitis\/2025-2\/\"},{\"@type\":\"ListItem\",\"position\":6,\"name\":\"C\u00farsa Ceannr\u00f3da\u00edoch Iriseoireachta Gaeilge seolta ag TG4 agus Gr\u00e9as\u00e1n na Me\u00e1n Skillnet\"}]},{\"@type\":\"WebSite\",\"@id\":\"https:\/\/dev.tg4.ie\/en\/#website\",\"url\":\"https:\/\/dev.tg4.ie\/en\/\",\"name\":\"TG4\",\"description\":\"S\u00fail Eile\",\"potentialAction\":[{\"@type\":\"SearchAction\",\"target\":{\"@type\":\"EntryPoint\",\"urlTemplate\":\"https:\/\/dev.tg4.ie\/en\/?s={search_term_string}\"},\"query-input\":\"required name=search_term_string\"}],\"inLanguage\":\"ga\"}]}<\/script>\n<!-- \/ Yoast SEO plugin. -->","yoast_head_json":{"title":"C\u00farsa Ceannr\u00f3da\u00edoch Iriseoireachta Gaeilge seolta ag TG4 agus Gr\u00e9as\u00e1n na Me\u00e1n Skillnet | Preasr\u00e1iteas | TG4","description":"T\u00e1 r\u00edm\u00e9ad ar TG4 a fh\u00f3gairt go gcraolfaidh s\u00e9 gach c\u00e9im de Tour de France 2025 beo, rud a chialla\u00edonn go mbeidh an t-imeacht rotha\u00edochta is m\u00f3 agus is c\u00e1ili\u00fala ar domhan \u00e1 chur ar f\u00e1il saor go haer do lucht f\u00e9achana na h\u00c9ireann \u00f3 th\u00fas go deireadh.T\u00e1 c\u00farsa nua oili\u00fana iriseoireachta Gaeilge faoi sti\u00fair TG4 i gcomhph\u00e1irt\u00edocht le Gr\u00e9as\u00e1n na Me\u00e1n Skillnet ar si\u00fal faoi l\u00e1thair i gConamara, agus t\u00e1 17 rannph\u00e1irt\u00ed as gach cearn d'\u00c9irinn p\u00e1irteach ann.","robots":{"index":"index","follow":"follow","max-snippet":"max-snippet:-1","max-image-preview":"max-image-preview:large","max-video-preview":"max-video-preview:-1"},"og_locale":"en_US","og_type":"article","og_title":"C\u00farsa Ceannr\u00f3da\u00edoch Iriseoireachta Gaeilge seolta ag TG4 agus Gr\u00e9as\u00e1n na Me\u00e1n Skillnet | Preasr\u00e1iteas | TG4","og_description":"T\u00e1 r\u00edm\u00e9ad ar TG4 a fh\u00f3gairt go gcraolfaidh s\u00e9 gach c\u00e9im de Tour de France 2025 beo, rud a chialla\u00edonn go mbeidh an t-imeacht rotha\u00edochta is m\u00f3 agus is c\u00e1ili\u00fala ar domhan \u00e1 chur ar f\u00e1il saor go haer do lucht f\u00e9achana na h\u00c9ireann \u00f3 th\u00fas go deireadh.T\u00e1 c\u00farsa nua oili\u00fana iriseoireachta Gaeilge faoi sti\u00fair TG4 i gcomhph\u00e1irt\u00edocht le Gr\u00e9as\u00e1n na Me\u00e1n Skillnet ar si\u00fal faoi l\u00e1thair i gConamara, agus t\u00e1 17 rannph\u00e1irt\u00ed as gach cearn d'\u00c9irinn p\u00e1irteach ann.","og_url":"https:\/\/dev.tg4.ie\/ga\/eolas\/preas\/nuacht-raitis\/2025-2\/cursa-ceannrodaioch-iriseoireachta-gaeilge-seolta-ag-tg4-agus-greasan-na-mean-skillnet\/","og_site_name":"TG4","article_publisher":"https:\/\/www.facebook.com\/TG4TV","article_modified_time":"2025-07-11T10:35:07+00:00","og_image":[{"url":"https:\/\/res.cloudinary.com\/dfwshshcn\/image\/upload\/v1750863515\/cu%CC%81rsa3_caflhc.jpg"}],"twitter_card":"summary_large_image","twitter_site":"@TG4TV","twitter_misc":{"Est. reading time":"4 minutes"},"schema":{"@context":"https:\/\/schema.org","@graph":[{"@type":"WebPage","@id":"https:\/\/dev.tg4.ie\/ga\/eolas\/preas\/nuacht-raitis\/2025-2\/cursa-ceannrodaioch-iriseoireachta-gaeilge-seolta-ag-tg4-agus-greasan-na-mean-skillnet\/","url":"https:\/\/dev.tg4.ie\/ga\/eolas\/preas\/nuacht-raitis\/2025-2\/cursa-ceannrodaioch-iriseoireachta-gaeilge-seolta-ag-tg4-agus-greasan-na-mean-skillnet\/","name":"C\u00farsa Ceannr\u00f3da\u00edoch Iriseoireachta Gaeilge seolta ag TG4 agus Gr\u00e9as\u00e1n na Me\u00e1n Skillnet | Preasr\u00e1iteas | TG4","isPartOf":{"@id":"https:\/\/dev.tg4.ie\/en\/#website"},"primaryImageOfPage":{"@id":"https:\/\/dev.tg4.ie\/ga\/eolas\/preas\/nuacht-raitis\/2025-2\/cursa-ceannrodaioch-iriseoireachta-gaeilge-seolta-ag-tg4-agus-greasan-na-mean-skillnet\/#primaryimage"},"image":{"@id":"https:\/\/dev.tg4.ie\/ga\/eolas\/preas\/nuacht-raitis\/2025-2\/cursa-ceannrodaioch-iriseoireachta-gaeilge-seolta-ag-tg4-agus-greasan-na-mean-skillnet\/#primaryimage"},"thumbnailUrl":"https:\/\/res.cloudinary.com\/dfwshshcn\/image\/upload\/v1750863515\/cu%CC%81rsa3_caflhc.jpg","datePublished":"2025-06-25T14:49:57+00:00","dateModified":"2025-07-11T10:35:07+00:00","description":"T\u00e1 r\u00edm\u00e9ad ar TG4 a fh\u00f3gairt go gcraolfaidh s\u00e9 gach c\u00e9im de Tour de France 2025 beo, rud a chialla\u00edonn go mbeidh an t-imeacht rotha\u00edochta is m\u00f3 agus is c\u00e1ili\u00fala ar domhan \u00e1 chur ar f\u00e1il saor go haer do lucht f\u00e9achana na h\u00c9ireann \u00f3 th\u00fas go deireadh.T\u00e1 c\u00farsa nua oili\u00fana iriseoireachta Gaeilge faoi sti\u00fair TG4 i gcomhph\u00e1irt\u00edocht le Gr\u00e9as\u00e1n na Me\u00e1n Skillnet ar si\u00fal faoi l\u00e1thair i gConamara, agus t\u00e1 17 rannph\u00e1irt\u00ed as gach cearn d'\u00c9irinn p\u00e1irteach ann.","breadcrumb":{"@id":"https:\/\/dev.tg4.ie\/ga\/eolas\/preas\/nuacht-raitis\/2025-2\/cursa-ceannrodaioch-iriseoireachta-gaeilge-seolta-ag-tg4-agus-greasan-na-mean-skillnet\/#breadcrumb"},"inLanguage":"ga","potentialAction":[{"@type":"ReadAction","target":["https:\/\/dev.tg4.ie\/ga\/eolas\/preas\/nuacht-raitis\/2025-2\/cursa-ceannrodaioch-iriseoireachta-gaeilge-seolta-ag-tg4-agus-greasan-na-mean-skillnet\/"]}]},{"@type":"ImageObject","inLanguage":"ga","@id":"https:\/\/dev.tg4.ie\/ga\/eolas\/preas\/nuacht-raitis\/2025-2\/cursa-ceannrodaioch-iriseoireachta-gaeilge-seolta-ag-tg4-agus-greasan-na-mean-skillnet\/#primaryimage","url":"https:\/\/res.cloudinary.com\/dfwshshcn\/image\/upload\/v1750863515\/cu%CC%81rsa3_caflhc.jpg","contentUrl":"https:\/\/res.cloudinary.com\/dfwshshcn\/image\/upload\/v1750863515\/cu%CC%81rsa3_caflhc.jpg"},{"@type":"BreadcrumbList","@id":"https:\/\/dev.tg4.ie\/ga\/eolas\/preas\/nuacht-raitis\/2025-2\/cursa-ceannrodaioch-iriseoireachta-gaeilge-seolta-ag-tg4-agus-greasan-na-mean-skillnet\/#breadcrumb","itemListElement":[{"@type":"ListItem","position":1,"name":"Home","item":"https:\/\/dev.tg4.ie\/ga\/"},{"@type":"ListItem","position":2,"name":"Eolas","item":"https:\/\/dev.tg4.ie\/ga\/eolas\/"},{"@type":"ListItem","position":3,"name":"Preas","item":"https:\/\/dev.tg4.ie\/ga\/eolas\/preas\/"},{"@type":"ListItem","position":4,"name":"Nuacht R\u00e1itis","item":"https:\/\/dev.tg4.ie\/ga\/eolas\/preas\/nuacht-raitis\/"},{"@type":"ListItem","position":5,"name":"2025","item":"https:\/\/dev.tg4.ie\/ga\/eolas\/preas\/nuacht-raitis\/2025-2\/"},{"@type":"ListItem","position":6,"name":"C\u00farsa Ceannr\u00f3da\u00edoch Iriseoireachta Gaeilge seolta ag TG4 agus Gr\u00e9as\u00e1n na Me\u00e1n Skillnet"}]},{"@type":"WebSite","@id":"https:\/\/dev.tg4.ie\/en\/#website","url":"https:\/\/dev.tg4.ie\/en\/","name":"TG4","description":"S\u00fail Eile","potentialAction":[{"@type":"SearchAction","target":{"@type":"EntryPoint","urlTemplate":"https:\/\/dev.tg4.ie\/en\/?s={search_term_string}"},"query-input":"required name=search_term_string"}],"inLanguage":"ga"}]}},"_links":{"self":[{"href":"https:\/\/dev.tg4.ie\/ga\/wp-json\/wp\/v2\/pages\/246576"}],"collection":[{"href":"https:\/\/dev.tg4.ie\/ga\/wp-json\/wp\/v2\/pages"}],"about":[{"href":"https:\/\/dev.tg4.ie\/ga\/wp-json\/wp\/v2\/types\/page"}],"author":[{"embeddable":true,"href":"https:\/\/dev.tg4.ie\/ga\/wp-json\/wp\/v2\/users\/876"}],"replies":[{"embeddable":true,"href":"https:\/\/dev.tg4.ie\/ga\/wp-json\/wp\/v2\/comments?post=246576"}],"version-history":[{"count":0,"href":"https:\/\/dev.tg4.ie\/ga\/wp-json\/wp\/v2\/pages\/246576\/revisions"}],"up":[{"embeddable":true,"href":"https:\/\/dev.tg4.ie\/ga\/wp-json\/wp\/v2\/pages\/236807"}],"wp:attachment":[{"href":"https:\/\/dev.tg4.ie\/ga\/wp-json\/wp\/v2\/media?parent=246576"}],"curies":[{"name":"wp","href":"https:\/\/api.w.org\/{rel}","templated":true}]}}