{"id":246612,"date":"2025-06-26T11:46:31","date_gmt":"2025-06-26T10:46:31","guid":{"rendered":"https:\/\/dev.tg4.ie\/eolas\/preas\/nuacht-raitis\/2025-2\/cursa-ceannrodaioch-iriseoireachta-gaeilge-seolta-ag-tg4-agus-greasan-na-mean-skillnet-2\/"},"modified":"2025-07-11T11:34:47","modified_gmt":"2025-07-11T10:34:47","slug":"drift-masters-beo-ar-ais-ar-tg4-le-craoladh-beo-o-phairc-mondello","status":"publish","type":"page","link":"https:\/\/dev.tg4.ie\/ga\/eolas\/preas\/nuacht-raitis\/2025-2\/drift-masters-beo-ar-ais-ar-tg4-le-craoladh-beo-o-phairc-mondello\/","title":{"rendered":"Drift Masters Beo ar ais ar TG4 le Craoladh Beo \u00f3 Ph\u00e1irc Mondello"},"content":{"rendered":"<p><img decoding=\"async\" src=\"https:\/\/res.cloudinary.com\/dfwshshcn\/image\/upload\/v1750936253\/Drift_Masters_Mondello_1_m5tsjj.jpg\" alt=\"Drift Masters Beo\" \/><\/p>\n<p>T\u00e1 r\u00edm\u00e9ad ar TG4 a fh\u00f3gairt go bhfuil <strong>Drift Masters Beo<\/strong> ag filleadh ar an gcain\u00e9al, le craoladh beo ar <strong>Bhabhta 4 de Chraobhchom\u00f3rtas Eorpach Drift Masters Red Bull \u00f3 Ph\u00e1irc Mondello, Co. Chill Dara<\/strong>, D\u00e9 Domhnaigh an <strong>29 Meitheamh \u00f3 15:20<\/strong>.<\/p>\n<p>Is \u00e9 seo an dara huair don chraolt\u00f3ir n\u00e1isi\u00fanta Gaeilge an com\u00f3rtas seo a chur ar an aer. Mealladh <strong>114,000 lucht f\u00e9achana beo<\/strong> D\u00e9 Domhnaigh an <strong>16 Meitheamh 2024<\/strong> don chraoladh anuraidh. Ba \u00e9 an cluiche ceannais spreag\u00fail idir bheirt \u00c9ireannach a bhain buaicphointe f\u00e9achana amach, nuair a fuair <strong>James Dean<\/strong> \u00f3 Chorcaigh an l\u00e1mh in uachtar ar <strong>Duane McKeever<\/strong> \u00f3 Th\u00edr Eoghain. Chr\u00edochnaigh McKeever ar bharr Dean ar an t\u00e1bla i ndeireadh na bliana 2024, sa dara h\u00e1it, \u00e1it amh\u00e1in os cionn Dean a th\u00e1inig sa tr\u00ed\u00fa h\u00e1it tar \u00e9is s\u00e9 bhabhta trasna s\u00e9 th\u00edr.<br \/>\n&nbsp;<br \/>\n<img decoding=\"async\" src=\"https:\/\/res.cloudinary.com\/dfwshshcn\/image\/upload\/v1750936264\/James_Dean_Mondello_2024_yndcck.jpg\" alt=\"James Dean Mondello 2024\" \/><\/p>\n<p>T\u00e1 seacht mbabhta sa s\u00e9as\u00far 2025, agus is ag P\u00e1irc Mondello a bheidh an ceathr\u00fa babhta, leathbhealach tr\u00edd an gcom\u00f3rtas. Tar \u00e9is an tr\u00ed\u00fa stad sa Fhionlainn, t\u00e1 na tiom\u00e1naithe \u00c9ireannacha i mbarr a r\u00e9ime:<\/p>\n<div>\n<ul>\n<li>T\u00e1 <strong>Conor Shanahan<\/strong> \u00f3 Chorcaigh ag barr an t\u00e1bla<\/li>\n<li>T\u00e1 a dhearth\u00e1ir <strong>Jack Shanahan<\/strong> sa seacht\u00fa h\u00e1it<\/li>\n<li>T\u00e1 <strong>James Dean<\/strong> f\u00f3s sa r\u00e1s sa tr\u00ed\u00fa h\u00e1it<\/li>\n<\/ul>\n<\/div>\n<p>T\u00e1 \u00c9ire freisin chun tosaigh i gCorn na N\u00e1isi\u00fan le <strong>287 bpointe<\/strong>, rud a l\u00e9ir\u00edonn an tionchar at\u00e1 ag \u00c9ire \u2013 agus go h\u00e1irithe ag Corcaigh \u2013 ar an sp\u00f3rt san Eoraip i mbliana.<\/p>\n<p>Is seachtain mh\u00f3r \u00ed seo do mh\u00f3tarsp\u00f3rt in \u00c9irinn, agus <strong>Conor Shanahan<\/strong> in \u00e9ineacht le <strong>16 de na tiom\u00e1naithe \u00c9ireannacha is fearr<\/strong> ag tabhairt faoin <strong>Red Bull Drift Pursuit<\/strong> ar <strong>Inis P\u00edc i gCorcaigh<\/strong> D\u00e9 Sathairn an <strong>5\u00fa I\u00fail<\/strong>.<\/p>\n<p><img decoding=\"async\" src=\"https:\/\/res.cloudinary.com\/dfwshshcn\/image\/upload\/v1750936271\/Conor_Shanahan_1_ogepfh.jpg\" alt=\"Conor Shanahan\" \/><\/p>\n<p>Beidh lucht lean\u00fana an mh\u00f3tarsp\u00f3irt ag s\u00fail le dr\u00e1ma\u00edocht, cruinneas, agus aicsean spleodrach \u00f3 na tiom\u00e1naithe is fearr san Eoraip \u2013 agus beidh s\u00e9 ar fad le feice\u00e1il beo ar TG4.<\/p>\n<h3><strong>N\u00e1 caillig\u00ed Drift Masters Beo \u2013 D\u00e9 Domhnaigh an 29 Meitheamh \u00f3 15:20, beo ar TG4 agus ar <a href=\"https:\/\/dev.tg4.ie\/\">TG4.ie<\/a>.<\/strong><\/h3>\n<p>Coinnigh suas chun d\u00e1ta ar na me\u00e1in sh\u00f3isialta ag <strong>@SportTG4<\/strong><br \/>\n&nbsp;<br \/>\nTuilleadh eolais faoi Chraobhchom\u00f3rtas Eorpach Red Bull Drift Masters anseo: <a href=\"https:\/\/dm.gp\/\">Drift Masters<\/a><br \/>\n&nbsp;<\/p>\n","protected":false},"excerpt":{"rendered":"<p>T\u00e1 r\u00edm\u00e9ad ar TG4 a fh\u00f3gairt go bhfuil Drift Masters Beo ag filleadh ar an gcain\u00e9al, le craoladh beo ar Bhabhta 4 de Chraobhchom\u00f3rtas Eorpach Drift Masters Red Bull \u00f3 Ph\u00e1irc Mondello, Co. Chill Dara, D\u00e9 Domhnaigh an 29 Meitheamh \u00f3 15:20. Is \u00e9 seo an dara huair don chraolt\u00f3ir n\u00e1isi\u00fanta Gaeilge an com\u00f3rtas seo [&hellip;]<\/p>\n","protected":false},"author":876,"featured_media":0,"parent":236807,"menu_order":30,"comment_status":"closed","ping_status":"closed","template":"page-templates\/template-pr.php","meta":{"_acf_changed":false,"footnotes":""},"acf":[],"yoast_head":"<!-- This site is optimized with the Yoast SEO plugin v22.6 - https:\/\/yoast.com\/wordpress\/plugins\/seo\/ -->\n<title>Drift Masters Beo ar ais ar TG4 le Craoladh Beo \u00f3 Ph\u00e1irc Mondello | Preasr\u00e1iteas | TG4<\/title>\n<meta name=\"description\" content=\"T\u00e1 r\u00edm\u00e9ad ar TG4 a fh\u00f3gairt go gcraolfaidh s\u00e9 gach c\u00e9im de Tour de France 2025 beo, rud a chialla\u00edonn go mbeidh an t-imeacht rotha\u00edochta is m\u00f3 agus is c\u00e1ili\u00fala ar domhan \u00e1 chur ar f\u00e1il saor go haer do lucht f\u00e9achana na h\u00c9ireann \u00f3 th\u00fas go deireadh.T\u00e1 c\u00farsa nua oili\u00fana iriseoireachta Gaeilge faoi sti\u00fair TG4 i gcomhph\u00e1irt\u00edocht le Gr\u00e9as\u00e1nT\u00e1 r\u00edm\u00e9ad ar TG4 a fh\u00f3gairt go bhfuil Drift Masters Beo ag filleadh ar an gcain\u00e9al, le craoladh beo ar Bhabhta 4 de Chraobhchom\u00f3rtas Eorpach Drift Masters Red Bull \u00f3 Ph\u00e1irc Mondello, Co. Chill Dara, D\u00e9 Domhnaigh an 29 Meitheamh \u00f3 15:20.\" \/>\n<meta name=\"robots\" content=\"index, follow, max-snippet:-1, max-image-preview:large, max-video-preview:-1\" \/>\n<meta property=\"og:locale\" content=\"en_US\" \/>\n<meta property=\"og:type\" content=\"article\" \/>\n<meta property=\"og:title\" content=\"Drift Masters Beo ar ais ar TG4 le Craoladh Beo \u00f3 Ph\u00e1irc Mondello | Preasr\u00e1iteas | TG4\" \/>\n<meta property=\"og:description\" content=\"T\u00e1 r\u00edm\u00e9ad ar TG4 a fh\u00f3gairt go gcraolfaidh s\u00e9 gach c\u00e9im de Tour de France 2025 beo, rud a chialla\u00edonn go mbeidh an t-imeacht rotha\u00edochta is m\u00f3 agus is c\u00e1ili\u00fala ar domhan \u00e1 chur ar f\u00e1il saor go haer do lucht f\u00e9achana na h\u00c9ireann \u00f3 th\u00fas go deireadh.T\u00e1 c\u00farsa nua oili\u00fana iriseoireachta Gaeilge faoi sti\u00fair TG4 i gcomhph\u00e1irt\u00edocht le Gr\u00e9as\u00e1nT\u00e1 r\u00edm\u00e9ad ar TG4 a fh\u00f3gairt go bhfuil Drift Masters Beo ag filleadh ar an gcain\u00e9al, le craoladh beo ar Bhabhta 4 de Chraobhchom\u00f3rtas Eorpach Drift Masters Red Bull \u00f3 Ph\u00e1irc Mondello, Co. Chill Dara, D\u00e9 Domhnaigh an 29 Meitheamh \u00f3 15:20.\" \/>\n<meta property=\"og:url\" content=\"https:\/\/dev.tg4.ie\/ga\/eolas\/preas\/nuacht-raitis\/2025-2\/drift-masters-beo-ar-ais-ar-tg4-le-craoladh-beo-o-phairc-mondello\/\" \/>\n<meta property=\"og:site_name\" content=\"TG4\" \/>\n<meta property=\"article:publisher\" content=\"https:\/\/www.facebook.com\/TG4TV\" \/>\n<meta property=\"article:modified_time\" content=\"2025-07-11T10:34:47+00:00\" \/>\n<meta property=\"og:image\" content=\"https:\/\/res.cloudinary.com\/dfwshshcn\/image\/upload\/v1750936253\/Drift_Masters_Mondello_1_m5tsjj.jpg\" \/>\n<meta name=\"twitter:card\" content=\"summary_large_image\" \/>\n<meta name=\"twitter:site\" content=\"@TG4TV\" \/>\n<meta name=\"twitter:label1\" content=\"Est. reading time\" \/>\n\t<meta name=\"twitter:data1\" content=\"3 minutes\" \/>\n<script type=\"application\/ld+json\" class=\"yoast-schema-graph\">{\"@context\":\"https:\/\/schema.org\",\"@graph\":[{\"@type\":\"WebPage\",\"@id\":\"https:\/\/dev.tg4.ie\/ga\/eolas\/preas\/nuacht-raitis\/2025-2\/drift-masters-beo-ar-ais-ar-tg4-le-craoladh-beo-o-phairc-mondello\/\",\"url\":\"https:\/\/dev.tg4.ie\/ga\/eolas\/preas\/nuacht-raitis\/2025-2\/drift-masters-beo-ar-ais-ar-tg4-le-craoladh-beo-o-phairc-mondello\/\",\"name\":\"Drift Masters Beo ar ais ar TG4 le Craoladh Beo \u00f3 Ph\u00e1irc Mondello | Preasr\u00e1iteas | TG4\",\"isPartOf\":{\"@id\":\"https:\/\/dev.tg4.ie\/en\/#website\"},\"primaryImageOfPage\":{\"@id\":\"https:\/\/dev.tg4.ie\/ga\/eolas\/preas\/nuacht-raitis\/2025-2\/drift-masters-beo-ar-ais-ar-tg4-le-craoladh-beo-o-phairc-mondello\/#primaryimage\"},\"image\":{\"@id\":\"https:\/\/dev.tg4.ie\/ga\/eolas\/preas\/nuacht-raitis\/2025-2\/drift-masters-beo-ar-ais-ar-tg4-le-craoladh-beo-o-phairc-mondello\/#primaryimage\"},\"thumbnailUrl\":\"https:\/\/res.cloudinary.com\/dfwshshcn\/image\/upload\/v1750936253\/Drift_Masters_Mondello_1_m5tsjj.jpg\",\"datePublished\":\"2025-06-26T10:46:31+00:00\",\"dateModified\":\"2025-07-11T10:34:47+00:00\",\"description\":\"T\u00e1 r\u00edm\u00e9ad ar TG4 a fh\u00f3gairt go gcraolfaidh s\u00e9 gach c\u00e9im de Tour de France 2025 beo, rud a chialla\u00edonn go mbeidh an t-imeacht rotha\u00edochta is m\u00f3 agus is c\u00e1ili\u00fala ar domhan \u00e1 chur ar f\u00e1il saor go haer do lucht f\u00e9achana na h\u00c9ireann \u00f3 th\u00fas go deireadh.T\u00e1 c\u00farsa nua oili\u00fana iriseoireachta Gaeilge faoi sti\u00fair TG4 i gcomhph\u00e1irt\u00edocht le Gr\u00e9as\u00e1nT\u00e1 r\u00edm\u00e9ad ar TG4 a fh\u00f3gairt go bhfuil Drift Masters Beo ag filleadh ar an gcain\u00e9al, le craoladh beo ar Bhabhta 4 de Chraobhchom\u00f3rtas Eorpach Drift Masters Red Bull \u00f3 Ph\u00e1irc Mondello, Co. Chill Dara, D\u00e9 Domhnaigh an 29 Meitheamh \u00f3 15:20.\",\"breadcrumb\":{\"@id\":\"https:\/\/dev.tg4.ie\/ga\/eolas\/preas\/nuacht-raitis\/2025-2\/drift-masters-beo-ar-ais-ar-tg4-le-craoladh-beo-o-phairc-mondello\/#breadcrumb\"},\"inLanguage\":\"ga\",\"potentialAction\":[{\"@type\":\"ReadAction\",\"target\":[\"https:\/\/dev.tg4.ie\/ga\/eolas\/preas\/nuacht-raitis\/2025-2\/drift-masters-beo-ar-ais-ar-tg4-le-craoladh-beo-o-phairc-mondello\/\"]}]},{\"@type\":\"ImageObject\",\"inLanguage\":\"ga\",\"@id\":\"https:\/\/dev.tg4.ie\/ga\/eolas\/preas\/nuacht-raitis\/2025-2\/drift-masters-beo-ar-ais-ar-tg4-le-craoladh-beo-o-phairc-mondello\/#primaryimage\",\"url\":\"https:\/\/res.cloudinary.com\/dfwshshcn\/image\/upload\/v1750936253\/Drift_Masters_Mondello_1_m5tsjj.jpg\",\"contentUrl\":\"https:\/\/res.cloudinary.com\/dfwshshcn\/image\/upload\/v1750936253\/Drift_Masters_Mondello_1_m5tsjj.jpg\"},{\"@type\":\"BreadcrumbList\",\"@id\":\"https:\/\/dev.tg4.ie\/ga\/eolas\/preas\/nuacht-raitis\/2025-2\/drift-masters-beo-ar-ais-ar-tg4-le-craoladh-beo-o-phairc-mondello\/#breadcrumb\",\"itemListElement\":[{\"@type\":\"ListItem\",\"position\":1,\"name\":\"Home\",\"item\":\"https:\/\/dev.tg4.ie\/ga\/\"},{\"@type\":\"ListItem\",\"position\":2,\"name\":\"Eolas\",\"item\":\"https:\/\/dev.tg4.ie\/ga\/eolas\/\"},{\"@type\":\"ListItem\",\"position\":3,\"name\":\"Preas\",\"item\":\"https:\/\/dev.tg4.ie\/ga\/eolas\/preas\/\"},{\"@type\":\"ListItem\",\"position\":4,\"name\":\"Nuacht R\u00e1itis\",\"item\":\"https:\/\/dev.tg4.ie\/ga\/eolas\/preas\/nuacht-raitis\/\"},{\"@type\":\"ListItem\",\"position\":5,\"name\":\"2025\",\"item\":\"https:\/\/dev.tg4.ie\/ga\/eolas\/preas\/nuacht-raitis\/2025-2\/\"},{\"@type\":\"ListItem\",\"position\":6,\"name\":\"Drift Masters Beo ar ais ar TG4 le Craoladh Beo \u00f3 Ph\u00e1irc Mondello\"}]},{\"@type\":\"WebSite\",\"@id\":\"https:\/\/dev.tg4.ie\/en\/#website\",\"url\":\"https:\/\/dev.tg4.ie\/en\/\",\"name\":\"TG4\",\"description\":\"S\u00fail Eile\",\"potentialAction\":[{\"@type\":\"SearchAction\",\"target\":{\"@type\":\"EntryPoint\",\"urlTemplate\":\"https:\/\/dev.tg4.ie\/en\/?s={search_term_string}\"},\"query-input\":\"required name=search_term_string\"}],\"inLanguage\":\"ga\"}]}<\/script>\n<!-- \/ Yoast SEO plugin. -->","yoast_head_json":{"title":"Drift Masters Beo ar ais ar TG4 le Craoladh Beo \u00f3 Ph\u00e1irc Mondello | Preasr\u00e1iteas | TG4","description":"T\u00e1 r\u00edm\u00e9ad ar TG4 a fh\u00f3gairt go gcraolfaidh s\u00e9 gach c\u00e9im de Tour de France 2025 beo, rud a chialla\u00edonn go mbeidh an t-imeacht rotha\u00edochta is m\u00f3 agus is c\u00e1ili\u00fala ar domhan \u00e1 chur ar f\u00e1il saor go haer do lucht f\u00e9achana na h\u00c9ireann \u00f3 th\u00fas go deireadh.T\u00e1 c\u00farsa nua oili\u00fana iriseoireachta Gaeilge faoi sti\u00fair TG4 i gcomhph\u00e1irt\u00edocht le Gr\u00e9as\u00e1nT\u00e1 r\u00edm\u00e9ad ar TG4 a fh\u00f3gairt go bhfuil Drift Masters Beo ag filleadh ar an gcain\u00e9al, le craoladh beo ar Bhabhta 4 de Chraobhchom\u00f3rtas Eorpach Drift Masters Red Bull \u00f3 Ph\u00e1irc Mondello, Co. Chill Dara, D\u00e9 Domhnaigh an 29 Meitheamh \u00f3 15:20.","robots":{"index":"index","follow":"follow","max-snippet":"max-snippet:-1","max-image-preview":"max-image-preview:large","max-video-preview":"max-video-preview:-1"},"og_locale":"en_US","og_type":"article","og_title":"Drift Masters Beo ar ais ar TG4 le Craoladh Beo \u00f3 Ph\u00e1irc Mondello | Preasr\u00e1iteas | TG4","og_description":"T\u00e1 r\u00edm\u00e9ad ar TG4 a fh\u00f3gairt go gcraolfaidh s\u00e9 gach c\u00e9im de Tour de France 2025 beo, rud a chialla\u00edonn go mbeidh an t-imeacht rotha\u00edochta is m\u00f3 agus is c\u00e1ili\u00fala ar domhan \u00e1 chur ar f\u00e1il saor go haer do lucht f\u00e9achana na h\u00c9ireann \u00f3 th\u00fas go deireadh.T\u00e1 c\u00farsa nua oili\u00fana iriseoireachta Gaeilge faoi sti\u00fair TG4 i gcomhph\u00e1irt\u00edocht le Gr\u00e9as\u00e1nT\u00e1 r\u00edm\u00e9ad ar TG4 a fh\u00f3gairt go bhfuil Drift Masters Beo ag filleadh ar an gcain\u00e9al, le craoladh beo ar Bhabhta 4 de Chraobhchom\u00f3rtas Eorpach Drift Masters Red Bull \u00f3 Ph\u00e1irc Mondello, Co. Chill Dara, D\u00e9 Domhnaigh an 29 Meitheamh \u00f3 15:20.","og_url":"https:\/\/dev.tg4.ie\/ga\/eolas\/preas\/nuacht-raitis\/2025-2\/drift-masters-beo-ar-ais-ar-tg4-le-craoladh-beo-o-phairc-mondello\/","og_site_name":"TG4","article_publisher":"https:\/\/www.facebook.com\/TG4TV","article_modified_time":"2025-07-11T10:34:47+00:00","og_image":[{"url":"https:\/\/res.cloudinary.com\/dfwshshcn\/image\/upload\/v1750936253\/Drift_Masters_Mondello_1_m5tsjj.jpg"}],"twitter_card":"summary_large_image","twitter_site":"@TG4TV","twitter_misc":{"Est. reading time":"3 minutes"},"schema":{"@context":"https:\/\/schema.org","@graph":[{"@type":"WebPage","@id":"https:\/\/dev.tg4.ie\/ga\/eolas\/preas\/nuacht-raitis\/2025-2\/drift-masters-beo-ar-ais-ar-tg4-le-craoladh-beo-o-phairc-mondello\/","url":"https:\/\/dev.tg4.ie\/ga\/eolas\/preas\/nuacht-raitis\/2025-2\/drift-masters-beo-ar-ais-ar-tg4-le-craoladh-beo-o-phairc-mondello\/","name":"Drift Masters Beo ar ais ar TG4 le Craoladh Beo \u00f3 Ph\u00e1irc Mondello | Preasr\u00e1iteas | TG4","isPartOf":{"@id":"https:\/\/dev.tg4.ie\/en\/#website"},"primaryImageOfPage":{"@id":"https:\/\/dev.tg4.ie\/ga\/eolas\/preas\/nuacht-raitis\/2025-2\/drift-masters-beo-ar-ais-ar-tg4-le-craoladh-beo-o-phairc-mondello\/#primaryimage"},"image":{"@id":"https:\/\/dev.tg4.ie\/ga\/eolas\/preas\/nuacht-raitis\/2025-2\/drift-masters-beo-ar-ais-ar-tg4-le-craoladh-beo-o-phairc-mondello\/#primaryimage"},"thumbnailUrl":"https:\/\/res.cloudinary.com\/dfwshshcn\/image\/upload\/v1750936253\/Drift_Masters_Mondello_1_m5tsjj.jpg","datePublished":"2025-06-26T10:46:31+00:00","dateModified":"2025-07-11T10:34:47+00:00","description":"T\u00e1 r\u00edm\u00e9ad ar TG4 a fh\u00f3gairt go gcraolfaidh s\u00e9 gach c\u00e9im de Tour de France 2025 beo, rud a chialla\u00edonn go mbeidh an t-imeacht rotha\u00edochta is m\u00f3 agus is c\u00e1ili\u00fala ar domhan \u00e1 chur ar f\u00e1il saor go haer do lucht f\u00e9achana na h\u00c9ireann \u00f3 th\u00fas go deireadh.T\u00e1 c\u00farsa nua oili\u00fana iriseoireachta Gaeilge faoi sti\u00fair TG4 i gcomhph\u00e1irt\u00edocht le Gr\u00e9as\u00e1nT\u00e1 r\u00edm\u00e9ad ar TG4 a fh\u00f3gairt go bhfuil Drift Masters Beo ag filleadh ar an gcain\u00e9al, le craoladh beo ar Bhabhta 4 de Chraobhchom\u00f3rtas Eorpach Drift Masters Red Bull \u00f3 Ph\u00e1irc Mondello, Co. Chill Dara, D\u00e9 Domhnaigh an 29 Meitheamh \u00f3 15:20.","breadcrumb":{"@id":"https:\/\/dev.tg4.ie\/ga\/eolas\/preas\/nuacht-raitis\/2025-2\/drift-masters-beo-ar-ais-ar-tg4-le-craoladh-beo-o-phairc-mondello\/#breadcrumb"},"inLanguage":"ga","potentialAction":[{"@type":"ReadAction","target":["https:\/\/dev.tg4.ie\/ga\/eolas\/preas\/nuacht-raitis\/2025-2\/drift-masters-beo-ar-ais-ar-tg4-le-craoladh-beo-o-phairc-mondello\/"]}]},{"@type":"ImageObject","inLanguage":"ga","@id":"https:\/\/dev.tg4.ie\/ga\/eolas\/preas\/nuacht-raitis\/2025-2\/drift-masters-beo-ar-ais-ar-tg4-le-craoladh-beo-o-phairc-mondello\/#primaryimage","url":"https:\/\/res.cloudinary.com\/dfwshshcn\/image\/upload\/v1750936253\/Drift_Masters_Mondello_1_m5tsjj.jpg","contentUrl":"https:\/\/res.cloudinary.com\/dfwshshcn\/image\/upload\/v1750936253\/Drift_Masters_Mondello_1_m5tsjj.jpg"},{"@type":"BreadcrumbList","@id":"https:\/\/dev.tg4.ie\/ga\/eolas\/preas\/nuacht-raitis\/2025-2\/drift-masters-beo-ar-ais-ar-tg4-le-craoladh-beo-o-phairc-mondello\/#breadcrumb","itemListElement":[{"@type":"ListItem","position":1,"name":"Home","item":"https:\/\/dev.tg4.ie\/ga\/"},{"@type":"ListItem","position":2,"name":"Eolas","item":"https:\/\/dev.tg4.ie\/ga\/eolas\/"},{"@type":"ListItem","position":3,"name":"Preas","item":"https:\/\/dev.tg4.ie\/ga\/eolas\/preas\/"},{"@type":"ListItem","position":4,"name":"Nuacht R\u00e1itis","item":"https:\/\/dev.tg4.ie\/ga\/eolas\/preas\/nuacht-raitis\/"},{"@type":"ListItem","position":5,"name":"2025","item":"https:\/\/dev.tg4.ie\/ga\/eolas\/preas\/nuacht-raitis\/2025-2\/"},{"@type":"ListItem","position":6,"name":"Drift Masters Beo ar ais ar TG4 le Craoladh Beo \u00f3 Ph\u00e1irc Mondello"}]},{"@type":"WebSite","@id":"https:\/\/dev.tg4.ie\/en\/#website","url":"https:\/\/dev.tg4.ie\/en\/","name":"TG4","description":"S\u00fail Eile","potentialAction":[{"@type":"SearchAction","target":{"@type":"EntryPoint","urlTemplate":"https:\/\/dev.tg4.ie\/en\/?s={search_term_string}"},"query-input":"required name=search_term_string"}],"inLanguage":"ga"}]}},"_links":{"self":[{"href":"https:\/\/dev.tg4.ie\/ga\/wp-json\/wp\/v2\/pages\/246612"}],"collection":[{"href":"https:\/\/dev.tg4.ie\/ga\/wp-json\/wp\/v2\/pages"}],"about":[{"href":"https:\/\/dev.tg4.ie\/ga\/wp-json\/wp\/v2\/types\/page"}],"author":[{"embeddable":true,"href":"https:\/\/dev.tg4.ie\/ga\/wp-json\/wp\/v2\/users\/876"}],"replies":[{"embeddable":true,"href":"https:\/\/dev.tg4.ie\/ga\/wp-json\/wp\/v2\/comments?post=246612"}],"version-history":[{"count":0,"href":"https:\/\/dev.tg4.ie\/ga\/wp-json\/wp\/v2\/pages\/246612\/revisions"}],"up":[{"embeddable":true,"href":"https:\/\/dev.tg4.ie\/ga\/wp-json\/wp\/v2\/pages\/236807"}],"wp:attachment":[{"href":"https:\/\/dev.tg4.ie\/ga\/wp-json\/wp\/v2\/media?parent=246612"}],"curies":[{"name":"wp","href":"https:\/\/api.w.org\/{rel}","templated":true}]}}