{"id":246666,"date":"2025-07-01T13:52:21","date_gmt":"2025-07-01T12:52:21","guid":{"rendered":"https:\/\/dev.tg4.ie\/eolas\/preas\/nuacht-raitis\/2025-2\/drift-masters-beo-ar-ais-ar-tg4-le-craoladh-beo-o-phairc-mondello-2\/"},"modified":"2025-07-11T11:34:31","modified_gmt":"2025-07-11T10:34:31","slug":"scannain-de-chuid-tg4-le-taispeaint-den-chead-uair-ag-fleadh-scannan-na-gaillimhe-2025","status":"publish","type":"page","link":"https:\/\/dev.tg4.ie\/ga\/eolas\/preas\/nuacht-raitis\/2025-2\/scannain-de-chuid-tg4-le-taispeaint-den-chead-uair-ag-fleadh-scannan-na-gaillimhe-2025\/","title":{"rendered":"Scann\u00e1in de chuid TG4 le Taispe\u00e1int den Ch\u00e9ad Uair ag Fleadh Scann\u00e1n na Gaillimhe 2025"},"content":{"rendered":"<p>T\u00e1 r\u00edm\u00e9ad ar TG4 go mbeidh 9 gcinn d\u00e1 chuid tionscadal \u00e1 dtaispe\u00e1int ag Fleadh Scann\u00e1n na Gaillimhe 2025. Taispe\u00e1nfar an ch\u00e9ad scann\u00e1n eile faoi sc\u00e9im CINE4, <strong>B\u00e1ite<\/strong>, den ch\u00e9ad uair ag Fleadh Scann\u00e1n na Gaillimhe i mbliana. Cuirfear <strong>B\u00e1ite<\/strong> ar sc\u00e1ile\u00e1n in <strong>Amharclann Halla an Bhaile ag 7pm D\u00e9 C\u00e9adaoin an 9 I\u00fail<\/strong>.<br \/>\n&nbsp;<\/p>\n<table>\n<tbody>\n<tr>\n<td width=\"33%\"><img decoding=\"async\" src=\"https:\/\/res.cloudinary.com\/dfwshshcn\/image\/upload\/v1751375471\/pic1_zhylmc.jpg\" alt=\"B\u00e1ite1\" \/><\/td>\n<td width=\"33%\"><img decoding=\"async\" src=\"https:\/\/res.cloudinary.com\/dfwshshcn\/image\/upload\/v1751375478\/pic2_easumw.jpg\" alt=\"B\u00e1ite2\" \/><\/td>\n<td width=\"33%\"><img decoding=\"async\" src=\"https:\/\/res.cloudinary.com\/dfwshshcn\/image\/upload\/v1751375485\/pic3_ghathk.jpg\" alt=\"B\u00e1ite3\" \/><\/td>\n<\/tr>\n<\/tbody>\n<\/table>\n<p>&nbsp;<\/p>\n<h3><center>Seo a leanas na scann\u00e1in de chuid TG4 a bheidh le feice\u00e1il ag an bhFleadh i mbliana:<\/center><\/h3>\n<p><strong>B\u00e1ite<\/strong> &#8211; N\u00ed bheidh an saol mar an gc\u00e9anna go br\u00e1ch ar\u00eds do Peggy Casey, bean an t\u00ed Tigh Casey, nuair a aims\u00edtear corp sa loch nuair a \u00edsl\u00edonn leibh\u00e9al an uisce ann. Tagann an Bleachtaire Frank Ryan anuas as Baile \u00c1tha Cliath agus cuireann s\u00e9 an saol tr\u00edna ch\u00e9ile ar Peggy nuair a fhaigheann s\u00e9 amach faoi stair an bhaile, agus faoi Peggy agus a clann.  Arna l\u00e9iri\u00fa ag Dan\u00fa Media le taca\u00edocht \u00f3 F\u00eds \u00c9ireann, TG4 agus Coimisi\u00fan na Me\u00e1n.<\/p>\n<p><strong>Ag Lorg Hy-Brasil<\/strong> <em>1pm D\u00e9 C\u00e9adaoin an 9  I\u00fail in amharclann an Ph\u00e1l\u00e1is<\/em><br \/>\n<img decoding=\"async\" src=\"https:\/\/res.cloudinary.com\/dfwshshcn\/image\/upload\/v1751377105\/picHyBrasil_beefbg.jpg\" alt=\"Hy-Brasil\" \/><\/p>\n<p>Is scann\u00e1n fada faisn\u00e9ise \u00e9 <strong>Ag Lorg Hy-Brasil<\/strong> a fuair \u00e1bhar inspior\u00e1ide \u00f3 iontr\u00e1il na h\u00c9ireann ag Bienniale Ailtireachta na Vein\u00e9ise. Bh\u00ed Inis Me\u00e1in i gcro\u00edl\u00e1r an taispe\u00e1ntais. Go stairi\u00fail, bh\u00ed ailtireacht an oile\u00e1in chreagaigh sceirdi\u00fail seo m\u00fanlaithe ag a thaobh t\u00edre agus ag an \u00e1bhar ar leith a bh\u00ed le f\u00e1il ann. Bh\u00ed s\u00e9 sin ina fhoinse shaibhir inspior\u00e1ide ag an bhfoireann d\u2019ailtir\u00ed \u00c9ireannacha a roghna\u00edodh. T\u00e1 coincheap thar a bheith f\u00edsi\u00fail ag baint le <strong>Ag Lorg Hy-Brasil<\/strong>. Baintear \u00fas\u00e1id as \u00edomh\u00e1nna agus fuaimeanna chun gn\u00e9ithe an oile\u00e1in a threisi\u00fa, mar aon le sc\u00e9alta a \u00fas\u00e1id chun b\u00e9im a leagan ar n\u00e1d\u00far aonrach eisceacht\u00fail an tsaoil ar an oile\u00e1n. Arna l\u00e9iri\u00fa ag Red Pepper Productions Ltd agus arna maoini\u00fa faoi sc\u00e9im ilD\u00c1NA na Comhairle Eala\u00edon agus TG4.<\/p>\n<p>&nbsp;<\/p>\n<p><strong>David Keenan &#8211; Focla ar Chanbh\u00e1s<\/strong> <em>9.30pm D\u00e9 C\u00e9adaoin an 9  I\u00fail in amharclann an Ph\u00e1l\u00e1is<\/em><br \/>\n<img decoding=\"async\" src=\"https:\/\/res.cloudinary.com\/dfwshshcn\/image\/upload\/v1751375494\/pic4_kf1ioq.jpg\" alt=\"David Keenan\" \/><\/p>\n<p>Portr\u00e1id at\u00e1 sa gcl\u00e1r seo d\u2019eala\u00edont\u00f3ir amh\u00e1in agus \u00e9 ina fhear \u00f3g, ach is portr\u00e1id freisin \u00e9 de gach uile eala\u00edont\u00f3ir ceoil at\u00e1 ar a dh\u00edcheall an f\u00f3d a sheasamh in aghaidh chumhacht na n-algartam, agus fanacht d\u00edlis d\u00f3 f\u00e9in agus d\u00e1 ghairm ar bhealach cumhachtach. \u202fArna l\u00e9iri\u00fa ag Tua Films agus arna maoini\u00fa faoi sc\u00e9im ilD\u00c1NA na Comhairle Eala\u00edon agus TG4.<\/p>\n<p>&nbsp;<\/p>\n<p><strong>Mam\u00f3 &#038; Mise<\/strong> <em>10am D\u00e9 C\u00e9adaoin an 9 I\u00fail in Amharclann Halla an Bhaile<\/em><br \/>\n<img decoding=\"async\" src=\"https:\/\/res.cloudinary.com\/dfwshshcn\/image\/upload\/v1751375502\/pic5_wrzrcg.jpg\" alt=\"Mam\u00f3 agus Mise\" \/><\/p>\n<p>T\u00e9ann Fionn ag m\u00faitse\u00e1il \u00f3n scoil chun a l\u00e1 deireanach a chaitheamh in \u00e9ineacht lena mham\u00f3 ar eachtra faoin tuath i gCorcaigh. Arna l\u00e9iri\u00fa ag Desmond Bros Media Limited. Maoinithe ag TG4 i gcomhph\u00e1irt\u00edocht le TG4 agus EBU.<\/p>\n<p>&nbsp;<\/p>\n<p><strong>Beo Faoin bhF\u00f3d<\/strong> <em>11.30am D\u00e9 hAoine an 11 I\u00fail in amharclann an Ph\u00e1l\u00e1is<\/em><br \/>\n<img decoding=\"async\" src=\"https:\/\/res.cloudinary.com\/dfwshshcn\/image\/upload\/v1751375513\/pic6_jvnt0c.jpg\" alt=\"Beo faoin bhF\u00f3d\" \/><\/p>\n<p>Cuireadh Mick Meaney faoin bhf\u00f3d i Londain i gc\u00f3nra shimpl\u00ed adhmaid in 1968. Th\u00e1inig na c\u00e9adta ag an adhlacadh chun Mick a cheili\u00faradh. Ach, mar a tharla\u00edonn s\u00e9, n\u00ed raibh Mick b\u00e1saithe. Bh\u00ed s\u00e9 ag glacadh p\u00e1irt i gcom\u00f3rtas f\u00e9achaint leis an gcuriarracht dhomhanda don \u2018Am is Faide ag Duine Beo faoin bhF\u00f3d\u2019 a sh\u00e1r\u00fa.<\/p>\n<p>N\u00edorbh \u00e9 Mick an ch\u00e9ad duine f\u00e9achaint leis an gcuriarracht seo a bhaint amach, creid \u00e9 n\u00f3 n\u00e1 creid. Tosa\u00edonn an sc\u00e9al in California sna 1920\u00ed agus cr\u00edochna\u00edonn s\u00e9 le bean rialta as an \u00cdsilt\u00edr agus \u00ed curtha faoi bhf\u00f3d i bp\u00e1irc aonaigh in Skegness. Tr\u00ed \u00fas\u00e1id a bhaint as \u00e1bhar cartlainne, beochana agus agallaimh le daoine a raibh aithne phearsanta acu ar Mick, tugtar an sc\u00e9al seo chun beatha tr\u00ed sh\u00faile a in\u00edne cean\u00fala, at\u00e1 ag streachailt le hoidhreacht aisteach a hathar. \u00a0Arna l\u00e9iri\u00fa ag Black Lobster Production. Maoinithe ag TG4 agus Coimisi\u00fan na Me\u00e1n.<\/p>\n<p>&nbsp;<\/p>\n<p><strong>\u00c9ire agus na Ch\u00e9ad N\u00e1isi\u00fain<\/strong> <em>1.30pm D\u00e9 hAoine an 11 I\u00fail in Amharclann Halla an Bhaile<\/em><br \/>\n<img decoding=\"async\" src=\"https:\/\/res.cloudinary.com\/dfwshshcn\/image\/upload\/v1751375520\/pic7_tkxzed.jpg\" alt=\"\u00c9ire agus na Ch\u00e9ad N\u00e1isi\u00fain\" \/><\/p>\n<p>Sc\u00e9al dochreidte, a ligtear i ndearmad go minic, faoi na Gaeil agus an caidreamh stairi\u00fail a bh\u00ed acu le Ch\u00e9ad N\u00e1isi\u00fain Mheirice\u00e1 Thuaidh. Nochtann comhr\u00e1ite le hacad\u00f3ir\u00ed agus tr\u00e1chtair\u00ed bund\u00fachasacha a bhfuil tuiscint den scoth acu ar an sc\u00e9al, chomh maith le roinnt de na staraithe is m\u00f3 c\u00e1il in \u00c9irinn, f\u00edrinne an sc\u00e9il r\u00edshuimi\u00fail seo. L\u00e9irigh \u00e1r n-iompar i leith na mBund\u00fachasach an scoilt mh\u00f3r in\u00e1r n-aigne f\u00e9in mar n\u00e1isi\u00fan ag an am. Ba chairde agus naimhde muid, daoine a d\u00edshealbha\u00edodh agus a dh\u00edshealbhaigh daoine eile \u00f3na dtalamh f\u00e9in.\u202f Arna l\u00e9iri\u00fa ag Ronin Films le taca\u00edocht \u00f3 TG4, ILBF agus Coimisi\u00fan na Me\u00e1n.<\/p>\n<p>&nbsp;<\/p>\n<p><strong>Baba\u00ed Brain<\/strong> <em>9.30am D\u00e9 Sathairn an 12 I\u00fail in Amharclann Halla an Bhaile<\/em><br \/>\n<img decoding=\"async\" src=\"https:\/\/res.cloudinary.com\/dfwshshcn\/image\/upload\/v1751375530\/pic8_prttbj.jpg\" alt=\"Baba\u00ed Brain\" \/><\/p>\n<p>T\u00e1 Sarah an-mh\u00f3r uile ag iarraidh p\u00e1iste a bheith aici, go h\u00e1irithe anois agus teipthe ar an gc\u00f3ire\u00e1il IVF a bh\u00ed s\u00ed a fh\u00e1il. Tosa\u00edonn s\u00ed ag d\u00e9anamh drochroghanna, fad is at\u00e1 s\u00ed ag streachailt leis an uaigneas agus foirfeacht, a fh\u00e1gann m\u00edshoil\u00e9ir an difear at\u00e1 idir an uaillmhian agus a bheith ag cur an dallamull\u00f3g ort f\u00e9in. Arna l\u00e9iri\u00fa ag Meangadh F\u00edb\u00edn. Maoinithe ag F\u00eds \u00c9ireann, TG4 agus ILBF.<\/p>\n<p>&nbsp;<\/p>\n<p><strong>Ag Taisteal Siar<\/strong> <em>11.30am D\u00e9 Domhnaigh an 13 I\u00fail in amharclann an Ph\u00e1l\u00e1is<\/em><br \/>\n<img decoding=\"async\" src=\"https:\/\/res.cloudinary.com\/dfwshshcn\/image\/upload\/v1751375536\/pic9_cug5eg.jpg\" alt=\"Ag Taisteal Siar\" \/><\/p>\n<p>Is saintr\u00e9ith de chuid oidhreacht cheoil na h\u00c9ireann \u00e9 ceol an Lucht Si\u00fail \u00f3n am a raibh t\u00f3ir ollmh\u00f3r ar bhail\u00e9id sna 1960\u00ed. De r\u00e9ir mar a bh\u00ed an ceol ag dul \u00f3 neart go neart, bh\u00ed athr\u00fa ollmh\u00f3r ag teacht ar an saol a bh\u00ed \u00e1 chaitheamh ag an Lucht Si\u00fail. Fiosra\u00edtear in <strong>Ag Taisteal Siar<\/strong>\u202fan m\u00e9id ollmh\u00f3r, go minic nach dtugtar aitheantas ar bith d\u00f3, at\u00e1 curtha ag laochra amhail Pecker Dunne, Maggie Barry agus Johnny Doran le hoidhreacht cheoil na h\u00c9ireann. Beidh ceol agus agallaimh le Kathleen Keenan, Sarah Dunne, Sharyn Ward, Niamh Dunne agus Steo Wall, mar aon le fil\u00edocht a scr\u00edobh Martin Warde, mar chuid den chl\u00e1r freisin. Maoinithe faoin sc\u00e9im ilD\u00c1NA, Coimisi\u00fan na Me\u00e1n, ILBF. Arna l\u00e9iri\u00fa ag DoubleBand Films.<\/p>\n<p>&nbsp;<\/p>\n<p><strong>Aontas<\/strong> <em>1.15pm D\u00e9 Domhnaigh an 13 I\u00fail in amharclann an Ph\u00e1l\u00e1is<\/em><br \/>\n<img decoding=\"async\" src=\"https:\/\/res.cloudinary.com\/dfwshshcn\/image\/upload\/v1751375543\/pic10_dnfygi.jpg\" alt=\"Aontas\" \/><\/p>\n<p>F\u00e9achann tri\u00far gadaithe neamhghn\u00e1cha, faoi sti\u00fair mn\u00e1 at\u00e1 ar t\u00ed cliseadh n\u00e9ar\u00f3gach a bheith aici, le comhar creidmheasa faoin tuath a rob\u00e1il. Tosa\u00edonn <strong>Aontas<\/strong> leis an ngada\u00edocht imithe in aimhr\u00e9idh orthu agus ins\u00edtear an sc\u00e9al droim ar ais go nochtar na heachtra\u00ed a tharla roimh r\u00e9. Tr\u00ed sin a dh\u00e9anamh cuirtear bean cheannd\u00e1na at\u00e1 cr\u00e1ite ag a cuid smaointe f\u00e9in os \u00e1r gcomhair.\u202fArna l\u00e9iri\u00fa ag P\u00faca Pictures. Maoinithe ag ILBF, TG4, BBC Thuaisceart \u00c9ireann, le taca\u00edocht \u00f3 Yellowmoon.<\/p>\n<p>&nbsp;<\/p>\n<p>Tuilleadh picti\u00fair ar f\u00e1il: <a href=\"https:\/\/tg4.wetransfer.com\/downloads\/dc730d617351e2af797f880bcd771bb420250701111920\/53f82f?t_exp=1756552761&#038;t_lsid=1256bccd-4fda-4e42-9e43-3a6a19509f1c&#038;t_network=link&#038;t_rid=YXV0aDB8VHJhbnNmZXJ8cGU0a3Y2MHllbG8=&#038;t_s=download_link&#038;t_ts=1751368761\">Picti\u00fair TG4<\/a><br \/>\n&nbsp;<\/p>\n","protected":false},"excerpt":{"rendered":"<p>T\u00e1 r\u00edm\u00e9ad ar TG4 go mbeidh 9 gcinn d\u00e1 chuid tionscadal \u00e1 dtaispe\u00e1int ag Fleadh Scann\u00e1n na Gaillimhe 2025. Taispe\u00e1nfar an ch\u00e9ad scann\u00e1n eile faoi sc\u00e9im CINE4, B\u00e1ite, den ch\u00e9ad uair ag Fleadh Scann\u00e1n na Gaillimhe i mbliana. Cuirfear B\u00e1ite ar sc\u00e1ile\u00e1n in Amharclann Halla an Bhaile ag 7pm D\u00e9 C\u00e9adaoin an 9 I\u00fail. &nbsp; [&hellip;]<\/p>\n","protected":false},"author":876,"featured_media":0,"parent":236807,"menu_order":31,"comment_status":"closed","ping_status":"closed","template":"page-templates\/template-pr.php","meta":{"_acf_changed":false,"footnotes":""},"acf":[],"yoast_head":"<!-- This site is optimized with the Yoast SEO plugin v22.6 - https:\/\/yoast.com\/wordpress\/plugins\/seo\/ -->\n<title>Scann\u00e1in de chuid TG4 le Taispe\u00e1int den Ch\u00e9ad Uair ag Fleadh Scann\u00e1n na Gaillimhe 2025 | Preasr\u00e1iteas | TG4<\/title>\n<meta name=\"description\" content=\"T\u00e1 r\u00edm\u00e9ad ar TG4 go mbeidh 9 gcinn d\u00e1 chuid tionscadal \u00e1 dtaispe\u00e1int ag Fleadh Scann\u00e1n na Gaillimhe 2025. Taispe\u00e1nfar an ch\u00e9ad scann\u00e1n eile faoi sc\u00e9im CINE4, B\u00e1ite, den ch\u00e9ad uair ag Fleadh Scann\u00e1n na Gaillimhe i mbliana. Cuirfear B\u00e1ite ar sc\u00e1ile\u00e1n in Amharclann Halla an Bhaile ag 7pm D\u00e9 C\u00e9adaoin an 9 I\u00fail.\" \/>\n<meta name=\"robots\" content=\"index, follow, max-snippet:-1, max-image-preview:large, max-video-preview:-1\" \/>\n<meta property=\"og:locale\" content=\"en_US\" \/>\n<meta property=\"og:type\" content=\"article\" \/>\n<meta property=\"og:title\" content=\"Scann\u00e1in de chuid TG4 le Taispe\u00e1int den Ch\u00e9ad Uair ag Fleadh Scann\u00e1n na Gaillimhe 2025 | Preasr\u00e1iteas | TG4\" \/>\n<meta property=\"og:description\" content=\"T\u00e1 r\u00edm\u00e9ad ar TG4 go mbeidh 9 gcinn d\u00e1 chuid tionscadal \u00e1 dtaispe\u00e1int ag Fleadh Scann\u00e1n na Gaillimhe 2025. Taispe\u00e1nfar an ch\u00e9ad scann\u00e1n eile faoi sc\u00e9im CINE4, B\u00e1ite, den ch\u00e9ad uair ag Fleadh Scann\u00e1n na Gaillimhe i mbliana. Cuirfear B\u00e1ite ar sc\u00e1ile\u00e1n in Amharclann Halla an Bhaile ag 7pm D\u00e9 C\u00e9adaoin an 9 I\u00fail.\" \/>\n<meta property=\"og:url\" content=\"https:\/\/dev.tg4.ie\/ga\/eolas\/preas\/nuacht-raitis\/2025-2\/scannain-de-chuid-tg4-le-taispeaint-den-chead-uair-ag-fleadh-scannan-na-gaillimhe-2025\/\" \/>\n<meta property=\"og:site_name\" content=\"TG4\" \/>\n<meta property=\"article:publisher\" content=\"https:\/\/www.facebook.com\/TG4TV\" \/>\n<meta property=\"article:modified_time\" content=\"2025-07-11T10:34:31+00:00\" \/>\n<meta property=\"og:image\" content=\"https:\/\/res.cloudinary.com\/dfwshshcn\/image\/upload\/v1751375471\/pic1_zhylmc.jpg\" \/>\n<meta name=\"twitter:card\" content=\"summary_large_image\" \/>\n<meta name=\"twitter:site\" content=\"@TG4TV\" \/>\n<meta name=\"twitter:label1\" content=\"Est. reading time\" \/>\n\t<meta name=\"twitter:data1\" content=\"7 minutes\" \/>\n<script type=\"application\/ld+json\" class=\"yoast-schema-graph\">{\"@context\":\"https:\/\/schema.org\",\"@graph\":[{\"@type\":\"WebPage\",\"@id\":\"https:\/\/dev.tg4.ie\/ga\/eolas\/preas\/nuacht-raitis\/2025-2\/scannain-de-chuid-tg4-le-taispeaint-den-chead-uair-ag-fleadh-scannan-na-gaillimhe-2025\/\",\"url\":\"https:\/\/dev.tg4.ie\/ga\/eolas\/preas\/nuacht-raitis\/2025-2\/scannain-de-chuid-tg4-le-taispeaint-den-chead-uair-ag-fleadh-scannan-na-gaillimhe-2025\/\",\"name\":\"Scann\u00e1in de chuid TG4 le Taispe\u00e1int den Ch\u00e9ad Uair ag Fleadh Scann\u00e1n na Gaillimhe 2025 | Preasr\u00e1iteas | TG4\",\"isPartOf\":{\"@id\":\"https:\/\/dev.tg4.ie\/en\/#website\"},\"primaryImageOfPage\":{\"@id\":\"https:\/\/dev.tg4.ie\/ga\/eolas\/preas\/nuacht-raitis\/2025-2\/scannain-de-chuid-tg4-le-taispeaint-den-chead-uair-ag-fleadh-scannan-na-gaillimhe-2025\/#primaryimage\"},\"image\":{\"@id\":\"https:\/\/dev.tg4.ie\/ga\/eolas\/preas\/nuacht-raitis\/2025-2\/scannain-de-chuid-tg4-le-taispeaint-den-chead-uair-ag-fleadh-scannan-na-gaillimhe-2025\/#primaryimage\"},\"thumbnailUrl\":\"https:\/\/res.cloudinary.com\/dfwshshcn\/image\/upload\/v1751375471\/pic1_zhylmc.jpg\",\"datePublished\":\"2025-07-01T12:52:21+00:00\",\"dateModified\":\"2025-07-11T10:34:31+00:00\",\"description\":\"T\u00e1 r\u00edm\u00e9ad ar TG4 go mbeidh 9 gcinn d\u00e1 chuid tionscadal \u00e1 dtaispe\u00e1int ag Fleadh Scann\u00e1n na Gaillimhe 2025. Taispe\u00e1nfar an ch\u00e9ad scann\u00e1n eile faoi sc\u00e9im CINE4, B\u00e1ite, den ch\u00e9ad uair ag Fleadh Scann\u00e1n na Gaillimhe i mbliana. Cuirfear B\u00e1ite ar sc\u00e1ile\u00e1n in Amharclann Halla an Bhaile ag 7pm D\u00e9 C\u00e9adaoin an 9 I\u00fail.\",\"breadcrumb\":{\"@id\":\"https:\/\/dev.tg4.ie\/ga\/eolas\/preas\/nuacht-raitis\/2025-2\/scannain-de-chuid-tg4-le-taispeaint-den-chead-uair-ag-fleadh-scannan-na-gaillimhe-2025\/#breadcrumb\"},\"inLanguage\":\"ga\",\"potentialAction\":[{\"@type\":\"ReadAction\",\"target\":[\"https:\/\/dev.tg4.ie\/ga\/eolas\/preas\/nuacht-raitis\/2025-2\/scannain-de-chuid-tg4-le-taispeaint-den-chead-uair-ag-fleadh-scannan-na-gaillimhe-2025\/\"]}]},{\"@type\":\"ImageObject\",\"inLanguage\":\"ga\",\"@id\":\"https:\/\/dev.tg4.ie\/ga\/eolas\/preas\/nuacht-raitis\/2025-2\/scannain-de-chuid-tg4-le-taispeaint-den-chead-uair-ag-fleadh-scannan-na-gaillimhe-2025\/#primaryimage\",\"url\":\"https:\/\/res.cloudinary.com\/dfwshshcn\/image\/upload\/v1751375471\/pic1_zhylmc.jpg\",\"contentUrl\":\"https:\/\/res.cloudinary.com\/dfwshshcn\/image\/upload\/v1751375471\/pic1_zhylmc.jpg\"},{\"@type\":\"BreadcrumbList\",\"@id\":\"https:\/\/dev.tg4.ie\/ga\/eolas\/preas\/nuacht-raitis\/2025-2\/scannain-de-chuid-tg4-le-taispeaint-den-chead-uair-ag-fleadh-scannan-na-gaillimhe-2025\/#breadcrumb\",\"itemListElement\":[{\"@type\":\"ListItem\",\"position\":1,\"name\":\"Home\",\"item\":\"https:\/\/dev.tg4.ie\/ga\/\"},{\"@type\":\"ListItem\",\"position\":2,\"name\":\"Eolas\",\"item\":\"https:\/\/dev.tg4.ie\/ga\/eolas\/\"},{\"@type\":\"ListItem\",\"position\":3,\"name\":\"Preas\",\"item\":\"https:\/\/dev.tg4.ie\/ga\/eolas\/preas\/\"},{\"@type\":\"ListItem\",\"position\":4,\"name\":\"Nuacht R\u00e1itis\",\"item\":\"https:\/\/dev.tg4.ie\/ga\/eolas\/preas\/nuacht-raitis\/\"},{\"@type\":\"ListItem\",\"position\":5,\"name\":\"2025\",\"item\":\"https:\/\/dev.tg4.ie\/ga\/eolas\/preas\/nuacht-raitis\/2025-2\/\"},{\"@type\":\"ListItem\",\"position\":6,\"name\":\"Scann\u00e1in de chuid TG4 le Taispe\u00e1int den Ch\u00e9ad Uair ag Fleadh Scann\u00e1n na Gaillimhe 2025\"}]},{\"@type\":\"WebSite\",\"@id\":\"https:\/\/dev.tg4.ie\/en\/#website\",\"url\":\"https:\/\/dev.tg4.ie\/en\/\",\"name\":\"TG4\",\"description\":\"S\u00fail Eile\",\"potentialAction\":[{\"@type\":\"SearchAction\",\"target\":{\"@type\":\"EntryPoint\",\"urlTemplate\":\"https:\/\/dev.tg4.ie\/en\/?s={search_term_string}\"},\"query-input\":\"required name=search_term_string\"}],\"inLanguage\":\"ga\"}]}<\/script>\n<!-- \/ Yoast SEO plugin. -->","yoast_head_json":{"title":"Scann\u00e1in de chuid TG4 le Taispe\u00e1int den Ch\u00e9ad Uair ag Fleadh Scann\u00e1n na Gaillimhe 2025 | Preasr\u00e1iteas | TG4","description":"T\u00e1 r\u00edm\u00e9ad ar TG4 go mbeidh 9 gcinn d\u00e1 chuid tionscadal \u00e1 dtaispe\u00e1int ag Fleadh Scann\u00e1n na Gaillimhe 2025. Taispe\u00e1nfar an ch\u00e9ad scann\u00e1n eile faoi sc\u00e9im CINE4, B\u00e1ite, den ch\u00e9ad uair ag Fleadh Scann\u00e1n na Gaillimhe i mbliana. Cuirfear B\u00e1ite ar sc\u00e1ile\u00e1n in Amharclann Halla an Bhaile ag 7pm D\u00e9 C\u00e9adaoin an 9 I\u00fail.","robots":{"index":"index","follow":"follow","max-snippet":"max-snippet:-1","max-image-preview":"max-image-preview:large","max-video-preview":"max-video-preview:-1"},"og_locale":"en_US","og_type":"article","og_title":"Scann\u00e1in de chuid TG4 le Taispe\u00e1int den Ch\u00e9ad Uair ag Fleadh Scann\u00e1n na Gaillimhe 2025 | Preasr\u00e1iteas | TG4","og_description":"T\u00e1 r\u00edm\u00e9ad ar TG4 go mbeidh 9 gcinn d\u00e1 chuid tionscadal \u00e1 dtaispe\u00e1int ag Fleadh Scann\u00e1n na Gaillimhe 2025. Taispe\u00e1nfar an ch\u00e9ad scann\u00e1n eile faoi sc\u00e9im CINE4, B\u00e1ite, den ch\u00e9ad uair ag Fleadh Scann\u00e1n na Gaillimhe i mbliana. Cuirfear B\u00e1ite ar sc\u00e1ile\u00e1n in Amharclann Halla an Bhaile ag 7pm D\u00e9 C\u00e9adaoin an 9 I\u00fail.","og_url":"https:\/\/dev.tg4.ie\/ga\/eolas\/preas\/nuacht-raitis\/2025-2\/scannain-de-chuid-tg4-le-taispeaint-den-chead-uair-ag-fleadh-scannan-na-gaillimhe-2025\/","og_site_name":"TG4","article_publisher":"https:\/\/www.facebook.com\/TG4TV","article_modified_time":"2025-07-11T10:34:31+00:00","og_image":[{"url":"https:\/\/res.cloudinary.com\/dfwshshcn\/image\/upload\/v1751375471\/pic1_zhylmc.jpg"}],"twitter_card":"summary_large_image","twitter_site":"@TG4TV","twitter_misc":{"Est. reading time":"7 minutes"},"schema":{"@context":"https:\/\/schema.org","@graph":[{"@type":"WebPage","@id":"https:\/\/dev.tg4.ie\/ga\/eolas\/preas\/nuacht-raitis\/2025-2\/scannain-de-chuid-tg4-le-taispeaint-den-chead-uair-ag-fleadh-scannan-na-gaillimhe-2025\/","url":"https:\/\/dev.tg4.ie\/ga\/eolas\/preas\/nuacht-raitis\/2025-2\/scannain-de-chuid-tg4-le-taispeaint-den-chead-uair-ag-fleadh-scannan-na-gaillimhe-2025\/","name":"Scann\u00e1in de chuid TG4 le Taispe\u00e1int den Ch\u00e9ad Uair ag Fleadh Scann\u00e1n na Gaillimhe 2025 | Preasr\u00e1iteas | TG4","isPartOf":{"@id":"https:\/\/dev.tg4.ie\/en\/#website"},"primaryImageOfPage":{"@id":"https:\/\/dev.tg4.ie\/ga\/eolas\/preas\/nuacht-raitis\/2025-2\/scannain-de-chuid-tg4-le-taispeaint-den-chead-uair-ag-fleadh-scannan-na-gaillimhe-2025\/#primaryimage"},"image":{"@id":"https:\/\/dev.tg4.ie\/ga\/eolas\/preas\/nuacht-raitis\/2025-2\/scannain-de-chuid-tg4-le-taispeaint-den-chead-uair-ag-fleadh-scannan-na-gaillimhe-2025\/#primaryimage"},"thumbnailUrl":"https:\/\/res.cloudinary.com\/dfwshshcn\/image\/upload\/v1751375471\/pic1_zhylmc.jpg","datePublished":"2025-07-01T12:52:21+00:00","dateModified":"2025-07-11T10:34:31+00:00","description":"T\u00e1 r\u00edm\u00e9ad ar TG4 go mbeidh 9 gcinn d\u00e1 chuid tionscadal \u00e1 dtaispe\u00e1int ag Fleadh Scann\u00e1n na Gaillimhe 2025. Taispe\u00e1nfar an ch\u00e9ad scann\u00e1n eile faoi sc\u00e9im CINE4, B\u00e1ite, den ch\u00e9ad uair ag Fleadh Scann\u00e1n na Gaillimhe i mbliana. Cuirfear B\u00e1ite ar sc\u00e1ile\u00e1n in Amharclann Halla an Bhaile ag 7pm D\u00e9 C\u00e9adaoin an 9 I\u00fail.","breadcrumb":{"@id":"https:\/\/dev.tg4.ie\/ga\/eolas\/preas\/nuacht-raitis\/2025-2\/scannain-de-chuid-tg4-le-taispeaint-den-chead-uair-ag-fleadh-scannan-na-gaillimhe-2025\/#breadcrumb"},"inLanguage":"ga","potentialAction":[{"@type":"ReadAction","target":["https:\/\/dev.tg4.ie\/ga\/eolas\/preas\/nuacht-raitis\/2025-2\/scannain-de-chuid-tg4-le-taispeaint-den-chead-uair-ag-fleadh-scannan-na-gaillimhe-2025\/"]}]},{"@type":"ImageObject","inLanguage":"ga","@id":"https:\/\/dev.tg4.ie\/ga\/eolas\/preas\/nuacht-raitis\/2025-2\/scannain-de-chuid-tg4-le-taispeaint-den-chead-uair-ag-fleadh-scannan-na-gaillimhe-2025\/#primaryimage","url":"https:\/\/res.cloudinary.com\/dfwshshcn\/image\/upload\/v1751375471\/pic1_zhylmc.jpg","contentUrl":"https:\/\/res.cloudinary.com\/dfwshshcn\/image\/upload\/v1751375471\/pic1_zhylmc.jpg"},{"@type":"BreadcrumbList","@id":"https:\/\/dev.tg4.ie\/ga\/eolas\/preas\/nuacht-raitis\/2025-2\/scannain-de-chuid-tg4-le-taispeaint-den-chead-uair-ag-fleadh-scannan-na-gaillimhe-2025\/#breadcrumb","itemListElement":[{"@type":"ListItem","position":1,"name":"Home","item":"https:\/\/dev.tg4.ie\/ga\/"},{"@type":"ListItem","position":2,"name":"Eolas","item":"https:\/\/dev.tg4.ie\/ga\/eolas\/"},{"@type":"ListItem","position":3,"name":"Preas","item":"https:\/\/dev.tg4.ie\/ga\/eolas\/preas\/"},{"@type":"ListItem","position":4,"name":"Nuacht R\u00e1itis","item":"https:\/\/dev.tg4.ie\/ga\/eolas\/preas\/nuacht-raitis\/"},{"@type":"ListItem","position":5,"name":"2025","item":"https:\/\/dev.tg4.ie\/ga\/eolas\/preas\/nuacht-raitis\/2025-2\/"},{"@type":"ListItem","position":6,"name":"Scann\u00e1in de chuid TG4 le Taispe\u00e1int den Ch\u00e9ad Uair ag Fleadh Scann\u00e1n na Gaillimhe 2025"}]},{"@type":"WebSite","@id":"https:\/\/dev.tg4.ie\/en\/#website","url":"https:\/\/dev.tg4.ie\/en\/","name":"TG4","description":"S\u00fail Eile","potentialAction":[{"@type":"SearchAction","target":{"@type":"EntryPoint","urlTemplate":"https:\/\/dev.tg4.ie\/en\/?s={search_term_string}"},"query-input":"required name=search_term_string"}],"inLanguage":"ga"}]}},"_links":{"self":[{"href":"https:\/\/dev.tg4.ie\/ga\/wp-json\/wp\/v2\/pages\/246666"}],"collection":[{"href":"https:\/\/dev.tg4.ie\/ga\/wp-json\/wp\/v2\/pages"}],"about":[{"href":"https:\/\/dev.tg4.ie\/ga\/wp-json\/wp\/v2\/types\/page"}],"author":[{"embeddable":true,"href":"https:\/\/dev.tg4.ie\/ga\/wp-json\/wp\/v2\/users\/876"}],"replies":[{"embeddable":true,"href":"https:\/\/dev.tg4.ie\/ga\/wp-json\/wp\/v2\/comments?post=246666"}],"version-history":[{"count":0,"href":"https:\/\/dev.tg4.ie\/ga\/wp-json\/wp\/v2\/pages\/246666\/revisions"}],"up":[{"embeddable":true,"href":"https:\/\/dev.tg4.ie\/ga\/wp-json\/wp\/v2\/pages\/236807"}],"wp:attachment":[{"href":"https:\/\/dev.tg4.ie\/ga\/wp-json\/wp\/v2\/media?parent=246666"}],"curies":[{"name":"wp","href":"https:\/\/api.w.org\/{rel}","templated":true}]}}