{"id":246689,"date":"2025-07-11T12:19:31","date_gmt":"2025-07-11T11:19:31","guid":{"rendered":"https:\/\/dev.tg4.ie\/?page_id=246689"},"modified":"2025-07-11T13:16:08","modified_gmt":"2025-07-11T12:16:08","slug":"iuil-2025","status":"publish","type":"page","link":"https:\/\/dev.tg4.ie\/ga\/eolas\/nuachtlitir\/iuil-2025\/","title":{"rendered":"I\u00fail 2025"},"content":{"rendered":"","protected":false},"excerpt":{"rendered":"","protected":false},"author":876,"featured_media":246691,"parent":1093,"menu_order":86,"comment_status":"closed","ping_status":"closed","template":"page-templates\/template-newsletter-web.php","meta":{"_acf_changed":false,"footnotes":""},"acf":[],"yoast_head":"<!-- This site is optimized with the Yoast SEO plugin v22.6 - https:\/\/yoast.com\/wordpress\/plugins\/seo\/ -->\n<title>Nuachtlitir TG4 I\u00fail 2025 | Cl\u00e1racha Nua | Teilif\u00eds Gaeilge | Sceidil<\/title>\n<meta name=\"description\" content=\"Nuachtlitir TG4 I\u00fail 2025 - Cl\u00e1racha nua den scoth chomh maith le cl\u00e1racha reatha le feice\u00e1il ar TG4 agus ar Seinnteoir TG4.\" \/>\n<meta name=\"robots\" content=\"index, follow, max-snippet:-1, max-image-preview:large, max-video-preview:-1\" \/>\n<meta property=\"og:locale\" content=\"en_US\" \/>\n<meta property=\"og:type\" content=\"article\" \/>\n<meta property=\"og:title\" content=\"Nuachtlitir TG4 I\u00fail 2025 | Cl\u00e1racha Nua | Teilif\u00eds Gaeilge | Sceidil\" \/>\n<meta property=\"og:description\" content=\"Nuachtlitir TG4 I\u00fail 2025 - Cl\u00e1racha nua den scoth chomh maith le cl\u00e1racha reatha le feice\u00e1il ar TG4 agus ar Seinnteoir TG4.\" \/>\n<meta property=\"og:url\" content=\"https:\/\/dev.tg4.ie\/ga\/eolas\/nuachtlitir\/iuil-2025\/\" \/>\n<meta property=\"og:site_name\" content=\"TG4\" \/>\n<meta property=\"article:publisher\" content=\"https:\/\/www.facebook.com\/TG4TV\" \/>\n<meta property=\"article:modified_time\" content=\"2025-07-11T12:16:08+00:00\" \/>\n<meta property=\"og:image\" content=\"https:\/\/tg4-docs.s3.amazonaws.com\/wp-content\/uploads\/2025\/07\/02122140\/Tour_de_France_2025_1-1920x1080-1.jpg\" \/>\n\t<meta property=\"og:image:width\" content=\"1920\" \/>\n\t<meta property=\"og:image:height\" content=\"1080\" \/>\n\t<meta property=\"og:image:type\" content=\"image\/jpeg\" \/>\n<meta name=\"twitter:card\" content=\"summary_large_image\" \/>\n<meta name=\"twitter:site\" content=\"@TG4TV\" \/>\n<meta name=\"twitter:label1\" content=\"Est. reading time\" \/>\n\t<meta name=\"twitter:data1\" content=\"1 minute\" \/>\n<script type=\"application\/ld+json\" class=\"yoast-schema-graph\">{\"@context\":\"https:\/\/schema.org\",\"@graph\":[{\"@type\":\"WebPage\",\"@id\":\"https:\/\/dev.tg4.ie\/ga\/eolas\/nuachtlitir\/iuil-2025\/\",\"url\":\"https:\/\/dev.tg4.ie\/ga\/eolas\/nuachtlitir\/iuil-2025\/\",\"name\":\"Nuachtlitir TG4 I\u00fail 2025 | Cl\u00e1racha Nua | Teilif\u00eds Gaeilge | Sceidil\",\"isPartOf\":{\"@id\":\"https:\/\/dev.tg4.ie\/en\/#website\"},\"primaryImageOfPage\":{\"@id\":\"https:\/\/dev.tg4.ie\/ga\/eolas\/nuachtlitir\/iuil-2025\/#primaryimage\"},\"image\":{\"@id\":\"https:\/\/dev.tg4.ie\/ga\/eolas\/nuachtlitir\/iuil-2025\/#primaryimage\"},\"thumbnailUrl\":\"https:\/\/tg4-docs.s3.amazonaws.com\/wp-content\/uploads\/2025\/07\/02122140\/Tour_de_France_2025_1-1920x1080-1.jpg\",\"datePublished\":\"2025-07-11T11:19:31+00:00\",\"dateModified\":\"2025-07-11T12:16:08+00:00\",\"description\":\"Nuachtlitir TG4 I\u00fail 2025 - Cl\u00e1racha nua den scoth chomh maith le cl\u00e1racha reatha le feice\u00e1il ar TG4 agus ar Seinnteoir TG4.\",\"breadcrumb\":{\"@id\":\"https:\/\/dev.tg4.ie\/ga\/eolas\/nuachtlitir\/iuil-2025\/#breadcrumb\"},\"inLanguage\":\"ga\",\"potentialAction\":[{\"@type\":\"ReadAction\",\"target\":[\"https:\/\/dev.tg4.ie\/ga\/eolas\/nuachtlitir\/iuil-2025\/\"]}]},{\"@type\":\"ImageObject\",\"inLanguage\":\"ga\",\"@id\":\"https:\/\/dev.tg4.ie\/ga\/eolas\/nuachtlitir\/iuil-2025\/#primaryimage\",\"url\":\"https:\/\/tg4-docs.s3.amazonaws.com\/wp-content\/uploads\/2025\/07\/02122140\/Tour_de_France_2025_1-1920x1080-1.jpg\",\"contentUrl\":\"https:\/\/tg4-docs.s3.amazonaws.com\/wp-content\/uploads\/2025\/07\/02122140\/Tour_de_France_2025_1-1920x1080-1.jpg\",\"width\":1920,\"height\":1080},{\"@type\":\"BreadcrumbList\",\"@id\":\"https:\/\/dev.tg4.ie\/ga\/eolas\/nuachtlitir\/iuil-2025\/#breadcrumb\",\"itemListElement\":[{\"@type\":\"ListItem\",\"position\":1,\"name\":\"Home\",\"item\":\"https:\/\/dev.tg4.ie\/ga\/\"},{\"@type\":\"ListItem\",\"position\":2,\"name\":\"Eolas\",\"item\":\"https:\/\/dev.tg4.ie\/ga\/eolas\/\"},{\"@type\":\"ListItem\",\"position\":3,\"name\":\"Nuachtlitir\",\"item\":\"https:\/\/dev.tg4.ie\/ga\/eolas\/nuachtlitir\/\"},{\"@type\":\"ListItem\",\"position\":4,\"name\":\"I\u00fail 2025\"}]},{\"@type\":\"WebSite\",\"@id\":\"https:\/\/dev.tg4.ie\/en\/#website\",\"url\":\"https:\/\/dev.tg4.ie\/en\/\",\"name\":\"TG4\",\"description\":\"S\u00fail Eile\",\"potentialAction\":[{\"@type\":\"SearchAction\",\"target\":{\"@type\":\"EntryPoint\",\"urlTemplate\":\"https:\/\/dev.tg4.ie\/en\/?s={search_term_string}\"},\"query-input\":\"required name=search_term_string\"}],\"inLanguage\":\"ga\"}]}<\/script>\n<!-- \/ Yoast SEO plugin. -->","yoast_head_json":{"title":"Nuachtlitir TG4 I\u00fail 2025 | Cl\u00e1racha Nua | Teilif\u00eds Gaeilge | Sceidil","description":"Nuachtlitir TG4 I\u00fail 2025 - Cl\u00e1racha nua den scoth chomh maith le cl\u00e1racha reatha le feice\u00e1il ar TG4 agus ar Seinnteoir TG4.","robots":{"index":"index","follow":"follow","max-snippet":"max-snippet:-1","max-image-preview":"max-image-preview:large","max-video-preview":"max-video-preview:-1"},"og_locale":"en_US","og_type":"article","og_title":"Nuachtlitir TG4 I\u00fail 2025 | Cl\u00e1racha Nua | Teilif\u00eds Gaeilge | Sceidil","og_description":"Nuachtlitir TG4 I\u00fail 2025 - Cl\u00e1racha nua den scoth chomh maith le cl\u00e1racha reatha le feice\u00e1il ar TG4 agus ar Seinnteoir TG4.","og_url":"https:\/\/dev.tg4.ie\/ga\/eolas\/nuachtlitir\/iuil-2025\/","og_site_name":"TG4","article_publisher":"https:\/\/www.facebook.com\/TG4TV","article_modified_time":"2025-07-11T12:16:08+00:00","og_image":[{"width":1920,"height":1080,"url":"https:\/\/tg4-docs.s3.amazonaws.com\/wp-content\/uploads\/2025\/07\/02122140\/Tour_de_France_2025_1-1920x1080-1.jpg","type":"image\/jpeg"}],"twitter_card":"summary_large_image","twitter_site":"@TG4TV","twitter_misc":{"Est. reading time":"1 minute"},"schema":{"@context":"https:\/\/schema.org","@graph":[{"@type":"WebPage","@id":"https:\/\/dev.tg4.ie\/ga\/eolas\/nuachtlitir\/iuil-2025\/","url":"https:\/\/dev.tg4.ie\/ga\/eolas\/nuachtlitir\/iuil-2025\/","name":"Nuachtlitir TG4 I\u00fail 2025 | Cl\u00e1racha Nua | Teilif\u00eds Gaeilge | Sceidil","isPartOf":{"@id":"https:\/\/dev.tg4.ie\/en\/#website"},"primaryImageOfPage":{"@id":"https:\/\/dev.tg4.ie\/ga\/eolas\/nuachtlitir\/iuil-2025\/#primaryimage"},"image":{"@id":"https:\/\/dev.tg4.ie\/ga\/eolas\/nuachtlitir\/iuil-2025\/#primaryimage"},"thumbnailUrl":"https:\/\/tg4-docs.s3.amazonaws.com\/wp-content\/uploads\/2025\/07\/02122140\/Tour_de_France_2025_1-1920x1080-1.jpg","datePublished":"2025-07-11T11:19:31+00:00","dateModified":"2025-07-11T12:16:08+00:00","description":"Nuachtlitir TG4 I\u00fail 2025 - Cl\u00e1racha nua den scoth chomh maith le cl\u00e1racha reatha le feice\u00e1il ar TG4 agus ar Seinnteoir TG4.","breadcrumb":{"@id":"https:\/\/dev.tg4.ie\/ga\/eolas\/nuachtlitir\/iuil-2025\/#breadcrumb"},"inLanguage":"ga","potentialAction":[{"@type":"ReadAction","target":["https:\/\/dev.tg4.ie\/ga\/eolas\/nuachtlitir\/iuil-2025\/"]}]},{"@type":"ImageObject","inLanguage":"ga","@id":"https:\/\/dev.tg4.ie\/ga\/eolas\/nuachtlitir\/iuil-2025\/#primaryimage","url":"https:\/\/tg4-docs.s3.amazonaws.com\/wp-content\/uploads\/2025\/07\/02122140\/Tour_de_France_2025_1-1920x1080-1.jpg","contentUrl":"https:\/\/tg4-docs.s3.amazonaws.com\/wp-content\/uploads\/2025\/07\/02122140\/Tour_de_France_2025_1-1920x1080-1.jpg","width":1920,"height":1080},{"@type":"BreadcrumbList","@id":"https:\/\/dev.tg4.ie\/ga\/eolas\/nuachtlitir\/iuil-2025\/#breadcrumb","itemListElement":[{"@type":"ListItem","position":1,"name":"Home","item":"https:\/\/dev.tg4.ie\/ga\/"},{"@type":"ListItem","position":2,"name":"Eolas","item":"https:\/\/dev.tg4.ie\/ga\/eolas\/"},{"@type":"ListItem","position":3,"name":"Nuachtlitir","item":"https:\/\/dev.tg4.ie\/ga\/eolas\/nuachtlitir\/"},{"@type":"ListItem","position":4,"name":"I\u00fail 2025"}]},{"@type":"WebSite","@id":"https:\/\/dev.tg4.ie\/en\/#website","url":"https:\/\/dev.tg4.ie\/en\/","name":"TG4","description":"S\u00fail Eile","potentialAction":[{"@type":"SearchAction","target":{"@type":"EntryPoint","urlTemplate":"https:\/\/dev.tg4.ie\/en\/?s={search_term_string}"},"query-input":"required name=search_term_string"}],"inLanguage":"ga"}]}},"_links":{"self":[{"href":"https:\/\/dev.tg4.ie\/ga\/wp-json\/wp\/v2\/pages\/246689"}],"collection":[{"href":"https:\/\/dev.tg4.ie\/ga\/wp-json\/wp\/v2\/pages"}],"about":[{"href":"https:\/\/dev.tg4.ie\/ga\/wp-json\/wp\/v2\/types\/page"}],"author":[{"embeddable":true,"href":"https:\/\/dev.tg4.ie\/ga\/wp-json\/wp\/v2\/users\/876"}],"replies":[{"embeddable":true,"href":"https:\/\/dev.tg4.ie\/ga\/wp-json\/wp\/v2\/comments?post=246689"}],"version-history":[{"count":0,"href":"https:\/\/dev.tg4.ie\/ga\/wp-json\/wp\/v2\/pages\/246689\/revisions"}],"up":[{"embeddable":true,"href":"https:\/\/dev.tg4.ie\/ga\/wp-json\/wp\/v2\/pages\/1093"}],"wp:featuredmedia":[{"embeddable":true,"href":"https:\/\/dev.tg4.ie\/ga\/wp-json\/wp\/v2\/media\/246691"}],"wp:attachment":[{"href":"https:\/\/dev.tg4.ie\/ga\/wp-json\/wp\/v2\/media?parent=246689"}],"curies":[{"name":"wp","href":"https:\/\/api.w.org\/{rel}","templated":true}]}}