{"id":246735,"date":"2025-07-10T14:52:45","date_gmt":"2025-07-10T13:52:45","guid":{"rendered":"https:\/\/dev.tg4.ie\/?page_id=246735"},"modified":"2025-07-10T14:52:45","modified_gmt":"2025-07-10T13:52:45","slug":"cuairt-tugtha-ag-an-aire-patrick-odonovan-ar-cheannaras-tg4-i-ngaeltacht-chonamara","status":"publish","type":"page","link":"https:\/\/dev.tg4.ie\/ga\/eolas\/preas\/nuacht-raitis\/2025-2\/cuairt-tugtha-ag-an-aire-patrick-odonovan-ar-cheannaras-tg4-i-ngaeltacht-chonamara\/","title":{"rendered":"Cuairt tugtha ag an Aire Patrick O\u2019Donovan ar cheann\u00e1ras TG4 i nGaeltacht Chonamara"},"content":{"rendered":"<table>\n<tbody>\n<tr>\n<td width=\"33%\"><img loading=\"lazy\" decoding=\"async\" width=\"1920\" height=\"1080\" src=\"https:\/\/tg4-docs.s3.amazonaws.com\/wp-content\/uploads\/2025\/07\/10144940\/CuairtAireDonovan1.jpg\" alt=\"\" class=\"alignright size-full wp-image-246738\" srcset=\"https:\/\/tg4-docs.s3.amazonaws.com\/wp-content\/uploads\/2025\/07\/10144940\/CuairtAireDonovan1.jpg 1920w, https:\/\/tg4-docs.s3.amazonaws.com\/wp-content\/uploads\/2025\/07\/10144940\/CuairtAireDonovan1-250x141.jpg 250w, https:\/\/tg4-docs.s3.amazonaws.com\/wp-content\/uploads\/2025\/07\/10144940\/CuairtAireDonovan1-700x394.jpg 700w, https:\/\/tg4-docs.s3.amazonaws.com\/wp-content\/uploads\/2025\/07\/10144940\/CuairtAireDonovan1-252x141.jpg 252w, https:\/\/tg4-docs.s3.amazonaws.com\/wp-content\/uploads\/2025\/07\/10144940\/CuairtAireDonovan1-1536x864.jpg 1536w, https:\/\/tg4-docs.s3.amazonaws.com\/wp-content\/uploads\/2025\/07\/10144940\/CuairtAireDonovan1-120x68.jpg 120w\" sizes=\"(max-width: 1920px) 100vw, 1920px\" \/><\/td>\n<td width=\"33%\"><img loading=\"lazy\" decoding=\"async\" width=\"1920\" height=\"1080\" src=\"https:\/\/tg4-docs.s3.amazonaws.com\/wp-content\/uploads\/2025\/07\/10144934\/CuairtAireDonovan2.jpg\" alt=\"\" class=\"alignright size-full wp-image-246736\" srcset=\"https:\/\/tg4-docs.s3.amazonaws.com\/wp-content\/uploads\/2025\/07\/10144934\/CuairtAireDonovan2.jpg 1920w, https:\/\/tg4-docs.s3.amazonaws.com\/wp-content\/uploads\/2025\/07\/10144934\/CuairtAireDonovan2-250x141.jpg 250w, https:\/\/tg4-docs.s3.amazonaws.com\/wp-content\/uploads\/2025\/07\/10144934\/CuairtAireDonovan2-700x394.jpg 700w, https:\/\/tg4-docs.s3.amazonaws.com\/wp-content\/uploads\/2025\/07\/10144934\/CuairtAireDonovan2-252x141.jpg 252w, https:\/\/tg4-docs.s3.amazonaws.com\/wp-content\/uploads\/2025\/07\/10144934\/CuairtAireDonovan2-1536x864.jpg 1536w, https:\/\/tg4-docs.s3.amazonaws.com\/wp-content\/uploads\/2025\/07\/10144934\/CuairtAireDonovan2-120x68.jpg 120w\" sizes=\"(max-width: 1920px) 100vw, 1920px\" \/><\/td>\n<td width=\"33%\"><img loading=\"lazy\" decoding=\"async\" width=\"1920\" height=\"1080\" src=\"https:\/\/tg4-docs.s3.amazonaws.com\/wp-content\/uploads\/2025\/07\/10144937\/CuairtAireDonovan3.jpg\" alt=\"\" class=\"alignright size-full wp-image-246737\" srcset=\"https:\/\/tg4-docs.s3.amazonaws.com\/wp-content\/uploads\/2025\/07\/10144937\/CuairtAireDonovan3.jpg 1920w, https:\/\/tg4-docs.s3.amazonaws.com\/wp-content\/uploads\/2025\/07\/10144937\/CuairtAireDonovan3-250x141.jpg 250w, https:\/\/tg4-docs.s3.amazonaws.com\/wp-content\/uploads\/2025\/07\/10144937\/CuairtAireDonovan3-700x394.jpg 700w, https:\/\/tg4-docs.s3.amazonaws.com\/wp-content\/uploads\/2025\/07\/10144937\/CuairtAireDonovan3-252x141.jpg 252w, https:\/\/tg4-docs.s3.amazonaws.com\/wp-content\/uploads\/2025\/07\/10144937\/CuairtAireDonovan3-1536x864.jpg 1536w, https:\/\/tg4-docs.s3.amazonaws.com\/wp-content\/uploads\/2025\/07\/10144937\/CuairtAireDonovan3-120x68.jpg 120w\" sizes=\"(max-width: 1920px) 100vw, 1920px\" \/><\/td>\n<\/tr>\n<\/tbody>\n<\/table>\n<p>&nbsp;<br \/>\nBh\u00ed an tAire Cult\u00fair, Cumars\u00e1ide agus Sp\u00f3irt, Patrick O\u2019Donovan TD, i gConamara tr\u00e1thn\u00f3na inniu agus thug s\u00e9 cuairt ar cheann\u00e1ras TG4, \u00e1it ar chuir Cathaoirleach Bhord TG4 Anna N\u00ed Ghallachair agus Ard-Sti\u00farth\u00f3ir nuacheaptha an st\u00e1isi\u00fain, Deirdre N\u00ed Choist\u00edn, f\u00e1ilte chro\u00ed\u00fail roimhe. Is \u00f3c\u00e1id mh\u00f3r \u00ed an chuairt do TG4 agus an st\u00e1isi\u00fan, at\u00e1 faoi cheannaireacht nua, ag iarraidh lean\u00faint lena fh\u00eds strait\u00e9iseach do chl\u00e1ir Ghaeilge agus chult\u00fair a fhorbairt. <\/p>\n<p>Tugadh an t-eolas is d\u00e9ana\u00ed don Aire O&#8217;Donovan le linn a chuairte ar ghn\u00edomha\u00edochta\u00ed TG4, ar \u00e9achta\u00ed a baineadh le d\u00e9ana\u00ed, agus ar thionscadail reatha at\u00e1 d\u00edrithe ar an nGaeilge a neart\u00fa tr\u00ed chl\u00e1ir ardchaighde\u00e1in ar an teilif\u00eds agus ar ard\u00e1in dhigiteacha a chur ar f\u00e1il.   Bhuail s\u00e9 le foireann TG4 agus phl\u00e9igh s\u00e9 an taca\u00edocht a chuireann an st\u00e1isi\u00fan ar f\u00e1il don l\u00e9iri\u00fa sa Ghaeltacht agus sna r\u00e9igi\u00fain, don nu\u00e1la\u00edocht sna me\u00e1in seirbh\u00edse poibl\u00ed, agus an tionchar lean\u00fanach at\u00e1 aige ar th\u00edrdhreach na me\u00e1n anseo in \u00c9irinn agus ar fud an domhain. <\/p>\n<p>Chuir <strong>Anna N\u00ed Ghallachair, Cathaoirleach Bhord TG4<\/strong>, f\u00e1ilte roimh chuairt an Aire agus d\u00fairt, <em>\u201cT\u00e1 r\u00f3l suntasach agus ar leith ag TG4 le fada an l\u00e1 i dtaobh chur chun cinn na Gaeilge, an chult\u00fair agus na f\u00e9ini\u00falachta. Dearbha\u00edonn cuairt an Aire O\u2019Donovan ar\u00eds an t\u00e1bhacht at\u00e1 leis an mhisean sin. T\u00e1 \u00e1thas ar leith orainn \u00e1r n-uaillmhianta do thodhcha\u00ed na craolt\u00f3ireachta Gaeilge a roinnt leis inniu.&#8221;<\/em><\/p>\n<p>D\u00fairt <strong>Deirdre N\u00ed Choist\u00edn, Ard-Sti\u00farth\u00f3ir TG4<\/strong>, freisin, <em>\u201cBh\u00ed r\u00edm\u00e9ad orm f\u00e1ilte a chur roimh an Aire O\u2019Donovan chuig TG4 inniu. Is l\u00e9iri\u00fa \u00e9 cuairt an Aire ar an t\u00e1bhacht at\u00e1 le hobair TG4 agus ar an m\u00e9id a chuireann an st\u00e1isi\u00fan leis an tsocha\u00ed. Is c\u00fais bhr\u00f3id d\u00fainn a bheith in ann an chruthaitheacht, an nu\u00e1la\u00edocht agus na comhph\u00e1irt\u00edochta\u00ed rath\u00fala at\u00e1 ag TG4 a chur ina l\u00e1thair, agus t\u00e1imid ag s\u00fail le taca\u00edocht lean\u00fanach \u00f3n Aire chun me\u00e1in seirbh\u00edse poibl\u00ed na Gaeilge a neart\u00fa d\u00e1r lucht f\u00e9achana ar gach ard\u00e1n.\u201d<\/em> <\/p>\n<p>Is \u00e9ard a d\u00fairt <strong>an tAire Patrick O\u2019Donovan TD<\/strong>, <em>\u201cT\u00e1 r\u00f3l l\u00e1rnach ag TG4 i gceili\u00faradh agus i gcoth\u00fa \u00e1r dteanga agus \u00e1r gcult\u00fair n\u00e1isi\u00fanta. Leanann s\u00e9 de chl\u00e1ir chruthaitheacha ar ardchaighde\u00e1n a chur ar f\u00e1il a l\u00e9ir\u00edonn saibhreas agus \u00e9ags\u00falacht shaol na h\u00c9ireann.   T\u00e1 an m\u00e9id a chuireann TG4 le t\u00edrdhreach na me\u00e1n thar a bheith suntasach agus luachmhar, agus molaim tiomantas lean\u00fanach an st\u00e1isi\u00fain don chraolt\u00f3ireacht seirbh\u00edse poibl\u00ed.&#8221;<\/em><\/p>\n<p>Ag 7pm tr\u00e1thn\u00f3na inniu d&#8217;fhreastail an tAire ar an ch\u00e9ad taispe\u00e1ntas do B\u00e1ite, an scann\u00e1n is d\u00e9ana\u00ed faoi sc\u00e9im Cine4, in Amharclann Halla na Cathrach.  <\/p>\n<p>Dan\u00fa Media a l\u00e9irigh B\u00e1ite tr\u00edd an tionscnamh Cine4 at\u00e1 \u00e1 ch\u00f3mhaoini\u00fa ag F\u00eds \u00c9ireann, TG4 agus Coimisi\u00fan na Me\u00e1n.<\/p>\n<p>L\u00e9ir\u00edonn l\u00e1ithreacht an Aire ag an seoladh taca\u00edocht lean\u00fanach an Rialtais do na tionscail chruthaitheacha mar aon leis an t\u00e1bhacht a bhaineann leis an sc\u00e9ala\u00edocht r\u00e9igi\u00fanach agus le sc\u00e9ala\u00edocht na Gaeilge ar an sc\u00e1ile\u00e1n m\u00f3r.<br \/>\n&nbsp;<\/p>\n","protected":false},"excerpt":{"rendered":"<p>&nbsp; Bh\u00ed an tAire Cult\u00fair, Cumars\u00e1ide agus Sp\u00f3irt, Patrick O\u2019Donovan TD, i gConamara tr\u00e1thn\u00f3na inniu agus thug s\u00e9 cuairt ar cheann\u00e1ras TG4, \u00e1it ar chuir Cathaoirleach Bhord TG4 Anna N\u00ed Ghallachair agus Ard-Sti\u00farth\u00f3ir nuacheaptha an st\u00e1isi\u00fain, Deirdre N\u00ed Choist\u00edn, f\u00e1ilte chro\u00ed\u00fail roimhe. Is \u00f3c\u00e1id mh\u00f3r \u00ed an chuairt do TG4 agus an st\u00e1isi\u00fan, at\u00e1 faoi [&hellip;]<\/p>\n","protected":false},"author":876,"featured_media":0,"parent":236807,"menu_order":32,"comment_status":"closed","ping_status":"closed","template":"page-templates\/template-pr.php","meta":{"_acf_changed":false,"footnotes":""},"acf":[],"yoast_head":"<!-- This site is optimized with the Yoast SEO plugin v22.6 - https:\/\/yoast.com\/wordpress\/plugins\/seo\/ -->\n<title>Cuairt tugtha ag an Aire Patrick O\u2019Donovan ar cheann\u00e1ras TG4 i nGaeltacht Chonamara | R\u00e1iteas Preas | TG4<\/title>\n<meta name=\"description\" content=\"Bh\u00ed an tAire Cult\u00fair, Cumars\u00e1ide agus Sp\u00f3irt, Patrick O\u2019Donovan TD, i gConamara tr\u00e1thn\u00f3na inniu agus thug s\u00e9 cuairt ar cheann\u00e1ras TG4, \u00e1it ar chuir Cathaoirleach Bhord TG4 Anna N\u00ed Ghallachair agus Ard-Sti\u00farth\u00f3ir nuacheaptha an st\u00e1isi\u00fain, Deirdre N\u00ed Choist\u00edn, f\u00e1ilte chro\u00ed\u00fail roimhe.\" \/>\n<meta name=\"robots\" content=\"index, follow, max-snippet:-1, max-image-preview:large, max-video-preview:-1\" \/>\n<meta property=\"og:locale\" content=\"en_US\" \/>\n<meta property=\"og:type\" content=\"article\" \/>\n<meta property=\"og:title\" content=\"Cuairt tugtha ag an Aire Patrick O\u2019Donovan ar cheann\u00e1ras TG4 i nGaeltacht Chonamara | R\u00e1iteas Preas | TG4\" \/>\n<meta property=\"og:description\" content=\"Bh\u00ed an tAire Cult\u00fair, Cumars\u00e1ide agus Sp\u00f3irt, Patrick O\u2019Donovan TD, i gConamara tr\u00e1thn\u00f3na inniu agus thug s\u00e9 cuairt ar cheann\u00e1ras TG4, \u00e1it ar chuir Cathaoirleach Bhord TG4 Anna N\u00ed Ghallachair agus Ard-Sti\u00farth\u00f3ir nuacheaptha an st\u00e1isi\u00fain, Deirdre N\u00ed Choist\u00edn, f\u00e1ilte chro\u00ed\u00fail roimhe.\" \/>\n<meta property=\"og:url\" content=\"https:\/\/dev.tg4.ie\/ga\/eolas\/preas\/nuacht-raitis\/2025-2\/cuairt-tugtha-ag-an-aire-patrick-odonovan-ar-cheannaras-tg4-i-ngaeltacht-chonamara\/\" \/>\n<meta property=\"og:site_name\" content=\"TG4\" \/>\n<meta property=\"article:publisher\" content=\"https:\/\/www.facebook.com\/TG4TV\" \/>\n<meta property=\"og:image\" content=\"https:\/\/dev.tg4.ie\/wp-content\/uploads\/2025\/07\/CuairtAireDonovan1.jpg\" \/>\n<meta name=\"twitter:card\" content=\"summary_large_image\" \/>\n<meta name=\"twitter:site\" content=\"@TG4TV\" \/>\n<meta name=\"twitter:label1\" content=\"Est. reading time\" \/>\n\t<meta name=\"twitter:data1\" content=\"3 minutes\" \/>\n<script type=\"application\/ld+json\" class=\"yoast-schema-graph\">{\"@context\":\"https:\/\/schema.org\",\"@graph\":[{\"@type\":\"WebPage\",\"@id\":\"https:\/\/dev.tg4.ie\/ga\/eolas\/preas\/nuacht-raitis\/2025-2\/cuairt-tugtha-ag-an-aire-patrick-odonovan-ar-cheannaras-tg4-i-ngaeltacht-chonamara\/\",\"url\":\"https:\/\/dev.tg4.ie\/ga\/eolas\/preas\/nuacht-raitis\/2025-2\/cuairt-tugtha-ag-an-aire-patrick-odonovan-ar-cheannaras-tg4-i-ngaeltacht-chonamara\/\",\"name\":\"Cuairt tugtha ag an Aire Patrick O\u2019Donovan ar cheann\u00e1ras TG4 i nGaeltacht Chonamara | R\u00e1iteas Preas | TG4\",\"isPartOf\":{\"@id\":\"https:\/\/dev.tg4.ie\/en\/#website\"},\"primaryImageOfPage\":{\"@id\":\"https:\/\/dev.tg4.ie\/ga\/eolas\/preas\/nuacht-raitis\/2025-2\/cuairt-tugtha-ag-an-aire-patrick-odonovan-ar-cheannaras-tg4-i-ngaeltacht-chonamara\/#primaryimage\"},\"image\":{\"@id\":\"https:\/\/dev.tg4.ie\/ga\/eolas\/preas\/nuacht-raitis\/2025-2\/cuairt-tugtha-ag-an-aire-patrick-odonovan-ar-cheannaras-tg4-i-ngaeltacht-chonamara\/#primaryimage\"},\"thumbnailUrl\":\"https:\/\/dev.tg4.ie\/wp-content\/uploads\/2025\/07\/CuairtAireDonovan1.jpg\",\"datePublished\":\"2025-07-10T13:52:45+00:00\",\"dateModified\":\"2025-07-10T13:52:45+00:00\",\"description\":\"Bh\u00ed an tAire Cult\u00fair, Cumars\u00e1ide agus Sp\u00f3irt, Patrick O\u2019Donovan TD, i gConamara tr\u00e1thn\u00f3na inniu agus thug s\u00e9 cuairt ar cheann\u00e1ras TG4, \u00e1it ar chuir Cathaoirleach Bhord TG4 Anna N\u00ed Ghallachair agus Ard-Sti\u00farth\u00f3ir nuacheaptha an st\u00e1isi\u00fain, Deirdre N\u00ed Choist\u00edn, f\u00e1ilte chro\u00ed\u00fail roimhe.\",\"breadcrumb\":{\"@id\":\"https:\/\/dev.tg4.ie\/ga\/eolas\/preas\/nuacht-raitis\/2025-2\/cuairt-tugtha-ag-an-aire-patrick-odonovan-ar-cheannaras-tg4-i-ngaeltacht-chonamara\/#breadcrumb\"},\"inLanguage\":\"ga\",\"potentialAction\":[{\"@type\":\"ReadAction\",\"target\":[\"https:\/\/dev.tg4.ie\/ga\/eolas\/preas\/nuacht-raitis\/2025-2\/cuairt-tugtha-ag-an-aire-patrick-odonovan-ar-cheannaras-tg4-i-ngaeltacht-chonamara\/\"]}]},{\"@type\":\"ImageObject\",\"inLanguage\":\"ga\",\"@id\":\"https:\/\/dev.tg4.ie\/ga\/eolas\/preas\/nuacht-raitis\/2025-2\/cuairt-tugtha-ag-an-aire-patrick-odonovan-ar-cheannaras-tg4-i-ngaeltacht-chonamara\/#primaryimage\",\"url\":\"https:\/\/dev.tg4.ie\/wp-content\/uploads\/2025\/07\/CuairtAireDonovan1.jpg\",\"contentUrl\":\"https:\/\/dev.tg4.ie\/wp-content\/uploads\/2025\/07\/CuairtAireDonovan1.jpg\"},{\"@type\":\"BreadcrumbList\",\"@id\":\"https:\/\/dev.tg4.ie\/ga\/eolas\/preas\/nuacht-raitis\/2025-2\/cuairt-tugtha-ag-an-aire-patrick-odonovan-ar-cheannaras-tg4-i-ngaeltacht-chonamara\/#breadcrumb\",\"itemListElement\":[{\"@type\":\"ListItem\",\"position\":1,\"name\":\"Home\",\"item\":\"https:\/\/dev.tg4.ie\/ga\/\"},{\"@type\":\"ListItem\",\"position\":2,\"name\":\"Eolas\",\"item\":\"https:\/\/dev.tg4.ie\/ga\/eolas\/\"},{\"@type\":\"ListItem\",\"position\":3,\"name\":\"Preas\",\"item\":\"https:\/\/dev.tg4.ie\/ga\/eolas\/preas\/\"},{\"@type\":\"ListItem\",\"position\":4,\"name\":\"Nuacht R\u00e1itis\",\"item\":\"https:\/\/dev.tg4.ie\/ga\/eolas\/preas\/nuacht-raitis\/\"},{\"@type\":\"ListItem\",\"position\":5,\"name\":\"2025\",\"item\":\"https:\/\/dev.tg4.ie\/ga\/eolas\/preas\/nuacht-raitis\/2025-2\/\"},{\"@type\":\"ListItem\",\"position\":6,\"name\":\"Cuairt tugtha ag an Aire Patrick O\u2019Donovan ar cheann\u00e1ras TG4 i nGaeltacht Chonamara\"}]},{\"@type\":\"WebSite\",\"@id\":\"https:\/\/dev.tg4.ie\/en\/#website\",\"url\":\"https:\/\/dev.tg4.ie\/en\/\",\"name\":\"TG4\",\"description\":\"S\u00fail Eile\",\"potentialAction\":[{\"@type\":\"SearchAction\",\"target\":{\"@type\":\"EntryPoint\",\"urlTemplate\":\"https:\/\/dev.tg4.ie\/en\/?s={search_term_string}\"},\"query-input\":\"required name=search_term_string\"}],\"inLanguage\":\"ga\"}]}<\/script>\n<!-- \/ Yoast SEO plugin. -->","yoast_head_json":{"title":"Cuairt tugtha ag an Aire Patrick O\u2019Donovan ar cheann\u00e1ras TG4 i nGaeltacht Chonamara | R\u00e1iteas Preas | TG4","description":"Bh\u00ed an tAire Cult\u00fair, Cumars\u00e1ide agus Sp\u00f3irt, Patrick O\u2019Donovan TD, i gConamara tr\u00e1thn\u00f3na inniu agus thug s\u00e9 cuairt ar cheann\u00e1ras TG4, \u00e1it ar chuir Cathaoirleach Bhord TG4 Anna N\u00ed Ghallachair agus Ard-Sti\u00farth\u00f3ir nuacheaptha an st\u00e1isi\u00fain, Deirdre N\u00ed Choist\u00edn, f\u00e1ilte chro\u00ed\u00fail roimhe.","robots":{"index":"index","follow":"follow","max-snippet":"max-snippet:-1","max-image-preview":"max-image-preview:large","max-video-preview":"max-video-preview:-1"},"og_locale":"en_US","og_type":"article","og_title":"Cuairt tugtha ag an Aire Patrick O\u2019Donovan ar cheann\u00e1ras TG4 i nGaeltacht Chonamara | R\u00e1iteas Preas | TG4","og_description":"Bh\u00ed an tAire Cult\u00fair, Cumars\u00e1ide agus Sp\u00f3irt, Patrick O\u2019Donovan TD, i gConamara tr\u00e1thn\u00f3na inniu agus thug s\u00e9 cuairt ar cheann\u00e1ras TG4, \u00e1it ar chuir Cathaoirleach Bhord TG4 Anna N\u00ed Ghallachair agus Ard-Sti\u00farth\u00f3ir nuacheaptha an st\u00e1isi\u00fain, Deirdre N\u00ed Choist\u00edn, f\u00e1ilte chro\u00ed\u00fail roimhe.","og_url":"https:\/\/dev.tg4.ie\/ga\/eolas\/preas\/nuacht-raitis\/2025-2\/cuairt-tugtha-ag-an-aire-patrick-odonovan-ar-cheannaras-tg4-i-ngaeltacht-chonamara\/","og_site_name":"TG4","article_publisher":"https:\/\/www.facebook.com\/TG4TV","og_image":[{"url":"https:\/\/dev.tg4.ie\/wp-content\/uploads\/2025\/07\/CuairtAireDonovan1.jpg"}],"twitter_card":"summary_large_image","twitter_site":"@TG4TV","twitter_misc":{"Est. reading time":"3 minutes"},"schema":{"@context":"https:\/\/schema.org","@graph":[{"@type":"WebPage","@id":"https:\/\/dev.tg4.ie\/ga\/eolas\/preas\/nuacht-raitis\/2025-2\/cuairt-tugtha-ag-an-aire-patrick-odonovan-ar-cheannaras-tg4-i-ngaeltacht-chonamara\/","url":"https:\/\/dev.tg4.ie\/ga\/eolas\/preas\/nuacht-raitis\/2025-2\/cuairt-tugtha-ag-an-aire-patrick-odonovan-ar-cheannaras-tg4-i-ngaeltacht-chonamara\/","name":"Cuairt tugtha ag an Aire Patrick O\u2019Donovan ar cheann\u00e1ras TG4 i nGaeltacht Chonamara | R\u00e1iteas Preas | TG4","isPartOf":{"@id":"https:\/\/dev.tg4.ie\/en\/#website"},"primaryImageOfPage":{"@id":"https:\/\/dev.tg4.ie\/ga\/eolas\/preas\/nuacht-raitis\/2025-2\/cuairt-tugtha-ag-an-aire-patrick-odonovan-ar-cheannaras-tg4-i-ngaeltacht-chonamara\/#primaryimage"},"image":{"@id":"https:\/\/dev.tg4.ie\/ga\/eolas\/preas\/nuacht-raitis\/2025-2\/cuairt-tugtha-ag-an-aire-patrick-odonovan-ar-cheannaras-tg4-i-ngaeltacht-chonamara\/#primaryimage"},"thumbnailUrl":"https:\/\/dev.tg4.ie\/wp-content\/uploads\/2025\/07\/CuairtAireDonovan1.jpg","datePublished":"2025-07-10T13:52:45+00:00","dateModified":"2025-07-10T13:52:45+00:00","description":"Bh\u00ed an tAire Cult\u00fair, Cumars\u00e1ide agus Sp\u00f3irt, Patrick O\u2019Donovan TD, i gConamara tr\u00e1thn\u00f3na inniu agus thug s\u00e9 cuairt ar cheann\u00e1ras TG4, \u00e1it ar chuir Cathaoirleach Bhord TG4 Anna N\u00ed Ghallachair agus Ard-Sti\u00farth\u00f3ir nuacheaptha an st\u00e1isi\u00fain, Deirdre N\u00ed Choist\u00edn, f\u00e1ilte chro\u00ed\u00fail roimhe.","breadcrumb":{"@id":"https:\/\/dev.tg4.ie\/ga\/eolas\/preas\/nuacht-raitis\/2025-2\/cuairt-tugtha-ag-an-aire-patrick-odonovan-ar-cheannaras-tg4-i-ngaeltacht-chonamara\/#breadcrumb"},"inLanguage":"ga","potentialAction":[{"@type":"ReadAction","target":["https:\/\/dev.tg4.ie\/ga\/eolas\/preas\/nuacht-raitis\/2025-2\/cuairt-tugtha-ag-an-aire-patrick-odonovan-ar-cheannaras-tg4-i-ngaeltacht-chonamara\/"]}]},{"@type":"ImageObject","inLanguage":"ga","@id":"https:\/\/dev.tg4.ie\/ga\/eolas\/preas\/nuacht-raitis\/2025-2\/cuairt-tugtha-ag-an-aire-patrick-odonovan-ar-cheannaras-tg4-i-ngaeltacht-chonamara\/#primaryimage","url":"https:\/\/dev.tg4.ie\/wp-content\/uploads\/2025\/07\/CuairtAireDonovan1.jpg","contentUrl":"https:\/\/dev.tg4.ie\/wp-content\/uploads\/2025\/07\/CuairtAireDonovan1.jpg"},{"@type":"BreadcrumbList","@id":"https:\/\/dev.tg4.ie\/ga\/eolas\/preas\/nuacht-raitis\/2025-2\/cuairt-tugtha-ag-an-aire-patrick-odonovan-ar-cheannaras-tg4-i-ngaeltacht-chonamara\/#breadcrumb","itemListElement":[{"@type":"ListItem","position":1,"name":"Home","item":"https:\/\/dev.tg4.ie\/ga\/"},{"@type":"ListItem","position":2,"name":"Eolas","item":"https:\/\/dev.tg4.ie\/ga\/eolas\/"},{"@type":"ListItem","position":3,"name":"Preas","item":"https:\/\/dev.tg4.ie\/ga\/eolas\/preas\/"},{"@type":"ListItem","position":4,"name":"Nuacht R\u00e1itis","item":"https:\/\/dev.tg4.ie\/ga\/eolas\/preas\/nuacht-raitis\/"},{"@type":"ListItem","position":5,"name":"2025","item":"https:\/\/dev.tg4.ie\/ga\/eolas\/preas\/nuacht-raitis\/2025-2\/"},{"@type":"ListItem","position":6,"name":"Cuairt tugtha ag an Aire Patrick O\u2019Donovan ar cheann\u00e1ras TG4 i nGaeltacht Chonamara"}]},{"@type":"WebSite","@id":"https:\/\/dev.tg4.ie\/en\/#website","url":"https:\/\/dev.tg4.ie\/en\/","name":"TG4","description":"S\u00fail Eile","potentialAction":[{"@type":"SearchAction","target":{"@type":"EntryPoint","urlTemplate":"https:\/\/dev.tg4.ie\/en\/?s={search_term_string}"},"query-input":"required name=search_term_string"}],"inLanguage":"ga"}]}},"_links":{"self":[{"href":"https:\/\/dev.tg4.ie\/ga\/wp-json\/wp\/v2\/pages\/246735"}],"collection":[{"href":"https:\/\/dev.tg4.ie\/ga\/wp-json\/wp\/v2\/pages"}],"about":[{"href":"https:\/\/dev.tg4.ie\/ga\/wp-json\/wp\/v2\/types\/page"}],"author":[{"embeddable":true,"href":"https:\/\/dev.tg4.ie\/ga\/wp-json\/wp\/v2\/users\/876"}],"replies":[{"embeddable":true,"href":"https:\/\/dev.tg4.ie\/ga\/wp-json\/wp\/v2\/comments?post=246735"}],"version-history":[{"count":0,"href":"https:\/\/dev.tg4.ie\/ga\/wp-json\/wp\/v2\/pages\/246735\/revisions"}],"up":[{"embeddable":true,"href":"https:\/\/dev.tg4.ie\/ga\/wp-json\/wp\/v2\/pages\/236807"}],"wp:attachment":[{"href":"https:\/\/dev.tg4.ie\/ga\/wp-json\/wp\/v2\/media?parent=246735"}],"curies":[{"name":"wp","href":"https:\/\/api.w.org\/{rel}","templated":true}]}}