{"id":246743,"date":"2025-07-10T15:05:00","date_gmt":"2025-07-10T14:05:00","guid":{"rendered":"https:\/\/dev.tg4.ie\/?page_id=246743"},"modified":"2025-07-24T14:36:41","modified_gmt":"2025-07-24T13:36:41","slug":"baite-cine4-a-thaispeaint-den-chead-uair-ag-fleadh-scannan-na-gaillimhe","status":"publish","type":"page","link":"https:\/\/dev.tg4.ie\/ga\/eolas\/preas\/nuacht-raitis\/2025-2\/baite-cine4-a-thaispeaint-den-chead-uair-ag-fleadh-scannan-na-gaillimhe\/","title":{"rendered":"\u2018B\u00c1ITE\u2019 CINE4 \u00e1 Thaispe\u00e1int den Ch\u00e9ad Uair ag Fleadh Scann\u00e1n na Gaillimhe"},"content":{"rendered":"<p><img loading=\"lazy\" decoding=\"async\" width=\"1920\" height=\"1080\" src=\"https:\/\/tg4-docs.s3.amazonaws.com\/wp-content\/uploads\/2025\/07\/10150223\/Baite_Fleadh_Scannan_na_Gaillimhe_1-1920x1080-1.jpg\" alt=\"\" class=\"alignright size-full wp-image-246745\" srcset=\"https:\/\/tg4-docs.s3.amazonaws.com\/wp-content\/uploads\/2025\/07\/10150223\/Baite_Fleadh_Scannan_na_Gaillimhe_1-1920x1080-1.jpg 1920w, https:\/\/tg4-docs.s3.amazonaws.com\/wp-content\/uploads\/2025\/07\/10150223\/Baite_Fleadh_Scannan_na_Gaillimhe_1-1920x1080-1-250x141.jpg 250w, https:\/\/tg4-docs.s3.amazonaws.com\/wp-content\/uploads\/2025\/07\/10150223\/Baite_Fleadh_Scannan_na_Gaillimhe_1-1920x1080-1-700x394.jpg 700w, https:\/\/tg4-docs.s3.amazonaws.com\/wp-content\/uploads\/2025\/07\/10150223\/Baite_Fleadh_Scannan_na_Gaillimhe_1-1920x1080-1-252x141.jpg 252w, https:\/\/tg4-docs.s3.amazonaws.com\/wp-content\/uploads\/2025\/07\/10150223\/Baite_Fleadh_Scannan_na_Gaillimhe_1-1920x1080-1-1536x864.jpg 1536w, https:\/\/tg4-docs.s3.amazonaws.com\/wp-content\/uploads\/2025\/07\/10150223\/Baite_Fleadh_Scannan_na_Gaillimhe_1-1920x1080-1-120x68.jpg 120w\" sizes=\"(max-width: 1920px) 100vw, 1920px\" \/><br \/>\n<center><sup>Cliar &#038; Cri\u00fa &#8216;B\u00e1ite&#8217;<\/sup><\/center><br \/>\n&nbsp;<br \/>\n<iframe loading=\"lazy\" width=\"560\" height=\"315\" src=\"https:\/\/www.youtube.com\/embed\/I0Qycqt1T1U?si=VaUMVxPsYj_FwTdf\" title=\"YouTube video player\" frameborder=\"0\" allow=\"accelerometer; autoplay; clipboard-write; encrypted-media; gyroscope; picture-in-picture; web-share\" referrerpolicy=\"strict-origin-when-cross-origin\" allowfullscreen><\/iframe><br \/>\n&nbsp;<br \/>\nTaispe\u00e1nadh B\u00e1ite, scann\u00e1n cumhachtach Gaeilge a l\u00e9ir\u00edodh faoin sc\u00e9im Cine4, den ch\u00e9ad uair ag an 37\u00fa heagr\u00e1n de Fhleadh Scann\u00e1n na Gaillimhe D\u00e9 M\u00e1irt, an 9 I\u00fail in Amharclann Halla na Cathrach, Gaillimh.<\/p>\n<p>Rinneadh an scann\u00e1n a cheili\u00faradh le h\u00f3c\u00e1id speisialta sa Corrib Tea House i gCathair na Gaillimhe. I measc na ndaoine a bh\u00ed i l\u00e1thair ag an seoladh bh\u00ed Patrick O&#8217;Donovan, an tAire Cult\u00fair, Cumars\u00e1ide agus Sp\u00f3irt, a thug cuairt ar TG4 n\u00edos luaithe sa l\u00e1.<\/p>\n<p>L\u00e9irithe ag Dan\u00fa Media, is cuid den sc\u00e9im Cine4 \u00e9 B\u00e1ite, tionscnamh at\u00e1 c\u00f3mhaoinithe ag F\u00eds \u00c9ireann, TG4 agus Coimisi\u00fan na Me\u00e1n.<\/p>\n<p>T\u00e1 <strong>B\u00e1ite<\/strong> suite i mbaile faoin tuath deireadh seachtaine Chraobhchom\u00f3rtas Uile-\u00c9ireann na bliana 1975. Feictear d\u00far\u00fan d\u00fanmharaithe agus achrann teaghlaigh de r\u00e9ir mar a thosa\u00edonn saol Peggy Casey ag titim as a ch\u00e9ile nuair a thagann corp go barr uisce i loch saorga \u00e1iti\u00fail. Le Ru\u00e1n Magan i mbun sti\u00fartha den ch\u00e9ad uair ar fhadscann\u00e1n, fadscann\u00e1n a scr\u00edobh Sheena Lambert, t\u00e1 an script bunaithe ar a h\u00farsc\u00e9al The Lake, foilsithe ag HarperCollins.<\/p>\n<p>Is iad Eleanor O\u2019Brien, Moe Dunford, Ois\u00edn Mist\u00e9il, Fionnuala Gygax, agus Marc Mac Gearailt pr\u00edomhaisteoir\u00ed an scann\u00e1in seo, a taifeadadh i gConamara sa samhradh i 2023. L\u00e9irithe ag Siobh\u00e1n N\u00ed Ghadhra agus John Brady as Dan\u00fa Media, fuair an scann\u00e1n taca\u00edocht \u00f3 TG4, F\u00eds \u00c9ireann, Alt 481 agus Coimisi\u00fan na Me\u00e1n.<\/p>\n<p>D\u00fairt <strong>Deirdre N\u00ed Choist\u00edn, Ard-Sti\u00farth\u00f3ir TG4<\/strong>, <em>\u201cBa \u00e9 f\u00eds Alan Esslemont do Cine4 n\u00e1 go mbuafadh scann\u00e1n Gaeilge Gradam Oscar l\u00e1 \u00e9igin, agus go nd\u00e9anfadh scann\u00e1in Ghaeilge sa phicti\u00farlann an teanga a normal\u00fa i socha\u00ed na h\u00c9ireann.  Ba mhaith liom comhghairdeas a dh\u00e9anamh le Dan\u00fa Media ar an scann\u00e1n \u2018B\u00e1ite\u2019, an scann\u00e1n is d\u00e9ana\u00ed faoi sc\u00e9im Cine4. Spreag B\u00e1ite agus gach aon cheann de na scann\u00e1in Cine4 go dt\u00ed seo feasacht agus tuiscint nua ar an nGaeilge agus ar sc\u00e9ala\u00edocht chruthaitheach \u00c9ireannach.\u201d<\/em><\/p>\n<p>Is \u00e9ard a d\u00fairt <strong>D\u00e9sir\u00e9e Finnegan, Pr\u00edomhfheidhmeannach F\u00eds \u00c9ireann<\/strong>:  <em>\u201cIs \u00e1bhar m\u00f3r br\u00f3id d\u2019Fh\u00eds \u00c9ireann an tionscnamh Cine4, agus is iontach an tionchar cult\u00fair a bh\u00ed aige go dt\u00ed seo. Leanann F\u00eds \u00c9ireann lena dtiomantas do scann\u00e1na\u00edocht na Gaeilge a fhorbairt, le r\u00e9imse infheist\u00edochta\u00ed agus taca\u00edochta\u00ed ar feadh earn\u00e1il na scann\u00e1na\u00edochta agus na teilif\u00edse araon. T\u00e1imid thar a bheith br\u00f3d\u00fail as an taca\u00edocht a thugamar do B\u00e1ite i gcomhar len\u00e1r bp\u00e1irtn\u00e9ir\u00ed TG4 agus Coimisi\u00fan na Me\u00e1n. Ba mhaith linn comhghairdeas a dh\u00e9anamh leis an meitheal chruthaitheachta a rinne an scann\u00e1n ar \u00e9 a thaispe\u00e1int don domhan den ch\u00e9ad uair ag Fleadh Scann\u00e1n na Gaillimhe i mbliana.\u201d<\/em><\/p>\n<p>D\u00fairt <strong>Siobh\u00e1n N\u00ed Ghadhra, L\u00e9iritheoir le Dan\u00fa Media<\/strong>, freisin gur <em>\u201c\u00f3n\u00e1r gcro\u00ed amach a l\u00e9ir\u00edomar B\u00e1ite ar an sc\u00e1ile\u00e1n. D\u2019oibrigh an fhoireann gan stad gan staonadh chun \u00f3m\u00f3s a l\u00e9iri\u00fa do chro\u00ed an sc\u00e9il agus don phr\u00edomhaisteoir mn\u00e1 cumhachtach, Peggy. T\u00e1 r\u00edm\u00e9ad orainn an scann\u00e1n a thaispe\u00e1int den ch\u00e9ad uair i nGaillimh, \u00e1it ar saola\u00edodh an oiread den fhuinneamh agus den chruthaitheacht a chuaigh isteach ann.\u201d<\/em><\/p>\n<p>Bh\u00ed seoladh speisialta ann freisin ag com\u00f3radh 20 bliain de Sc\u00e9im Maoinithe Fuaim agus F\u00eds Choimisi\u00fan na Me\u00e1n freisin, a leanann de thaca\u00edocht a thabhairt don Ghaeilge agus d\u2019\u00e1bhar clos-amhairc lena mbaineann t\u00e1bhacht chult\u00fair.<\/p>\n<p>D\u00fairt <strong>Aoife MacEvilly, Coimisin\u00e9ir Craolt\u00f3ireachta agus F\u00edse\u00e1n ar \u00c9ileamh, Coimisi\u00fan na Me\u00e1n<\/strong>, <em>\u201cIs eiseaml\u00e1ir \u00e9 B\u00e1ite den mh\u00e9id a bh\u00ed beartaithe a dh\u00e9anamh leis an sc\u00e9im Cine4 &#8211; chun tac\u00fa le dr\u00e1ma\u00edocht chumhachtach i nGaeilge de chuid na h\u00c9ireann, at\u00e1 saibhir \u00f3 thaobh cult\u00fair de, a fhorbairt agus a l\u00e9iri\u00fa le go mbainfidh lucht f\u00e9achana s\u00e1samh as. T\u00e1 an-\u00e1thas ar Choimisi\u00fan na Me\u00e1n taca\u00edocht lean\u00fanach a chur ar f\u00e1il tr\u00edd an Sc\u00e9im Maoinithe Fuaim agus F\u00eds do chl\u00e1ir ina l\u00e9ir\u00edtear teanga, cult\u00far agus oidhreacht na h\u00c9ireann.\u201d<\/em><\/p>\n<p>Is \u00ed Mair\u00e9ad Campbell a roghnaigh na haisteoir\u00ed don scann\u00e1n <strong>B\u00e1ite<\/strong> le c\u00fanamh cruthaitheach \u00f3 Ronan Fox (DOP), Gemma Keenan (Dearadh Feistis), Jennifer Bowman (Gruaig agus Smideadh), Stephen Molloy, (Fuaim), agus Conor Dennison (Dearadh L\u00e9iri\u00fach\u00e1in). Cuireadh an obair iarl\u00e9irithe i gcr\u00edch in Outer Limits, Baile \u00c1tha Cliath.<\/p>\n<p>&nbsp;<\/p>\n","protected":false},"excerpt":{"rendered":"<p>Cliar &#038; Cri\u00fa &#8216;B\u00e1ite&#8217; &nbsp; &nbsp; Taispe\u00e1nadh B\u00e1ite, scann\u00e1n cumhachtach Gaeilge a l\u00e9ir\u00edodh faoin sc\u00e9im Cine4, den ch\u00e9ad uair ag an 37\u00fa heagr\u00e1n de Fhleadh Scann\u00e1n na Gaillimhe D\u00e9 M\u00e1irt, an 9 I\u00fail in Amharclann Halla na Cathrach, Gaillimh. Rinneadh an scann\u00e1n a cheili\u00faradh le h\u00f3c\u00e1id speisialta sa Corrib Tea House i gCathair na Gaillimhe. [&hellip;]<\/p>\n","protected":false},"author":876,"featured_media":0,"parent":236807,"menu_order":33,"comment_status":"closed","ping_status":"closed","template":"page-templates\/template-pr.php","meta":{"_acf_changed":false,"footnotes":""},"acf":[],"yoast_head":"<!-- This site is optimized with the Yoast SEO plugin v22.6 - https:\/\/yoast.com\/wordpress\/plugins\/seo\/ -->\n<title>\u2018B\u00c1ITE\u2019 CINE4 \u00e1 Thaispe\u00e1int den Ch\u00e9ad Uair ag Fleadh Scann\u00e1n na Gaillimhe | R\u00e1iteas Preas | TG4<\/title>\n<meta name=\"description\" content=\"Taispe\u00e1nadh B\u00e1ite, scann\u00e1n cumhachtach Gaeilge a l\u00e9ir\u00edodh faoin sc\u00e9im Cine4, den ch\u00e9ad uair ag an 37\u00fa heagr\u00e1n de Fhleadh Scann\u00e1n na Gaillimhe D\u00e9 M\u00e1irt, an 9 I\u00fail in Amharclann Halla na Cathrach, Gaillimh.\" \/>\n<meta name=\"robots\" content=\"index, follow, max-snippet:-1, max-image-preview:large, max-video-preview:-1\" \/>\n<meta property=\"og:locale\" content=\"en_US\" \/>\n<meta property=\"og:type\" content=\"article\" \/>\n<meta property=\"og:title\" content=\"\u2018B\u00c1ITE\u2019 CINE4 \u00e1 Thaispe\u00e1int den Ch\u00e9ad Uair ag Fleadh Scann\u00e1n na Gaillimhe | R\u00e1iteas Preas | TG4\" \/>\n<meta property=\"og:description\" content=\"Taispe\u00e1nadh B\u00e1ite, scann\u00e1n cumhachtach Gaeilge a l\u00e9ir\u00edodh faoin sc\u00e9im Cine4, den ch\u00e9ad uair ag an 37\u00fa heagr\u00e1n de Fhleadh Scann\u00e1n na Gaillimhe D\u00e9 M\u00e1irt, an 9 I\u00fail in Amharclann Halla na Cathrach, Gaillimh.\" \/>\n<meta property=\"og:url\" content=\"https:\/\/dev.tg4.ie\/ga\/eolas\/preas\/nuacht-raitis\/2025-2\/baite-cine4-a-thaispeaint-den-chead-uair-ag-fleadh-scannan-na-gaillimhe\/\" \/>\n<meta property=\"og:site_name\" content=\"TG4\" \/>\n<meta property=\"article:publisher\" content=\"https:\/\/www.facebook.com\/TG4TV\" \/>\n<meta property=\"article:modified_time\" content=\"2025-07-24T13:36:41+00:00\" \/>\n<meta property=\"og:image\" content=\"https:\/\/dev.tg4.ie\/wp-content\/uploads\/2025\/07\/Baite_Fleadh_Scannan_na_Gaillimhe_1-1920x1080-1.jpg\" \/>\n<meta name=\"twitter:card\" content=\"summary_large_image\" \/>\n<meta name=\"twitter:site\" content=\"@TG4TV\" \/>\n<meta name=\"twitter:label1\" content=\"Est. reading time\" \/>\n\t<meta name=\"twitter:data1\" content=\"4 minutes\" \/>\n<script type=\"application\/ld+json\" class=\"yoast-schema-graph\">{\"@context\":\"https:\/\/schema.org\",\"@graph\":[{\"@type\":\"WebPage\",\"@id\":\"https:\/\/dev.tg4.ie\/ga\/eolas\/preas\/nuacht-raitis\/2025-2\/baite-cine4-a-thaispeaint-den-chead-uair-ag-fleadh-scannan-na-gaillimhe\/\",\"url\":\"https:\/\/dev.tg4.ie\/ga\/eolas\/preas\/nuacht-raitis\/2025-2\/baite-cine4-a-thaispeaint-den-chead-uair-ag-fleadh-scannan-na-gaillimhe\/\",\"name\":\"\u2018B\u00c1ITE\u2019 CINE4 \u00e1 Thaispe\u00e1int den Ch\u00e9ad Uair ag Fleadh Scann\u00e1n na Gaillimhe | R\u00e1iteas Preas | TG4\",\"isPartOf\":{\"@id\":\"https:\/\/dev.tg4.ie\/en\/#website\"},\"primaryImageOfPage\":{\"@id\":\"https:\/\/dev.tg4.ie\/ga\/eolas\/preas\/nuacht-raitis\/2025-2\/baite-cine4-a-thaispeaint-den-chead-uair-ag-fleadh-scannan-na-gaillimhe\/#primaryimage\"},\"image\":{\"@id\":\"https:\/\/dev.tg4.ie\/ga\/eolas\/preas\/nuacht-raitis\/2025-2\/baite-cine4-a-thaispeaint-den-chead-uair-ag-fleadh-scannan-na-gaillimhe\/#primaryimage\"},\"thumbnailUrl\":\"https:\/\/dev.tg4.ie\/wp-content\/uploads\/2025\/07\/Baite_Fleadh_Scannan_na_Gaillimhe_1-1920x1080-1.jpg\",\"datePublished\":\"2025-07-10T14:05:00+00:00\",\"dateModified\":\"2025-07-24T13:36:41+00:00\",\"description\":\"Taispe\u00e1nadh B\u00e1ite, scann\u00e1n cumhachtach Gaeilge a l\u00e9ir\u00edodh faoin sc\u00e9im Cine4, den ch\u00e9ad uair ag an 37\u00fa heagr\u00e1n de Fhleadh Scann\u00e1n na Gaillimhe D\u00e9 M\u00e1irt, an 9 I\u00fail in Amharclann Halla na Cathrach, Gaillimh.\",\"breadcrumb\":{\"@id\":\"https:\/\/dev.tg4.ie\/ga\/eolas\/preas\/nuacht-raitis\/2025-2\/baite-cine4-a-thaispeaint-den-chead-uair-ag-fleadh-scannan-na-gaillimhe\/#breadcrumb\"},\"inLanguage\":\"ga\",\"potentialAction\":[{\"@type\":\"ReadAction\",\"target\":[\"https:\/\/dev.tg4.ie\/ga\/eolas\/preas\/nuacht-raitis\/2025-2\/baite-cine4-a-thaispeaint-den-chead-uair-ag-fleadh-scannan-na-gaillimhe\/\"]}]},{\"@type\":\"ImageObject\",\"inLanguage\":\"ga\",\"@id\":\"https:\/\/dev.tg4.ie\/ga\/eolas\/preas\/nuacht-raitis\/2025-2\/baite-cine4-a-thaispeaint-den-chead-uair-ag-fleadh-scannan-na-gaillimhe\/#primaryimage\",\"url\":\"https:\/\/dev.tg4.ie\/wp-content\/uploads\/2025\/07\/Baite_Fleadh_Scannan_na_Gaillimhe_1-1920x1080-1.jpg\",\"contentUrl\":\"https:\/\/dev.tg4.ie\/wp-content\/uploads\/2025\/07\/Baite_Fleadh_Scannan_na_Gaillimhe_1-1920x1080-1.jpg\"},{\"@type\":\"BreadcrumbList\",\"@id\":\"https:\/\/dev.tg4.ie\/ga\/eolas\/preas\/nuacht-raitis\/2025-2\/baite-cine4-a-thaispeaint-den-chead-uair-ag-fleadh-scannan-na-gaillimhe\/#breadcrumb\",\"itemListElement\":[{\"@type\":\"ListItem\",\"position\":1,\"name\":\"Home\",\"item\":\"https:\/\/dev.tg4.ie\/ga\/\"},{\"@type\":\"ListItem\",\"position\":2,\"name\":\"Eolas\",\"item\":\"https:\/\/dev.tg4.ie\/ga\/eolas\/\"},{\"@type\":\"ListItem\",\"position\":3,\"name\":\"Preas\",\"item\":\"https:\/\/dev.tg4.ie\/ga\/eolas\/preas\/\"},{\"@type\":\"ListItem\",\"position\":4,\"name\":\"Nuacht R\u00e1itis\",\"item\":\"https:\/\/dev.tg4.ie\/ga\/eolas\/preas\/nuacht-raitis\/\"},{\"@type\":\"ListItem\",\"position\":5,\"name\":\"2025\",\"item\":\"https:\/\/dev.tg4.ie\/ga\/eolas\/preas\/nuacht-raitis\/2025-2\/\"},{\"@type\":\"ListItem\",\"position\":6,\"name\":\"\u2018B\u00c1ITE\u2019 CINE4 \u00e1 Thaispe\u00e1int den Ch\u00e9ad Uair ag Fleadh Scann\u00e1n na Gaillimhe\"}]},{\"@type\":\"WebSite\",\"@id\":\"https:\/\/dev.tg4.ie\/en\/#website\",\"url\":\"https:\/\/dev.tg4.ie\/en\/\",\"name\":\"TG4\",\"description\":\"S\u00fail Eile\",\"potentialAction\":[{\"@type\":\"SearchAction\",\"target\":{\"@type\":\"EntryPoint\",\"urlTemplate\":\"https:\/\/dev.tg4.ie\/en\/?s={search_term_string}\"},\"query-input\":\"required name=search_term_string\"}],\"inLanguage\":\"ga\"}]}<\/script>\n<!-- \/ Yoast SEO plugin. -->","yoast_head_json":{"title":"\u2018B\u00c1ITE\u2019 CINE4 \u00e1 Thaispe\u00e1int den Ch\u00e9ad Uair ag Fleadh Scann\u00e1n na Gaillimhe | R\u00e1iteas Preas | TG4","description":"Taispe\u00e1nadh B\u00e1ite, scann\u00e1n cumhachtach Gaeilge a l\u00e9ir\u00edodh faoin sc\u00e9im Cine4, den ch\u00e9ad uair ag an 37\u00fa heagr\u00e1n de Fhleadh Scann\u00e1n na Gaillimhe D\u00e9 M\u00e1irt, an 9 I\u00fail in Amharclann Halla na Cathrach, Gaillimh.","robots":{"index":"index","follow":"follow","max-snippet":"max-snippet:-1","max-image-preview":"max-image-preview:large","max-video-preview":"max-video-preview:-1"},"og_locale":"en_US","og_type":"article","og_title":"\u2018B\u00c1ITE\u2019 CINE4 \u00e1 Thaispe\u00e1int den Ch\u00e9ad Uair ag Fleadh Scann\u00e1n na Gaillimhe | R\u00e1iteas Preas | TG4","og_description":"Taispe\u00e1nadh B\u00e1ite, scann\u00e1n cumhachtach Gaeilge a l\u00e9ir\u00edodh faoin sc\u00e9im Cine4, den ch\u00e9ad uair ag an 37\u00fa heagr\u00e1n de Fhleadh Scann\u00e1n na Gaillimhe D\u00e9 M\u00e1irt, an 9 I\u00fail in Amharclann Halla na Cathrach, Gaillimh.","og_url":"https:\/\/dev.tg4.ie\/ga\/eolas\/preas\/nuacht-raitis\/2025-2\/baite-cine4-a-thaispeaint-den-chead-uair-ag-fleadh-scannan-na-gaillimhe\/","og_site_name":"TG4","article_publisher":"https:\/\/www.facebook.com\/TG4TV","article_modified_time":"2025-07-24T13:36:41+00:00","og_image":[{"url":"https:\/\/dev.tg4.ie\/wp-content\/uploads\/2025\/07\/Baite_Fleadh_Scannan_na_Gaillimhe_1-1920x1080-1.jpg"}],"twitter_card":"summary_large_image","twitter_site":"@TG4TV","twitter_misc":{"Est. reading time":"4 minutes"},"schema":{"@context":"https:\/\/schema.org","@graph":[{"@type":"WebPage","@id":"https:\/\/dev.tg4.ie\/ga\/eolas\/preas\/nuacht-raitis\/2025-2\/baite-cine4-a-thaispeaint-den-chead-uair-ag-fleadh-scannan-na-gaillimhe\/","url":"https:\/\/dev.tg4.ie\/ga\/eolas\/preas\/nuacht-raitis\/2025-2\/baite-cine4-a-thaispeaint-den-chead-uair-ag-fleadh-scannan-na-gaillimhe\/","name":"\u2018B\u00c1ITE\u2019 CINE4 \u00e1 Thaispe\u00e1int den Ch\u00e9ad Uair ag Fleadh Scann\u00e1n na Gaillimhe | R\u00e1iteas Preas | TG4","isPartOf":{"@id":"https:\/\/dev.tg4.ie\/en\/#website"},"primaryImageOfPage":{"@id":"https:\/\/dev.tg4.ie\/ga\/eolas\/preas\/nuacht-raitis\/2025-2\/baite-cine4-a-thaispeaint-den-chead-uair-ag-fleadh-scannan-na-gaillimhe\/#primaryimage"},"image":{"@id":"https:\/\/dev.tg4.ie\/ga\/eolas\/preas\/nuacht-raitis\/2025-2\/baite-cine4-a-thaispeaint-den-chead-uair-ag-fleadh-scannan-na-gaillimhe\/#primaryimage"},"thumbnailUrl":"https:\/\/dev.tg4.ie\/wp-content\/uploads\/2025\/07\/Baite_Fleadh_Scannan_na_Gaillimhe_1-1920x1080-1.jpg","datePublished":"2025-07-10T14:05:00+00:00","dateModified":"2025-07-24T13:36:41+00:00","description":"Taispe\u00e1nadh B\u00e1ite, scann\u00e1n cumhachtach Gaeilge a l\u00e9ir\u00edodh faoin sc\u00e9im Cine4, den ch\u00e9ad uair ag an 37\u00fa heagr\u00e1n de Fhleadh Scann\u00e1n na Gaillimhe D\u00e9 M\u00e1irt, an 9 I\u00fail in Amharclann Halla na Cathrach, Gaillimh.","breadcrumb":{"@id":"https:\/\/dev.tg4.ie\/ga\/eolas\/preas\/nuacht-raitis\/2025-2\/baite-cine4-a-thaispeaint-den-chead-uair-ag-fleadh-scannan-na-gaillimhe\/#breadcrumb"},"inLanguage":"ga","potentialAction":[{"@type":"ReadAction","target":["https:\/\/dev.tg4.ie\/ga\/eolas\/preas\/nuacht-raitis\/2025-2\/baite-cine4-a-thaispeaint-den-chead-uair-ag-fleadh-scannan-na-gaillimhe\/"]}]},{"@type":"ImageObject","inLanguage":"ga","@id":"https:\/\/dev.tg4.ie\/ga\/eolas\/preas\/nuacht-raitis\/2025-2\/baite-cine4-a-thaispeaint-den-chead-uair-ag-fleadh-scannan-na-gaillimhe\/#primaryimage","url":"https:\/\/dev.tg4.ie\/wp-content\/uploads\/2025\/07\/Baite_Fleadh_Scannan_na_Gaillimhe_1-1920x1080-1.jpg","contentUrl":"https:\/\/dev.tg4.ie\/wp-content\/uploads\/2025\/07\/Baite_Fleadh_Scannan_na_Gaillimhe_1-1920x1080-1.jpg"},{"@type":"BreadcrumbList","@id":"https:\/\/dev.tg4.ie\/ga\/eolas\/preas\/nuacht-raitis\/2025-2\/baite-cine4-a-thaispeaint-den-chead-uair-ag-fleadh-scannan-na-gaillimhe\/#breadcrumb","itemListElement":[{"@type":"ListItem","position":1,"name":"Home","item":"https:\/\/dev.tg4.ie\/ga\/"},{"@type":"ListItem","position":2,"name":"Eolas","item":"https:\/\/dev.tg4.ie\/ga\/eolas\/"},{"@type":"ListItem","position":3,"name":"Preas","item":"https:\/\/dev.tg4.ie\/ga\/eolas\/preas\/"},{"@type":"ListItem","position":4,"name":"Nuacht R\u00e1itis","item":"https:\/\/dev.tg4.ie\/ga\/eolas\/preas\/nuacht-raitis\/"},{"@type":"ListItem","position":5,"name":"2025","item":"https:\/\/dev.tg4.ie\/ga\/eolas\/preas\/nuacht-raitis\/2025-2\/"},{"@type":"ListItem","position":6,"name":"\u2018B\u00c1ITE\u2019 CINE4 \u00e1 Thaispe\u00e1int den Ch\u00e9ad Uair ag Fleadh Scann\u00e1n na Gaillimhe"}]},{"@type":"WebSite","@id":"https:\/\/dev.tg4.ie\/en\/#website","url":"https:\/\/dev.tg4.ie\/en\/","name":"TG4","description":"S\u00fail Eile","potentialAction":[{"@type":"SearchAction","target":{"@type":"EntryPoint","urlTemplate":"https:\/\/dev.tg4.ie\/en\/?s={search_term_string}"},"query-input":"required name=search_term_string"}],"inLanguage":"ga"}]}},"_links":{"self":[{"href":"https:\/\/dev.tg4.ie\/ga\/wp-json\/wp\/v2\/pages\/246743"}],"collection":[{"href":"https:\/\/dev.tg4.ie\/ga\/wp-json\/wp\/v2\/pages"}],"about":[{"href":"https:\/\/dev.tg4.ie\/ga\/wp-json\/wp\/v2\/types\/page"}],"author":[{"embeddable":true,"href":"https:\/\/dev.tg4.ie\/ga\/wp-json\/wp\/v2\/users\/876"}],"replies":[{"embeddable":true,"href":"https:\/\/dev.tg4.ie\/ga\/wp-json\/wp\/v2\/comments?post=246743"}],"version-history":[{"count":0,"href":"https:\/\/dev.tg4.ie\/ga\/wp-json\/wp\/v2\/pages\/246743\/revisions"}],"up":[{"embeddable":true,"href":"https:\/\/dev.tg4.ie\/ga\/wp-json\/wp\/v2\/pages\/236807"}],"wp:attachment":[{"href":"https:\/\/dev.tg4.ie\/ga\/wp-json\/wp\/v2\/media?parent=246743"}],"curies":[{"name":"wp","href":"https:\/\/api.w.org\/{rel}","templated":true}]}}