{"id":246842,"date":"2025-07-24T09:49:24","date_gmt":"2025-07-24T08:49:24","guid":{"rendered":"https:\/\/dev.tg4.ie\/?page_id=246842"},"modified":"2025-07-24T10:45:40","modified_gmt":"2025-07-24T09:45:40","slug":"gach-ceim-de-tour-de-france-femmes-2025-le-craoladh-beo-ar-tg4","status":"publish","type":"page","link":"https:\/\/dev.tg4.ie\/ga\/eolas\/preas\/nuacht-raitis\/2025-2\/gach-ceim-de-tour-de-france-femmes-2025-le-craoladh-beo-ar-tg4\/","title":{"rendered":"Gach C\u00e9im de Tour de France Femmes 2025 le Craoladh Beo ar TG4"},"content":{"rendered":"<p><img loading=\"lazy\" decoding=\"async\" width=\"1920\" height=\"1080\" src=\"https:\/\/tg4-docs.s3.amazonaws.com\/wp-content\/uploads\/2025\/07\/24091123\/Tour_de_France_Femmes_2025_1-1920x1080-1.jpg\" alt=\"Tour de France Femmes Cyclists in 2024\" class=\"aligncenter size-full wp-image-246844\" srcset=\"https:\/\/tg4-docs.s3.amazonaws.com\/wp-content\/uploads\/2025\/07\/24091123\/Tour_de_France_Femmes_2025_1-1920x1080-1.jpg 1920w, https:\/\/tg4-docs.s3.amazonaws.com\/wp-content\/uploads\/2025\/07\/24091123\/Tour_de_France_Femmes_2025_1-1920x1080-1-250x141.jpg 250w, https:\/\/tg4-docs.s3.amazonaws.com\/wp-content\/uploads\/2025\/07\/24091123\/Tour_de_France_Femmes_2025_1-1920x1080-1-700x394.jpg 700w, https:\/\/tg4-docs.s3.amazonaws.com\/wp-content\/uploads\/2025\/07\/24091123\/Tour_de_France_Femmes_2025_1-1920x1080-1-252x141.jpg 252w, https:\/\/tg4-docs.s3.amazonaws.com\/wp-content\/uploads\/2025\/07\/24091123\/Tour_de_France_Femmes_2025_1-1920x1080-1-1536x864.jpg 1536w, https:\/\/tg4-docs.s3.amazonaws.com\/wp-content\/uploads\/2025\/07\/24091123\/Tour_de_France_Femmes_2025_1-1920x1080-1-120x68.jpg 120w\" sizes=\"(max-width: 1920px) 100vw, 1920px\" \/><br \/>\n&nbsp;<br \/>\nT\u00e1 \u00e1thas ar TG4 a fh\u00f3gairt go gcraolfar gach c\u00e9im de Tour de France Femmes avec Zwift 2025 beo ar an gcain\u00e9al. Sin naoi l\u00e1 as a ch\u00e9ile de rotha\u00edocht den scoth na mban \u00e1 cur ar f\u00e1il beo \u00f3 gach cearn den Fhrainc do lucht f\u00e9achana na h\u00c9ireann. Cuirfear t\u00fas leis an gcl\u00fadach<span>\u00a0<\/span><strong>D\u00e9 Sathairn an 26 I\u00fail<\/strong><span>\u00a0<\/span>leis an gc\u00e9ad ch\u00e9im 78km \u00f3<span>\u00a0<\/span><strong>Vannes go Plumelec sa Bhriot\u00e1in<\/strong>. Leanfar leis an gcl\u00fadach go dt\u00ed go mbainfidh siad an ch\u00e9im dheireanach amach i<span>\u00a0<\/span><strong>Ch\u00e2tel Les Portes du Soleil<\/strong><span>\u00a0<\/span>in Alpa na Fraince<span>\u00a0<\/span><strong>D\u00e9 Domhnaigh an 3 L\u00fanasa<\/strong>.<br \/>\n&nbsp;<br \/>\nSeo \u00ed an ceathr\u00fa bliain den leagan nua-aimseartha seo den Tour de France Femmes, a thosaigh in 2022, agus t\u00e1 s\u00e9 anois ar cheann de na h\u00f3c\u00e1id\u00ed is m\u00f3 le r\u00e1 i bhf\u00e9ilire rotha\u00edochta na mban. Beidh<span>\u00a0<\/span><strong>tr\u00ed ch\u00e9im chothroma, dh\u00e1 ch\u00e9im sna cnoic, agus ceithre ch\u00e9im sna sl\u00e9ibhte<\/strong><span>\u00a0<\/span>i gceist i mbliana, lena n-\u00e1ir\u00edtear an dreapadh dian suas<span>\u00a0<\/span><strong>Col de la Madeleine<\/strong>, at\u00e1 2,000m ar airde, a bheidh le d\u00e9anamh acu l\u00e1 roimh an gcr\u00edoch mh\u00f3r.<br \/>\n&nbsp;<br \/>\nBeidh tr\u00e1chtaireacht bheo \u00e1 cur ar f\u00e1il ar\u00eds i mbliana ag<span>\u00a0<\/span><strong>P\u00e1id\u00ed \u00d3 Lion\u00e1ird<\/strong><span>\u00a0<\/span>agus<span>\u00a0<\/span><strong>P\u00e1draic \u00d3 Cuinn<\/strong>, agus cuirfidh an paisean agus an l\u00e9argas at\u00e1 acu f\u00e9in, mar aon leis an nGaeilge, d\u00e1r nd\u00f3igh go m\u00f3r leis an imeacht.<br \/>\n&nbsp;<br \/>\n\u00d3 thaobh na h\u00c9ireann de, t\u00e1 c\u00fais mh\u00f3r d\u00f3chais ann. Deimhn\u00edodh D\u00e9 Luain an 21 I\u00fail go bhfuil<span>\u00a0<\/span><strong>Mia Griffin as Cill Chainnigh<\/strong>, curadh n\u00e1isi\u00fanta na h\u00c9ireann, chun tabhairt faoin Tour de France Femmes den ch\u00e9ad uair. Beidh Mia, at\u00e1 26 bliain d\u2019aois, ag rotha\u00edocht le foireann na hEilv\u00e9ise, Roland Le D\u00e9voluy. Is \u00ed an ch\u00e9ad bhean \u00c9ireannach \u00ed at\u00e1 f\u00f3gartha go hoifigi\u00fail don r\u00e1s, ach t\u00e1thar ag s\u00fail go mbeidh suas le<span>\u00a0<\/span><strong>tri\u00far rothaithe \u00c9ireannacha<\/strong><span>\u00a0<\/span>ar an l\u00edne thosaigh D\u00e9 Sathairn seo chugainn.<br \/>\n&nbsp;<br \/>\nBeidh buaicphoint\u00ed \u00f3 gach c\u00e9im le feice\u00e1il gach o\u00edche ar TG4 freisin.<br \/>\n&nbsp;<br \/>\nLeanann TG4 de bheith ag cur sp\u00f3irt den scoth na mban os comhair an phobail, agus t\u00e1 neart dr\u00e1ma\u00edochta, d\u00fashl\u00e1n, agus ioma\u00edocht ar ardchaighde\u00e1n idirn\u00e1isi\u00fanta geallta le linn Tour de France Femmes 2025.<br \/>\n&nbsp;<br \/>\nIs f\u00e9idir gach eolas a fh\u00e1il faoin r\u00e1s agus faoin mbealach a bheidh an r\u00e1s ag dul a fh\u00e1il ar shu\u00edomh gr\u00e9as\u00e1in oifigi\u00fail an imeachta:<\/p>\n<p><a href=\"https:\/\/www.letourfemmes.fr\/en\/overall-route\" rel=\"noopener\" target=\"_blank\">https:\/\/www.letourfemmes.fr\/en\/overall-route<\/a><br \/>\n&nbsp;<br \/>\n<strong>\u00a0<\/strong><\/p>\n<p><strong>Tour de France na mBan Beo ar TG4<\/strong><\/p>\n<table border=\"0\" cellpadding=\"0\">\n<tbody>\n<tr>\n<td><strong>L\u00e1 &amp; D\u00e1ta<\/strong><\/td>\n<td><strong>C\u00e9im<\/strong><\/td>\n<td><strong>C\u00farsa<\/strong><\/td>\n<td><strong>T\u00fas craolta<\/strong><\/td>\n<td><strong>Deireadh craolta<\/strong><\/td>\n<td><strong>Ard\u00e1n<\/strong><\/td>\n<\/tr>\n<tr>\n<td><strong>D\u00e9 Sathairn 26\/07<\/strong><\/td>\n<td>1<\/td>\n<td>Vannes &gt; Plumelec<\/td>\n<td>16:15<\/td>\n<td>18:45<\/td>\n<td valign=\"top\">TG4 Beo<\/td>\n<\/tr>\n<tr>\n<td><strong>D\u00e9 Domhnaigh 27\/07<\/strong><\/td>\n<td>2<\/td>\n<td>Brest &gt; Quimper<\/td>\n<td>12:00:00<\/td>\n<td>14:30:30<\/td>\n<td valign=\"top\">TG4 Beo<\/td>\n<\/tr>\n<tr>\n<td><strong>D\u00e9 Luain 28\/07<\/strong><\/td>\n<td>3<\/td>\n<td>La Gacilly &gt; Angers<\/td>\n<td>14:35:00<\/td>\n<td>17:05:30<\/td>\n<td valign=\"top\">TG4 Beo<\/td>\n<\/tr>\n<tr>\n<td><strong>D\u00e9 M\u00e1irt 29\/07<\/strong><\/td>\n<td>4<\/td>\n<td>Saumur &gt; Poitiers<\/td>\n<td>14:35<\/td>\n<td>17:05<\/td>\n<td valign=\"top\">TG4 Beo<\/td>\n<\/tr>\n<tr>\n<td><strong>D\u00e9 C\u00e9adaoin 30\/07<\/strong><\/td>\n<td>5<\/td>\n<td>Jaunay-Marigny Futuroscope &gt; Gueret<\/td>\n<td>14:35<\/td>\n<td>17:05<\/td>\n<td valign=\"top\">TG4 Beo<\/td>\n<\/tr>\n<tr>\n<td><strong>D\u00e9ardaoin 01\/08<\/strong><\/td>\n<td>6<\/td>\n<td>Clermont-Ferrand &gt; Ambert<\/td>\n<td>14:35<\/td>\n<td>17:05<\/td>\n<td valign=\"top\">TG4 Beo<\/td>\n<\/tr>\n<tr>\n<td><strong>D\u00e9 hAoine 01\/08<\/strong><\/td>\n<td>7<\/td>\n<td>Bourg En Bresse &gt; Chambery<\/td>\n<td>14:35<\/td>\n<td>16:37<\/td>\n<td valign=\"top\">TG4 Beo<\/td>\n<\/tr>\n<tr>\n<td><strong>D\u00e9 Sathairn 02\/08<\/strong><\/td>\n<td>8<\/td>\n<td>Chamb\u00e9ry &gt; Saint Fran\u00e7ois Longchamp &#8211; Col de la Madeleine<\/td>\n<td>12:40<\/td>\n<td>16:50<\/td>\n<td>Beo Aip TG4 &amp; Seinnteoir<\/td>\n<\/tr>\n<tr>\n<td><strong>D\u00e9 Domhnaigh 03\/08<\/strong><\/td>\n<td>9<\/td>\n<td>Praz-sur-Arly &gt; Ch\u00e2tel<\/td>\n<td>14:15<\/td>\n<td>18:20<\/td>\n<td>Beo Aip TG4 &amp; Seinnteoir<\/td>\n<\/tr>\n<\/tbody>\n<\/table>\n<p>&nbsp;<br \/>\n&nbsp;<\/p>\n","protected":false},"excerpt":{"rendered":"<p>&nbsp; T\u00e1 \u00e1thas ar TG4 a fh\u00f3gairt go gcraolfar gach c\u00e9im de Tour de France Femmes avec Zwift 2025 beo ar an gcain\u00e9al. Sin naoi l\u00e1 as a ch\u00e9ile de rotha\u00edocht den scoth na mban \u00e1 cur ar f\u00e1il beo \u00f3 gach cearn den Fhrainc do lucht f\u00e9achana na h\u00c9ireann. Cuirfear t\u00fas leis an gcl\u00fadach\u00a0D\u00e9 [&hellip;]<\/p>\n","protected":false},"author":876,"featured_media":0,"parent":236807,"menu_order":34,"comment_status":"closed","ping_status":"closed","template":"page-templates\/template-pr.php","meta":{"_acf_changed":false,"footnotes":""},"acf":[],"yoast_head":"<!-- This site is optimized with the Yoast SEO plugin v22.6 - https:\/\/yoast.com\/wordpress\/plugins\/seo\/ -->\n<title>Gach C\u00e9im de Tour de France Femmes 2025 le Craoladh Beo ar TG4 | Preasr\u00e1iteas | TG4<\/title>\n<meta name=\"description\" content=\"T\u00e1 \u00e1thas ar TG4 a fh\u00f3gairt go gcraolfar gach c\u00e9im de Tour de France Femmes avec Zwift 2025 beo ar an gcain\u00e9al.\" \/>\n<meta name=\"robots\" content=\"index, follow, max-snippet:-1, max-image-preview:large, max-video-preview:-1\" \/>\n<meta property=\"og:locale\" content=\"en_US\" \/>\n<meta property=\"og:type\" content=\"article\" \/>\n<meta property=\"og:title\" content=\"Gach C\u00e9im de Tour de France Femmes 2025 le Craoladh Beo ar TG4 | Preasr\u00e1iteas | TG4\" \/>\n<meta property=\"og:description\" content=\"T\u00e1 \u00e1thas ar TG4 a fh\u00f3gairt go gcraolfar gach c\u00e9im de Tour de France Femmes avec Zwift 2025 beo ar an gcain\u00e9al.\" \/>\n<meta property=\"og:url\" content=\"https:\/\/dev.tg4.ie\/ga\/eolas\/preas\/nuacht-raitis\/2025-2\/gach-ceim-de-tour-de-france-femmes-2025-le-craoladh-beo-ar-tg4\/\" \/>\n<meta property=\"og:site_name\" content=\"TG4\" \/>\n<meta property=\"article:publisher\" content=\"https:\/\/www.facebook.com\/TG4TV\" \/>\n<meta property=\"article:modified_time\" content=\"2025-07-24T09:45:40+00:00\" \/>\n<meta property=\"og:image\" content=\"https:\/\/dev.tg4.ie\/wp-content\/uploads\/2025\/07\/Tour_de_France_Femmes_2025_1-1920x1080-1.jpg\" \/>\n<meta name=\"twitter:card\" content=\"summary_large_image\" \/>\n<meta name=\"twitter:site\" content=\"@TG4TV\" \/>\n<meta name=\"twitter:label1\" content=\"Est. reading time\" \/>\n\t<meta name=\"twitter:data1\" content=\"3 minutes\" \/>\n<script type=\"application\/ld+json\" class=\"yoast-schema-graph\">{\"@context\":\"https:\/\/schema.org\",\"@graph\":[{\"@type\":\"WebPage\",\"@id\":\"https:\/\/dev.tg4.ie\/ga\/eolas\/preas\/nuacht-raitis\/2025-2\/gach-ceim-de-tour-de-france-femmes-2025-le-craoladh-beo-ar-tg4\/\",\"url\":\"https:\/\/dev.tg4.ie\/ga\/eolas\/preas\/nuacht-raitis\/2025-2\/gach-ceim-de-tour-de-france-femmes-2025-le-craoladh-beo-ar-tg4\/\",\"name\":\"Gach C\u00e9im de Tour de France Femmes 2025 le Craoladh Beo ar TG4 | Preasr\u00e1iteas | TG4\",\"isPartOf\":{\"@id\":\"https:\/\/dev.tg4.ie\/en\/#website\"},\"primaryImageOfPage\":{\"@id\":\"https:\/\/dev.tg4.ie\/ga\/eolas\/preas\/nuacht-raitis\/2025-2\/gach-ceim-de-tour-de-france-femmes-2025-le-craoladh-beo-ar-tg4\/#primaryimage\"},\"image\":{\"@id\":\"https:\/\/dev.tg4.ie\/ga\/eolas\/preas\/nuacht-raitis\/2025-2\/gach-ceim-de-tour-de-france-femmes-2025-le-craoladh-beo-ar-tg4\/#primaryimage\"},\"thumbnailUrl\":\"https:\/\/dev.tg4.ie\/wp-content\/uploads\/2025\/07\/Tour_de_France_Femmes_2025_1-1920x1080-1.jpg\",\"datePublished\":\"2025-07-24T08:49:24+00:00\",\"dateModified\":\"2025-07-24T09:45:40+00:00\",\"description\":\"T\u00e1 \u00e1thas ar TG4 a fh\u00f3gairt go gcraolfar gach c\u00e9im de Tour de France Femmes avec Zwift 2025 beo ar an gcain\u00e9al.\",\"breadcrumb\":{\"@id\":\"https:\/\/dev.tg4.ie\/ga\/eolas\/preas\/nuacht-raitis\/2025-2\/gach-ceim-de-tour-de-france-femmes-2025-le-craoladh-beo-ar-tg4\/#breadcrumb\"},\"inLanguage\":\"ga\",\"potentialAction\":[{\"@type\":\"ReadAction\",\"target\":[\"https:\/\/dev.tg4.ie\/ga\/eolas\/preas\/nuacht-raitis\/2025-2\/gach-ceim-de-tour-de-france-femmes-2025-le-craoladh-beo-ar-tg4\/\"]}]},{\"@type\":\"ImageObject\",\"inLanguage\":\"ga\",\"@id\":\"https:\/\/dev.tg4.ie\/ga\/eolas\/preas\/nuacht-raitis\/2025-2\/gach-ceim-de-tour-de-france-femmes-2025-le-craoladh-beo-ar-tg4\/#primaryimage\",\"url\":\"https:\/\/dev.tg4.ie\/wp-content\/uploads\/2025\/07\/Tour_de_France_Femmes_2025_1-1920x1080-1.jpg\",\"contentUrl\":\"https:\/\/dev.tg4.ie\/wp-content\/uploads\/2025\/07\/Tour_de_France_Femmes_2025_1-1920x1080-1.jpg\"},{\"@type\":\"BreadcrumbList\",\"@id\":\"https:\/\/dev.tg4.ie\/ga\/eolas\/preas\/nuacht-raitis\/2025-2\/gach-ceim-de-tour-de-france-femmes-2025-le-craoladh-beo-ar-tg4\/#breadcrumb\",\"itemListElement\":[{\"@type\":\"ListItem\",\"position\":1,\"name\":\"Home\",\"item\":\"https:\/\/dev.tg4.ie\/ga\/\"},{\"@type\":\"ListItem\",\"position\":2,\"name\":\"Eolas\",\"item\":\"https:\/\/dev.tg4.ie\/ga\/eolas\/\"},{\"@type\":\"ListItem\",\"position\":3,\"name\":\"Preas\",\"item\":\"https:\/\/dev.tg4.ie\/ga\/eolas\/preas\/\"},{\"@type\":\"ListItem\",\"position\":4,\"name\":\"Nuacht R\u00e1itis\",\"item\":\"https:\/\/dev.tg4.ie\/ga\/eolas\/preas\/nuacht-raitis\/\"},{\"@type\":\"ListItem\",\"position\":5,\"name\":\"2025\",\"item\":\"https:\/\/dev.tg4.ie\/ga\/eolas\/preas\/nuacht-raitis\/2025-2\/\"},{\"@type\":\"ListItem\",\"position\":6,\"name\":\"Gach C\u00e9im de Tour de France Femmes 2025 le Craoladh Beo ar TG4\"}]},{\"@type\":\"WebSite\",\"@id\":\"https:\/\/dev.tg4.ie\/en\/#website\",\"url\":\"https:\/\/dev.tg4.ie\/en\/\",\"name\":\"TG4\",\"description\":\"S\u00fail Eile\",\"potentialAction\":[{\"@type\":\"SearchAction\",\"target\":{\"@type\":\"EntryPoint\",\"urlTemplate\":\"https:\/\/dev.tg4.ie\/en\/?s={search_term_string}\"},\"query-input\":\"required name=search_term_string\"}],\"inLanguage\":\"ga\"}]}<\/script>\n<!-- \/ Yoast SEO plugin. -->","yoast_head_json":{"title":"Gach C\u00e9im de Tour de France Femmes 2025 le Craoladh Beo ar TG4 | Preasr\u00e1iteas | TG4","description":"T\u00e1 \u00e1thas ar TG4 a fh\u00f3gairt go gcraolfar gach c\u00e9im de Tour de France Femmes avec Zwift 2025 beo ar an gcain\u00e9al.","robots":{"index":"index","follow":"follow","max-snippet":"max-snippet:-1","max-image-preview":"max-image-preview:large","max-video-preview":"max-video-preview:-1"},"og_locale":"en_US","og_type":"article","og_title":"Gach C\u00e9im de Tour de France Femmes 2025 le Craoladh Beo ar TG4 | Preasr\u00e1iteas | TG4","og_description":"T\u00e1 \u00e1thas ar TG4 a fh\u00f3gairt go gcraolfar gach c\u00e9im de Tour de France Femmes avec Zwift 2025 beo ar an gcain\u00e9al.","og_url":"https:\/\/dev.tg4.ie\/ga\/eolas\/preas\/nuacht-raitis\/2025-2\/gach-ceim-de-tour-de-france-femmes-2025-le-craoladh-beo-ar-tg4\/","og_site_name":"TG4","article_publisher":"https:\/\/www.facebook.com\/TG4TV","article_modified_time":"2025-07-24T09:45:40+00:00","og_image":[{"url":"https:\/\/dev.tg4.ie\/wp-content\/uploads\/2025\/07\/Tour_de_France_Femmes_2025_1-1920x1080-1.jpg"}],"twitter_card":"summary_large_image","twitter_site":"@TG4TV","twitter_misc":{"Est. reading time":"3 minutes"},"schema":{"@context":"https:\/\/schema.org","@graph":[{"@type":"WebPage","@id":"https:\/\/dev.tg4.ie\/ga\/eolas\/preas\/nuacht-raitis\/2025-2\/gach-ceim-de-tour-de-france-femmes-2025-le-craoladh-beo-ar-tg4\/","url":"https:\/\/dev.tg4.ie\/ga\/eolas\/preas\/nuacht-raitis\/2025-2\/gach-ceim-de-tour-de-france-femmes-2025-le-craoladh-beo-ar-tg4\/","name":"Gach C\u00e9im de Tour de France Femmes 2025 le Craoladh Beo ar TG4 | Preasr\u00e1iteas | TG4","isPartOf":{"@id":"https:\/\/dev.tg4.ie\/en\/#website"},"primaryImageOfPage":{"@id":"https:\/\/dev.tg4.ie\/ga\/eolas\/preas\/nuacht-raitis\/2025-2\/gach-ceim-de-tour-de-france-femmes-2025-le-craoladh-beo-ar-tg4\/#primaryimage"},"image":{"@id":"https:\/\/dev.tg4.ie\/ga\/eolas\/preas\/nuacht-raitis\/2025-2\/gach-ceim-de-tour-de-france-femmes-2025-le-craoladh-beo-ar-tg4\/#primaryimage"},"thumbnailUrl":"https:\/\/dev.tg4.ie\/wp-content\/uploads\/2025\/07\/Tour_de_France_Femmes_2025_1-1920x1080-1.jpg","datePublished":"2025-07-24T08:49:24+00:00","dateModified":"2025-07-24T09:45:40+00:00","description":"T\u00e1 \u00e1thas ar TG4 a fh\u00f3gairt go gcraolfar gach c\u00e9im de Tour de France Femmes avec Zwift 2025 beo ar an gcain\u00e9al.","breadcrumb":{"@id":"https:\/\/dev.tg4.ie\/ga\/eolas\/preas\/nuacht-raitis\/2025-2\/gach-ceim-de-tour-de-france-femmes-2025-le-craoladh-beo-ar-tg4\/#breadcrumb"},"inLanguage":"ga","potentialAction":[{"@type":"ReadAction","target":["https:\/\/dev.tg4.ie\/ga\/eolas\/preas\/nuacht-raitis\/2025-2\/gach-ceim-de-tour-de-france-femmes-2025-le-craoladh-beo-ar-tg4\/"]}]},{"@type":"ImageObject","inLanguage":"ga","@id":"https:\/\/dev.tg4.ie\/ga\/eolas\/preas\/nuacht-raitis\/2025-2\/gach-ceim-de-tour-de-france-femmes-2025-le-craoladh-beo-ar-tg4\/#primaryimage","url":"https:\/\/dev.tg4.ie\/wp-content\/uploads\/2025\/07\/Tour_de_France_Femmes_2025_1-1920x1080-1.jpg","contentUrl":"https:\/\/dev.tg4.ie\/wp-content\/uploads\/2025\/07\/Tour_de_France_Femmes_2025_1-1920x1080-1.jpg"},{"@type":"BreadcrumbList","@id":"https:\/\/dev.tg4.ie\/ga\/eolas\/preas\/nuacht-raitis\/2025-2\/gach-ceim-de-tour-de-france-femmes-2025-le-craoladh-beo-ar-tg4\/#breadcrumb","itemListElement":[{"@type":"ListItem","position":1,"name":"Home","item":"https:\/\/dev.tg4.ie\/ga\/"},{"@type":"ListItem","position":2,"name":"Eolas","item":"https:\/\/dev.tg4.ie\/ga\/eolas\/"},{"@type":"ListItem","position":3,"name":"Preas","item":"https:\/\/dev.tg4.ie\/ga\/eolas\/preas\/"},{"@type":"ListItem","position":4,"name":"Nuacht R\u00e1itis","item":"https:\/\/dev.tg4.ie\/ga\/eolas\/preas\/nuacht-raitis\/"},{"@type":"ListItem","position":5,"name":"2025","item":"https:\/\/dev.tg4.ie\/ga\/eolas\/preas\/nuacht-raitis\/2025-2\/"},{"@type":"ListItem","position":6,"name":"Gach C\u00e9im de Tour de France Femmes 2025 le Craoladh Beo ar TG4"}]},{"@type":"WebSite","@id":"https:\/\/dev.tg4.ie\/en\/#website","url":"https:\/\/dev.tg4.ie\/en\/","name":"TG4","description":"S\u00fail Eile","potentialAction":[{"@type":"SearchAction","target":{"@type":"EntryPoint","urlTemplate":"https:\/\/dev.tg4.ie\/en\/?s={search_term_string}"},"query-input":"required name=search_term_string"}],"inLanguage":"ga"}]}},"_links":{"self":[{"href":"https:\/\/dev.tg4.ie\/ga\/wp-json\/wp\/v2\/pages\/246842"}],"collection":[{"href":"https:\/\/dev.tg4.ie\/ga\/wp-json\/wp\/v2\/pages"}],"about":[{"href":"https:\/\/dev.tg4.ie\/ga\/wp-json\/wp\/v2\/types\/page"}],"author":[{"embeddable":true,"href":"https:\/\/dev.tg4.ie\/ga\/wp-json\/wp\/v2\/users\/876"}],"replies":[{"embeddable":true,"href":"https:\/\/dev.tg4.ie\/ga\/wp-json\/wp\/v2\/comments?post=246842"}],"version-history":[{"count":0,"href":"https:\/\/dev.tg4.ie\/ga\/wp-json\/wp\/v2\/pages\/246842\/revisions"}],"up":[{"embeddable":true,"href":"https:\/\/dev.tg4.ie\/ga\/wp-json\/wp\/v2\/pages\/236807"}],"wp:attachment":[{"href":"https:\/\/dev.tg4.ie\/ga\/wp-json\/wp\/v2\/media?parent=246842"}],"curies":[{"name":"wp","href":"https:\/\/api.w.org\/{rel}","templated":true}]}}