{"id":246883,"date":"2025-07-28T12:40:43","date_gmt":"2025-07-28T11:40:43","guid":{"rendered":"https:\/\/dev.tg4.ie\/?page_id=246883"},"modified":"2025-07-28T12:48:43","modified_gmt":"2025-07-28T11:48:43","slug":"tg4-beo-o-rasai-na-gaillimhe","status":"publish","type":"page","link":"https:\/\/dev.tg4.ie\/ga\/eolas\/preas\/nuacht-raitis\/2025-2\/tg4-beo-o-rasai-na-gaillimhe\/","title":{"rendered":"TG4 Beo \u00f3 R\u00e1sa\u00ed na Gaillimhe"},"content":{"rendered":"<p><img loading=\"lazy\" decoding=\"async\" width=\"1920\" height=\"1080\" src=\"https:\/\/tg4-docs.s3.amazonaws.com\/wp-content\/uploads\/2025\/07\/28124003\/Rasai_Beo_Gaillimh_2025_1-1920x1080-1.jpg\" alt=\"\" class=\"aligncenter size-full wp-image-246885\" srcset=\"https:\/\/tg4-docs.s3.amazonaws.com\/wp-content\/uploads\/2025\/07\/28124003\/Rasai_Beo_Gaillimh_2025_1-1920x1080-1.jpg 1920w, https:\/\/tg4-docs.s3.amazonaws.com\/wp-content\/uploads\/2025\/07\/28124003\/Rasai_Beo_Gaillimh_2025_1-1920x1080-1-250x141.jpg 250w, https:\/\/tg4-docs.s3.amazonaws.com\/wp-content\/uploads\/2025\/07\/28124003\/Rasai_Beo_Gaillimh_2025_1-1920x1080-1-700x394.jpg 700w, https:\/\/tg4-docs.s3.amazonaws.com\/wp-content\/uploads\/2025\/07\/28124003\/Rasai_Beo_Gaillimh_2025_1-1920x1080-1-252x141.jpg 252w, https:\/\/tg4-docs.s3.amazonaws.com\/wp-content\/uploads\/2025\/07\/28124003\/Rasai_Beo_Gaillimh_2025_1-1920x1080-1-1536x864.jpg 1536w, https:\/\/tg4-docs.s3.amazonaws.com\/wp-content\/uploads\/2025\/07\/28124003\/Rasai_Beo_Gaillimh_2025_1-1920x1080-1-120x68.jpg 120w\" sizes=\"(max-width: 1920px) 100vw, 1920px\" \/><br \/>\n&nbsp;<br \/>\nT\u00e1 l\u00fach\u00e1ir ar TG4 a fh\u00f3gairt go mbeidh\u00a0<strong>dh\u00e1 l\u00e1 de chl\u00fadach beo \u00f3 Fh\u00e9ile Samhraidh R\u00e1sa\u00ed na Gaillimhe<\/strong>\u00a02025, le R\u00e1sa\u00ed Beo ag craoladh os cionn\u00a0<strong>ceithre uair an chloig de r\u00e1sa\u00edocht bheo gach l\u00e1<\/strong>,\u00a0<strong>D\u00e9 hAoine an 1 L\u00fanasa agus D\u00e9 Sathairn an 2 L\u00fanasa.<\/strong><br \/>\n&nbsp;<br \/>\n<iframe loading=\"lazy\" width=\"560\" height=\"315\" src=\"https:\/\/www.youtube.com\/embed\/wczpfpTEJmA?si=NVYby0yOvpLuZQmO\" title=\"YouTube video player\" frameborder=\"0\" allow=\"accelerometer; autoplay; clipboard-write; encrypted-media; gyroscope; picture-in-picture; web-share\" referrerpolicy=\"strict-origin-when-cross-origin\" allowfullscreen><\/iframe><br \/>\n&nbsp;<br \/>\n<span>Ceann de na buaicphoint\u00ed i bhf\u00e9ilire sp\u00f3irt na h\u00c9ireann, fillfear ar\u00a0<strong>R\u00e1sa\u00ed Beo<\/strong>\u00a0i mBaile an Bhriotaigh le haghaidh deireadh seachtaine eile l\u00e1n le dr\u00e1ma\u00edocht na r\u00e1sa\u00edochta capaill. Craolfar\u00a0<strong>gach ceann de na 16 r\u00e1s ar feadh an d\u00e1 l\u00e1 beo ar TG4<\/strong>, agus ina measc beidh pr\u00edomhr\u00e1s an Aoine, an\u00a0<strong>Guinness Handicap<\/strong>\u00a0(6:35pm) a bhuaigh Nurburgring le JJ Slevin in 2024, agus buaicr\u00e1s an tSathairn, an\u00a0<strong>BoyleSports Handicap Hurdle<\/strong>\u00a0(2:37pm) a bhuaigh The Wallpark anuraidh, capall \u00f3 st\u00e1bla Gordon Elliott.<\/span><br \/>\n&nbsp;<br \/>\n<span>Beidh\u00a0<strong>foireann R\u00e1sa\u00ed Beo<\/strong>\u00a0i l\u00e1thair le hanail\u00eds ghairmi\u00fail agus tr\u00e1chtaireacht den scoth. Beidh an cl\u00fadach faoi sti\u00fair\u00a0<strong>Se\u00e1n B\u00e1n Breathnach<\/strong>\u00a0in \u00e9ineacht leis na hanail\u00edsithe\u00a0<strong>M\u00e1nus \u00d3 Conghaile agus Evelyn N\u00ed Ghriallais<\/strong>. Beidh\u00a0<strong>Daragh \u00d3 Conch\u00fair agus Meghann Scully<\/strong>\u00a0ag tuairisci\u00fa \u00f3n r\u00e1sch\u00farsa agus\u00a0<strong>C\u00e1rthach B\u00e1n Breathnach<\/strong>\u00a0i mbun tr\u00e1chtaireachta.<\/span><br \/>\n&nbsp;<br \/>\n<span>T\u00e1 R\u00e1sa\u00ed Beo \u00e1 l\u00e9iri\u00fa ag\u00a0<strong>Nemeton TV<\/strong>, at\u00e1 lonnaithe i nGaeltacht na Rinne i gContae Phort L\u00e1irge. Is iad an fhoireann ch\u00e9anna a l\u00e9ir\u00edonn Laochra Gael, Peil na mBan Beo, agus GAA Beo do TG4.<\/span><br \/>\n&nbsp;<br \/>\n<span>Beidh an lucht lean\u00fana in ann taitneamh a bhaint as buaicphoint\u00ed na f\u00e9ile, r\u00e9amhamharc a fh\u00e1il ar na r\u00e1sa\u00ed, agus \u00e1bhar eisiach a fh\u00e1il \u00f3 ch\u00fal an st\u00e1itse ar ard\u00e1in me\u00e1n s\u00f3isialta TG4.<\/span><br \/>\n&nbsp;<br \/>\n<span>Le haghaidh tuilleadh eolais faoi Fh\u00e9ile Samhraidh R\u00e1sa\u00ed na Gaillimhe: <a href=\"https:\/\/galwayraces.com\/\" rel=\"noopener\" target=\"_blank\">galwayraces.com<\/a><\/span><br \/>\n&nbsp;<br \/>\n&nbsp;<br \/>\n<span><strong>D\u00e9 hAoine 1 L\u00fanasa \u2013 Live from 4:45pm<\/strong><\/span><\/p>\n<p><span>5:00pm \u2013 The James\u2019s Gate Irish EBF Median Auction Maiden<\/span><\/p>\n<p><span>5:30pm \u2013 The Guinness Beginners Steeplechase<\/span><\/p>\n<p><span>6:00pm \u2013 The Guinness Galway Blazers Handicap Steeplechase<\/span><\/p>\n<p><span>6:35pm \u2013 The Guinness Handicap<\/span><\/p>\n<p><span>7:10pm \u2013 The Guinness Irish EBF Fillies Maiden<\/span><\/p>\n<p><span>7:40pm \u2013 The Arthur Guinness Handicap<\/span><\/p>\n<p><span>8:10pm \u2013 The Rockshore Refreshingly Irish Race<\/span><\/p>\n<p><span>8:40pm \u2013 The Hop House 13 Handicap<\/span><br \/>\n&nbsp;<br \/>\n&nbsp;<\/p>\n<p><span><strong>D\u00e9 Sathairn 2 L\u00fanasa \u2013 Live from 1:55pm<\/strong><\/span><\/p>\n<p><span>2:02pm \u2013 The BOYLE Sports Best Odds Guaranteed Maiden Hurdle<\/span><\/p>\n<p><span>2:37pm \u2013 The BOYLE Sports Galway Tribes Handicap Hurdle<\/span><\/p>\n<p><span>3:12pm \u2013 The BOYLE Sports Handicap Hurdle<\/span><\/p>\n<p><span>3:52pm \u2013 The Whiriskey Refrigeration Irish EBF Maiden<\/span><\/p>\n<p><span>4:27pm \u2013 The Bathshack Maiden<\/span><\/p>\n<p><span>5:00pm \u2013 The Ardilaun Hotel Handicap<\/span><\/p>\n<p><span>5:35pm \u2013 The McDonogh Capital Investments Handicap<\/span><\/p>\n<p><span>6:05pm \u2013 The Salthill Hotel Irish EBF Mares Flat Race<\/span><br \/>\n&nbsp;<br \/>\n&nbsp;<\/p>\n","protected":false},"excerpt":{"rendered":"<p>&nbsp; T\u00e1 l\u00fach\u00e1ir ar TG4 a fh\u00f3gairt go mbeidh\u00a0dh\u00e1 l\u00e1 de chl\u00fadach beo \u00f3 Fh\u00e9ile Samhraidh R\u00e1sa\u00ed na Gaillimhe\u00a02025, le R\u00e1sa\u00ed Beo ag craoladh os cionn\u00a0ceithre uair an chloig de r\u00e1sa\u00edocht bheo gach l\u00e1,\u00a0D\u00e9 hAoine an 1 L\u00fanasa agus D\u00e9 Sathairn an 2 L\u00fanasa. &nbsp; &nbsp; Ceann de na buaicphoint\u00ed i bhf\u00e9ilire sp\u00f3irt na h\u00c9ireann, [&hellip;]<\/p>\n","protected":false},"author":876,"featured_media":0,"parent":236807,"menu_order":35,"comment_status":"closed","ping_status":"closed","template":"page-templates\/template-pr.php","meta":{"_acf_changed":false,"footnotes":""},"acf":[],"yoast_head":"<!-- This site is optimized with the Yoast SEO plugin v22.6 - https:\/\/yoast.com\/wordpress\/plugins\/seo\/ -->\n<title>TG4 Beo \u00f3 R\u00e1sa\u00ed na Gaillimhe | Preasr\u00e1iteas | TG4<\/title>\n<meta name=\"description\" content=\"T\u00e1 l\u00fach\u00e1ir ar TG4 a fh\u00f3gairt go mbeidh dh\u00e1 l\u00e1 de chl\u00fadach beo \u00f3 Fh\u00e9ile Samhraidh R\u00e1sa\u00ed na Gaillimhe 2025, le R\u00e1sa\u00ed Beo ag craoladh os cionn ceithre uair an chloig de r\u00e1sa\u00edocht bheo gach l\u00e1, D\u00e9 hAoine an 1 L\u00fanasa agus D\u00e9 Sathairn an 2 L\u00fanasa.\" \/>\n<meta name=\"robots\" content=\"index, follow, max-snippet:-1, max-image-preview:large, max-video-preview:-1\" \/>\n<meta property=\"og:locale\" content=\"en_US\" \/>\n<meta property=\"og:type\" content=\"article\" \/>\n<meta property=\"og:title\" content=\"TG4 Beo \u00f3 R\u00e1sa\u00ed na Gaillimhe | Preasr\u00e1iteas | TG4\" \/>\n<meta property=\"og:description\" content=\"T\u00e1 l\u00fach\u00e1ir ar TG4 a fh\u00f3gairt go mbeidh dh\u00e1 l\u00e1 de chl\u00fadach beo \u00f3 Fh\u00e9ile Samhraidh R\u00e1sa\u00ed na Gaillimhe 2025, le R\u00e1sa\u00ed Beo ag craoladh os cionn ceithre uair an chloig de r\u00e1sa\u00edocht bheo gach l\u00e1, D\u00e9 hAoine an 1 L\u00fanasa agus D\u00e9 Sathairn an 2 L\u00fanasa.\" \/>\n<meta property=\"og:url\" content=\"https:\/\/dev.tg4.ie\/ga\/eolas\/preas\/nuacht-raitis\/2025-2\/tg4-beo-o-rasai-na-gaillimhe\/\" \/>\n<meta property=\"og:site_name\" content=\"TG4\" \/>\n<meta property=\"article:publisher\" content=\"https:\/\/www.facebook.com\/TG4TV\" \/>\n<meta property=\"article:modified_time\" content=\"2025-07-28T11:48:43+00:00\" \/>\n<meta property=\"og:image\" content=\"https:\/\/dev.tg4.ie\/wp-content\/uploads\/2025\/07\/Rasai_Beo_Gaillimh_2025_1-1920x1080-1.jpg\" \/>\n<meta name=\"twitter:card\" content=\"summary_large_image\" \/>\n<meta name=\"twitter:site\" content=\"@TG4TV\" \/>\n<meta name=\"twitter:label1\" content=\"Est. reading time\" \/>\n\t<meta name=\"twitter:data1\" content=\"2 minutes\" \/>\n<script type=\"application\/ld+json\" class=\"yoast-schema-graph\">{\"@context\":\"https:\/\/schema.org\",\"@graph\":[{\"@type\":\"WebPage\",\"@id\":\"https:\/\/dev.tg4.ie\/ga\/eolas\/preas\/nuacht-raitis\/2025-2\/tg4-beo-o-rasai-na-gaillimhe\/\",\"url\":\"https:\/\/dev.tg4.ie\/ga\/eolas\/preas\/nuacht-raitis\/2025-2\/tg4-beo-o-rasai-na-gaillimhe\/\",\"name\":\"TG4 Beo \u00f3 R\u00e1sa\u00ed na Gaillimhe | Preasr\u00e1iteas | TG4\",\"isPartOf\":{\"@id\":\"https:\/\/dev.tg4.ie\/en\/#website\"},\"primaryImageOfPage\":{\"@id\":\"https:\/\/dev.tg4.ie\/ga\/eolas\/preas\/nuacht-raitis\/2025-2\/tg4-beo-o-rasai-na-gaillimhe\/#primaryimage\"},\"image\":{\"@id\":\"https:\/\/dev.tg4.ie\/ga\/eolas\/preas\/nuacht-raitis\/2025-2\/tg4-beo-o-rasai-na-gaillimhe\/#primaryimage\"},\"thumbnailUrl\":\"https:\/\/dev.tg4.ie\/wp-content\/uploads\/2025\/07\/Rasai_Beo_Gaillimh_2025_1-1920x1080-1.jpg\",\"datePublished\":\"2025-07-28T11:40:43+00:00\",\"dateModified\":\"2025-07-28T11:48:43+00:00\",\"description\":\"T\u00e1 l\u00fach\u00e1ir ar TG4 a fh\u00f3gairt go mbeidh dh\u00e1 l\u00e1 de chl\u00fadach beo \u00f3 Fh\u00e9ile Samhraidh R\u00e1sa\u00ed na Gaillimhe 2025, le R\u00e1sa\u00ed Beo ag craoladh os cionn ceithre uair an chloig de r\u00e1sa\u00edocht bheo gach l\u00e1, D\u00e9 hAoine an 1 L\u00fanasa agus D\u00e9 Sathairn an 2 L\u00fanasa.\",\"breadcrumb\":{\"@id\":\"https:\/\/dev.tg4.ie\/ga\/eolas\/preas\/nuacht-raitis\/2025-2\/tg4-beo-o-rasai-na-gaillimhe\/#breadcrumb\"},\"inLanguage\":\"ga\",\"potentialAction\":[{\"@type\":\"ReadAction\",\"target\":[\"https:\/\/dev.tg4.ie\/ga\/eolas\/preas\/nuacht-raitis\/2025-2\/tg4-beo-o-rasai-na-gaillimhe\/\"]}]},{\"@type\":\"ImageObject\",\"inLanguage\":\"ga\",\"@id\":\"https:\/\/dev.tg4.ie\/ga\/eolas\/preas\/nuacht-raitis\/2025-2\/tg4-beo-o-rasai-na-gaillimhe\/#primaryimage\",\"url\":\"https:\/\/dev.tg4.ie\/wp-content\/uploads\/2025\/07\/Rasai_Beo_Gaillimh_2025_1-1920x1080-1.jpg\",\"contentUrl\":\"https:\/\/dev.tg4.ie\/wp-content\/uploads\/2025\/07\/Rasai_Beo_Gaillimh_2025_1-1920x1080-1.jpg\"},{\"@type\":\"BreadcrumbList\",\"@id\":\"https:\/\/dev.tg4.ie\/ga\/eolas\/preas\/nuacht-raitis\/2025-2\/tg4-beo-o-rasai-na-gaillimhe\/#breadcrumb\",\"itemListElement\":[{\"@type\":\"ListItem\",\"position\":1,\"name\":\"Home\",\"item\":\"https:\/\/dev.tg4.ie\/ga\/\"},{\"@type\":\"ListItem\",\"position\":2,\"name\":\"Eolas\",\"item\":\"https:\/\/dev.tg4.ie\/ga\/eolas\/\"},{\"@type\":\"ListItem\",\"position\":3,\"name\":\"Preas\",\"item\":\"https:\/\/dev.tg4.ie\/ga\/eolas\/preas\/\"},{\"@type\":\"ListItem\",\"position\":4,\"name\":\"Nuacht R\u00e1itis\",\"item\":\"https:\/\/dev.tg4.ie\/ga\/eolas\/preas\/nuacht-raitis\/\"},{\"@type\":\"ListItem\",\"position\":5,\"name\":\"2025\",\"item\":\"https:\/\/dev.tg4.ie\/ga\/eolas\/preas\/nuacht-raitis\/2025-2\/\"},{\"@type\":\"ListItem\",\"position\":6,\"name\":\"TG4 Beo \u00f3 R\u00e1sa\u00ed na Gaillimhe\"}]},{\"@type\":\"WebSite\",\"@id\":\"https:\/\/dev.tg4.ie\/en\/#website\",\"url\":\"https:\/\/dev.tg4.ie\/en\/\",\"name\":\"TG4\",\"description\":\"S\u00fail Eile\",\"potentialAction\":[{\"@type\":\"SearchAction\",\"target\":{\"@type\":\"EntryPoint\",\"urlTemplate\":\"https:\/\/dev.tg4.ie\/en\/?s={search_term_string}\"},\"query-input\":\"required name=search_term_string\"}],\"inLanguage\":\"ga\"}]}<\/script>\n<!-- \/ Yoast SEO plugin. -->","yoast_head_json":{"title":"TG4 Beo \u00f3 R\u00e1sa\u00ed na Gaillimhe | Preasr\u00e1iteas | TG4","description":"T\u00e1 l\u00fach\u00e1ir ar TG4 a fh\u00f3gairt go mbeidh dh\u00e1 l\u00e1 de chl\u00fadach beo \u00f3 Fh\u00e9ile Samhraidh R\u00e1sa\u00ed na Gaillimhe 2025, le R\u00e1sa\u00ed Beo ag craoladh os cionn ceithre uair an chloig de r\u00e1sa\u00edocht bheo gach l\u00e1, D\u00e9 hAoine an 1 L\u00fanasa agus D\u00e9 Sathairn an 2 L\u00fanasa.","robots":{"index":"index","follow":"follow","max-snippet":"max-snippet:-1","max-image-preview":"max-image-preview:large","max-video-preview":"max-video-preview:-1"},"og_locale":"en_US","og_type":"article","og_title":"TG4 Beo \u00f3 R\u00e1sa\u00ed na Gaillimhe | Preasr\u00e1iteas | TG4","og_description":"T\u00e1 l\u00fach\u00e1ir ar TG4 a fh\u00f3gairt go mbeidh dh\u00e1 l\u00e1 de chl\u00fadach beo \u00f3 Fh\u00e9ile Samhraidh R\u00e1sa\u00ed na Gaillimhe 2025, le R\u00e1sa\u00ed Beo ag craoladh os cionn ceithre uair an chloig de r\u00e1sa\u00edocht bheo gach l\u00e1, D\u00e9 hAoine an 1 L\u00fanasa agus D\u00e9 Sathairn an 2 L\u00fanasa.","og_url":"https:\/\/dev.tg4.ie\/ga\/eolas\/preas\/nuacht-raitis\/2025-2\/tg4-beo-o-rasai-na-gaillimhe\/","og_site_name":"TG4","article_publisher":"https:\/\/www.facebook.com\/TG4TV","article_modified_time":"2025-07-28T11:48:43+00:00","og_image":[{"url":"https:\/\/dev.tg4.ie\/wp-content\/uploads\/2025\/07\/Rasai_Beo_Gaillimh_2025_1-1920x1080-1.jpg"}],"twitter_card":"summary_large_image","twitter_site":"@TG4TV","twitter_misc":{"Est. reading time":"2 minutes"},"schema":{"@context":"https:\/\/schema.org","@graph":[{"@type":"WebPage","@id":"https:\/\/dev.tg4.ie\/ga\/eolas\/preas\/nuacht-raitis\/2025-2\/tg4-beo-o-rasai-na-gaillimhe\/","url":"https:\/\/dev.tg4.ie\/ga\/eolas\/preas\/nuacht-raitis\/2025-2\/tg4-beo-o-rasai-na-gaillimhe\/","name":"TG4 Beo \u00f3 R\u00e1sa\u00ed na Gaillimhe | Preasr\u00e1iteas | TG4","isPartOf":{"@id":"https:\/\/dev.tg4.ie\/en\/#website"},"primaryImageOfPage":{"@id":"https:\/\/dev.tg4.ie\/ga\/eolas\/preas\/nuacht-raitis\/2025-2\/tg4-beo-o-rasai-na-gaillimhe\/#primaryimage"},"image":{"@id":"https:\/\/dev.tg4.ie\/ga\/eolas\/preas\/nuacht-raitis\/2025-2\/tg4-beo-o-rasai-na-gaillimhe\/#primaryimage"},"thumbnailUrl":"https:\/\/dev.tg4.ie\/wp-content\/uploads\/2025\/07\/Rasai_Beo_Gaillimh_2025_1-1920x1080-1.jpg","datePublished":"2025-07-28T11:40:43+00:00","dateModified":"2025-07-28T11:48:43+00:00","description":"T\u00e1 l\u00fach\u00e1ir ar TG4 a fh\u00f3gairt go mbeidh dh\u00e1 l\u00e1 de chl\u00fadach beo \u00f3 Fh\u00e9ile Samhraidh R\u00e1sa\u00ed na Gaillimhe 2025, le R\u00e1sa\u00ed Beo ag craoladh os cionn ceithre uair an chloig de r\u00e1sa\u00edocht bheo gach l\u00e1, D\u00e9 hAoine an 1 L\u00fanasa agus D\u00e9 Sathairn an 2 L\u00fanasa.","breadcrumb":{"@id":"https:\/\/dev.tg4.ie\/ga\/eolas\/preas\/nuacht-raitis\/2025-2\/tg4-beo-o-rasai-na-gaillimhe\/#breadcrumb"},"inLanguage":"ga","potentialAction":[{"@type":"ReadAction","target":["https:\/\/dev.tg4.ie\/ga\/eolas\/preas\/nuacht-raitis\/2025-2\/tg4-beo-o-rasai-na-gaillimhe\/"]}]},{"@type":"ImageObject","inLanguage":"ga","@id":"https:\/\/dev.tg4.ie\/ga\/eolas\/preas\/nuacht-raitis\/2025-2\/tg4-beo-o-rasai-na-gaillimhe\/#primaryimage","url":"https:\/\/dev.tg4.ie\/wp-content\/uploads\/2025\/07\/Rasai_Beo_Gaillimh_2025_1-1920x1080-1.jpg","contentUrl":"https:\/\/dev.tg4.ie\/wp-content\/uploads\/2025\/07\/Rasai_Beo_Gaillimh_2025_1-1920x1080-1.jpg"},{"@type":"BreadcrumbList","@id":"https:\/\/dev.tg4.ie\/ga\/eolas\/preas\/nuacht-raitis\/2025-2\/tg4-beo-o-rasai-na-gaillimhe\/#breadcrumb","itemListElement":[{"@type":"ListItem","position":1,"name":"Home","item":"https:\/\/dev.tg4.ie\/ga\/"},{"@type":"ListItem","position":2,"name":"Eolas","item":"https:\/\/dev.tg4.ie\/ga\/eolas\/"},{"@type":"ListItem","position":3,"name":"Preas","item":"https:\/\/dev.tg4.ie\/ga\/eolas\/preas\/"},{"@type":"ListItem","position":4,"name":"Nuacht R\u00e1itis","item":"https:\/\/dev.tg4.ie\/ga\/eolas\/preas\/nuacht-raitis\/"},{"@type":"ListItem","position":5,"name":"2025","item":"https:\/\/dev.tg4.ie\/ga\/eolas\/preas\/nuacht-raitis\/2025-2\/"},{"@type":"ListItem","position":6,"name":"TG4 Beo \u00f3 R\u00e1sa\u00ed na Gaillimhe"}]},{"@type":"WebSite","@id":"https:\/\/dev.tg4.ie\/en\/#website","url":"https:\/\/dev.tg4.ie\/en\/","name":"TG4","description":"S\u00fail Eile","potentialAction":[{"@type":"SearchAction","target":{"@type":"EntryPoint","urlTemplate":"https:\/\/dev.tg4.ie\/en\/?s={search_term_string}"},"query-input":"required name=search_term_string"}],"inLanguage":"ga"}]}},"_links":{"self":[{"href":"https:\/\/dev.tg4.ie\/ga\/wp-json\/wp\/v2\/pages\/246883"}],"collection":[{"href":"https:\/\/dev.tg4.ie\/ga\/wp-json\/wp\/v2\/pages"}],"about":[{"href":"https:\/\/dev.tg4.ie\/ga\/wp-json\/wp\/v2\/types\/page"}],"author":[{"embeddable":true,"href":"https:\/\/dev.tg4.ie\/ga\/wp-json\/wp\/v2\/users\/876"}],"replies":[{"embeddable":true,"href":"https:\/\/dev.tg4.ie\/ga\/wp-json\/wp\/v2\/comments?post=246883"}],"version-history":[{"count":0,"href":"https:\/\/dev.tg4.ie\/ga\/wp-json\/wp\/v2\/pages\/246883\/revisions"}],"up":[{"embeddable":true,"href":"https:\/\/dev.tg4.ie\/ga\/wp-json\/wp\/v2\/pages\/236807"}],"wp:attachment":[{"href":"https:\/\/dev.tg4.ie\/ga\/wp-json\/wp\/v2\/media?parent=246883"}],"curies":[{"name":"wp","href":"https:\/\/api.w.org\/{rel}","templated":true}]}}