{"id":246979,"date":"2025-08-07T14:27:52","date_gmt":"2025-08-07T13:27:52","guid":{"rendered":"https:\/\/dev.tg4.ie\/?page_id=246979"},"modified":"2025-08-07T14:29:20","modified_gmt":"2025-08-07T13:29:20","slug":"meadu-ar-an-lucht-feachana-agus-ar-an-lucht-tacaiochta-a-bhi-i-lathair-ag-cluichi-ceannais-na-heireann-i-bpeil-na-mban-tg4","status":"publish","type":"page","link":"https:\/\/dev.tg4.ie\/ga\/eolas\/preas\/nuacht-raitis\/2025-2\/meadu-ar-an-lucht-feachana-agus-ar-an-lucht-tacaiochta-a-bhi-i-lathair-ag-cluichi-ceannais-na-heireann-i-bpeil-na-mban-tg4\/","title":{"rendered":"M\u00e9ad\u00fa ar an Lucht F\u00e9achana agus ar an Lucht Taca\u00edochta a bh\u00ed i l\u00e1thair ag Cluich\u00ed Ceannais na h\u00c9ireann i bPeil na mBan TG4"},"content":{"rendered":"<p><img loading=\"lazy\" decoding=\"async\" width=\"1920\" height=\"1080\" src=\"https:\/\/tg4-docs.s3.amazonaws.com\/wp-content\/uploads\/2025\/08\/07091741\/Peil_na_mBan_2025_BAC_1-1920x1080-1.jpg\" alt=\"\" class=\"aligncenter size-full wp-image-246982\" srcset=\"https:\/\/tg4-docs.s3.amazonaws.com\/wp-content\/uploads\/2025\/08\/07091741\/Peil_na_mBan_2025_BAC_1-1920x1080-1.jpg 1920w, https:\/\/tg4-docs.s3.amazonaws.com\/wp-content\/uploads\/2025\/08\/07091741\/Peil_na_mBan_2025_BAC_1-1920x1080-1-250x141.jpg 250w, https:\/\/tg4-docs.s3.amazonaws.com\/wp-content\/uploads\/2025\/08\/07091741\/Peil_na_mBan_2025_BAC_1-1920x1080-1-700x394.jpg 700w, https:\/\/tg4-docs.s3.amazonaws.com\/wp-content\/uploads\/2025\/08\/07091741\/Peil_na_mBan_2025_BAC_1-1920x1080-1-252x141.jpg 252w, https:\/\/tg4-docs.s3.amazonaws.com\/wp-content\/uploads\/2025\/08\/07091741\/Peil_na_mBan_2025_BAC_1-1920x1080-1-1536x864.jpg 1536w, https:\/\/tg4-docs.s3.amazonaws.com\/wp-content\/uploads\/2025\/08\/07091741\/Peil_na_mBan_2025_BAC_1-1920x1080-1-120x68.jpg 120w\" sizes=\"(max-width: 1920px) 100vw, 1920px\" \/><br \/>\n<sup><\/sup><br \/>\n&nbsp;<br \/>\n<a href=\"https:\/\/nasc.tg4.tv\/Peil_na_mBan_Beo\" rel=\"noopener\" target=\"_blank\">F\u00e9ach ar Chluich\u00ed Ceannais na h\u00c9ireann i bPeil na mBan TG4<\/a><br \/>\n&nbsp;<br \/>\nMheall <strong>Cluich\u00ed Ceannais na h\u00c9ireann i bPeil na mBan TG4<\/strong> 2025 lucht f\u00e9achana ollmh\u00f3r agus ba \u00e9 an dara slua ba mh\u00f3 \u00e9 a bh\u00ed i bP\u00e1irc an Chr\u00f3caigh \u00f3 2019, nuair a d\u2019fhreastail 56,114 duine ar an gCluiche Ceannais idir \u00c1th Cliath agus Gaillimh. <\/p>\n<p>Leanann <strong>TG4<\/strong> de thaca\u00edocht a thabhairt d\u2019fhorbairt pheil na mban ina chraolt\u00f3ir oifigi\u00fail agus ina phr\u00edomhurraitheoir tr\u00ed chl\u00fadach de Chluich\u00ed Ceannais na S\u00f3isear, Idirmhe\u00e1nach agus na Sinsear a chur ar f\u00e1il do lucht f\u00e9achana sa bhaile agus thar lear ar ard\u00e1in l\u00edneacha agus dhigiteacha. Craoladh gach ceann de na tr\u00ed chluiche beo, saorchraolta, ar fud an domhain ar TG4 D\u00e9 Domhnaigh, an 3 L\u00fanasa.<br \/>\n&nbsp;<\/p>\n<p><center><u><strong>Pr\u00edomhuimhreacha an Lucht F\u00e9achana<\/strong><\/u><\/center><\/p>\n<p>De r\u00e9ir fhigi\u00fair\u00ed sroichte oifigi\u00fala TAM Ireland\/Nielsen, d\u2019fh\u00e9ach beagnach 490,000 duine ar chl\u00fadach TG4 de L\u00e1 na gCluich\u00ed Ceannais tr\u00e1thn\u00f3na D\u00e9 Domhnaigh. Tharraing an Cluiche Ceannais idir \u00c1th Cliath agus an Mh\u00ed lucht f\u00e9achana 172,500 duine ar an me\u00e1n, rud a l\u00e9ir\u00edonn m\u00e9ad\u00fa 16% ar an lucht f\u00e9achana i gcompar\u00e1id le Cluiche Ceannais Pheil na mBan 2024. <\/p>\n<p>Ghlac an cluiche sciar 27.3% den lucht f\u00e9achana i measc daoine aonair, rud a d\u2019fh\u00e1g gurb \u00e9\u202fTG4 an cain\u00e9al is m\u00f3 a raibh t\u00f3ir air\u202fin \u00c9irinn le linn an chluiche tr\u00e1thn\u00f3na D\u00e9 Domhnaigh.\u202fBaineadh\u202fbuaicleibh\u00e9al an\u202flucht f\u00e9achana amach ag 5:43pm le\u202f248,600\u202fduine nuair a bhuaigh \u00c1th Cliath Corn Bhreand\u00e1in U\u00ed Mh\u00e1irt\u00edn ar\u00eds den ch\u00e9ad uair \u00f3 2023.\u202f <\/p>\n<ul>\n<li><strong>Cluiche Ceannais na Sinsear (\u00c1th Cliath v An Mh\u00ed)<\/strong>: Lucht f\u00e9achana 172,500 duine ar an me\u00e1n<\/li>\n<li><strong>Cluiche Ceannais Idirmhe\u00e1nach (T\u00edr Eoghain v Laois)<\/strong>: Lucht f\u00e9achana 93,900 duine ar an me\u00e1n<\/li>\n<li><strong>Cluiche Ceannais na S\u00f3isear (Aontroim v An L\u00fa)<\/strong>: Lucht f\u00e9achana 32,600 duine ar an me\u00e1n<\/li>\n<\/ul>\n<p><em>Foinse: TAM Ireland, Nielsen, Live + VOSDAL, Daoine Aonair 4+ <\/em><br \/>\n&nbsp;<\/p>\n<p><center><u><strong>Seinnteoir TG4<\/strong><\/u><\/center><\/p>\n<ul>\nM\u00e9ad\u00fa 37% ar shruthanna beo ar na tr\u00ed chluiche ceannais i gcompar\u00e1id le 2024.<\/li>\n<p>L\u00e9ir\u00edtear treocht n\u00edos leithne den t\u00f3ir at\u00e1 ag dul i m\u00e9id ar sp\u00f3rt beo ar l\u00edne.<\/li>\n<\/ul>\n<p>&nbsp;<\/p>\n<p><center><u><strong>F\u00e9achadh os cionn 3.4 milli\u00fan uair ar chain\u00e9il me\u00e1n s\u00f3isialta Sp\u00f3rt TG4 le linn sheachtain na gcluich\u00ed ceannais<\/strong><\/u><\/center><\/p>\n<p>F\u00e9achadh os cionn 3.4 milli\u00fan uair ar chain\u00e9il me\u00e1n s\u00f3isialta Sp\u00f3rt TG4 le linn sheachtain na gcluich\u00ed ceannais. M\u00edr den scoth a bhfacthas os cionn 120,000 uair laistigh de 24 uair an chloig ab ea an c\u00fal iontach a sc\u00f3r\u00e1il Nicole Owens d\u2019\u00c1th Cliath. <\/p>\n<p>F\u00e9ach ar an r\u00edl is fearr anseo: <a href=\"https:\/\/www.instagram.com\/reel\/DM5d5_ttMF6\/\" rel=\"noopener\" target=\"_blank\">https:\/\/www.instagram.com\/reel\/DM5d5_ttMF6\/<\/a> <\/p>\n<p>Lean <strong>@SportTG4<\/strong> ar na hard\u00e1in ar fad le haghaidh buaicphoint\u00ed lean\u00fanacha agus \u00e1bhar sp\u00f3irt eisiach. <\/p>\n<p><em>&#8220;Is \u00fadar br\u00f3id do TG4 a bheith i gcomhph\u00e1irt\u00edocht le Cumann Pheil na mBan \u00f3 2001. T\u00e1 an chomhph\u00e1irt\u00edocht seo bunaithe ar thiomantas do pheil na mban agus mn\u00e1 sa sp\u00f3rt a chur chun cinn chomh maith leis an nGaeilge a normal\u00fa i gcomhth\u00e9acs sp\u00f3irt. Is iad Cluich\u00ed Ceannais na h\u00c9ireann Pheil na mBan TG4 an buaicphointe ceart san fh\u00e9ilire sp\u00f3irt agus i bhf\u00e9ilire TG4. Is \u00fadar br\u00f3id d\u00fainn na sceitim\u00edn\u00ed a bh\u00edonn ar dhaoine i bP\u00e1irc an Chr\u00f3caigh a chur i l\u00e1thair an lucht f\u00e9achana ar fud an domhain.&#8221;<\/em> &#8211; <strong>Deirdre N\u00ed Choist\u00edn, Ard-Sti\u00farth\u00f3ir TG4<\/strong><br \/>\n&nbsp;<\/p>\n<p><center><u><strong>Os cionn 48,000 duine i l\u00e1thair ag na Cluich\u00ed Ceannais i bP\u00e1irc an Chr\u00f3caigh<\/strong><\/u><\/center> <\/p>\n<p>Bh\u00ed os cionn 48,000 duine sa lucht f\u00e9achana i bP\u00e1irc an Chr\u00f3caigh L\u00e1 na gCluich\u00ed Ceannais. Is \u00e9 sin an l\u00edon is m\u00f3 daoine ag na Cluich\u00ed Ceannais \u00f3 2019. Cuireann an chloch mh\u00edle sin b\u00e9im ar an m\u00f3iminteam at\u00e1 ag dul i m\u00e9id taobh thiar de Pheil na mBan agus ar an nasc l\u00e1idir at\u00e1 \u00e1 choth\u00fa le pobail agus le lucht taca\u00edochta ar fud na t\u00edre. <\/p>\n<p>T\u00e1 TG4 br\u00f3d\u00fail as an gcomhph\u00e1irt\u00edocht l\u00e1idir agus rath\u00fail at\u00e1 againn le Cumann Pheil na mBan \u00f3 2001. D\u2019\u00e9irigh linn pr\u00f3if\u00edl sp\u00f3rt na mban a chur chun cinn le ch\u00e9ile agus an Ghaeilge a chur i gcro\u00edl\u00e1r na gcluich\u00ed Gaelacha. <\/p>\n<p>Gabhaimid bu\u00edochas ar leith le hArd-Sti\u00farth\u00f3ir Chumann Pheil na mBan, Helen O\u2019Rourke, as a cuid ceannasa\u00edochta ar feadh an ama, agus le Trina Murray, Uachtar\u00e1n Chumann Pheil na mBan. Is m\u00f3r an on\u00f3ir d\u00fainn a bheith ag obair leo. <\/p>\n<p>T\u00e1imid bu\u00edoch freisin do R\u00f3n\u00e1n \u00d3 Coisdealbha, Ceannasa\u00ed Sp\u00f3irt TG4, agus d\u2019fhoireann Nemeton as a dtiomantas lean\u00fanach agus a gcl\u00fadach den ch\u00e9ad scoth. <\/p>\n<p>T\u00e1imid ag s\u00fail le bheith ag cur leis an gcomhph\u00e1irt\u00edocht seo go ceann blianta fada eile.<br \/>\n&nbsp;<br \/>\n&nbsp;<\/p>\n","protected":false},"excerpt":{"rendered":"<p>&nbsp; F\u00e9ach ar Chluich\u00ed Ceannais na h\u00c9ireann i bPeil na mBan TG4 &nbsp; Mheall Cluich\u00ed Ceannais na h\u00c9ireann i bPeil na mBan TG4 2025 lucht f\u00e9achana ollmh\u00f3r agus ba \u00e9 an dara slua ba mh\u00f3 \u00e9 a bh\u00ed i bP\u00e1irc an Chr\u00f3caigh \u00f3 2019, nuair a d\u2019fhreastail 56,114 duine ar an gCluiche Ceannais idir \u00c1th [&hellip;]<\/p>\n","protected":false},"author":876,"featured_media":0,"parent":236807,"menu_order":37,"comment_status":"closed","ping_status":"closed","template":"page-templates\/template-pr.php","meta":{"_acf_changed":false,"footnotes":""},"acf":[],"yoast_head":"<!-- This site is optimized with the Yoast SEO plugin v22.6 - https:\/\/yoast.com\/wordpress\/plugins\/seo\/ -->\n<title>M\u00e9ad\u00fa ar an Lucht F\u00e9achana agus ar an Lucht Taca\u00edochta a bh\u00ed i l\u00e1thair ag Cluich\u00ed Ceannais na h\u00c9ireann i bPeil na mBan TG4 | Preasr\u00e1iteas | TG4<\/title>\n<meta name=\"description\" content=\"Mheall Cluich\u00ed Ceannais na h\u00c9ireann i bPeil na mBan TG4 2025 lucht f\u00e9achana ollmh\u00f3r agus ba \u00e9 an dara slua ba mh\u00f3 \u00e9 a bh\u00ed i bP\u00e1irc an Chr\u00f3caigh \u00f3 2019, nuair a d\u2019fhreastail 56,114 duine ar an gCluiche Ceannais idir \u00c1th Cliath agus Gaillimh.\" \/>\n<meta name=\"robots\" content=\"index, follow, max-snippet:-1, max-image-preview:large, max-video-preview:-1\" \/>\n<meta property=\"og:locale\" content=\"en_US\" \/>\n<meta property=\"og:type\" content=\"article\" \/>\n<meta property=\"og:title\" content=\"M\u00e9ad\u00fa ar an Lucht F\u00e9achana agus ar an Lucht Taca\u00edochta a bh\u00ed i l\u00e1thair ag Cluich\u00ed Ceannais na h\u00c9ireann i bPeil na mBan TG4 | Preasr\u00e1iteas | TG4\" \/>\n<meta property=\"og:description\" content=\"Mheall Cluich\u00ed Ceannais na h\u00c9ireann i bPeil na mBan TG4 2025 lucht f\u00e9achana ollmh\u00f3r agus ba \u00e9 an dara slua ba mh\u00f3 \u00e9 a bh\u00ed i bP\u00e1irc an Chr\u00f3caigh \u00f3 2019, nuair a d\u2019fhreastail 56,114 duine ar an gCluiche Ceannais idir \u00c1th Cliath agus Gaillimh.\" \/>\n<meta property=\"og:url\" content=\"https:\/\/dev.tg4.ie\/ga\/eolas\/preas\/nuacht-raitis\/2025-2\/meadu-ar-an-lucht-feachana-agus-ar-an-lucht-tacaiochta-a-bhi-i-lathair-ag-cluichi-ceannais-na-heireann-i-bpeil-na-mban-tg4\/\" \/>\n<meta property=\"og:site_name\" content=\"TG4\" \/>\n<meta property=\"article:publisher\" content=\"https:\/\/www.facebook.com\/TG4TV\" \/>\n<meta property=\"article:modified_time\" content=\"2025-08-07T13:29:20+00:00\" \/>\n<meta property=\"og:image\" content=\"https:\/\/dev.tg4.ie\/wp-content\/uploads\/2025\/08\/Peil_na_mBan_2025_BAC_1-1920x1080-1.jpg\" \/>\n<meta name=\"twitter:card\" content=\"summary_large_image\" \/>\n<meta name=\"twitter:site\" content=\"@TG4TV\" \/>\n<meta name=\"twitter:label1\" content=\"Est. reading time\" \/>\n\t<meta name=\"twitter:data1\" content=\"4 minutes\" \/>\n<script type=\"application\/ld+json\" class=\"yoast-schema-graph\">{\"@context\":\"https:\/\/schema.org\",\"@graph\":[{\"@type\":\"WebPage\",\"@id\":\"https:\/\/dev.tg4.ie\/ga\/eolas\/preas\/nuacht-raitis\/2025-2\/meadu-ar-an-lucht-feachana-agus-ar-an-lucht-tacaiochta-a-bhi-i-lathair-ag-cluichi-ceannais-na-heireann-i-bpeil-na-mban-tg4\/\",\"url\":\"https:\/\/dev.tg4.ie\/ga\/eolas\/preas\/nuacht-raitis\/2025-2\/meadu-ar-an-lucht-feachana-agus-ar-an-lucht-tacaiochta-a-bhi-i-lathair-ag-cluichi-ceannais-na-heireann-i-bpeil-na-mban-tg4\/\",\"name\":\"M\u00e9ad\u00fa ar an Lucht F\u00e9achana agus ar an Lucht Taca\u00edochta a bh\u00ed i l\u00e1thair ag Cluich\u00ed Ceannais na h\u00c9ireann i bPeil na mBan TG4 | Preasr\u00e1iteas | TG4\",\"isPartOf\":{\"@id\":\"https:\/\/dev.tg4.ie\/en\/#website\"},\"primaryImageOfPage\":{\"@id\":\"https:\/\/dev.tg4.ie\/ga\/eolas\/preas\/nuacht-raitis\/2025-2\/meadu-ar-an-lucht-feachana-agus-ar-an-lucht-tacaiochta-a-bhi-i-lathair-ag-cluichi-ceannais-na-heireann-i-bpeil-na-mban-tg4\/#primaryimage\"},\"image\":{\"@id\":\"https:\/\/dev.tg4.ie\/ga\/eolas\/preas\/nuacht-raitis\/2025-2\/meadu-ar-an-lucht-feachana-agus-ar-an-lucht-tacaiochta-a-bhi-i-lathair-ag-cluichi-ceannais-na-heireann-i-bpeil-na-mban-tg4\/#primaryimage\"},\"thumbnailUrl\":\"https:\/\/dev.tg4.ie\/wp-content\/uploads\/2025\/08\/Peil_na_mBan_2025_BAC_1-1920x1080-1.jpg\",\"datePublished\":\"2025-08-07T13:27:52+00:00\",\"dateModified\":\"2025-08-07T13:29:20+00:00\",\"description\":\"Mheall Cluich\u00ed Ceannais na h\u00c9ireann i bPeil na mBan TG4 2025 lucht f\u00e9achana ollmh\u00f3r agus ba \u00e9 an dara slua ba mh\u00f3 \u00e9 a bh\u00ed i bP\u00e1irc an Chr\u00f3caigh \u00f3 2019, nuair a d\u2019fhreastail 56,114 duine ar an gCluiche Ceannais idir \u00c1th Cliath agus Gaillimh.\",\"breadcrumb\":{\"@id\":\"https:\/\/dev.tg4.ie\/ga\/eolas\/preas\/nuacht-raitis\/2025-2\/meadu-ar-an-lucht-feachana-agus-ar-an-lucht-tacaiochta-a-bhi-i-lathair-ag-cluichi-ceannais-na-heireann-i-bpeil-na-mban-tg4\/#breadcrumb\"},\"inLanguage\":\"ga\",\"potentialAction\":[{\"@type\":\"ReadAction\",\"target\":[\"https:\/\/dev.tg4.ie\/ga\/eolas\/preas\/nuacht-raitis\/2025-2\/meadu-ar-an-lucht-feachana-agus-ar-an-lucht-tacaiochta-a-bhi-i-lathair-ag-cluichi-ceannais-na-heireann-i-bpeil-na-mban-tg4\/\"]}]},{\"@type\":\"ImageObject\",\"inLanguage\":\"ga\",\"@id\":\"https:\/\/dev.tg4.ie\/ga\/eolas\/preas\/nuacht-raitis\/2025-2\/meadu-ar-an-lucht-feachana-agus-ar-an-lucht-tacaiochta-a-bhi-i-lathair-ag-cluichi-ceannais-na-heireann-i-bpeil-na-mban-tg4\/#primaryimage\",\"url\":\"https:\/\/dev.tg4.ie\/wp-content\/uploads\/2025\/08\/Peil_na_mBan_2025_BAC_1-1920x1080-1.jpg\",\"contentUrl\":\"https:\/\/dev.tg4.ie\/wp-content\/uploads\/2025\/08\/Peil_na_mBan_2025_BAC_1-1920x1080-1.jpg\"},{\"@type\":\"BreadcrumbList\",\"@id\":\"https:\/\/dev.tg4.ie\/ga\/eolas\/preas\/nuacht-raitis\/2025-2\/meadu-ar-an-lucht-feachana-agus-ar-an-lucht-tacaiochta-a-bhi-i-lathair-ag-cluichi-ceannais-na-heireann-i-bpeil-na-mban-tg4\/#breadcrumb\",\"itemListElement\":[{\"@type\":\"ListItem\",\"position\":1,\"name\":\"Home\",\"item\":\"https:\/\/dev.tg4.ie\/ga\/\"},{\"@type\":\"ListItem\",\"position\":2,\"name\":\"Eolas\",\"item\":\"https:\/\/dev.tg4.ie\/ga\/eolas\/\"},{\"@type\":\"ListItem\",\"position\":3,\"name\":\"Preas\",\"item\":\"https:\/\/dev.tg4.ie\/ga\/eolas\/preas\/\"},{\"@type\":\"ListItem\",\"position\":4,\"name\":\"Nuacht R\u00e1itis\",\"item\":\"https:\/\/dev.tg4.ie\/ga\/eolas\/preas\/nuacht-raitis\/\"},{\"@type\":\"ListItem\",\"position\":5,\"name\":\"2025\",\"item\":\"https:\/\/dev.tg4.ie\/ga\/eolas\/preas\/nuacht-raitis\/2025-2\/\"},{\"@type\":\"ListItem\",\"position\":6,\"name\":\"M\u00e9ad\u00fa ar an Lucht F\u00e9achana agus ar an Lucht Taca\u00edochta a bh\u00ed i l\u00e1thair ag Cluich\u00ed Ceannais na h\u00c9ireann i bPeil na mBan TG4\"}]},{\"@type\":\"WebSite\",\"@id\":\"https:\/\/dev.tg4.ie\/en\/#website\",\"url\":\"https:\/\/dev.tg4.ie\/en\/\",\"name\":\"TG4\",\"description\":\"S\u00fail Eile\",\"potentialAction\":[{\"@type\":\"SearchAction\",\"target\":{\"@type\":\"EntryPoint\",\"urlTemplate\":\"https:\/\/dev.tg4.ie\/en\/?s={search_term_string}\"},\"query-input\":\"required name=search_term_string\"}],\"inLanguage\":\"ga\"}]}<\/script>\n<!-- \/ Yoast SEO plugin. -->","yoast_head_json":{"title":"M\u00e9ad\u00fa ar an Lucht F\u00e9achana agus ar an Lucht Taca\u00edochta a bh\u00ed i l\u00e1thair ag Cluich\u00ed Ceannais na h\u00c9ireann i bPeil na mBan TG4 | Preasr\u00e1iteas | TG4","description":"Mheall Cluich\u00ed Ceannais na h\u00c9ireann i bPeil na mBan TG4 2025 lucht f\u00e9achana ollmh\u00f3r agus ba \u00e9 an dara slua ba mh\u00f3 \u00e9 a bh\u00ed i bP\u00e1irc an Chr\u00f3caigh \u00f3 2019, nuair a d\u2019fhreastail 56,114 duine ar an gCluiche Ceannais idir \u00c1th Cliath agus Gaillimh.","robots":{"index":"index","follow":"follow","max-snippet":"max-snippet:-1","max-image-preview":"max-image-preview:large","max-video-preview":"max-video-preview:-1"},"og_locale":"en_US","og_type":"article","og_title":"M\u00e9ad\u00fa ar an Lucht F\u00e9achana agus ar an Lucht Taca\u00edochta a bh\u00ed i l\u00e1thair ag Cluich\u00ed Ceannais na h\u00c9ireann i bPeil na mBan TG4 | Preasr\u00e1iteas | TG4","og_description":"Mheall Cluich\u00ed Ceannais na h\u00c9ireann i bPeil na mBan TG4 2025 lucht f\u00e9achana ollmh\u00f3r agus ba \u00e9 an dara slua ba mh\u00f3 \u00e9 a bh\u00ed i bP\u00e1irc an Chr\u00f3caigh \u00f3 2019, nuair a d\u2019fhreastail 56,114 duine ar an gCluiche Ceannais idir \u00c1th Cliath agus Gaillimh.","og_url":"https:\/\/dev.tg4.ie\/ga\/eolas\/preas\/nuacht-raitis\/2025-2\/meadu-ar-an-lucht-feachana-agus-ar-an-lucht-tacaiochta-a-bhi-i-lathair-ag-cluichi-ceannais-na-heireann-i-bpeil-na-mban-tg4\/","og_site_name":"TG4","article_publisher":"https:\/\/www.facebook.com\/TG4TV","article_modified_time":"2025-08-07T13:29:20+00:00","og_image":[{"url":"https:\/\/dev.tg4.ie\/wp-content\/uploads\/2025\/08\/Peil_na_mBan_2025_BAC_1-1920x1080-1.jpg"}],"twitter_card":"summary_large_image","twitter_site":"@TG4TV","twitter_misc":{"Est. reading time":"4 minutes"},"schema":{"@context":"https:\/\/schema.org","@graph":[{"@type":"WebPage","@id":"https:\/\/dev.tg4.ie\/ga\/eolas\/preas\/nuacht-raitis\/2025-2\/meadu-ar-an-lucht-feachana-agus-ar-an-lucht-tacaiochta-a-bhi-i-lathair-ag-cluichi-ceannais-na-heireann-i-bpeil-na-mban-tg4\/","url":"https:\/\/dev.tg4.ie\/ga\/eolas\/preas\/nuacht-raitis\/2025-2\/meadu-ar-an-lucht-feachana-agus-ar-an-lucht-tacaiochta-a-bhi-i-lathair-ag-cluichi-ceannais-na-heireann-i-bpeil-na-mban-tg4\/","name":"M\u00e9ad\u00fa ar an Lucht F\u00e9achana agus ar an Lucht Taca\u00edochta a bh\u00ed i l\u00e1thair ag Cluich\u00ed Ceannais na h\u00c9ireann i bPeil na mBan TG4 | Preasr\u00e1iteas | TG4","isPartOf":{"@id":"https:\/\/dev.tg4.ie\/en\/#website"},"primaryImageOfPage":{"@id":"https:\/\/dev.tg4.ie\/ga\/eolas\/preas\/nuacht-raitis\/2025-2\/meadu-ar-an-lucht-feachana-agus-ar-an-lucht-tacaiochta-a-bhi-i-lathair-ag-cluichi-ceannais-na-heireann-i-bpeil-na-mban-tg4\/#primaryimage"},"image":{"@id":"https:\/\/dev.tg4.ie\/ga\/eolas\/preas\/nuacht-raitis\/2025-2\/meadu-ar-an-lucht-feachana-agus-ar-an-lucht-tacaiochta-a-bhi-i-lathair-ag-cluichi-ceannais-na-heireann-i-bpeil-na-mban-tg4\/#primaryimage"},"thumbnailUrl":"https:\/\/dev.tg4.ie\/wp-content\/uploads\/2025\/08\/Peil_na_mBan_2025_BAC_1-1920x1080-1.jpg","datePublished":"2025-08-07T13:27:52+00:00","dateModified":"2025-08-07T13:29:20+00:00","description":"Mheall Cluich\u00ed Ceannais na h\u00c9ireann i bPeil na mBan TG4 2025 lucht f\u00e9achana ollmh\u00f3r agus ba \u00e9 an dara slua ba mh\u00f3 \u00e9 a bh\u00ed i bP\u00e1irc an Chr\u00f3caigh \u00f3 2019, nuair a d\u2019fhreastail 56,114 duine ar an gCluiche Ceannais idir \u00c1th Cliath agus Gaillimh.","breadcrumb":{"@id":"https:\/\/dev.tg4.ie\/ga\/eolas\/preas\/nuacht-raitis\/2025-2\/meadu-ar-an-lucht-feachana-agus-ar-an-lucht-tacaiochta-a-bhi-i-lathair-ag-cluichi-ceannais-na-heireann-i-bpeil-na-mban-tg4\/#breadcrumb"},"inLanguage":"ga","potentialAction":[{"@type":"ReadAction","target":["https:\/\/dev.tg4.ie\/ga\/eolas\/preas\/nuacht-raitis\/2025-2\/meadu-ar-an-lucht-feachana-agus-ar-an-lucht-tacaiochta-a-bhi-i-lathair-ag-cluichi-ceannais-na-heireann-i-bpeil-na-mban-tg4\/"]}]},{"@type":"ImageObject","inLanguage":"ga","@id":"https:\/\/dev.tg4.ie\/ga\/eolas\/preas\/nuacht-raitis\/2025-2\/meadu-ar-an-lucht-feachana-agus-ar-an-lucht-tacaiochta-a-bhi-i-lathair-ag-cluichi-ceannais-na-heireann-i-bpeil-na-mban-tg4\/#primaryimage","url":"https:\/\/dev.tg4.ie\/wp-content\/uploads\/2025\/08\/Peil_na_mBan_2025_BAC_1-1920x1080-1.jpg","contentUrl":"https:\/\/dev.tg4.ie\/wp-content\/uploads\/2025\/08\/Peil_na_mBan_2025_BAC_1-1920x1080-1.jpg"},{"@type":"BreadcrumbList","@id":"https:\/\/dev.tg4.ie\/ga\/eolas\/preas\/nuacht-raitis\/2025-2\/meadu-ar-an-lucht-feachana-agus-ar-an-lucht-tacaiochta-a-bhi-i-lathair-ag-cluichi-ceannais-na-heireann-i-bpeil-na-mban-tg4\/#breadcrumb","itemListElement":[{"@type":"ListItem","position":1,"name":"Home","item":"https:\/\/dev.tg4.ie\/ga\/"},{"@type":"ListItem","position":2,"name":"Eolas","item":"https:\/\/dev.tg4.ie\/ga\/eolas\/"},{"@type":"ListItem","position":3,"name":"Preas","item":"https:\/\/dev.tg4.ie\/ga\/eolas\/preas\/"},{"@type":"ListItem","position":4,"name":"Nuacht R\u00e1itis","item":"https:\/\/dev.tg4.ie\/ga\/eolas\/preas\/nuacht-raitis\/"},{"@type":"ListItem","position":5,"name":"2025","item":"https:\/\/dev.tg4.ie\/ga\/eolas\/preas\/nuacht-raitis\/2025-2\/"},{"@type":"ListItem","position":6,"name":"M\u00e9ad\u00fa ar an Lucht F\u00e9achana agus ar an Lucht Taca\u00edochta a bh\u00ed i l\u00e1thair ag Cluich\u00ed Ceannais na h\u00c9ireann i bPeil na mBan TG4"}]},{"@type":"WebSite","@id":"https:\/\/dev.tg4.ie\/en\/#website","url":"https:\/\/dev.tg4.ie\/en\/","name":"TG4","description":"S\u00fail Eile","potentialAction":[{"@type":"SearchAction","target":{"@type":"EntryPoint","urlTemplate":"https:\/\/dev.tg4.ie\/en\/?s={search_term_string}"},"query-input":"required name=search_term_string"}],"inLanguage":"ga"}]}},"_links":{"self":[{"href":"https:\/\/dev.tg4.ie\/ga\/wp-json\/wp\/v2\/pages\/246979"}],"collection":[{"href":"https:\/\/dev.tg4.ie\/ga\/wp-json\/wp\/v2\/pages"}],"about":[{"href":"https:\/\/dev.tg4.ie\/ga\/wp-json\/wp\/v2\/types\/page"}],"author":[{"embeddable":true,"href":"https:\/\/dev.tg4.ie\/ga\/wp-json\/wp\/v2\/users\/876"}],"replies":[{"embeddable":true,"href":"https:\/\/dev.tg4.ie\/ga\/wp-json\/wp\/v2\/comments?post=246979"}],"version-history":[{"count":0,"href":"https:\/\/dev.tg4.ie\/ga\/wp-json\/wp\/v2\/pages\/246979\/revisions"}],"up":[{"embeddable":true,"href":"https:\/\/dev.tg4.ie\/ga\/wp-json\/wp\/v2\/pages\/236807"}],"wp:attachment":[{"href":"https:\/\/dev.tg4.ie\/ga\/wp-json\/wp\/v2\/media?parent=246979"}],"curies":[{"name":"wp","href":"https:\/\/api.w.org\/{rel}","templated":true}]}}