{"id":246987,"date":"2025-08-07T09:40:31","date_gmt":"2025-08-07T08:40:31","guid":{"rendered":"https:\/\/dev.tg4.ie\/?page_id=246987"},"modified":"2025-08-07T09:43:03","modified_gmt":"2025-08-07T08:43:03","slug":"craobhchomortas-idirchuige-rugbai-na-mban-ar-chaineal-youtube-sport-tg4","status":"publish","type":"page","link":"https:\/\/dev.tg4.ie\/ga\/eolas\/preas\/nuacht-raitis\/2025-2\/craobhchomortas-idirchuige-rugbai-na-mban-ar-chaineal-youtube-sport-tg4\/","title":{"rendered":"Craobhchom\u00f3rtas Idirch\u00faige Rugba\u00ed na mBan ar chain\u00e9al YouTube Sp\u00f3rt TG4"},"content":{"rendered":"<p><img loading=\"lazy\" decoding=\"async\" width=\"1920\" height=\"1080\" src=\"https:\/\/tg4-docs.s3.amazonaws.com\/wp-content\/uploads\/2025\/08\/07093710\/Rugbai_na_mBan_Idirchuige_2025_1-1920x1080-1.jpg\" alt=\"\" class=\"aligncenter size-full wp-image-246990\" srcset=\"https:\/\/tg4-docs.s3.amazonaws.com\/wp-content\/uploads\/2025\/08\/07093710\/Rugbai_na_mBan_Idirchuige_2025_1-1920x1080-1.jpg 1920w, https:\/\/tg4-docs.s3.amazonaws.com\/wp-content\/uploads\/2025\/08\/07093710\/Rugbai_na_mBan_Idirchuige_2025_1-1920x1080-1-250x141.jpg 250w, https:\/\/tg4-docs.s3.amazonaws.com\/wp-content\/uploads\/2025\/08\/07093710\/Rugbai_na_mBan_Idirchuige_2025_1-1920x1080-1-700x394.jpg 700w, https:\/\/tg4-docs.s3.amazonaws.com\/wp-content\/uploads\/2025\/08\/07093710\/Rugbai_na_mBan_Idirchuige_2025_1-1920x1080-1-252x141.jpg 252w, https:\/\/tg4-docs.s3.amazonaws.com\/wp-content\/uploads\/2025\/08\/07093710\/Rugbai_na_mBan_Idirchuige_2025_1-1920x1080-1-1536x864.jpg 1536w, https:\/\/tg4-docs.s3.amazonaws.com\/wp-content\/uploads\/2025\/08\/07093710\/Rugbai_na_mBan_Idirchuige_2025_1-1920x1080-1-120x68.jpg 120w\" sizes=\"(max-width: 1920px) 100vw, 1920px\" \/><br \/>\n<sup>Ava Ryder (Connachta), Maeve \u00d3g O\u2019Leary (Mumha), Orla Nagle (Vodafone), Tony O&#8217;Beirne (IRFU), Molly Boyne (Laighin) &#038; Maebh Clenaghan (Ulaidh)<\/sup><br \/>\n&nbsp;<br \/>\n<iframe loading=\"lazy\" width=\"560\" height=\"315\" src=\"https:\/\/www.youtube.com\/embed\/14j2nCr-q9Q?si=bJq_yP0LYmPzflCu\" title=\"YouTube video player\" frameborder=\"0\" allow=\"accelerometer; autoplay; clipboard-write; encrypted-media; gyroscope; picture-in-picture; web-share\" referrerpolicy=\"strict-origin-when-cross-origin\" allowfullscreen><\/iframe><br \/>\n&nbsp;<br \/>\nIs c\u00fais \u00e1thais do TG4 a fh\u00f3gairt go gcraolfar Craobhchom\u00f3rtas Idirch\u00faige Rugba\u00ed na mBan Vodafone beo agus saor in aisce ar chain\u00e9al YouTube Sp\u00f3rt TG4 ceithre deireadh seachtaine as a ch\u00e9ile i m\u00ed L\u00fanasa.<\/p>\n<p>Tos\u00f3idh an cl\u00fadach ar bhabhta a haon D\u00e9 Sathairn an 10 L\u00fanasa, agus leanfaidh s\u00e9 gach deireadh seachtaine, ag cr\u00edochn\u00fa leis na Cluich\u00ed Ceannais beo \u00f3 Ph\u00e1irc Energia D\u00e9 Sathairn an 30 L\u00fanasa. Craolfar gach cluiche ceann i ndiaidh a ch\u00e9ile mar chuid de shraith Rugba\u00ed Beo TG4.<\/p>\n<p>Is iad na Laighnigh at\u00e1 i r\u00e9im faoi l\u00e1thair, tar \u00e9is d\u00f3ibh an teideal a bhuachan in 2024 agus 2023 in aghaidh na Mumhan, a bhuaigh an chraobh in 2022 agus 2021. T\u00e1thar ag s\u00fail go gcuirfidh com\u00f3rtas 2025 m\u00ed eile de rugba\u00ed den scoth na mban ar f\u00e1il mar go mbeidh cuid de na himreoir\u00ed is fearr sa t\u00edr p\u00e1irteach.<br \/>\n&nbsp;<\/p>\n<p>Ag seoladh oifigi\u00fail an chom\u00f3rtais i gCampas Sp\u00f3rt \u00c9ireann, bhuail Sp\u00f3rt TG4 le himreoir\u00ed \u00f3 gach C\u00faige:<\/p>\n<ul>\n<li>Molly Boyne (Laighin)<\/li>\n<li>Maeve \u00d3g O\u2019Leary (Mumha)<\/li>\n<li>Ava Ryder (Connachta)<\/li>\n<li>Maebh Clenaghan (Ulaidh)<\/li>\n<\/ul>\n<p>T\u00e1 agallaimh eisiacha agus \u00e1bhar speisialta leis na himreoir\u00ed le f\u00e1il anois ar chain\u00e9al <a href=\"https:\/\/www.youtube.com\/@SportTG4\/\" rel=\"noopener\" target=\"_blank\">YouTube Sp\u00f3rt TG4<\/a>.<br \/>\n&nbsp;<br \/>\n<strong>Craobhchom\u00f3rtas Idirch\u00faige Rugba\u00ed na mBan Vodafone<\/strong><\/p>\n<p><strong>BABHTA 1 \u2013 D\u00e9 Sathairn, 10 L\u00fanasa<\/strong><\/p>\n<ul>\n<li>Laighin v Ulaidh, P\u00e1irc Energia, 2.30pm<\/li>\n<li>Mumha v Connachta, P\u00e1irc Virgin Media, 4.15pm<\/li>\n<\/ul>\n<p><strong>BABHTA 2 \u2013 D\u00e9 Sathairn, 16 L\u00fanasa<\/strong><\/p>\n<ul>\n<li>Laighin v Mumha, P\u00e1irc Energia, 2.30pm<\/li>\n<li>Connachta v Ulaidh, Staid Dexcom, 4.15pm<\/li>\n<\/ul>\n<p><strong>BABHTA 3 \u2013 D\u00e9 Sathairn, 23 L\u00fanasa<\/strong><\/p>\n<ul>\n<li>Connachta v Laighin, Staid Dexcom, 2.30pm<\/li>\n<li>Ulaidh v Mumha, Staid Affidea, 4.15pm<\/li>\n<\/ul>\n<p><strong>CLUICH\u00cd CEANNAIS \u2013 D\u00e9 Sathairn, 30 L\u00fanasa (P\u00e1irc Energia)<\/strong><\/p>\n<ul>\n<li>Cluiche 3\u00fa\/4\u00fa h\u00e1it<\/li>\n<li>Cluiche Ceannais na Craoibhe<\/li>\n<\/ul>\n<p>Beidh gach cluiche le craoladh beo ar chain\u00e9al YouTube Sp\u00f3rt TG4.<\/p>\n<p>Lean Sp\u00f3rt TG4 ar na me\u00e1in sh\u00f3isialta chun buaicphoint\u00ed, agallaimh agus \u00e1bhar eisiach a fheice\u00e1il.<\/p>\n<p>&nbsp;<br \/>\n&nbsp;<\/p>\n","protected":false},"excerpt":{"rendered":"<p>Ava Ryder (Connachta), Maeve \u00d3g O\u2019Leary (Mumha), Orla Nagle (Vodafone), Tony O&#8217;Beirne (IRFU), Molly Boyne (Laighin) &#038; Maebh Clenaghan (Ulaidh) &nbsp; &nbsp; Is c\u00fais \u00e1thais do TG4 a fh\u00f3gairt go gcraolfar Craobhchom\u00f3rtas Idirch\u00faige Rugba\u00ed na mBan Vodafone beo agus saor in aisce ar chain\u00e9al YouTube Sp\u00f3rt TG4 ceithre deireadh seachtaine as a ch\u00e9ile i m\u00ed [&hellip;]<\/p>\n","protected":false},"author":876,"featured_media":0,"parent":236807,"menu_order":38,"comment_status":"closed","ping_status":"closed","template":"page-templates\/template-pr.php","meta":{"_acf_changed":false,"footnotes":""},"acf":[],"yoast_head":"<!-- This site is optimized with the Yoast SEO plugin v22.6 - https:\/\/yoast.com\/wordpress\/plugins\/seo\/ -->\n<title>Craobhchom\u00f3rtas Idirch\u00faige Rugba\u00ed na mBan ar chain\u00e9al YouTube Sp\u00f3rt TG4 | Preasr\u00e1iteas | TG4<\/title>\n<meta name=\"description\" content=\"Is c\u00fais \u00e1thais do TG4 a fh\u00f3gairt go gcraolfar Craobhchom\u00f3rtas Idirch\u00faige Rugba\u00ed na mBan Vodafone beo agus saor in aisce ar chain\u00e9al YouTube Sp\u00f3rt TG4 ceithre deireadh seachtaine as a ch\u00e9ile i m\u00ed L\u00fanasa.\" \/>\n<meta name=\"robots\" content=\"index, follow, max-snippet:-1, max-image-preview:large, max-video-preview:-1\" \/>\n<meta property=\"og:locale\" content=\"en_US\" \/>\n<meta property=\"og:type\" content=\"article\" \/>\n<meta property=\"og:title\" content=\"Craobhchom\u00f3rtas Idirch\u00faige Rugba\u00ed na mBan ar chain\u00e9al YouTube Sp\u00f3rt TG4 | Preasr\u00e1iteas | TG4\" \/>\n<meta property=\"og:description\" content=\"Is c\u00fais \u00e1thais do TG4 a fh\u00f3gairt go gcraolfar Craobhchom\u00f3rtas Idirch\u00faige Rugba\u00ed na mBan Vodafone beo agus saor in aisce ar chain\u00e9al YouTube Sp\u00f3rt TG4 ceithre deireadh seachtaine as a ch\u00e9ile i m\u00ed L\u00fanasa.\" \/>\n<meta property=\"og:url\" content=\"https:\/\/dev.tg4.ie\/ga\/eolas\/preas\/nuacht-raitis\/2025-2\/craobhchomortas-idirchuige-rugbai-na-mban-ar-chaineal-youtube-sport-tg4\/\" \/>\n<meta property=\"og:site_name\" content=\"TG4\" \/>\n<meta property=\"article:publisher\" content=\"https:\/\/www.facebook.com\/TG4TV\" \/>\n<meta property=\"article:modified_time\" content=\"2025-08-07T08:43:03+00:00\" \/>\n<meta property=\"og:image\" content=\"https:\/\/dev.tg4.ie\/wp-content\/uploads\/2025\/08\/Rugbai_na_mBan_Idirchuige_2025_1-1920x1080-1.jpg\" \/>\n<meta name=\"twitter:card\" content=\"summary_large_image\" \/>\n<meta name=\"twitter:site\" content=\"@TG4TV\" \/>\n<meta name=\"twitter:label1\" content=\"Est. reading time\" \/>\n\t<meta name=\"twitter:data1\" content=\"2 minutes\" \/>\n<script type=\"application\/ld+json\" class=\"yoast-schema-graph\">{\"@context\":\"https:\/\/schema.org\",\"@graph\":[{\"@type\":\"WebPage\",\"@id\":\"https:\/\/dev.tg4.ie\/ga\/eolas\/preas\/nuacht-raitis\/2025-2\/craobhchomortas-idirchuige-rugbai-na-mban-ar-chaineal-youtube-sport-tg4\/\",\"url\":\"https:\/\/dev.tg4.ie\/ga\/eolas\/preas\/nuacht-raitis\/2025-2\/craobhchomortas-idirchuige-rugbai-na-mban-ar-chaineal-youtube-sport-tg4\/\",\"name\":\"Craobhchom\u00f3rtas Idirch\u00faige Rugba\u00ed na mBan ar chain\u00e9al YouTube Sp\u00f3rt TG4 | Preasr\u00e1iteas | TG4\",\"isPartOf\":{\"@id\":\"https:\/\/dev.tg4.ie\/en\/#website\"},\"primaryImageOfPage\":{\"@id\":\"https:\/\/dev.tg4.ie\/ga\/eolas\/preas\/nuacht-raitis\/2025-2\/craobhchomortas-idirchuige-rugbai-na-mban-ar-chaineal-youtube-sport-tg4\/#primaryimage\"},\"image\":{\"@id\":\"https:\/\/dev.tg4.ie\/ga\/eolas\/preas\/nuacht-raitis\/2025-2\/craobhchomortas-idirchuige-rugbai-na-mban-ar-chaineal-youtube-sport-tg4\/#primaryimage\"},\"thumbnailUrl\":\"https:\/\/dev.tg4.ie\/wp-content\/uploads\/2025\/08\/Rugbai_na_mBan_Idirchuige_2025_1-1920x1080-1.jpg\",\"datePublished\":\"2025-08-07T08:40:31+00:00\",\"dateModified\":\"2025-08-07T08:43:03+00:00\",\"description\":\"Is c\u00fais \u00e1thais do TG4 a fh\u00f3gairt go gcraolfar Craobhchom\u00f3rtas Idirch\u00faige Rugba\u00ed na mBan Vodafone beo agus saor in aisce ar chain\u00e9al YouTube Sp\u00f3rt TG4 ceithre deireadh seachtaine as a ch\u00e9ile i m\u00ed L\u00fanasa.\",\"breadcrumb\":{\"@id\":\"https:\/\/dev.tg4.ie\/ga\/eolas\/preas\/nuacht-raitis\/2025-2\/craobhchomortas-idirchuige-rugbai-na-mban-ar-chaineal-youtube-sport-tg4\/#breadcrumb\"},\"inLanguage\":\"ga\",\"potentialAction\":[{\"@type\":\"ReadAction\",\"target\":[\"https:\/\/dev.tg4.ie\/ga\/eolas\/preas\/nuacht-raitis\/2025-2\/craobhchomortas-idirchuige-rugbai-na-mban-ar-chaineal-youtube-sport-tg4\/\"]}]},{\"@type\":\"ImageObject\",\"inLanguage\":\"ga\",\"@id\":\"https:\/\/dev.tg4.ie\/ga\/eolas\/preas\/nuacht-raitis\/2025-2\/craobhchomortas-idirchuige-rugbai-na-mban-ar-chaineal-youtube-sport-tg4\/#primaryimage\",\"url\":\"https:\/\/dev.tg4.ie\/wp-content\/uploads\/2025\/08\/Rugbai_na_mBan_Idirchuige_2025_1-1920x1080-1.jpg\",\"contentUrl\":\"https:\/\/dev.tg4.ie\/wp-content\/uploads\/2025\/08\/Rugbai_na_mBan_Idirchuige_2025_1-1920x1080-1.jpg\"},{\"@type\":\"BreadcrumbList\",\"@id\":\"https:\/\/dev.tg4.ie\/ga\/eolas\/preas\/nuacht-raitis\/2025-2\/craobhchomortas-idirchuige-rugbai-na-mban-ar-chaineal-youtube-sport-tg4\/#breadcrumb\",\"itemListElement\":[{\"@type\":\"ListItem\",\"position\":1,\"name\":\"Home\",\"item\":\"https:\/\/dev.tg4.ie\/ga\/\"},{\"@type\":\"ListItem\",\"position\":2,\"name\":\"Eolas\",\"item\":\"https:\/\/dev.tg4.ie\/ga\/eolas\/\"},{\"@type\":\"ListItem\",\"position\":3,\"name\":\"Preas\",\"item\":\"https:\/\/dev.tg4.ie\/ga\/eolas\/preas\/\"},{\"@type\":\"ListItem\",\"position\":4,\"name\":\"Nuacht R\u00e1itis\",\"item\":\"https:\/\/dev.tg4.ie\/ga\/eolas\/preas\/nuacht-raitis\/\"},{\"@type\":\"ListItem\",\"position\":5,\"name\":\"2025\",\"item\":\"https:\/\/dev.tg4.ie\/ga\/eolas\/preas\/nuacht-raitis\/2025-2\/\"},{\"@type\":\"ListItem\",\"position\":6,\"name\":\"Craobhchom\u00f3rtas Idirch\u00faige Rugba\u00ed na mBan ar chain\u00e9al YouTube Sp\u00f3rt TG4\"}]},{\"@type\":\"WebSite\",\"@id\":\"https:\/\/dev.tg4.ie\/en\/#website\",\"url\":\"https:\/\/dev.tg4.ie\/en\/\",\"name\":\"TG4\",\"description\":\"S\u00fail Eile\",\"potentialAction\":[{\"@type\":\"SearchAction\",\"target\":{\"@type\":\"EntryPoint\",\"urlTemplate\":\"https:\/\/dev.tg4.ie\/en\/?s={search_term_string}\"},\"query-input\":\"required name=search_term_string\"}],\"inLanguage\":\"ga\"}]}<\/script>\n<!-- \/ Yoast SEO plugin. -->","yoast_head_json":{"title":"Craobhchom\u00f3rtas Idirch\u00faige Rugba\u00ed na mBan ar chain\u00e9al YouTube Sp\u00f3rt TG4 | Preasr\u00e1iteas | TG4","description":"Is c\u00fais \u00e1thais do TG4 a fh\u00f3gairt go gcraolfar Craobhchom\u00f3rtas Idirch\u00faige Rugba\u00ed na mBan Vodafone beo agus saor in aisce ar chain\u00e9al YouTube Sp\u00f3rt TG4 ceithre deireadh seachtaine as a ch\u00e9ile i m\u00ed L\u00fanasa.","robots":{"index":"index","follow":"follow","max-snippet":"max-snippet:-1","max-image-preview":"max-image-preview:large","max-video-preview":"max-video-preview:-1"},"og_locale":"en_US","og_type":"article","og_title":"Craobhchom\u00f3rtas Idirch\u00faige Rugba\u00ed na mBan ar chain\u00e9al YouTube Sp\u00f3rt TG4 | Preasr\u00e1iteas | TG4","og_description":"Is c\u00fais \u00e1thais do TG4 a fh\u00f3gairt go gcraolfar Craobhchom\u00f3rtas Idirch\u00faige Rugba\u00ed na mBan Vodafone beo agus saor in aisce ar chain\u00e9al YouTube Sp\u00f3rt TG4 ceithre deireadh seachtaine as a ch\u00e9ile i m\u00ed L\u00fanasa.","og_url":"https:\/\/dev.tg4.ie\/ga\/eolas\/preas\/nuacht-raitis\/2025-2\/craobhchomortas-idirchuige-rugbai-na-mban-ar-chaineal-youtube-sport-tg4\/","og_site_name":"TG4","article_publisher":"https:\/\/www.facebook.com\/TG4TV","article_modified_time":"2025-08-07T08:43:03+00:00","og_image":[{"url":"https:\/\/dev.tg4.ie\/wp-content\/uploads\/2025\/08\/Rugbai_na_mBan_Idirchuige_2025_1-1920x1080-1.jpg"}],"twitter_card":"summary_large_image","twitter_site":"@TG4TV","twitter_misc":{"Est. reading time":"2 minutes"},"schema":{"@context":"https:\/\/schema.org","@graph":[{"@type":"WebPage","@id":"https:\/\/dev.tg4.ie\/ga\/eolas\/preas\/nuacht-raitis\/2025-2\/craobhchomortas-idirchuige-rugbai-na-mban-ar-chaineal-youtube-sport-tg4\/","url":"https:\/\/dev.tg4.ie\/ga\/eolas\/preas\/nuacht-raitis\/2025-2\/craobhchomortas-idirchuige-rugbai-na-mban-ar-chaineal-youtube-sport-tg4\/","name":"Craobhchom\u00f3rtas Idirch\u00faige Rugba\u00ed na mBan ar chain\u00e9al YouTube Sp\u00f3rt TG4 | Preasr\u00e1iteas | TG4","isPartOf":{"@id":"https:\/\/dev.tg4.ie\/en\/#website"},"primaryImageOfPage":{"@id":"https:\/\/dev.tg4.ie\/ga\/eolas\/preas\/nuacht-raitis\/2025-2\/craobhchomortas-idirchuige-rugbai-na-mban-ar-chaineal-youtube-sport-tg4\/#primaryimage"},"image":{"@id":"https:\/\/dev.tg4.ie\/ga\/eolas\/preas\/nuacht-raitis\/2025-2\/craobhchomortas-idirchuige-rugbai-na-mban-ar-chaineal-youtube-sport-tg4\/#primaryimage"},"thumbnailUrl":"https:\/\/dev.tg4.ie\/wp-content\/uploads\/2025\/08\/Rugbai_na_mBan_Idirchuige_2025_1-1920x1080-1.jpg","datePublished":"2025-08-07T08:40:31+00:00","dateModified":"2025-08-07T08:43:03+00:00","description":"Is c\u00fais \u00e1thais do TG4 a fh\u00f3gairt go gcraolfar Craobhchom\u00f3rtas Idirch\u00faige Rugba\u00ed na mBan Vodafone beo agus saor in aisce ar chain\u00e9al YouTube Sp\u00f3rt TG4 ceithre deireadh seachtaine as a ch\u00e9ile i m\u00ed L\u00fanasa.","breadcrumb":{"@id":"https:\/\/dev.tg4.ie\/ga\/eolas\/preas\/nuacht-raitis\/2025-2\/craobhchomortas-idirchuige-rugbai-na-mban-ar-chaineal-youtube-sport-tg4\/#breadcrumb"},"inLanguage":"ga","potentialAction":[{"@type":"ReadAction","target":["https:\/\/dev.tg4.ie\/ga\/eolas\/preas\/nuacht-raitis\/2025-2\/craobhchomortas-idirchuige-rugbai-na-mban-ar-chaineal-youtube-sport-tg4\/"]}]},{"@type":"ImageObject","inLanguage":"ga","@id":"https:\/\/dev.tg4.ie\/ga\/eolas\/preas\/nuacht-raitis\/2025-2\/craobhchomortas-idirchuige-rugbai-na-mban-ar-chaineal-youtube-sport-tg4\/#primaryimage","url":"https:\/\/dev.tg4.ie\/wp-content\/uploads\/2025\/08\/Rugbai_na_mBan_Idirchuige_2025_1-1920x1080-1.jpg","contentUrl":"https:\/\/dev.tg4.ie\/wp-content\/uploads\/2025\/08\/Rugbai_na_mBan_Idirchuige_2025_1-1920x1080-1.jpg"},{"@type":"BreadcrumbList","@id":"https:\/\/dev.tg4.ie\/ga\/eolas\/preas\/nuacht-raitis\/2025-2\/craobhchomortas-idirchuige-rugbai-na-mban-ar-chaineal-youtube-sport-tg4\/#breadcrumb","itemListElement":[{"@type":"ListItem","position":1,"name":"Home","item":"https:\/\/dev.tg4.ie\/ga\/"},{"@type":"ListItem","position":2,"name":"Eolas","item":"https:\/\/dev.tg4.ie\/ga\/eolas\/"},{"@type":"ListItem","position":3,"name":"Preas","item":"https:\/\/dev.tg4.ie\/ga\/eolas\/preas\/"},{"@type":"ListItem","position":4,"name":"Nuacht R\u00e1itis","item":"https:\/\/dev.tg4.ie\/ga\/eolas\/preas\/nuacht-raitis\/"},{"@type":"ListItem","position":5,"name":"2025","item":"https:\/\/dev.tg4.ie\/ga\/eolas\/preas\/nuacht-raitis\/2025-2\/"},{"@type":"ListItem","position":6,"name":"Craobhchom\u00f3rtas Idirch\u00faige Rugba\u00ed na mBan ar chain\u00e9al YouTube Sp\u00f3rt TG4"}]},{"@type":"WebSite","@id":"https:\/\/dev.tg4.ie\/en\/#website","url":"https:\/\/dev.tg4.ie\/en\/","name":"TG4","description":"S\u00fail Eile","potentialAction":[{"@type":"SearchAction","target":{"@type":"EntryPoint","urlTemplate":"https:\/\/dev.tg4.ie\/en\/?s={search_term_string}"},"query-input":"required name=search_term_string"}],"inLanguage":"ga"}]}},"_links":{"self":[{"href":"https:\/\/dev.tg4.ie\/ga\/wp-json\/wp\/v2\/pages\/246987"}],"collection":[{"href":"https:\/\/dev.tg4.ie\/ga\/wp-json\/wp\/v2\/pages"}],"about":[{"href":"https:\/\/dev.tg4.ie\/ga\/wp-json\/wp\/v2\/types\/page"}],"author":[{"embeddable":true,"href":"https:\/\/dev.tg4.ie\/ga\/wp-json\/wp\/v2\/users\/876"}],"replies":[{"embeddable":true,"href":"https:\/\/dev.tg4.ie\/ga\/wp-json\/wp\/v2\/comments?post=246987"}],"version-history":[{"count":0,"href":"https:\/\/dev.tg4.ie\/ga\/wp-json\/wp\/v2\/pages\/246987\/revisions"}],"up":[{"embeddable":true,"href":"https:\/\/dev.tg4.ie\/ga\/wp-json\/wp\/v2\/pages\/236807"}],"wp:attachment":[{"href":"https:\/\/dev.tg4.ie\/ga\/wp-json\/wp\/v2\/media?parent=246987"}],"curies":[{"name":"wp","href":"https:\/\/api.w.org\/{rel}","templated":true}]}}