{"id":247005,"date":"2025-08-07T15:39:25","date_gmt":"2025-08-07T14:39:25","guid":{"rendered":"https:\/\/dev.tg4.ie\/?page_id=247005"},"modified":"2025-08-07T15:47:13","modified_gmt":"2025-08-07T14:47:13","slug":"39-imreoir-as-eirinn-le-feiceail-i-gcludach-aflw-ar-tg4","status":"publish","type":"page","link":"https:\/\/dev.tg4.ie\/ga\/eolas\/preas\/nuacht-raitis\/2025-2\/39-imreoir-as-eirinn-le-feiceail-i-gcludach-aflw-ar-tg4\/","title":{"rendered":"39 Imreoir as \u00c9irinn le feice\u00e1il i gcl\u00fadach AFLW ar TG4"},"content":{"rendered":"<p><img loading=\"lazy\" decoding=\"async\" width=\"1920\" height=\"1080\" src=\"https:\/\/tg4-docs.s3.amazonaws.com\/wp-content\/uploads\/2025\/08\/07154033\/AFLW_2025_1-1920x1080-1.jpg\" alt=\"\" class=\"aligncenter size-full wp-image-247008\" srcset=\"https:\/\/tg4-docs.s3.amazonaws.com\/wp-content\/uploads\/2025\/08\/07154033\/AFLW_2025_1-1920x1080-1.jpg 1920w, https:\/\/tg4-docs.s3.amazonaws.com\/wp-content\/uploads\/2025\/08\/07154033\/AFLW_2025_1-1920x1080-1-250x141.jpg 250w, https:\/\/tg4-docs.s3.amazonaws.com\/wp-content\/uploads\/2025\/08\/07154033\/AFLW_2025_1-1920x1080-1-700x394.jpg 700w, https:\/\/tg4-docs.s3.amazonaws.com\/wp-content\/uploads\/2025\/08\/07154033\/AFLW_2025_1-1920x1080-1-252x141.jpg 252w, https:\/\/tg4-docs.s3.amazonaws.com\/wp-content\/uploads\/2025\/08\/07154033\/AFLW_2025_1-1920x1080-1-1536x864.jpg 1536w, https:\/\/tg4-docs.s3.amazonaws.com\/wp-content\/uploads\/2025\/08\/07154033\/AFLW_2025_1-1920x1080-1-120x68.jpg 120w\" sizes=\"(max-width: 1920px) 100vw, 1920px\" \/><br \/>\n<sup>Grace Kelly, Kayleigh Cronin, Amy Boyle-Carr agus Niamh Kelly &#8211; Adelaide Crows<\/sup><br \/>\n&nbsp;<br \/>\nT\u00e1 \u00e1thas ar <strong>TG4<\/strong> a fh\u00f3gairt go mbeidh Aussie Rules na mBan ag filleadh ar an st\u00e1isi\u00fan agus go gcuirfear cl\u00fadach seachtaini\u00fail de sh\u00e9as\u00far 2025 den Australian Football League Women\u2019s (AFLW) ar f\u00e1il ar\u00eds do lucht f\u00e9achana na h\u00c9ireann. Gealltar go mbeidh s\u00e9as\u00far 2025 ar an gceann is corraith\u00ed f\u00f3s, le 39 imreoir as \u00c9irinn p\u00e1irteach i mbliana ann.<\/p>\n<p>I measc na n-imreoir\u00ed sin t\u00e1 Orla O\u2019Dwyer \u00f3 Thiobraid \u00c1rann at\u00e1 ag imirt thall \u00f3 2022 chomh maith le himreoir\u00ed nua mar Kayleigh Cronin, a bhuaigh Laoch na hImeartha do Chiarra\u00ed i gCluiche Ceannais na h\u00c9ireann anuraidh. T\u00e1 liosta ioml\u00e1n de na himreoir\u00ed le f\u00e1il th\u00edos.<\/p>\n<p>Tos\u00f3idh s\u00e9as\u00far 2025 D\u00e9 hAoine an 16 L\u00fanasa, agus beidh na foirne go l\u00e9ir ag iarraidh \u00e1it a dheimhni\u00fa sa Chluiche Ceannais a bheidh ar si\u00fal D\u00e9 hAoine an 29 Samhain. Craolfar dh\u00e1 chluiche iarbheo gach deireadh seachtaine mar chuid de Aussie Rules na mBan ar <strong>TG4<\/strong>, chomh maith le buaicphoint\u00ed seachtaini\u00fala gach Luan ag 8.00pm mar chuid den chl\u00e1r GAA 2025.<\/p>\n<p>Cuirfear t\u00fas leis an gcraoladh ag 5.15pm D\u00e9 Sathairn an 16 L\u00fanasa nuair a thabharfaidh Geelong Cats aghaidh ar na Kangaroos.<\/p>\n<p>Beidh Port Adelaide le Fremantle ansin ag 5.15pm D\u00e9 Domhnaigh an 17 L\u00fanasa.<\/p>\n<p>Beidh gach cluiche le f\u00e1il ar <strong>TG4<\/strong> agus ar <strong><a href=\"https:\/\/dev.tg4.ie\" rel=\"noopener\" target=\"_blank\">TG4.ie<\/a><\/strong>.<\/p>\n<p>Beifear \u00e1balta an t-aicsean ar fad a lean\u00faint ar <strong>@SportTG4<\/strong> ar na me\u00e1in sh\u00f3isialta lena n-\u00e1ir\u00edtear buaicphoint\u00ed, agallaimh agus \u00e1bhar eisiach eile i rith an ts\u00e9as\u00fair.<br \/>\n&nbsp;<br \/>\n<strong>Imreoir\u00ed as \u00c9irinn<\/strong><\/p>\n<div id=\"x_isPasted\">\n<ul>\n<li><span class=\"x_TextRun x_SCXW193974324 x_BCX0\" data-contrast=\"auto\"><span class=\"x_NormalTextRun x_SCXW193974324 x_BCX0\">Amy Boyle-Carr (Adelaide)<\/span><\/span><\/li>\n<li><span class=\"x_TextRun x_SCXW193974324 x_BCX0\" data-contrast=\"auto\"><span class=\"x_NormalTextRun x_SCXW193974324 x_BCX0\">Kayleigh Cronin (Adelaide)<\/span><\/span><\/li>\n<li><span class=\"x_TextRun x_SCXW193974324 x_BCX0\" data-contrast=\"auto\"><span class=\"x_NormalTextRun x_SCXW193974324 x_BCX0\">Grace Kelly (Adelaide)<\/span><\/span><\/li>\n<li><span class=\"x_TextRun x_SCXW193974324 x_BCX0\" data-contrast=\"auto\"><span class=\"x_NormalTextRun x_SCXW193974324 x_BCX0\">Niamh Kelly (Adelaide)<\/span><\/span><\/li>\n<li><span class=\"x_TextRun x_SCXW193974324 x_BCX0\" data-contrast=\"auto\"><span class=\"x_NormalTextRun x_SCXW193974324 x_BCX0\">Neasa Dooley (Brisbane)<\/span><\/span><\/li>\n<li><span class=\"x_TextRun x_SCXW193974324 x_BCX0\" data-contrast=\"auto\"><span class=\"x_NormalTextRun x_SCXW193974324 x_BCX0\">Jennifer Dunne (Brisbane)<\/span><\/span><\/li>\n<li><span class=\"x_TextRun x_SCXW193974324 x_BCX0\" data-contrast=\"auto\"><span class=\"x_NormalTextRun x_SCXW193974324 x_BCX0\">Orla O\u2019Dwyer (Brisbane)<\/span><\/span><\/li>\n<li><span class=\"x_TextRun x_SCXW193974324 x_BCX0\" data-contrast=\"auto\"><span class=\"x_NormalTextRun x_SCXW193974324 x_BCX0\">Maria Cannon (Carlton)<\/span><\/span><\/li>\n<li><span class=\"x_TextRun x_SCXW193974324 x_BCX0\" data-contrast=\"auto\"><span class=\"x_NormalTextRun x_SCXW193974324 x_BCX0\">Dayna Finn (Carlton)<\/span><\/span><\/li>\n<li><span class=\"x_TextRun x_SCXW193974324 x_BCX0\" data-contrast=\"auto\"><span class=\"x_NormalTextRun x_SCXW193974324 x_BCX0\">Erone Fitzpatrick (Carlton)<\/span><\/span><\/li>\n<li><span class=\"x_TextRun x_SCXW193974324 x_BCX0\" data-contrast=\"auto\"><span class=\"x_NormalTextRun x_SCXW193974324 x_BCX0\">S\u00edofra O\u2019Connell (Carlton)<\/span><\/span><\/li>\n<li><span class=\"x_TextRun x_SCXW193974324 x_BCX0\" data-contrast=\"auto\"><span class=\"x_NormalTextRun x_SCXW193974324 x_BCX0\">Aisling Reidy (Carlton)<\/span><\/span><\/li>\n<li><span class=\"x_TextRun x_SCXW193974324 x_BCX0\" data-contrast=\"auto\"><span class=\"x_NormalTextRun x_SCXW193974324 x_BCX0\">Muireann Atkinson (Collingwood)<\/span><\/span><\/li>\n<li><span class=\"x_TextRun x_SCXW193974324 x_BCX0\" data-contrast=\"auto\"><span class=\"x_NormalTextRun x_SCXW193974324 x_BCX0\">Kellyann Hogan (Collingwood)<\/span><\/span><\/li>\n<li><span class=\"x_TextRun x_SCXW193974324 x_BCX0\" data-contrast=\"auto\"><span class=\"x_NormalTextRun x_SCXW193974324 x_BCX0\">Sarah Rowe (Collingwood)<\/span><\/span><\/li>\n<li><span class=\"x_TextRun x_SCXW193974324 x_BCX0\" data-contrast=\"auto\"><span class=\"x_NormalTextRun x_SCXW193974324 x_BCX0\">Joanne Cregg (Fremantle)<\/span><\/span><\/li>\n<li><span class=\"x_TextRun x_SCXW193974324 x_BCX0\" data-contrast=\"auto\"><span class=\"x_NormalTextRun x_SCXW193974324 x_BCX0\">Orlagh Lally (Fremantle)<\/span><\/span><\/li>\n<li><span class=\"x_TextRun x_SCXW193974324 x_BCX0\" data-contrast=\"auto\"><span class=\"x_NormalTextRun x_SCXW193974324 x_BCX0\">Aisling McCarthy (Fremantle)<\/span><\/span><\/li>\n<li><span class=\"x_TextRun x_SCXW193974324 x_BCX0\" data-contrast=\"auto\"><span class=\"x_NormalTextRun x_SCXW193974324 x_BCX0\">Amy Mulholland (Fremantle)<\/span><\/span><\/li>\n<li><span class=\"x_TextRun x_SCXW193974324 x_BCX0\" data-contrast=\"auto\"><span class=\"x_NormalTextRun x_SCXW193974324 x_BCX0\">Aine Tighe (Fremantle)<\/span><\/span><\/li>\n<li><span class=\"x_TextRun x_SCXW193974324 x_BCX0\" data-contrast=\"auto\"><span class=\"x_NormalTextRun x_SCXW193974324 x_BCX0\">Rachel Kearns (Geelong)<\/span><\/span><\/li>\n<li><span class=\"x_TextRun x_SCXW193974324 x_BCX0\" data-contrast=\"auto\"><span class=\"x_NormalTextRun x_SCXW193974324 x_BCX0\">Kate Kenny (Geelong)<\/span><\/span><\/li>\n<li><span class=\"x_TextRun x_SCXW193974324 x_BCX0\" data-contrast=\"auto\"><span class=\"x_NormalTextRun x_SCXW193974324 x_BCX0\">Aishling Moloney (Geelong)<\/span><\/span><\/li>\n<li><span class=\"x_TextRun x_SCXW193974324 x_BCX0\" data-contrast=\"auto\"><span class=\"x_NormalTextRun x_SCXW193974324 x_BCX0\">Clara Fitzpatrick (Gold Coast)<\/span><\/span><\/li>\n<li><span class=\"x_TextRun x_SCXW193974324 x_BCX0\" data-contrast=\"auto\"><span class=\"x_NormalTextRun x_SCXW193974324 x_BCX0\">Niamh McLaughlin (Gold Coast)<\/span><\/span><\/li>\n<li><span class=\"x_TextRun x_SCXW193974324 x_BCX0\" data-contrast=\"auto\"><span class=\"x_NormalTextRun x_SCXW193974324 x_BCX0\">Grace Kos (GWS)<\/span><\/span><\/li>\n<li><span class=\"x_TextRun x_SCXW193974324 x_BCX0\" data-contrast=\"auto\"><span class=\"x_NormalTextRun x_SCXW193974324 x_BCX0\">Eilish O\u2019Dowd (GWS)<\/span><\/span><\/li>\n<li><span class=\"x_TextRun x_SCXW193974324 x_BCX0\" data-contrast=\"auto\"><span class=\"x_NormalTextRun x_SCXW193974324 x_BCX0\">Aileen Gilroy (Hawthorn)<\/span><\/span><\/li>\n<li><span class=\"x_TextRun x_SCXW193974324 x_BCX0\" data-contrast=\"auto\"><span class=\"x_NormalTextRun x_SCXW193974324 x_BCX0\">Aine McDonagh (Hawthorn)<\/span><\/span><\/li>\n<li><span class=\"x_TextRun x_SCXW193974324 x_BCX0\" data-contrast=\"auto\"><span class=\"x_NormalTextRun x_SCXW193974324 x_BCX0\">Sinead Goldrick (Melbourne)<\/span><\/span><\/li>\n<li><span class=\"x_TextRun x_SCXW193974324 x_BCX0\" data-contrast=\"auto\"><span class=\"x_NormalTextRun x_SCXW193974324 x_BCX0\">Blaithin Mackin (Melbourne)<\/span><\/span><\/li>\n<li><span class=\"x_TextRun x_SCXW193974324 x_BCX0\" data-contrast=\"auto\"><span class=\"x_NormalTextRun x_SCXW193974324 x_BCX0\">Bl\u00e1ith\u00edn Bogue (North Melbourne)<\/span><\/span><\/li>\n<li><span class=\"x_TextRun x_SCXW193974324 x_BCX0\" data-contrast=\"auto\"><span class=\"x_NormalTextRun x_SCXW193974324 x_BCX0\">Amy Gavin Mangan (North Melbourne)<\/span><\/span><\/li>\n<li><span class=\"x_TextRun x_SCXW193974324 x_BCX0\" data-contrast=\"auto\"><span class=\"x_NormalTextRun x_SCXW193974324 x_BCX0\">Erika O\u2019Shea (North Melbourne)<\/span><\/span><\/li>\n<li><span class=\"x_TextRun x_SCXW193974324 x_BCX0\" data-contrast=\"auto\"><span class=\"x_NormalTextRun x_SCXW193974324 x_BCX0\">Vikki Wall (North Melbourne)<\/span><\/span><\/li>\n<li><span class=\"x_TextRun x_SCXW193974324 x_BCX0\" data-contrast=\"auto\"><span class=\"x_NormalTextRun x_SCXW193974324 x_BCX0\">Aoibh\u00edn Cleary (Richmond)<\/span><\/span><\/li>\n<li><span class=\"x_TextRun x_SCXW193974324 x_BCX0\" data-contrast=\"auto\"><span class=\"x_NormalTextRun x_SCXW193974324 x_BCX0\">Tanya Kennedy (Sydney)<\/span><\/span><\/li>\n<li><span class=\"x_TextRun x_SCXW193974324 x_BCX0\" data-contrast=\"auto\"><span class=\"x_NormalTextRun x_SCXW193974324 x_BCX0\">Paris McCarthy (Sydney)<\/span><\/span><\/li>\n<li><span class=\"x_TextRun x_SCXW193974324 x_BCX0\" data-contrast=\"auto\"><span class=\"x_NormalTextRun x_SCXW193974324 x_BCX0\">Julie O\u2019Sullivan (Sydney)<\/span><\/span><\/li>\n<\/ul>\n<p><span>\u00a0<\/span><\/p>\n<p><span><img decoding=\"async\" class=\"x_fr-fic x_fr-dii\" src=\"https:\/\/app.mediahq.com\/app\/content-image\/cmVsZWFzZV9jb250ZW50X2ltYWdlcy8xZjA3MmUwOC0zYjIyLTZkY2EtYjRmMy0yMTEwNDljNjQyMGUvN2YxYTZhMmI0NDVjNjJmYTQ2ZmM1YmQ2YmQ2NzhkNTMucG5n.png\" alt=\"Shape\" width=\"auto\" height=\"auto\" data-imagetype=\"External\" \/><\/span><span>\u00a0<\/span><\/p>\n<p><span><u>Aussie Rules na mBan ar TG4<\/u><\/span><span><u>\u00a0<\/u><\/span><\/p>\n<\/div>\n<div>\n<div>\n<table dir=\"ltr\" border=\"1\" aria-rowcount=\"7\">\n<tbody>\n<tr>\n<td class=\"x_FirstRow x_FirstCol x_SCXW193974324 x_BCX0\">\n<div>\n<p><span>D\u00e1ta<\/span><span>\u00a0<\/span><\/p>\n<\/div>\n<\/td>\n<td class=\"x_FirstRow x_SCXW193974324 x_BCX0\">\n<div>\n<p><span>Babhta<\/span><span>\u00a0<\/span><\/p>\n<\/div>\n<\/td>\n<td class=\"x_FirstRow x_SCXW193974324 x_BCX0\">\n<div>\n<p><span>Foirne<\/span><span>\u00a0<\/span><\/p>\n<\/div>\n<\/td>\n<td class=\"x_FirstRow x_SCXW193974324 x_BCX0\">\n<div>\n<p><span>Ionad<\/span><span>\u00a0<\/span><\/p>\n<\/div>\n<\/td>\n<td class=\"x_FirstRow x_LastCol x_SCXW193974324 x_BCX0\">\n<div>\n<p><span>Am (TG4)<\/span><span>\u00a0<\/span><\/p>\n<\/div>\n<\/td>\n<\/tr>\n<tr>\n<td class=\"x_FirstCol x_SCXW193974324 x_BCX0\">\n<div>\n<p><span>16\/08\/2025\u00a0<\/span><\/p>\n<\/div>\n<\/td>\n<td class=\"x_SCXW193974324 x_BCX0\">\n<div>\n<p><span>1\u00a0<\/span><\/p>\n<\/div>\n<\/td>\n<td class=\"x_SCXW193974324 x_BCX0\">\n<div>\n<p><span>Geelong Cats v Kangaroos\u00a0<\/span><\/p>\n<\/div>\n<\/td>\n<td class=\"x_SCXW193974324 x_BCX0\">\n<div>\n<p><span>GMHBA Stadium\u00a0<\/span><\/p>\n<\/div>\n<\/td>\n<td class=\"x_LastCol x_SCXW193974324 x_BCX0\">\n<div>\n<p><span>17:15\u00a0<\/span><\/p>\n<\/div>\n<\/td>\n<\/tr>\n<tr>\n<td class=\"x_FirstCol x_SCXW193974324 x_BCX0\">\n<div>\n<p><span>17\/08\/2025\u00a0<\/span><\/p>\n<\/div>\n<\/td>\n<td class=\"x_SCXW193974324 x_BCX0\">\n<div>\n<p><span>1\u00a0<\/span><\/p>\n<\/div>\n<\/td>\n<td class=\"x_SCXW193974324 x_BCX0\">\n<div>\n<p><span>Port Adelaide v Fremantle\u00a0<\/span><\/p>\n<\/div>\n<\/td>\n<td class=\"x_SCXW193974324 x_BCX0\">\n<div>\n<p><span>Alberton Oval\u00a0<\/span><\/p>\n<\/div>\n<\/td>\n<td class=\"x_LastCol x_SCXW193974324 x_BCX0\">\n<div>\n<p><span>17:15\u00a0<\/span><\/p>\n<\/div>\n<\/td>\n<\/tr>\n<tr>\n<td class=\"x_FirstCol x_SCXW193974324 x_BCX0\">\n<div>\n<p><span>23\/08\/2025\u00a0<\/span><\/p>\n<\/div>\n<\/td>\n<td class=\"x_SCXW193974324 x_BCX0\">\n<div>\n<p><span>2\u00a0<\/span><\/p>\n<\/div>\n<\/td>\n<td class=\"x_SCXW193974324 x_BCX0\">\n<div>\n<p><span>Hawthorn v Carlton\u00a0<\/span><\/p>\n<\/div>\n<\/td>\n<td class=\"x_SCXW193974324 x_BCX0\">\n<div>\n<p><span>Kinetic Stadium\u00a0<\/span><\/p>\n<\/div>\n<\/td>\n<td class=\"x_LastCol x_SCXW193974324 x_BCX0\">\n<div>\n<p><span>14:15\u00a0<\/span><\/p>\n<\/div>\n<\/td>\n<\/tr>\n<tr>\n<td class=\"x_FirstCol x_SCXW193974324 x_BCX0\">\n<div>\n<p><span>24\/08\/2025\u00a0<\/span><\/p>\n<\/div>\n<\/td>\n<td class=\"x_SCXW193974324 x_BCX0\">\n<div>\n<p><span>2\u00a0<\/span><\/p>\n<\/div>\n<\/td>\n<td class=\"x_SCXW193974324 x_BCX0\">\n<div>\n<p><span>Adelaide Crows v Geelong Cats\u00a0<\/span><\/p>\n<\/div>\n<\/td>\n<td class=\"x_SCXW193974324 x_BCX0\">\n<div>\n<p><span>Unley Oval\u00a0<\/span><\/p>\n<\/div>\n<\/td>\n<td class=\"x_LastCol x_SCXW193974324 x_BCX0\">\n<div>\n<p><span>17:15\u00a0<\/span><\/p>\n<\/div>\n<\/td>\n<\/tr>\n<tr>\n<td class=\"x_FirstCol x_SCXW193974324 x_BCX0\">\n<div>\n<p><span>30\/08\/2025\u00a0<\/span><\/p>\n<\/div>\n<\/td>\n<td class=\"x_SCXW193974324 x_BCX0\">\n<div>\n<p><span>3\u00a0<\/span><\/p>\n<\/div>\n<\/td>\n<td class=\"x_SCXW193974324 x_BCX0\">\n<div>\n<p><span>GWS Giants v Kuwarna (Adelaide Crows)\u00a0<\/span><\/p>\n<\/div>\n<\/td>\n<td class=\"x_SCXW193974324 x_BCX0\">\n<div>\n<p><span>Henson Park\u00a0<\/span><\/p>\n<\/div>\n<\/td>\n<td class=\"x_LastCol x_SCXW193974324 x_BCX0\">\n<div>\n<p><span>17:20\u00a0<\/span><\/p>\n<\/div>\n<\/td>\n<\/tr>\n<tr>\n<td class=\"x_FirstCol x_LastRow x_SCXW193974324 x_BCX0\">\n<div>\n<p><span>31\/08\/2025\u00a0<\/span><\/p>\n<\/div>\n<\/td>\n<td class=\"x_LastRow x_SCXW193974324 x_BCX0\">\n<div>\n<p><span>4\u00a0<\/span><\/p>\n<\/div>\n<\/td>\n<td class=\"x_LastRow x_SCXW193974324 x_BCX0\">\n<div>\n<p><span>Brisbane Lions v Carlton\u00a0<\/span><\/p>\n<\/div>\n<\/td>\n<td class=\"x_LastRow x_SCXW193974324 x_BCX0\">\n<div>\n<p><span>Brighton Homes Arena\u00a0<\/span><\/p>\n<\/div>\n<\/td>\n<td class=\"x_LastCol x_LastRow x_SCXW193974324 x_BCX0\">\n<div>\n<p><span>17:20\u00a0<\/span><\/p>\n<\/div>\n<\/td>\n<\/tr>\n<\/tbody>\n<\/table>\n<\/div>\n<\/div>\n<p>&nbsp;<br \/>\n&nbsp;<\/p>\n","protected":false},"excerpt":{"rendered":"<p>Grace Kelly, Kayleigh Cronin, Amy Boyle-Carr agus Niamh Kelly &#8211; Adelaide Crows &nbsp; T\u00e1 \u00e1thas ar TG4 a fh\u00f3gairt go mbeidh Aussie Rules na mBan ag filleadh ar an st\u00e1isi\u00fan agus go gcuirfear cl\u00fadach seachtaini\u00fail de sh\u00e9as\u00far 2025 den Australian Football League Women\u2019s (AFLW) ar f\u00e1il ar\u00eds do lucht f\u00e9achana na h\u00c9ireann. Gealltar go mbeidh [&hellip;]<\/p>\n","protected":false},"author":876,"featured_media":0,"parent":236807,"menu_order":39,"comment_status":"closed","ping_status":"closed","template":"page-templates\/template-pr.php","meta":{"_acf_changed":false,"footnotes":""},"acf":[],"yoast_head":"<!-- This site is optimized with the Yoast SEO plugin v22.6 - https:\/\/yoast.com\/wordpress\/plugins\/seo\/ -->\n<title>39 Imreoir as \u00c9irinn le feice\u00e1il i gcl\u00fadach AFLW ar TG4 | Preasr\u00e1iteas | TG4<\/title>\n<meta name=\"description\" content=\"T\u00e1 \u00e1thas ar TG4 a fh\u00f3gairt go mbeidh Aussie Rules na mBan ag filleadh ar an st\u00e1isi\u00fan agus go gcuirfear cl\u00fadach seachtaini\u00fail de sh\u00e9as\u00far 2025 den Australian Football League Women\u2019s (AFLW) ar f\u00e1il ar\u00eds do lucht f\u00e9achana na h\u00c9ireann.\" \/>\n<meta name=\"robots\" content=\"index, follow, max-snippet:-1, max-image-preview:large, max-video-preview:-1\" \/>\n<meta property=\"og:locale\" content=\"en_US\" \/>\n<meta property=\"og:type\" content=\"article\" \/>\n<meta property=\"og:title\" content=\"39 Imreoir as \u00c9irinn le feice\u00e1il i gcl\u00fadach AFLW ar TG4 | Preasr\u00e1iteas | TG4\" \/>\n<meta property=\"og:description\" content=\"T\u00e1 \u00e1thas ar TG4 a fh\u00f3gairt go mbeidh Aussie Rules na mBan ag filleadh ar an st\u00e1isi\u00fan agus go gcuirfear cl\u00fadach seachtaini\u00fail de sh\u00e9as\u00far 2025 den Australian Football League Women\u2019s (AFLW) ar f\u00e1il ar\u00eds do lucht f\u00e9achana na h\u00c9ireann.\" \/>\n<meta property=\"og:url\" content=\"https:\/\/dev.tg4.ie\/ga\/eolas\/preas\/nuacht-raitis\/2025-2\/39-imreoir-as-eirinn-le-feiceail-i-gcludach-aflw-ar-tg4\/\" \/>\n<meta property=\"og:site_name\" content=\"TG4\" \/>\n<meta property=\"article:publisher\" content=\"https:\/\/www.facebook.com\/TG4TV\" \/>\n<meta property=\"article:modified_time\" content=\"2025-08-07T14:47:13+00:00\" \/>\n<meta property=\"og:image\" content=\"https:\/\/dev.tg4.ie\/wp-content\/uploads\/2025\/08\/AFLW_2025_1-1920x1080-1.jpg\" \/>\n<meta name=\"twitter:card\" content=\"summary_large_image\" \/>\n<meta name=\"twitter:site\" content=\"@TG4TV\" \/>\n<meta name=\"twitter:label1\" content=\"Est. reading time\" \/>\n\t<meta name=\"twitter:data1\" content=\"3 minutes\" \/>\n<script type=\"application\/ld+json\" class=\"yoast-schema-graph\">{\"@context\":\"https:\/\/schema.org\",\"@graph\":[{\"@type\":\"WebPage\",\"@id\":\"https:\/\/dev.tg4.ie\/ga\/eolas\/preas\/nuacht-raitis\/2025-2\/39-imreoir-as-eirinn-le-feiceail-i-gcludach-aflw-ar-tg4\/\",\"url\":\"https:\/\/dev.tg4.ie\/ga\/eolas\/preas\/nuacht-raitis\/2025-2\/39-imreoir-as-eirinn-le-feiceail-i-gcludach-aflw-ar-tg4\/\",\"name\":\"39 Imreoir as \u00c9irinn le feice\u00e1il i gcl\u00fadach AFLW ar TG4 | Preasr\u00e1iteas | TG4\",\"isPartOf\":{\"@id\":\"https:\/\/dev.tg4.ie\/en\/#website\"},\"primaryImageOfPage\":{\"@id\":\"https:\/\/dev.tg4.ie\/ga\/eolas\/preas\/nuacht-raitis\/2025-2\/39-imreoir-as-eirinn-le-feiceail-i-gcludach-aflw-ar-tg4\/#primaryimage\"},\"image\":{\"@id\":\"https:\/\/dev.tg4.ie\/ga\/eolas\/preas\/nuacht-raitis\/2025-2\/39-imreoir-as-eirinn-le-feiceail-i-gcludach-aflw-ar-tg4\/#primaryimage\"},\"thumbnailUrl\":\"https:\/\/dev.tg4.ie\/wp-content\/uploads\/2025\/08\/AFLW_2025_1-1920x1080-1.jpg\",\"datePublished\":\"2025-08-07T14:39:25+00:00\",\"dateModified\":\"2025-08-07T14:47:13+00:00\",\"description\":\"T\u00e1 \u00e1thas ar TG4 a fh\u00f3gairt go mbeidh Aussie Rules na mBan ag filleadh ar an st\u00e1isi\u00fan agus go gcuirfear cl\u00fadach seachtaini\u00fail de sh\u00e9as\u00far 2025 den Australian Football League Women\u2019s (AFLW) ar f\u00e1il ar\u00eds do lucht f\u00e9achana na h\u00c9ireann.\",\"breadcrumb\":{\"@id\":\"https:\/\/dev.tg4.ie\/ga\/eolas\/preas\/nuacht-raitis\/2025-2\/39-imreoir-as-eirinn-le-feiceail-i-gcludach-aflw-ar-tg4\/#breadcrumb\"},\"inLanguage\":\"ga\",\"potentialAction\":[{\"@type\":\"ReadAction\",\"target\":[\"https:\/\/dev.tg4.ie\/ga\/eolas\/preas\/nuacht-raitis\/2025-2\/39-imreoir-as-eirinn-le-feiceail-i-gcludach-aflw-ar-tg4\/\"]}]},{\"@type\":\"ImageObject\",\"inLanguage\":\"ga\",\"@id\":\"https:\/\/dev.tg4.ie\/ga\/eolas\/preas\/nuacht-raitis\/2025-2\/39-imreoir-as-eirinn-le-feiceail-i-gcludach-aflw-ar-tg4\/#primaryimage\",\"url\":\"https:\/\/dev.tg4.ie\/wp-content\/uploads\/2025\/08\/AFLW_2025_1-1920x1080-1.jpg\",\"contentUrl\":\"https:\/\/dev.tg4.ie\/wp-content\/uploads\/2025\/08\/AFLW_2025_1-1920x1080-1.jpg\"},{\"@type\":\"BreadcrumbList\",\"@id\":\"https:\/\/dev.tg4.ie\/ga\/eolas\/preas\/nuacht-raitis\/2025-2\/39-imreoir-as-eirinn-le-feiceail-i-gcludach-aflw-ar-tg4\/#breadcrumb\",\"itemListElement\":[{\"@type\":\"ListItem\",\"position\":1,\"name\":\"Home\",\"item\":\"https:\/\/dev.tg4.ie\/ga\/\"},{\"@type\":\"ListItem\",\"position\":2,\"name\":\"Eolas\",\"item\":\"https:\/\/dev.tg4.ie\/ga\/eolas\/\"},{\"@type\":\"ListItem\",\"position\":3,\"name\":\"Preas\",\"item\":\"https:\/\/dev.tg4.ie\/ga\/eolas\/preas\/\"},{\"@type\":\"ListItem\",\"position\":4,\"name\":\"Nuacht R\u00e1itis\",\"item\":\"https:\/\/dev.tg4.ie\/ga\/eolas\/preas\/nuacht-raitis\/\"},{\"@type\":\"ListItem\",\"position\":5,\"name\":\"2025\",\"item\":\"https:\/\/dev.tg4.ie\/ga\/eolas\/preas\/nuacht-raitis\/2025-2\/\"},{\"@type\":\"ListItem\",\"position\":6,\"name\":\"39 Imreoir as \u00c9irinn le feice\u00e1il i gcl\u00fadach AFLW ar TG4\"}]},{\"@type\":\"WebSite\",\"@id\":\"https:\/\/dev.tg4.ie\/en\/#website\",\"url\":\"https:\/\/dev.tg4.ie\/en\/\",\"name\":\"TG4\",\"description\":\"S\u00fail Eile\",\"potentialAction\":[{\"@type\":\"SearchAction\",\"target\":{\"@type\":\"EntryPoint\",\"urlTemplate\":\"https:\/\/dev.tg4.ie\/en\/?s={search_term_string}\"},\"query-input\":\"required name=search_term_string\"}],\"inLanguage\":\"ga\"}]}<\/script>\n<!-- \/ Yoast SEO plugin. -->","yoast_head_json":{"title":"39 Imreoir as \u00c9irinn le feice\u00e1il i gcl\u00fadach AFLW ar TG4 | Preasr\u00e1iteas | TG4","description":"T\u00e1 \u00e1thas ar TG4 a fh\u00f3gairt go mbeidh Aussie Rules na mBan ag filleadh ar an st\u00e1isi\u00fan agus go gcuirfear cl\u00fadach seachtaini\u00fail de sh\u00e9as\u00far 2025 den Australian Football League Women\u2019s (AFLW) ar f\u00e1il ar\u00eds do lucht f\u00e9achana na h\u00c9ireann.","robots":{"index":"index","follow":"follow","max-snippet":"max-snippet:-1","max-image-preview":"max-image-preview:large","max-video-preview":"max-video-preview:-1"},"og_locale":"en_US","og_type":"article","og_title":"39 Imreoir as \u00c9irinn le feice\u00e1il i gcl\u00fadach AFLW ar TG4 | Preasr\u00e1iteas | TG4","og_description":"T\u00e1 \u00e1thas ar TG4 a fh\u00f3gairt go mbeidh Aussie Rules na mBan ag filleadh ar an st\u00e1isi\u00fan agus go gcuirfear cl\u00fadach seachtaini\u00fail de sh\u00e9as\u00far 2025 den Australian Football League Women\u2019s (AFLW) ar f\u00e1il ar\u00eds do lucht f\u00e9achana na h\u00c9ireann.","og_url":"https:\/\/dev.tg4.ie\/ga\/eolas\/preas\/nuacht-raitis\/2025-2\/39-imreoir-as-eirinn-le-feiceail-i-gcludach-aflw-ar-tg4\/","og_site_name":"TG4","article_publisher":"https:\/\/www.facebook.com\/TG4TV","article_modified_time":"2025-08-07T14:47:13+00:00","og_image":[{"url":"https:\/\/dev.tg4.ie\/wp-content\/uploads\/2025\/08\/AFLW_2025_1-1920x1080-1.jpg"}],"twitter_card":"summary_large_image","twitter_site":"@TG4TV","twitter_misc":{"Est. reading time":"3 minutes"},"schema":{"@context":"https:\/\/schema.org","@graph":[{"@type":"WebPage","@id":"https:\/\/dev.tg4.ie\/ga\/eolas\/preas\/nuacht-raitis\/2025-2\/39-imreoir-as-eirinn-le-feiceail-i-gcludach-aflw-ar-tg4\/","url":"https:\/\/dev.tg4.ie\/ga\/eolas\/preas\/nuacht-raitis\/2025-2\/39-imreoir-as-eirinn-le-feiceail-i-gcludach-aflw-ar-tg4\/","name":"39 Imreoir as \u00c9irinn le feice\u00e1il i gcl\u00fadach AFLW ar TG4 | Preasr\u00e1iteas | TG4","isPartOf":{"@id":"https:\/\/dev.tg4.ie\/en\/#website"},"primaryImageOfPage":{"@id":"https:\/\/dev.tg4.ie\/ga\/eolas\/preas\/nuacht-raitis\/2025-2\/39-imreoir-as-eirinn-le-feiceail-i-gcludach-aflw-ar-tg4\/#primaryimage"},"image":{"@id":"https:\/\/dev.tg4.ie\/ga\/eolas\/preas\/nuacht-raitis\/2025-2\/39-imreoir-as-eirinn-le-feiceail-i-gcludach-aflw-ar-tg4\/#primaryimage"},"thumbnailUrl":"https:\/\/dev.tg4.ie\/wp-content\/uploads\/2025\/08\/AFLW_2025_1-1920x1080-1.jpg","datePublished":"2025-08-07T14:39:25+00:00","dateModified":"2025-08-07T14:47:13+00:00","description":"T\u00e1 \u00e1thas ar TG4 a fh\u00f3gairt go mbeidh Aussie Rules na mBan ag filleadh ar an st\u00e1isi\u00fan agus go gcuirfear cl\u00fadach seachtaini\u00fail de sh\u00e9as\u00far 2025 den Australian Football League Women\u2019s (AFLW) ar f\u00e1il ar\u00eds do lucht f\u00e9achana na h\u00c9ireann.","breadcrumb":{"@id":"https:\/\/dev.tg4.ie\/ga\/eolas\/preas\/nuacht-raitis\/2025-2\/39-imreoir-as-eirinn-le-feiceail-i-gcludach-aflw-ar-tg4\/#breadcrumb"},"inLanguage":"ga","potentialAction":[{"@type":"ReadAction","target":["https:\/\/dev.tg4.ie\/ga\/eolas\/preas\/nuacht-raitis\/2025-2\/39-imreoir-as-eirinn-le-feiceail-i-gcludach-aflw-ar-tg4\/"]}]},{"@type":"ImageObject","inLanguage":"ga","@id":"https:\/\/dev.tg4.ie\/ga\/eolas\/preas\/nuacht-raitis\/2025-2\/39-imreoir-as-eirinn-le-feiceail-i-gcludach-aflw-ar-tg4\/#primaryimage","url":"https:\/\/dev.tg4.ie\/wp-content\/uploads\/2025\/08\/AFLW_2025_1-1920x1080-1.jpg","contentUrl":"https:\/\/dev.tg4.ie\/wp-content\/uploads\/2025\/08\/AFLW_2025_1-1920x1080-1.jpg"},{"@type":"BreadcrumbList","@id":"https:\/\/dev.tg4.ie\/ga\/eolas\/preas\/nuacht-raitis\/2025-2\/39-imreoir-as-eirinn-le-feiceail-i-gcludach-aflw-ar-tg4\/#breadcrumb","itemListElement":[{"@type":"ListItem","position":1,"name":"Home","item":"https:\/\/dev.tg4.ie\/ga\/"},{"@type":"ListItem","position":2,"name":"Eolas","item":"https:\/\/dev.tg4.ie\/ga\/eolas\/"},{"@type":"ListItem","position":3,"name":"Preas","item":"https:\/\/dev.tg4.ie\/ga\/eolas\/preas\/"},{"@type":"ListItem","position":4,"name":"Nuacht R\u00e1itis","item":"https:\/\/dev.tg4.ie\/ga\/eolas\/preas\/nuacht-raitis\/"},{"@type":"ListItem","position":5,"name":"2025","item":"https:\/\/dev.tg4.ie\/ga\/eolas\/preas\/nuacht-raitis\/2025-2\/"},{"@type":"ListItem","position":6,"name":"39 Imreoir as \u00c9irinn le feice\u00e1il i gcl\u00fadach AFLW ar TG4"}]},{"@type":"WebSite","@id":"https:\/\/dev.tg4.ie\/en\/#website","url":"https:\/\/dev.tg4.ie\/en\/","name":"TG4","description":"S\u00fail Eile","potentialAction":[{"@type":"SearchAction","target":{"@type":"EntryPoint","urlTemplate":"https:\/\/dev.tg4.ie\/en\/?s={search_term_string}"},"query-input":"required name=search_term_string"}],"inLanguage":"ga"}]}},"_links":{"self":[{"href":"https:\/\/dev.tg4.ie\/ga\/wp-json\/wp\/v2\/pages\/247005"}],"collection":[{"href":"https:\/\/dev.tg4.ie\/ga\/wp-json\/wp\/v2\/pages"}],"about":[{"href":"https:\/\/dev.tg4.ie\/ga\/wp-json\/wp\/v2\/types\/page"}],"author":[{"embeddable":true,"href":"https:\/\/dev.tg4.ie\/ga\/wp-json\/wp\/v2\/users\/876"}],"replies":[{"embeddable":true,"href":"https:\/\/dev.tg4.ie\/ga\/wp-json\/wp\/v2\/comments?post=247005"}],"version-history":[{"count":0,"href":"https:\/\/dev.tg4.ie\/ga\/wp-json\/wp\/v2\/pages\/247005\/revisions"}],"up":[{"embeddable":true,"href":"https:\/\/dev.tg4.ie\/ga\/wp-json\/wp\/v2\/pages\/236807"}],"wp:attachment":[{"href":"https:\/\/dev.tg4.ie\/ga\/wp-json\/wp\/v2\/media?parent=247005"}],"curies":[{"name":"wp","href":"https:\/\/api.w.org\/{rel}","templated":true}]}}