{"id":247020,"date":"2025-08-12T12:13:06","date_gmt":"2025-08-12T11:13:06","guid":{"rendered":"https:\/\/dev.tg4.ie\/?page_id=247020"},"modified":"2025-08-12T13:02:09","modified_gmt":"2025-08-12T12:02:09","slug":"gaa-beo-hurling-for-cancer-research-2025","status":"publish","type":"page","link":"https:\/\/dev.tg4.ie\/ga\/eolas\/preas\/nuacht-raitis\/2025-2\/gaa-beo-hurling-for-cancer-research-2025\/","title":{"rendered":"GAA BEO \u2013 Hurling for Cancer Research 2025"},"content":{"rendered":"<p><img loading=\"lazy\" decoding=\"async\" width=\"1920\" height=\"1080\" src=\"https:\/\/tg4-docs.s3.amazonaws.com\/wp-content\/uploads\/2025\/08\/12121134\/Hurling_for_Cancer_Research_2025-1-1920x1080-1.jpg\" alt=\"\" class=\"aligncenter size-full wp-image-247022\" srcset=\"https:\/\/tg4-docs.s3.amazonaws.com\/wp-content\/uploads\/2025\/08\/12121134\/Hurling_for_Cancer_Research_2025-1-1920x1080-1.jpg 1920w, https:\/\/tg4-docs.s3.amazonaws.com\/wp-content\/uploads\/2025\/08\/12121134\/Hurling_for_Cancer_Research_2025-1-1920x1080-1-250x141.jpg 250w, https:\/\/tg4-docs.s3.amazonaws.com\/wp-content\/uploads\/2025\/08\/12121134\/Hurling_for_Cancer_Research_2025-1-1920x1080-1-700x394.jpg 700w, https:\/\/tg4-docs.s3.amazonaws.com\/wp-content\/uploads\/2025\/08\/12121134\/Hurling_for_Cancer_Research_2025-1-1920x1080-1-252x141.jpg 252w, https:\/\/tg4-docs.s3.amazonaws.com\/wp-content\/uploads\/2025\/08\/12121134\/Hurling_for_Cancer_Research_2025-1-1920x1080-1-1536x864.jpg 1536w, https:\/\/tg4-docs.s3.amazonaws.com\/wp-content\/uploads\/2025\/08\/12121134\/Hurling_for_Cancer_Research_2025-1-1920x1080-1-120x68.jpg 120w\" sizes=\"(max-width: 1920px) 100vw, 1920px\" \/><\/p>\n<p>&nbsp;<\/p>\n<p>Is m\u00f3r an on\u00f3ir do TG4 a fh\u00f3gairt go bhfuil Hurling for Cancer Research ag filleadh ar a sceideal GAA BEO don dara bliain as a ch\u00e9ile. Craolfar an cluiche carthanais, a bhail\u00edonn airgead do thaighde ar ailse, beo \u00f3 7:15pm ar TG4 agus TG4.ie D\u00e9 Luain an 18 L\u00fanasa.<\/p>\n<p>Bh\u00ed an-t\u00f3ir ag an lucht f\u00e9achana ar chluiche na bliana 2024 agus baineadh buaicphointe lucht f\u00e9achana beo 219,000 amach lena linn. T\u00e1thar ag s\u00fail go mbeidh o\u00edche l\u00e1n sp\u00f3irt agus siamsa\u00edochta againn ar\u00eds i mbliana le r\u00e9alta\u00ed m\u00f3ra ar chl\u00e1r an lae. I measc na r\u00e9alta\u00ed a ghlac p\u00e1irt anuraidh bh\u00ed Shane Long agus Rachael Blackmore, agus t\u00e1 foireann na bliana seo ar chomhchaighde\u00e1n leo.<\/p>\n<p>I measc na n-a\u00edonna a bheidh p\u00e1irteach i gcl\u00fadach 2025 beidh na laochra sp\u00f3irt Anthony Daly agus Stephen Hunt.<\/p>\n<p>Beidh imreoir\u00ed \u00f3 fhoirne Chorca\u00ed agus Thiobraid \u00c1rann a d\u2019imir i gCluiche Ceannais Iom\u00e1na na h\u00c9ireann i mbliana ag glacadh p\u00e1irte, mar aon le r\u00e9alta Chiarra\u00ed Paudie Clifford, laoch Chill Chainnigh TJ Reid, r\u00e9alta Loch Garman Lee Chin, dearth\u00e1ireacha Morrisey \u00f3 Luimneach, agus imreoir\u00ed \u00c1tha Cliath Con O\u2019Callaghan agus Chris Crummey.<\/p>\n<p>Beidh an l\u00e9imneoir Paul Townend agus an traen\u00e1la\u00ed capall Willie Mullins ina r\u00e9iteoir\u00ed, in \u00e9ineacht le Niall Quinn agus Bernard Dunne.<\/p>\n<p>Nochtfar na foirne ioml\u00e1na, an lucht bainist\u00edochta agus na r\u00e9iteoir\u00ed sna laethanta roimh an \u00f3c\u00e1id.<\/p>\n<p>Sheol Jim Bolger agus Davy Russell an \u00f3c\u00e1id den ch\u00e9ad uair in 2012, agus is cro\u00ed-imeacht \u00e9 Hurling for Cancer Research anois i bhf\u00e9ilire CLG agus sp\u00f3irt na h\u00c9ireann, ag a dtugtar l\u00fathchleasaithe, daoine m\u00f3r le r\u00e1 agus lucht taca\u00edochta le ch\u00e9ile chun tac\u00fa le hobair thaighde lean\u00fanach Chumann Ailse na h\u00c9ireann.<\/p>\n<p>T\u00e1 Centra ag tac\u00fa le Hurling for Cancer Research i mbliana.<\/p>\n<p>Beifear \u00e1balta an t-aicsean ar fad, lena n-\u00e1ir\u00edtear buaicphoint\u00ed, agallaimh agus \u00e1bhar eisiach eile, a lean\u00faint ar @SportTG4 ar na me\u00e1in sh\u00f3isialta. <\/p>\n<p>T\u00e9igh chuig <a href=\"https:\/\/am.ticketmaster.com\/gaa\/buy\/hurlingforcancerresearch\" rel=\"noopener\" target=\"_blank\">Ticketmaster.ie<\/a> chun tic\u00e9id a fh\u00e1il don \u00f3c\u00e1id.<br \/>\n&nbsp;<br \/>\n&nbsp;<\/p>\n","protected":false},"excerpt":{"rendered":"<p>&nbsp; Is m\u00f3r an on\u00f3ir do TG4 a fh\u00f3gairt go bhfuil Hurling for Cancer Research ag filleadh ar a sceideal GAA BEO don dara bliain as a ch\u00e9ile. Craolfar an cluiche carthanais, a bhail\u00edonn airgead do thaighde ar ailse, beo \u00f3 7:15pm ar TG4 agus TG4.ie D\u00e9 Luain an 18 L\u00fanasa. Bh\u00ed an-t\u00f3ir ag an [&hellip;]<\/p>\n","protected":false},"author":876,"featured_media":0,"parent":236807,"menu_order":40,"comment_status":"closed","ping_status":"closed","template":"page-templates\/template-pr.php","meta":{"_acf_changed":false,"footnotes":""},"acf":[],"yoast_head":"<!-- This site is optimized with the Yoast SEO plugin v22.6 - https:\/\/yoast.com\/wordpress\/plugins\/seo\/ -->\n<title>GAA BEO \u2013 Hurling for Cancer Research 2025 | Preasr\u00e1iteas | TG4<\/title>\n<meta name=\"description\" content=\"Is m\u00f3r an on\u00f3ir do TG4 a fh\u00f3gairt go bhfuil Hurling for Cancer Research ag filleadh ar a sceideal GAA BEO don dara bliain as a ch\u00e9ile.\" \/>\n<meta name=\"robots\" content=\"index, follow, max-snippet:-1, max-image-preview:large, max-video-preview:-1\" \/>\n<meta property=\"og:locale\" content=\"en_US\" \/>\n<meta property=\"og:type\" content=\"article\" \/>\n<meta property=\"og:title\" content=\"GAA BEO \u2013 Hurling for Cancer Research 2025 | Preasr\u00e1iteas | TG4\" \/>\n<meta property=\"og:description\" content=\"Is m\u00f3r an on\u00f3ir do TG4 a fh\u00f3gairt go bhfuil Hurling for Cancer Research ag filleadh ar a sceideal GAA BEO don dara bliain as a ch\u00e9ile.\" \/>\n<meta property=\"og:url\" content=\"https:\/\/dev.tg4.ie\/ga\/eolas\/preas\/nuacht-raitis\/2025-2\/gaa-beo-hurling-for-cancer-research-2025\/\" \/>\n<meta property=\"og:site_name\" content=\"TG4\" \/>\n<meta property=\"article:publisher\" content=\"https:\/\/www.facebook.com\/TG4TV\" \/>\n<meta property=\"article:modified_time\" content=\"2025-08-12T12:02:09+00:00\" \/>\n<meta property=\"og:image\" content=\"https:\/\/dev.tg4.ie\/wp-content\/uploads\/2025\/08\/Hurling_for_Cancer_Research_2025-1-1920x1080-1.jpg\" \/>\n<meta name=\"twitter:card\" content=\"summary_large_image\" \/>\n<meta name=\"twitter:site\" content=\"@TG4TV\" \/>\n<meta name=\"twitter:label1\" content=\"Est. reading time\" \/>\n\t<meta name=\"twitter:data1\" content=\"2 minutes\" \/>\n<script type=\"application\/ld+json\" class=\"yoast-schema-graph\">{\"@context\":\"https:\/\/schema.org\",\"@graph\":[{\"@type\":\"WebPage\",\"@id\":\"https:\/\/dev.tg4.ie\/ga\/eolas\/preas\/nuacht-raitis\/2025-2\/gaa-beo-hurling-for-cancer-research-2025\/\",\"url\":\"https:\/\/dev.tg4.ie\/ga\/eolas\/preas\/nuacht-raitis\/2025-2\/gaa-beo-hurling-for-cancer-research-2025\/\",\"name\":\"GAA BEO \u2013 Hurling for Cancer Research 2025 | Preasr\u00e1iteas | TG4\",\"isPartOf\":{\"@id\":\"https:\/\/dev.tg4.ie\/en\/#website\"},\"primaryImageOfPage\":{\"@id\":\"https:\/\/dev.tg4.ie\/ga\/eolas\/preas\/nuacht-raitis\/2025-2\/gaa-beo-hurling-for-cancer-research-2025\/#primaryimage\"},\"image\":{\"@id\":\"https:\/\/dev.tg4.ie\/ga\/eolas\/preas\/nuacht-raitis\/2025-2\/gaa-beo-hurling-for-cancer-research-2025\/#primaryimage\"},\"thumbnailUrl\":\"https:\/\/dev.tg4.ie\/wp-content\/uploads\/2025\/08\/Hurling_for_Cancer_Research_2025-1-1920x1080-1.jpg\",\"datePublished\":\"2025-08-12T11:13:06+00:00\",\"dateModified\":\"2025-08-12T12:02:09+00:00\",\"description\":\"Is m\u00f3r an on\u00f3ir do TG4 a fh\u00f3gairt go bhfuil Hurling for Cancer Research ag filleadh ar a sceideal GAA BEO don dara bliain as a ch\u00e9ile.\",\"breadcrumb\":{\"@id\":\"https:\/\/dev.tg4.ie\/ga\/eolas\/preas\/nuacht-raitis\/2025-2\/gaa-beo-hurling-for-cancer-research-2025\/#breadcrumb\"},\"inLanguage\":\"ga\",\"potentialAction\":[{\"@type\":\"ReadAction\",\"target\":[\"https:\/\/dev.tg4.ie\/ga\/eolas\/preas\/nuacht-raitis\/2025-2\/gaa-beo-hurling-for-cancer-research-2025\/\"]}]},{\"@type\":\"ImageObject\",\"inLanguage\":\"ga\",\"@id\":\"https:\/\/dev.tg4.ie\/ga\/eolas\/preas\/nuacht-raitis\/2025-2\/gaa-beo-hurling-for-cancer-research-2025\/#primaryimage\",\"url\":\"https:\/\/dev.tg4.ie\/wp-content\/uploads\/2025\/08\/Hurling_for_Cancer_Research_2025-1-1920x1080-1.jpg\",\"contentUrl\":\"https:\/\/dev.tg4.ie\/wp-content\/uploads\/2025\/08\/Hurling_for_Cancer_Research_2025-1-1920x1080-1.jpg\"},{\"@type\":\"BreadcrumbList\",\"@id\":\"https:\/\/dev.tg4.ie\/ga\/eolas\/preas\/nuacht-raitis\/2025-2\/gaa-beo-hurling-for-cancer-research-2025\/#breadcrumb\",\"itemListElement\":[{\"@type\":\"ListItem\",\"position\":1,\"name\":\"Home\",\"item\":\"https:\/\/dev.tg4.ie\/ga\/\"},{\"@type\":\"ListItem\",\"position\":2,\"name\":\"Eolas\",\"item\":\"https:\/\/dev.tg4.ie\/ga\/eolas\/\"},{\"@type\":\"ListItem\",\"position\":3,\"name\":\"Preas\",\"item\":\"https:\/\/dev.tg4.ie\/ga\/eolas\/preas\/\"},{\"@type\":\"ListItem\",\"position\":4,\"name\":\"Nuacht R\u00e1itis\",\"item\":\"https:\/\/dev.tg4.ie\/ga\/eolas\/preas\/nuacht-raitis\/\"},{\"@type\":\"ListItem\",\"position\":5,\"name\":\"2025\",\"item\":\"https:\/\/dev.tg4.ie\/ga\/eolas\/preas\/nuacht-raitis\/2025-2\/\"},{\"@type\":\"ListItem\",\"position\":6,\"name\":\"GAA BEO \u2013 Hurling for Cancer Research 2025\"}]},{\"@type\":\"WebSite\",\"@id\":\"https:\/\/dev.tg4.ie\/en\/#website\",\"url\":\"https:\/\/dev.tg4.ie\/en\/\",\"name\":\"TG4\",\"description\":\"S\u00fail Eile\",\"potentialAction\":[{\"@type\":\"SearchAction\",\"target\":{\"@type\":\"EntryPoint\",\"urlTemplate\":\"https:\/\/dev.tg4.ie\/en\/?s={search_term_string}\"},\"query-input\":\"required name=search_term_string\"}],\"inLanguage\":\"ga\"}]}<\/script>\n<!-- \/ Yoast SEO plugin. -->","yoast_head_json":{"title":"GAA BEO \u2013 Hurling for Cancer Research 2025 | Preasr\u00e1iteas | TG4","description":"Is m\u00f3r an on\u00f3ir do TG4 a fh\u00f3gairt go bhfuil Hurling for Cancer Research ag filleadh ar a sceideal GAA BEO don dara bliain as a ch\u00e9ile.","robots":{"index":"index","follow":"follow","max-snippet":"max-snippet:-1","max-image-preview":"max-image-preview:large","max-video-preview":"max-video-preview:-1"},"og_locale":"en_US","og_type":"article","og_title":"GAA BEO \u2013 Hurling for Cancer Research 2025 | Preasr\u00e1iteas | TG4","og_description":"Is m\u00f3r an on\u00f3ir do TG4 a fh\u00f3gairt go bhfuil Hurling for Cancer Research ag filleadh ar a sceideal GAA BEO don dara bliain as a ch\u00e9ile.","og_url":"https:\/\/dev.tg4.ie\/ga\/eolas\/preas\/nuacht-raitis\/2025-2\/gaa-beo-hurling-for-cancer-research-2025\/","og_site_name":"TG4","article_publisher":"https:\/\/www.facebook.com\/TG4TV","article_modified_time":"2025-08-12T12:02:09+00:00","og_image":[{"url":"https:\/\/dev.tg4.ie\/wp-content\/uploads\/2025\/08\/Hurling_for_Cancer_Research_2025-1-1920x1080-1.jpg"}],"twitter_card":"summary_large_image","twitter_site":"@TG4TV","twitter_misc":{"Est. reading time":"2 minutes"},"schema":{"@context":"https:\/\/schema.org","@graph":[{"@type":"WebPage","@id":"https:\/\/dev.tg4.ie\/ga\/eolas\/preas\/nuacht-raitis\/2025-2\/gaa-beo-hurling-for-cancer-research-2025\/","url":"https:\/\/dev.tg4.ie\/ga\/eolas\/preas\/nuacht-raitis\/2025-2\/gaa-beo-hurling-for-cancer-research-2025\/","name":"GAA BEO \u2013 Hurling for Cancer Research 2025 | Preasr\u00e1iteas | TG4","isPartOf":{"@id":"https:\/\/dev.tg4.ie\/en\/#website"},"primaryImageOfPage":{"@id":"https:\/\/dev.tg4.ie\/ga\/eolas\/preas\/nuacht-raitis\/2025-2\/gaa-beo-hurling-for-cancer-research-2025\/#primaryimage"},"image":{"@id":"https:\/\/dev.tg4.ie\/ga\/eolas\/preas\/nuacht-raitis\/2025-2\/gaa-beo-hurling-for-cancer-research-2025\/#primaryimage"},"thumbnailUrl":"https:\/\/dev.tg4.ie\/wp-content\/uploads\/2025\/08\/Hurling_for_Cancer_Research_2025-1-1920x1080-1.jpg","datePublished":"2025-08-12T11:13:06+00:00","dateModified":"2025-08-12T12:02:09+00:00","description":"Is m\u00f3r an on\u00f3ir do TG4 a fh\u00f3gairt go bhfuil Hurling for Cancer Research ag filleadh ar a sceideal GAA BEO don dara bliain as a ch\u00e9ile.","breadcrumb":{"@id":"https:\/\/dev.tg4.ie\/ga\/eolas\/preas\/nuacht-raitis\/2025-2\/gaa-beo-hurling-for-cancer-research-2025\/#breadcrumb"},"inLanguage":"ga","potentialAction":[{"@type":"ReadAction","target":["https:\/\/dev.tg4.ie\/ga\/eolas\/preas\/nuacht-raitis\/2025-2\/gaa-beo-hurling-for-cancer-research-2025\/"]}]},{"@type":"ImageObject","inLanguage":"ga","@id":"https:\/\/dev.tg4.ie\/ga\/eolas\/preas\/nuacht-raitis\/2025-2\/gaa-beo-hurling-for-cancer-research-2025\/#primaryimage","url":"https:\/\/dev.tg4.ie\/wp-content\/uploads\/2025\/08\/Hurling_for_Cancer_Research_2025-1-1920x1080-1.jpg","contentUrl":"https:\/\/dev.tg4.ie\/wp-content\/uploads\/2025\/08\/Hurling_for_Cancer_Research_2025-1-1920x1080-1.jpg"},{"@type":"BreadcrumbList","@id":"https:\/\/dev.tg4.ie\/ga\/eolas\/preas\/nuacht-raitis\/2025-2\/gaa-beo-hurling-for-cancer-research-2025\/#breadcrumb","itemListElement":[{"@type":"ListItem","position":1,"name":"Home","item":"https:\/\/dev.tg4.ie\/ga\/"},{"@type":"ListItem","position":2,"name":"Eolas","item":"https:\/\/dev.tg4.ie\/ga\/eolas\/"},{"@type":"ListItem","position":3,"name":"Preas","item":"https:\/\/dev.tg4.ie\/ga\/eolas\/preas\/"},{"@type":"ListItem","position":4,"name":"Nuacht R\u00e1itis","item":"https:\/\/dev.tg4.ie\/ga\/eolas\/preas\/nuacht-raitis\/"},{"@type":"ListItem","position":5,"name":"2025","item":"https:\/\/dev.tg4.ie\/ga\/eolas\/preas\/nuacht-raitis\/2025-2\/"},{"@type":"ListItem","position":6,"name":"GAA BEO \u2013 Hurling for Cancer Research 2025"}]},{"@type":"WebSite","@id":"https:\/\/dev.tg4.ie\/en\/#website","url":"https:\/\/dev.tg4.ie\/en\/","name":"TG4","description":"S\u00fail Eile","potentialAction":[{"@type":"SearchAction","target":{"@type":"EntryPoint","urlTemplate":"https:\/\/dev.tg4.ie\/en\/?s={search_term_string}"},"query-input":"required name=search_term_string"}],"inLanguage":"ga"}]}},"_links":{"self":[{"href":"https:\/\/dev.tg4.ie\/ga\/wp-json\/wp\/v2\/pages\/247020"}],"collection":[{"href":"https:\/\/dev.tg4.ie\/ga\/wp-json\/wp\/v2\/pages"}],"about":[{"href":"https:\/\/dev.tg4.ie\/ga\/wp-json\/wp\/v2\/types\/page"}],"author":[{"embeddable":true,"href":"https:\/\/dev.tg4.ie\/ga\/wp-json\/wp\/v2\/users\/876"}],"replies":[{"embeddable":true,"href":"https:\/\/dev.tg4.ie\/ga\/wp-json\/wp\/v2\/comments?post=247020"}],"version-history":[{"count":0,"href":"https:\/\/dev.tg4.ie\/ga\/wp-json\/wp\/v2\/pages\/247020\/revisions"}],"up":[{"embeddable":true,"href":"https:\/\/dev.tg4.ie\/ga\/wp-json\/wp\/v2\/pages\/236807"}],"wp:attachment":[{"href":"https:\/\/dev.tg4.ie\/ga\/wp-json\/wp\/v2\/media?parent=247020"}],"curies":[{"name":"wp","href":"https:\/\/api.w.org\/{rel}","templated":true}]}}