{"id":247146,"date":"2025-08-21T13:17:44","date_gmt":"2025-08-21T12:17:44","guid":{"rendered":"https:\/\/dev.tg4.ie\/eolas\/preas\/nuacht-raitis\/2025-2\/sceideal-an-fhomhair-2025-nochta-ag-tg4-2\/"},"modified":"2025-08-21T14:05:44","modified_gmt":"2025-08-21T13:05:44","slug":"corn-an-domhain-i-rugbai-na-mban-2025-beo-ar-tg4","status":"publish","type":"page","link":"https:\/\/dev.tg4.ie\/ga\/eolas\/preas\/nuacht-raitis\/2025-2\/corn-an-domhain-i-rugbai-na-mban-2025-beo-ar-tg4\/","title":{"rendered":"Corn an Domhain i Rugba\u00ed na mBan 2025 Beo ar TG4"},"content":{"rendered":"<p>T\u00e1 \u00e1thas ar TG4 a fh\u00f3gairt go gcraolfar s\u00e9 chluiche beo \u00f3 Chorn an Domhain i Rugba\u00ed na mBan 2025. Is \u00e9 seo an ch\u00e9ad uair a thaispe\u00e1nfaidh TG4 cluich\u00ed beo \u00f3 Chorn Domhanda Rugba\u00ed agus is c\u00e9im th\u00e1bhachtach chun tosaigh don chain\u00e9al an socr\u00fa seo.<br \/>\n&nbsp;<br \/>\n<img decoding=\"async\" src=\"https:\/\/res.cloudinary.com\/dfwshshcn\/image\/upload\/t_Banner 16:9\/v1755779779\/9_L%C3%BAnasa_2025_Neve_Jones_na_h%C3%89ireann_le_linn_cluiche_ullmh%C3%BAch%C3%A1in_do_Chorn_Domhanda_Rugba%C3%AD_na_mBan_idir_%C3%89ire_agus_Ceanada_ag_Staid_Affidea_i_mB%C3%A9al_Feirste._Ramsey_Cardy_-_Sportsfile_qjttaw.jpg\" alt=\"Neve Jones na h\u00c9ireann le linn cluiche ullmh\u00fach\u00e1in do Chorn Domhanda Rugba\u00ed na mBan idir \u00c9ire agus Ceanada ag Staid Affidea i mB\u00e9al Feirste. Ramsey Cardy - Sportsfile\" \/><\/p>\n<p>Is i Sasana \u00f3n <strong>22 L\u00fanasa go dt\u00ed an 27 Me\u00e1n F\u00f3mhair 2025<\/strong> a bheidh an com\u00f3rtas ar si\u00fal, com\u00f3rtas a re\u00e1cht\u00e1iltear gach ceithre bliana, agus den ch\u00e9ad uair riamh beidh <strong>16 fhoireann<\/strong> p\u00e1irteach ann \u2013 ceithre cinn sa bhreis ar an l\u00edon foirne a bh\u00ed p\u00e1irteach sa chom\u00f3rtas i 2022.<br \/>\n&nbsp;<\/p>\n<p><strong>D\u00e9 Sathairn an 23 L\u00fanasa<\/strong> a thos\u00f3idh an cl\u00fadach ar TG4 nuair a thabharfaidh <strong>an Astr\u00e1il aghaidh ar Sham\u00f3<\/strong> beo \u00f3 Staid Phobail Shalford, Manchain. Craolfar c\u00faig chluiche gr\u00fapa agus cluiche leathcheannais amh\u00e1in ar TG4.<br \/>\n&nbsp;<\/p>\n<p><strong>Sceideal Chl\u00fadach Beo TG4:<\/strong><\/p>\n<ul>\n<li><strong>D\u00e9 Sathairn an 23 L\u00fanasa<\/strong> \u2013 Gr\u00fapa A \u2013 <strong>An Astr\u00e1il v Sam\u00f3<\/strong> \u2013 Ag tos\u00fa 12:00 \u2013 Beo \u00f3 Staid Phobail Shalford, Manchain<\/li>\n<li><strong>D\u00e9 Sathairn an 30 L\u00fanasa<\/strong> \u2013 Gr\u00fapa B \u2013 <strong>Ceanada v An Bhreatain Bheag<\/strong> \u2013 Ag tos\u00fa 12:00 \u2013 Beo \u00f3 Staid Phobail Shalford, Manchain<\/li>\n<li><strong>D\u00e9 Sathairn an 30 L\u00fanasa<\/strong> \u2013 Gr\u00fapa B \u2013 <strong>Albain v Fids\u00ed<\/strong> \u2013 Ag tos\u00fa 14:45 \u2013 Beo \u00f3 Staid Phobail Shalford, Manchain<\/li>\n<li><strong>D\u00e9 Sathairn an 6 Me\u00e1n F\u00f3mhair<\/strong> \u2013 Gr\u00fapa B \u2013 <strong>Ceanada v Albain<\/strong> \u2013 Ag tos\u00fa 12:00 \u2013 Beo \u00f3 Sandy Park, Exeatar<\/li>\n<li><strong>D\u00e9 Sathairn an 6 Me\u00e1n F\u00f3mhair<\/strong> \u2013 Gr\u00fapa B \u2013 <strong>An Bhreatain Bheag v Fids\u00ed<\/strong> \u2013 Ag tos\u00fa 14:45 \u2013 Beo \u00f3 Sandy Park, Exeatar<\/li>\n<li><strong>D\u00e9 Sathairn an 20 Me\u00e1n F\u00f3mhair<\/strong> \u2013 <strong>Cluiche Leathcheannais 2<\/strong> \u2013 Ag tos\u00fa 15:30 \u2013 Beo \u00f3 Staid Ashton Gate, Br\u00edost\u00f3<\/li>\n<\/ul>\n<p>&nbsp;<\/p>\n<p>Craolfar na cluich\u00ed thuas beo ar <strong>TG4, ar Sheinnteoir TG4 agus ar Aip TG4<\/strong>, ar oile\u00e1n na h\u00c9ireann.<\/p>\n<p>&nbsp;<\/p>\n<p>Is i gcomhph\u00e1irt le RT\u00c9, a chraolfar cluich\u00ed na h\u00c9ireann \u00f3 Ghr\u00fapa A, chomh maith le cluiche leathcheannais amh\u00e1in agus an cluiche ceannais beo \u00f3 Staid Allianz, Londain, D\u00e9 Sathairn, an 27 Me\u00e1n F\u00f3mhair.<\/p>\n<p>&nbsp;<\/p>\n<p>T\u00e1 \u00c9ire, at\u00e1 rangaithe ar an gc\u00faigi\u00fa foireann is fearr ar domhan faoi l\u00e1thair, ag s\u00fail d\u00e9anamh n\u00edos fearr sa gcom\u00f3rtas seo n\u00e1 mar a rinne cheana riamh i gCorn an Domhain \u2013 nuair a bhain siad an ceathr\u00fa h\u00e1it amach in 2014.<\/p>\n<p>&nbsp;<\/p>\n<p>Beidh an lucht f\u00e9achana in ann Sp\u00f3rt TG4 a lean\u00faint ar na me\u00e1in sh\u00f3isialta chun teacht ar bhuaicphoint\u00ed agus ar \u00e1bhar eisiach \u00f3n gcom\u00f3rtas. F\u00f3gr\u00f3idh RT\u00c9 sonra\u00ed maidir leis an gcl\u00fadach D\u00e9ardaoin an 21 L\u00fanasa. Chun tuilleadh eolais a fh\u00e1il faoi chl\u00fadach RT\u00c9, t\u00e9igh chuig RT\u00c9.ie.<\/p>\n","protected":false},"excerpt":{"rendered":"<p>T\u00e1 \u00e1thas ar TG4 a fh\u00f3gairt go gcraolfar s\u00e9 chluiche beo \u00f3 Chorn an Domhain i Rugba\u00ed na mBan 2025. Is \u00e9 seo an ch\u00e9ad uair a thaispe\u00e1nfaidh TG4 cluich\u00ed beo \u00f3 Chorn Domhanda Rugba\u00ed agus is c\u00e9im th\u00e1bhachtach chun tosaigh don chain\u00e9al an socr\u00fa seo. &nbsp; Is i Sasana \u00f3n 22 L\u00fanasa go dt\u00ed [&hellip;]<\/p>\n","protected":false},"author":876,"featured_media":0,"parent":236807,"menu_order":43,"comment_status":"closed","ping_status":"closed","template":"page-templates\/template-pr.php","meta":{"_acf_changed":false,"footnotes":""},"acf":[],"yoast_head":"<!-- This site is optimized with the Yoast SEO plugin v22.6 - https:\/\/yoast.com\/wordpress\/plugins\/seo\/ -->\n<title>Corn an Domhain i Rugba\u00ed na mBan 2025 Beo ar TG4 | Preasr\u00e1iteas | TG4<\/title>\n<meta name=\"description\" content=\"T\u00e1 \u00e1thas ar TG4 a fh\u00f3gairt go gcraolfar s\u00e9 chluiche beo \u00f3 Chorn an Domhain i Rugba\u00ed na mBan 2025. Is \u00e9 seo an ch\u00e9ad uair a thaispe\u00e1nfaidh TG4 cluich\u00ed beo \u00f3 Chorn Domhanda Rugba\u00ed agus is c\u00e9im th\u00e1bhachtach chun tosaigh don chain\u00e9al an socr\u00fa seo.\" \/>\n<meta name=\"robots\" content=\"index, follow, max-snippet:-1, max-image-preview:large, max-video-preview:-1\" \/>\n<meta property=\"og:locale\" content=\"en_US\" \/>\n<meta property=\"og:type\" content=\"article\" \/>\n<meta property=\"og:title\" content=\"Corn an Domhain i Rugba\u00ed na mBan 2025 Beo ar TG4 | Preasr\u00e1iteas | TG4\" \/>\n<meta property=\"og:description\" content=\"T\u00e1 \u00e1thas ar TG4 a fh\u00f3gairt go gcraolfar s\u00e9 chluiche beo \u00f3 Chorn an Domhain i Rugba\u00ed na mBan 2025. Is \u00e9 seo an ch\u00e9ad uair a thaispe\u00e1nfaidh TG4 cluich\u00ed beo \u00f3 Chorn Domhanda Rugba\u00ed agus is c\u00e9im th\u00e1bhachtach chun tosaigh don chain\u00e9al an socr\u00fa seo.\" \/>\n<meta property=\"og:url\" content=\"https:\/\/dev.tg4.ie\/ga\/eolas\/preas\/nuacht-raitis\/2025-2\/corn-an-domhain-i-rugbai-na-mban-2025-beo-ar-tg4\/\" \/>\n<meta property=\"og:site_name\" content=\"TG4\" \/>\n<meta property=\"article:publisher\" content=\"https:\/\/www.facebook.com\/TG4TV\" \/>\n<meta property=\"article:modified_time\" content=\"2025-08-21T13:05:44+00:00\" \/>\n<meta property=\"og:image\" content=\"https:\/\/tg4-docs.s3.amazonaws.com\/wp-content\/uploads\/2024\/11\/18151812\/TG4_2024_corcra_teal_1-1920x1080-1.jpg\" \/>\n\t<meta property=\"og:image:width\" content=\"1920\" \/>\n\t<meta property=\"og:image:height\" content=\"1080\" \/>\n\t<meta property=\"og:image:type\" content=\"image\/jpeg\" \/>\n<meta name=\"twitter:card\" content=\"summary_large_image\" \/>\n<meta name=\"twitter:site\" content=\"@TG4TV\" \/>\n<meta name=\"twitter:label1\" content=\"Est. reading time\" \/>\n\t<meta name=\"twitter:data1\" content=\"3 minutes\" \/>\n<script type=\"application\/ld+json\" class=\"yoast-schema-graph\">{\"@context\":\"https:\/\/schema.org\",\"@graph\":[{\"@type\":\"WebPage\",\"@id\":\"https:\/\/dev.tg4.ie\/ga\/eolas\/preas\/nuacht-raitis\/2025-2\/corn-an-domhain-i-rugbai-na-mban-2025-beo-ar-tg4\/\",\"url\":\"https:\/\/dev.tg4.ie\/ga\/eolas\/preas\/nuacht-raitis\/2025-2\/corn-an-domhain-i-rugbai-na-mban-2025-beo-ar-tg4\/\",\"name\":\"Corn an Domhain i Rugba\u00ed na mBan 2025 Beo ar TG4 | Preasr\u00e1iteas | TG4\",\"isPartOf\":{\"@id\":\"https:\/\/dev.tg4.ie\/en\/#website\"},\"datePublished\":\"2025-08-21T12:17:44+00:00\",\"dateModified\":\"2025-08-21T13:05:44+00:00\",\"description\":\"T\u00e1 \u00e1thas ar TG4 a fh\u00f3gairt go gcraolfar s\u00e9 chluiche beo \u00f3 Chorn an Domhain i Rugba\u00ed na mBan 2025. Is \u00e9 seo an ch\u00e9ad uair a thaispe\u00e1nfaidh TG4 cluich\u00ed beo \u00f3 Chorn Domhanda Rugba\u00ed agus is c\u00e9im th\u00e1bhachtach chun tosaigh don chain\u00e9al an socr\u00fa seo.\",\"breadcrumb\":{\"@id\":\"https:\/\/dev.tg4.ie\/ga\/eolas\/preas\/nuacht-raitis\/2025-2\/corn-an-domhain-i-rugbai-na-mban-2025-beo-ar-tg4\/#breadcrumb\"},\"inLanguage\":\"ga\",\"potentialAction\":[{\"@type\":\"ReadAction\",\"target\":[\"https:\/\/dev.tg4.ie\/ga\/eolas\/preas\/nuacht-raitis\/2025-2\/corn-an-domhain-i-rugbai-na-mban-2025-beo-ar-tg4\/\"]}]},{\"@type\":\"BreadcrumbList\",\"@id\":\"https:\/\/dev.tg4.ie\/ga\/eolas\/preas\/nuacht-raitis\/2025-2\/corn-an-domhain-i-rugbai-na-mban-2025-beo-ar-tg4\/#breadcrumb\",\"itemListElement\":[{\"@type\":\"ListItem\",\"position\":1,\"name\":\"Home\",\"item\":\"https:\/\/dev.tg4.ie\/ga\/\"},{\"@type\":\"ListItem\",\"position\":2,\"name\":\"Eolas\",\"item\":\"https:\/\/dev.tg4.ie\/ga\/eolas\/\"},{\"@type\":\"ListItem\",\"position\":3,\"name\":\"Preas\",\"item\":\"https:\/\/dev.tg4.ie\/ga\/eolas\/preas\/\"},{\"@type\":\"ListItem\",\"position\":4,\"name\":\"Nuacht R\u00e1itis\",\"item\":\"https:\/\/dev.tg4.ie\/ga\/eolas\/preas\/nuacht-raitis\/\"},{\"@type\":\"ListItem\",\"position\":5,\"name\":\"2025\",\"item\":\"https:\/\/dev.tg4.ie\/ga\/eolas\/preas\/nuacht-raitis\/2025-2\/\"},{\"@type\":\"ListItem\",\"position\":6,\"name\":\"Corn an Domhain i Rugba\u00ed na mBan 2025 Beo ar TG4\"}]},{\"@type\":\"WebSite\",\"@id\":\"https:\/\/dev.tg4.ie\/en\/#website\",\"url\":\"https:\/\/dev.tg4.ie\/en\/\",\"name\":\"TG4\",\"description\":\"S\u00fail Eile\",\"potentialAction\":[{\"@type\":\"SearchAction\",\"target\":{\"@type\":\"EntryPoint\",\"urlTemplate\":\"https:\/\/dev.tg4.ie\/en\/?s={search_term_string}\"},\"query-input\":\"required name=search_term_string\"}],\"inLanguage\":\"ga\"}]}<\/script>\n<!-- \/ Yoast SEO plugin. -->","yoast_head_json":{"title":"Corn an Domhain i Rugba\u00ed na mBan 2025 Beo ar TG4 | Preasr\u00e1iteas | TG4","description":"T\u00e1 \u00e1thas ar TG4 a fh\u00f3gairt go gcraolfar s\u00e9 chluiche beo \u00f3 Chorn an Domhain i Rugba\u00ed na mBan 2025. Is \u00e9 seo an ch\u00e9ad uair a thaispe\u00e1nfaidh TG4 cluich\u00ed beo \u00f3 Chorn Domhanda Rugba\u00ed agus is c\u00e9im th\u00e1bhachtach chun tosaigh don chain\u00e9al an socr\u00fa seo.","robots":{"index":"index","follow":"follow","max-snippet":"max-snippet:-1","max-image-preview":"max-image-preview:large","max-video-preview":"max-video-preview:-1"},"og_locale":"en_US","og_type":"article","og_title":"Corn an Domhain i Rugba\u00ed na mBan 2025 Beo ar TG4 | Preasr\u00e1iteas | TG4","og_description":"T\u00e1 \u00e1thas ar TG4 a fh\u00f3gairt go gcraolfar s\u00e9 chluiche beo \u00f3 Chorn an Domhain i Rugba\u00ed na mBan 2025. Is \u00e9 seo an ch\u00e9ad uair a thaispe\u00e1nfaidh TG4 cluich\u00ed beo \u00f3 Chorn Domhanda Rugba\u00ed agus is c\u00e9im th\u00e1bhachtach chun tosaigh don chain\u00e9al an socr\u00fa seo.","og_url":"https:\/\/dev.tg4.ie\/ga\/eolas\/preas\/nuacht-raitis\/2025-2\/corn-an-domhain-i-rugbai-na-mban-2025-beo-ar-tg4\/","og_site_name":"TG4","article_publisher":"https:\/\/www.facebook.com\/TG4TV","article_modified_time":"2025-08-21T13:05:44+00:00","og_image":[{"width":1920,"height":1080,"url":"https:\/\/tg4-docs.s3.amazonaws.com\/wp-content\/uploads\/2024\/11\/18151812\/TG4_2024_corcra_teal_1-1920x1080-1.jpg","type":"image\/jpeg"}],"twitter_card":"summary_large_image","twitter_site":"@TG4TV","twitter_misc":{"Est. reading time":"3 minutes"},"schema":{"@context":"https:\/\/schema.org","@graph":[{"@type":"WebPage","@id":"https:\/\/dev.tg4.ie\/ga\/eolas\/preas\/nuacht-raitis\/2025-2\/corn-an-domhain-i-rugbai-na-mban-2025-beo-ar-tg4\/","url":"https:\/\/dev.tg4.ie\/ga\/eolas\/preas\/nuacht-raitis\/2025-2\/corn-an-domhain-i-rugbai-na-mban-2025-beo-ar-tg4\/","name":"Corn an Domhain i Rugba\u00ed na mBan 2025 Beo ar TG4 | Preasr\u00e1iteas | TG4","isPartOf":{"@id":"https:\/\/dev.tg4.ie\/en\/#website"},"datePublished":"2025-08-21T12:17:44+00:00","dateModified":"2025-08-21T13:05:44+00:00","description":"T\u00e1 \u00e1thas ar TG4 a fh\u00f3gairt go gcraolfar s\u00e9 chluiche beo \u00f3 Chorn an Domhain i Rugba\u00ed na mBan 2025. Is \u00e9 seo an ch\u00e9ad uair a thaispe\u00e1nfaidh TG4 cluich\u00ed beo \u00f3 Chorn Domhanda Rugba\u00ed agus is c\u00e9im th\u00e1bhachtach chun tosaigh don chain\u00e9al an socr\u00fa seo.","breadcrumb":{"@id":"https:\/\/dev.tg4.ie\/ga\/eolas\/preas\/nuacht-raitis\/2025-2\/corn-an-domhain-i-rugbai-na-mban-2025-beo-ar-tg4\/#breadcrumb"},"inLanguage":"ga","potentialAction":[{"@type":"ReadAction","target":["https:\/\/dev.tg4.ie\/ga\/eolas\/preas\/nuacht-raitis\/2025-2\/corn-an-domhain-i-rugbai-na-mban-2025-beo-ar-tg4\/"]}]},{"@type":"BreadcrumbList","@id":"https:\/\/dev.tg4.ie\/ga\/eolas\/preas\/nuacht-raitis\/2025-2\/corn-an-domhain-i-rugbai-na-mban-2025-beo-ar-tg4\/#breadcrumb","itemListElement":[{"@type":"ListItem","position":1,"name":"Home","item":"https:\/\/dev.tg4.ie\/ga\/"},{"@type":"ListItem","position":2,"name":"Eolas","item":"https:\/\/dev.tg4.ie\/ga\/eolas\/"},{"@type":"ListItem","position":3,"name":"Preas","item":"https:\/\/dev.tg4.ie\/ga\/eolas\/preas\/"},{"@type":"ListItem","position":4,"name":"Nuacht R\u00e1itis","item":"https:\/\/dev.tg4.ie\/ga\/eolas\/preas\/nuacht-raitis\/"},{"@type":"ListItem","position":5,"name":"2025","item":"https:\/\/dev.tg4.ie\/ga\/eolas\/preas\/nuacht-raitis\/2025-2\/"},{"@type":"ListItem","position":6,"name":"Corn an Domhain i Rugba\u00ed na mBan 2025 Beo ar TG4"}]},{"@type":"WebSite","@id":"https:\/\/dev.tg4.ie\/en\/#website","url":"https:\/\/dev.tg4.ie\/en\/","name":"TG4","description":"S\u00fail Eile","potentialAction":[{"@type":"SearchAction","target":{"@type":"EntryPoint","urlTemplate":"https:\/\/dev.tg4.ie\/en\/?s={search_term_string}"},"query-input":"required name=search_term_string"}],"inLanguage":"ga"}]}},"_links":{"self":[{"href":"https:\/\/dev.tg4.ie\/ga\/wp-json\/wp\/v2\/pages\/247146"}],"collection":[{"href":"https:\/\/dev.tg4.ie\/ga\/wp-json\/wp\/v2\/pages"}],"about":[{"href":"https:\/\/dev.tg4.ie\/ga\/wp-json\/wp\/v2\/types\/page"}],"author":[{"embeddable":true,"href":"https:\/\/dev.tg4.ie\/ga\/wp-json\/wp\/v2\/users\/876"}],"replies":[{"embeddable":true,"href":"https:\/\/dev.tg4.ie\/ga\/wp-json\/wp\/v2\/comments?post=247146"}],"version-history":[{"count":0,"href":"https:\/\/dev.tg4.ie\/ga\/wp-json\/wp\/v2\/pages\/247146\/revisions"}],"up":[{"embeddable":true,"href":"https:\/\/dev.tg4.ie\/ga\/wp-json\/wp\/v2\/pages\/236807"}],"wp:attachment":[{"href":"https:\/\/dev.tg4.ie\/ga\/wp-json\/wp\/v2\/media?parent=247146"}],"curies":[{"name":"wp","href":"https:\/\/api.w.org\/{rel}","templated":true}]}}