{"id":247160,"date":"2025-08-22T10:26:39","date_gmt":"2025-08-22T09:26:39","guid":{"rendered":"https:\/\/dev.tg4.ie\/eolas\/preas\/nuacht-raitis\/2025-2\/corn-an-domhain-i-rugbai-na-mban-2025-beo-ar-tg4-2\/"},"modified":"2025-08-25T09:44:36","modified_gmt":"2025-08-25T08:44:36","slug":"gaa-beo-ar-ais-ar-tg4-le-cludach-eisiach-ar-chraobhchomortais-na-gclubanna","status":"publish","type":"page","link":"https:\/\/dev.tg4.ie\/ga\/eolas\/preas\/nuacht-raitis\/2025-2\/gaa-beo-ar-ais-ar-tg4-le-cludach-eisiach-ar-chraobhchomortais-na-gclubanna\/","title":{"rendered":"GAA Beo ar ais ar TG4 le cl\u00fadach eisiach ar Chraobhchom\u00f3rtais na gClubanna"},"content":{"rendered":"<table>\n<tbody>\n<tr>\n<td width=\"50%\"><img loading=\"lazy\" decoding=\"async\" width=\"1920\" height=\"1080\" src=\"https:\/\/tg4-docs.s3.amazonaws.com\/wp-content\/uploads\/2025\/08\/25094201\/GAA_Beo_2025_1-1920x1080-1.jpg\" alt=\"\" class=\"aligncenter size-full wp-image-247182\" srcset=\"https:\/\/tg4-docs.s3.amazonaws.com\/wp-content\/uploads\/2025\/08\/25094201\/GAA_Beo_2025_1-1920x1080-1.jpg 1920w, https:\/\/tg4-docs.s3.amazonaws.com\/wp-content\/uploads\/2025\/08\/25094201\/GAA_Beo_2025_1-1920x1080-1-250x141.jpg 250w, https:\/\/tg4-docs.s3.amazonaws.com\/wp-content\/uploads\/2025\/08\/25094201\/GAA_Beo_2025_1-1920x1080-1-700x394.jpg 700w, https:\/\/tg4-docs.s3.amazonaws.com\/wp-content\/uploads\/2025\/08\/25094201\/GAA_Beo_2025_1-1920x1080-1-252x141.jpg 252w, https:\/\/tg4-docs.s3.amazonaws.com\/wp-content\/uploads\/2025\/08\/25094201\/GAA_Beo_2025_1-1920x1080-1-1536x864.jpg 1536w, https:\/\/tg4-docs.s3.amazonaws.com\/wp-content\/uploads\/2025\/08\/25094201\/GAA_Beo_2025_1-1920x1080-1-120x68.jpg 120w\" sizes=\"(max-width: 1920px) 100vw, 1920px\" \/><\/td>\n<td width=\"50%\"><img loading=\"lazy\" decoding=\"async\" width=\"1920\" height=\"1080\" src=\"https:\/\/tg4-docs.s3.amazonaws.com\/wp-content\/uploads\/2025\/08\/25094204\/GAA_Beo_2025_2-1920x1080-1.jpg\" alt=\"\" class=\"aligncenter size-full wp-image-247183\" srcset=\"https:\/\/tg4-docs.s3.amazonaws.com\/wp-content\/uploads\/2025\/08\/25094204\/GAA_Beo_2025_2-1920x1080-1.jpg 1920w, https:\/\/tg4-docs.s3.amazonaws.com\/wp-content\/uploads\/2025\/08\/25094204\/GAA_Beo_2025_2-1920x1080-1-250x141.jpg 250w, https:\/\/tg4-docs.s3.amazonaws.com\/wp-content\/uploads\/2025\/08\/25094204\/GAA_Beo_2025_2-1920x1080-1-700x394.jpg 700w, https:\/\/tg4-docs.s3.amazonaws.com\/wp-content\/uploads\/2025\/08\/25094204\/GAA_Beo_2025_2-1920x1080-1-252x141.jpg 252w, https:\/\/tg4-docs.s3.amazonaws.com\/wp-content\/uploads\/2025\/08\/25094204\/GAA_Beo_2025_2-1920x1080-1-1536x864.jpg 1536w, https:\/\/tg4-docs.s3.amazonaws.com\/wp-content\/uploads\/2025\/08\/25094204\/GAA_Beo_2025_2-1920x1080-1-120x68.jpg 120w\" sizes=\"(max-width: 1920px) 100vw, 1920px\" \/><\/td>\n<\/tr>\n<\/tbody>\n<\/table>\n<p>&nbsp;<\/p>\n<p><span><strong data-olk-copy-source=\"MessageBody\">T\u00e1 GAA Beo ar ais le cl\u00fadach eisiach ar Chraobhchom\u00f3rtais na gClubanna<\/strong><\/span><br \/>\n&nbsp;<br \/>\n<span>Fillfidh pr\u00edomhchl\u00e1r CLG TG4 an deireadh seachtaine seo, D\u00e9 Domhnagh an\u00a0<strong>24 L\u00fanasa<\/strong>, le cl\u00fadach cuimsitheach ar Chraobhchom\u00f3rtais na gClubanna agus a leanfaidh dt\u00ed\u00a0<strong>Cluich\u00ed Ceannais na h\u00c9ireann<\/strong>\u00a0i bP\u00e1irc an Chr\u00f3caigh i m\u00ed Ean\u00e1ir 2026.\u00a0<\/span><\/p>\n<p><span>Chraol GAA Beo breis agus\u00a0<strong>200 cluiche<\/strong>\u00a0anuraidh, ina measc roinnt cathanna stairi\u00fala amhail Na Sairs\u00e9alaigh (Corcaigh) v Baile Mhic Gonair (Port L\u00e1irge), agus Cuala (Baile \u00c1tha Cliath) v Aireagail Chiar\u00e1in (T\u00edr Eoghain). Bh\u00ed dh\u00e1 bhuaiteoir nua ar Chraobhchom\u00f3rtais na h\u00c9ireann nuair a bhain Cuala (Peil) agus Na Fianna (Iom\u00e1na\u00edocht) an gradam m\u00f3r amach den ch\u00e9ad uair ina gc\u00f3d f\u00e9in.\u00a0<\/span><\/p>\n<p><span>T\u00e1\u00a0<strong>f\u00e9asta iom\u00e1na\u00edochta<\/strong>\u00a0romhainn. Rachaimid go\u00a0<strong>Tiobraid \u00c1rann<\/strong>\u00a0ar dt\u00fas don chluiche idir na curaidh reatha, Luachma Caisl\u00e9an Laighnigh agus CLG SC U\u00ed Bhreach\u00e1in. Beidh imreoir\u00ed a bhuaigh Craobh uile-\u00c9ireann le d\u00e9ana\u00ed ina measc &#8211; leith\u00e9id\u00a0<\/span><span><strong>Noel McGrath, John McGrath agus Andrew Ormond<\/strong>. Ag 2:05pm De Domhnaigh a thos\u00f3idh an cl\u00fadach beo as Teampall Tuaithe. \u00a0<\/span><\/p>\n<p><span>M\u00edche\u00e1l \u00d3 Domhnaill a chuirfidh an cl\u00e1r i l\u00e1thair agus beidh neart anail\u00edse ar f\u00e1il \u00f3 shaineolaithe mar Tom\u00e1s \u00d3 Flatharta, Coman Goggins, Eimear N\u00ed Ghallach\u00f3ir, Declan Quill, Michelle Ryan, agus go loer eile. Pearsana aitheanta an chluiche a dh\u00e9anfaidh an tr\u00e1chtaireacht, ina measc Brian Tyers, Mac Dara Mac Donncha, Gary Mac Donncha, M\u00edche\u00e1l \u00d3 Drisle\u00e1in, agus Conal \u00d3 M\u00e1irt\u00edn.\u00a0<\/span><\/p>\n<p id=\"x_isPasted\">Beidh cl\u00fadach fairsing ar na me\u00e1in sh\u00f3isialta ag Sp\u00f3rt TG4 chomh maith, le gearrth\u00f3ga beo, an t-eolas is d\u00e9ana\u00ed \u00f3n gcluiche, pac\u00e1ist\u00ed buaicphoint\u00ed agus tuilleadh.<\/p>\n<p>M\u00e1 tharla\u00edonn s\u00e9 go gcaillfidh t\u00fa an cluiche beo, taispe\u00e1nfar buaicphoint\u00ed gach tr\u00e1thn\u00f3na Luan ar<span>\u00a0<\/span><em>GAA 2025<\/em><span>\u00a0<\/span>ar TG4.<br \/>\n&nbsp;<br \/>\n&nbsp;<br \/>\n<strong>Sceideal GAA Beo feadh an tr\u00ed dheireadh seachtaine at\u00e1 romhainn\u00a0<\/strong><\/p>\n<ul class=\"x_decimal_type\">\n<li><span class=\"x_TextRun x_SCXW160319879 x_BCX8\" data-contrast=\"auto\"><span class=\"x_NormalTextRun x_SCXW160319879 x_BCX8\" data-ccp-charstyle=\"Strong\"><strong>24.08.2025<\/strong><\/span><\/span><span class=\"x_TextRun x_SCXW160319879 x_BCX8\" data-contrast=\"auto\"><span class=\"x_NormalTextRun x_SCXW160319879 x_BCX8\" data-ccp-parastyle=\"Normal (Web)\"><span>\u00a0<\/span>\u2013 Luachma Caisl\u00e9an Laighnigh v CLG SC U\u00ed Bhreach\u00e1in \u2013 Craobh Iom\u00e1na\u00edochta Thiobraid \u00c1rann \u2013 Ionad: Teampall Tuaithe<\/span><\/span><\/li>\n<li><span class=\"x_TextRun x_SCXW160319879 x_BCX8\" data-contrast=\"auto\"><span class=\"x_NormalTextRun x_SCXW160319879 x_BCX8\" data-ccp-charstyle=\"Strong\"><strong>31.08.2025<\/strong><\/span><\/span><span class=\"x_TextRun x_SCXW160319879 x_BCX8\" data-contrast=\"auto\"><span class=\"x_NormalTextRun x_SCXW160319879 x_BCX8\" data-ccp-parastyle=\"Normal (Web)\"><span>\u00a0<\/span>\u2013 Craobh Iom\u00e1na\u00edochta Phort L\u00e1irge \u2013 Foirne le f\u00f3gairt<\/span><\/span><\/li>\n<li><span class=\"x_TextRun x_SCXW160319879 x_BCX8\" data-contrast=\"auto\"><span class=\"x_NormalTextRun x_SCXW160319879 x_BCX8\" data-ccp-charstyle=\"Strong\"><strong>07.09.2025<\/strong><\/span><\/span><span class=\"x_TextRun x_SCXW160319879 x_BCX8\" data-contrast=\"auto\"><span class=\"x_NormalTextRun x_SCXW160319879 x_BCX8\" data-ccp-parastyle=\"Normal (Web)\"><span>\u00a0<\/span>\u2013 Craobh Iom\u00e1na\u00edochta Chorca\u00ed \u2013 F\u00e1naithe an Ghleanna v Na S\u00e1irs\u00e9alaigh \u2013 Ionad: P\u00e1irc U\u00ed Rinn<\/span><\/span><\/li>\n<\/ul>\n<p>&nbsp;<br \/>\n&nbsp;<\/p>\n","protected":false},"excerpt":{"rendered":"<p>&nbsp; T\u00e1 GAA Beo ar ais le cl\u00fadach eisiach ar Chraobhchom\u00f3rtais na gClubanna &nbsp; Fillfidh pr\u00edomhchl\u00e1r CLG TG4 an deireadh seachtaine seo, D\u00e9 Domhnagh an\u00a024 L\u00fanasa, le cl\u00fadach cuimsitheach ar Chraobhchom\u00f3rtais na gClubanna agus a leanfaidh dt\u00ed\u00a0Cluich\u00ed Ceannais na h\u00c9ireann\u00a0i bP\u00e1irc an Chr\u00f3caigh i m\u00ed Ean\u00e1ir 2026.\u00a0 Chraol GAA Beo breis agus\u00a0200 cluiche\u00a0anuraidh, ina measc [&hellip;]<\/p>\n","protected":false},"author":876,"featured_media":0,"parent":236807,"menu_order":44,"comment_status":"closed","ping_status":"closed","template":"page-templates\/template-pr.php","meta":{"_acf_changed":false,"footnotes":""},"acf":[],"yoast_head":"<!-- This site is optimized with the Yoast SEO plugin v22.6 - https:\/\/yoast.com\/wordpress\/plugins\/seo\/ -->\n<title>GAA Beo ar ais ar TG4 le cl\u00fadach eisiach ar Chraobhchom\u00f3rtais na gClubanna | Preasr\u00e1iteas | TG4<\/title>\n<meta name=\"description\" content=\"Fillfidh pr\u00edomhchl\u00e1r CLG TG4 an deireadh seachtaine seo, D\u00e9 Domhnagh an 24 L\u00fanasa, le cl\u00fadach cuimsitheach ar Chraobhchom\u00f3rtais na gClubanna agus a leanfaidh dt\u00ed Cluich\u00ed Ceannais na h\u00c9ireann i bP\u00e1irc an Chr\u00f3caigh i m\u00ed Ean\u00e1ir 2026.\" \/>\n<meta name=\"robots\" content=\"index, follow, max-snippet:-1, max-image-preview:large, max-video-preview:-1\" \/>\n<meta property=\"og:locale\" content=\"en_US\" \/>\n<meta property=\"og:type\" content=\"article\" \/>\n<meta property=\"og:title\" content=\"GAA Beo ar ais ar TG4 le cl\u00fadach eisiach ar Chraobhchom\u00f3rtais na gClubanna | Preasr\u00e1iteas | TG4\" \/>\n<meta property=\"og:description\" content=\"Fillfidh pr\u00edomhchl\u00e1r CLG TG4 an deireadh seachtaine seo, D\u00e9 Domhnagh an 24 L\u00fanasa, le cl\u00fadach cuimsitheach ar Chraobhchom\u00f3rtais na gClubanna agus a leanfaidh dt\u00ed Cluich\u00ed Ceannais na h\u00c9ireann i bP\u00e1irc an Chr\u00f3caigh i m\u00ed Ean\u00e1ir 2026.\" \/>\n<meta property=\"og:url\" content=\"https:\/\/dev.tg4.ie\/ga\/eolas\/preas\/nuacht-raitis\/2025-2\/gaa-beo-ar-ais-ar-tg4-le-cludach-eisiach-ar-chraobhchomortais-na-gclubanna\/\" \/>\n<meta property=\"og:site_name\" content=\"TG4\" \/>\n<meta property=\"article:publisher\" content=\"https:\/\/www.facebook.com\/TG4TV\" \/>\n<meta property=\"article:modified_time\" content=\"2025-08-25T08:44:36+00:00\" \/>\n<meta property=\"og:image\" content=\"https:\/\/dev.tg4.ie\/wp-content\/uploads\/2025\/08\/GAA_Beo_2025_1-1920x1080-1.jpg\" \/>\n<meta name=\"twitter:card\" content=\"summary_large_image\" \/>\n<meta name=\"twitter:site\" content=\"@TG4TV\" \/>\n<meta name=\"twitter:label1\" content=\"Est. reading time\" \/>\n\t<meta name=\"twitter:data1\" content=\"2 minutes\" \/>\n<script type=\"application\/ld+json\" class=\"yoast-schema-graph\">{\"@context\":\"https:\/\/schema.org\",\"@graph\":[{\"@type\":\"WebPage\",\"@id\":\"https:\/\/dev.tg4.ie\/ga\/eolas\/preas\/nuacht-raitis\/2025-2\/gaa-beo-ar-ais-ar-tg4-le-cludach-eisiach-ar-chraobhchomortais-na-gclubanna\/\",\"url\":\"https:\/\/dev.tg4.ie\/ga\/eolas\/preas\/nuacht-raitis\/2025-2\/gaa-beo-ar-ais-ar-tg4-le-cludach-eisiach-ar-chraobhchomortais-na-gclubanna\/\",\"name\":\"GAA Beo ar ais ar TG4 le cl\u00fadach eisiach ar Chraobhchom\u00f3rtais na gClubanna | Preasr\u00e1iteas | TG4\",\"isPartOf\":{\"@id\":\"https:\/\/dev.tg4.ie\/en\/#website\"},\"primaryImageOfPage\":{\"@id\":\"https:\/\/dev.tg4.ie\/ga\/eolas\/preas\/nuacht-raitis\/2025-2\/gaa-beo-ar-ais-ar-tg4-le-cludach-eisiach-ar-chraobhchomortais-na-gclubanna\/#primaryimage\"},\"image\":{\"@id\":\"https:\/\/dev.tg4.ie\/ga\/eolas\/preas\/nuacht-raitis\/2025-2\/gaa-beo-ar-ais-ar-tg4-le-cludach-eisiach-ar-chraobhchomortais-na-gclubanna\/#primaryimage\"},\"thumbnailUrl\":\"https:\/\/dev.tg4.ie\/wp-content\/uploads\/2025\/08\/GAA_Beo_2025_1-1920x1080-1.jpg\",\"datePublished\":\"2025-08-22T09:26:39+00:00\",\"dateModified\":\"2025-08-25T08:44:36+00:00\",\"description\":\"Fillfidh pr\u00edomhchl\u00e1r CLG TG4 an deireadh seachtaine seo, D\u00e9 Domhnagh an 24 L\u00fanasa, le cl\u00fadach cuimsitheach ar Chraobhchom\u00f3rtais na gClubanna agus a leanfaidh dt\u00ed Cluich\u00ed Ceannais na h\u00c9ireann i bP\u00e1irc an Chr\u00f3caigh i m\u00ed Ean\u00e1ir 2026.\",\"breadcrumb\":{\"@id\":\"https:\/\/dev.tg4.ie\/ga\/eolas\/preas\/nuacht-raitis\/2025-2\/gaa-beo-ar-ais-ar-tg4-le-cludach-eisiach-ar-chraobhchomortais-na-gclubanna\/#breadcrumb\"},\"inLanguage\":\"ga\",\"potentialAction\":[{\"@type\":\"ReadAction\",\"target\":[\"https:\/\/dev.tg4.ie\/ga\/eolas\/preas\/nuacht-raitis\/2025-2\/gaa-beo-ar-ais-ar-tg4-le-cludach-eisiach-ar-chraobhchomortais-na-gclubanna\/\"]}]},{\"@type\":\"ImageObject\",\"inLanguage\":\"ga\",\"@id\":\"https:\/\/dev.tg4.ie\/ga\/eolas\/preas\/nuacht-raitis\/2025-2\/gaa-beo-ar-ais-ar-tg4-le-cludach-eisiach-ar-chraobhchomortais-na-gclubanna\/#primaryimage\",\"url\":\"https:\/\/dev.tg4.ie\/wp-content\/uploads\/2025\/08\/GAA_Beo_2025_1-1920x1080-1.jpg\",\"contentUrl\":\"https:\/\/dev.tg4.ie\/wp-content\/uploads\/2025\/08\/GAA_Beo_2025_1-1920x1080-1.jpg\"},{\"@type\":\"BreadcrumbList\",\"@id\":\"https:\/\/dev.tg4.ie\/ga\/eolas\/preas\/nuacht-raitis\/2025-2\/gaa-beo-ar-ais-ar-tg4-le-cludach-eisiach-ar-chraobhchomortais-na-gclubanna\/#breadcrumb\",\"itemListElement\":[{\"@type\":\"ListItem\",\"position\":1,\"name\":\"Home\",\"item\":\"https:\/\/dev.tg4.ie\/ga\/\"},{\"@type\":\"ListItem\",\"position\":2,\"name\":\"Eolas\",\"item\":\"https:\/\/dev.tg4.ie\/ga\/eolas\/\"},{\"@type\":\"ListItem\",\"position\":3,\"name\":\"Preas\",\"item\":\"https:\/\/dev.tg4.ie\/ga\/eolas\/preas\/\"},{\"@type\":\"ListItem\",\"position\":4,\"name\":\"Nuacht R\u00e1itis\",\"item\":\"https:\/\/dev.tg4.ie\/ga\/eolas\/preas\/nuacht-raitis\/\"},{\"@type\":\"ListItem\",\"position\":5,\"name\":\"2025\",\"item\":\"https:\/\/dev.tg4.ie\/ga\/eolas\/preas\/nuacht-raitis\/2025-2\/\"},{\"@type\":\"ListItem\",\"position\":6,\"name\":\"GAA Beo ar ais ar TG4 le cl\u00fadach eisiach ar Chraobhchom\u00f3rtais na gClubanna\"}]},{\"@type\":\"WebSite\",\"@id\":\"https:\/\/dev.tg4.ie\/en\/#website\",\"url\":\"https:\/\/dev.tg4.ie\/en\/\",\"name\":\"TG4\",\"description\":\"S\u00fail Eile\",\"potentialAction\":[{\"@type\":\"SearchAction\",\"target\":{\"@type\":\"EntryPoint\",\"urlTemplate\":\"https:\/\/dev.tg4.ie\/en\/?s={search_term_string}\"},\"query-input\":\"required name=search_term_string\"}],\"inLanguage\":\"ga\"}]}<\/script>\n<!-- \/ Yoast SEO plugin. -->","yoast_head_json":{"title":"GAA Beo ar ais ar TG4 le cl\u00fadach eisiach ar Chraobhchom\u00f3rtais na gClubanna | Preasr\u00e1iteas | TG4","description":"Fillfidh pr\u00edomhchl\u00e1r CLG TG4 an deireadh seachtaine seo, D\u00e9 Domhnagh an 24 L\u00fanasa, le cl\u00fadach cuimsitheach ar Chraobhchom\u00f3rtais na gClubanna agus a leanfaidh dt\u00ed Cluich\u00ed Ceannais na h\u00c9ireann i bP\u00e1irc an Chr\u00f3caigh i m\u00ed Ean\u00e1ir 2026.","robots":{"index":"index","follow":"follow","max-snippet":"max-snippet:-1","max-image-preview":"max-image-preview:large","max-video-preview":"max-video-preview:-1"},"og_locale":"en_US","og_type":"article","og_title":"GAA Beo ar ais ar TG4 le cl\u00fadach eisiach ar Chraobhchom\u00f3rtais na gClubanna | Preasr\u00e1iteas | TG4","og_description":"Fillfidh pr\u00edomhchl\u00e1r CLG TG4 an deireadh seachtaine seo, D\u00e9 Domhnagh an 24 L\u00fanasa, le cl\u00fadach cuimsitheach ar Chraobhchom\u00f3rtais na gClubanna agus a leanfaidh dt\u00ed Cluich\u00ed Ceannais na h\u00c9ireann i bP\u00e1irc an Chr\u00f3caigh i m\u00ed Ean\u00e1ir 2026.","og_url":"https:\/\/dev.tg4.ie\/ga\/eolas\/preas\/nuacht-raitis\/2025-2\/gaa-beo-ar-ais-ar-tg4-le-cludach-eisiach-ar-chraobhchomortais-na-gclubanna\/","og_site_name":"TG4","article_publisher":"https:\/\/www.facebook.com\/TG4TV","article_modified_time":"2025-08-25T08:44:36+00:00","og_image":[{"url":"https:\/\/dev.tg4.ie\/wp-content\/uploads\/2025\/08\/GAA_Beo_2025_1-1920x1080-1.jpg"}],"twitter_card":"summary_large_image","twitter_site":"@TG4TV","twitter_misc":{"Est. reading time":"2 minutes"},"schema":{"@context":"https:\/\/schema.org","@graph":[{"@type":"WebPage","@id":"https:\/\/dev.tg4.ie\/ga\/eolas\/preas\/nuacht-raitis\/2025-2\/gaa-beo-ar-ais-ar-tg4-le-cludach-eisiach-ar-chraobhchomortais-na-gclubanna\/","url":"https:\/\/dev.tg4.ie\/ga\/eolas\/preas\/nuacht-raitis\/2025-2\/gaa-beo-ar-ais-ar-tg4-le-cludach-eisiach-ar-chraobhchomortais-na-gclubanna\/","name":"GAA Beo ar ais ar TG4 le cl\u00fadach eisiach ar Chraobhchom\u00f3rtais na gClubanna | Preasr\u00e1iteas | TG4","isPartOf":{"@id":"https:\/\/dev.tg4.ie\/en\/#website"},"primaryImageOfPage":{"@id":"https:\/\/dev.tg4.ie\/ga\/eolas\/preas\/nuacht-raitis\/2025-2\/gaa-beo-ar-ais-ar-tg4-le-cludach-eisiach-ar-chraobhchomortais-na-gclubanna\/#primaryimage"},"image":{"@id":"https:\/\/dev.tg4.ie\/ga\/eolas\/preas\/nuacht-raitis\/2025-2\/gaa-beo-ar-ais-ar-tg4-le-cludach-eisiach-ar-chraobhchomortais-na-gclubanna\/#primaryimage"},"thumbnailUrl":"https:\/\/dev.tg4.ie\/wp-content\/uploads\/2025\/08\/GAA_Beo_2025_1-1920x1080-1.jpg","datePublished":"2025-08-22T09:26:39+00:00","dateModified":"2025-08-25T08:44:36+00:00","description":"Fillfidh pr\u00edomhchl\u00e1r CLG TG4 an deireadh seachtaine seo, D\u00e9 Domhnagh an 24 L\u00fanasa, le cl\u00fadach cuimsitheach ar Chraobhchom\u00f3rtais na gClubanna agus a leanfaidh dt\u00ed Cluich\u00ed Ceannais na h\u00c9ireann i bP\u00e1irc an Chr\u00f3caigh i m\u00ed Ean\u00e1ir 2026.","breadcrumb":{"@id":"https:\/\/dev.tg4.ie\/ga\/eolas\/preas\/nuacht-raitis\/2025-2\/gaa-beo-ar-ais-ar-tg4-le-cludach-eisiach-ar-chraobhchomortais-na-gclubanna\/#breadcrumb"},"inLanguage":"ga","potentialAction":[{"@type":"ReadAction","target":["https:\/\/dev.tg4.ie\/ga\/eolas\/preas\/nuacht-raitis\/2025-2\/gaa-beo-ar-ais-ar-tg4-le-cludach-eisiach-ar-chraobhchomortais-na-gclubanna\/"]}]},{"@type":"ImageObject","inLanguage":"ga","@id":"https:\/\/dev.tg4.ie\/ga\/eolas\/preas\/nuacht-raitis\/2025-2\/gaa-beo-ar-ais-ar-tg4-le-cludach-eisiach-ar-chraobhchomortais-na-gclubanna\/#primaryimage","url":"https:\/\/dev.tg4.ie\/wp-content\/uploads\/2025\/08\/GAA_Beo_2025_1-1920x1080-1.jpg","contentUrl":"https:\/\/dev.tg4.ie\/wp-content\/uploads\/2025\/08\/GAA_Beo_2025_1-1920x1080-1.jpg"},{"@type":"BreadcrumbList","@id":"https:\/\/dev.tg4.ie\/ga\/eolas\/preas\/nuacht-raitis\/2025-2\/gaa-beo-ar-ais-ar-tg4-le-cludach-eisiach-ar-chraobhchomortais-na-gclubanna\/#breadcrumb","itemListElement":[{"@type":"ListItem","position":1,"name":"Home","item":"https:\/\/dev.tg4.ie\/ga\/"},{"@type":"ListItem","position":2,"name":"Eolas","item":"https:\/\/dev.tg4.ie\/ga\/eolas\/"},{"@type":"ListItem","position":3,"name":"Preas","item":"https:\/\/dev.tg4.ie\/ga\/eolas\/preas\/"},{"@type":"ListItem","position":4,"name":"Nuacht R\u00e1itis","item":"https:\/\/dev.tg4.ie\/ga\/eolas\/preas\/nuacht-raitis\/"},{"@type":"ListItem","position":5,"name":"2025","item":"https:\/\/dev.tg4.ie\/ga\/eolas\/preas\/nuacht-raitis\/2025-2\/"},{"@type":"ListItem","position":6,"name":"GAA Beo ar ais ar TG4 le cl\u00fadach eisiach ar Chraobhchom\u00f3rtais na gClubanna"}]},{"@type":"WebSite","@id":"https:\/\/dev.tg4.ie\/en\/#website","url":"https:\/\/dev.tg4.ie\/en\/","name":"TG4","description":"S\u00fail Eile","potentialAction":[{"@type":"SearchAction","target":{"@type":"EntryPoint","urlTemplate":"https:\/\/dev.tg4.ie\/en\/?s={search_term_string}"},"query-input":"required name=search_term_string"}],"inLanguage":"ga"}]}},"_links":{"self":[{"href":"https:\/\/dev.tg4.ie\/ga\/wp-json\/wp\/v2\/pages\/247160"}],"collection":[{"href":"https:\/\/dev.tg4.ie\/ga\/wp-json\/wp\/v2\/pages"}],"about":[{"href":"https:\/\/dev.tg4.ie\/ga\/wp-json\/wp\/v2\/types\/page"}],"author":[{"embeddable":true,"href":"https:\/\/dev.tg4.ie\/ga\/wp-json\/wp\/v2\/users\/876"}],"replies":[{"embeddable":true,"href":"https:\/\/dev.tg4.ie\/ga\/wp-json\/wp\/v2\/comments?post=247160"}],"version-history":[{"count":0,"href":"https:\/\/dev.tg4.ie\/ga\/wp-json\/wp\/v2\/pages\/247160\/revisions"}],"up":[{"embeddable":true,"href":"https:\/\/dev.tg4.ie\/ga\/wp-json\/wp\/v2\/pages\/236807"}],"wp:attachment":[{"href":"https:\/\/dev.tg4.ie\/ga\/wp-json\/wp\/v2\/media?parent=247160"}],"curies":[{"name":"wp","href":"https:\/\/api.w.org\/{rel}","templated":true}]}}