{"id":247201,"date":"2025-08-26T12:14:25","date_gmt":"2025-08-26T11:14:25","guid":{"rendered":"https:\/\/dev.tg4.ie\/?page_id=247201"},"modified":"2025-08-26T12:56:14","modified_gmt":"2025-08-26T11:56:14","slug":"tg4-ag-craoladh-on-electric-picnic-i-mbliana","status":"publish","type":"page","link":"https:\/\/dev.tg4.ie\/ga\/eolas\/preas\/nuacht-raitis\/2025-2\/tg4-ag-craoladh-on-electric-picnic-i-mbliana\/","title":{"rendered":"TG4 ag craoladh \u00f3n Electric Picnic i mbliana"},"content":{"rendered":"<p><center>Beidh TG4 ag craoladh \u00f3n Electric Picnic i mbliana, an Fh\u00e9ile Cheoil agus Eala\u00edon at\u00e1 d\u00edolta amach agus a bheidh ar si\u00fal sa Sr\u00e1idbhaile i gCo. Laoise.<\/center><\/p>\n<table>\n<tbody>\n<tr>\n<td width=\"50%\"><img loading=\"lazy\" decoding=\"async\" width=\"1920\" height=\"1080\" src=\"https:\/\/tg4-docs.s3.amazonaws.com\/wp-content\/uploads\/2025\/08\/26120830\/Beo_on_Electric_Picnic_1-1920x1080-1.jpg\" alt=\"\" class=\"aligncenter size-full wp-image-247202\" srcset=\"https:\/\/tg4-docs.s3.amazonaws.com\/wp-content\/uploads\/2025\/08\/26120830\/Beo_on_Electric_Picnic_1-1920x1080-1.jpg 1920w, https:\/\/tg4-docs.s3.amazonaws.com\/wp-content\/uploads\/2025\/08\/26120830\/Beo_on_Electric_Picnic_1-1920x1080-1-250x141.jpg 250w, https:\/\/tg4-docs.s3.amazonaws.com\/wp-content\/uploads\/2025\/08\/26120830\/Beo_on_Electric_Picnic_1-1920x1080-1-700x394.jpg 700w, https:\/\/tg4-docs.s3.amazonaws.com\/wp-content\/uploads\/2025\/08\/26120830\/Beo_on_Electric_Picnic_1-1920x1080-1-252x141.jpg 252w, https:\/\/tg4-docs.s3.amazonaws.com\/wp-content\/uploads\/2025\/08\/26120830\/Beo_on_Electric_Picnic_1-1920x1080-1-1536x864.jpg 1536w, https:\/\/tg4-docs.s3.amazonaws.com\/wp-content\/uploads\/2025\/08\/26120830\/Beo_on_Electric_Picnic_1-1920x1080-1-120x68.jpg 120w\" sizes=\"(max-width: 1920px) 100vw, 1920px\" \/><\/td>\n<td width=\"50%\"><img loading=\"lazy\" decoding=\"async\" width=\"1920\" height=\"1080\" src=\"https:\/\/tg4-docs.s3.amazonaws.com\/wp-content\/uploads\/2025\/08\/26121045\/Beo_on_Electric_Picnic_2-1920x1080-1.jpg\" alt=\"\" class=\"aligncenter size-full wp-image-247203\" srcset=\"https:\/\/tg4-docs.s3.amazonaws.com\/wp-content\/uploads\/2025\/08\/26121045\/Beo_on_Electric_Picnic_2-1920x1080-1.jpg 1920w, https:\/\/tg4-docs.s3.amazonaws.com\/wp-content\/uploads\/2025\/08\/26121045\/Beo_on_Electric_Picnic_2-1920x1080-1-250x141.jpg 250w, https:\/\/tg4-docs.s3.amazonaws.com\/wp-content\/uploads\/2025\/08\/26121045\/Beo_on_Electric_Picnic_2-1920x1080-1-700x394.jpg 700w, https:\/\/tg4-docs.s3.amazonaws.com\/wp-content\/uploads\/2025\/08\/26121045\/Beo_on_Electric_Picnic_2-1920x1080-1-252x141.jpg 252w, https:\/\/tg4-docs.s3.amazonaws.com\/wp-content\/uploads\/2025\/08\/26121045\/Beo_on_Electric_Picnic_2-1920x1080-1-1536x864.jpg 1536w, https:\/\/tg4-docs.s3.amazonaws.com\/wp-content\/uploads\/2025\/08\/26121045\/Beo_on_Electric_Picnic_2-1920x1080-1-120x68.jpg 120w\" sizes=\"(max-width: 1920px) 100vw, 1920px\" \/><\/td>\n<\/tr>\n<tr>\n<td width=\"50%\"><sup>S\u00edomha N\u00ed Ruairc &#8211; Creidi\u00faint: Martina Regan<\/sup><\/td>\n<td width=\"50%\"><sup>John Sharpson &#8211; Creidi\u00faint: Paddy Kirk at Hunter Media Group<\/sup><\/td>\n<\/tr>\n<\/tbody>\n<\/table>\n<p>&nbsp;<\/p>\n<p>S\u00edomha N\u00ed Ruairc agus John Sharpson a chuirfidh <strong>BEO \u00d3N ELECTRIC PICNIC<\/strong> i l\u00e1thair agus beidh ceol beo ar an gcl\u00e1r \u00f3n gCollchoill agus \u00f3n bPuball Gaeilge. I measc na mbuaicphoint\u00ed ar na st\u00e1its\u00ed sin beidh Bl\u00e1ith\u00edn Mhic Cana agus Piaras \u00d3 Lorc\u00e1in, IML\u00c9, John Spillane, Clada, Amano, Caolan Ryan, Dysania agus neart eile. Ar an gcl\u00e1r freisin, beidh agallaimh agus seisi\u00fain ac\u00fastacha faoi leith le roinnt de na ceolt\u00f3ir\u00ed m\u00f3r le r\u00e1 a bheidh ag seinm ag f\u00e9ile na bliana seo &#8211; is cinnte go bhfuil iontas n\u00f3 dh\u00f3 i nd\u00e1n duit!<br \/>\n&nbsp;<br \/>\nT\u00e1 an Ghaeilge l\u00e1rnach san Electric Picnic agus l\u00e9ireofar sin ar BEO \u00d3N ELECTRIC PICNIC. Mar aon leis na ceolt\u00f3ir\u00ed agus na banna\u00ed a bheidh ag casadh i nGaeilge ar na st\u00e1its\u00ed sa Chollchoill agus sa Phuball Gaeilge, beidh podchraolta\u00ed, seisi\u00fain i\u00f3ga, c\u00e9il\u00ed m\u00f3r, fuirseoir\u00ed agus camp\u00e1il sa L\u00e1thair Ghaeltachta. Labhr\u00f3idh S\u00edomha agus John leo si\u00fad at\u00e1 r\u00edth\u00e1bhachtach chun f\u00e9ile mar seo a re\u00e1cht\u00e1il; an lucht eagraithe, na daoine ar an st\u00e1itse agus ar nd\u00f3igh, an lucht freastail.<br \/>\n&nbsp;<br \/>\nCeili\u00faradh ar an bhf\u00e9ile cheoil is m\u00f3 in \u00c9irinn a bheidh sa chraoladh speisialta uair go leith seo. N\u00e1 b\u00ed buartha mura bhfuil tic\u00e9ad agat mar n\u00edl ort ach TG4 a chasadh air agus beidh t\u00fa i l\u00e1r an aonaigh.<br \/>\n&nbsp;<br \/>\nArna l\u00e9iri\u00fa ag 84-Ocht\u00f34 Productions do TG4.<br \/>\n&nbsp;<br \/>\n&nbsp;<\/p>\n","protected":false},"excerpt":{"rendered":"<p>Beidh TG4 ag craoladh \u00f3n Electric Picnic i mbliana, an Fh\u00e9ile Cheoil agus Eala\u00edon at\u00e1 d\u00edolta amach agus a bheidh ar si\u00fal sa Sr\u00e1idbhaile i gCo. Laoise. S\u00edomha N\u00ed Ruairc &#8211; Creidi\u00faint: Martina Regan John Sharpson &#8211; Creidi\u00faint: Paddy Kirk at Hunter Media Group &nbsp; S\u00edomha N\u00ed Ruairc agus John Sharpson a chuirfidh BEO \u00d3N [&hellip;]<\/p>\n","protected":false},"author":876,"featured_media":0,"parent":236807,"menu_order":45,"comment_status":"closed","ping_status":"closed","template":"page-templates\/template-pr.php","meta":{"_acf_changed":false,"footnotes":""},"acf":[],"yoast_head":"<!-- This site is optimized with the Yoast SEO plugin v22.6 - https:\/\/yoast.com\/wordpress\/plugins\/seo\/ -->\n<title>TG4 ag craoladh \u00f3n Electric Picnic i mbliana | Preasr\u00e1iteas | TG4<\/title>\n<meta name=\"description\" content=\"Beidh TG4 ag craoladh \u00f3n Electric Picnic i mbliana, an Fh\u00e9ile Cheoil agus Eala\u00edon at\u00e1 d\u00edolta amach agus a bheidh ar si\u00fal sa Sr\u00e1idbhaile i gCo. Laoise.\" \/>\n<meta name=\"robots\" content=\"index, follow, max-snippet:-1, max-image-preview:large, max-video-preview:-1\" \/>\n<meta property=\"og:locale\" content=\"en_US\" \/>\n<meta property=\"og:type\" content=\"article\" \/>\n<meta property=\"og:title\" content=\"TG4 ag craoladh \u00f3n Electric Picnic i mbliana | Preasr\u00e1iteas | TG4\" \/>\n<meta property=\"og:description\" content=\"Beidh TG4 ag craoladh \u00f3n Electric Picnic i mbliana, an Fh\u00e9ile Cheoil agus Eala\u00edon at\u00e1 d\u00edolta amach agus a bheidh ar si\u00fal sa Sr\u00e1idbhaile i gCo. Laoise.\" \/>\n<meta property=\"og:url\" content=\"https:\/\/dev.tg4.ie\/ga\/eolas\/preas\/nuacht-raitis\/2025-2\/tg4-ag-craoladh-on-electric-picnic-i-mbliana\/\" \/>\n<meta property=\"og:site_name\" content=\"TG4\" \/>\n<meta property=\"article:publisher\" content=\"https:\/\/www.facebook.com\/TG4TV\" \/>\n<meta property=\"article:modified_time\" content=\"2025-08-26T11:56:14+00:00\" \/>\n<meta property=\"og:image\" content=\"https:\/\/dev.tg4.ie\/wp-content\/uploads\/2025\/08\/Beo_on_Electric_Picnic_1-1920x1080-1.jpg\" \/>\n<meta name=\"twitter:card\" content=\"summary_large_image\" \/>\n<meta name=\"twitter:site\" content=\"@TG4TV\" \/>\n<meta name=\"twitter:label1\" content=\"Est. reading time\" \/>\n\t<meta name=\"twitter:data1\" content=\"2 minutes\" \/>\n<script type=\"application\/ld+json\" class=\"yoast-schema-graph\">{\"@context\":\"https:\/\/schema.org\",\"@graph\":[{\"@type\":\"WebPage\",\"@id\":\"https:\/\/dev.tg4.ie\/ga\/eolas\/preas\/nuacht-raitis\/2025-2\/tg4-ag-craoladh-on-electric-picnic-i-mbliana\/\",\"url\":\"https:\/\/dev.tg4.ie\/ga\/eolas\/preas\/nuacht-raitis\/2025-2\/tg4-ag-craoladh-on-electric-picnic-i-mbliana\/\",\"name\":\"TG4 ag craoladh \u00f3n Electric Picnic i mbliana | Preasr\u00e1iteas | TG4\",\"isPartOf\":{\"@id\":\"https:\/\/dev.tg4.ie\/en\/#website\"},\"primaryImageOfPage\":{\"@id\":\"https:\/\/dev.tg4.ie\/ga\/eolas\/preas\/nuacht-raitis\/2025-2\/tg4-ag-craoladh-on-electric-picnic-i-mbliana\/#primaryimage\"},\"image\":{\"@id\":\"https:\/\/dev.tg4.ie\/ga\/eolas\/preas\/nuacht-raitis\/2025-2\/tg4-ag-craoladh-on-electric-picnic-i-mbliana\/#primaryimage\"},\"thumbnailUrl\":\"https:\/\/dev.tg4.ie\/wp-content\/uploads\/2025\/08\/Beo_on_Electric_Picnic_1-1920x1080-1.jpg\",\"datePublished\":\"2025-08-26T11:14:25+00:00\",\"dateModified\":\"2025-08-26T11:56:14+00:00\",\"description\":\"Beidh TG4 ag craoladh \u00f3n Electric Picnic i mbliana, an Fh\u00e9ile Cheoil agus Eala\u00edon at\u00e1 d\u00edolta amach agus a bheidh ar si\u00fal sa Sr\u00e1idbhaile i gCo. Laoise.\",\"breadcrumb\":{\"@id\":\"https:\/\/dev.tg4.ie\/ga\/eolas\/preas\/nuacht-raitis\/2025-2\/tg4-ag-craoladh-on-electric-picnic-i-mbliana\/#breadcrumb\"},\"inLanguage\":\"ga\",\"potentialAction\":[{\"@type\":\"ReadAction\",\"target\":[\"https:\/\/dev.tg4.ie\/ga\/eolas\/preas\/nuacht-raitis\/2025-2\/tg4-ag-craoladh-on-electric-picnic-i-mbliana\/\"]}]},{\"@type\":\"ImageObject\",\"inLanguage\":\"ga\",\"@id\":\"https:\/\/dev.tg4.ie\/ga\/eolas\/preas\/nuacht-raitis\/2025-2\/tg4-ag-craoladh-on-electric-picnic-i-mbliana\/#primaryimage\",\"url\":\"https:\/\/dev.tg4.ie\/wp-content\/uploads\/2025\/08\/Beo_on_Electric_Picnic_1-1920x1080-1.jpg\",\"contentUrl\":\"https:\/\/dev.tg4.ie\/wp-content\/uploads\/2025\/08\/Beo_on_Electric_Picnic_1-1920x1080-1.jpg\"},{\"@type\":\"BreadcrumbList\",\"@id\":\"https:\/\/dev.tg4.ie\/ga\/eolas\/preas\/nuacht-raitis\/2025-2\/tg4-ag-craoladh-on-electric-picnic-i-mbliana\/#breadcrumb\",\"itemListElement\":[{\"@type\":\"ListItem\",\"position\":1,\"name\":\"Home\",\"item\":\"https:\/\/dev.tg4.ie\/ga\/\"},{\"@type\":\"ListItem\",\"position\":2,\"name\":\"Eolas\",\"item\":\"https:\/\/dev.tg4.ie\/ga\/eolas\/\"},{\"@type\":\"ListItem\",\"position\":3,\"name\":\"Preas\",\"item\":\"https:\/\/dev.tg4.ie\/ga\/eolas\/preas\/\"},{\"@type\":\"ListItem\",\"position\":4,\"name\":\"Nuacht R\u00e1itis\",\"item\":\"https:\/\/dev.tg4.ie\/ga\/eolas\/preas\/nuacht-raitis\/\"},{\"@type\":\"ListItem\",\"position\":5,\"name\":\"2025\",\"item\":\"https:\/\/dev.tg4.ie\/ga\/eolas\/preas\/nuacht-raitis\/2025-2\/\"},{\"@type\":\"ListItem\",\"position\":6,\"name\":\"TG4 ag craoladh \u00f3n Electric Picnic i mbliana\"}]},{\"@type\":\"WebSite\",\"@id\":\"https:\/\/dev.tg4.ie\/en\/#website\",\"url\":\"https:\/\/dev.tg4.ie\/en\/\",\"name\":\"TG4\",\"description\":\"S\u00fail Eile\",\"potentialAction\":[{\"@type\":\"SearchAction\",\"target\":{\"@type\":\"EntryPoint\",\"urlTemplate\":\"https:\/\/dev.tg4.ie\/en\/?s={search_term_string}\"},\"query-input\":\"required name=search_term_string\"}],\"inLanguage\":\"ga\"}]}<\/script>\n<!-- \/ Yoast SEO plugin. -->","yoast_head_json":{"title":"TG4 ag craoladh \u00f3n Electric Picnic i mbliana | Preasr\u00e1iteas | TG4","description":"Beidh TG4 ag craoladh \u00f3n Electric Picnic i mbliana, an Fh\u00e9ile Cheoil agus Eala\u00edon at\u00e1 d\u00edolta amach agus a bheidh ar si\u00fal sa Sr\u00e1idbhaile i gCo. Laoise.","robots":{"index":"index","follow":"follow","max-snippet":"max-snippet:-1","max-image-preview":"max-image-preview:large","max-video-preview":"max-video-preview:-1"},"og_locale":"en_US","og_type":"article","og_title":"TG4 ag craoladh \u00f3n Electric Picnic i mbliana | Preasr\u00e1iteas | TG4","og_description":"Beidh TG4 ag craoladh \u00f3n Electric Picnic i mbliana, an Fh\u00e9ile Cheoil agus Eala\u00edon at\u00e1 d\u00edolta amach agus a bheidh ar si\u00fal sa Sr\u00e1idbhaile i gCo. Laoise.","og_url":"https:\/\/dev.tg4.ie\/ga\/eolas\/preas\/nuacht-raitis\/2025-2\/tg4-ag-craoladh-on-electric-picnic-i-mbliana\/","og_site_name":"TG4","article_publisher":"https:\/\/www.facebook.com\/TG4TV","article_modified_time":"2025-08-26T11:56:14+00:00","og_image":[{"url":"https:\/\/dev.tg4.ie\/wp-content\/uploads\/2025\/08\/Beo_on_Electric_Picnic_1-1920x1080-1.jpg"}],"twitter_card":"summary_large_image","twitter_site":"@TG4TV","twitter_misc":{"Est. reading time":"2 minutes"},"schema":{"@context":"https:\/\/schema.org","@graph":[{"@type":"WebPage","@id":"https:\/\/dev.tg4.ie\/ga\/eolas\/preas\/nuacht-raitis\/2025-2\/tg4-ag-craoladh-on-electric-picnic-i-mbliana\/","url":"https:\/\/dev.tg4.ie\/ga\/eolas\/preas\/nuacht-raitis\/2025-2\/tg4-ag-craoladh-on-electric-picnic-i-mbliana\/","name":"TG4 ag craoladh \u00f3n Electric Picnic i mbliana | Preasr\u00e1iteas | TG4","isPartOf":{"@id":"https:\/\/dev.tg4.ie\/en\/#website"},"primaryImageOfPage":{"@id":"https:\/\/dev.tg4.ie\/ga\/eolas\/preas\/nuacht-raitis\/2025-2\/tg4-ag-craoladh-on-electric-picnic-i-mbliana\/#primaryimage"},"image":{"@id":"https:\/\/dev.tg4.ie\/ga\/eolas\/preas\/nuacht-raitis\/2025-2\/tg4-ag-craoladh-on-electric-picnic-i-mbliana\/#primaryimage"},"thumbnailUrl":"https:\/\/dev.tg4.ie\/wp-content\/uploads\/2025\/08\/Beo_on_Electric_Picnic_1-1920x1080-1.jpg","datePublished":"2025-08-26T11:14:25+00:00","dateModified":"2025-08-26T11:56:14+00:00","description":"Beidh TG4 ag craoladh \u00f3n Electric Picnic i mbliana, an Fh\u00e9ile Cheoil agus Eala\u00edon at\u00e1 d\u00edolta amach agus a bheidh ar si\u00fal sa Sr\u00e1idbhaile i gCo. Laoise.","breadcrumb":{"@id":"https:\/\/dev.tg4.ie\/ga\/eolas\/preas\/nuacht-raitis\/2025-2\/tg4-ag-craoladh-on-electric-picnic-i-mbliana\/#breadcrumb"},"inLanguage":"ga","potentialAction":[{"@type":"ReadAction","target":["https:\/\/dev.tg4.ie\/ga\/eolas\/preas\/nuacht-raitis\/2025-2\/tg4-ag-craoladh-on-electric-picnic-i-mbliana\/"]}]},{"@type":"ImageObject","inLanguage":"ga","@id":"https:\/\/dev.tg4.ie\/ga\/eolas\/preas\/nuacht-raitis\/2025-2\/tg4-ag-craoladh-on-electric-picnic-i-mbliana\/#primaryimage","url":"https:\/\/dev.tg4.ie\/wp-content\/uploads\/2025\/08\/Beo_on_Electric_Picnic_1-1920x1080-1.jpg","contentUrl":"https:\/\/dev.tg4.ie\/wp-content\/uploads\/2025\/08\/Beo_on_Electric_Picnic_1-1920x1080-1.jpg"},{"@type":"BreadcrumbList","@id":"https:\/\/dev.tg4.ie\/ga\/eolas\/preas\/nuacht-raitis\/2025-2\/tg4-ag-craoladh-on-electric-picnic-i-mbliana\/#breadcrumb","itemListElement":[{"@type":"ListItem","position":1,"name":"Home","item":"https:\/\/dev.tg4.ie\/ga\/"},{"@type":"ListItem","position":2,"name":"Eolas","item":"https:\/\/dev.tg4.ie\/ga\/eolas\/"},{"@type":"ListItem","position":3,"name":"Preas","item":"https:\/\/dev.tg4.ie\/ga\/eolas\/preas\/"},{"@type":"ListItem","position":4,"name":"Nuacht R\u00e1itis","item":"https:\/\/dev.tg4.ie\/ga\/eolas\/preas\/nuacht-raitis\/"},{"@type":"ListItem","position":5,"name":"2025","item":"https:\/\/dev.tg4.ie\/ga\/eolas\/preas\/nuacht-raitis\/2025-2\/"},{"@type":"ListItem","position":6,"name":"TG4 ag craoladh \u00f3n Electric Picnic i mbliana"}]},{"@type":"WebSite","@id":"https:\/\/dev.tg4.ie\/en\/#website","url":"https:\/\/dev.tg4.ie\/en\/","name":"TG4","description":"S\u00fail Eile","potentialAction":[{"@type":"SearchAction","target":{"@type":"EntryPoint","urlTemplate":"https:\/\/dev.tg4.ie\/en\/?s={search_term_string}"},"query-input":"required name=search_term_string"}],"inLanguage":"ga"}]}},"_links":{"self":[{"href":"https:\/\/dev.tg4.ie\/ga\/wp-json\/wp\/v2\/pages\/247201"}],"collection":[{"href":"https:\/\/dev.tg4.ie\/ga\/wp-json\/wp\/v2\/pages"}],"about":[{"href":"https:\/\/dev.tg4.ie\/ga\/wp-json\/wp\/v2\/types\/page"}],"author":[{"embeddable":true,"href":"https:\/\/dev.tg4.ie\/ga\/wp-json\/wp\/v2\/users\/876"}],"replies":[{"embeddable":true,"href":"https:\/\/dev.tg4.ie\/ga\/wp-json\/wp\/v2\/comments?post=247201"}],"version-history":[{"count":0,"href":"https:\/\/dev.tg4.ie\/ga\/wp-json\/wp\/v2\/pages\/247201\/revisions"}],"up":[{"embeddable":true,"href":"https:\/\/dev.tg4.ie\/ga\/wp-json\/wp\/v2\/pages\/236807"}],"wp:attachment":[{"href":"https:\/\/dev.tg4.ie\/ga\/wp-json\/wp\/v2\/media?parent=247201"}],"curies":[{"name":"wp","href":"https:\/\/api.w.org\/{rel}","templated":true}]}}