{"id":247229,"date":"2025-08-26T13:59:55","date_gmt":"2025-08-26T12:59:55","guid":{"rendered":"https:\/\/dev.tg4.ie\/?page_id=247229"},"modified":"2025-08-26T14:00:52","modified_gmt":"2025-08-26T13:00:52","slug":"iomanaiocht-hollywood-mionsraith-nua-faoi-chluichi-gaelacha-ar-an-scailean-mor","status":"publish","type":"page","link":"https:\/\/dev.tg4.ie\/ga\/eolas\/preas\/nuacht-raitis\/2025-2\/iomanaiocht-hollywood-mionsraith-nua-faoi-chluichi-gaelacha-ar-an-scailean-mor\/","title":{"rendered":"Iom\u00e1na\u00edocht Hollywood &#8211; Mionsraith nua faoi Chluich\u00ed Gaelacha ar an Sc\u00e1ile\u00e1n M\u00f3r"},"content":{"rendered":"<table>\n<tbody>\n<tr>\n<td width=\"50%\"><img loading=\"lazy\" decoding=\"async\" width=\"1920\" height=\"1080\" src=\"https:\/\/tg4-docs.s3.amazonaws.com\/wp-content\/uploads\/2025\/08\/26135759\/Iomanaiocht_Hollywood_1-1920x1080-1.jpg\" alt=\"\" class=\"aligncenter size-full wp-image-247230\" srcset=\"https:\/\/tg4-docs.s3.amazonaws.com\/wp-content\/uploads\/2025\/08\/26135759\/Iomanaiocht_Hollywood_1-1920x1080-1.jpg 1920w, https:\/\/tg4-docs.s3.amazonaws.com\/wp-content\/uploads\/2025\/08\/26135759\/Iomanaiocht_Hollywood_1-1920x1080-1-250x141.jpg 250w, https:\/\/tg4-docs.s3.amazonaws.com\/wp-content\/uploads\/2025\/08\/26135759\/Iomanaiocht_Hollywood_1-1920x1080-1-700x394.jpg 700w, https:\/\/tg4-docs.s3.amazonaws.com\/wp-content\/uploads\/2025\/08\/26135759\/Iomanaiocht_Hollywood_1-1920x1080-1-252x141.jpg 252w, https:\/\/tg4-docs.s3.amazonaws.com\/wp-content\/uploads\/2025\/08\/26135759\/Iomanaiocht_Hollywood_1-1920x1080-1-1536x864.jpg 1536w, https:\/\/tg4-docs.s3.amazonaws.com\/wp-content\/uploads\/2025\/08\/26135759\/Iomanaiocht_Hollywood_1-1920x1080-1-120x68.jpg 120w\" sizes=\"(max-width: 1920px) 100vw, 1920px\" \/><\/td>\n<td width=\"50%\"><img loading=\"lazy\" decoding=\"async\" width=\"1920\" height=\"1080\" src=\"https:\/\/tg4-docs.s3.amazonaws.com\/wp-content\/uploads\/2025\/08\/26135910\/Iomanaiocht_Hollywood_2-1920x1080-1.jpg\" alt=\"\" class=\"aligncenter size-full wp-image-247231\" srcset=\"https:\/\/tg4-docs.s3.amazonaws.com\/wp-content\/uploads\/2025\/08\/26135910\/Iomanaiocht_Hollywood_2-1920x1080-1.jpg 1920w, https:\/\/tg4-docs.s3.amazonaws.com\/wp-content\/uploads\/2025\/08\/26135910\/Iomanaiocht_Hollywood_2-1920x1080-1-250x141.jpg 250w, https:\/\/tg4-docs.s3.amazonaws.com\/wp-content\/uploads\/2025\/08\/26135910\/Iomanaiocht_Hollywood_2-1920x1080-1-700x394.jpg 700w, https:\/\/tg4-docs.s3.amazonaws.com\/wp-content\/uploads\/2025\/08\/26135910\/Iomanaiocht_Hollywood_2-1920x1080-1-252x141.jpg 252w, https:\/\/tg4-docs.s3.amazonaws.com\/wp-content\/uploads\/2025\/08\/26135910\/Iomanaiocht_Hollywood_2-1920x1080-1-1536x864.jpg 1536w, https:\/\/tg4-docs.s3.amazonaws.com\/wp-content\/uploads\/2025\/08\/26135910\/Iomanaiocht_Hollywood_2-1920x1080-1-120x68.jpg 120w\" sizes=\"(max-width: 1920px) 100vw, 1920px\" \/><\/td>\n<\/tr>\n<\/tbody>\n<\/table>\n<p>&nbsp;<br \/>\n<iframe loading=\"lazy\" width=\"560\" height=\"315\" src=\"https:\/\/www.youtube.com\/embed\/yKrqPlmtYFw?si=0kado0sDw4EmEoOq\" title=\"YouTube video player\" frameborder=\"0\" allow=\"accelerometer; autoplay; clipboard-write; encrypted-media; gyroscope; picture-in-picture; web-share\" referrerpolicy=\"strict-origin-when-cross-origin\" allowfullscreen><\/iframe><br \/>\n&nbsp;<\/p>\n<p>Beidh mionsraith nua cheannr\u00f3da\u00edoch \u00e1 taispe\u00e1int ar TG4 ina bhfiosr\u00f3far <strong>cluich\u00ed Gaelacha ar an sc\u00e1ile\u00e1n<\/strong> \u00f3 th\u00fas an 20\u00fa haois.<br \/>\n&nbsp;<\/p>\n<p><em>Iom\u00e1na\u00edocht Hollywood<\/em>: Is cl\u00e1r dh\u00e1 chuid \u00e9 <em>Cluich\u00ed Gaelacha ar Scann\u00e1n \/ Hollywood Hurling: Gaelic Games on Film<\/em> ina dtugtar l\u00e9argas uath\u00fail ar an gcaoi ar l\u00e9ir\u00edodh \u00c9ire, muintir na h\u00c9ireann agus \u00e1r sp\u00f3irt n\u00e1isi\u00fanta sna scann\u00e1in, l\u00e9iri\u00fach\u00e1in \u00f3 mh\u00f3rsti\u00faideonna agus m\u00f3rsti\u00farth\u00f3ir\u00ed Hollywood ina measc ar n\u00f3s an sti\u00farth\u00f3ra Ghael-Mheirice\u00e1naigh John Ford a bhfuil gradam Oscar buaite aige.<br \/>\n&nbsp;<\/p>\n<p>L\u00e9iri\u00fach\u00e1n le LMD\u00d3C do TG4 arna mhaoini\u00fa ag Coimisi\u00fan na Me\u00e1n at\u00e1 sa tsraith seo at\u00e1 bunaithe ar an leabhar ardmholta <strong>Gaelic Games on Film: From silent films to Hollywood hurling, horror and the emergence of Irish cinema<\/strong> (Cl\u00f3 Ollscoile Chorca\u00ed, 2019) le fear l\u00e9inn Ollscoil na Gaillimhe Se\u00e1n Crosson, arb \u00e9 scr\u00edbhneoir agus l\u00e9iritheoir comhlach na sraithe freisin \u00e9.<br \/>\n&nbsp;<\/p>\n<p>D\u00e9antar cur s\u00edos sa gcl\u00e1r ar r\u00f3l l\u00e1rnach na gcluich\u00ed Gaelacha i dteacht chun cinn chult\u00far d\u00fachais na scann\u00e1na\u00edochta \u00c9ireanna\u00ed sa dara leath den 20\u00fa haois.<br \/>\n&nbsp;<\/p>\n<p>Craolfar an ch\u00e9ad chl\u00e1r den tsraith an <strong>4 Me\u00e1n F\u00f3mhair ag 9.30pm<\/strong> (agus athchraolfar \u00e9 ar an 5 agus an 7 Me\u00e1n F\u00f3mhair). Craolfar an dara cl\u00e1r an 11 Me\u00e1n F\u00f3mhair ag 9.30pm (agus athchraolfar \u00e9 ar an 12 agus an 14 Me\u00e1n F\u00f3mhair).<br \/>\n&nbsp;<\/p>\n<p>D\u00fairt <strong>an Docht\u00fair Se\u00e1n Crosson<\/strong>: <em>\u201cBa phribhl\u00e9id a bh\u00ed ann oibri\u00fa leis an sti\u00farth\u00f3ir Mac Dara \u00d3 Curraidh\u00edn agus le TG4 ar an tsraith seo, chun an taighde a bhfuil m\u00e9 ag pl\u00e9 leis le beagnach 20 bliain a l\u00e9iri\u00fa ar fh\u00edse\u00e1n tr\u00edd an gcartlann iontach at\u00e1 f\u00f3s ann. Tugann na scann\u00e1in (agus \u00e1r gcomhoibrithe iomad\u00fala) l\u00e9argas uath\u00fail d\u00fainn n\u00ed hamh\u00e1in ar l\u00e9iri\u00fa agus ar fhorbairt na gcluich\u00ed Gaelacha, ach ar shocha\u00ed agus ar chult\u00far n\u00edos leithne na h\u00c9ireann, \u00f3n bp\u00edosa scann\u00e1na\u00edochta is luaithe at\u00e1 f\u00f3s ann den athimirt ar chluiche ceannais chraobhchom\u00f3rtas sinsear peile na h\u00c9ireann in 1914 idir Loch Garman agus Ciarra\u00ed.\u201d<\/em><br \/>\n&nbsp;<\/p>\n<p>D\u00fairt <strong>Mac Dara \u00d3 Curraidh\u00edn<\/strong>: <em>\u201cD\u2019imir m\u00e9 na cluich\u00ed &#8211; bh\u00ed m\u00e9 i mo pheilead\u00f3ir maith go leor, ach n\u00ed raibh m\u00e9 chomh maith ag an iom\u00e1na\u00edocht n\u00e1 ag an liathr\u00f3id l\u00e1imhe &#8211; agus bh\u00ed an-sp\u00e9is agam in \u00e1bhar cartlainne, go h\u00e1irithe f\u00edse\u00e1in agus picti\u00fair &#8211; bh\u00ed \u00e1bhar cartlainne de chine\u00e1l \u00e9igin i mbeagnach gach cl\u00e1r a l\u00e9irigh muid le 31 bhliain. Mar gheall air sin, ba mh\u00f3r an phribhl\u00e9id \u00e9 a bheith ag comhoibri\u00fa ar Iom\u00e1na\u00edocht Hollywood le Se\u00e1n Crosson agus leis an bhfoireann agus leis an gcri\u00fa l\u00e9iri\u00fach\u00e1in iontach a bhailigh muid le ch\u00e9ile chun sraith a dh\u00e9anamh den \u00e1bhar d\u00fashl\u00e1nach seo.\u201d<\/em><br \/>\n&nbsp;<\/p>\n<p>\u00das\u00e1ideadh picti\u00fair chartlainne \u00e1ille de chluich\u00ed Gaelacha agus de shocha\u00ed na h\u00c9ireann \u00f3 th\u00fas an 20\u00fa haois sa tsraith seo.<br \/>\n&nbsp;<\/p>\n<p>T\u00e1 r\u00e9imse m\u00f3rphearsana cult\u00fair agus acad\u00fala p\u00e1irteach ann freisin, an tOllamh Paul Rouse, an tOllamh Mike Cronin, an tOllamh Gear\u00f3id \u00d3 Tuathaigh, an tOllamh Dermot Keogh, an Docht\u00fair Ciara Chambers, na d\u00e9ant\u00f3ir\u00ed scann\u00e1n Fergus Tigh agus Bob Quinn, an cineamatagrafa\u00ed Nick O\u2019Neill agus laoch CLG \u00c1tha Cliath Jimmy Gray, nach maireann, ina measc, a bhfuil an tsraith seo tiomnaithe d\u00f3ibh.<br \/>\n&nbsp;<\/p>\n<p>An tr\u00e1th c\u00e9anna leis an gcraoladh, t\u00e1 leagan nua faoi chl\u00fadach bog den leabhar a spreag an tsraith, <em>Gaelic Games on Film: From silent films to Hollywood hurling, horror and the emergence of Irish cinema<\/em> (Cl\u00f3 Ollscoile Chorca\u00ed, 2025), d\u00edreach foilsithe agus t\u00e1 s\u00e9 ar f\u00e1il i siopa\u00ed leabhar agus ar l\u00edne <a href=\"https:\/\/www.corkuniversitypress.com\/9781782050186\/gaelic-games-on-film\/\" rel=\"noopener\" target=\"_blank\">https:\/\/www.corkuniversitypress.com\/9781782050186\/gaelic-games-on-film\/<\/a><br \/>\n&nbsp;<br \/>\n&nbsp;<\/p>\n","protected":false},"excerpt":{"rendered":"<p>&nbsp; &nbsp; Beidh mionsraith nua cheannr\u00f3da\u00edoch \u00e1 taispe\u00e1int ar TG4 ina bhfiosr\u00f3far cluich\u00ed Gaelacha ar an sc\u00e1ile\u00e1n \u00f3 th\u00fas an 20\u00fa haois. &nbsp; Iom\u00e1na\u00edocht Hollywood: Is cl\u00e1r dh\u00e1 chuid \u00e9 Cluich\u00ed Gaelacha ar Scann\u00e1n \/ Hollywood Hurling: Gaelic Games on Film ina dtugtar l\u00e9argas uath\u00fail ar an gcaoi ar l\u00e9ir\u00edodh \u00c9ire, muintir na h\u00c9ireann agus [&hellip;]<\/p>\n","protected":false},"author":876,"featured_media":0,"parent":236807,"menu_order":46,"comment_status":"closed","ping_status":"closed","template":"page-templates\/template-pr.php","meta":{"_acf_changed":false,"footnotes":""},"acf":[],"yoast_head":"<!-- This site is optimized with the Yoast SEO plugin v22.6 - https:\/\/yoast.com\/wordpress\/plugins\/seo\/ -->\n<title>Iom\u00e1na\u00edocht Hollywood - Mionsraith nua faoi Chluich\u00ed Gaelacha ar an Sc\u00e1ile\u00e1n M\u00f3r | Preasr\u00e1iteas | TG4<\/title>\n<meta name=\"description\" content=\"Beidh mionsraith nua cheannr\u00f3da\u00edoch \u00e1 taispe\u00e1int ar TG4 ina bhfiosr\u00f3far cluich\u00ed Gaelacha ar an sc\u00e1ile\u00e1n \u00f3 th\u00fas an 20\u00fa haois.\" \/>\n<meta name=\"robots\" content=\"index, follow, max-snippet:-1, max-image-preview:large, max-video-preview:-1\" \/>\n<meta property=\"og:locale\" content=\"en_US\" \/>\n<meta property=\"og:type\" content=\"article\" \/>\n<meta property=\"og:title\" content=\"Iom\u00e1na\u00edocht Hollywood - Mionsraith nua faoi Chluich\u00ed Gaelacha ar an Sc\u00e1ile\u00e1n M\u00f3r | Preasr\u00e1iteas | TG4\" \/>\n<meta property=\"og:description\" content=\"Beidh mionsraith nua cheannr\u00f3da\u00edoch \u00e1 taispe\u00e1int ar TG4 ina bhfiosr\u00f3far cluich\u00ed Gaelacha ar an sc\u00e1ile\u00e1n \u00f3 th\u00fas an 20\u00fa haois.\" \/>\n<meta property=\"og:url\" content=\"https:\/\/dev.tg4.ie\/ga\/eolas\/preas\/nuacht-raitis\/2025-2\/iomanaiocht-hollywood-mionsraith-nua-faoi-chluichi-gaelacha-ar-an-scailean-mor\/\" \/>\n<meta property=\"og:site_name\" content=\"TG4\" \/>\n<meta property=\"article:publisher\" content=\"https:\/\/www.facebook.com\/TG4TV\" \/>\n<meta property=\"article:modified_time\" content=\"2025-08-26T13:00:52+00:00\" \/>\n<meta property=\"og:image\" content=\"https:\/\/dev.tg4.ie\/wp-content\/uploads\/2025\/08\/Iomanaiocht_Hollywood_1-1920x1080-1.jpg\" \/>\n<meta name=\"twitter:card\" content=\"summary_large_image\" \/>\n<meta name=\"twitter:site\" content=\"@TG4TV\" \/>\n<meta name=\"twitter:label1\" content=\"Est. reading time\" \/>\n\t<meta name=\"twitter:data1\" content=\"3 minutes\" \/>\n<script type=\"application\/ld+json\" class=\"yoast-schema-graph\">{\"@context\":\"https:\/\/schema.org\",\"@graph\":[{\"@type\":\"WebPage\",\"@id\":\"https:\/\/dev.tg4.ie\/ga\/eolas\/preas\/nuacht-raitis\/2025-2\/iomanaiocht-hollywood-mionsraith-nua-faoi-chluichi-gaelacha-ar-an-scailean-mor\/\",\"url\":\"https:\/\/dev.tg4.ie\/ga\/eolas\/preas\/nuacht-raitis\/2025-2\/iomanaiocht-hollywood-mionsraith-nua-faoi-chluichi-gaelacha-ar-an-scailean-mor\/\",\"name\":\"Iom\u00e1na\u00edocht Hollywood - Mionsraith nua faoi Chluich\u00ed Gaelacha ar an Sc\u00e1ile\u00e1n M\u00f3r | Preasr\u00e1iteas | TG4\",\"isPartOf\":{\"@id\":\"https:\/\/dev.tg4.ie\/en\/#website\"},\"primaryImageOfPage\":{\"@id\":\"https:\/\/dev.tg4.ie\/ga\/eolas\/preas\/nuacht-raitis\/2025-2\/iomanaiocht-hollywood-mionsraith-nua-faoi-chluichi-gaelacha-ar-an-scailean-mor\/#primaryimage\"},\"image\":{\"@id\":\"https:\/\/dev.tg4.ie\/ga\/eolas\/preas\/nuacht-raitis\/2025-2\/iomanaiocht-hollywood-mionsraith-nua-faoi-chluichi-gaelacha-ar-an-scailean-mor\/#primaryimage\"},\"thumbnailUrl\":\"https:\/\/dev.tg4.ie\/wp-content\/uploads\/2025\/08\/Iomanaiocht_Hollywood_1-1920x1080-1.jpg\",\"datePublished\":\"2025-08-26T12:59:55+00:00\",\"dateModified\":\"2025-08-26T13:00:52+00:00\",\"description\":\"Beidh mionsraith nua cheannr\u00f3da\u00edoch \u00e1 taispe\u00e1int ar TG4 ina bhfiosr\u00f3far cluich\u00ed Gaelacha ar an sc\u00e1ile\u00e1n \u00f3 th\u00fas an 20\u00fa haois.\",\"breadcrumb\":{\"@id\":\"https:\/\/dev.tg4.ie\/ga\/eolas\/preas\/nuacht-raitis\/2025-2\/iomanaiocht-hollywood-mionsraith-nua-faoi-chluichi-gaelacha-ar-an-scailean-mor\/#breadcrumb\"},\"inLanguage\":\"ga\",\"potentialAction\":[{\"@type\":\"ReadAction\",\"target\":[\"https:\/\/dev.tg4.ie\/ga\/eolas\/preas\/nuacht-raitis\/2025-2\/iomanaiocht-hollywood-mionsraith-nua-faoi-chluichi-gaelacha-ar-an-scailean-mor\/\"]}]},{\"@type\":\"ImageObject\",\"inLanguage\":\"ga\",\"@id\":\"https:\/\/dev.tg4.ie\/ga\/eolas\/preas\/nuacht-raitis\/2025-2\/iomanaiocht-hollywood-mionsraith-nua-faoi-chluichi-gaelacha-ar-an-scailean-mor\/#primaryimage\",\"url\":\"https:\/\/dev.tg4.ie\/wp-content\/uploads\/2025\/08\/Iomanaiocht_Hollywood_1-1920x1080-1.jpg\",\"contentUrl\":\"https:\/\/dev.tg4.ie\/wp-content\/uploads\/2025\/08\/Iomanaiocht_Hollywood_1-1920x1080-1.jpg\"},{\"@type\":\"BreadcrumbList\",\"@id\":\"https:\/\/dev.tg4.ie\/ga\/eolas\/preas\/nuacht-raitis\/2025-2\/iomanaiocht-hollywood-mionsraith-nua-faoi-chluichi-gaelacha-ar-an-scailean-mor\/#breadcrumb\",\"itemListElement\":[{\"@type\":\"ListItem\",\"position\":1,\"name\":\"Home\",\"item\":\"https:\/\/dev.tg4.ie\/ga\/\"},{\"@type\":\"ListItem\",\"position\":2,\"name\":\"Eolas\",\"item\":\"https:\/\/dev.tg4.ie\/ga\/eolas\/\"},{\"@type\":\"ListItem\",\"position\":3,\"name\":\"Preas\",\"item\":\"https:\/\/dev.tg4.ie\/ga\/eolas\/preas\/\"},{\"@type\":\"ListItem\",\"position\":4,\"name\":\"Nuacht R\u00e1itis\",\"item\":\"https:\/\/dev.tg4.ie\/ga\/eolas\/preas\/nuacht-raitis\/\"},{\"@type\":\"ListItem\",\"position\":5,\"name\":\"2025\",\"item\":\"https:\/\/dev.tg4.ie\/ga\/eolas\/preas\/nuacht-raitis\/2025-2\/\"},{\"@type\":\"ListItem\",\"position\":6,\"name\":\"Iom\u00e1na\u00edocht Hollywood &#8211; Mionsraith nua faoi Chluich\u00ed Gaelacha ar an Sc\u00e1ile\u00e1n M\u00f3r\"}]},{\"@type\":\"WebSite\",\"@id\":\"https:\/\/dev.tg4.ie\/en\/#website\",\"url\":\"https:\/\/dev.tg4.ie\/en\/\",\"name\":\"TG4\",\"description\":\"S\u00fail Eile\",\"potentialAction\":[{\"@type\":\"SearchAction\",\"target\":{\"@type\":\"EntryPoint\",\"urlTemplate\":\"https:\/\/dev.tg4.ie\/en\/?s={search_term_string}\"},\"query-input\":\"required name=search_term_string\"}],\"inLanguage\":\"ga\"}]}<\/script>\n<!-- \/ Yoast SEO plugin. -->","yoast_head_json":{"title":"Iom\u00e1na\u00edocht Hollywood - Mionsraith nua faoi Chluich\u00ed Gaelacha ar an Sc\u00e1ile\u00e1n M\u00f3r | Preasr\u00e1iteas | TG4","description":"Beidh mionsraith nua cheannr\u00f3da\u00edoch \u00e1 taispe\u00e1int ar TG4 ina bhfiosr\u00f3far cluich\u00ed Gaelacha ar an sc\u00e1ile\u00e1n \u00f3 th\u00fas an 20\u00fa haois.","robots":{"index":"index","follow":"follow","max-snippet":"max-snippet:-1","max-image-preview":"max-image-preview:large","max-video-preview":"max-video-preview:-1"},"og_locale":"en_US","og_type":"article","og_title":"Iom\u00e1na\u00edocht Hollywood - Mionsraith nua faoi Chluich\u00ed Gaelacha ar an Sc\u00e1ile\u00e1n M\u00f3r | Preasr\u00e1iteas | TG4","og_description":"Beidh mionsraith nua cheannr\u00f3da\u00edoch \u00e1 taispe\u00e1int ar TG4 ina bhfiosr\u00f3far cluich\u00ed Gaelacha ar an sc\u00e1ile\u00e1n \u00f3 th\u00fas an 20\u00fa haois.","og_url":"https:\/\/dev.tg4.ie\/ga\/eolas\/preas\/nuacht-raitis\/2025-2\/iomanaiocht-hollywood-mionsraith-nua-faoi-chluichi-gaelacha-ar-an-scailean-mor\/","og_site_name":"TG4","article_publisher":"https:\/\/www.facebook.com\/TG4TV","article_modified_time":"2025-08-26T13:00:52+00:00","og_image":[{"url":"https:\/\/dev.tg4.ie\/wp-content\/uploads\/2025\/08\/Iomanaiocht_Hollywood_1-1920x1080-1.jpg"}],"twitter_card":"summary_large_image","twitter_site":"@TG4TV","twitter_misc":{"Est. reading time":"3 minutes"},"schema":{"@context":"https:\/\/schema.org","@graph":[{"@type":"WebPage","@id":"https:\/\/dev.tg4.ie\/ga\/eolas\/preas\/nuacht-raitis\/2025-2\/iomanaiocht-hollywood-mionsraith-nua-faoi-chluichi-gaelacha-ar-an-scailean-mor\/","url":"https:\/\/dev.tg4.ie\/ga\/eolas\/preas\/nuacht-raitis\/2025-2\/iomanaiocht-hollywood-mionsraith-nua-faoi-chluichi-gaelacha-ar-an-scailean-mor\/","name":"Iom\u00e1na\u00edocht Hollywood - Mionsraith nua faoi Chluich\u00ed Gaelacha ar an Sc\u00e1ile\u00e1n M\u00f3r | Preasr\u00e1iteas | TG4","isPartOf":{"@id":"https:\/\/dev.tg4.ie\/en\/#website"},"primaryImageOfPage":{"@id":"https:\/\/dev.tg4.ie\/ga\/eolas\/preas\/nuacht-raitis\/2025-2\/iomanaiocht-hollywood-mionsraith-nua-faoi-chluichi-gaelacha-ar-an-scailean-mor\/#primaryimage"},"image":{"@id":"https:\/\/dev.tg4.ie\/ga\/eolas\/preas\/nuacht-raitis\/2025-2\/iomanaiocht-hollywood-mionsraith-nua-faoi-chluichi-gaelacha-ar-an-scailean-mor\/#primaryimage"},"thumbnailUrl":"https:\/\/dev.tg4.ie\/wp-content\/uploads\/2025\/08\/Iomanaiocht_Hollywood_1-1920x1080-1.jpg","datePublished":"2025-08-26T12:59:55+00:00","dateModified":"2025-08-26T13:00:52+00:00","description":"Beidh mionsraith nua cheannr\u00f3da\u00edoch \u00e1 taispe\u00e1int ar TG4 ina bhfiosr\u00f3far cluich\u00ed Gaelacha ar an sc\u00e1ile\u00e1n \u00f3 th\u00fas an 20\u00fa haois.","breadcrumb":{"@id":"https:\/\/dev.tg4.ie\/ga\/eolas\/preas\/nuacht-raitis\/2025-2\/iomanaiocht-hollywood-mionsraith-nua-faoi-chluichi-gaelacha-ar-an-scailean-mor\/#breadcrumb"},"inLanguage":"ga","potentialAction":[{"@type":"ReadAction","target":["https:\/\/dev.tg4.ie\/ga\/eolas\/preas\/nuacht-raitis\/2025-2\/iomanaiocht-hollywood-mionsraith-nua-faoi-chluichi-gaelacha-ar-an-scailean-mor\/"]}]},{"@type":"ImageObject","inLanguage":"ga","@id":"https:\/\/dev.tg4.ie\/ga\/eolas\/preas\/nuacht-raitis\/2025-2\/iomanaiocht-hollywood-mionsraith-nua-faoi-chluichi-gaelacha-ar-an-scailean-mor\/#primaryimage","url":"https:\/\/dev.tg4.ie\/wp-content\/uploads\/2025\/08\/Iomanaiocht_Hollywood_1-1920x1080-1.jpg","contentUrl":"https:\/\/dev.tg4.ie\/wp-content\/uploads\/2025\/08\/Iomanaiocht_Hollywood_1-1920x1080-1.jpg"},{"@type":"BreadcrumbList","@id":"https:\/\/dev.tg4.ie\/ga\/eolas\/preas\/nuacht-raitis\/2025-2\/iomanaiocht-hollywood-mionsraith-nua-faoi-chluichi-gaelacha-ar-an-scailean-mor\/#breadcrumb","itemListElement":[{"@type":"ListItem","position":1,"name":"Home","item":"https:\/\/dev.tg4.ie\/ga\/"},{"@type":"ListItem","position":2,"name":"Eolas","item":"https:\/\/dev.tg4.ie\/ga\/eolas\/"},{"@type":"ListItem","position":3,"name":"Preas","item":"https:\/\/dev.tg4.ie\/ga\/eolas\/preas\/"},{"@type":"ListItem","position":4,"name":"Nuacht R\u00e1itis","item":"https:\/\/dev.tg4.ie\/ga\/eolas\/preas\/nuacht-raitis\/"},{"@type":"ListItem","position":5,"name":"2025","item":"https:\/\/dev.tg4.ie\/ga\/eolas\/preas\/nuacht-raitis\/2025-2\/"},{"@type":"ListItem","position":6,"name":"Iom\u00e1na\u00edocht Hollywood &#8211; Mionsraith nua faoi Chluich\u00ed Gaelacha ar an Sc\u00e1ile\u00e1n M\u00f3r"}]},{"@type":"WebSite","@id":"https:\/\/dev.tg4.ie\/en\/#website","url":"https:\/\/dev.tg4.ie\/en\/","name":"TG4","description":"S\u00fail Eile","potentialAction":[{"@type":"SearchAction","target":{"@type":"EntryPoint","urlTemplate":"https:\/\/dev.tg4.ie\/en\/?s={search_term_string}"},"query-input":"required name=search_term_string"}],"inLanguage":"ga"}]}},"_links":{"self":[{"href":"https:\/\/dev.tg4.ie\/ga\/wp-json\/wp\/v2\/pages\/247229"}],"collection":[{"href":"https:\/\/dev.tg4.ie\/ga\/wp-json\/wp\/v2\/pages"}],"about":[{"href":"https:\/\/dev.tg4.ie\/ga\/wp-json\/wp\/v2\/types\/page"}],"author":[{"embeddable":true,"href":"https:\/\/dev.tg4.ie\/ga\/wp-json\/wp\/v2\/users\/876"}],"replies":[{"embeddable":true,"href":"https:\/\/dev.tg4.ie\/ga\/wp-json\/wp\/v2\/comments?post=247229"}],"version-history":[{"count":0,"href":"https:\/\/dev.tg4.ie\/ga\/wp-json\/wp\/v2\/pages\/247229\/revisions"}],"up":[{"embeddable":true,"href":"https:\/\/dev.tg4.ie\/ga\/wp-json\/wp\/v2\/pages\/236807"}],"wp:attachment":[{"href":"https:\/\/dev.tg4.ie\/ga\/wp-json\/wp\/v2\/media?parent=247229"}],"curies":[{"name":"wp","href":"https:\/\/api.w.org\/{rel}","templated":true}]}}