{"id":247307,"date":"2025-09-04T09:04:05","date_gmt":"2025-09-04T08:04:05","guid":{"rendered":"https:\/\/dev.tg4.ie\/?page_id=247307"},"modified":"2025-09-04T09:05:46","modified_gmt":"2025-09-04T08:05:46","slug":"kneecap-beo-ag-electric-picnic-taifeadta-ag-tg4","status":"publish","type":"page","link":"https:\/\/dev.tg4.ie\/ga\/eolas\/preas\/nuacht-raitis\/2025-2\/kneecap-beo-ag-electric-picnic-taifeadta-ag-tg4\/","title":{"rendered":"Kneecap beo ag Electric Picnic, taifeadta ag TG4"},"content":{"rendered":"<p><img loading=\"lazy\" decoding=\"async\" width=\"1920\" height=\"1080\" src=\"https:\/\/tg4-docs.s3.amazonaws.com\/wp-content\/uploads\/2025\/09\/03163345\/Kneecap_le_Siomha_agus_John_1-1920x1080-1.jpg\" alt=\"\" class=\"aligncenter size-full wp-image-247310\" srcset=\"https:\/\/tg4-docs.s3.amazonaws.com\/wp-content\/uploads\/2025\/09\/03163345\/Kneecap_le_Siomha_agus_John_1-1920x1080-1.jpg 1920w, https:\/\/tg4-docs.s3.amazonaws.com\/wp-content\/uploads\/2025\/09\/03163345\/Kneecap_le_Siomha_agus_John_1-1920x1080-1-250x141.jpg 250w, https:\/\/tg4-docs.s3.amazonaws.com\/wp-content\/uploads\/2025\/09\/03163345\/Kneecap_le_Siomha_agus_John_1-1920x1080-1-700x394.jpg 700w, https:\/\/tg4-docs.s3.amazonaws.com\/wp-content\/uploads\/2025\/09\/03163345\/Kneecap_le_Siomha_agus_John_1-1920x1080-1-252x141.jpg 252w, https:\/\/tg4-docs.s3.amazonaws.com\/wp-content\/uploads\/2025\/09\/03163345\/Kneecap_le_Siomha_agus_John_1-1920x1080-1-1536x864.jpg 1536w, https:\/\/tg4-docs.s3.amazonaws.com\/wp-content\/uploads\/2025\/09\/03163345\/Kneecap_le_Siomha_agus_John_1-1920x1080-1-120x68.jpg 120w\" sizes=\"(max-width: 1920px) 100vw, 1920px\" \/><br \/>\n<sup>Pic: S\u00edomha N\u00ed Ruairc, Kneecap &#038; John Sharpson<\/sup><br \/>\n&nbsp;<\/p>\n<p><strong>Is f\u00e9idir f\u00e9achaint ar bhuaicphoint\u00ed de Kneecap ag Electric Picnic \u00e1it ar bith sa domhan:  <a href=\"https:\/\/nasc.tg4.tv\/Kneecap-ag-EP\" rel=\"noopener\" target=\"_blank\">https:\/\/nasc.tg4.tv\/Kneecap-ag-EP<\/a><\/strong><\/p>\n<p>Deis eile f\u00e9achaint ar an gcl\u00e1r ioml\u00e1n &#8216;Beo \u00f3n Electric Picnic\u2019: <a href=\"https:\/\/nasc.tg4.tv\/Beo_\u00f3n_Electric_Picnic\" rel=\"noopener\" target=\"_blank\">https:\/\/nasc.tg4.tv\/Beo_\u00f3n_Electric_Picnic<\/a><br \/>\n&nbsp;<\/p>\n<p>Bh\u00ed TG4 thar a bheith s\u00e1sta go rabhthas \u00e1balta craoladh, n\u00e1r deineadh a leith\u00e9id riamh cheana, a dh\u00e9anamh ar Electric Picnic 2025 agus \u00e9 a chur ar f\u00e1il don lucht sp\u00e9ise. Tugadh ard\u00e1n sa gcl\u00e1r do chuid de bhanna\u00ed is ionta\u00ed na h\u00c9ireann agus deineadh ceili\u00faradh ar an nGaeilge ar st\u00e1its\u00ed is m\u00f3 na f\u00e9ile. L\u00e1rnach sa gcraoladh bh\u00ed l\u00e9iri\u00fa ollmh\u00f3r <strong>Kneecap<\/strong>, a chuir m\u00edr chumhachtach, l\u00e1n go b\u00e9al ar f\u00e1il ar an bPr\u00edomhst\u00e1itse. Bh\u00ed an mh\u00edr sin ina cuid suntais chinni\u00fanach ag f\u00e9ile na bliana seo.<br \/>\n&nbsp;<\/p>\n<p>Mar cheili\u00faradh air sin, agus go tr\u00e1th\u00fail freisin \u00f3 tharla go bhfuil an t-amhr\u00e1n nua <strong>\u201cSay\u014dnara\u201d<\/strong> d\u00edreach eisithe ag an mbanna, t\u00e1 r\u00edm\u00e9ad ar TG4 a fh\u00f3gairt go bhfuil Buaicphoint\u00ed \u00f3 choirm Kneecap ag Electric Picnic, a n-amhr\u00e1n nua &#8216;Say\u014dnara&#8217; mar aon le &#8216;H.O.O.D&#8217; agus &#8216;The Recap&#8217; ina measc, le f\u00e1il anois ar Sheinnteoir TG4.<br \/>\n&nbsp;<\/p>\n<p>Tugtar deis leis an gcraoladh eisiach seo don lucht sp\u00e9ise an fuinneamh, an paisean agus an tionchar cult\u00fair a bh\u00edonn ag ceolchoirm, ar \u00f3c\u00e1id th\u00e1bhachtach at\u00e1 inti don cheol \u00c9ireannach agus don Ghaeilge araon, a fheice\u00e1il ar\u00eds.<br \/>\n&nbsp;<\/p>\n<p>\u00c1ir\u00edtear sa gcl\u00e1r ioml\u00e1n agus sa leagan buaicphoint\u00ed de <strong>\u201cBeo \u00f3n Electric Picnic\u201d<\/strong>, arna chur i l\u00e1thair ag S\u00edomha N\u00ed Ruairc agus John Sharpson, agallamh eisiach ar ch\u00fal st\u00e1itse le M\u00f3gla\u00ed Bap agus DJ Pr\u00f3va\u00ed, agus iad ag caint faoi aistear ar leith an bhanna \u00f3 na laethanta tosaigh agus iad ag casadh sa bPuball Gaeilge go dt\u00ed a bheith ag casadh anois ar an st\u00e1itse is m\u00f3 ag pr\u00edomhfh\u00e9ile cheoil na h\u00c9ireann.<br \/>\n&nbsp;<\/p>\n<p>D\u2019eascair an craoladh \u00f3 ghairm a rinne TG4 le haghaidh imeachta\u00ed beo ceoil a thaitneodh le lucht f\u00e9achana faoi 35 TG4. Is iad na L\u00e9iritheoir\u00ed Feidhmi\u00fach\u00e1in Cian Mac C\u00e1rthaigh agus Carol Gunner (84-Ocht\u00f34 Productions) a smaoinigh ar an Electric Picnic a chur ar f\u00e1il do lucht f\u00e9achana TG4. Bh\u00ed Melvin Benn, Sti\u00farth\u00f3ir na F\u00e9ile, an-thac\u00fail i leith na Gaeilge agus i dtaobh ard\u00e1n a thabhairt do st\u00e1its\u00ed na Collchoille agus an Phubaill Gaeilge, st\u00e1its\u00ed a thugann ard\u00e1n ar leith do cheolt\u00f3ir\u00ed Gaeilge.<br \/>\n&nbsp;<\/p>\n<p>Nuair a chuala Anton Cullen, at\u00e1 i gceannas ar st\u00e1itse na Collchoille, faoin togra, bh\u00ed s\u00e9 l\u00e1rnach i dtabhairt chun f\u00edre an togra. Thug s\u00e9 cead isteach ar an su\u00edomh don chri\u00fa agus chuidigh s\u00e9 leo preabsti\u00faideo a shocr\u00fa suas sa gCollchoill, agus bh\u00ed an sti\u00faideo \u00e1lainn sin le feice\u00e1il ar an sc\u00e1ile\u00e1n.<br \/>\n&nbsp;<\/p>\n<p>D\u00fairt <strong>Cian Mac C\u00e1rthaigh, L\u00e9iritheoir Feidhmi\u00fach\u00e1in<\/strong> an chl\u00e1ir:<br \/>\n<em>&#8220;Cl\u00e1r thar a bheith speisialta a bh\u00ed in Beo \u00f3n Electric Picnic a l\u00e9iri\u00fa. N\u00ed bheif\u00ed \u00e1balta \u00e9 a dh\u00e9anamh ar chor ar bith murach an taca\u00edocht dhochreidte a fuaireamar \u00f3 Sti\u00farth\u00f3ir na F\u00e9ile, Melvin Benn, agus \u00f3 Anton Cullen. Bh\u00ed an Chollchoill foirfe ar fad ina bun\u00e1it ag an se\u00f3 &#8211; is \u00e1it thar a bheith speisialta \u00e9 agus t\u00e1 fuinneamh iontach ann. Ba mhaith liom bu\u00edochas a ghabh\u00e1il leis an bhfoireann go l\u00e9ir a d\u2019oibrigh gan stad gan staonadh lena chinnti\u00fa go mbeadh an cl\u00e1r seo ar an gcaighde\u00e1n is airde. Ba mh\u00f3r an pl\u00e9isi\u00far \u00e9 a bheith ann in \u00e9ineacht leo.\u201d<\/em><br \/>\n&nbsp;<\/p>\n<p>Maidir leis an gcl\u00e1r freisin d\u00fairt <strong>Dearbhaile Flynn agus Donncha Mac Con Iomaire, Eagarth\u00f3ir\u00ed Coimisi\u00fanaithe TG4<\/strong>:<br \/>\n<em>\u201cIs lucht f\u00e9achana thar a bheith t\u00e1bhachtach do TG4 an lucht f\u00e9achana Faoi 35 a bhfuil an Ghaeilge gar d\u00e1 gcro\u00ed. B\u2019iontach an deis a bh\u00ed sa gcomhoibri\u00fa seo le Electric Picnic chun fuinneamh, cruthaitheacht agus br\u00edomhaireacht an lucht f\u00e9achana sin a cheili\u00faradh ag ceann de thion\u00f3il chult\u00fair is ionta\u00ed na h\u00c9ireann. Rinne 84 Productions l\u00e9iri\u00fa den scoth ar an bhf\u00e9ile agus rinne siad a gach a d\u2019fh\u00e9adfaid\u00eds a dh\u00e9anamh chun cl\u00e1r ar chaighde\u00e1n chomh ard sin a chur ar f\u00e1il i sprioc-am dian. T\u00e1imid thar a bheith bu\u00edoch do Electric Picnic as rochtain iontach a thabhairt d\u00fainn agus t\u00e1 s\u00fail againn go leanfar leis an obair seo leo amach anseo.\u201d<\/em><br \/>\n&nbsp;<\/p>\n<p>Nuair a fuair Kneecap agus a mbainist\u00edocht amach go mbeadh TG4 i l\u00e1thair, bh\u00ed siad an-s\u00e1sta agallamh eisiach a dh\u00e9anamh agus thug siad cead d\u00f3ibh a m\u00edr stairi\u00fail a thaifeadadh agus a chraoladh. Chinntigh a rannph\u00e1irt\u00edocht gur cuireadh ceann de na h\u00f3c\u00e1id\u00ed cult\u00fair is t\u00e1bhachta\u00ed le linn na f\u00e9ile ar f\u00e1il ar Beo \u00f3n Electric Picnic.<br \/>\n&nbsp;<\/p>\n<p>C\u00e9 gurbh \u00e9 l\u00e9iri\u00fa Kneecap an buaicphointe, taispe\u00e1nadh roinnt de na ceolt\u00f3ir\u00ed den scoth a bh\u00ed ar st\u00e1its\u00ed na Collchoille agus an Phubaill Gaeilge freisin ar an gcl\u00e1r, le m\u00edreanna iontacha \u00f3 leith\u00e9id\u00ed Amble, IML\u00c9, Eve Belle, John Spillane, The F\u00f3gues, Byro, David Geraghty (BellX1), The Donnys, Dysania, Caolan Ryan, Lisa Murray, Lost West (a chas leagan speisialta de Dreams, amhr\u00e1n leis The Cranberries), agus tuilleadh nach iad.<br \/>\n&nbsp;<\/p>\n<p>Rinne taca\u00edocht theicni\u00fail, fuaime agus saor\u00e1id\u00ed THE COOP, John Vickers \u00f3 SOUND DESIGN agus Niall Varley \u00f3 Reverist s\u00e1rl\u00e9iri\u00fa amach is amach den chl\u00e1r. D\u2019\u00e9irigh leo cl\u00e1r ar chaighde\u00e1n den scoth a chur i dtoll a ch\u00e9ile in achar ama thar a bheith gearr.<br \/>\n&nbsp;<\/p>\n<p>Bh\u00ed p\u00edosa cainte le Melvin Benn, seisi\u00fain ac\u00fastacha, agallaimh agus p\u00edosa\u00ed cainte le lucht eagraithe, ceolt\u00f3ir\u00ed agus lucht freastail mar chuid den chraoladh freisin. Ba cheili\u00faradh ceart a bh\u00ed sa gcl\u00e1r speisialta 90 n\u00f3im\u00e9ad seo ar Electric Picnic 2025, inar tugadh ceol beo, an cult\u00far agus an teanga le ch\u00e9ile i gcraoladh amh\u00e1in nach nd\u00e9anfar dearmad air.<br \/>\n&nbsp;<\/p>\n<p>F\u00e9ach ar mh\u00edr Kneecap anois ar Sheinnteoir TG4 agus d\u00e9an ceili\u00faradh ar eisi\u00faint a singile nua \u201cSay\u014dnara\u201d &#8211; r\u00e9 nua chumhachtach eile i sc\u00e9al an bhanna, sc\u00e9al a bh\u00edonn ag athr\u00fa de sh\u00edor.<\/p>\n<p>&nbsp;<br \/>\n&nbsp;<\/p>\n<p><strong><center>T\u00e1 buaicphoint\u00ed \u00f3 mh\u00edr Kneecap ag EP<\/center><\/p>\n<p><center>mar aon le \u2018Beo \u00f3n Electric Picnic&#8217;<\/center><\/p>\n<p><center>le f\u00e1il ag lucht sp\u00e9ise ar fud an domhain anois ar<\/center><\/p>\n<p><center><a href=\"https:\/\/dev.tg4.ie\" rel=\"noopener\" target=\"_blank\">Sheinnteoir TG4<\/a><\/center><\/strong><br \/>\n&nbsp;<br \/>\n&nbsp;<\/p>\n","protected":false},"excerpt":{"rendered":"<p>Pic: S\u00edomha N\u00ed Ruairc, Kneecap &#038; John Sharpson &nbsp; Is f\u00e9idir f\u00e9achaint ar bhuaicphoint\u00ed de Kneecap ag Electric Picnic \u00e1it ar bith sa domhan: https:\/\/nasc.tg4.tv\/Kneecap-ag-EP Deis eile f\u00e9achaint ar an gcl\u00e1r ioml\u00e1n &#8216;Beo \u00f3n Electric Picnic\u2019: https:\/\/nasc.tg4.tv\/Beo_\u00f3n_Electric_Picnic &nbsp; Bh\u00ed TG4 thar a bheith s\u00e1sta go rabhthas \u00e1balta craoladh, n\u00e1r deineadh a leith\u00e9id riamh cheana, a [&hellip;]<\/p>\n","protected":false},"author":876,"featured_media":0,"parent":236807,"menu_order":47,"comment_status":"closed","ping_status":"closed","template":"page-templates\/template-pr.php","meta":{"_acf_changed":false,"footnotes":""},"acf":[],"yoast_head":"<!-- This site is optimized with the Yoast SEO plugin v22.6 - https:\/\/yoast.com\/wordpress\/plugins\/seo\/ -->\n<title>Kneecap beo ag Electric Picnic, taifeadta ag TG4 | Preasr\u00e1iteas | TG4<\/title>\n<meta name=\"description\" content=\"Bh\u00ed TG4 thar a bheith s\u00e1sta go rabhthas \u00e1balta craoladh, n\u00e1r deineadh a leith\u00e9id riamh cheana, a dh\u00e9anamh ar Electric Picnic 2025 agus \u00e9 a chur ar f\u00e1il don lucht sp\u00e9ise.\" \/>\n<meta name=\"robots\" content=\"index, follow, max-snippet:-1, max-image-preview:large, max-video-preview:-1\" \/>\n<meta property=\"og:locale\" content=\"en_US\" \/>\n<meta property=\"og:type\" content=\"article\" \/>\n<meta property=\"og:title\" content=\"Kneecap beo ag Electric Picnic, taifeadta ag TG4 | Preasr\u00e1iteas | TG4\" \/>\n<meta property=\"og:description\" content=\"Bh\u00ed TG4 thar a bheith s\u00e1sta go rabhthas \u00e1balta craoladh, n\u00e1r deineadh a leith\u00e9id riamh cheana, a dh\u00e9anamh ar Electric Picnic 2025 agus \u00e9 a chur ar f\u00e1il don lucht sp\u00e9ise.\" \/>\n<meta property=\"og:url\" content=\"https:\/\/dev.tg4.ie\/ga\/eolas\/preas\/nuacht-raitis\/2025-2\/kneecap-beo-ag-electric-picnic-taifeadta-ag-tg4\/\" \/>\n<meta property=\"og:site_name\" content=\"TG4\" \/>\n<meta property=\"article:publisher\" content=\"https:\/\/www.facebook.com\/TG4TV\" \/>\n<meta property=\"article:modified_time\" content=\"2025-09-04T08:05:46+00:00\" \/>\n<meta property=\"og:image\" content=\"https:\/\/dev.tg4.ie\/wp-content\/uploads\/2025\/09\/Kneecap_le_Siomha_agus_John_1-1920x1080-1.jpg\" \/>\n<meta name=\"twitter:card\" content=\"summary_large_image\" \/>\n<meta name=\"twitter:site\" content=\"@TG4TV\" \/>\n<meta name=\"twitter:label1\" content=\"Est. reading time\" \/>\n\t<meta name=\"twitter:data1\" content=\"5 minutes\" \/>\n<script type=\"application\/ld+json\" class=\"yoast-schema-graph\">{\"@context\":\"https:\/\/schema.org\",\"@graph\":[{\"@type\":\"WebPage\",\"@id\":\"https:\/\/dev.tg4.ie\/ga\/eolas\/preas\/nuacht-raitis\/2025-2\/kneecap-beo-ag-electric-picnic-taifeadta-ag-tg4\/\",\"url\":\"https:\/\/dev.tg4.ie\/ga\/eolas\/preas\/nuacht-raitis\/2025-2\/kneecap-beo-ag-electric-picnic-taifeadta-ag-tg4\/\",\"name\":\"Kneecap beo ag Electric Picnic, taifeadta ag TG4 | Preasr\u00e1iteas | TG4\",\"isPartOf\":{\"@id\":\"https:\/\/dev.tg4.ie\/en\/#website\"},\"primaryImageOfPage\":{\"@id\":\"https:\/\/dev.tg4.ie\/ga\/eolas\/preas\/nuacht-raitis\/2025-2\/kneecap-beo-ag-electric-picnic-taifeadta-ag-tg4\/#primaryimage\"},\"image\":{\"@id\":\"https:\/\/dev.tg4.ie\/ga\/eolas\/preas\/nuacht-raitis\/2025-2\/kneecap-beo-ag-electric-picnic-taifeadta-ag-tg4\/#primaryimage\"},\"thumbnailUrl\":\"https:\/\/dev.tg4.ie\/wp-content\/uploads\/2025\/09\/Kneecap_le_Siomha_agus_John_1-1920x1080-1.jpg\",\"datePublished\":\"2025-09-04T08:04:05+00:00\",\"dateModified\":\"2025-09-04T08:05:46+00:00\",\"description\":\"Bh\u00ed TG4 thar a bheith s\u00e1sta go rabhthas \u00e1balta craoladh, n\u00e1r deineadh a leith\u00e9id riamh cheana, a dh\u00e9anamh ar Electric Picnic 2025 agus \u00e9 a chur ar f\u00e1il don lucht sp\u00e9ise.\",\"breadcrumb\":{\"@id\":\"https:\/\/dev.tg4.ie\/ga\/eolas\/preas\/nuacht-raitis\/2025-2\/kneecap-beo-ag-electric-picnic-taifeadta-ag-tg4\/#breadcrumb\"},\"inLanguage\":\"ga\",\"potentialAction\":[{\"@type\":\"ReadAction\",\"target\":[\"https:\/\/dev.tg4.ie\/ga\/eolas\/preas\/nuacht-raitis\/2025-2\/kneecap-beo-ag-electric-picnic-taifeadta-ag-tg4\/\"]}]},{\"@type\":\"ImageObject\",\"inLanguage\":\"ga\",\"@id\":\"https:\/\/dev.tg4.ie\/ga\/eolas\/preas\/nuacht-raitis\/2025-2\/kneecap-beo-ag-electric-picnic-taifeadta-ag-tg4\/#primaryimage\",\"url\":\"https:\/\/dev.tg4.ie\/wp-content\/uploads\/2025\/09\/Kneecap_le_Siomha_agus_John_1-1920x1080-1.jpg\",\"contentUrl\":\"https:\/\/dev.tg4.ie\/wp-content\/uploads\/2025\/09\/Kneecap_le_Siomha_agus_John_1-1920x1080-1.jpg\"},{\"@type\":\"BreadcrumbList\",\"@id\":\"https:\/\/dev.tg4.ie\/ga\/eolas\/preas\/nuacht-raitis\/2025-2\/kneecap-beo-ag-electric-picnic-taifeadta-ag-tg4\/#breadcrumb\",\"itemListElement\":[{\"@type\":\"ListItem\",\"position\":1,\"name\":\"Home\",\"item\":\"https:\/\/dev.tg4.ie\/ga\/\"},{\"@type\":\"ListItem\",\"position\":2,\"name\":\"Eolas\",\"item\":\"https:\/\/dev.tg4.ie\/ga\/eolas\/\"},{\"@type\":\"ListItem\",\"position\":3,\"name\":\"Preas\",\"item\":\"https:\/\/dev.tg4.ie\/ga\/eolas\/preas\/\"},{\"@type\":\"ListItem\",\"position\":4,\"name\":\"Nuacht R\u00e1itis\",\"item\":\"https:\/\/dev.tg4.ie\/ga\/eolas\/preas\/nuacht-raitis\/\"},{\"@type\":\"ListItem\",\"position\":5,\"name\":\"2025\",\"item\":\"https:\/\/dev.tg4.ie\/ga\/eolas\/preas\/nuacht-raitis\/2025-2\/\"},{\"@type\":\"ListItem\",\"position\":6,\"name\":\"Kneecap beo ag Electric Picnic, taifeadta ag TG4\"}]},{\"@type\":\"WebSite\",\"@id\":\"https:\/\/dev.tg4.ie\/en\/#website\",\"url\":\"https:\/\/dev.tg4.ie\/en\/\",\"name\":\"TG4\",\"description\":\"S\u00fail Eile\",\"potentialAction\":[{\"@type\":\"SearchAction\",\"target\":{\"@type\":\"EntryPoint\",\"urlTemplate\":\"https:\/\/dev.tg4.ie\/en\/?s={search_term_string}\"},\"query-input\":\"required name=search_term_string\"}],\"inLanguage\":\"ga\"}]}<\/script>\n<!-- \/ Yoast SEO plugin. -->","yoast_head_json":{"title":"Kneecap beo ag Electric Picnic, taifeadta ag TG4 | Preasr\u00e1iteas | TG4","description":"Bh\u00ed TG4 thar a bheith s\u00e1sta go rabhthas \u00e1balta craoladh, n\u00e1r deineadh a leith\u00e9id riamh cheana, a dh\u00e9anamh ar Electric Picnic 2025 agus \u00e9 a chur ar f\u00e1il don lucht sp\u00e9ise.","robots":{"index":"index","follow":"follow","max-snippet":"max-snippet:-1","max-image-preview":"max-image-preview:large","max-video-preview":"max-video-preview:-1"},"og_locale":"en_US","og_type":"article","og_title":"Kneecap beo ag Electric Picnic, taifeadta ag TG4 | Preasr\u00e1iteas | TG4","og_description":"Bh\u00ed TG4 thar a bheith s\u00e1sta go rabhthas \u00e1balta craoladh, n\u00e1r deineadh a leith\u00e9id riamh cheana, a dh\u00e9anamh ar Electric Picnic 2025 agus \u00e9 a chur ar f\u00e1il don lucht sp\u00e9ise.","og_url":"https:\/\/dev.tg4.ie\/ga\/eolas\/preas\/nuacht-raitis\/2025-2\/kneecap-beo-ag-electric-picnic-taifeadta-ag-tg4\/","og_site_name":"TG4","article_publisher":"https:\/\/www.facebook.com\/TG4TV","article_modified_time":"2025-09-04T08:05:46+00:00","og_image":[{"url":"https:\/\/dev.tg4.ie\/wp-content\/uploads\/2025\/09\/Kneecap_le_Siomha_agus_John_1-1920x1080-1.jpg"}],"twitter_card":"summary_large_image","twitter_site":"@TG4TV","twitter_misc":{"Est. reading time":"5 minutes"},"schema":{"@context":"https:\/\/schema.org","@graph":[{"@type":"WebPage","@id":"https:\/\/dev.tg4.ie\/ga\/eolas\/preas\/nuacht-raitis\/2025-2\/kneecap-beo-ag-electric-picnic-taifeadta-ag-tg4\/","url":"https:\/\/dev.tg4.ie\/ga\/eolas\/preas\/nuacht-raitis\/2025-2\/kneecap-beo-ag-electric-picnic-taifeadta-ag-tg4\/","name":"Kneecap beo ag Electric Picnic, taifeadta ag TG4 | Preasr\u00e1iteas | TG4","isPartOf":{"@id":"https:\/\/dev.tg4.ie\/en\/#website"},"primaryImageOfPage":{"@id":"https:\/\/dev.tg4.ie\/ga\/eolas\/preas\/nuacht-raitis\/2025-2\/kneecap-beo-ag-electric-picnic-taifeadta-ag-tg4\/#primaryimage"},"image":{"@id":"https:\/\/dev.tg4.ie\/ga\/eolas\/preas\/nuacht-raitis\/2025-2\/kneecap-beo-ag-electric-picnic-taifeadta-ag-tg4\/#primaryimage"},"thumbnailUrl":"https:\/\/dev.tg4.ie\/wp-content\/uploads\/2025\/09\/Kneecap_le_Siomha_agus_John_1-1920x1080-1.jpg","datePublished":"2025-09-04T08:04:05+00:00","dateModified":"2025-09-04T08:05:46+00:00","description":"Bh\u00ed TG4 thar a bheith s\u00e1sta go rabhthas \u00e1balta craoladh, n\u00e1r deineadh a leith\u00e9id riamh cheana, a dh\u00e9anamh ar Electric Picnic 2025 agus \u00e9 a chur ar f\u00e1il don lucht sp\u00e9ise.","breadcrumb":{"@id":"https:\/\/dev.tg4.ie\/ga\/eolas\/preas\/nuacht-raitis\/2025-2\/kneecap-beo-ag-electric-picnic-taifeadta-ag-tg4\/#breadcrumb"},"inLanguage":"ga","potentialAction":[{"@type":"ReadAction","target":["https:\/\/dev.tg4.ie\/ga\/eolas\/preas\/nuacht-raitis\/2025-2\/kneecap-beo-ag-electric-picnic-taifeadta-ag-tg4\/"]}]},{"@type":"ImageObject","inLanguage":"ga","@id":"https:\/\/dev.tg4.ie\/ga\/eolas\/preas\/nuacht-raitis\/2025-2\/kneecap-beo-ag-electric-picnic-taifeadta-ag-tg4\/#primaryimage","url":"https:\/\/dev.tg4.ie\/wp-content\/uploads\/2025\/09\/Kneecap_le_Siomha_agus_John_1-1920x1080-1.jpg","contentUrl":"https:\/\/dev.tg4.ie\/wp-content\/uploads\/2025\/09\/Kneecap_le_Siomha_agus_John_1-1920x1080-1.jpg"},{"@type":"BreadcrumbList","@id":"https:\/\/dev.tg4.ie\/ga\/eolas\/preas\/nuacht-raitis\/2025-2\/kneecap-beo-ag-electric-picnic-taifeadta-ag-tg4\/#breadcrumb","itemListElement":[{"@type":"ListItem","position":1,"name":"Home","item":"https:\/\/dev.tg4.ie\/ga\/"},{"@type":"ListItem","position":2,"name":"Eolas","item":"https:\/\/dev.tg4.ie\/ga\/eolas\/"},{"@type":"ListItem","position":3,"name":"Preas","item":"https:\/\/dev.tg4.ie\/ga\/eolas\/preas\/"},{"@type":"ListItem","position":4,"name":"Nuacht R\u00e1itis","item":"https:\/\/dev.tg4.ie\/ga\/eolas\/preas\/nuacht-raitis\/"},{"@type":"ListItem","position":5,"name":"2025","item":"https:\/\/dev.tg4.ie\/ga\/eolas\/preas\/nuacht-raitis\/2025-2\/"},{"@type":"ListItem","position":6,"name":"Kneecap beo ag Electric Picnic, taifeadta ag TG4"}]},{"@type":"WebSite","@id":"https:\/\/dev.tg4.ie\/en\/#website","url":"https:\/\/dev.tg4.ie\/en\/","name":"TG4","description":"S\u00fail Eile","potentialAction":[{"@type":"SearchAction","target":{"@type":"EntryPoint","urlTemplate":"https:\/\/dev.tg4.ie\/en\/?s={search_term_string}"},"query-input":"required name=search_term_string"}],"inLanguage":"ga"}]}},"_links":{"self":[{"href":"https:\/\/dev.tg4.ie\/ga\/wp-json\/wp\/v2\/pages\/247307"}],"collection":[{"href":"https:\/\/dev.tg4.ie\/ga\/wp-json\/wp\/v2\/pages"}],"about":[{"href":"https:\/\/dev.tg4.ie\/ga\/wp-json\/wp\/v2\/types\/page"}],"author":[{"embeddable":true,"href":"https:\/\/dev.tg4.ie\/ga\/wp-json\/wp\/v2\/users\/876"}],"replies":[{"embeddable":true,"href":"https:\/\/dev.tg4.ie\/ga\/wp-json\/wp\/v2\/comments?post=247307"}],"version-history":[{"count":0,"href":"https:\/\/dev.tg4.ie\/ga\/wp-json\/wp\/v2\/pages\/247307\/revisions"}],"up":[{"embeddable":true,"href":"https:\/\/dev.tg4.ie\/ga\/wp-json\/wp\/v2\/pages\/236807"}],"wp:attachment":[{"href":"https:\/\/dev.tg4.ie\/ga\/wp-json\/wp\/v2\/media?parent=247307"}],"curies":[{"name":"wp","href":"https:\/\/api.w.org\/{rel}","templated":true}]}}