{"id":247329,"date":"2025-09-05T09:45:50","date_gmt":"2025-09-05T08:45:50","guid":{"rendered":"https:\/\/dev.tg4.ie\/?page_id=247329"},"modified":"2025-09-05T09:48:49","modified_gmt":"2025-09-05T08:48:49","slug":"corn-na-heorpa-3x3-fiba-le-craoladh-beo-ar-seinnteoir-aip-tg4","status":"publish","type":"page","link":"https:\/\/dev.tg4.ie\/ga\/eolas\/preas\/nuacht-raitis\/2025-2\/corn-na-heorpa-3x3-fiba-le-craoladh-beo-ar-seinnteoir-aip-tg4\/","title":{"rendered":"Corn na hEorpa 3&#215;3 FIBA le craoladh beo ar Seinnteoir &#038; Aip TG4"},"content":{"rendered":"<table>\n<tbody>\n<tr>\n<td width=\"50%\"><img loading=\"lazy\" decoding=\"async\" width=\"1920\" height=\"1080\" src=\"https:\/\/tg4-docs.s3.amazonaws.com\/wp-content\/uploads\/2025\/09\/05094400\/3x3_Basketball_3-1920x1080-1.jpg\" alt=\"\" class=\"aligncenter size-full wp-image-247333\" srcset=\"https:\/\/tg4-docs.s3.amazonaws.com\/wp-content\/uploads\/2025\/09\/05094400\/3x3_Basketball_3-1920x1080-1.jpg 1920w, https:\/\/tg4-docs.s3.amazonaws.com\/wp-content\/uploads\/2025\/09\/05094400\/3x3_Basketball_3-1920x1080-1-250x141.jpg 250w, https:\/\/tg4-docs.s3.amazonaws.com\/wp-content\/uploads\/2025\/09\/05094400\/3x3_Basketball_3-1920x1080-1-700x394.jpg 700w, https:\/\/tg4-docs.s3.amazonaws.com\/wp-content\/uploads\/2025\/09\/05094400\/3x3_Basketball_3-1920x1080-1-252x141.jpg 252w, https:\/\/tg4-docs.s3.amazonaws.com\/wp-content\/uploads\/2025\/09\/05094400\/3x3_Basketball_3-1920x1080-1-1536x864.jpg 1536w, https:\/\/tg4-docs.s3.amazonaws.com\/wp-content\/uploads\/2025\/09\/05094400\/3x3_Basketball_3-1920x1080-1-120x68.jpg 120w\" sizes=\"(max-width: 1920px) 100vw, 1920px\" \/><\/td>\n<td width=\"50%\"><img loading=\"lazy\" decoding=\"async\" width=\"1920\" height=\"1080\" src=\"https:\/\/tg4-docs.s3.amazonaws.com\/wp-content\/uploads\/2025\/09\/05094406\/3x3_Basketball_2-1920x1080-1.jpg\" alt=\"\" class=\"aligncenter size-full wp-image-247335\" srcset=\"https:\/\/tg4-docs.s3.amazonaws.com\/wp-content\/uploads\/2025\/09\/05094406\/3x3_Basketball_2-1920x1080-1.jpg 1920w, https:\/\/tg4-docs.s3.amazonaws.com\/wp-content\/uploads\/2025\/09\/05094406\/3x3_Basketball_2-1920x1080-1-250x141.jpg 250w, https:\/\/tg4-docs.s3.amazonaws.com\/wp-content\/uploads\/2025\/09\/05094406\/3x3_Basketball_2-1920x1080-1-700x394.jpg 700w, https:\/\/tg4-docs.s3.amazonaws.com\/wp-content\/uploads\/2025\/09\/05094406\/3x3_Basketball_2-1920x1080-1-252x141.jpg 252w, https:\/\/tg4-docs.s3.amazonaws.com\/wp-content\/uploads\/2025\/09\/05094406\/3x3_Basketball_2-1920x1080-1-1536x864.jpg 1536w, https:\/\/tg4-docs.s3.amazonaws.com\/wp-content\/uploads\/2025\/09\/05094406\/3x3_Basketball_2-1920x1080-1-120x68.jpg 120w\" sizes=\"(max-width: 1920px) 100vw, 1920px\" \/><\/td>\n<\/tr>\n<\/tbody>\n<\/table>\n<p>&nbsp;<br \/>\nTaispe\u00e1nfaidh TG4 cispheil idirn\u00e1isi\u00fanta 3&#215;3 den ch\u00e9ad uair riamh an deireadh seachtaine seo nuair a chuirfidh an cain\u00e9al cl\u00fadach beo ar f\u00e1il de <strong>Chorn na hEorpa 3&#215;3 FIBA 2025<\/strong>. Beidh an com\u00f3rtas ar si\u00fal \u00f3n <strong>5\u20137 Me\u00e1n F\u00f3mhair san Ofelia Plads i gC\u00f3banh\u00e1van<\/strong>. C\u00e9im mh\u00f3r chun cinn \u00e9 seo do chispheil na h\u00c9ireann mar gurb \u00e9 seo an ch\u00e9ad uair riamh a bhfuil Craobh na hEorpa bainte amach ag foireann 3&#215;3 na h\u00c9ireann.<br \/>\n&nbsp;<\/p>\n<p>Beidh cl\u00fadach beo ar f\u00e1il ar <strong>Seinnteoir agus Aip TG4<\/strong>, ag tos\u00fa le <strong>cluich\u00ed na h\u00c9ireann i nGr\u00fapa C D\u00e9 hAoine<\/strong> an 5 Me\u00e1n F\u00f3mhair in aghaidh na <strong>Laitvia<\/strong> (10:30am) agus na <strong>h\u00cdsilt\u00edre<\/strong> (3:45pm). Craolfar chomh maith <strong>cluich\u00ed Ceathr\u00fa Ceannais, Leathcheannais agus Ceannais na bhFear D\u00e9 Domhnaigh<\/strong> an 7 Me\u00e1n F\u00f3mhair, agus foireann na h\u00c9ireann ag s\u00fail lena turas stairi\u00fail a chur i gcr\u00edch.<br \/>\n&nbsp;<\/p>\n<p>Is \u00e9 seo an <strong>10\u00fa heagr\u00e1n de Chorn na hEorpa 3&#215;3 FIBA<\/strong> ina bhf\u00e9achfaidh 12 fhoireann fear agus 12 fhoireann ban le craobh na m\u00f3r-roinne a thabhairt leo. Ch\u00e1iligh foireann fhir na h\u00c9ireann nuair a fuair siad an bua 21\u201319 ar an gCipir i gCluiche C\u00e1ilithe sa Chosaiv i m\u00ed an Mheithimh. Beidh siad anois ag tabhairt aghaidh ar ch\u00e9il\u00ed comhraic den scoth, an Laitvia agus an \u00cdsilt\u00edr ar foirne iad a bhfuil boinn buaite acu ag na Cluich\u00ed Oilimpeacha.<br \/>\n&nbsp;<\/p>\n<p>Mh\u00ednigh <strong>bainisteoir na h\u00c9ireann, Darren McGovern<\/strong>, cad is f\u00e9idir leis na lucht f\u00e9achana a bheith ag s\u00fail leis \u00f3n bhform\u00e1id 3&#215;3:<br \/>\n<em>\u201cCluiche an-dhifri\u00fail go deo \u00e9 seo. R\u00e1ib at\u00e1 ann seachas an marat\u00f3n 40 n\u00f3im\u00e9ad a bh\u00edonn i gceist leis an gcluiche 5v5. Beidh an luas an-tapa, beidh na haistrithe gasta agus beidh an saorchaitheamh cruinn.  Is \u00ed an chosaint bun agus barr an chluiche seo. Feicfidh sibh go leor sc\u00f3ranna dh\u00e1 phointe \u2013 ar sc\u00f3ranna tr\u00ed phointe iad sa 5v5 \u2013 plainc agus cosaint dh\u00edograiseach. B\u00edonn na n\u00f3im\u00e9id dheireanacha l\u00e1n fuinnimh: b\u00edonn na himreoir\u00ed ag \u00e9ir\u00ed tuirseach, b\u00edonn n\u00edos m\u00f3 pion\u00f3s \u00e1 ngearradh, agus uaireanta b\u00edonn s\u00e9 ina ch\u00edor thuathail. Is iontach an radharc \u00e9 don lucht f\u00e9achana. Nuair a bh\u00edonn an cluiche teann agus nuair a shroicheann foireann na 21 phointe, b\u00edonn t\u00fa ar b\u00eds. Beidh duine ar bith a bheidh ag f\u00e9achaint air seo den ch\u00e9ad uair ag iarraidh tuilleadh de, n\u00edl aon dabht faoi sin!\u201d<\/em><br \/>\n&nbsp;<\/p>\n<p>Luaigh McGovern chomh maith go bhfuil s\u00e9 de chumas ag an bhfoireann seo d\u00e9anamh gomaith sa gcom\u00f3rtas:<br \/>\n<em>\u201cLeis an bhform\u00e1id seo, b\u00edonn athruithe ag tarl\u00fa go minic. T\u00e1 luach an sc\u00f3r dh\u00e1 phointe d\u00fabailte, mar sin m\u00e1 sc\u00f3r\u00e1lann t\u00fa p\u00e9ire n\u00f3 tr\u00ed cinn acu sin go luath sa chluiche, tugann s\u00e9 bunt\u00e1iste duit. Ach is f\u00e9idir le foirne teacht ar ais go tapa. Sin cuid de na c\u00faiseanna gur cluiche den scoth \u00e9 seo \u2013 an r\u00e1s, foireann a bheith taobh thiar agus ansin iad a bheith chun cinn ar\u00eds. Tugann na cluich\u00ed gearra seans do th\u00edortha \u00edseal-rangaithe stangadh a bhaint as na n\u00e1isi\u00fain mh\u00f3ra. T\u00e1 an plean at\u00e1 againn simpl\u00ed: a bheith cruinn san ionsa\u00ed agus foirne eile a mhoilli\u00fa sa chosaint.\u201d<\/em><br \/>\n&nbsp;<\/p>\n<p>D\u00fairt <strong>John Carroll, duine d\u2019imreoir\u00ed is t\u00e1bhachta\u00ed na h\u00c9ireann<\/strong>, go seasann su\u00edomh agus \u00farnuacht an 3&#215;3 amach:<br \/>\n<em>\u201cSin cuid mh\u00f3r de. B\u00edonn s\u00e9 ar si\u00fal taobh amuigh in ionaid ch\u00fal\u00e1ilte a bh\u00edonn beo le lucht taca\u00edochta ar feadh tr\u00ed l\u00e1. T\u00e1 \u00e1it bainte amach ag an sp\u00f3rt seo anois d\u00f3 f\u00e9in agus sin a mheall mise chuige freisin. Deich n\u00f3im\u00e9ad agus t\u00e1 s\u00e9 thart.\u201d<\/em><\/p>\n<p>T\u00e1 s\u00e9 de chumas ag foireann na h\u00c9ireann dul san ioma\u00edocht ar an leibh\u00e9al is airde, a d\u00fairt Carrol freisin:<br \/>\n<em>\u201cT\u00e1 3&#215;3 ag f\u00e1s agus ag forbairt cinnte, agus ceapaim go bhf\u00e9adfadh foireann na h\u00c9ireann d\u00e9anamh go maith ann m\u00e1 chuireann muid an t-am agus an iarracht isteach. T\u00e1 imreoir\u00ed againn a oireann go m\u00f3r don chluiche, mar sin d\u2019fh\u00e9adfaid\u00eds d\u00e9anamh thar barr ar fad sa gcluiche seo, agus sin a dh\u00e9anamh go tapa le hais an chluiche 5v5. T\u00f3gaimis an EuroBasket mar shampla, t\u00e1 daoine ar n\u00f3s Nikola Joki\u0107, an t-imreoir is fearr ar domhan, ag imirt ann \u2013 n\u00edlimidne ag an leibh\u00e9al sin f\u00f3s. Ach t\u00e1 seans an-mhaith againn sa 3&#215;3.\u201d<\/em><br \/>\n&nbsp;<\/p>\n<p><strong>Is \u00ed foireann na hOstaire seaimp\u00edn\u00ed reatha chraobh na bhfear.<\/strong> C\u00e9 go bhfuil \u00c9ire ar cheann de na foirne is \u00edsle rangaithe sa chom\u00f3rtas, tugann luas agus form\u00e1id ghearr an 3&#215;3 seans maith d\u00f3ibh bua gan choinne a fh\u00e1il ar na foirne is fearr san Eoraip.<br \/>\n&nbsp;<\/p>\n<p><strong>Lean Sp\u00f3rt TG4 agus Cispheil \u00c9ireann ar na me\u00e1in sh\u00f3isialta<\/strong> chun tuilleadh eolais agus nuachta a fh\u00e1il faoin gcom\u00f3rtas 3&#215;3.<br \/>\n&nbsp;<\/p>\n<p><strong>Sceideal TG4 &#8211; Corn na hEorpa 3&#215;3 FIBA<\/strong><br \/>\n(Gach cluiche beo ar Seinnteoir agus Aip TG4)<br \/>\n&nbsp;<br \/>\n<strong>D\u00e9 hAoine, 5 Me\u00e1n F\u00f3mhair \u2013 Gr\u00fapa C<\/strong><\/p>\n<p>10:30 \u2013 An Laitvia v Ireland<br \/>\n15:45 \u2013 An \u00cdsilt\u00edr v Ireland<br \/>\n&nbsp;<\/p>\n<p><strong>D\u00e9 Domhnaigh, 7 Me\u00e1n F\u00f3mhair<\/strong><\/p>\n<p>09:50 \u2013 Cluiche Ceathr\u00fa Ceannais 1<br \/>\n10:15 \u2013 Cluiche Ceathr\u00fa Ceannais 2<br \/>\n12:25 \u2013 Cluiche Ceathr\u00fa Ceannais 3<br \/>\n12:50 \u2013 Cluiche Ceathr\u00fa Ceannais 4<br \/>\n15:00 \u2013 Cluiche Leathcheannais 1<br \/>\n15:25 \u2013 Cluiche Leathcheannais 2<br \/>\n18:25 \u2013 Cluiche Ceannais<br \/>\n&nbsp;<br \/>\n&nbsp;<\/p>\n","protected":false},"excerpt":{"rendered":"<p>&nbsp; Taispe\u00e1nfaidh TG4 cispheil idirn\u00e1isi\u00fanta 3&#215;3 den ch\u00e9ad uair riamh an deireadh seachtaine seo nuair a chuirfidh an cain\u00e9al cl\u00fadach beo ar f\u00e1il de Chorn na hEorpa 3&#215;3 FIBA 2025. Beidh an com\u00f3rtas ar si\u00fal \u00f3n 5\u20137 Me\u00e1n F\u00f3mhair san Ofelia Plads i gC\u00f3banh\u00e1van. C\u00e9im mh\u00f3r chun cinn \u00e9 seo do chispheil na h\u00c9ireann mar [&hellip;]<\/p>\n","protected":false},"author":876,"featured_media":0,"parent":236807,"menu_order":48,"comment_status":"closed","ping_status":"closed","template":"page-templates\/template-pr.php","meta":{"_acf_changed":false,"footnotes":""},"acf":[],"yoast_head":"<!-- This site is optimized with the Yoast SEO plugin v22.6 - https:\/\/yoast.com\/wordpress\/plugins\/seo\/ -->\n<title>Corn na hEorpa 3x3 FIBA le craoladh beo ar Seinnteoir &amp; Aip TG4 | Preasr\u00e1iteas | TG4<\/title>\n<meta name=\"description\" content=\"Taispe\u00e1nfaidh TG4 cispheil idirn\u00e1isi\u00fanta 3x3 den ch\u00e9ad uair riamh an deireadh seachtaine seo nuair a chuirfidh an cain\u00e9al cl\u00fadach beo ar f\u00e1il de Chorn na hEorpa 3x3 FIBA 2025.\" \/>\n<meta name=\"robots\" content=\"index, follow, max-snippet:-1, max-image-preview:large, max-video-preview:-1\" \/>\n<meta property=\"og:locale\" content=\"en_US\" \/>\n<meta property=\"og:type\" content=\"article\" \/>\n<meta property=\"og:title\" content=\"Corn na hEorpa 3x3 FIBA le craoladh beo ar Seinnteoir &amp; Aip TG4 | Preasr\u00e1iteas | TG4\" \/>\n<meta property=\"og:description\" content=\"Taispe\u00e1nfaidh TG4 cispheil idirn\u00e1isi\u00fanta 3x3 den ch\u00e9ad uair riamh an deireadh seachtaine seo nuair a chuirfidh an cain\u00e9al cl\u00fadach beo ar f\u00e1il de Chorn na hEorpa 3x3 FIBA 2025.\" \/>\n<meta property=\"og:url\" content=\"https:\/\/dev.tg4.ie\/ga\/eolas\/preas\/nuacht-raitis\/2025-2\/corn-na-heorpa-3x3-fiba-le-craoladh-beo-ar-seinnteoir-aip-tg4\/\" \/>\n<meta property=\"og:site_name\" content=\"TG4\" \/>\n<meta property=\"article:publisher\" content=\"https:\/\/www.facebook.com\/TG4TV\" \/>\n<meta property=\"article:modified_time\" content=\"2025-09-05T08:48:49+00:00\" \/>\n<meta property=\"og:image\" content=\"https:\/\/dev.tg4.ie\/wp-content\/uploads\/2025\/09\/3x3_Basketball_3-1920x1080-1.jpg\" \/>\n<meta name=\"twitter:card\" content=\"summary_large_image\" \/>\n<meta name=\"twitter:site\" content=\"@TG4TV\" \/>\n<meta name=\"twitter:label1\" content=\"Est. reading time\" \/>\n\t<meta name=\"twitter:data1\" content=\"4 minutes\" \/>\n<script type=\"application\/ld+json\" class=\"yoast-schema-graph\">{\"@context\":\"https:\/\/schema.org\",\"@graph\":[{\"@type\":\"WebPage\",\"@id\":\"https:\/\/dev.tg4.ie\/ga\/eolas\/preas\/nuacht-raitis\/2025-2\/corn-na-heorpa-3x3-fiba-le-craoladh-beo-ar-seinnteoir-aip-tg4\/\",\"url\":\"https:\/\/dev.tg4.ie\/ga\/eolas\/preas\/nuacht-raitis\/2025-2\/corn-na-heorpa-3x3-fiba-le-craoladh-beo-ar-seinnteoir-aip-tg4\/\",\"name\":\"Corn na hEorpa 3x3 FIBA le craoladh beo ar Seinnteoir & Aip TG4 | Preasr\u00e1iteas | TG4\",\"isPartOf\":{\"@id\":\"https:\/\/dev.tg4.ie\/en\/#website\"},\"primaryImageOfPage\":{\"@id\":\"https:\/\/dev.tg4.ie\/ga\/eolas\/preas\/nuacht-raitis\/2025-2\/corn-na-heorpa-3x3-fiba-le-craoladh-beo-ar-seinnteoir-aip-tg4\/#primaryimage\"},\"image\":{\"@id\":\"https:\/\/dev.tg4.ie\/ga\/eolas\/preas\/nuacht-raitis\/2025-2\/corn-na-heorpa-3x3-fiba-le-craoladh-beo-ar-seinnteoir-aip-tg4\/#primaryimage\"},\"thumbnailUrl\":\"https:\/\/dev.tg4.ie\/wp-content\/uploads\/2025\/09\/3x3_Basketball_3-1920x1080-1.jpg\",\"datePublished\":\"2025-09-05T08:45:50+00:00\",\"dateModified\":\"2025-09-05T08:48:49+00:00\",\"description\":\"Taispe\u00e1nfaidh TG4 cispheil idirn\u00e1isi\u00fanta 3x3 den ch\u00e9ad uair riamh an deireadh seachtaine seo nuair a chuirfidh an cain\u00e9al cl\u00fadach beo ar f\u00e1il de Chorn na hEorpa 3x3 FIBA 2025.\",\"breadcrumb\":{\"@id\":\"https:\/\/dev.tg4.ie\/ga\/eolas\/preas\/nuacht-raitis\/2025-2\/corn-na-heorpa-3x3-fiba-le-craoladh-beo-ar-seinnteoir-aip-tg4\/#breadcrumb\"},\"inLanguage\":\"ga\",\"potentialAction\":[{\"@type\":\"ReadAction\",\"target\":[\"https:\/\/dev.tg4.ie\/ga\/eolas\/preas\/nuacht-raitis\/2025-2\/corn-na-heorpa-3x3-fiba-le-craoladh-beo-ar-seinnteoir-aip-tg4\/\"]}]},{\"@type\":\"ImageObject\",\"inLanguage\":\"ga\",\"@id\":\"https:\/\/dev.tg4.ie\/ga\/eolas\/preas\/nuacht-raitis\/2025-2\/corn-na-heorpa-3x3-fiba-le-craoladh-beo-ar-seinnteoir-aip-tg4\/#primaryimage\",\"url\":\"https:\/\/dev.tg4.ie\/wp-content\/uploads\/2025\/09\/3x3_Basketball_3-1920x1080-1.jpg\",\"contentUrl\":\"https:\/\/dev.tg4.ie\/wp-content\/uploads\/2025\/09\/3x3_Basketball_3-1920x1080-1.jpg\"},{\"@type\":\"BreadcrumbList\",\"@id\":\"https:\/\/dev.tg4.ie\/ga\/eolas\/preas\/nuacht-raitis\/2025-2\/corn-na-heorpa-3x3-fiba-le-craoladh-beo-ar-seinnteoir-aip-tg4\/#breadcrumb\",\"itemListElement\":[{\"@type\":\"ListItem\",\"position\":1,\"name\":\"Home\",\"item\":\"https:\/\/dev.tg4.ie\/ga\/\"},{\"@type\":\"ListItem\",\"position\":2,\"name\":\"Eolas\",\"item\":\"https:\/\/dev.tg4.ie\/ga\/eolas\/\"},{\"@type\":\"ListItem\",\"position\":3,\"name\":\"Preas\",\"item\":\"https:\/\/dev.tg4.ie\/ga\/eolas\/preas\/\"},{\"@type\":\"ListItem\",\"position\":4,\"name\":\"Nuacht R\u00e1itis\",\"item\":\"https:\/\/dev.tg4.ie\/ga\/eolas\/preas\/nuacht-raitis\/\"},{\"@type\":\"ListItem\",\"position\":5,\"name\":\"2025\",\"item\":\"https:\/\/dev.tg4.ie\/ga\/eolas\/preas\/nuacht-raitis\/2025-2\/\"},{\"@type\":\"ListItem\",\"position\":6,\"name\":\"Corn na hEorpa 3&#215;3 FIBA le craoladh beo ar Seinnteoir &#038; Aip TG4\"}]},{\"@type\":\"WebSite\",\"@id\":\"https:\/\/dev.tg4.ie\/en\/#website\",\"url\":\"https:\/\/dev.tg4.ie\/en\/\",\"name\":\"TG4\",\"description\":\"S\u00fail Eile\",\"potentialAction\":[{\"@type\":\"SearchAction\",\"target\":{\"@type\":\"EntryPoint\",\"urlTemplate\":\"https:\/\/dev.tg4.ie\/en\/?s={search_term_string}\"},\"query-input\":\"required name=search_term_string\"}],\"inLanguage\":\"ga\"}]}<\/script>\n<!-- \/ Yoast SEO plugin. -->","yoast_head_json":{"title":"Corn na hEorpa 3x3 FIBA le craoladh beo ar Seinnteoir & Aip TG4 | Preasr\u00e1iteas | TG4","description":"Taispe\u00e1nfaidh TG4 cispheil idirn\u00e1isi\u00fanta 3x3 den ch\u00e9ad uair riamh an deireadh seachtaine seo nuair a chuirfidh an cain\u00e9al cl\u00fadach beo ar f\u00e1il de Chorn na hEorpa 3x3 FIBA 2025.","robots":{"index":"index","follow":"follow","max-snippet":"max-snippet:-1","max-image-preview":"max-image-preview:large","max-video-preview":"max-video-preview:-1"},"og_locale":"en_US","og_type":"article","og_title":"Corn na hEorpa 3x3 FIBA le craoladh beo ar Seinnteoir & Aip TG4 | Preasr\u00e1iteas | TG4","og_description":"Taispe\u00e1nfaidh TG4 cispheil idirn\u00e1isi\u00fanta 3x3 den ch\u00e9ad uair riamh an deireadh seachtaine seo nuair a chuirfidh an cain\u00e9al cl\u00fadach beo ar f\u00e1il de Chorn na hEorpa 3x3 FIBA 2025.","og_url":"https:\/\/dev.tg4.ie\/ga\/eolas\/preas\/nuacht-raitis\/2025-2\/corn-na-heorpa-3x3-fiba-le-craoladh-beo-ar-seinnteoir-aip-tg4\/","og_site_name":"TG4","article_publisher":"https:\/\/www.facebook.com\/TG4TV","article_modified_time":"2025-09-05T08:48:49+00:00","og_image":[{"url":"https:\/\/dev.tg4.ie\/wp-content\/uploads\/2025\/09\/3x3_Basketball_3-1920x1080-1.jpg"}],"twitter_card":"summary_large_image","twitter_site":"@TG4TV","twitter_misc":{"Est. reading time":"4 minutes"},"schema":{"@context":"https:\/\/schema.org","@graph":[{"@type":"WebPage","@id":"https:\/\/dev.tg4.ie\/ga\/eolas\/preas\/nuacht-raitis\/2025-2\/corn-na-heorpa-3x3-fiba-le-craoladh-beo-ar-seinnteoir-aip-tg4\/","url":"https:\/\/dev.tg4.ie\/ga\/eolas\/preas\/nuacht-raitis\/2025-2\/corn-na-heorpa-3x3-fiba-le-craoladh-beo-ar-seinnteoir-aip-tg4\/","name":"Corn na hEorpa 3x3 FIBA le craoladh beo ar Seinnteoir & Aip TG4 | Preasr\u00e1iteas | TG4","isPartOf":{"@id":"https:\/\/dev.tg4.ie\/en\/#website"},"primaryImageOfPage":{"@id":"https:\/\/dev.tg4.ie\/ga\/eolas\/preas\/nuacht-raitis\/2025-2\/corn-na-heorpa-3x3-fiba-le-craoladh-beo-ar-seinnteoir-aip-tg4\/#primaryimage"},"image":{"@id":"https:\/\/dev.tg4.ie\/ga\/eolas\/preas\/nuacht-raitis\/2025-2\/corn-na-heorpa-3x3-fiba-le-craoladh-beo-ar-seinnteoir-aip-tg4\/#primaryimage"},"thumbnailUrl":"https:\/\/dev.tg4.ie\/wp-content\/uploads\/2025\/09\/3x3_Basketball_3-1920x1080-1.jpg","datePublished":"2025-09-05T08:45:50+00:00","dateModified":"2025-09-05T08:48:49+00:00","description":"Taispe\u00e1nfaidh TG4 cispheil idirn\u00e1isi\u00fanta 3x3 den ch\u00e9ad uair riamh an deireadh seachtaine seo nuair a chuirfidh an cain\u00e9al cl\u00fadach beo ar f\u00e1il de Chorn na hEorpa 3x3 FIBA 2025.","breadcrumb":{"@id":"https:\/\/dev.tg4.ie\/ga\/eolas\/preas\/nuacht-raitis\/2025-2\/corn-na-heorpa-3x3-fiba-le-craoladh-beo-ar-seinnteoir-aip-tg4\/#breadcrumb"},"inLanguage":"ga","potentialAction":[{"@type":"ReadAction","target":["https:\/\/dev.tg4.ie\/ga\/eolas\/preas\/nuacht-raitis\/2025-2\/corn-na-heorpa-3x3-fiba-le-craoladh-beo-ar-seinnteoir-aip-tg4\/"]}]},{"@type":"ImageObject","inLanguage":"ga","@id":"https:\/\/dev.tg4.ie\/ga\/eolas\/preas\/nuacht-raitis\/2025-2\/corn-na-heorpa-3x3-fiba-le-craoladh-beo-ar-seinnteoir-aip-tg4\/#primaryimage","url":"https:\/\/dev.tg4.ie\/wp-content\/uploads\/2025\/09\/3x3_Basketball_3-1920x1080-1.jpg","contentUrl":"https:\/\/dev.tg4.ie\/wp-content\/uploads\/2025\/09\/3x3_Basketball_3-1920x1080-1.jpg"},{"@type":"BreadcrumbList","@id":"https:\/\/dev.tg4.ie\/ga\/eolas\/preas\/nuacht-raitis\/2025-2\/corn-na-heorpa-3x3-fiba-le-craoladh-beo-ar-seinnteoir-aip-tg4\/#breadcrumb","itemListElement":[{"@type":"ListItem","position":1,"name":"Home","item":"https:\/\/dev.tg4.ie\/ga\/"},{"@type":"ListItem","position":2,"name":"Eolas","item":"https:\/\/dev.tg4.ie\/ga\/eolas\/"},{"@type":"ListItem","position":3,"name":"Preas","item":"https:\/\/dev.tg4.ie\/ga\/eolas\/preas\/"},{"@type":"ListItem","position":4,"name":"Nuacht R\u00e1itis","item":"https:\/\/dev.tg4.ie\/ga\/eolas\/preas\/nuacht-raitis\/"},{"@type":"ListItem","position":5,"name":"2025","item":"https:\/\/dev.tg4.ie\/ga\/eolas\/preas\/nuacht-raitis\/2025-2\/"},{"@type":"ListItem","position":6,"name":"Corn na hEorpa 3&#215;3 FIBA le craoladh beo ar Seinnteoir &#038; Aip TG4"}]},{"@type":"WebSite","@id":"https:\/\/dev.tg4.ie\/en\/#website","url":"https:\/\/dev.tg4.ie\/en\/","name":"TG4","description":"S\u00fail Eile","potentialAction":[{"@type":"SearchAction","target":{"@type":"EntryPoint","urlTemplate":"https:\/\/dev.tg4.ie\/en\/?s={search_term_string}"},"query-input":"required name=search_term_string"}],"inLanguage":"ga"}]}},"_links":{"self":[{"href":"https:\/\/dev.tg4.ie\/ga\/wp-json\/wp\/v2\/pages\/247329"}],"collection":[{"href":"https:\/\/dev.tg4.ie\/ga\/wp-json\/wp\/v2\/pages"}],"about":[{"href":"https:\/\/dev.tg4.ie\/ga\/wp-json\/wp\/v2\/types\/page"}],"author":[{"embeddable":true,"href":"https:\/\/dev.tg4.ie\/ga\/wp-json\/wp\/v2\/users\/876"}],"replies":[{"embeddable":true,"href":"https:\/\/dev.tg4.ie\/ga\/wp-json\/wp\/v2\/comments?post=247329"}],"version-history":[{"count":0,"href":"https:\/\/dev.tg4.ie\/ga\/wp-json\/wp\/v2\/pages\/247329\/revisions"}],"up":[{"embeddable":true,"href":"https:\/\/dev.tg4.ie\/ga\/wp-json\/wp\/v2\/pages\/236807"}],"wp:attachment":[{"href":"https:\/\/dev.tg4.ie\/ga\/wp-json\/wp\/v2\/media?parent=247329"}],"curies":[{"name":"wp","href":"https:\/\/api.w.org\/{rel}","templated":true}]}}