{"id":247349,"date":"2025-09-09T09:24:30","date_gmt":"2025-09-09T08:24:30","guid":{"rendered":"https:\/\/dev.tg4.ie\/?page_id=247349"},"modified":"2025-09-09T09:37:59","modified_gmt":"2025-09-09T08:37:59","slug":"gradam-ceoil-ag-expo","status":"publish","type":"page","link":"https:\/\/dev.tg4.ie\/ga\/eolas\/preas\/nuacht-raitis\/2025-2\/gradam-ceoil-ag-expo\/","title":{"rendered":"Gradam Ceoil ag Expo"},"content":{"rendered":"<p><img loading=\"lazy\" decoding=\"async\" width=\"1920\" height=\"1080\" src=\"https:\/\/tg4-docs.s3.amazonaws.com\/wp-content\/uploads\/2025\/09\/09091801\/GradamExpo2025_1-1920x1080-1.jpg\" alt=\"\" class=\"aligncenter size-full wp-image-247353\" srcset=\"https:\/\/tg4-docs.s3.amazonaws.com\/wp-content\/uploads\/2025\/09\/09091801\/GradamExpo2025_1-1920x1080-1.jpg 1920w, https:\/\/tg4-docs.s3.amazonaws.com\/wp-content\/uploads\/2025\/09\/09091801\/GradamExpo2025_1-1920x1080-1-250x141.jpg 250w, https:\/\/tg4-docs.s3.amazonaws.com\/wp-content\/uploads\/2025\/09\/09091801\/GradamExpo2025_1-1920x1080-1-700x394.jpg 700w, https:\/\/tg4-docs.s3.amazonaws.com\/wp-content\/uploads\/2025\/09\/09091801\/GradamExpo2025_1-1920x1080-1-252x141.jpg 252w, https:\/\/tg4-docs.s3.amazonaws.com\/wp-content\/uploads\/2025\/09\/09091801\/GradamExpo2025_1-1920x1080-1-1536x864.jpg 1536w, https:\/\/tg4-docs.s3.amazonaws.com\/wp-content\/uploads\/2025\/09\/09091801\/GradamExpo2025_1-1920x1080-1-120x68.jpg 120w\" sizes=\"(max-width: 1920px) 100vw, 1920px\" \/><br \/>\n&nbsp;<br \/>\n#GradamExpo25<br \/>\n&nbsp;<\/p>\n<p>\u00c1 chur i l\u00e1thair ag Gradam Ceoil TG4 agus Big Mountain Productions, le taca\u00edocht \u00f3n Roinn Gn\u00f3tha\u00ed Eachtracha agus Tr\u00e1d\u00e1la chomh maith leis an gCiste Craolt\u00f3ireachta Gaeilge (CCG). Beidh an cheolchoirm cheili\u00fartha agus an cl\u00e1r faisn\u00e9ise ar TG4 faoi cheann c\u00fapla m\u00ed.<br \/>\n&nbsp;<br \/>\nAnocht (08\/09\/25) feicfidh an lucht f\u00e9achana ceili\u00faradh iontach ar thraidisi\u00fain na h\u00c9ireann agus na Seap\u00e1ine ag <strong>\u00c9ire to Expo: The Best of Irish Music and Dance<\/strong>, \u00e1 chur i l\u00e1thair ag <strong>Gradam Ceoil TG4<\/strong> agus Big Mountain Productions, le taca\u00edocht \u00f3n Roinn Gn\u00f3tha\u00ed Eachtracha agus Tr\u00e1d\u00e1la chomh maith leis an gCiste Craolt\u00f3ireachta Gaeilge (CCG). Is ceolchoirm aon o\u00edche amh\u00e1in \u00ed seo ina dtabharfar ceolt\u00f3ir\u00ed, damhs\u00f3ir\u00ed agus amhr\u00e1naithe den ch\u00e9ad scoth le ch\u00e9ile as dh\u00e1 n\u00e1isi\u00fan oile\u00e1nda at\u00e1 ar an taobh eile den domhan \u00f3na ch\u00e9ile le haghaidh measc\u00e1n cult\u00fair uath\u00fail.<br \/>\n&nbsp;<br \/>\nBeidh seachtar ceolt\u00f3ir\u00ed a bhfuil <u>Gradam Ceoil TG4<\/u>, an gradam is iomr\u00e1it\u00ed don chuid is fearr de cheol traidisi\u00fanta na h\u00c9ireann, buaite acu ar st\u00e1itse: <\/p>\n<ul><strong><\/p>\n<li>Gradam Ceoil TG4 2025 \/ Ceolt\u00f3ir \u2013 Siobh\u00e1n Peoples<\/li>\n<li>Amhr\u00e1na\u00ed TG4 2025 \u2013 Cathy Jordan<\/li>\n<li>Gradam Saoil TG4 2025 \u2013 Matt Cranitch<\/li>\n<li>Gr\u00fapa Ceoil TG4 2025 \u2013 Flook<\/li>\n<li>Ceolt\u00f3ir \u00d3g TG4 2025 \u2013 Colm Broderick<\/li>\n<li>Cumad\u00f3ir TG4 2025 \u2013 Johnny \u00d3g Connolly<\/li>\n<li>Gradam Comaoine TG4 2025 \u2013 \u00c1ine Hensey<\/li>\n<p><\/strong>\n<\/ul>\n<p>Beidh an pian\u00f3d\u00f3ir <strong>Rod McVey<\/strong>, an damhs\u00f3ir ar an sean-n\u00f3s <strong>Becky N\u00ed \u00c9allaithe<\/strong>, agus an sti\u00farth\u00f3ir ceoil agus cumad\u00f3ir <strong>Neil Martin<\/strong> ina gcomhluadar.<br \/>\n&nbsp;<br \/>\n\u00d3n tSeap\u00e1in: <\/p>\n<ul>\n<li>An t-amhr\u00e1na\u00ed <strong>Misako Koya<\/strong><\/li>\n<li>An damhs\u00f3ir <strong>Taka Hayashi<\/strong><\/li>\n<li>An fli\u00faitead\u00f3ir <strong>Kozo Toyota<\/strong><\/li>\n<li>Na drumad\u00f3ir\u00ed <strong>Taiko Hiro Hayasida<\/strong> agus a mhac <strong>Luke<\/strong><\/li>\n<li>An p\u00edobaire uasal <strong>Atsushi Yamane<\/strong><\/li>\n<li>An sreangdhrumad\u00f3ir uasal <strong>Yamane<\/strong><\/li>\n<li>Na damhs\u00f3ir\u00ed Bon Odori <strong>Yukiko Nakanishi<\/strong> agus <strong>Wataru Kikuchi<\/strong><\/li>\n<\/ul>\n<p>&nbsp;<br \/>\nLe ch\u00e9ile, taispe\u00e1nfaidh na taibheoir\u00ed den scoth seo saothair chlasaiceacha at\u00e1 c\u00f3irithe go speisialta ar n\u00f3s The Mountains of Pomeroy chomh maith leis an gc\u00e9ad taibhi\u00fa domhanda in \u00f3m\u00f3s do shaol an scr\u00edbhneora Sheap\u00e1naigh Yakumo Koizumi (Lafcadio Hearn) a rugadh in \u00c9irinn.<br \/>\n&nbsp;<br \/>\n\u00d3 oscla\u00edodh Expo 2025 in Osaka i m\u00ed Aibre\u00e1in, t\u00e1 \u00c9ire agus 160 t\u00edr eile p\u00e1irteach ann chun f\u00e1ilte a chur roimh 19 milli\u00fan cuairteoir go dt\u00ed seo. T\u00e1 Pailli\u00fan na h\u00c9ireann, a dhear Oifig na nOibreacha Poibl\u00ed, ag cur taibhithe laeth\u00fala de cheol na h\u00c9ireann ar st\u00e1itse, ag cur eala\u00edont\u00f3ir\u00ed \u00c9ireannacha ar taispe\u00e1int agus ag \u00f3st\u00e1il toscaireachta\u00ed ardleibh\u00e9il polaiti\u00fala agus tr\u00e1d\u00e1la. Chuir s\u00e9 sin deis ar leith ar f\u00e1il chun \u00c9ire a chur chun cinn do lucht sp\u00e9ise domhanda, i r\u00e9igi\u00fan ina bhfuil m\u00f3rthosa\u00edochta\u00ed agus uaillmhianta tr\u00e1d\u00e1la agus infheist\u00edochta ag \u00c9irinn.<br \/>\n&nbsp;<br \/>\nD\u00fairt <strong>Proinsias N\u00ed Ghr\u00e1inne, Eagarth\u00f3ir Coimisi\u00fanaithe TG4<\/strong>, <em>\u201cIs m\u00f3r an on\u00f3ir do Ghradam Ceoil TG4 cuireadh a fh\u00e1il \u00f3n Roinn Gn\u00f3tha\u00ed Eachtracha agus Tr\u00e1d\u00e1la agus \u00f3 World Expo chun an ceili\u00faradh domhanda seo de cheol, d\u2019amhr\u00e1na\u00edocht agus de dhamhsa na h\u00c9ireann a scann\u00e1n\u00fa agus a chur i l\u00e1thair. Is \u00e9 seo an ch\u00e9ad uair a bhfuil Gradam Ceoil TG4 \u00e1 chur ar st\u00e1itse lasmuigh d\u2019\u00c9irinn, agus b\u00e9im \u00e1 cur ar a st\u00e1das mar an \u00f3c\u00e1id bhliant\u00fail is iomr\u00e1it\u00ed a l\u00e9ir\u00edonn luachanna lucht an cheoil thraidisi\u00fanta. Tugann s\u00e9 aitheantas freisin don cheangal r\u00edth\u00e1bhachtach a chrutha\u00edonn Gradam Ceoil TG4 agus ceol traidisi\u00fanta na h\u00c9ireann idir \u00c9irinn agus pobail ar fud an domhain. T\u00e1 s\u00fail againn go gcuirfidh an cheolchoirm cheili\u00fartha agus an cl\u00e1r faisn\u00e9ise a bheidh ar TG4 faoi cheann c\u00fapla m\u00ed, agus ar fud ard\u00e1in na me\u00e1n idirn\u00e1isi\u00fanta freisin, leis an gcaidreamh at\u00e1 idir \u00c9irinn agus an tSeap\u00e1in go ceann blianta fada.\u201d<\/em><br \/>\n&nbsp;<br \/>\n<strong>Jane Kelly, Big Mountain Productions<\/strong> <em>\u201cT\u00e1 l\u00fach\u00e1ir orainn an cheolchoirm agus an scann\u00e1n ollmh\u00f3r seo a l\u00e9iri\u00fa do TG4 agus don Roinn Gn\u00f3tha\u00ed Eachtracha agus tr\u00e1d\u00e1la le taca\u00edocht \u00f3n gCiste Craolt\u00f3ireachta Gaeilge. T\u00e1thar beagnach 2 bhliain i mbun forbartha ar an tionscadal seo agus t\u00e1imid faoi chomaoin ag \u00e1r bhfoireann l\u00e9iri\u00fach\u00e1in agus seachadta speisialt\u00f3ra ceoil bheo agus muid ag cur se\u00f3 ar bun do 2,000 duine mar chuid de World Expo 2025.\u201d<\/em><br \/>\n&nbsp;<br \/>\n<strong>\u00c1ine Walsh, Ceann Chiste Craolt\u00f3ireachta Gaeilge, Sc\u00e1ile\u00e1n Thuaisceart \u00c9ireann<\/strong>, <em>\u201cT\u00e1 r\u00edm\u00e9ad orainn a bheith in ann tac\u00fa leis an tionscadal seo a dh\u00e9anfaidh ceili\u00faradh ar na naisc chult\u00fair chomhroinnte idir an d\u00e1 n\u00e1isi\u00fan oile\u00e1nda seo, \u00c9ire agus an tSeap\u00e1in. Is \u00e9acht den scoth \u00e9 seo ag an gcomhlacht Big Mountain at\u00e1 lonnaithe san I\u00far agus t\u00e1imid ag s\u00fail go m\u00f3r leis na taibheoir\u00ed is fearr in \u00c9irinn agus a macasamhlacha Seap\u00e1nacha a fheice\u00e1il ar st\u00e1itse.\u201d <\/em><br \/>\n&nbsp;<br \/>\n&nbsp;<br \/>\n<strong><u>Eolas Breise:<\/u><\/strong><br \/>\n&nbsp;<br \/>\n<strong>TG4<\/strong> <\/p>\n<p>Is \u00e9 TG4 cain\u00e9al na Gaeilge in \u00c9irinn. Cain\u00e9al saorchraolta \u00e9 ar f\u00e9idir teacht air ar na hard\u00e1in ar fad, agus t\u00e1 lucht f\u00e9achana l\u00e1idir aige ar fud oile\u00e1n na h\u00c9ireann. D\u2019fh\u00e9ach breis is 80% de dhaonra na h\u00c9ireann ar TG4 ag tr\u00e1th \u00e9igin le linn na bliana anuraidh. Tugtar aitheantas do TG4 as a chuid \u00e1bhar Cult\u00fair agus Ceoil chomh maith le Cl\u00e1ir Faisn\u00e9ise, Sp\u00f3irt agus cl\u00e1ir do Leana\u00ed. Is f\u00e9idir f\u00e9achaint ar TG4 ar fud an domhain ar aip Sheinnteoir TG4 n\u00f3 ar <a href=\"https:\/\/dev.tg4.ie\" rel=\"noopener\" target=\"_blank\">www.tg4.ie<\/a>.<br \/>\n&nbsp;<br \/>\n<strong>\u00c9ire ag Expo 2025 Osaka<\/strong> <\/p>\n<p>Beidh Expo 2025 ar bun in Osaka, Kansai, \u00f3n 13 Aibre\u00e1n go dt\u00ed an 13 Deireadh F\u00f3mhair 2025. <\/p>\n<p>T\u00e1 os cionn 160 t\u00edr agus eagra\u00edocht idirn\u00e1isi\u00fanta ag glacadh p\u00e1irt in Expo 2025. Le linn na s\u00e9 mh\u00ed seo, tabharfaidh na milli\u00fain cuairt ar Osaka chun p\u00e1irt a ghlacadh in eisp\u00e9iris \u00f3 \u00e1iteanna ar fud an domhain agus iad a sh\u00fa isteach.  <\/p>\n<p>\u2018Socha\u00ed na Todhcha\u00ed a Dhearadh d\u00e1r Saol t\u00e9ama Expo 2025 agus t\u00e1 tr\u00ed fhoth\u00e9ama aige &#8211; beatha daoine a sh\u00e1bh\u00e1il, saol daoine a nascadh agus saol daoine a chumhacht\u00fa. Dealra\u00edonn s\u00e9 gur \u00f3c\u00e1id a spreagfaidh daoine a bheidh sa World Expo leis an t\u00e9ama seo, tr\u00ed na sampla\u00ed comhoibrithe, nu\u00e1la\u00edochta agus comhair is fearr \u00f3 \u00e1iteanna ar fud an domhain a chur ar taispe\u00e1int. <\/p>\n<p>Is \u00ed an tSeap\u00e1in ceann de na comhph\u00e1irtithe tr\u00e1d\u00e1la is m\u00f3 at\u00e1 ag \u00c9irinn san \u00c1ise, agus is fi\u00fa breis is \u20ac21.5 billi\u00fan sa bhliain an tr\u00e1d\u00e1il dh\u00e1 threo. Is \u00e9 an fhoinse is m\u00f3 Infheist\u00edochta D\u00edr\u00ed Coigr\u00edche in \u00c9irinn \u00e9 \u00f3 r\u00e9igi\u00fan an Aig\u00e9in Chi\u00fain agus na h\u00c1ise. <\/p>\n<p>Is \u00e9 an aidhm at\u00e1 ag Strait\u00e9is \u00c9ire Dhomhanda &#8211; tionscnamh ilbhliant\u00fail, uile-Rialtais, n\u00e1 raon agus tionchar rannph\u00e1irt\u00edochta domhanda na h\u00c9ireann a dh\u00fabailt faoi 2025. Leagtar b\u00e9im sa strait\u00e9is ar fheasacht a mh\u00e9ad\u00fa ar \u00c9irinn thar lear. <\/p>\n<p>Tr\u00ed ph\u00e1irt a ghlacadh in Expo, cuirtear ard\u00e1n uath\u00fail ar f\u00e1il chun caidrimh a bhun\u00fa go d\u00edreach le pobal na Seap\u00e1ine agus le cuairteoir\u00ed \u00f3 ar fud an r\u00e9igi\u00fain.  <\/p>\n<p>T\u00e1 Pailli\u00fan na h\u00c9ireann ag Expo 2025 ina phr\u00edomhchuid de Chl\u00e1r na h\u00c9ireann na Seap\u00e1ine 2025, sraith gn\u00edomha\u00edochta\u00ed bliana at\u00e1 deartha chun l\u00e1ithreacht agus sofheictheacht na h\u00c9ireann a mh\u00e9ad\u00fa, lena n-\u00e1ir\u00edtear oscailt Theach na h\u00c9ireann nua le d\u00e9ana\u00ed, agus na naisc pholaiti\u00fala eacnama\u00edocha agus duine le duine at\u00e1 ann cheana a l\u00e1idri\u00fa. <\/p>\n<p>Ailtir\u00ed Oifig na nOibreacha Poibl\u00ed a leag amach Pailli\u00fan na h\u00c9ireann agus fuair siad a gcuid inspior\u00e1ide \u00f3n trisc\u00e9il, m\u00f3it\u00edf \u00e1rsa Cheilteach. Beidh Pailli\u00fan na h\u00c9ireann ina mhol d\u2019eagra\u00edochta\u00ed \u00c9ireannacha, d\u2019Fhoireann na h\u00c9ireann, don diasp\u00f3ra agus don diasp\u00f3ra comhleasa, chomh maith le bheith ina ionad chun ceangail le h\u00c9irinn a choth\u00fa. Cuirfidh eisp\u00e9ireas tumthach cuairteora tuiscint n\u00edos fearr ar f\u00e1il do na cuairteoir\u00ed ar chult\u00far agus ar mhuintir na h\u00c9ireann agus ar na naisc at\u00e1 aici leis an tSeap\u00e1in. <\/p>\n<p>Is f\u00e9idir tuilleadh eolais faoi Ireland at Expo a fh\u00e1il ar Ireland.ie\/Expo agus t\u00e1 Cl\u00e1r na h\u00c9ireann na Seap\u00e1ine 2025 ar f\u00e1il ar <a href=\"https:\/\/www.ireland.ie\/en\/japan\/Ireland-Japan-2025\/\" rel=\"noopener\" target=\"_blank\">Ireland.ie\/IrelandJapan2025<\/a><br \/>\n&nbsp;<br \/>\n<strong>Big Mountain Productions<\/strong> <\/p>\n<p>Is \u00e9 Big Mountain ceann de na comhlachta\u00ed l\u00e9iri\u00fach\u00e1in teilif\u00edse neamhsple\u00e1iche is m\u00f3 in \u00c9irinn agus is \u00e1bhar ceoil agus imeachta\u00ed speisialta an sain\u00e1bhar a chuireann s\u00e9 ar f\u00e1il do chraolt\u00f3ir\u00ed \u00e9ags\u00fala in \u00c9irinn, sa R\u00edocht Aontaithe agus i SAM.<br \/>\n&nbsp;<br \/>\n<strong>An Ciste Craolt\u00f3ireachta Gaeilge<\/strong> <\/p>\n<p>T\u00e1 dh\u00e1 shainch\u00faram ag Ciste Craolt\u00f3ireachta Gaeilge Sc\u00e1ile\u00e1n N\u00e1isi\u00fanta na h\u00c9ireann, at\u00e1 ag com\u00f3radh 20 bliain i mbliana, agus is iad sin tac\u00fa le h\u00e1bhar ar ardchaighde\u00e1n Gaeilge a bhfuil can\u00faint Uladh chun tosaigh ann agus cur leis an bhf\u00e1s at\u00e1 ag teacht ar earn\u00e1il na l\u00e9iri\u00fach\u00e1n neamhsple\u00e1ch i dTuaisceart \u00c9ireann. <a href=\"https:\/\/northernirelandscreen.co.uk\/\" rel=\"noopener\" target=\"_blank\">www.northernirelandscreen.co.uk<\/a><br \/>\n&nbsp;<br \/>\n&nbsp;<\/p>\n","protected":false},"excerpt":{"rendered":"<p>&nbsp; #GradamExpo25 &nbsp; \u00c1 chur i l\u00e1thair ag Gradam Ceoil TG4 agus Big Mountain Productions, le taca\u00edocht \u00f3n Roinn Gn\u00f3tha\u00ed Eachtracha agus Tr\u00e1d\u00e1la chomh maith leis an gCiste Craolt\u00f3ireachta Gaeilge (CCG). Beidh an cheolchoirm cheili\u00fartha agus an cl\u00e1r faisn\u00e9ise ar TG4 faoi cheann c\u00fapla m\u00ed. &nbsp; Anocht (08\/09\/25) feicfidh an lucht f\u00e9achana ceili\u00faradh iontach ar [&hellip;]<\/p>\n","protected":false},"author":876,"featured_media":0,"parent":236807,"menu_order":49,"comment_status":"closed","ping_status":"closed","template":"page-templates\/template-pr.php","meta":{"_acf_changed":false,"footnotes":""},"acf":[],"yoast_head":"<!-- This site is optimized with the Yoast SEO plugin v22.6 - https:\/\/yoast.com\/wordpress\/plugins\/seo\/ -->\n<title>Gradam Ceoil ag Expo | Preasr\u00e1iteas | TG4<\/title>\n<meta name=\"description\" content=\"\u00c1 chur i l\u00e1thair ag Gradam Ceoil TG4 agus Big Mountain Productions, le taca\u00edocht \u00f3n Roinn Gn\u00f3tha\u00ed Eachtracha agus Tr\u00e1d\u00e1la chomh maith leis an gCiste Craolt\u00f3ireachta Gaeilge (CCG). Beidh an cheolchoirm cheili\u00fartha agus an cl\u00e1r faisn\u00e9ise ar TG4 faoi cheann c\u00fapla m\u00ed.\" \/>\n<meta name=\"robots\" content=\"index, follow, max-snippet:-1, max-image-preview:large, max-video-preview:-1\" \/>\n<meta property=\"og:locale\" content=\"en_US\" \/>\n<meta property=\"og:type\" content=\"article\" \/>\n<meta property=\"og:title\" content=\"Gradam Ceoil ag Expo | Preasr\u00e1iteas | TG4\" \/>\n<meta property=\"og:description\" content=\"\u00c1 chur i l\u00e1thair ag Gradam Ceoil TG4 agus Big Mountain Productions, le taca\u00edocht \u00f3n Roinn Gn\u00f3tha\u00ed Eachtracha agus Tr\u00e1d\u00e1la chomh maith leis an gCiste Craolt\u00f3ireachta Gaeilge (CCG). Beidh an cheolchoirm cheili\u00fartha agus an cl\u00e1r faisn\u00e9ise ar TG4 faoi cheann c\u00fapla m\u00ed.\" \/>\n<meta property=\"og:url\" content=\"https:\/\/dev.tg4.ie\/ga\/eolas\/preas\/nuacht-raitis\/2025-2\/gradam-ceoil-ag-expo\/\" \/>\n<meta property=\"og:site_name\" content=\"TG4\" \/>\n<meta property=\"article:publisher\" content=\"https:\/\/www.facebook.com\/TG4TV\" \/>\n<meta property=\"article:modified_time\" content=\"2025-09-09T08:37:59+00:00\" \/>\n<meta property=\"og:image\" content=\"https:\/\/dev.tg4.ie\/wp-content\/uploads\/2025\/09\/GradamExpo2025_1-1920x1080-1.jpg\" \/>\n<meta name=\"twitter:card\" content=\"summary_large_image\" \/>\n<meta name=\"twitter:site\" content=\"@TG4TV\" \/>\n<meta name=\"twitter:label1\" content=\"Est. reading time\" \/>\n\t<meta name=\"twitter:data1\" content=\"6 minutes\" \/>\n<script type=\"application\/ld+json\" class=\"yoast-schema-graph\">{\"@context\":\"https:\/\/schema.org\",\"@graph\":[{\"@type\":\"WebPage\",\"@id\":\"https:\/\/dev.tg4.ie\/ga\/eolas\/preas\/nuacht-raitis\/2025-2\/gradam-ceoil-ag-expo\/\",\"url\":\"https:\/\/dev.tg4.ie\/ga\/eolas\/preas\/nuacht-raitis\/2025-2\/gradam-ceoil-ag-expo\/\",\"name\":\"Gradam Ceoil ag Expo | Preasr\u00e1iteas | TG4\",\"isPartOf\":{\"@id\":\"https:\/\/dev.tg4.ie\/en\/#website\"},\"primaryImageOfPage\":{\"@id\":\"https:\/\/dev.tg4.ie\/ga\/eolas\/preas\/nuacht-raitis\/2025-2\/gradam-ceoil-ag-expo\/#primaryimage\"},\"image\":{\"@id\":\"https:\/\/dev.tg4.ie\/ga\/eolas\/preas\/nuacht-raitis\/2025-2\/gradam-ceoil-ag-expo\/#primaryimage\"},\"thumbnailUrl\":\"https:\/\/dev.tg4.ie\/wp-content\/uploads\/2025\/09\/GradamExpo2025_1-1920x1080-1.jpg\",\"datePublished\":\"2025-09-09T08:24:30+00:00\",\"dateModified\":\"2025-09-09T08:37:59+00:00\",\"description\":\"\u00c1 chur i l\u00e1thair ag Gradam Ceoil TG4 agus Big Mountain Productions, le taca\u00edocht \u00f3n Roinn Gn\u00f3tha\u00ed Eachtracha agus Tr\u00e1d\u00e1la chomh maith leis an gCiste Craolt\u00f3ireachta Gaeilge (CCG). Beidh an cheolchoirm cheili\u00fartha agus an cl\u00e1r faisn\u00e9ise ar TG4 faoi cheann c\u00fapla m\u00ed.\",\"breadcrumb\":{\"@id\":\"https:\/\/dev.tg4.ie\/ga\/eolas\/preas\/nuacht-raitis\/2025-2\/gradam-ceoil-ag-expo\/#breadcrumb\"},\"inLanguage\":\"ga\",\"potentialAction\":[{\"@type\":\"ReadAction\",\"target\":[\"https:\/\/dev.tg4.ie\/ga\/eolas\/preas\/nuacht-raitis\/2025-2\/gradam-ceoil-ag-expo\/\"]}]},{\"@type\":\"ImageObject\",\"inLanguage\":\"ga\",\"@id\":\"https:\/\/dev.tg4.ie\/ga\/eolas\/preas\/nuacht-raitis\/2025-2\/gradam-ceoil-ag-expo\/#primaryimage\",\"url\":\"https:\/\/dev.tg4.ie\/wp-content\/uploads\/2025\/09\/GradamExpo2025_1-1920x1080-1.jpg\",\"contentUrl\":\"https:\/\/dev.tg4.ie\/wp-content\/uploads\/2025\/09\/GradamExpo2025_1-1920x1080-1.jpg\"},{\"@type\":\"BreadcrumbList\",\"@id\":\"https:\/\/dev.tg4.ie\/ga\/eolas\/preas\/nuacht-raitis\/2025-2\/gradam-ceoil-ag-expo\/#breadcrumb\",\"itemListElement\":[{\"@type\":\"ListItem\",\"position\":1,\"name\":\"Home\",\"item\":\"https:\/\/dev.tg4.ie\/ga\/\"},{\"@type\":\"ListItem\",\"position\":2,\"name\":\"Eolas\",\"item\":\"https:\/\/dev.tg4.ie\/ga\/eolas\/\"},{\"@type\":\"ListItem\",\"position\":3,\"name\":\"Preas\",\"item\":\"https:\/\/dev.tg4.ie\/ga\/eolas\/preas\/\"},{\"@type\":\"ListItem\",\"position\":4,\"name\":\"Nuacht R\u00e1itis\",\"item\":\"https:\/\/dev.tg4.ie\/ga\/eolas\/preas\/nuacht-raitis\/\"},{\"@type\":\"ListItem\",\"position\":5,\"name\":\"2025\",\"item\":\"https:\/\/dev.tg4.ie\/ga\/eolas\/preas\/nuacht-raitis\/2025-2\/\"},{\"@type\":\"ListItem\",\"position\":6,\"name\":\"Gradam Ceoil ag Expo\"}]},{\"@type\":\"WebSite\",\"@id\":\"https:\/\/dev.tg4.ie\/en\/#website\",\"url\":\"https:\/\/dev.tg4.ie\/en\/\",\"name\":\"TG4\",\"description\":\"S\u00fail Eile\",\"potentialAction\":[{\"@type\":\"SearchAction\",\"target\":{\"@type\":\"EntryPoint\",\"urlTemplate\":\"https:\/\/dev.tg4.ie\/en\/?s={search_term_string}\"},\"query-input\":\"required name=search_term_string\"}],\"inLanguage\":\"ga\"}]}<\/script>\n<!-- \/ Yoast SEO plugin. -->","yoast_head_json":{"title":"Gradam Ceoil ag Expo | Preasr\u00e1iteas | TG4","description":"\u00c1 chur i l\u00e1thair ag Gradam Ceoil TG4 agus Big Mountain Productions, le taca\u00edocht \u00f3n Roinn Gn\u00f3tha\u00ed Eachtracha agus Tr\u00e1d\u00e1la chomh maith leis an gCiste Craolt\u00f3ireachta Gaeilge (CCG). Beidh an cheolchoirm cheili\u00fartha agus an cl\u00e1r faisn\u00e9ise ar TG4 faoi cheann c\u00fapla m\u00ed.","robots":{"index":"index","follow":"follow","max-snippet":"max-snippet:-1","max-image-preview":"max-image-preview:large","max-video-preview":"max-video-preview:-1"},"og_locale":"en_US","og_type":"article","og_title":"Gradam Ceoil ag Expo | Preasr\u00e1iteas | TG4","og_description":"\u00c1 chur i l\u00e1thair ag Gradam Ceoil TG4 agus Big Mountain Productions, le taca\u00edocht \u00f3n Roinn Gn\u00f3tha\u00ed Eachtracha agus Tr\u00e1d\u00e1la chomh maith leis an gCiste Craolt\u00f3ireachta Gaeilge (CCG). Beidh an cheolchoirm cheili\u00fartha agus an cl\u00e1r faisn\u00e9ise ar TG4 faoi cheann c\u00fapla m\u00ed.","og_url":"https:\/\/dev.tg4.ie\/ga\/eolas\/preas\/nuacht-raitis\/2025-2\/gradam-ceoil-ag-expo\/","og_site_name":"TG4","article_publisher":"https:\/\/www.facebook.com\/TG4TV","article_modified_time":"2025-09-09T08:37:59+00:00","og_image":[{"url":"https:\/\/dev.tg4.ie\/wp-content\/uploads\/2025\/09\/GradamExpo2025_1-1920x1080-1.jpg"}],"twitter_card":"summary_large_image","twitter_site":"@TG4TV","twitter_misc":{"Est. reading time":"6 minutes"},"schema":{"@context":"https:\/\/schema.org","@graph":[{"@type":"WebPage","@id":"https:\/\/dev.tg4.ie\/ga\/eolas\/preas\/nuacht-raitis\/2025-2\/gradam-ceoil-ag-expo\/","url":"https:\/\/dev.tg4.ie\/ga\/eolas\/preas\/nuacht-raitis\/2025-2\/gradam-ceoil-ag-expo\/","name":"Gradam Ceoil ag Expo | Preasr\u00e1iteas | TG4","isPartOf":{"@id":"https:\/\/dev.tg4.ie\/en\/#website"},"primaryImageOfPage":{"@id":"https:\/\/dev.tg4.ie\/ga\/eolas\/preas\/nuacht-raitis\/2025-2\/gradam-ceoil-ag-expo\/#primaryimage"},"image":{"@id":"https:\/\/dev.tg4.ie\/ga\/eolas\/preas\/nuacht-raitis\/2025-2\/gradam-ceoil-ag-expo\/#primaryimage"},"thumbnailUrl":"https:\/\/dev.tg4.ie\/wp-content\/uploads\/2025\/09\/GradamExpo2025_1-1920x1080-1.jpg","datePublished":"2025-09-09T08:24:30+00:00","dateModified":"2025-09-09T08:37:59+00:00","description":"\u00c1 chur i l\u00e1thair ag Gradam Ceoil TG4 agus Big Mountain Productions, le taca\u00edocht \u00f3n Roinn Gn\u00f3tha\u00ed Eachtracha agus Tr\u00e1d\u00e1la chomh maith leis an gCiste Craolt\u00f3ireachta Gaeilge (CCG). Beidh an cheolchoirm cheili\u00fartha agus an cl\u00e1r faisn\u00e9ise ar TG4 faoi cheann c\u00fapla m\u00ed.","breadcrumb":{"@id":"https:\/\/dev.tg4.ie\/ga\/eolas\/preas\/nuacht-raitis\/2025-2\/gradam-ceoil-ag-expo\/#breadcrumb"},"inLanguage":"ga","potentialAction":[{"@type":"ReadAction","target":["https:\/\/dev.tg4.ie\/ga\/eolas\/preas\/nuacht-raitis\/2025-2\/gradam-ceoil-ag-expo\/"]}]},{"@type":"ImageObject","inLanguage":"ga","@id":"https:\/\/dev.tg4.ie\/ga\/eolas\/preas\/nuacht-raitis\/2025-2\/gradam-ceoil-ag-expo\/#primaryimage","url":"https:\/\/dev.tg4.ie\/wp-content\/uploads\/2025\/09\/GradamExpo2025_1-1920x1080-1.jpg","contentUrl":"https:\/\/dev.tg4.ie\/wp-content\/uploads\/2025\/09\/GradamExpo2025_1-1920x1080-1.jpg"},{"@type":"BreadcrumbList","@id":"https:\/\/dev.tg4.ie\/ga\/eolas\/preas\/nuacht-raitis\/2025-2\/gradam-ceoil-ag-expo\/#breadcrumb","itemListElement":[{"@type":"ListItem","position":1,"name":"Home","item":"https:\/\/dev.tg4.ie\/ga\/"},{"@type":"ListItem","position":2,"name":"Eolas","item":"https:\/\/dev.tg4.ie\/ga\/eolas\/"},{"@type":"ListItem","position":3,"name":"Preas","item":"https:\/\/dev.tg4.ie\/ga\/eolas\/preas\/"},{"@type":"ListItem","position":4,"name":"Nuacht R\u00e1itis","item":"https:\/\/dev.tg4.ie\/ga\/eolas\/preas\/nuacht-raitis\/"},{"@type":"ListItem","position":5,"name":"2025","item":"https:\/\/dev.tg4.ie\/ga\/eolas\/preas\/nuacht-raitis\/2025-2\/"},{"@type":"ListItem","position":6,"name":"Gradam Ceoil ag Expo"}]},{"@type":"WebSite","@id":"https:\/\/dev.tg4.ie\/en\/#website","url":"https:\/\/dev.tg4.ie\/en\/","name":"TG4","description":"S\u00fail Eile","potentialAction":[{"@type":"SearchAction","target":{"@type":"EntryPoint","urlTemplate":"https:\/\/dev.tg4.ie\/en\/?s={search_term_string}"},"query-input":"required name=search_term_string"}],"inLanguage":"ga"}]}},"_links":{"self":[{"href":"https:\/\/dev.tg4.ie\/ga\/wp-json\/wp\/v2\/pages\/247349"}],"collection":[{"href":"https:\/\/dev.tg4.ie\/ga\/wp-json\/wp\/v2\/pages"}],"about":[{"href":"https:\/\/dev.tg4.ie\/ga\/wp-json\/wp\/v2\/types\/page"}],"author":[{"embeddable":true,"href":"https:\/\/dev.tg4.ie\/ga\/wp-json\/wp\/v2\/users\/876"}],"replies":[{"embeddable":true,"href":"https:\/\/dev.tg4.ie\/ga\/wp-json\/wp\/v2\/comments?post=247349"}],"version-history":[{"count":0,"href":"https:\/\/dev.tg4.ie\/ga\/wp-json\/wp\/v2\/pages\/247349\/revisions"}],"up":[{"embeddable":true,"href":"https:\/\/dev.tg4.ie\/ga\/wp-json\/wp\/v2\/pages\/236807"}],"wp:attachment":[{"href":"https:\/\/dev.tg4.ie\/ga\/wp-json\/wp\/v2\/media?parent=247349"}],"curies":[{"name":"wp","href":"https:\/\/api.w.org\/{rel}","templated":true}]}}