{"id":247388,"date":"2025-09-11T16:21:38","date_gmt":"2025-09-11T15:21:38","guid":{"rendered":"https:\/\/dev.tg4.ie\/?page_id=247388"},"modified":"2025-09-11T16:29:51","modified_gmt":"2025-09-11T15:29:51","slug":"ros-na-run-ag-ceiliuradh-30-seasur-agus-den-chead-uair-riamh-beidh-na-clair-le-fail-ar-sheinnteoir-tg4-sula-gcraolfar-ar-an-teilifis-iad","status":"publish","type":"page","link":"https:\/\/dev.tg4.ie\/ga\/eolas\/preas\/nuacht-raitis\/2025-2\/ros-na-run-ag-ceiliuradh-30-seasur-agus-den-chead-uair-riamh-beidh-na-clair-le-fail-ar-sheinnteoir-tg4-sula-gcraolfar-ar-an-teilifis-iad\/","title":{"rendered":"Ros na R\u00fan ag ceili\u00faradh 30 S\u00e9as\u00far agus den ch\u00e9ad uair riamh beidh na cl\u00e1ir le f\u00e1il ar Sheinnteoir TG4 sula gcraolfar ar an teilif\u00eds iad"},"content":{"rendered":"<p><img loading=\"lazy\" decoding=\"async\" width=\"1920\" height=\"1080\" src=\"https:\/\/tg4-docs.s3.amazonaws.com\/wp-content\/uploads\/2025\/09\/11161717\/Ros_na_Run_Sr30_1-1920x1080-1.jpg\" alt=\"\" class=\"aligncenter size-full wp-image-247390\" srcset=\"https:\/\/tg4-docs.s3.amazonaws.com\/wp-content\/uploads\/2025\/09\/11161717\/Ros_na_Run_Sr30_1-1920x1080-1.jpg 1920w, https:\/\/tg4-docs.s3.amazonaws.com\/wp-content\/uploads\/2025\/09\/11161717\/Ros_na_Run_Sr30_1-1920x1080-1-250x141.jpg 250w, https:\/\/tg4-docs.s3.amazonaws.com\/wp-content\/uploads\/2025\/09\/11161717\/Ros_na_Run_Sr30_1-1920x1080-1-700x394.jpg 700w, https:\/\/tg4-docs.s3.amazonaws.com\/wp-content\/uploads\/2025\/09\/11161717\/Ros_na_Run_Sr30_1-1920x1080-1-252x141.jpg 252w, https:\/\/tg4-docs.s3.amazonaws.com\/wp-content\/uploads\/2025\/09\/11161717\/Ros_na_Run_Sr30_1-1920x1080-1-1536x864.jpg 1536w, https:\/\/tg4-docs.s3.amazonaws.com\/wp-content\/uploads\/2025\/09\/11161717\/Ros_na_Run_Sr30_1-1920x1080-1-120x68.jpg 120w\" sizes=\"(max-width: 1920px) 100vw, 1920px\" \/><br \/>\n&nbsp;<br \/>\nBeidh Ros na R\u00fan le f\u00e1il  gach Luan agus C\u00e9adaoin ar Sheinnteoir TG4. <a href=\"https:\/\/nasc.tg4.tv\/Ros_na_R\u00fan\" rel=\"noopener\" target=\"_blank\">https:\/\/nasc.tg4.tv\/Ros_na_R\u00fan<\/a><br \/>\n&nbsp;<br \/>\n<iframe loading=\"lazy\" width=\"560\" height=\"315\" src=\"https:\/\/www.youtube.com\/embed\/sjGhQvWWrHw?si=JVP3KLEY6Rts0Mov\" title=\"YouTube video player\" frameborder=\"0\" allow=\"accelerometer; autoplay; clipboard-write; encrypted-media; gyroscope; picture-in-picture; web-share\" referrerpolicy=\"strict-origin-when-cross-origin\" allowfullscreen><\/iframe><br \/>\n&nbsp;<br \/>\n\u00cdomh\u00e1nna Ardghl\u00e9ine: <a href=\"https:\/\/flic.kr\/s\/aHBqjCtS3M\" rel=\"noopener\" target=\"_blank\">https:\/\/flic.kr\/s\/aHBqjCtS3M<\/a> Creidi\u00faint : Eoin Collins<br \/>\n&nbsp;<br \/>\nT\u00e1 r\u00edm\u00e9ad ar <strong>TG4<\/strong> forbairt nua spreag\u00fail a roinnt le lucht lean\u00fana Ros na R\u00fan, pr\u00edomhdhr\u00e1ma Gaeilge na h\u00c9ireann. Beidh an tsraith ar ais an 16 Me\u00e1n F\u00f3mhair 2025 agus chun an 30\u00fa s\u00e9as\u00far a chom\u00f3radh, beidh gach cl\u00e1r ar f\u00e1il le sruth\u00fa ar <strong>Sheinnteoir TG4 (TG4.ie)<\/strong> gach Luan agus C\u00e9adaoin, rud a thabharfaidh deis don lucht f\u00e9achana breathn\u00fa ar an gcl\u00e1r l\u00e1 amh\u00e1in sula gcraolfar ar <strong>TG4<\/strong> iad. Is deis iontach \u00e9 an seoladh nua digiteach seo chun cur leis an lucht f\u00e9achana m\u00f3r at\u00e1 ar fud an domhain cheana f\u00e9in ag Ros na R\u00fan.<br \/>\n&nbsp;<br \/>\nBeidh an ch\u00e9ad chl\u00e1r de shraith nua Ros na R\u00fan ar f\u00e1il ar <strong>Sheinnteoir TG4<\/strong> D\u00e9 Luain seo chugainn an 15 Me\u00e1n F\u00f3mhair.<br \/>\n&nbsp;<br \/>\nIs cuid de strait\u00e9is lean\u00fanach <strong>TG4<\/strong> \u00e9 seo chun \u00e1bhar at\u00e1 neodrach \u00f3 thaobh ard\u00e1in a chur ar f\u00e1il agus a chinnti\u00fa gur f\u00e9idir leis an lucht f\u00e9achana na cl\u00e1ir is fearr leo a fh\u00e1il ar \u00e9ileamh, am ar bith a dtogr\u00f3idh siad, \u00e1it ar bith a dtogr\u00f3idh siad. T\u00e1 lucht f\u00e9achana d\u00edlis agus rialta ag Ros na R\u00fan ar <strong>Sheinnteoir TG4<\/strong>, agus de r\u00e9ir mar at\u00e1 na beala\u00ed a bh\u00edonn daoine ag f\u00e9achaint ar \u00e1bhar ag athr\u00fa, t\u00e1 <strong>TG4<\/strong> tiomanta do fhreastal ar riachtanais an lucht f\u00e9achana a shocra\u00edonn breathn\u00fa ar \u00e1bhar ag am a oireann d\u00f3ibh f\u00e9in b\u00edodh sin ar l\u00edne, ar an bhf\u00f3n, n\u00f3 ar theilif\u00eds chliste.<br \/>\n&nbsp;<br \/>\nL\u00e9iri\u00fach\u00e1in RnR a l\u00e9ir\u00edonn <em>Ros na R\u00fan<\/em> agus t\u00e1 s\u00e9 ina bhunchloch i gcraolt\u00f3ireacht na Gaeilge le tr\u00edocha bliain, ag mealladh lucht f\u00e9achana le sc\u00e9alta l\u00e1idre, t\u00e9ama\u00ed comhaimseartha, agus f\u00edorl\u00e9iri\u00fa ar an saol i bpobal nua-aimseartha Gaeltachta. Anois agus t\u00fas \u00e1 chur leis an 30\u00fa s\u00e9as\u00far, t\u00e1 an tsraith chomh h\u00e1bhartha agus chomh sp\u00e9isi\u00fail is a bh\u00ed riamh.<br \/>\n&nbsp;<br \/>\nD\u00fairt <strong>Deirdre N\u00ed Choist\u00edn, Ard-Sti\u00farth\u00f3ir TG4<\/strong>, <em>\u201cT\u00e1 r\u00edm\u00e9ad orainn an 30\u00fa s\u00e9as\u00far de Ros na R\u00fan a chom\u00f3radh agus a bheith ag l\u00e1idri\u00fa strait\u00e9is Gach \u00c1it TG4 tr\u00ed chl\u00e1racha a chur ar f\u00e1il ar Sheinnteoir TG4 sula gcraoltar iad ar an teilif\u00eds. Leis an athr\u00fa seo, l\u00e9ir\u00edtear chomh m\u00f3r is at\u00e1 TG4 ag iarraidh n\u00edos m\u00f3 \u00e1bhar at\u00e1 neodrach \u00f3 thaobh ard\u00e1in de a chur ar f\u00e1il chun an lucht f\u00e9achana a bhaineann tairbhe as \u00e1bhar ar \u00e9ileamh a sh\u00e1samh. T\u00e1 Ros na R\u00fan l\u00e1rnach i gcl\u00e1rsceideal TG4 agus t\u00e1 r\u00f3l r\u00edth\u00e1bhachtach aige ina nasc idir an lucht f\u00e9achana agus sc\u00e9ala\u00edocht chomhaimseartha na Gaeilge le tr\u00edocha bliain anuas. Is c\u00fais bhr\u00f3id d\u00fainn go mbeimid in ann a bheith ag cur leis an oidhreacht sin agus glacadh leis an todhcha\u00ed dhigiteach ag an am c\u00e9anna.\u201d<\/em><br \/>\n&nbsp;<br \/>\nD\u00fairt <strong>Siobh\u00e1n N\u00ed Ghadhra, L\u00e9iritheoir Feidhmi\u00fach\u00e1in Ros na R\u00fan<\/strong>: <em>&#8220;Is c\u00fais bhr\u00f3id d\u00fainn 30 bliain den sc\u00e9ala\u00edocht i Ros na R\u00fan a cheili\u00faradh agus t\u00e1 an-\u00e1thas orainn an ch\u00e9ad seoladh digiteach seo a chur ar f\u00e1il. Cuirfear na sc\u00e9alta iontacha seo ar f\u00e1il anois d\u00e1r lucht f\u00e9achana d\u00edlis ar bheala\u00ed nua agus spreag\u00fala. T\u00e1imid ag s\u00fail go m\u00f3r le bheith ag obair le TG4 ar an tionscnamh seo chun a chinnti\u00fa go mbeidh Ros na R\u00fan ar f\u00e1il do lucht f\u00e9achana n\u00edos fairsinge, ar na hard\u00e1in ar fad ar Sheinnteoir TG4.&#8221;<\/em><br \/>\n&nbsp;<br \/>\n\u00d3 craoladh ar dt\u00fas \u00e9 in 1996, t\u00e1 f\u00e1s agus forbairt tagtha ar Ros na R\u00fan go bhfuil s\u00e9 anois ar cheann de na dr\u00e1ma\u00ed is buaine agus is m\u00f3 a bhfuil t\u00f3ir air in \u00c9irinn. Anuas tr\u00ed na blianta, t\u00e1 l\u00e9argas ionraic tugtha ar cheisteanna deacra, goilli\u00fanacha mar aon le h\u00e1bhar cro\u00ed\u00fail, greannmhar agus siams\u00fail a chur ar f\u00e1il. De bharr go mbeidh teacht ag daoine ar an gcl\u00e1r roimh an am anois ar <strong>Sheinnteoir TG4<\/strong>, beidh s\u00e9 d\u2019acmhainn ag an tsraith cur lena lucht f\u00e9achana agus tuilleadh lucht f\u00e9achana anseo sa mbaile agus thar lear a mhealladh.<br \/>\n&nbsp;<br \/>\n&nbsp;<\/p>\n","protected":false},"excerpt":{"rendered":"<p>&nbsp; Beidh Ros na R\u00fan le f\u00e1il gach Luan agus C\u00e9adaoin ar Sheinnteoir TG4. https:\/\/nasc.tg4.tv\/Ros_na_R\u00fan &nbsp; &nbsp; \u00cdomh\u00e1nna Ardghl\u00e9ine: https:\/\/flic.kr\/s\/aHBqjCtS3M Creidi\u00faint : Eoin Collins &nbsp; T\u00e1 r\u00edm\u00e9ad ar TG4 forbairt nua spreag\u00fail a roinnt le lucht lean\u00fana Ros na R\u00fan, pr\u00edomhdhr\u00e1ma Gaeilge na h\u00c9ireann. Beidh an tsraith ar ais an 16 Me\u00e1n F\u00f3mhair 2025 agus [&hellip;]<\/p>\n","protected":false},"author":876,"featured_media":0,"parent":236807,"menu_order":50,"comment_status":"closed","ping_status":"closed","template":"page-templates\/template-pr.php","meta":{"_acf_changed":false,"footnotes":""},"acf":[],"yoast_head":"<!-- This site is optimized with the Yoast SEO plugin v22.6 - https:\/\/yoast.com\/wordpress\/plugins\/seo\/ -->\n<title>Ros na R\u00fan ag ceili\u00faradh 30 S\u00e9as\u00far agus den ch\u00e9ad uair riamh beidh na cl\u00e1ir le f\u00e1il ar Sheinnteoir TG4 sula gcraolfar ar an teilif\u00eds iad | Preasr\u00e1iteas | TG4<\/title>\n<meta name=\"description\" content=\"T\u00e1 r\u00edm\u00e9ad ar TG4 forbairt nua spreag\u00fail a roinnt le lucht lean\u00fana Ros na R\u00fan, pr\u00edomhdhr\u00e1ma Gaeilge na h\u00c9ireann. Beidh an tsraith ar ais an 16 Me\u00e1n F\u00f3mhair 2025 agus chun an 30\u00fa s\u00e9as\u00far a chom\u00f3radh, beidh gach cl\u00e1r ar f\u00e1il le sruth\u00fa ar Sheinnteoir TG4 (TG4.ie) gach Luan agus C\u00e9adaoin, rud a thabharfaidh deis don lucht f\u00e9achana breathn\u00fa ar an gcl\u00e1r l\u00e1 amh\u00e1in sula gcraolfar ar TG4 iad.\" \/>\n<meta name=\"robots\" content=\"index, follow, max-snippet:-1, max-image-preview:large, max-video-preview:-1\" \/>\n<meta property=\"og:locale\" content=\"en_US\" \/>\n<meta property=\"og:type\" content=\"article\" \/>\n<meta property=\"og:title\" content=\"Ros na R\u00fan ag ceili\u00faradh 30 S\u00e9as\u00far agus den ch\u00e9ad uair riamh beidh na cl\u00e1ir le f\u00e1il ar Sheinnteoir TG4 sula gcraolfar ar an teilif\u00eds iad | Preasr\u00e1iteas | TG4\" \/>\n<meta property=\"og:description\" content=\"T\u00e1 r\u00edm\u00e9ad ar TG4 forbairt nua spreag\u00fail a roinnt le lucht lean\u00fana Ros na R\u00fan, pr\u00edomhdhr\u00e1ma Gaeilge na h\u00c9ireann. Beidh an tsraith ar ais an 16 Me\u00e1n F\u00f3mhair 2025 agus chun an 30\u00fa s\u00e9as\u00far a chom\u00f3radh, beidh gach cl\u00e1r ar f\u00e1il le sruth\u00fa ar Sheinnteoir TG4 (TG4.ie) gach Luan agus C\u00e9adaoin, rud a thabharfaidh deis don lucht f\u00e9achana breathn\u00fa ar an gcl\u00e1r l\u00e1 amh\u00e1in sula gcraolfar ar TG4 iad.\" \/>\n<meta property=\"og:url\" content=\"https:\/\/dev.tg4.ie\/ga\/eolas\/preas\/nuacht-raitis\/2025-2\/ros-na-run-ag-ceiliuradh-30-seasur-agus-den-chead-uair-riamh-beidh-na-clair-le-fail-ar-sheinnteoir-tg4-sula-gcraolfar-ar-an-teilifis-iad\/\" \/>\n<meta property=\"og:site_name\" content=\"TG4\" \/>\n<meta property=\"article:publisher\" content=\"https:\/\/www.facebook.com\/TG4TV\" \/>\n<meta property=\"article:modified_time\" content=\"2025-09-11T15:29:51+00:00\" \/>\n<meta property=\"og:image\" content=\"https:\/\/dev.tg4.ie\/wp-content\/uploads\/2025\/09\/Ros_na_Run_Sr30_1-1920x1080-1.jpg\" \/>\n<meta name=\"twitter:card\" content=\"summary_large_image\" \/>\n<meta name=\"twitter:site\" content=\"@TG4TV\" \/>\n<meta name=\"twitter:label1\" content=\"Est. reading time\" \/>\n\t<meta name=\"twitter:data1\" content=\"3 minutes\" \/>\n<script type=\"application\/ld+json\" class=\"yoast-schema-graph\">{\"@context\":\"https:\/\/schema.org\",\"@graph\":[{\"@type\":\"WebPage\",\"@id\":\"https:\/\/dev.tg4.ie\/ga\/eolas\/preas\/nuacht-raitis\/2025-2\/ros-na-run-ag-ceiliuradh-30-seasur-agus-den-chead-uair-riamh-beidh-na-clair-le-fail-ar-sheinnteoir-tg4-sula-gcraolfar-ar-an-teilifis-iad\/\",\"url\":\"https:\/\/dev.tg4.ie\/ga\/eolas\/preas\/nuacht-raitis\/2025-2\/ros-na-run-ag-ceiliuradh-30-seasur-agus-den-chead-uair-riamh-beidh-na-clair-le-fail-ar-sheinnteoir-tg4-sula-gcraolfar-ar-an-teilifis-iad\/\",\"name\":\"Ros na R\u00fan ag ceili\u00faradh 30 S\u00e9as\u00far agus den ch\u00e9ad uair riamh beidh na cl\u00e1ir le f\u00e1il ar Sheinnteoir TG4 sula gcraolfar ar an teilif\u00eds iad | Preasr\u00e1iteas | TG4\",\"isPartOf\":{\"@id\":\"https:\/\/dev.tg4.ie\/en\/#website\"},\"primaryImageOfPage\":{\"@id\":\"https:\/\/dev.tg4.ie\/ga\/eolas\/preas\/nuacht-raitis\/2025-2\/ros-na-run-ag-ceiliuradh-30-seasur-agus-den-chead-uair-riamh-beidh-na-clair-le-fail-ar-sheinnteoir-tg4-sula-gcraolfar-ar-an-teilifis-iad\/#primaryimage\"},\"image\":{\"@id\":\"https:\/\/dev.tg4.ie\/ga\/eolas\/preas\/nuacht-raitis\/2025-2\/ros-na-run-ag-ceiliuradh-30-seasur-agus-den-chead-uair-riamh-beidh-na-clair-le-fail-ar-sheinnteoir-tg4-sula-gcraolfar-ar-an-teilifis-iad\/#primaryimage\"},\"thumbnailUrl\":\"https:\/\/dev.tg4.ie\/wp-content\/uploads\/2025\/09\/Ros_na_Run_Sr30_1-1920x1080-1.jpg\",\"datePublished\":\"2025-09-11T15:21:38+00:00\",\"dateModified\":\"2025-09-11T15:29:51+00:00\",\"description\":\"T\u00e1 r\u00edm\u00e9ad ar TG4 forbairt nua spreag\u00fail a roinnt le lucht lean\u00fana Ros na R\u00fan, pr\u00edomhdhr\u00e1ma Gaeilge na h\u00c9ireann. Beidh an tsraith ar ais an 16 Me\u00e1n F\u00f3mhair 2025 agus chun an 30\u00fa s\u00e9as\u00far a chom\u00f3radh, beidh gach cl\u00e1r ar f\u00e1il le sruth\u00fa ar Sheinnteoir TG4 (TG4.ie) gach Luan agus C\u00e9adaoin, rud a thabharfaidh deis don lucht f\u00e9achana breathn\u00fa ar an gcl\u00e1r l\u00e1 amh\u00e1in sula gcraolfar ar TG4 iad.\",\"breadcrumb\":{\"@id\":\"https:\/\/dev.tg4.ie\/ga\/eolas\/preas\/nuacht-raitis\/2025-2\/ros-na-run-ag-ceiliuradh-30-seasur-agus-den-chead-uair-riamh-beidh-na-clair-le-fail-ar-sheinnteoir-tg4-sula-gcraolfar-ar-an-teilifis-iad\/#breadcrumb\"},\"inLanguage\":\"ga\",\"potentialAction\":[{\"@type\":\"ReadAction\",\"target\":[\"https:\/\/dev.tg4.ie\/ga\/eolas\/preas\/nuacht-raitis\/2025-2\/ros-na-run-ag-ceiliuradh-30-seasur-agus-den-chead-uair-riamh-beidh-na-clair-le-fail-ar-sheinnteoir-tg4-sula-gcraolfar-ar-an-teilifis-iad\/\"]}]},{\"@type\":\"ImageObject\",\"inLanguage\":\"ga\",\"@id\":\"https:\/\/dev.tg4.ie\/ga\/eolas\/preas\/nuacht-raitis\/2025-2\/ros-na-run-ag-ceiliuradh-30-seasur-agus-den-chead-uair-riamh-beidh-na-clair-le-fail-ar-sheinnteoir-tg4-sula-gcraolfar-ar-an-teilifis-iad\/#primaryimage\",\"url\":\"https:\/\/dev.tg4.ie\/wp-content\/uploads\/2025\/09\/Ros_na_Run_Sr30_1-1920x1080-1.jpg\",\"contentUrl\":\"https:\/\/dev.tg4.ie\/wp-content\/uploads\/2025\/09\/Ros_na_Run_Sr30_1-1920x1080-1.jpg\"},{\"@type\":\"BreadcrumbList\",\"@id\":\"https:\/\/dev.tg4.ie\/ga\/eolas\/preas\/nuacht-raitis\/2025-2\/ros-na-run-ag-ceiliuradh-30-seasur-agus-den-chead-uair-riamh-beidh-na-clair-le-fail-ar-sheinnteoir-tg4-sula-gcraolfar-ar-an-teilifis-iad\/#breadcrumb\",\"itemListElement\":[{\"@type\":\"ListItem\",\"position\":1,\"name\":\"Home\",\"item\":\"https:\/\/dev.tg4.ie\/ga\/\"},{\"@type\":\"ListItem\",\"position\":2,\"name\":\"Eolas\",\"item\":\"https:\/\/dev.tg4.ie\/ga\/eolas\/\"},{\"@type\":\"ListItem\",\"position\":3,\"name\":\"Preas\",\"item\":\"https:\/\/dev.tg4.ie\/ga\/eolas\/preas\/\"},{\"@type\":\"ListItem\",\"position\":4,\"name\":\"Nuacht R\u00e1itis\",\"item\":\"https:\/\/dev.tg4.ie\/ga\/eolas\/preas\/nuacht-raitis\/\"},{\"@type\":\"ListItem\",\"position\":5,\"name\":\"2025\",\"item\":\"https:\/\/dev.tg4.ie\/ga\/eolas\/preas\/nuacht-raitis\/2025-2\/\"},{\"@type\":\"ListItem\",\"position\":6,\"name\":\"Ros na R\u00fan ag ceili\u00faradh 30 S\u00e9as\u00far agus den ch\u00e9ad uair riamh beidh na cl\u00e1ir le f\u00e1il ar Sheinnteoir TG4 sula gcraolfar ar an teilif\u00eds iad\"}]},{\"@type\":\"WebSite\",\"@id\":\"https:\/\/dev.tg4.ie\/en\/#website\",\"url\":\"https:\/\/dev.tg4.ie\/en\/\",\"name\":\"TG4\",\"description\":\"S\u00fail Eile\",\"potentialAction\":[{\"@type\":\"SearchAction\",\"target\":{\"@type\":\"EntryPoint\",\"urlTemplate\":\"https:\/\/dev.tg4.ie\/en\/?s={search_term_string}\"},\"query-input\":\"required name=search_term_string\"}],\"inLanguage\":\"ga\"}]}<\/script>\n<!-- \/ Yoast SEO plugin. -->","yoast_head_json":{"title":"Ros na R\u00fan ag ceili\u00faradh 30 S\u00e9as\u00far agus den ch\u00e9ad uair riamh beidh na cl\u00e1ir le f\u00e1il ar Sheinnteoir TG4 sula gcraolfar ar an teilif\u00eds iad | Preasr\u00e1iteas | TG4","description":"T\u00e1 r\u00edm\u00e9ad ar TG4 forbairt nua spreag\u00fail a roinnt le lucht lean\u00fana Ros na R\u00fan, pr\u00edomhdhr\u00e1ma Gaeilge na h\u00c9ireann. Beidh an tsraith ar ais an 16 Me\u00e1n F\u00f3mhair 2025 agus chun an 30\u00fa s\u00e9as\u00far a chom\u00f3radh, beidh gach cl\u00e1r ar f\u00e1il le sruth\u00fa ar Sheinnteoir TG4 (TG4.ie) gach Luan agus C\u00e9adaoin, rud a thabharfaidh deis don lucht f\u00e9achana breathn\u00fa ar an gcl\u00e1r l\u00e1 amh\u00e1in sula gcraolfar ar TG4 iad.","robots":{"index":"index","follow":"follow","max-snippet":"max-snippet:-1","max-image-preview":"max-image-preview:large","max-video-preview":"max-video-preview:-1"},"og_locale":"en_US","og_type":"article","og_title":"Ros na R\u00fan ag ceili\u00faradh 30 S\u00e9as\u00far agus den ch\u00e9ad uair riamh beidh na cl\u00e1ir le f\u00e1il ar Sheinnteoir TG4 sula gcraolfar ar an teilif\u00eds iad | Preasr\u00e1iteas | TG4","og_description":"T\u00e1 r\u00edm\u00e9ad ar TG4 forbairt nua spreag\u00fail a roinnt le lucht lean\u00fana Ros na R\u00fan, pr\u00edomhdhr\u00e1ma Gaeilge na h\u00c9ireann. Beidh an tsraith ar ais an 16 Me\u00e1n F\u00f3mhair 2025 agus chun an 30\u00fa s\u00e9as\u00far a chom\u00f3radh, beidh gach cl\u00e1r ar f\u00e1il le sruth\u00fa ar Sheinnteoir TG4 (TG4.ie) gach Luan agus C\u00e9adaoin, rud a thabharfaidh deis don lucht f\u00e9achana breathn\u00fa ar an gcl\u00e1r l\u00e1 amh\u00e1in sula gcraolfar ar TG4 iad.","og_url":"https:\/\/dev.tg4.ie\/ga\/eolas\/preas\/nuacht-raitis\/2025-2\/ros-na-run-ag-ceiliuradh-30-seasur-agus-den-chead-uair-riamh-beidh-na-clair-le-fail-ar-sheinnteoir-tg4-sula-gcraolfar-ar-an-teilifis-iad\/","og_site_name":"TG4","article_publisher":"https:\/\/www.facebook.com\/TG4TV","article_modified_time":"2025-09-11T15:29:51+00:00","og_image":[{"url":"https:\/\/dev.tg4.ie\/wp-content\/uploads\/2025\/09\/Ros_na_Run_Sr30_1-1920x1080-1.jpg"}],"twitter_card":"summary_large_image","twitter_site":"@TG4TV","twitter_misc":{"Est. reading time":"3 minutes"},"schema":{"@context":"https:\/\/schema.org","@graph":[{"@type":"WebPage","@id":"https:\/\/dev.tg4.ie\/ga\/eolas\/preas\/nuacht-raitis\/2025-2\/ros-na-run-ag-ceiliuradh-30-seasur-agus-den-chead-uair-riamh-beidh-na-clair-le-fail-ar-sheinnteoir-tg4-sula-gcraolfar-ar-an-teilifis-iad\/","url":"https:\/\/dev.tg4.ie\/ga\/eolas\/preas\/nuacht-raitis\/2025-2\/ros-na-run-ag-ceiliuradh-30-seasur-agus-den-chead-uair-riamh-beidh-na-clair-le-fail-ar-sheinnteoir-tg4-sula-gcraolfar-ar-an-teilifis-iad\/","name":"Ros na R\u00fan ag ceili\u00faradh 30 S\u00e9as\u00far agus den ch\u00e9ad uair riamh beidh na cl\u00e1ir le f\u00e1il ar Sheinnteoir TG4 sula gcraolfar ar an teilif\u00eds iad | Preasr\u00e1iteas | TG4","isPartOf":{"@id":"https:\/\/dev.tg4.ie\/en\/#website"},"primaryImageOfPage":{"@id":"https:\/\/dev.tg4.ie\/ga\/eolas\/preas\/nuacht-raitis\/2025-2\/ros-na-run-ag-ceiliuradh-30-seasur-agus-den-chead-uair-riamh-beidh-na-clair-le-fail-ar-sheinnteoir-tg4-sula-gcraolfar-ar-an-teilifis-iad\/#primaryimage"},"image":{"@id":"https:\/\/dev.tg4.ie\/ga\/eolas\/preas\/nuacht-raitis\/2025-2\/ros-na-run-ag-ceiliuradh-30-seasur-agus-den-chead-uair-riamh-beidh-na-clair-le-fail-ar-sheinnteoir-tg4-sula-gcraolfar-ar-an-teilifis-iad\/#primaryimage"},"thumbnailUrl":"https:\/\/dev.tg4.ie\/wp-content\/uploads\/2025\/09\/Ros_na_Run_Sr30_1-1920x1080-1.jpg","datePublished":"2025-09-11T15:21:38+00:00","dateModified":"2025-09-11T15:29:51+00:00","description":"T\u00e1 r\u00edm\u00e9ad ar TG4 forbairt nua spreag\u00fail a roinnt le lucht lean\u00fana Ros na R\u00fan, pr\u00edomhdhr\u00e1ma Gaeilge na h\u00c9ireann. Beidh an tsraith ar ais an 16 Me\u00e1n F\u00f3mhair 2025 agus chun an 30\u00fa s\u00e9as\u00far a chom\u00f3radh, beidh gach cl\u00e1r ar f\u00e1il le sruth\u00fa ar Sheinnteoir TG4 (TG4.ie) gach Luan agus C\u00e9adaoin, rud a thabharfaidh deis don lucht f\u00e9achana breathn\u00fa ar an gcl\u00e1r l\u00e1 amh\u00e1in sula gcraolfar ar TG4 iad.","breadcrumb":{"@id":"https:\/\/dev.tg4.ie\/ga\/eolas\/preas\/nuacht-raitis\/2025-2\/ros-na-run-ag-ceiliuradh-30-seasur-agus-den-chead-uair-riamh-beidh-na-clair-le-fail-ar-sheinnteoir-tg4-sula-gcraolfar-ar-an-teilifis-iad\/#breadcrumb"},"inLanguage":"ga","potentialAction":[{"@type":"ReadAction","target":["https:\/\/dev.tg4.ie\/ga\/eolas\/preas\/nuacht-raitis\/2025-2\/ros-na-run-ag-ceiliuradh-30-seasur-agus-den-chead-uair-riamh-beidh-na-clair-le-fail-ar-sheinnteoir-tg4-sula-gcraolfar-ar-an-teilifis-iad\/"]}]},{"@type":"ImageObject","inLanguage":"ga","@id":"https:\/\/dev.tg4.ie\/ga\/eolas\/preas\/nuacht-raitis\/2025-2\/ros-na-run-ag-ceiliuradh-30-seasur-agus-den-chead-uair-riamh-beidh-na-clair-le-fail-ar-sheinnteoir-tg4-sula-gcraolfar-ar-an-teilifis-iad\/#primaryimage","url":"https:\/\/dev.tg4.ie\/wp-content\/uploads\/2025\/09\/Ros_na_Run_Sr30_1-1920x1080-1.jpg","contentUrl":"https:\/\/dev.tg4.ie\/wp-content\/uploads\/2025\/09\/Ros_na_Run_Sr30_1-1920x1080-1.jpg"},{"@type":"BreadcrumbList","@id":"https:\/\/dev.tg4.ie\/ga\/eolas\/preas\/nuacht-raitis\/2025-2\/ros-na-run-ag-ceiliuradh-30-seasur-agus-den-chead-uair-riamh-beidh-na-clair-le-fail-ar-sheinnteoir-tg4-sula-gcraolfar-ar-an-teilifis-iad\/#breadcrumb","itemListElement":[{"@type":"ListItem","position":1,"name":"Home","item":"https:\/\/dev.tg4.ie\/ga\/"},{"@type":"ListItem","position":2,"name":"Eolas","item":"https:\/\/dev.tg4.ie\/ga\/eolas\/"},{"@type":"ListItem","position":3,"name":"Preas","item":"https:\/\/dev.tg4.ie\/ga\/eolas\/preas\/"},{"@type":"ListItem","position":4,"name":"Nuacht R\u00e1itis","item":"https:\/\/dev.tg4.ie\/ga\/eolas\/preas\/nuacht-raitis\/"},{"@type":"ListItem","position":5,"name":"2025","item":"https:\/\/dev.tg4.ie\/ga\/eolas\/preas\/nuacht-raitis\/2025-2\/"},{"@type":"ListItem","position":6,"name":"Ros na R\u00fan ag ceili\u00faradh 30 S\u00e9as\u00far agus den ch\u00e9ad uair riamh beidh na cl\u00e1ir le f\u00e1il ar Sheinnteoir TG4 sula gcraolfar ar an teilif\u00eds iad"}]},{"@type":"WebSite","@id":"https:\/\/dev.tg4.ie\/en\/#website","url":"https:\/\/dev.tg4.ie\/en\/","name":"TG4","description":"S\u00fail Eile","potentialAction":[{"@type":"SearchAction","target":{"@type":"EntryPoint","urlTemplate":"https:\/\/dev.tg4.ie\/en\/?s={search_term_string}"},"query-input":"required name=search_term_string"}],"inLanguage":"ga"}]}},"_links":{"self":[{"href":"https:\/\/dev.tg4.ie\/ga\/wp-json\/wp\/v2\/pages\/247388"}],"collection":[{"href":"https:\/\/dev.tg4.ie\/ga\/wp-json\/wp\/v2\/pages"}],"about":[{"href":"https:\/\/dev.tg4.ie\/ga\/wp-json\/wp\/v2\/types\/page"}],"author":[{"embeddable":true,"href":"https:\/\/dev.tg4.ie\/ga\/wp-json\/wp\/v2\/users\/876"}],"replies":[{"embeddable":true,"href":"https:\/\/dev.tg4.ie\/ga\/wp-json\/wp\/v2\/comments?post=247388"}],"version-history":[{"count":0,"href":"https:\/\/dev.tg4.ie\/ga\/wp-json\/wp\/v2\/pages\/247388\/revisions"}],"up":[{"embeddable":true,"href":"https:\/\/dev.tg4.ie\/ga\/wp-json\/wp\/v2\/pages\/236807"}],"wp:attachment":[{"href":"https:\/\/dev.tg4.ie\/ga\/wp-json\/wp\/v2\/media?parent=247388"}],"curies":[{"name":"wp","href":"https:\/\/api.w.org\/{rel}","templated":true}]}}