{"id":247434,"date":"2025-09-19T14:28:35","date_gmt":"2025-09-19T13:28:35","guid":{"rendered":"https:\/\/dev.tg4.ie\/?page_id=247434"},"modified":"2025-09-19T14:29:23","modified_gmt":"2025-09-19T13:29:23","slug":"tg4-chun-6-la-rasaiochta-capall-a-chraoladh-beo-o-fheile-an-fhomhair-i-lios-tuathail","status":"publish","type":"page","link":"https:\/\/dev.tg4.ie\/ga\/eolas\/preas\/nuacht-raitis\/2025-2\/tg4-chun-6-la-rasaiochta-capall-a-chraoladh-beo-o-fheile-an-fhomhair-i-lios-tuathail\/","title":{"rendered":"TG4 chun 6 L\u00e1 R\u00e1sa\u00edochta Capall a Chraoladh Beo \u00f3 Fh\u00e9ile an Fh\u00f3mhair i Lios Tuathail"},"content":{"rendered":"<p><img loading=\"lazy\" decoding=\"async\" width=\"1920\" height=\"1080\" src=\"https:\/\/tg4-docs.s3.amazonaws.com\/wp-content\/uploads\/2024\/07\/18155509\/Rasai_Beo_Gaillimh_1-1920x1080-1.jpg\" alt=\"\" class=\"aligncenter size-full wp-image-229325\" srcset=\"https:\/\/tg4-docs.s3.amazonaws.com\/wp-content\/uploads\/2024\/07\/18155509\/Rasai_Beo_Gaillimh_1-1920x1080-1.jpg 1920w, https:\/\/tg4-docs.s3.amazonaws.com\/wp-content\/uploads\/2024\/07\/18155509\/Rasai_Beo_Gaillimh_1-1920x1080-1-250x141.jpg 250w, https:\/\/tg4-docs.s3.amazonaws.com\/wp-content\/uploads\/2024\/07\/18155509\/Rasai_Beo_Gaillimh_1-1920x1080-1-700x394.jpg 700w, https:\/\/tg4-docs.s3.amazonaws.com\/wp-content\/uploads\/2024\/07\/18155509\/Rasai_Beo_Gaillimh_1-1920x1080-1-252x141.jpg 252w, https:\/\/tg4-docs.s3.amazonaws.com\/wp-content\/uploads\/2024\/07\/18155509\/Rasai_Beo_Gaillimh_1-1920x1080-1-1536x864.jpg 1536w, https:\/\/tg4-docs.s3.amazonaws.com\/wp-content\/uploads\/2024\/07\/18155509\/Rasai_Beo_Gaillimh_1-1920x1080-1-120x68.jpg 120w\" sizes=\"(max-width: 1920px) 100vw, 1920px\" \/><br \/>\n&nbsp;<br \/>\nFillfidh TG4 ar an R\u00edocht ar\u00eds an tseachtain seo chugainn chun s\u00e9 l\u00e1 r\u00e1sa\u00edochta capall a chraoladh beo \u00f3 Fh\u00e9ile an Fh\u00f3mhair i Lios Tuathail.<br \/>\n&nbsp; <\/p>\n<p>T\u00e1 an chomhph\u00e1irt\u00edocht seo idir TG4 agus an fh\u00e9ile ann le fiche bliain anois \u00f3 craoladh an fh\u00e9ile ar dt\u00fas \u00f3 Lios Tuathail in 2004. Beifear ag com\u00f3radh 21 bhliain de R\u00e1sa\u00ed Lios Tuathail ar TG4 i mbliana, agus beidh an fhoireann beo \u00f3 Chiarra\u00ed \u00f3 D\u00e9 Luain an 22 Me\u00e1n F\u00f3mhair go dt\u00ed D\u00e9 Sathairn an 27 Me\u00e1n F\u00f3mhair. Sin an tr\u00e1th c\u00e9anna a bhfuiltear ag com\u00f3radh an 167\u00fa bliain den fh\u00e9ile stairi\u00fail seo ar buaicphointe \u00ed i bhf\u00e9ilire na r\u00e1sa\u00edochta in \u00c9irinn.<br \/>\n&nbsp; <\/p>\n<p>Mealladh slua m\u00f3r \u00f3 gach cearn den t\u00edr agus thar lear chuig an bhf\u00e9ile anuraidh agus cuireadh scoth na r\u00e1sa\u00edochta ar f\u00e1il d\u00f3ibh. Bhuaigh Flooring Porter, a thraen\u00e1il Gavin Cromwell agus a raibh Keith Donoghue ag marca\u00edocht uirthi, pr\u00edomhr\u00e1s na seachtaine \u2013 an Guinness Kerry National \u2013 go paiteanta.<br \/>\n&nbsp; <\/p>\n<p>Tos\u00f3idh f\u00e9ile na bliana seo le dh\u00e1 l\u00e1 r\u00e1sa\u00edochta ar an gcothrom ar an Luan agus M\u00e1irt, sula mbeidh an r\u00e1sa\u00edocht seilge n\u00e1isi\u00fanta i l\u00e1r an aonaigh \u00f3n gC\u00e9adaoin ar aghaidh. I measc bhuaicphoint\u00ed na seachtaine beidh an Guinness Kerry National ar an gC\u00e9adaoin agus L\u00e1 na mBan ar an Aoine. Is iad an craolt\u00f3ir Louise Duffy agus an dearth\u00f3ir Shauna Courtney a bheidh ina molt\u00f3ir\u00ed ar an gcom\u00f3rtas don bhean is fearr gl\u00e9asta \u2013 ceann de na h\u00f3c\u00e1id\u00ed is m\u00f3 mb\u00edtear ag s\u00fail l\u00e9i ag an bhf\u00e9ile gach bliain.<br \/>\n&nbsp; <\/p>\n<p>Taispe\u00e1nfar \u00e1bhar eisiach don lucht f\u00e9achana i rith na seachtaine, lena n-\u00e1ir\u00edtear cuairteanna ar na gra\u00edfheirmeacha agus ar na traen\u00e1laithe is fearr, mar shampla Eoin McCarthy as Luimneach, a bhua a r\u00e1s f\u00e9in beo ar TG4 anuraidh lena chapall Kingdom Calling, agus Pat O\u2019Donnell, a bhuaigh r\u00e1s ag F\u00e9ile Ebor i Sasana anuraidh le Extensio.<br \/>\n&nbsp; <\/p>\n<p>Is \u00e9 Se\u00e1n B\u00e1n Breathnach a bheidh ag sti\u00faradh an cl\u00fadaigh ar\u00eds i mbliana agus beidh M\u00e1nus \u00d3 Conghaile, Sarah Lynam agus Evelyn N\u00ed Ghriallais ina theannta. Mike \u00d3 S\u00e9 a bheidh i mbun tr\u00e1chtaireachta ar na r\u00e1sa\u00ed, agus beidh Daragh \u00d3 Conch\u00fair agus Meghann Scully ann chun l\u00e9argas a thabhairt don lucht f\u00e9achana ar atmaisf\u00e9ar an imeachta agus le bheith ag caint le h\u00fain\u00e9ir\u00ed, traen\u00e1laithe, marcaigh agus lucht freastail i gcaitheamh na seachtaine.<br \/>\n&nbsp; <\/p>\n<p>Lean Sp\u00f3rt TG4 ar na me\u00e1in sh\u00f3isialta chun buaicphoint\u00ed, nuacht agus cl\u00fadach sa ch\u00falra a fh\u00e1il \u00f3 Fh\u00e9ile an Fh\u00f3mhair i Lios Tuathail.<\/p>\n<p>&nbsp;<br \/>\n&nbsp;<\/p>\n<table>\n<thead>\n<th>L\u00e1<\/th>\n<th>Am<\/th>\n<th>Cl\u00e1r<\/th>\n<th>Eolas<\/th>\n<th>Ard\u00e1n <\/p>\n<th>Cearta\n<\/thead>\n<tr>\n<td>D\u00e9 Luain 22\/09<\/td>\n<td>14:25<\/td>\n<td>R\u00e1sa\u00ed Beo<\/td>\n<td>R\u00e1sa\u00ed Lios Tuathail<\/td>\n<td>TG4<\/td>\n<td>Domhanda<\/td>\n<\/tr>\n<tr>\n<td>D\u00e9 M\u00e1irt 23\/09<\/td>\n<td>14:40<\/td>\n<td>R\u00e1sa\u00ed Beo<\/td>\n<td>R\u00e1sa\u00ed Lios Tuathail<\/td>\n<td>TG4<\/td>\n<td>Domhanda<\/td>\n<\/tr>\n<tr>\n<td>D\u00e9 C\u00e9adaoin 24\/09<\/td>\n<td>13:50<\/td>\n<td>R\u00e1sa\u00ed Beo<\/td>\n<td>R\u00e1sa\u00ed Lios Tuathail<\/td>\n<td>TG4<\/td>\n<td>Domhanda<\/td>\n<\/tr>\n<tr>\n<td>D\u00e9ardaoin 25\/09<\/td>\n<td>14:05<\/td>\n<td>R\u00e1sa\u00ed Beo<\/td>\n<td>R\u00e1sa\u00ed Lios Tuathail<\/td>\n<td>TG4<\/td>\n<td>Domhanda<\/td>\n<\/tr>\n<tr>\n<td>D\u00e9 hAoine 26\/09<\/td>\n<td>13:55<\/td>\n<td>R\u00e1sa\u00ed Beo<\/td>\n<td>R\u00e1sa\u00ed Lios Tuathail<\/td>\n<td>TG4<\/td>\n<td>Domhanda<\/td>\n<\/tr>\n<tr>\n<td>D\u00e9 Sathairn 27\/09<\/td>\n<td>14:00<\/td>\n<td>R\u00e1sa\u00ed Beo<\/td>\n<td>R\u00e1sa\u00ed Lios Tuathail<\/td>\n<td>TG4<\/td>\n<td>Domhanda<\/td>\n<\/tr>\n<\/table>\n<p>&nbsp;<br \/>\n&nbsp;<\/p>\n","protected":false},"excerpt":{"rendered":"<p>&nbsp; Fillfidh TG4 ar an R\u00edocht ar\u00eds an tseachtain seo chugainn chun s\u00e9 l\u00e1 r\u00e1sa\u00edochta capall a chraoladh beo \u00f3 Fh\u00e9ile an Fh\u00f3mhair i Lios Tuathail. &nbsp; T\u00e1 an chomhph\u00e1irt\u00edocht seo idir TG4 agus an fh\u00e9ile ann le fiche bliain anois \u00f3 craoladh an fh\u00e9ile ar dt\u00fas \u00f3 Lios Tuathail in 2004. Beifear ag com\u00f3radh [&hellip;]<\/p>\n","protected":false},"author":876,"featured_media":0,"parent":236807,"menu_order":52,"comment_status":"closed","ping_status":"closed","template":"page-templates\/template-pr.php","meta":{"_acf_changed":false,"footnotes":""},"acf":[],"yoast_head":"<!-- This site is optimized with the Yoast SEO plugin v22.6 - https:\/\/yoast.com\/wordpress\/plugins\/seo\/ -->\n<title>TG4 chun 6 L\u00e1 R\u00e1sa\u00edochta Capall a Chraoladh Beo \u00f3 Fh\u00e9ile an Fh\u00f3mhair i Lios Tuathail | Preasr\u00e1iteas | TG4<\/title>\n<meta name=\"description\" content=\"Fillfidh TG4 ar an R\u00edocht ar\u00eds an tseachtain seo chugainn chun s\u00e9 l\u00e1 r\u00e1sa\u00edochta capall a chraoladh beo \u00f3 Fh\u00e9ile an Fh\u00f3mhair i Lios Tuathail.\" \/>\n<meta name=\"robots\" content=\"index, follow, max-snippet:-1, max-image-preview:large, max-video-preview:-1\" \/>\n<meta property=\"og:locale\" content=\"en_US\" \/>\n<meta property=\"og:type\" content=\"article\" \/>\n<meta property=\"og:title\" content=\"TG4 chun 6 L\u00e1 R\u00e1sa\u00edochta Capall a Chraoladh Beo \u00f3 Fh\u00e9ile an Fh\u00f3mhair i Lios Tuathail | Preasr\u00e1iteas | TG4\" \/>\n<meta property=\"og:description\" content=\"Fillfidh TG4 ar an R\u00edocht ar\u00eds an tseachtain seo chugainn chun s\u00e9 l\u00e1 r\u00e1sa\u00edochta capall a chraoladh beo \u00f3 Fh\u00e9ile an Fh\u00f3mhair i Lios Tuathail.\" \/>\n<meta property=\"og:url\" content=\"https:\/\/dev.tg4.ie\/ga\/eolas\/preas\/nuacht-raitis\/2025-2\/tg4-chun-6-la-rasaiochta-capall-a-chraoladh-beo-o-fheile-an-fhomhair-i-lios-tuathail\/\" \/>\n<meta property=\"og:site_name\" content=\"TG4\" \/>\n<meta property=\"article:publisher\" content=\"https:\/\/www.facebook.com\/TG4TV\" \/>\n<meta property=\"article:modified_time\" content=\"2025-09-19T13:29:23+00:00\" \/>\n<meta property=\"og:image\" content=\"https:\/\/dev.tg4.ie\/wp-content\/uploads\/2024\/07\/Rasai_Beo_Gaillimh_1-1920x1080-1.jpg\" \/>\n<meta name=\"twitter:card\" content=\"summary_large_image\" \/>\n<meta name=\"twitter:site\" content=\"@TG4TV\" \/>\n<meta name=\"twitter:label1\" content=\"Est. reading time\" \/>\n\t<meta name=\"twitter:data1\" content=\"3 minutes\" \/>\n<script type=\"application\/ld+json\" class=\"yoast-schema-graph\">{\"@context\":\"https:\/\/schema.org\",\"@graph\":[{\"@type\":\"WebPage\",\"@id\":\"https:\/\/dev.tg4.ie\/ga\/eolas\/preas\/nuacht-raitis\/2025-2\/tg4-chun-6-la-rasaiochta-capall-a-chraoladh-beo-o-fheile-an-fhomhair-i-lios-tuathail\/\",\"url\":\"https:\/\/dev.tg4.ie\/ga\/eolas\/preas\/nuacht-raitis\/2025-2\/tg4-chun-6-la-rasaiochta-capall-a-chraoladh-beo-o-fheile-an-fhomhair-i-lios-tuathail\/\",\"name\":\"TG4 chun 6 L\u00e1 R\u00e1sa\u00edochta Capall a Chraoladh Beo \u00f3 Fh\u00e9ile an Fh\u00f3mhair i Lios Tuathail | Preasr\u00e1iteas | TG4\",\"isPartOf\":{\"@id\":\"https:\/\/dev.tg4.ie\/en\/#website\"},\"primaryImageOfPage\":{\"@id\":\"https:\/\/dev.tg4.ie\/ga\/eolas\/preas\/nuacht-raitis\/2025-2\/tg4-chun-6-la-rasaiochta-capall-a-chraoladh-beo-o-fheile-an-fhomhair-i-lios-tuathail\/#primaryimage\"},\"image\":{\"@id\":\"https:\/\/dev.tg4.ie\/ga\/eolas\/preas\/nuacht-raitis\/2025-2\/tg4-chun-6-la-rasaiochta-capall-a-chraoladh-beo-o-fheile-an-fhomhair-i-lios-tuathail\/#primaryimage\"},\"thumbnailUrl\":\"https:\/\/dev.tg4.ie\/wp-content\/uploads\/2024\/07\/Rasai_Beo_Gaillimh_1-1920x1080-1.jpg\",\"datePublished\":\"2025-09-19T13:28:35+00:00\",\"dateModified\":\"2025-09-19T13:29:23+00:00\",\"description\":\"Fillfidh TG4 ar an R\u00edocht ar\u00eds an tseachtain seo chugainn chun s\u00e9 l\u00e1 r\u00e1sa\u00edochta capall a chraoladh beo \u00f3 Fh\u00e9ile an Fh\u00f3mhair i Lios Tuathail.\",\"breadcrumb\":{\"@id\":\"https:\/\/dev.tg4.ie\/ga\/eolas\/preas\/nuacht-raitis\/2025-2\/tg4-chun-6-la-rasaiochta-capall-a-chraoladh-beo-o-fheile-an-fhomhair-i-lios-tuathail\/#breadcrumb\"},\"inLanguage\":\"ga\",\"potentialAction\":[{\"@type\":\"ReadAction\",\"target\":[\"https:\/\/dev.tg4.ie\/ga\/eolas\/preas\/nuacht-raitis\/2025-2\/tg4-chun-6-la-rasaiochta-capall-a-chraoladh-beo-o-fheile-an-fhomhair-i-lios-tuathail\/\"]}]},{\"@type\":\"ImageObject\",\"inLanguage\":\"ga\",\"@id\":\"https:\/\/dev.tg4.ie\/ga\/eolas\/preas\/nuacht-raitis\/2025-2\/tg4-chun-6-la-rasaiochta-capall-a-chraoladh-beo-o-fheile-an-fhomhair-i-lios-tuathail\/#primaryimage\",\"url\":\"https:\/\/dev.tg4.ie\/wp-content\/uploads\/2024\/07\/Rasai_Beo_Gaillimh_1-1920x1080-1.jpg\",\"contentUrl\":\"https:\/\/dev.tg4.ie\/wp-content\/uploads\/2024\/07\/Rasai_Beo_Gaillimh_1-1920x1080-1.jpg\"},{\"@type\":\"BreadcrumbList\",\"@id\":\"https:\/\/dev.tg4.ie\/ga\/eolas\/preas\/nuacht-raitis\/2025-2\/tg4-chun-6-la-rasaiochta-capall-a-chraoladh-beo-o-fheile-an-fhomhair-i-lios-tuathail\/#breadcrumb\",\"itemListElement\":[{\"@type\":\"ListItem\",\"position\":1,\"name\":\"Home\",\"item\":\"https:\/\/dev.tg4.ie\/ga\/\"},{\"@type\":\"ListItem\",\"position\":2,\"name\":\"Eolas\",\"item\":\"https:\/\/dev.tg4.ie\/ga\/eolas\/\"},{\"@type\":\"ListItem\",\"position\":3,\"name\":\"Preas\",\"item\":\"https:\/\/dev.tg4.ie\/ga\/eolas\/preas\/\"},{\"@type\":\"ListItem\",\"position\":4,\"name\":\"Nuacht R\u00e1itis\",\"item\":\"https:\/\/dev.tg4.ie\/ga\/eolas\/preas\/nuacht-raitis\/\"},{\"@type\":\"ListItem\",\"position\":5,\"name\":\"2025\",\"item\":\"https:\/\/dev.tg4.ie\/ga\/eolas\/preas\/nuacht-raitis\/2025-2\/\"},{\"@type\":\"ListItem\",\"position\":6,\"name\":\"TG4 chun 6 L\u00e1 R\u00e1sa\u00edochta Capall a Chraoladh Beo \u00f3 Fh\u00e9ile an Fh\u00f3mhair i Lios Tuathail\"}]},{\"@type\":\"WebSite\",\"@id\":\"https:\/\/dev.tg4.ie\/en\/#website\",\"url\":\"https:\/\/dev.tg4.ie\/en\/\",\"name\":\"TG4\",\"description\":\"S\u00fail Eile\",\"potentialAction\":[{\"@type\":\"SearchAction\",\"target\":{\"@type\":\"EntryPoint\",\"urlTemplate\":\"https:\/\/dev.tg4.ie\/en\/?s={search_term_string}\"},\"query-input\":\"required name=search_term_string\"}],\"inLanguage\":\"ga\"}]}<\/script>\n<!-- \/ Yoast SEO plugin. -->","yoast_head_json":{"title":"TG4 chun 6 L\u00e1 R\u00e1sa\u00edochta Capall a Chraoladh Beo \u00f3 Fh\u00e9ile an Fh\u00f3mhair i Lios Tuathail | Preasr\u00e1iteas | TG4","description":"Fillfidh TG4 ar an R\u00edocht ar\u00eds an tseachtain seo chugainn chun s\u00e9 l\u00e1 r\u00e1sa\u00edochta capall a chraoladh beo \u00f3 Fh\u00e9ile an Fh\u00f3mhair i Lios Tuathail.","robots":{"index":"index","follow":"follow","max-snippet":"max-snippet:-1","max-image-preview":"max-image-preview:large","max-video-preview":"max-video-preview:-1"},"og_locale":"en_US","og_type":"article","og_title":"TG4 chun 6 L\u00e1 R\u00e1sa\u00edochta Capall a Chraoladh Beo \u00f3 Fh\u00e9ile an Fh\u00f3mhair i Lios Tuathail | Preasr\u00e1iteas | TG4","og_description":"Fillfidh TG4 ar an R\u00edocht ar\u00eds an tseachtain seo chugainn chun s\u00e9 l\u00e1 r\u00e1sa\u00edochta capall a chraoladh beo \u00f3 Fh\u00e9ile an Fh\u00f3mhair i Lios Tuathail.","og_url":"https:\/\/dev.tg4.ie\/ga\/eolas\/preas\/nuacht-raitis\/2025-2\/tg4-chun-6-la-rasaiochta-capall-a-chraoladh-beo-o-fheile-an-fhomhair-i-lios-tuathail\/","og_site_name":"TG4","article_publisher":"https:\/\/www.facebook.com\/TG4TV","article_modified_time":"2025-09-19T13:29:23+00:00","og_image":[{"url":"https:\/\/dev.tg4.ie\/wp-content\/uploads\/2024\/07\/Rasai_Beo_Gaillimh_1-1920x1080-1.jpg"}],"twitter_card":"summary_large_image","twitter_site":"@TG4TV","twitter_misc":{"Est. reading time":"3 minutes"},"schema":{"@context":"https:\/\/schema.org","@graph":[{"@type":"WebPage","@id":"https:\/\/dev.tg4.ie\/ga\/eolas\/preas\/nuacht-raitis\/2025-2\/tg4-chun-6-la-rasaiochta-capall-a-chraoladh-beo-o-fheile-an-fhomhair-i-lios-tuathail\/","url":"https:\/\/dev.tg4.ie\/ga\/eolas\/preas\/nuacht-raitis\/2025-2\/tg4-chun-6-la-rasaiochta-capall-a-chraoladh-beo-o-fheile-an-fhomhair-i-lios-tuathail\/","name":"TG4 chun 6 L\u00e1 R\u00e1sa\u00edochta Capall a Chraoladh Beo \u00f3 Fh\u00e9ile an Fh\u00f3mhair i Lios Tuathail | Preasr\u00e1iteas | TG4","isPartOf":{"@id":"https:\/\/dev.tg4.ie\/en\/#website"},"primaryImageOfPage":{"@id":"https:\/\/dev.tg4.ie\/ga\/eolas\/preas\/nuacht-raitis\/2025-2\/tg4-chun-6-la-rasaiochta-capall-a-chraoladh-beo-o-fheile-an-fhomhair-i-lios-tuathail\/#primaryimage"},"image":{"@id":"https:\/\/dev.tg4.ie\/ga\/eolas\/preas\/nuacht-raitis\/2025-2\/tg4-chun-6-la-rasaiochta-capall-a-chraoladh-beo-o-fheile-an-fhomhair-i-lios-tuathail\/#primaryimage"},"thumbnailUrl":"https:\/\/dev.tg4.ie\/wp-content\/uploads\/2024\/07\/Rasai_Beo_Gaillimh_1-1920x1080-1.jpg","datePublished":"2025-09-19T13:28:35+00:00","dateModified":"2025-09-19T13:29:23+00:00","description":"Fillfidh TG4 ar an R\u00edocht ar\u00eds an tseachtain seo chugainn chun s\u00e9 l\u00e1 r\u00e1sa\u00edochta capall a chraoladh beo \u00f3 Fh\u00e9ile an Fh\u00f3mhair i Lios Tuathail.","breadcrumb":{"@id":"https:\/\/dev.tg4.ie\/ga\/eolas\/preas\/nuacht-raitis\/2025-2\/tg4-chun-6-la-rasaiochta-capall-a-chraoladh-beo-o-fheile-an-fhomhair-i-lios-tuathail\/#breadcrumb"},"inLanguage":"ga","potentialAction":[{"@type":"ReadAction","target":["https:\/\/dev.tg4.ie\/ga\/eolas\/preas\/nuacht-raitis\/2025-2\/tg4-chun-6-la-rasaiochta-capall-a-chraoladh-beo-o-fheile-an-fhomhair-i-lios-tuathail\/"]}]},{"@type":"ImageObject","inLanguage":"ga","@id":"https:\/\/dev.tg4.ie\/ga\/eolas\/preas\/nuacht-raitis\/2025-2\/tg4-chun-6-la-rasaiochta-capall-a-chraoladh-beo-o-fheile-an-fhomhair-i-lios-tuathail\/#primaryimage","url":"https:\/\/dev.tg4.ie\/wp-content\/uploads\/2024\/07\/Rasai_Beo_Gaillimh_1-1920x1080-1.jpg","contentUrl":"https:\/\/dev.tg4.ie\/wp-content\/uploads\/2024\/07\/Rasai_Beo_Gaillimh_1-1920x1080-1.jpg"},{"@type":"BreadcrumbList","@id":"https:\/\/dev.tg4.ie\/ga\/eolas\/preas\/nuacht-raitis\/2025-2\/tg4-chun-6-la-rasaiochta-capall-a-chraoladh-beo-o-fheile-an-fhomhair-i-lios-tuathail\/#breadcrumb","itemListElement":[{"@type":"ListItem","position":1,"name":"Home","item":"https:\/\/dev.tg4.ie\/ga\/"},{"@type":"ListItem","position":2,"name":"Eolas","item":"https:\/\/dev.tg4.ie\/ga\/eolas\/"},{"@type":"ListItem","position":3,"name":"Preas","item":"https:\/\/dev.tg4.ie\/ga\/eolas\/preas\/"},{"@type":"ListItem","position":4,"name":"Nuacht R\u00e1itis","item":"https:\/\/dev.tg4.ie\/ga\/eolas\/preas\/nuacht-raitis\/"},{"@type":"ListItem","position":5,"name":"2025","item":"https:\/\/dev.tg4.ie\/ga\/eolas\/preas\/nuacht-raitis\/2025-2\/"},{"@type":"ListItem","position":6,"name":"TG4 chun 6 L\u00e1 R\u00e1sa\u00edochta Capall a Chraoladh Beo \u00f3 Fh\u00e9ile an Fh\u00f3mhair i Lios Tuathail"}]},{"@type":"WebSite","@id":"https:\/\/dev.tg4.ie\/en\/#website","url":"https:\/\/dev.tg4.ie\/en\/","name":"TG4","description":"S\u00fail Eile","potentialAction":[{"@type":"SearchAction","target":{"@type":"EntryPoint","urlTemplate":"https:\/\/dev.tg4.ie\/en\/?s={search_term_string}"},"query-input":"required name=search_term_string"}],"inLanguage":"ga"}]}},"_links":{"self":[{"href":"https:\/\/dev.tg4.ie\/ga\/wp-json\/wp\/v2\/pages\/247434"}],"collection":[{"href":"https:\/\/dev.tg4.ie\/ga\/wp-json\/wp\/v2\/pages"}],"about":[{"href":"https:\/\/dev.tg4.ie\/ga\/wp-json\/wp\/v2\/types\/page"}],"author":[{"embeddable":true,"href":"https:\/\/dev.tg4.ie\/ga\/wp-json\/wp\/v2\/users\/876"}],"replies":[{"embeddable":true,"href":"https:\/\/dev.tg4.ie\/ga\/wp-json\/wp\/v2\/comments?post=247434"}],"version-history":[{"count":0,"href":"https:\/\/dev.tg4.ie\/ga\/wp-json\/wp\/v2\/pages\/247434\/revisions"}],"up":[{"embeddable":true,"href":"https:\/\/dev.tg4.ie\/ga\/wp-json\/wp\/v2\/pages\/236807"}],"wp:attachment":[{"href":"https:\/\/dev.tg4.ie\/ga\/wp-json\/wp\/v2\/media?parent=247434"}],"curies":[{"name":"wp","href":"https:\/\/api.w.org\/{rel}","templated":true}]}}