{"id":247454,"date":"2025-09-24T12:36:11","date_gmt":"2025-09-24T11:36:11","guid":{"rendered":"https:\/\/dev.tg4.ie\/?page_id=247454"},"modified":"2025-09-24T13:11:58","modified_gmt":"2025-09-24T12:11:58","slug":"ta-dioluinti-o-staidear-na-gaeilge-ag-nios-mo-daltai-scoileanna-na-bhi-riamh-iniuchadh-tg4-as-lathair","status":"publish","type":"page","link":"https:\/\/dev.tg4.ie\/ga\/eolas\/preas\/nuacht-raitis\/2025-2\/ta-dioluinti-o-staidear-na-gaeilge-ag-nios-mo-daltai-scoileanna-na-bhi-riamh-iniuchadh-tg4-as-lathair\/","title":{"rendered":"T\u00e1 d\u00edol\u00faint\u00ed \u00f3 staid\u00e9ar na Gaeilge ag n\u00edos m\u00f3 dalta\u00ed scoileanna n\u00e1 bh\u00ed riamh\u00a0&#8211; Ini\u00fachadh TG4 &#8211; &#8216;As L\u00e1thair&#8217; D\u00e9 C\u00e9adaoin 21:30"},"content":{"rendered":"<p><img loading=\"lazy\" decoding=\"async\" width=\"1280\" height=\"720\" src=\"https:\/\/tg4-docs.s3.amazonaws.com\/wp-content\/uploads\/2025\/09\/24122324\/Iniuchadh_3-1_Kevin_Classroom3_1280h_720.jpg\" alt=\"Kevin Magee - Ini\u00fachadh TG4 &#039;As L\u00e1thair&#039;\" class=\"alignnone size-full wp-image-247462\" srcset=\"https:\/\/tg4-docs.s3.amazonaws.com\/wp-content\/uploads\/2025\/09\/24122324\/Iniuchadh_3-1_Kevin_Classroom3_1280h_720.jpg 1280w, https:\/\/tg4-docs.s3.amazonaws.com\/wp-content\/uploads\/2025\/09\/24122324\/Iniuchadh_3-1_Kevin_Classroom3_1280h_720-250x141.jpg 250w, https:\/\/tg4-docs.s3.amazonaws.com\/wp-content\/uploads\/2025\/09\/24122324\/Iniuchadh_3-1_Kevin_Classroom3_1280h_720-700x394.jpg 700w, https:\/\/tg4-docs.s3.amazonaws.com\/wp-content\/uploads\/2025\/09\/24122324\/Iniuchadh_3-1_Kevin_Classroom3_1280h_720-252x141.jpg 252w, https:\/\/tg4-docs.s3.amazonaws.com\/wp-content\/uploads\/2025\/09\/24122324\/Iniuchadh_3-1_Kevin_Classroom3_1280h_720-120x68.jpg 120w\" sizes=\"(max-width: 1280px) 100vw, 1280px\" \/><br \/>\n<center><strong>Kevin Magee &#8211; Ini\u00fachadh TG4 &#8211; &#8216;As L\u00e1thair&#8217;<\/strong><\/center><\/p>\n<p><a href=\"https:\/\/www.youtube.com\/watch?v=zq63aF_koPM\">Blais\u00edn Ini\u00fachadh TG4  &#8211; &#8216;As L\u00e1thair&#8217;<\/a><br \/>\n&nbsp;<\/p>\n<p><strong>T\u00e1 d\u00edol\u00faine faighte ag 60,946 p\u00e1iste me\u00e1nscoile, an l\u00edon is m\u00f3 riamh, \u00f3 staid\u00e9ar a dh\u00e9anamh ar an nGaeilge, de r\u00e9ir na bhfigi\u00fair\u00ed is d\u00e9ana\u00ed \u00f3n Roinn Oideachais agus \u00d3ige agus at\u00e1 faighte go heisiach ag TG4.<\/strong><br \/>\n&nbsp;<\/p>\n<p>Cuireadh na staitistic\u00ed nua ar f\u00e1il go heisiach don chl\u00e1r c\u00farsa\u00ed reatha TG4, <strong>Ini\u00fachadh TG4 &#8211; As L\u00e1thair<\/strong> a chraolfar anocht D\u00e9 C\u00e9adaoin an 24 Me\u00e1n F\u00f3mhair ag 21.30pm agus a bheidh \u00e1 chur i l\u00e1thair ag an iriseoir ini\u00fachta a bhfuil gradam buaite aige, Kevin Magee.<br \/>\n&nbsp;<\/p>\n<p>L\u00e9ir\u00edonn na figi\u00fair\u00ed go bhfuil l\u00edon na ndalta\u00ed a fuair d\u00edol\u00faine \u00f3 staid\u00e9ar a dh\u00e9anamh ar an nGaeilge beagnach d\u00fabailte le seacht mbliana &#8211; agus t\u00e1 fait\u00edos ar roinnt daoine go bhfuil an Ghaeilge ag cailleadh an st\u00e1dais \u00e9igeantaigh at\u00e1 aici i scoileanna.<\/p>\n<p>Fiosr\u00f3far sa gcl\u00e1r na c\u00faiseanna a bhfuil l\u00edon na nd\u00edol\u00faint\u00ed ag m\u00e9ad\u00fa sa gc\u00f3ras oideachais an tr\u00e1th c\u00e9anna a bhfuil athbheochan ag teacht ar chult\u00far na Gaeilge i measc na h\u00f3ige mar gheall ar an t\u00f3ir mh\u00f3r at\u00e1 ar bhanna\u00ed ceoil ar n\u00f3s Kneecap, an t\u00f3ir at\u00e1 ar chol\u00e1ist\u00ed samhraidh agus an f\u00e1s at\u00e1 ag teacht ar l\u00edon na dtionchair\u00ed ar l\u00edne a bh\u00edonn ag labhairt Gaeilge.<\/p>\n<p>T\u00e1 \u00e9ilimh d\u00e9anta ag an gCumann N\u00e1isi\u00fanta Pr\u00edomhoid\u00ed agus Pr\u00edomhoid\u00ed T\u00e1naisteacha (NAPD) sa gcl\u00e1r nach ar a gcuid ball a bheadh an fhreagracht d\u00edol\u00faine a dheon\u00fa, mar, a deir siad, go bhfuil tuismitheoir\u00ed at\u00e1 ag lorg d\u00edol\u00faine d\u00e1 bp\u00e1ist\u00ed ag cur br\u00fa\u00a0ar phr\u00edomhoid\u00ed.<\/p>\n<p>L\u00e9ir\u00edtear sna figi\u00fair\u00ed is d\u00e9ana\u00ed \u00f3n Roinn Oideachais agus \u00d3ige go raibh d\u00edol\u00faine \u00f3 staid\u00e9ar a dh\u00e9anamh ar an nGaeilge ag 60,946 dalta n\u00f3 ag 14.3%\u00a0den daonra iar-bhunscoile i mbliain acad\u00fail 2024\/25, c\u00e9 gur \u00e1bhar \u00e9igeantach at\u00e1 inti.<\/p>\n<p>Is ionann sin agus cead speisialta gan staid\u00e9ar a dh\u00e9anamh ar an nGaeilge a bheith faighte ag duine as gach seachtar p\u00e1iste me\u00e1nscoile faoi l\u00e1thair. \u00a0L\u00e9ir\u00edtear go raibh m\u00e9ad\u00fa 5,286 dalta ar l\u00edon ioml\u00e1n na bliana roimhe sin, \u00f3 55,660 go 60,946 dalta, arb ionann \u00e9 agus 13.4% den daonra iar-bhunscoile.<\/p>\n<p>T\u00e1 c\u00f3ras na nd\u00edol\u00faint\u00ed ag cur an iomarca br\u00fa ar phr\u00edomhoid\u00ed agus ar leas-phr\u00edomhoid\u00ed, dar leis an gcomhlachas gairmi\u00fail a bh\u00edonn ag d\u00e9anamh ionada\u00edochta ar a son.<\/p>\n<p>Faoi l\u00e1thair, is f\u00e9idir le pr\u00edomhoide scoile cinneadh d\u00edol\u00faine a thabhairt do dhalta m\u00e1 sh\u00e1sa\u00edonn s\u00e9 na crit\u00e9ir riachtanacha at\u00e1 leagtha amach ag an Roinn Oideachais agus \u00d3ige. De ghn\u00e1th, baineann na coinn\u00edollacha le p\u00e1ist\u00ed a bhfuil riachtanais speisialta oideachais acu n\u00f3 le p\u00e1ist\u00ed nua at\u00e1 tagtha \u00f3 thar lear go h\u00c9irinn.<\/p>\n<p>D\u00fairt Sti\u00farth\u00f3ir NAPD, Paul Crone:<br \/>\n<em>\u201cN\u00edor cheart go mbeadh an fhreagracht as d\u00edol\u00faint\u00ed Gaeilge a dheon\u00fa ar Phr\u00edomhoid\u00ed a thuilleadh agus go gcuirf\u00ed deireadh leis an gcleachtas seo l\u00e1ithreach. Is \u00e9 an ch\u00fais at\u00e1 leis seo n\u00e1 n\u00e1d\u00far teicni\u00fail sonrach an chinnidh maidir leis an d\u00edol\u00faine agus an choimhlint a chotha\u00edonn s\u00e9 idir an Pr\u00edomhoide agus an tuismitheoir nuair nach gcomhl\u00edontar na crit\u00e9ir.  \u201cCreideann tuismitheoir\u00ed go bhfuil an rogha ag an bPr\u00edomhoide an d\u00edol\u00faine a dheon\u00fa agus is minic a fhaigheann siad n\u00f3ta leighis \u00f3na ndocht\u00fair teaghlaigh chun tac\u00fa lena n-\u00e9ileamh nuair nach gcomhl\u00edontar na crit\u00e9ir le haghaidh d\u00edol\u00faine, agus is minic a bh\u00edonn idirghn\u00edomha\u00edochta\u00ed m\u00edthaitneamhacha agus ionsaitheacha gan gh\u00e1 mar thoradh air seo.\u201d<\/em><br \/>\n&nbsp;<\/p>\n<p>D\u00fairt an Roinn Oideachais nach bhfuil aon phleananna aige freagracht na cinnteoireachta i dtaobh d\u00edol\u00faint\u00ed a bhaint \u00f3 phr\u00edomhoid\u00ed. <em>\u201cN\u00edl s\u00e9 sin \u00e1 bhreithni\u00fa faoi l\u00e1thair,\u201d<\/em> a d\u00fairt urlabhra\u00ed.<br \/>\n&nbsp;<\/p>\n<p>Ach l\u00e9ir\u00edtear sna figi\u00fair\u00ed \u00f3n Roinn Oideachais agus \u00d3ige freisin go raibh thart ar dh\u00e1 thrian, n\u00f3 20,264 dalta, a raibh d\u00edol\u00faine faighte acu mar gheall ar riachtanais speisialta oideachais (SEN) ag d\u00e9anamh staid\u00e9ar ar theanga eile seachas Gaeilge i rith na bliana acad\u00fala 2023\/24.<\/p>\n<p>T\u00e1 imn\u00ed ar roinnt saineolaithe go bhfuil st\u00e1das na teanga ag \u00edsli\u00fa i gc\u00f3ras na scoileanna, agus go bhf\u00e9adfadh an Ghaeilge a bheith ina h\u00e1bhar roghnach amach anseo seachas a bheith ina h\u00e1bhar \u00e9igeantach mar gheall ar an ard\u00fa eile seo at\u00e1 tagtha ar l\u00edon na nd\u00edol\u00faint\u00ed at\u00e1 ceadaithe \u00f3 staid\u00e9ar a dh\u00e9anamh ar an nGaeilge.<\/p>\n<p>&nbsp;<\/p>\n<p>Ag labhairt d\u00f3 i nGaeilge, d\u00fairt P\u00e1draig \u00d3 Duibhir, Ollamh Emeritus san Institi\u00faid Oideachais in Ollscoil Chathair Bhaile \u00c1tha Cliath:<br \/>\n<em>\u201cT\u00e1 ruda\u00ed \u00e1irithe \u00e9igeantach sa scoil, caithfidh t\u00fa mata a fhoghlaim. Caithfidh t\u00fa B\u00e9arla a fhoghlaim. Caithfidh t\u00fa bunscileanna l\u00e9itheoireachta agus scr\u00edbhneoireachta a fhoghlaim agus mar sin de, agus mar \u00c9ireannach chuirfinn an Ghaeilge isteach i measc na ruda\u00ed sin. N\u00edl a fhios agam an polasa\u00ed comhfhiosach at\u00e1 ann ach is d\u00f3igh liom gurb \u00e9 an toradh a bheidh ar an bpolasa\u00ed seo, mura nd\u00e9antar leas\u00fa air, n\u00e1 go mbeidh an Ghaeilge mar \u00e1bhar roghnach amach anseo, go b\u2019in an toradh fadtr\u00e9imhseach n\u00f3 me\u00e1ntr\u00e9imhseach a bheadh air.\u201d<\/em><br \/>\n&nbsp;<\/p>\n<p>D\u00fairt an Roinn Oideachais agus \u00d3ige, mar fhreagra ar an gcl\u00e1r, nach bhfuil aon phleananna aici \u00e1bhar neamh\u00e9igeantach a dh\u00e9anamh den Ghaeilge sa scoil. <em>\u201cN\u00edl, n\u00edltear i mbun breithnithe air sin,\u201d<\/em> a d\u00fairt urlabhra\u00ed.<br \/>\n&nbsp;<\/p>\n<p>Go ginear\u00e1lta, tugtar d\u00edol\u00faine do ph\u00e1ist\u00ed a bhfuil riachtanais speisialta oideachais acu, do ph\u00e1ist\u00ed at\u00e1 ag freastal ar scoileanna speisialta n\u00f3 do ph\u00e1ist\u00ed a thagann go h\u00c9irinn \u00f3 thar lear nach raibh aon taith\u00ed acu roimhe sin ar bheith ag foghlaim na Gaeilge. Tugtar thart ar leath de l\u00edon ioml\u00e1n na nd\u00edol\u00faint\u00ed do ph\u00e1ist\u00ed nua at\u00e1 ag teacht go h\u00c9irinn agus ag dul isteach sa gc\u00f3ras oideachais.<\/p>\n<p>D\u00fairt an Roinn Oideachais agus \u00d3ige nach m\u00f3r f\u00e9achaint ar fhigi\u00fair\u00ed na nd\u00edol\u00faint\u00ed <em>\u201ci gcomhth\u00e9acs n\u00edos leithne\u201d<\/em> bunaithe ar l\u00edon na scol\u00e1ir\u00ed nua at\u00e1 ag bogadh go h\u00c9irinn \u00f3 thar lear, go leor acu at\u00e1 i dteideal d\u00edol\u00faine uathoibr\u00edoch a fh\u00e1il \u00f3n nGaeilge &#8211; polasa\u00ed a ch\u00e1intear i gcl\u00e1r faisn\u00e9ise TG4 &#8211; \u201cAs L\u00e1thair\u201d n\u00f3 \u201cAbsent\u201d.<\/p>\n<p>&nbsp;<\/p>\n<p>D\u00fairt Pr\u00edomhoide Chol\u00e1iste Pobail F\u00f3la in Iarthar na Cathrach, Baile \u00c1tha Cliath, Joy U\u00ed Mhurchadha, go raibh an riail lena dtugtar d\u00edol\u00faine uathoibr\u00edoch do go leor p\u00e1ist\u00ed a thagann anseo \u00f3 thar lear seanaimseartha, agus gur cheart \u00ed a athr\u00fa.Ag labhairt di i nGaeilge, d\u00fairt s\u00ed:<br \/>\n<em>&#8220;S\u00edlim gur dearcadh an-seanfhaiseanta \u00e9 sin, agus cinnte leis na dalta\u00ed a thugamar seans d\u00f3ibh triail a bhaint as an nGaeilge, go mbaineann siad taitneamh as. An chuid is m\u00f3 den am, leanann siad leis an nGaeilge sa ch\u00e1s sin, agus is d\u00f3cha \u00f3 thaobh na hionchuimsitheachta de go bhfuil dalta\u00ed a bhfuil deacrachta\u00ed foghlama acu, dalta\u00ed at\u00e1 tar \u00e9is teacht \u00f3 th\u00edortha eile, motha\u00edonn siad nach bhfuil siad mar chuid de phobal na scoile, agus m\u00e1 deir t\u00fa leo freisin nach bhfuil siad i dteideal an Ghaeilge a fhoghlaim, cuirfidh t\u00fa leis an moth\u00fa nach bhfuil siad mar chuid de phobal na scoile. S\u00edlim go bhfuil t\u00fa ag r\u00e1 leo ar bhealach eile chomh maith, go bhfuil siad difri\u00fail ar an mbealach seo freisin &#8211; n\u00edl cead agat an Ghaeilge a fhoghlaim.&#8221;<\/em><br \/>\n&nbsp;<\/p>\n<p>D\u00fairt urlabhra\u00ed thar ceann na Roinne sa gcl\u00e1r nach m\u00f3r l\u00edon na ndalta\u00ed at\u00e1 ag teacht \u00f3 thar lear le blianta beaga anuas a \u00e1ireamh nuair at\u00e1 l\u00edon na nd\u00edol\u00faint\u00ed \u00e1 scr\u00fad\u00fa. T\u00e1 os cionn 18,000 dalta \u00f3n \u00dacr\u00e1in cl\u00e1raithe le tr\u00ed bliana anuas agus t\u00e1 <em>\u201cm\u00e9ad\u00fa ag teacht ar l\u00edon na bp\u00e1ist\u00ed a bhfuil riachtanais speisialta oideachais n\u00edos casta acu&#8221;<\/em>, a d\u00fairt an t-urlabhra\u00ed.<br \/>\n&nbsp;<br \/>\n<center><strong>Ini\u00fachadh TG4 &#8211; &#8216;As L\u00e1thair&#8217;<\/strong><\/center><br \/>\n<center><strong>D\u00e9 C\u00e9adaoin 21:30<\/strong><\/center><br \/>\n<center><strong>TG4 &#038; TG4.ie<\/strong><\/center><br \/>\n&nbsp;<br \/>\n&nbsp;<\/p>\n","protected":false},"excerpt":{"rendered":"<p>Kevin Magee &#8211; Ini\u00fachadh TG4 &#8211; &#8216;As L\u00e1thair&#8217; Blais\u00edn Ini\u00fachadh TG4 &#8211; &#8216;As L\u00e1thair&#8217; &nbsp; T\u00e1 d\u00edol\u00faine faighte ag 60,946 p\u00e1iste me\u00e1nscoile, an l\u00edon is m\u00f3 riamh, \u00f3 staid\u00e9ar a dh\u00e9anamh ar an nGaeilge, de r\u00e9ir na bhfigi\u00fair\u00ed is d\u00e9ana\u00ed \u00f3n Roinn Oideachais agus \u00d3ige agus at\u00e1 faighte go heisiach ag TG4. &nbsp; Cuireadh na [&hellip;]<\/p>\n","protected":false},"author":876,"featured_media":0,"parent":236807,"menu_order":53,"comment_status":"closed","ping_status":"closed","template":"page-templates\/template-pr.php","meta":{"_acf_changed":false,"footnotes":""},"acf":[],"yoast_head":"<!-- This site is optimized with the Yoast SEO plugin v22.6 - https:\/\/yoast.com\/wordpress\/plugins\/seo\/ -->\n<title>T\u00e1 d\u00edol\u00faint\u00ed \u00f3 staid\u00e9ar na Gaeilge ag n\u00edos m\u00f3 dalta\u00ed scoileanna n\u00e1 bh\u00ed riamh\u00a0- Ini\u00fachadh TG4 - &#039;As L\u00e1thair&#039; | Preasr\u00e1iteas | TG4<\/title>\n<meta name=\"description\" content=\"T\u00e1 d\u00edol\u00faine faighte ag 60,946 p\u00e1iste me\u00e1nscoile, an l\u00edon is m\u00f3 riamh, \u00f3 staid\u00e9ar a dh\u00e9anamh ar an nGaeilge, de r\u00e9ir na bhfigi\u00fair\u00ed is d\u00e9ana\u00ed \u00f3n Roinn Oideachais agus \u00d3ige agus at\u00e1 faighte go heisiach ag TG4.\" \/>\n<meta name=\"robots\" content=\"index, follow, max-snippet:-1, max-image-preview:large, max-video-preview:-1\" \/>\n<meta property=\"og:locale\" content=\"en_US\" \/>\n<meta property=\"og:type\" content=\"article\" \/>\n<meta property=\"og:title\" content=\"T\u00e1 d\u00edol\u00faint\u00ed \u00f3 staid\u00e9ar na Gaeilge ag n\u00edos m\u00f3 dalta\u00ed scoileanna n\u00e1 bh\u00ed riamh\u00a0- Ini\u00fachadh TG4 - &#039;As L\u00e1thair&#039; | Preasr\u00e1iteas | TG4\" \/>\n<meta property=\"og:description\" content=\"T\u00e1 d\u00edol\u00faine faighte ag 60,946 p\u00e1iste me\u00e1nscoile, an l\u00edon is m\u00f3 riamh, \u00f3 staid\u00e9ar a dh\u00e9anamh ar an nGaeilge, de r\u00e9ir na bhfigi\u00fair\u00ed is d\u00e9ana\u00ed \u00f3n Roinn Oideachais agus \u00d3ige agus at\u00e1 faighte go heisiach ag TG4.\" \/>\n<meta property=\"og:url\" content=\"https:\/\/dev.tg4.ie\/ga\/eolas\/preas\/nuacht-raitis\/2025-2\/ta-dioluinti-o-staidear-na-gaeilge-ag-nios-mo-daltai-scoileanna-na-bhi-riamh-iniuchadh-tg4-as-lathair\/\" \/>\n<meta property=\"og:site_name\" content=\"TG4\" \/>\n<meta property=\"article:publisher\" content=\"https:\/\/www.facebook.com\/TG4TV\" \/>\n<meta property=\"article:modified_time\" content=\"2025-09-24T12:11:58+00:00\" \/>\n<meta property=\"og:image\" content=\"https:\/\/dev.tg4.ie\/wp-content\/uploads\/2025\/09\/Iniuchadh_3-1_Kevin_Classroom3_1280h_720.jpg\" \/>\n<meta name=\"twitter:card\" content=\"summary_large_image\" \/>\n<meta name=\"twitter:site\" content=\"@TG4TV\" \/>\n<meta name=\"twitter:label1\" content=\"Est. reading time\" \/>\n\t<meta name=\"twitter:data1\" content=\"7 minutes\" \/>\n<script type=\"application\/ld+json\" class=\"yoast-schema-graph\">{\"@context\":\"https:\/\/schema.org\",\"@graph\":[{\"@type\":\"WebPage\",\"@id\":\"https:\/\/dev.tg4.ie\/ga\/eolas\/preas\/nuacht-raitis\/2025-2\/ta-dioluinti-o-staidear-na-gaeilge-ag-nios-mo-daltai-scoileanna-na-bhi-riamh-iniuchadh-tg4-as-lathair\/\",\"url\":\"https:\/\/dev.tg4.ie\/ga\/eolas\/preas\/nuacht-raitis\/2025-2\/ta-dioluinti-o-staidear-na-gaeilge-ag-nios-mo-daltai-scoileanna-na-bhi-riamh-iniuchadh-tg4-as-lathair\/\",\"name\":\"T\u00e1 d\u00edol\u00faint\u00ed \u00f3 staid\u00e9ar na Gaeilge ag n\u00edos m\u00f3 dalta\u00ed scoileanna n\u00e1 bh\u00ed riamh\u00a0- Ini\u00fachadh TG4 - 'As L\u00e1thair' | Preasr\u00e1iteas | TG4\",\"isPartOf\":{\"@id\":\"https:\/\/dev.tg4.ie\/en\/#website\"},\"primaryImageOfPage\":{\"@id\":\"https:\/\/dev.tg4.ie\/ga\/eolas\/preas\/nuacht-raitis\/2025-2\/ta-dioluinti-o-staidear-na-gaeilge-ag-nios-mo-daltai-scoileanna-na-bhi-riamh-iniuchadh-tg4-as-lathair\/#primaryimage\"},\"image\":{\"@id\":\"https:\/\/dev.tg4.ie\/ga\/eolas\/preas\/nuacht-raitis\/2025-2\/ta-dioluinti-o-staidear-na-gaeilge-ag-nios-mo-daltai-scoileanna-na-bhi-riamh-iniuchadh-tg4-as-lathair\/#primaryimage\"},\"thumbnailUrl\":\"https:\/\/dev.tg4.ie\/wp-content\/uploads\/2025\/09\/Iniuchadh_3-1_Kevin_Classroom3_1280h_720.jpg\",\"datePublished\":\"2025-09-24T11:36:11+00:00\",\"dateModified\":\"2025-09-24T12:11:58+00:00\",\"description\":\"T\u00e1 d\u00edol\u00faine faighte ag 60,946 p\u00e1iste me\u00e1nscoile, an l\u00edon is m\u00f3 riamh, \u00f3 staid\u00e9ar a dh\u00e9anamh ar an nGaeilge, de r\u00e9ir na bhfigi\u00fair\u00ed is d\u00e9ana\u00ed \u00f3n Roinn Oideachais agus \u00d3ige agus at\u00e1 faighte go heisiach ag TG4.\",\"breadcrumb\":{\"@id\":\"https:\/\/dev.tg4.ie\/ga\/eolas\/preas\/nuacht-raitis\/2025-2\/ta-dioluinti-o-staidear-na-gaeilge-ag-nios-mo-daltai-scoileanna-na-bhi-riamh-iniuchadh-tg4-as-lathair\/#breadcrumb\"},\"inLanguage\":\"ga\",\"potentialAction\":[{\"@type\":\"ReadAction\",\"target\":[\"https:\/\/dev.tg4.ie\/ga\/eolas\/preas\/nuacht-raitis\/2025-2\/ta-dioluinti-o-staidear-na-gaeilge-ag-nios-mo-daltai-scoileanna-na-bhi-riamh-iniuchadh-tg4-as-lathair\/\"]}]},{\"@type\":\"ImageObject\",\"inLanguage\":\"ga\",\"@id\":\"https:\/\/dev.tg4.ie\/ga\/eolas\/preas\/nuacht-raitis\/2025-2\/ta-dioluinti-o-staidear-na-gaeilge-ag-nios-mo-daltai-scoileanna-na-bhi-riamh-iniuchadh-tg4-as-lathair\/#primaryimage\",\"url\":\"https:\/\/dev.tg4.ie\/wp-content\/uploads\/2025\/09\/Iniuchadh_3-1_Kevin_Classroom3_1280h_720.jpg\",\"contentUrl\":\"https:\/\/dev.tg4.ie\/wp-content\/uploads\/2025\/09\/Iniuchadh_3-1_Kevin_Classroom3_1280h_720.jpg\"},{\"@type\":\"BreadcrumbList\",\"@id\":\"https:\/\/dev.tg4.ie\/ga\/eolas\/preas\/nuacht-raitis\/2025-2\/ta-dioluinti-o-staidear-na-gaeilge-ag-nios-mo-daltai-scoileanna-na-bhi-riamh-iniuchadh-tg4-as-lathair\/#breadcrumb\",\"itemListElement\":[{\"@type\":\"ListItem\",\"position\":1,\"name\":\"Home\",\"item\":\"https:\/\/dev.tg4.ie\/ga\/\"},{\"@type\":\"ListItem\",\"position\":2,\"name\":\"Eolas\",\"item\":\"https:\/\/dev.tg4.ie\/ga\/eolas\/\"},{\"@type\":\"ListItem\",\"position\":3,\"name\":\"Preas\",\"item\":\"https:\/\/dev.tg4.ie\/ga\/eolas\/preas\/\"},{\"@type\":\"ListItem\",\"position\":4,\"name\":\"Nuacht R\u00e1itis\",\"item\":\"https:\/\/dev.tg4.ie\/ga\/eolas\/preas\/nuacht-raitis\/\"},{\"@type\":\"ListItem\",\"position\":5,\"name\":\"2025\",\"item\":\"https:\/\/dev.tg4.ie\/ga\/eolas\/preas\/nuacht-raitis\/2025-2\/\"},{\"@type\":\"ListItem\",\"position\":6,\"name\":\"T\u00e1 d\u00edol\u00faint\u00ed \u00f3 staid\u00e9ar na Gaeilge ag n\u00edos m\u00f3 dalta\u00ed scoileanna n\u00e1 bh\u00ed riamh\u00a0&#8211; Ini\u00fachadh TG4 &#8211; &#8216;As L\u00e1thair&#8217; D\u00e9 C\u00e9adaoin 21:30\"}]},{\"@type\":\"WebSite\",\"@id\":\"https:\/\/dev.tg4.ie\/en\/#website\",\"url\":\"https:\/\/dev.tg4.ie\/en\/\",\"name\":\"TG4\",\"description\":\"S\u00fail Eile\",\"potentialAction\":[{\"@type\":\"SearchAction\",\"target\":{\"@type\":\"EntryPoint\",\"urlTemplate\":\"https:\/\/dev.tg4.ie\/en\/?s={search_term_string}\"},\"query-input\":\"required name=search_term_string\"}],\"inLanguage\":\"ga\"}]}<\/script>\n<!-- \/ Yoast SEO plugin. -->","yoast_head_json":{"title":"T\u00e1 d\u00edol\u00faint\u00ed \u00f3 staid\u00e9ar na Gaeilge ag n\u00edos m\u00f3 dalta\u00ed scoileanna n\u00e1 bh\u00ed riamh\u00a0- Ini\u00fachadh TG4 - 'As L\u00e1thair' | Preasr\u00e1iteas | TG4","description":"T\u00e1 d\u00edol\u00faine faighte ag 60,946 p\u00e1iste me\u00e1nscoile, an l\u00edon is m\u00f3 riamh, \u00f3 staid\u00e9ar a dh\u00e9anamh ar an nGaeilge, de r\u00e9ir na bhfigi\u00fair\u00ed is d\u00e9ana\u00ed \u00f3n Roinn Oideachais agus \u00d3ige agus at\u00e1 faighte go heisiach ag TG4.","robots":{"index":"index","follow":"follow","max-snippet":"max-snippet:-1","max-image-preview":"max-image-preview:large","max-video-preview":"max-video-preview:-1"},"og_locale":"en_US","og_type":"article","og_title":"T\u00e1 d\u00edol\u00faint\u00ed \u00f3 staid\u00e9ar na Gaeilge ag n\u00edos m\u00f3 dalta\u00ed scoileanna n\u00e1 bh\u00ed riamh\u00a0- Ini\u00fachadh TG4 - 'As L\u00e1thair' | Preasr\u00e1iteas | TG4","og_description":"T\u00e1 d\u00edol\u00faine faighte ag 60,946 p\u00e1iste me\u00e1nscoile, an l\u00edon is m\u00f3 riamh, \u00f3 staid\u00e9ar a dh\u00e9anamh ar an nGaeilge, de r\u00e9ir na bhfigi\u00fair\u00ed is d\u00e9ana\u00ed \u00f3n Roinn Oideachais agus \u00d3ige agus at\u00e1 faighte go heisiach ag TG4.","og_url":"https:\/\/dev.tg4.ie\/ga\/eolas\/preas\/nuacht-raitis\/2025-2\/ta-dioluinti-o-staidear-na-gaeilge-ag-nios-mo-daltai-scoileanna-na-bhi-riamh-iniuchadh-tg4-as-lathair\/","og_site_name":"TG4","article_publisher":"https:\/\/www.facebook.com\/TG4TV","article_modified_time":"2025-09-24T12:11:58+00:00","og_image":[{"url":"https:\/\/dev.tg4.ie\/wp-content\/uploads\/2025\/09\/Iniuchadh_3-1_Kevin_Classroom3_1280h_720.jpg"}],"twitter_card":"summary_large_image","twitter_site":"@TG4TV","twitter_misc":{"Est. reading time":"7 minutes"},"schema":{"@context":"https:\/\/schema.org","@graph":[{"@type":"WebPage","@id":"https:\/\/dev.tg4.ie\/ga\/eolas\/preas\/nuacht-raitis\/2025-2\/ta-dioluinti-o-staidear-na-gaeilge-ag-nios-mo-daltai-scoileanna-na-bhi-riamh-iniuchadh-tg4-as-lathair\/","url":"https:\/\/dev.tg4.ie\/ga\/eolas\/preas\/nuacht-raitis\/2025-2\/ta-dioluinti-o-staidear-na-gaeilge-ag-nios-mo-daltai-scoileanna-na-bhi-riamh-iniuchadh-tg4-as-lathair\/","name":"T\u00e1 d\u00edol\u00faint\u00ed \u00f3 staid\u00e9ar na Gaeilge ag n\u00edos m\u00f3 dalta\u00ed scoileanna n\u00e1 bh\u00ed riamh\u00a0- Ini\u00fachadh TG4 - 'As L\u00e1thair' | Preasr\u00e1iteas | TG4","isPartOf":{"@id":"https:\/\/dev.tg4.ie\/en\/#website"},"primaryImageOfPage":{"@id":"https:\/\/dev.tg4.ie\/ga\/eolas\/preas\/nuacht-raitis\/2025-2\/ta-dioluinti-o-staidear-na-gaeilge-ag-nios-mo-daltai-scoileanna-na-bhi-riamh-iniuchadh-tg4-as-lathair\/#primaryimage"},"image":{"@id":"https:\/\/dev.tg4.ie\/ga\/eolas\/preas\/nuacht-raitis\/2025-2\/ta-dioluinti-o-staidear-na-gaeilge-ag-nios-mo-daltai-scoileanna-na-bhi-riamh-iniuchadh-tg4-as-lathair\/#primaryimage"},"thumbnailUrl":"https:\/\/dev.tg4.ie\/wp-content\/uploads\/2025\/09\/Iniuchadh_3-1_Kevin_Classroom3_1280h_720.jpg","datePublished":"2025-09-24T11:36:11+00:00","dateModified":"2025-09-24T12:11:58+00:00","description":"T\u00e1 d\u00edol\u00faine faighte ag 60,946 p\u00e1iste me\u00e1nscoile, an l\u00edon is m\u00f3 riamh, \u00f3 staid\u00e9ar a dh\u00e9anamh ar an nGaeilge, de r\u00e9ir na bhfigi\u00fair\u00ed is d\u00e9ana\u00ed \u00f3n Roinn Oideachais agus \u00d3ige agus at\u00e1 faighte go heisiach ag TG4.","breadcrumb":{"@id":"https:\/\/dev.tg4.ie\/ga\/eolas\/preas\/nuacht-raitis\/2025-2\/ta-dioluinti-o-staidear-na-gaeilge-ag-nios-mo-daltai-scoileanna-na-bhi-riamh-iniuchadh-tg4-as-lathair\/#breadcrumb"},"inLanguage":"ga","potentialAction":[{"@type":"ReadAction","target":["https:\/\/dev.tg4.ie\/ga\/eolas\/preas\/nuacht-raitis\/2025-2\/ta-dioluinti-o-staidear-na-gaeilge-ag-nios-mo-daltai-scoileanna-na-bhi-riamh-iniuchadh-tg4-as-lathair\/"]}]},{"@type":"ImageObject","inLanguage":"ga","@id":"https:\/\/dev.tg4.ie\/ga\/eolas\/preas\/nuacht-raitis\/2025-2\/ta-dioluinti-o-staidear-na-gaeilge-ag-nios-mo-daltai-scoileanna-na-bhi-riamh-iniuchadh-tg4-as-lathair\/#primaryimage","url":"https:\/\/dev.tg4.ie\/wp-content\/uploads\/2025\/09\/Iniuchadh_3-1_Kevin_Classroom3_1280h_720.jpg","contentUrl":"https:\/\/dev.tg4.ie\/wp-content\/uploads\/2025\/09\/Iniuchadh_3-1_Kevin_Classroom3_1280h_720.jpg"},{"@type":"BreadcrumbList","@id":"https:\/\/dev.tg4.ie\/ga\/eolas\/preas\/nuacht-raitis\/2025-2\/ta-dioluinti-o-staidear-na-gaeilge-ag-nios-mo-daltai-scoileanna-na-bhi-riamh-iniuchadh-tg4-as-lathair\/#breadcrumb","itemListElement":[{"@type":"ListItem","position":1,"name":"Home","item":"https:\/\/dev.tg4.ie\/ga\/"},{"@type":"ListItem","position":2,"name":"Eolas","item":"https:\/\/dev.tg4.ie\/ga\/eolas\/"},{"@type":"ListItem","position":3,"name":"Preas","item":"https:\/\/dev.tg4.ie\/ga\/eolas\/preas\/"},{"@type":"ListItem","position":4,"name":"Nuacht R\u00e1itis","item":"https:\/\/dev.tg4.ie\/ga\/eolas\/preas\/nuacht-raitis\/"},{"@type":"ListItem","position":5,"name":"2025","item":"https:\/\/dev.tg4.ie\/ga\/eolas\/preas\/nuacht-raitis\/2025-2\/"},{"@type":"ListItem","position":6,"name":"T\u00e1 d\u00edol\u00faint\u00ed \u00f3 staid\u00e9ar na Gaeilge ag n\u00edos m\u00f3 dalta\u00ed scoileanna n\u00e1 bh\u00ed riamh\u00a0&#8211; Ini\u00fachadh TG4 &#8211; &#8216;As L\u00e1thair&#8217; D\u00e9 C\u00e9adaoin 21:30"}]},{"@type":"WebSite","@id":"https:\/\/dev.tg4.ie\/en\/#website","url":"https:\/\/dev.tg4.ie\/en\/","name":"TG4","description":"S\u00fail Eile","potentialAction":[{"@type":"SearchAction","target":{"@type":"EntryPoint","urlTemplate":"https:\/\/dev.tg4.ie\/en\/?s={search_term_string}"},"query-input":"required name=search_term_string"}],"inLanguage":"ga"}]}},"_links":{"self":[{"href":"https:\/\/dev.tg4.ie\/ga\/wp-json\/wp\/v2\/pages\/247454"}],"collection":[{"href":"https:\/\/dev.tg4.ie\/ga\/wp-json\/wp\/v2\/pages"}],"about":[{"href":"https:\/\/dev.tg4.ie\/ga\/wp-json\/wp\/v2\/types\/page"}],"author":[{"embeddable":true,"href":"https:\/\/dev.tg4.ie\/ga\/wp-json\/wp\/v2\/users\/876"}],"replies":[{"embeddable":true,"href":"https:\/\/dev.tg4.ie\/ga\/wp-json\/wp\/v2\/comments?post=247454"}],"version-history":[{"count":0,"href":"https:\/\/dev.tg4.ie\/ga\/wp-json\/wp\/v2\/pages\/247454\/revisions"}],"up":[{"embeddable":true,"href":"https:\/\/dev.tg4.ie\/ga\/wp-json\/wp\/v2\/pages\/236807"}],"wp:attachment":[{"href":"https:\/\/dev.tg4.ie\/ga\/wp-json\/wp\/v2\/media?parent=247454"}],"curies":[{"name":"wp","href":"https:\/\/api.w.org\/{rel}","templated":true}]}}