{"id":247479,"date":"2025-09-25T16:16:29","date_gmt":"2025-09-25T15:16:29","guid":{"rendered":"https:\/\/dev.tg4.ie\/?page_id=247479"},"modified":"2025-09-25T16:16:29","modified_gmt":"2025-09-25T15:16:29","slug":"cludach-ar-nios-mo-na-35-cluiche-on-gcraobhchomortas-rugbai-aontaithe-urc-deimhnithe-ag-tg4","status":"publish","type":"page","link":"https:\/\/dev.tg4.ie\/ga\/eolas\/preas\/nuacht-raitis\/2025-2\/cludach-ar-nios-mo-na-35-cluiche-on-gcraobhchomortas-rugbai-aontaithe-urc-deimhnithe-ag-tg4\/","title":{"rendered":"Cl\u00fadach ar n\u00edos m\u00f3 n\u00e1 35 cluiche \u00f3n gCraobhchom\u00f3rtas Rugba\u00ed Aontaithe (URC) Deimhnithe ag TG4"},"content":{"rendered":"<p><img loading=\"lazy\" decoding=\"async\" width=\"1920\" height=\"1080\" src=\"https:\/\/tg4-docs.s3.amazonaws.com\/wp-content\/uploads\/2025\/09\/25161559\/URC_2025_1-1920x1080-1.jpg\" alt=\"\" class=\"aligncenter size-full wp-image-247482\" srcset=\"https:\/\/tg4-docs.s3.amazonaws.com\/wp-content\/uploads\/2025\/09\/25161559\/URC_2025_1-1920x1080-1.jpg 1920w, https:\/\/tg4-docs.s3.amazonaws.com\/wp-content\/uploads\/2025\/09\/25161559\/URC_2025_1-1920x1080-1-250x141.jpg 250w, https:\/\/tg4-docs.s3.amazonaws.com\/wp-content\/uploads\/2025\/09\/25161559\/URC_2025_1-1920x1080-1-700x394.jpg 700w, https:\/\/tg4-docs.s3.amazonaws.com\/wp-content\/uploads\/2025\/09\/25161559\/URC_2025_1-1920x1080-1-252x141.jpg 252w, https:\/\/tg4-docs.s3.amazonaws.com\/wp-content\/uploads\/2025\/09\/25161559\/URC_2025_1-1920x1080-1-1536x864.jpg 1536w, https:\/\/tg4-docs.s3.amazonaws.com\/wp-content\/uploads\/2025\/09\/25161559\/URC_2025_1-1920x1080-1-120x68.jpg 120w\" sizes=\"(max-width: 1920px) 100vw, 1920px\" \/><br \/>\n&nbsp;<br \/>\nT\u00e1 \u00e1thas ar TG4 sonra\u00ed a chl\u00fadach ar an<span>\u00a0<\/span><em>gCraobhchom\u00f3rtas Rugba\u00ed Aontaithe BKT<\/em><span>\u00a0<\/span>a<em>\u00a0<\/em>dhearbh\u00fa, tar \u00e9is na cearta eisiacha Saor-fh\u00e9achana ar an gcom\u00f3rtas in \u00c9irinn a chinnti\u00fa n\u00edos luaithe i mbliana. Tos\u00f3idh cl\u00fadach<span>\u00a0<\/span><em>Rugba\u00ed Beo<\/em><span>\u00a0<\/span><strong>D\u00e9 hAoine, 26 Me\u00e1n F\u00f3mhair<\/strong>.<br \/>\nBeidh dh\u00e1 ch\u00faige \u00c9ireannacha le feice\u00e1il ar TG4 i rith dheireadh seachtaine oscailte an 25\u00fa s\u00e9as\u00far den chom\u00f3rtas. Tos\u00f3idh<span>\u00a0<\/span><strong>Laighin<\/strong>, curaidh 24-25, a bhfeachtas thar lear i gcoinne na<span>\u00a0<\/span><strong>Stormers<\/strong><span>\u00a0<\/span>san Afraic Theas<span>\u00a0<\/span><strong>D\u00e9 hAoine, 26 Me\u00e1n F\u00f3mhair<\/strong>, agus cuirfidh<span>\u00a0<\/span><strong>Connachta<\/strong><span>\u00a0<\/span>t\u00fas lena s\u00e9as\u00far sa bhaile i gcoinne<span>\u00a0<\/span><strong>Benetton<\/strong><span>\u00a0<\/span><strong>D\u00e9 Sathairn, 27 Me\u00e1n F\u00f3mhair<\/strong>.<br \/>\n&nbsp;<br \/>\nBeidh cluich\u00ed idirch\u00faige \u00c9ireannacha l\u00e1rnach i gcl\u00fadach TG4 i gcaitheamh an ts\u00e9as\u00fair, agus ceann de na cluich\u00ed is m\u00f3 a bhfuiltear ag s\u00fail leis \u2013<span>\u00a0<\/span><strong>Laighin v Mumhain<\/strong><span>\u00a0<\/span>\u2013 le craoladh beo \u00f3<span>\u00a0<\/span><strong>P\u00e1irc an Chr\u00f3caigh ar an 18 Deireadh F\u00f3mhair<\/strong>. Beidh s\u00e9 seo mar fhilleadh Laighean ar cheann\u00e1ras CLG den ch\u00e9ad uair \u00f3na mbua ceannais URC ar na<span>\u00a0<\/span><strong>Bulls<\/strong>,<span>\u00a0<\/span><strong>32\u20137<\/strong>, ar an<span>\u00a0<\/span><strong>14 Meitheamh<\/strong>.<br \/>\n&nbsp;<br \/>\nBh\u00ed<span>\u00a0<\/span><strong>Mumha v Laighin<\/strong><span>\u00a0<\/span>ar cheann de bhuaicphoint\u00ed chl\u00fadach an ts\u00e9as\u00fair seo caite agus bhuaigh s\u00e9<span>\u00a0<\/span><strong>gradam Chumann R\u00edoga Teilif\u00edse na h\u00c9ireann<\/strong><span>\u00a0<\/span>do TG4 agus do chomhlacht l\u00e9iri\u00fach\u00e1in<span>\u00a0<\/span><em>Rugba\u00ed Beo<\/em>,<span>\u00a0<\/span><strong>IRIS Productions<\/strong>, i m\u00ed na Nollag sa chatag\u00f3ir<span>\u00a0<\/span><em>Cl\u00e1r Sp\u00f3irt Beo.<\/em><br \/>\n&nbsp;<br \/>\nCluich\u00ed idirch\u00faige eile at\u00e1 dearbhaithe do<span>\u00a0<\/span><em>Rugba\u00ed Beo<\/em><span>\u00a0<\/span>an s\u00e9as\u00far seo n\u00e1:<\/p>\n<ul type=\"disc\">\n<li><strong>Mumha v Connachta<\/strong><span>\u00a0<\/span>\u2013 25 Deireadh F\u00f3mhair<\/li>\n<li><strong>Laighin v Uladh<\/strong><span>\u00a0<\/span>\u2013 19 Nollaig<\/li>\n<li><strong>Connachta v Uladh<\/strong><span>\u00a0<\/span>\u2013 27 Nollaig<\/li>\n<li><strong>Laighin v Connachta<\/strong><span>\u00a0<\/span>\u2013 3 Ean\u00e1ir<\/li>\n<\/ul>\n<p>&nbsp;><br \/>\nD\u00fairt <strong>Martin Anayi, Pr\u00edomhfheidhmeannach na Craoibhe Rugba\u00ed Aontaithe<\/strong>,<span>\u00a0<\/span><em>\u201cN\u00edl an oiread c\u00e9anna taca\u00edochta, ar feadh tr\u00e9imhse chomh fada, tugtha ag aon chraolt\u00f3ir eile in \u00c9irinn is at\u00e1 tugtha ag TG4. Beidh comhph\u00e1irt\u00edocht n\u00edos faide n\u00e1 fiche bliain d\u00e9anta acu sa ch\u00e9ad timthriall eile seo agus t\u00e1 f\u00e1s tagtha ar an bhfonn at\u00e1 orthu cl\u00fadach sp\u00f3irt ar an leibh\u00e9al is airde a chur ar f\u00e1il an tr\u00e1th c\u00e9anna a bhfuil an URC ag teacht chun cinn.\u201d<\/em><\/p>\n<p><em>\u201cT\u00e1 t\u00e1bhacht ollmh\u00f3r cult\u00fair ag baint le teangacha agus sp\u00f3rt ar fud an domhain agus t\u00e1 TG4 thar barr uile ag ceili\u00faradh an d\u00e1 rud sin i dtimpeallacht bheo. T\u00e1 an URC l\u00e1n le h\u00e9ags\u00falacht agus pobail dhifri\u00fala at\u00e1 aontaithe tr\u00edna bpaisean don sp\u00f3rt agus is beag p\u00e1irt\u00ed leasmhar a l\u00e9ir\u00edonn \u00e9 sin n\u00edos fearr n\u00e1 TG4.\u201d<\/em><br \/>\n&nbsp;<\/p>\n<p>D\u00fairt <strong>Ceannasa\u00ed Sp\u00f3irt TG4 R\u00f3n\u00e1n \u00d3 Coisdtealbha<\/strong>:<span>\u00a0<\/span><em>\u201cT\u00e1 an-\u00e1thas ar TG4 lean\u00faint de bheith ag taispe\u00e1int an Craobhchom\u00f3rtais Rugba\u00ed Aontaithe agus cl\u00fadach saorchraolta a chur ar f\u00e1il de na cluich\u00ed iontacha agus t\u00e1bhachtacha rugba\u00ed. Is c\u00fais bhr\u00f3id d\u00fainn a bheith in\u00e1r gcomhph\u00e1irtithe eisiacha saorchraolta URC in \u00c9irinn agus \u00e1r nd\u00fathracht sheanbhunaithe a thabhairt don tsraith. T\u00e1 \u00e1it l\u00e1rnach ag an rugba\u00ed i gcraoladh sp\u00f3irt TG4 agus t\u00e1 muid ag s\u00fail le n\u00edos m\u00f3 cluich\u00ed iontacha agus m\u00f3r\u00f3c\u00e1id\u00ed nach nd\u00e9anfar dearmad orthu go deo a thabhairt do lucht lean\u00fana ar fud na t\u00edre sna s\u00e9as\u00fair amach romhainn.\u201d<\/em><\/p>\n<p>&nbsp;<\/p>\n<table border=\"1\" width=\"573\" cellspacing=\"0\" cellpadding=\"0\">\n<tbody>\n<tr>\n<td valign=\"top\"><strong>L\u00e1<\/strong><\/td>\n<td valign=\"top\"><strong>D\u00e1ta<\/strong><\/td>\n<td valign=\"top\"><strong>Am<\/strong><\/td>\n<td valign=\"top\"><strong>Foireann Bhaile<\/strong><\/td>\n<td valign=\"top\"><strong>Cuairteoir\u00ed<\/strong><\/td>\n<\/tr>\n<tr>\n<td valign=\"top\">D\u00e9 hAoine<\/td>\n<td valign=\"top\">26\/09\/25<\/td>\n<td valign=\"top\">18:00<\/td>\n<td valign=\"top\">DHL Stormers<\/td>\n<td valign=\"top\">Laighin<\/td>\n<\/tr>\n<tr>\n<td valign=\"top\">D\u00e9 Sathairn<\/td>\n<td valign=\"top\">27\/09\/25<\/td>\n<td valign=\"top\">19:45<\/td>\n<td valign=\"top\">Connachta<\/td>\n<td valign=\"top\">Benetton<\/td>\n<\/tr>\n<tr>\n<td valign=\"top\">D\u00e9 Sathairn<\/td>\n<td valign=\"top\">04\/10\/25<\/td>\n<td valign=\"top\">13:45<\/td>\n<td valign=\"top\">Connachta<\/td>\n<td valign=\"top\">Scarlets<\/td>\n<\/tr>\n<tr>\n<td valign=\"top\">D\u00e9 Sathairn<\/td>\n<td valign=\"top\">04\/10\/25<\/td>\n<td valign=\"top\">19:45<\/td>\n<td valign=\"top\">Mumha<\/td>\n<td valign=\"top\">Cardiff Rugby<\/td>\n<\/tr>\n<tr>\n<td valign=\"top\">D\u00e9 hAoine<\/td>\n<td valign=\"top\">10\/10\/25<\/td>\n<td valign=\"top\">19:45<\/td>\n<td valign=\"top\">Mumha<\/td>\n<td valign=\"top\">Edinburgh<\/td>\n<\/tr>\n<tr>\n<td valign=\"top\">D\u00e9 Sathairn<\/td>\n<td valign=\"top\">11\/10\/25<\/td>\n<td valign=\"top\">19:45<\/td>\n<td valign=\"top\">Cardiff Rugby<\/td>\n<td valign=\"top\">Connachta<\/td>\n<\/tr>\n<tr>\n<td valign=\"top\">D\u00e9 hAoine<\/td>\n<td valign=\"top\">17\/10\/25<\/td>\n<td valign=\"top\">19:45<\/td>\n<td valign=\"top\">Connachta<\/td>\n<td valign=\"top\">Vodacom Bulls<\/td>\n<\/tr>\n<tr>\n<td valign=\"top\">D\u00e9 Sathairn<\/td>\n<td valign=\"top\">18\/10\/25<\/td>\n<td valign=\"top\">17:15<\/td>\n<td valign=\"top\">Laighin<\/td>\n<td valign=\"top\">Mumha<\/td>\n<\/tr>\n<tr>\n<td valign=\"top\">D\u00e9 Sathairn<\/td>\n<td valign=\"top\">25\/10\/25<\/td>\n<td valign=\"top\">15:00<\/td>\n<td valign=\"top\">Hollywoodbets Sharks<\/td>\n<td valign=\"top\">Scarlets<\/td>\n<\/tr>\n<tr>\n<td valign=\"top\">D\u00e9 Sathairn<\/td>\n<td valign=\"top\">25\/10\/25<\/td>\n<td valign=\"top\">19:45<\/td>\n<td valign=\"top\">Mumha<\/td>\n<td valign=\"top\">Connachta<\/td>\n<\/tr>\n<tr>\n<td valign=\"top\">D\u00e9 hAoine<\/td>\n<td valign=\"top\">28\/11\/25<\/td>\n<td valign=\"top\">19:45<\/td>\n<td valign=\"top\">Dragons<\/td>\n<td valign=\"top\">Laighin<\/td>\n<\/tr>\n<tr>\n<td valign=\"top\">D\u00e9 Sathairn<\/td>\n<td valign=\"top\">29\/11\/25<\/td>\n<td valign=\"top\">12:00<\/td>\n<td valign=\"top\">Vodacom Bulls<\/td>\n<td valign=\"top\">Emirates Lions<\/td>\n<\/tr>\n<tr>\n<td valign=\"top\">D\u00e9 Sathairn<\/td>\n<td valign=\"top\">29\/11\/25<\/td>\n<td valign=\"top\">19:45<\/td>\n<td valign=\"top\">Connachta<\/td>\n<td valign=\"top\">Hollywoodbets Sharks<\/td>\n<\/tr>\n<tr>\n<td valign=\"top\">D\u00e9 hAoine<\/td>\n<td valign=\"top\">19\/12\/25<\/td>\n<td valign=\"top\">19:45<\/td>\n<td valign=\"top\">Laighin<\/td>\n<td valign=\"top\">Ulaidh<\/td>\n<\/tr>\n<tr>\n<td valign=\"top\">D\u00e9 Sathairn<\/td>\n<td valign=\"top\">20\/12\/25<\/td>\n<td valign=\"top\">13:30<\/td>\n<td valign=\"top\">DHL Stormers<\/td>\n<td valign=\"top\">Emirates Lions<\/td>\n<\/tr>\n<tr>\n<td valign=\"top\">D\u00e9 Sathairn<\/td>\n<td valign=\"top\">20\/12\/25<\/td>\n<td valign=\"top\">16:00<\/td>\n<td valign=\"top\">Hollywoodbets Sharks<\/td>\n<td valign=\"top\">Vodacom Bulls<\/td>\n<\/tr>\n<tr>\n<td valign=\"top\">D\u00e9 Sathairn<\/td>\n<td valign=\"top\">20\/12\/25<\/td>\n<td valign=\"top\">19:45<\/td>\n<td valign=\"top\">Dragons<\/td>\n<td valign=\"top\">Connachta<\/td>\n<\/tr>\n<tr>\n<td valign=\"top\">D\u00e9 Sathairn<\/td>\n<td valign=\"top\">27\/12\/25<\/td>\n<td valign=\"top\">17:30<\/td>\n<td valign=\"top\">Connachta<\/td>\n<td valign=\"top\">Ulaidh<\/td>\n<\/tr>\n<tr>\n<td valign=\"top\">D\u00e9 Sathairn<\/td>\n<td valign=\"top\">03\/01\/26<\/td>\n<td valign=\"top\">13:30<\/td>\n<td valign=\"top\">Hollywoodbets Sharks<\/td>\n<td valign=\"top\">Emirates Lions<\/td>\n<\/tr>\n<tr>\n<td valign=\"top\">D\u00e9 Sathairn<\/td>\n<td valign=\"top\">03\/01\/26<\/td>\n<td valign=\"top\">17:30<\/td>\n<td valign=\"top\">Laighin<\/td>\n<td valign=\"top\">Connachta<\/td>\n<\/tr>\n<tr>\n<td valign=\"top\">D\u00e9 hAoine<\/td>\n<td valign=\"top\">23\/01\/26<\/td>\n<td valign=\"top\">19:45<\/td>\n<td valign=\"top\">Mumha<\/td>\n<td valign=\"top\">Dragons<\/td>\n<\/tr>\n<tr>\n<td valign=\"top\">D\u00e9 hAoine<\/td>\n<td valign=\"top\">30\/01\/26<\/td>\n<td valign=\"top\">19:45<\/td>\n<td valign=\"top\">Glasgow Warriors<\/td>\n<td valign=\"top\">Mumha<\/td>\n<\/tr>\n<tr>\n<td valign=\"top\">D\u00e9 Sathairn<\/td>\n<td valign=\"top\">31\/01\/26<\/td>\n<td valign=\"top\">15:00<\/td>\n<td valign=\"top\">Zebre Parma<\/td>\n<td valign=\"top\">Connachta<\/td>\n<\/tr>\n<tr>\n<td valign=\"top\">D\u00e9 hAoine<\/td>\n<td valign=\"top\">27\/02\/26<\/td>\n<td valign=\"top\">19:45<\/td>\n<td valign=\"top\">Cardiff Rugby<\/td>\n<td valign=\"top\">Laighin<\/td>\n<\/tr>\n<tr>\n<td valign=\"top\">D\u00e9 Sathairn<\/td>\n<td valign=\"top\">28\/02\/26<\/td>\n<td valign=\"top\">15:00<\/td>\n<td valign=\"top\">Connachta<\/td>\n<td valign=\"top\">Glasgow Warriors<\/td>\n<\/tr>\n<tr>\n<td valign=\"top\">D\u00e9 Sathairn<\/td>\n<td valign=\"top\">21\/03\/26<\/td>\n<td valign=\"top\">15:00<\/td>\n<td valign=\"top\">Hollywoodbets Sharks<\/td>\n<td valign=\"top\">Mumha<\/td>\n<\/tr>\n<tr>\n<td valign=\"top\">D\u00e9 Sathairn<\/td>\n<td valign=\"top\">28\/03\/26<\/td>\n<td valign=\"top\">12:00<\/td>\n<td valign=\"top\">Vodacom Bulls<\/td>\n<td valign=\"top\">Mumha<\/td>\n<\/tr>\n<tr>\n<td valign=\"top\">D\u00e9 Sathairn<\/td>\n<td valign=\"top\">28\/03\/26<\/td>\n<td valign=\"top\">14:15<\/td>\n<td valign=\"top\">Connachta<\/td>\n<td valign=\"top\">Ospreys<\/td>\n<\/tr>\n<tr>\n<td valign=\"top\">D\u00e9 Sathairn<\/td>\n<td valign=\"top\">18\/04\/26<\/td>\n<td valign=\"top\">17:15<\/td>\n<td valign=\"top\">DHL Stormers<\/td>\n<td valign=\"top\">Connachta<\/td>\n<\/tr>\n<tr>\n<td valign=\"top\">D\u00e9 Sathairn<\/td>\n<td valign=\"top\">18\/04\/26<\/td>\n<td valign=\"top\">19:45<\/td>\n<td valign=\"top\">Benetton<\/td>\n<td valign=\"top\">Mumha<\/td>\n<\/tr>\n<tr>\n<td valign=\"top\">D\u00e9 Sathairn<\/td>\n<td valign=\"top\">25\/04\/26<\/td>\n<td valign=\"top\">15:00<\/td>\n<td valign=\"top\">Emirates Lions<\/td>\n<td valign=\"top\">Connachta<\/td>\n<\/tr>\n<tr>\n<td valign=\"top\">D\u00e9 Sathairn<\/td>\n<td valign=\"top\">25\/04\/26<\/td>\n<td valign=\"top\">19:45<\/td>\n<td valign=\"top\">Benetton<\/td>\n<td valign=\"top\">Laighin<\/td>\n<\/tr>\n<tr>\n<td valign=\"top\">D\u00e9 Sathairn<\/td>\n<td valign=\"top\">09\/05\/26<\/td>\n<td valign=\"top\">19:45<\/td>\n<td valign=\"top\">Connachta<\/td>\n<td valign=\"top\">Mumha<\/td>\n<\/tr>\n<tr>\n<td valign=\"top\">D\u00e9 hAoine<\/td>\n<td valign=\"top\">15\/05\/26<\/td>\n<td valign=\"top\">19:45<\/td>\n<td valign=\"top\">Edinburgh<\/td>\n<td valign=\"top\">Connachta<\/td>\n<\/tr>\n<tr>\n<td valign=\"top\">D\u00e9 Sathairn<\/td>\n<td valign=\"top\">16\/05\/26<\/td>\n<td valign=\"top\">17:15<\/td>\n<td valign=\"top\">Laighin<\/td>\n<td valign=\"top\">Ospreys<\/td>\n<\/tr>\n<\/tbody>\n<\/table>\n<p>&nbsp;<\/p>\n","protected":false},"excerpt":{"rendered":"<p>&nbsp; T\u00e1 \u00e1thas ar TG4 sonra\u00ed a chl\u00fadach ar an\u00a0gCraobhchom\u00f3rtas Rugba\u00ed Aontaithe BKT\u00a0a\u00a0dhearbh\u00fa, tar \u00e9is na cearta eisiacha Saor-fh\u00e9achana ar an gcom\u00f3rtas in \u00c9irinn a chinnti\u00fa n\u00edos luaithe i mbliana. Tos\u00f3idh cl\u00fadach\u00a0Rugba\u00ed Beo\u00a0D\u00e9 hAoine, 26 Me\u00e1n F\u00f3mhair. Beidh dh\u00e1 ch\u00faige \u00c9ireannacha le feice\u00e1il ar TG4 i rith dheireadh seachtaine oscailte an 25\u00fa s\u00e9as\u00far den chom\u00f3rtas. [&hellip;]<\/p>\n","protected":false},"author":876,"featured_media":0,"parent":236807,"menu_order":54,"comment_status":"closed","ping_status":"closed","template":"page-templates\/template-pr.php","meta":{"_acf_changed":false,"footnotes":""},"acf":[],"yoast_head":"<!-- This site is optimized with the Yoast SEO plugin v22.6 - https:\/\/yoast.com\/wordpress\/plugins\/seo\/ -->\n<title>Cl\u00fadach ar n\u00edos m\u00f3 n\u00e1 35 cluiche \u00f3n gCraobhchom\u00f3rtas Rugba\u00ed Aontaithe (URC) Deimhnithe ag TG4 | Preasr\u00e1iteas | TG4<\/title>\n<meta name=\"description\" content=\"T\u00e1 \u00e1thas ar TG4 sonra\u00ed a chl\u00fadach ar an gCraobhchom\u00f3rtas Rugba\u00ed Aontaithe BKT a dhearbh\u00fa, tar \u00e9is na cearta eisiacha Saor-fh\u00e9achana ar an gcom\u00f3rtas in \u00c9irinn a chinnti\u00fa n\u00edos luaithe i mbliana.\" \/>\n<meta name=\"robots\" content=\"index, follow, max-snippet:-1, max-image-preview:large, max-video-preview:-1\" \/>\n<meta property=\"og:locale\" content=\"en_US\" \/>\n<meta property=\"og:type\" content=\"article\" \/>\n<meta property=\"og:title\" content=\"Cl\u00fadach ar n\u00edos m\u00f3 n\u00e1 35 cluiche \u00f3n gCraobhchom\u00f3rtas Rugba\u00ed Aontaithe (URC) Deimhnithe ag TG4 | Preasr\u00e1iteas | TG4\" \/>\n<meta property=\"og:description\" content=\"T\u00e1 \u00e1thas ar TG4 sonra\u00ed a chl\u00fadach ar an gCraobhchom\u00f3rtas Rugba\u00ed Aontaithe BKT a dhearbh\u00fa, tar \u00e9is na cearta eisiacha Saor-fh\u00e9achana ar an gcom\u00f3rtas in \u00c9irinn a chinnti\u00fa n\u00edos luaithe i mbliana.\" \/>\n<meta property=\"og:url\" content=\"https:\/\/dev.tg4.ie\/ga\/eolas\/preas\/nuacht-raitis\/2025-2\/cludach-ar-nios-mo-na-35-cluiche-on-gcraobhchomortas-rugbai-aontaithe-urc-deimhnithe-ag-tg4\/\" \/>\n<meta property=\"og:site_name\" content=\"TG4\" \/>\n<meta property=\"article:publisher\" content=\"https:\/\/www.facebook.com\/TG4TV\" \/>\n<meta property=\"og:image\" content=\"https:\/\/dev.tg4.ie\/wp-content\/uploads\/2025\/09\/URC_2025_1-1920x1080-1.jpg\" \/>\n<meta name=\"twitter:card\" content=\"summary_large_image\" \/>\n<meta name=\"twitter:site\" content=\"@TG4TV\" \/>\n<meta name=\"twitter:label1\" content=\"Est. reading time\" \/>\n\t<meta name=\"twitter:data1\" content=\"4 minutes\" \/>\n<script type=\"application\/ld+json\" class=\"yoast-schema-graph\">{\"@context\":\"https:\/\/schema.org\",\"@graph\":[{\"@type\":\"WebPage\",\"@id\":\"https:\/\/dev.tg4.ie\/ga\/eolas\/preas\/nuacht-raitis\/2025-2\/cludach-ar-nios-mo-na-35-cluiche-on-gcraobhchomortas-rugbai-aontaithe-urc-deimhnithe-ag-tg4\/\",\"url\":\"https:\/\/dev.tg4.ie\/ga\/eolas\/preas\/nuacht-raitis\/2025-2\/cludach-ar-nios-mo-na-35-cluiche-on-gcraobhchomortas-rugbai-aontaithe-urc-deimhnithe-ag-tg4\/\",\"name\":\"Cl\u00fadach ar n\u00edos m\u00f3 n\u00e1 35 cluiche \u00f3n gCraobhchom\u00f3rtas Rugba\u00ed Aontaithe (URC) Deimhnithe ag TG4 | Preasr\u00e1iteas | TG4\",\"isPartOf\":{\"@id\":\"https:\/\/dev.tg4.ie\/en\/#website\"},\"primaryImageOfPage\":{\"@id\":\"https:\/\/dev.tg4.ie\/ga\/eolas\/preas\/nuacht-raitis\/2025-2\/cludach-ar-nios-mo-na-35-cluiche-on-gcraobhchomortas-rugbai-aontaithe-urc-deimhnithe-ag-tg4\/#primaryimage\"},\"image\":{\"@id\":\"https:\/\/dev.tg4.ie\/ga\/eolas\/preas\/nuacht-raitis\/2025-2\/cludach-ar-nios-mo-na-35-cluiche-on-gcraobhchomortas-rugbai-aontaithe-urc-deimhnithe-ag-tg4\/#primaryimage\"},\"thumbnailUrl\":\"https:\/\/dev.tg4.ie\/wp-content\/uploads\/2025\/09\/URC_2025_1-1920x1080-1.jpg\",\"datePublished\":\"2025-09-25T15:16:29+00:00\",\"dateModified\":\"2025-09-25T15:16:29+00:00\",\"description\":\"T\u00e1 \u00e1thas ar TG4 sonra\u00ed a chl\u00fadach ar an gCraobhchom\u00f3rtas Rugba\u00ed Aontaithe BKT a dhearbh\u00fa, tar \u00e9is na cearta eisiacha Saor-fh\u00e9achana ar an gcom\u00f3rtas in \u00c9irinn a chinnti\u00fa n\u00edos luaithe i mbliana.\",\"breadcrumb\":{\"@id\":\"https:\/\/dev.tg4.ie\/ga\/eolas\/preas\/nuacht-raitis\/2025-2\/cludach-ar-nios-mo-na-35-cluiche-on-gcraobhchomortas-rugbai-aontaithe-urc-deimhnithe-ag-tg4\/#breadcrumb\"},\"inLanguage\":\"ga\",\"potentialAction\":[{\"@type\":\"ReadAction\",\"target\":[\"https:\/\/dev.tg4.ie\/ga\/eolas\/preas\/nuacht-raitis\/2025-2\/cludach-ar-nios-mo-na-35-cluiche-on-gcraobhchomortas-rugbai-aontaithe-urc-deimhnithe-ag-tg4\/\"]}]},{\"@type\":\"ImageObject\",\"inLanguage\":\"ga\",\"@id\":\"https:\/\/dev.tg4.ie\/ga\/eolas\/preas\/nuacht-raitis\/2025-2\/cludach-ar-nios-mo-na-35-cluiche-on-gcraobhchomortas-rugbai-aontaithe-urc-deimhnithe-ag-tg4\/#primaryimage\",\"url\":\"https:\/\/dev.tg4.ie\/wp-content\/uploads\/2025\/09\/URC_2025_1-1920x1080-1.jpg\",\"contentUrl\":\"https:\/\/dev.tg4.ie\/wp-content\/uploads\/2025\/09\/URC_2025_1-1920x1080-1.jpg\"},{\"@type\":\"BreadcrumbList\",\"@id\":\"https:\/\/dev.tg4.ie\/ga\/eolas\/preas\/nuacht-raitis\/2025-2\/cludach-ar-nios-mo-na-35-cluiche-on-gcraobhchomortas-rugbai-aontaithe-urc-deimhnithe-ag-tg4\/#breadcrumb\",\"itemListElement\":[{\"@type\":\"ListItem\",\"position\":1,\"name\":\"Home\",\"item\":\"https:\/\/dev.tg4.ie\/ga\/\"},{\"@type\":\"ListItem\",\"position\":2,\"name\":\"Eolas\",\"item\":\"https:\/\/dev.tg4.ie\/ga\/eolas\/\"},{\"@type\":\"ListItem\",\"position\":3,\"name\":\"Preas\",\"item\":\"https:\/\/dev.tg4.ie\/ga\/eolas\/preas\/\"},{\"@type\":\"ListItem\",\"position\":4,\"name\":\"Nuacht R\u00e1itis\",\"item\":\"https:\/\/dev.tg4.ie\/ga\/eolas\/preas\/nuacht-raitis\/\"},{\"@type\":\"ListItem\",\"position\":5,\"name\":\"2025\",\"item\":\"https:\/\/dev.tg4.ie\/ga\/eolas\/preas\/nuacht-raitis\/2025-2\/\"},{\"@type\":\"ListItem\",\"position\":6,\"name\":\"Cl\u00fadach ar n\u00edos m\u00f3 n\u00e1 35 cluiche \u00f3n gCraobhchom\u00f3rtas Rugba\u00ed Aontaithe (URC) Deimhnithe ag TG4\"}]},{\"@type\":\"WebSite\",\"@id\":\"https:\/\/dev.tg4.ie\/en\/#website\",\"url\":\"https:\/\/dev.tg4.ie\/en\/\",\"name\":\"TG4\",\"description\":\"S\u00fail Eile\",\"potentialAction\":[{\"@type\":\"SearchAction\",\"target\":{\"@type\":\"EntryPoint\",\"urlTemplate\":\"https:\/\/dev.tg4.ie\/en\/?s={search_term_string}\"},\"query-input\":\"required name=search_term_string\"}],\"inLanguage\":\"ga\"}]}<\/script>\n<!-- \/ Yoast SEO plugin. -->","yoast_head_json":{"title":"Cl\u00fadach ar n\u00edos m\u00f3 n\u00e1 35 cluiche \u00f3n gCraobhchom\u00f3rtas Rugba\u00ed Aontaithe (URC) Deimhnithe ag TG4 | Preasr\u00e1iteas | TG4","description":"T\u00e1 \u00e1thas ar TG4 sonra\u00ed a chl\u00fadach ar an gCraobhchom\u00f3rtas Rugba\u00ed Aontaithe BKT a dhearbh\u00fa, tar \u00e9is na cearta eisiacha Saor-fh\u00e9achana ar an gcom\u00f3rtas in \u00c9irinn a chinnti\u00fa n\u00edos luaithe i mbliana.","robots":{"index":"index","follow":"follow","max-snippet":"max-snippet:-1","max-image-preview":"max-image-preview:large","max-video-preview":"max-video-preview:-1"},"og_locale":"en_US","og_type":"article","og_title":"Cl\u00fadach ar n\u00edos m\u00f3 n\u00e1 35 cluiche \u00f3n gCraobhchom\u00f3rtas Rugba\u00ed Aontaithe (URC) Deimhnithe ag TG4 | Preasr\u00e1iteas | TG4","og_description":"T\u00e1 \u00e1thas ar TG4 sonra\u00ed a chl\u00fadach ar an gCraobhchom\u00f3rtas Rugba\u00ed Aontaithe BKT a dhearbh\u00fa, tar \u00e9is na cearta eisiacha Saor-fh\u00e9achana ar an gcom\u00f3rtas in \u00c9irinn a chinnti\u00fa n\u00edos luaithe i mbliana.","og_url":"https:\/\/dev.tg4.ie\/ga\/eolas\/preas\/nuacht-raitis\/2025-2\/cludach-ar-nios-mo-na-35-cluiche-on-gcraobhchomortas-rugbai-aontaithe-urc-deimhnithe-ag-tg4\/","og_site_name":"TG4","article_publisher":"https:\/\/www.facebook.com\/TG4TV","og_image":[{"url":"https:\/\/dev.tg4.ie\/wp-content\/uploads\/2025\/09\/URC_2025_1-1920x1080-1.jpg"}],"twitter_card":"summary_large_image","twitter_site":"@TG4TV","twitter_misc":{"Est. reading time":"4 minutes"},"schema":{"@context":"https:\/\/schema.org","@graph":[{"@type":"WebPage","@id":"https:\/\/dev.tg4.ie\/ga\/eolas\/preas\/nuacht-raitis\/2025-2\/cludach-ar-nios-mo-na-35-cluiche-on-gcraobhchomortas-rugbai-aontaithe-urc-deimhnithe-ag-tg4\/","url":"https:\/\/dev.tg4.ie\/ga\/eolas\/preas\/nuacht-raitis\/2025-2\/cludach-ar-nios-mo-na-35-cluiche-on-gcraobhchomortas-rugbai-aontaithe-urc-deimhnithe-ag-tg4\/","name":"Cl\u00fadach ar n\u00edos m\u00f3 n\u00e1 35 cluiche \u00f3n gCraobhchom\u00f3rtas Rugba\u00ed Aontaithe (URC) Deimhnithe ag TG4 | Preasr\u00e1iteas | TG4","isPartOf":{"@id":"https:\/\/dev.tg4.ie\/en\/#website"},"primaryImageOfPage":{"@id":"https:\/\/dev.tg4.ie\/ga\/eolas\/preas\/nuacht-raitis\/2025-2\/cludach-ar-nios-mo-na-35-cluiche-on-gcraobhchomortas-rugbai-aontaithe-urc-deimhnithe-ag-tg4\/#primaryimage"},"image":{"@id":"https:\/\/dev.tg4.ie\/ga\/eolas\/preas\/nuacht-raitis\/2025-2\/cludach-ar-nios-mo-na-35-cluiche-on-gcraobhchomortas-rugbai-aontaithe-urc-deimhnithe-ag-tg4\/#primaryimage"},"thumbnailUrl":"https:\/\/dev.tg4.ie\/wp-content\/uploads\/2025\/09\/URC_2025_1-1920x1080-1.jpg","datePublished":"2025-09-25T15:16:29+00:00","dateModified":"2025-09-25T15:16:29+00:00","description":"T\u00e1 \u00e1thas ar TG4 sonra\u00ed a chl\u00fadach ar an gCraobhchom\u00f3rtas Rugba\u00ed Aontaithe BKT a dhearbh\u00fa, tar \u00e9is na cearta eisiacha Saor-fh\u00e9achana ar an gcom\u00f3rtas in \u00c9irinn a chinnti\u00fa n\u00edos luaithe i mbliana.","breadcrumb":{"@id":"https:\/\/dev.tg4.ie\/ga\/eolas\/preas\/nuacht-raitis\/2025-2\/cludach-ar-nios-mo-na-35-cluiche-on-gcraobhchomortas-rugbai-aontaithe-urc-deimhnithe-ag-tg4\/#breadcrumb"},"inLanguage":"ga","potentialAction":[{"@type":"ReadAction","target":["https:\/\/dev.tg4.ie\/ga\/eolas\/preas\/nuacht-raitis\/2025-2\/cludach-ar-nios-mo-na-35-cluiche-on-gcraobhchomortas-rugbai-aontaithe-urc-deimhnithe-ag-tg4\/"]}]},{"@type":"ImageObject","inLanguage":"ga","@id":"https:\/\/dev.tg4.ie\/ga\/eolas\/preas\/nuacht-raitis\/2025-2\/cludach-ar-nios-mo-na-35-cluiche-on-gcraobhchomortas-rugbai-aontaithe-urc-deimhnithe-ag-tg4\/#primaryimage","url":"https:\/\/dev.tg4.ie\/wp-content\/uploads\/2025\/09\/URC_2025_1-1920x1080-1.jpg","contentUrl":"https:\/\/dev.tg4.ie\/wp-content\/uploads\/2025\/09\/URC_2025_1-1920x1080-1.jpg"},{"@type":"BreadcrumbList","@id":"https:\/\/dev.tg4.ie\/ga\/eolas\/preas\/nuacht-raitis\/2025-2\/cludach-ar-nios-mo-na-35-cluiche-on-gcraobhchomortas-rugbai-aontaithe-urc-deimhnithe-ag-tg4\/#breadcrumb","itemListElement":[{"@type":"ListItem","position":1,"name":"Home","item":"https:\/\/dev.tg4.ie\/ga\/"},{"@type":"ListItem","position":2,"name":"Eolas","item":"https:\/\/dev.tg4.ie\/ga\/eolas\/"},{"@type":"ListItem","position":3,"name":"Preas","item":"https:\/\/dev.tg4.ie\/ga\/eolas\/preas\/"},{"@type":"ListItem","position":4,"name":"Nuacht R\u00e1itis","item":"https:\/\/dev.tg4.ie\/ga\/eolas\/preas\/nuacht-raitis\/"},{"@type":"ListItem","position":5,"name":"2025","item":"https:\/\/dev.tg4.ie\/ga\/eolas\/preas\/nuacht-raitis\/2025-2\/"},{"@type":"ListItem","position":6,"name":"Cl\u00fadach ar n\u00edos m\u00f3 n\u00e1 35 cluiche \u00f3n gCraobhchom\u00f3rtas Rugba\u00ed Aontaithe (URC) Deimhnithe ag TG4"}]},{"@type":"WebSite","@id":"https:\/\/dev.tg4.ie\/en\/#website","url":"https:\/\/dev.tg4.ie\/en\/","name":"TG4","description":"S\u00fail Eile","potentialAction":[{"@type":"SearchAction","target":{"@type":"EntryPoint","urlTemplate":"https:\/\/dev.tg4.ie\/en\/?s={search_term_string}"},"query-input":"required name=search_term_string"}],"inLanguage":"ga"}]}},"_links":{"self":[{"href":"https:\/\/dev.tg4.ie\/ga\/wp-json\/wp\/v2\/pages\/247479"}],"collection":[{"href":"https:\/\/dev.tg4.ie\/ga\/wp-json\/wp\/v2\/pages"}],"about":[{"href":"https:\/\/dev.tg4.ie\/ga\/wp-json\/wp\/v2\/types\/page"}],"author":[{"embeddable":true,"href":"https:\/\/dev.tg4.ie\/ga\/wp-json\/wp\/v2\/users\/876"}],"replies":[{"embeddable":true,"href":"https:\/\/dev.tg4.ie\/ga\/wp-json\/wp\/v2\/comments?post=247479"}],"version-history":[{"count":0,"href":"https:\/\/dev.tg4.ie\/ga\/wp-json\/wp\/v2\/pages\/247479\/revisions"}],"up":[{"embeddable":true,"href":"https:\/\/dev.tg4.ie\/ga\/wp-json\/wp\/v2\/pages\/236807"}],"wp:attachment":[{"href":"https:\/\/dev.tg4.ie\/ga\/wp-json\/wp\/v2\/media?parent=247479"}],"curies":[{"name":"wp","href":"https:\/\/api.w.org\/{rel}","templated":true}]}}