{"id":247548,"date":"2025-10-01T17:09:21","date_gmt":"2025-10-01T16:09:21","guid":{"rendered":"https:\/\/dev.tg4.ie\/?page_id=247548"},"modified":"2025-10-09T08:54:35","modified_gmt":"2025-10-09T07:54:35","slug":"cludach-ar-an-mbuisead-ar-tg4-tg4-ie","status":"publish","type":"page","link":"https:\/\/dev.tg4.ie\/ga\/eolas\/preas\/nuacht-raitis\/2025-2\/cludach-ar-an-mbuisead-ar-tg4-tg4-ie\/","title":{"rendered":"Cl\u00fadach ar an mBuis\u00e9ad ar TG4 &#038; TG4.ie"},"content":{"rendered":"<table>\n<tr>\n<td><img loading=\"lazy\" decoding=\"async\" width=\"1920\" height=\"1080\" src=\"https:\/\/tg4-docs.s3.amazonaws.com\/wp-content\/uploads\/2025\/09\/30175842\/Buisead2026_1-1920x1080-1.jpg\" alt=\"\" class=\"aligncenter size-large wp-image-247522\" srcset=\"https:\/\/tg4-docs.s3.amazonaws.com\/wp-content\/uploads\/2025\/09\/30175842\/Buisead2026_1-1920x1080-1.jpg 1920w, https:\/\/tg4-docs.s3.amazonaws.com\/wp-content\/uploads\/2025\/09\/30175842\/Buisead2026_1-1920x1080-1-250x141.jpg 250w, https:\/\/tg4-docs.s3.amazonaws.com\/wp-content\/uploads\/2025\/09\/30175842\/Buisead2026_1-1920x1080-1-700x394.jpg 700w, https:\/\/tg4-docs.s3.amazonaws.com\/wp-content\/uploads\/2025\/09\/30175842\/Buisead2026_1-1920x1080-1-252x141.jpg 252w, https:\/\/tg4-docs.s3.amazonaws.com\/wp-content\/uploads\/2025\/09\/30175842\/Buisead2026_1-1920x1080-1-1536x864.jpg 1536w, https:\/\/tg4-docs.s3.amazonaws.com\/wp-content\/uploads\/2025\/09\/30175842\/Buisead2026_1-1920x1080-1-120x68.jpg 120w\" sizes=\"(max-width: 1920px) 100vw, 1920px\" \/><\/td>\n<td><img loading=\"lazy\" decoding=\"async\" width=\"1920\" height=\"1080\" src=\"https:\/\/tg4-docs.s3.amazonaws.com\/wp-content\/uploads\/2025\/10\/01095310\/Siun_1-1920x1080-1.jpg\" alt=\"\" class=\"aligncenter size-full wp-image-247531\" srcset=\"https:\/\/tg4-docs.s3.amazonaws.com\/wp-content\/uploads\/2025\/10\/01095310\/Siun_1-1920x1080-1.jpg 1920w, https:\/\/tg4-docs.s3.amazonaws.com\/wp-content\/uploads\/2025\/10\/01095310\/Siun_1-1920x1080-1-250x141.jpg 250w, https:\/\/tg4-docs.s3.amazonaws.com\/wp-content\/uploads\/2025\/10\/01095310\/Siun_1-1920x1080-1-700x394.jpg 700w, https:\/\/tg4-docs.s3.amazonaws.com\/wp-content\/uploads\/2025\/10\/01095310\/Siun_1-1920x1080-1-252x141.jpg 252w, https:\/\/tg4-docs.s3.amazonaws.com\/wp-content\/uploads\/2025\/10\/01095310\/Siun_1-1920x1080-1-1536x864.jpg 1536w, https:\/\/tg4-docs.s3.amazonaws.com\/wp-content\/uploads\/2025\/10\/01095310\/Siun_1-1920x1080-1-120x68.jpg 120w\" sizes=\"(max-width: 1920px) 100vw, 1920px\" \/><\/td>\n<\/tr>\n<\/table>\n<p><center><sup>Eimear N\u00ed Chonaola &#8211; Buis\u00e9ad 2026, Si\u00fan Nic Gearailt &#8211; Nuacht TG4<\/sup><\/center><br \/>\n&nbsp;<br \/>\n<iframe loading=\"lazy\" width=\"560\" height=\"315\" src=\"https:\/\/www.youtube.com\/embed\/14dLBQzGDfI?si=LRXpF49wspTxv_IX\" title=\"YouTube video player\" frameborder=\"0\" allow=\"accelerometer; autoplay; clipboard-write; encrypted-media; gyroscope; picture-in-picture; web-share\" referrerpolicy=\"strict-origin-when-cross-origin\" allowfullscreen><\/iframe><br \/>\n&nbsp;<\/p>\n<p>Cuirfidh TG4 cl\u00fadach cuimsitheach de Bhuis\u00e9ad 2026 ar f\u00e1il L\u00e1 an Bhuis\u00e9id, an 7 Deireadh F\u00f3mhair 2025, ina gcuid cl\u00e1racha nuachta agus c\u00farsa\u00ed reatha ar fad.<br \/>\n&nbsp;<br \/>\nCuirfear t\u00fas le cl\u00fadach beo teilif\u00edse TG4 ag 14:30 leis an gcl\u00e1r speisialta uair an chloig <strong>Buis\u00e9ad 2026<\/strong>, a bheidh \u00e1 chur i l\u00e1thair ag Eimear N\u00ed Chonaola. Cuirfear an nuacht is d\u00e9ana\u00ed as D\u00e1il \u00c9ireann in i\u00fal don lucht f\u00e9achana chomh luath is a bheidh s\u00ed againn agus beidh polaiteoir\u00ed agus saineolaithe ag tabhairt a dtuairim\u00ed f\u00e9in ar na m\u00f3rphoint\u00ed agus ag d\u00e9anamh mionanail\u00eds orthu sa sti\u00faideo.<br \/>\n&nbsp;<\/p>\n<p>Cuirfear l\u00e9argas, comhth\u00e9acs agus anail\u00eds saineolaithe ar na bearta at\u00e1 i mBuis\u00e9ad 2026 ar f\u00e1il ag 19:00 ar <strong>Nuacht TG4<\/strong>, a bheidh \u00e1 cur i l\u00e1thair ag Si\u00fan Nic Gearailt. Beifear ag d\u00edri\u00fa go h\u00e1irithe ar an tionchar a bheidh ag na bearta sin ar an tsocha\u00ed i gcoitinne.<br \/>\n&nbsp;<\/p>\n<p>Ansin ag 20:00 ar an gcl\u00e1r <strong>7L\u00c1<\/strong>, a bheidh \u00e1 chur i l\u00e1thair ag Beirn\u00ed N\u00ed Chuinn, d\u00e9anfaidh lucht polait\u00edochta, tr\u00e1chtair\u00ed agus lucht anail\u00edse tuilleadh pl\u00e9 agus d\u00edosp\u00f3ireachta ar na himpleachta\u00ed tr\u00ed ch\u00e9ile a bheidh ag an mBuis\u00e9ad do dhaoine sa Ghaeltacht,  do phobail ar fud na h\u00c9ireann agus do na heagra\u00edochta\u00ed Gaeilge.<br \/>\n&nbsp;<br \/>\nBeidh m\u00edreanna speisialta ag Nuacht C\u00fala4 freisin i rith sheachtain an Bhuis\u00e9id a bheidh d\u00edrithe ar an lucht f\u00e9achana n\u00edos \u00f3ige chun cabhr\u00fa leo tuiscint a fh\u00e1il ar na ceisteanna agus cinnt\u00ed m\u00f3ra a mbeidh tionchar acu ar a saol amach anseo.<br \/>\n&nbsp;<\/p>\n<p>D\u00fairt <strong>Deirdre N\u00ed Choist\u00edn, Ard-Sti\u00farth\u00f3ir TG4<\/strong>: <em>\u201cT\u00e1 TG4 ag cur cl\u00fadach iontaofa, neamhsple\u00e1ch agus cuimsitheach de mh\u00f3rimeachta\u00ed n\u00e1isi\u00fanta ar f\u00e1il le fada an l\u00e1 agus t\u00e1imid thar a bheith m\u00f3rtasach as sin. Is \u00e9 L\u00e1 an Bhuis\u00e9id ceann de na laethanta is t\u00e1bhachta\u00ed san fh\u00e9ilire polait\u00edochta, agus cinnteoimidne, le Nuacht TG4, 7L\u00c1 agus Nuacht C\u00fala4, go mbeidh an lucht f\u00e9achana, beag beann ar aois, in ann teacht ar anail\u00eds shoil\u00e9ir agus ar phl\u00e9 fi\u00fantach i nGaeilge.\u201d<\/em><br \/>\n&nbsp;<\/p>\n<p>@7LATG4, @NUACHTTG4, @cula4_tg4, YouTube@Cula4<br \/>\n&nbsp;<br \/>\n&nbsp;<\/p>\n","protected":false},"excerpt":{"rendered":"<p>Eimear N\u00ed Chonaola &#8211; Buis\u00e9ad 2026, Si\u00fan Nic Gearailt &#8211; Nuacht TG4 &nbsp; &nbsp; Cuirfidh TG4 cl\u00fadach cuimsitheach de Bhuis\u00e9ad 2026 ar f\u00e1il L\u00e1 an Bhuis\u00e9id, an 7 Deireadh F\u00f3mhair 2025, ina gcuid cl\u00e1racha nuachta agus c\u00farsa\u00ed reatha ar fad. &nbsp; Cuirfear t\u00fas le cl\u00fadach beo teilif\u00edse TG4 ag 14:30 leis an gcl\u00e1r speisialta uair [&hellip;]<\/p>\n","protected":false},"author":876,"featured_media":0,"parent":236807,"menu_order":55,"comment_status":"closed","ping_status":"closed","template":"page-templates\/template-pr.php","meta":{"_acf_changed":false,"footnotes":""},"acf":[],"yoast_head":"<!-- This site is optimized with the Yoast SEO plugin v22.6 - https:\/\/yoast.com\/wordpress\/plugins\/seo\/ -->\n<title>Cl\u00fadach ar an mBuis\u00e9ad ar TG4 &amp; TG4.ie | Preasr\u00e1iteas | TG4<\/title>\n<meta name=\"description\" content=\"Cuirfidh TG4 cl\u00fadach cuimsitheach de Bhuis\u00e9ad 2026 ar f\u00e1il L\u00e1 an Bhuis\u00e9id, an 7 Deireadh F\u00f3mhair 2025, ina gcuid cl\u00e1racha nuachta agus c\u00farsa\u00ed reatha ar fad.\" \/>\n<meta name=\"robots\" content=\"index, follow, max-snippet:-1, max-image-preview:large, max-video-preview:-1\" \/>\n<meta property=\"og:locale\" content=\"en_US\" \/>\n<meta property=\"og:type\" content=\"article\" \/>\n<meta property=\"og:title\" content=\"Cl\u00fadach ar an mBuis\u00e9ad ar TG4 &amp; TG4.ie | Preasr\u00e1iteas | TG4\" \/>\n<meta property=\"og:description\" content=\"Cuirfidh TG4 cl\u00fadach cuimsitheach de Bhuis\u00e9ad 2026 ar f\u00e1il L\u00e1 an Bhuis\u00e9id, an 7 Deireadh F\u00f3mhair 2025, ina gcuid cl\u00e1racha nuachta agus c\u00farsa\u00ed reatha ar fad.\" \/>\n<meta property=\"og:url\" content=\"https:\/\/dev.tg4.ie\/ga\/eolas\/preas\/nuacht-raitis\/2025-2\/cludach-ar-an-mbuisead-ar-tg4-tg4-ie\/\" \/>\n<meta property=\"og:site_name\" content=\"TG4\" \/>\n<meta property=\"article:publisher\" content=\"https:\/\/www.facebook.com\/TG4TV\" \/>\n<meta property=\"article:modified_time\" content=\"2025-10-09T07:54:35+00:00\" \/>\n<meta property=\"og:image\" content=\"https:\/\/dev.tg4.ie\/wp-content\/uploads\/2025\/09\/Buisead2026_1-1920x1080-1.jpg\" \/>\n<meta name=\"twitter:card\" content=\"summary_large_image\" \/>\n<meta name=\"twitter:site\" content=\"@TG4TV\" \/>\n<meta name=\"twitter:label1\" content=\"Est. reading time\" \/>\n\t<meta name=\"twitter:data1\" content=\"3 minutes\" \/>\n<script type=\"application\/ld+json\" class=\"yoast-schema-graph\">{\"@context\":\"https:\/\/schema.org\",\"@graph\":[{\"@type\":\"WebPage\",\"@id\":\"https:\/\/dev.tg4.ie\/ga\/eolas\/preas\/nuacht-raitis\/2025-2\/cludach-ar-an-mbuisead-ar-tg4-tg4-ie\/\",\"url\":\"https:\/\/dev.tg4.ie\/ga\/eolas\/preas\/nuacht-raitis\/2025-2\/cludach-ar-an-mbuisead-ar-tg4-tg4-ie\/\",\"name\":\"Cl\u00fadach ar an mBuis\u00e9ad ar TG4 & TG4.ie | Preasr\u00e1iteas | TG4\",\"isPartOf\":{\"@id\":\"https:\/\/dev.tg4.ie\/en\/#website\"},\"primaryImageOfPage\":{\"@id\":\"https:\/\/dev.tg4.ie\/ga\/eolas\/preas\/nuacht-raitis\/2025-2\/cludach-ar-an-mbuisead-ar-tg4-tg4-ie\/#primaryimage\"},\"image\":{\"@id\":\"https:\/\/dev.tg4.ie\/ga\/eolas\/preas\/nuacht-raitis\/2025-2\/cludach-ar-an-mbuisead-ar-tg4-tg4-ie\/#primaryimage\"},\"thumbnailUrl\":\"https:\/\/dev.tg4.ie\/wp-content\/uploads\/2025\/09\/Buisead2026_1-1920x1080-1.jpg\",\"datePublished\":\"2025-10-01T16:09:21+00:00\",\"dateModified\":\"2025-10-09T07:54:35+00:00\",\"description\":\"Cuirfidh TG4 cl\u00fadach cuimsitheach de Bhuis\u00e9ad 2026 ar f\u00e1il L\u00e1 an Bhuis\u00e9id, an 7 Deireadh F\u00f3mhair 2025, ina gcuid cl\u00e1racha nuachta agus c\u00farsa\u00ed reatha ar fad.\",\"breadcrumb\":{\"@id\":\"https:\/\/dev.tg4.ie\/ga\/eolas\/preas\/nuacht-raitis\/2025-2\/cludach-ar-an-mbuisead-ar-tg4-tg4-ie\/#breadcrumb\"},\"inLanguage\":\"ga\",\"potentialAction\":[{\"@type\":\"ReadAction\",\"target\":[\"https:\/\/dev.tg4.ie\/ga\/eolas\/preas\/nuacht-raitis\/2025-2\/cludach-ar-an-mbuisead-ar-tg4-tg4-ie\/\"]}]},{\"@type\":\"ImageObject\",\"inLanguage\":\"ga\",\"@id\":\"https:\/\/dev.tg4.ie\/ga\/eolas\/preas\/nuacht-raitis\/2025-2\/cludach-ar-an-mbuisead-ar-tg4-tg4-ie\/#primaryimage\",\"url\":\"https:\/\/dev.tg4.ie\/wp-content\/uploads\/2025\/09\/Buisead2026_1-1920x1080-1.jpg\",\"contentUrl\":\"https:\/\/dev.tg4.ie\/wp-content\/uploads\/2025\/09\/Buisead2026_1-1920x1080-1.jpg\"},{\"@type\":\"BreadcrumbList\",\"@id\":\"https:\/\/dev.tg4.ie\/ga\/eolas\/preas\/nuacht-raitis\/2025-2\/cludach-ar-an-mbuisead-ar-tg4-tg4-ie\/#breadcrumb\",\"itemListElement\":[{\"@type\":\"ListItem\",\"position\":1,\"name\":\"Home\",\"item\":\"https:\/\/dev.tg4.ie\/ga\/\"},{\"@type\":\"ListItem\",\"position\":2,\"name\":\"Eolas\",\"item\":\"https:\/\/dev.tg4.ie\/ga\/eolas\/\"},{\"@type\":\"ListItem\",\"position\":3,\"name\":\"Preas\",\"item\":\"https:\/\/dev.tg4.ie\/ga\/eolas\/preas\/\"},{\"@type\":\"ListItem\",\"position\":4,\"name\":\"Nuacht R\u00e1itis\",\"item\":\"https:\/\/dev.tg4.ie\/ga\/eolas\/preas\/nuacht-raitis\/\"},{\"@type\":\"ListItem\",\"position\":5,\"name\":\"2025\",\"item\":\"https:\/\/dev.tg4.ie\/ga\/eolas\/preas\/nuacht-raitis\/2025-2\/\"},{\"@type\":\"ListItem\",\"position\":6,\"name\":\"Cl\u00fadach ar an mBuis\u00e9ad ar TG4 &#038; TG4.ie\"}]},{\"@type\":\"WebSite\",\"@id\":\"https:\/\/dev.tg4.ie\/en\/#website\",\"url\":\"https:\/\/dev.tg4.ie\/en\/\",\"name\":\"TG4\",\"description\":\"S\u00fail Eile\",\"potentialAction\":[{\"@type\":\"SearchAction\",\"target\":{\"@type\":\"EntryPoint\",\"urlTemplate\":\"https:\/\/dev.tg4.ie\/en\/?s={search_term_string}\"},\"query-input\":\"required name=search_term_string\"}],\"inLanguage\":\"ga\"}]}<\/script>\n<!-- \/ Yoast SEO plugin. -->","yoast_head_json":{"title":"Cl\u00fadach ar an mBuis\u00e9ad ar TG4 & TG4.ie | Preasr\u00e1iteas | TG4","description":"Cuirfidh TG4 cl\u00fadach cuimsitheach de Bhuis\u00e9ad 2026 ar f\u00e1il L\u00e1 an Bhuis\u00e9id, an 7 Deireadh F\u00f3mhair 2025, ina gcuid cl\u00e1racha nuachta agus c\u00farsa\u00ed reatha ar fad.","robots":{"index":"index","follow":"follow","max-snippet":"max-snippet:-1","max-image-preview":"max-image-preview:large","max-video-preview":"max-video-preview:-1"},"og_locale":"en_US","og_type":"article","og_title":"Cl\u00fadach ar an mBuis\u00e9ad ar TG4 & TG4.ie | Preasr\u00e1iteas | TG4","og_description":"Cuirfidh TG4 cl\u00fadach cuimsitheach de Bhuis\u00e9ad 2026 ar f\u00e1il L\u00e1 an Bhuis\u00e9id, an 7 Deireadh F\u00f3mhair 2025, ina gcuid cl\u00e1racha nuachta agus c\u00farsa\u00ed reatha ar fad.","og_url":"https:\/\/dev.tg4.ie\/ga\/eolas\/preas\/nuacht-raitis\/2025-2\/cludach-ar-an-mbuisead-ar-tg4-tg4-ie\/","og_site_name":"TG4","article_publisher":"https:\/\/www.facebook.com\/TG4TV","article_modified_time":"2025-10-09T07:54:35+00:00","og_image":[{"url":"https:\/\/dev.tg4.ie\/wp-content\/uploads\/2025\/09\/Buisead2026_1-1920x1080-1.jpg"}],"twitter_card":"summary_large_image","twitter_site":"@TG4TV","twitter_misc":{"Est. reading time":"3 minutes"},"schema":{"@context":"https:\/\/schema.org","@graph":[{"@type":"WebPage","@id":"https:\/\/dev.tg4.ie\/ga\/eolas\/preas\/nuacht-raitis\/2025-2\/cludach-ar-an-mbuisead-ar-tg4-tg4-ie\/","url":"https:\/\/dev.tg4.ie\/ga\/eolas\/preas\/nuacht-raitis\/2025-2\/cludach-ar-an-mbuisead-ar-tg4-tg4-ie\/","name":"Cl\u00fadach ar an mBuis\u00e9ad ar TG4 & TG4.ie | Preasr\u00e1iteas | TG4","isPartOf":{"@id":"https:\/\/dev.tg4.ie\/en\/#website"},"primaryImageOfPage":{"@id":"https:\/\/dev.tg4.ie\/ga\/eolas\/preas\/nuacht-raitis\/2025-2\/cludach-ar-an-mbuisead-ar-tg4-tg4-ie\/#primaryimage"},"image":{"@id":"https:\/\/dev.tg4.ie\/ga\/eolas\/preas\/nuacht-raitis\/2025-2\/cludach-ar-an-mbuisead-ar-tg4-tg4-ie\/#primaryimage"},"thumbnailUrl":"https:\/\/dev.tg4.ie\/wp-content\/uploads\/2025\/09\/Buisead2026_1-1920x1080-1.jpg","datePublished":"2025-10-01T16:09:21+00:00","dateModified":"2025-10-09T07:54:35+00:00","description":"Cuirfidh TG4 cl\u00fadach cuimsitheach de Bhuis\u00e9ad 2026 ar f\u00e1il L\u00e1 an Bhuis\u00e9id, an 7 Deireadh F\u00f3mhair 2025, ina gcuid cl\u00e1racha nuachta agus c\u00farsa\u00ed reatha ar fad.","breadcrumb":{"@id":"https:\/\/dev.tg4.ie\/ga\/eolas\/preas\/nuacht-raitis\/2025-2\/cludach-ar-an-mbuisead-ar-tg4-tg4-ie\/#breadcrumb"},"inLanguage":"ga","potentialAction":[{"@type":"ReadAction","target":["https:\/\/dev.tg4.ie\/ga\/eolas\/preas\/nuacht-raitis\/2025-2\/cludach-ar-an-mbuisead-ar-tg4-tg4-ie\/"]}]},{"@type":"ImageObject","inLanguage":"ga","@id":"https:\/\/dev.tg4.ie\/ga\/eolas\/preas\/nuacht-raitis\/2025-2\/cludach-ar-an-mbuisead-ar-tg4-tg4-ie\/#primaryimage","url":"https:\/\/dev.tg4.ie\/wp-content\/uploads\/2025\/09\/Buisead2026_1-1920x1080-1.jpg","contentUrl":"https:\/\/dev.tg4.ie\/wp-content\/uploads\/2025\/09\/Buisead2026_1-1920x1080-1.jpg"},{"@type":"BreadcrumbList","@id":"https:\/\/dev.tg4.ie\/ga\/eolas\/preas\/nuacht-raitis\/2025-2\/cludach-ar-an-mbuisead-ar-tg4-tg4-ie\/#breadcrumb","itemListElement":[{"@type":"ListItem","position":1,"name":"Home","item":"https:\/\/dev.tg4.ie\/ga\/"},{"@type":"ListItem","position":2,"name":"Eolas","item":"https:\/\/dev.tg4.ie\/ga\/eolas\/"},{"@type":"ListItem","position":3,"name":"Preas","item":"https:\/\/dev.tg4.ie\/ga\/eolas\/preas\/"},{"@type":"ListItem","position":4,"name":"Nuacht R\u00e1itis","item":"https:\/\/dev.tg4.ie\/ga\/eolas\/preas\/nuacht-raitis\/"},{"@type":"ListItem","position":5,"name":"2025","item":"https:\/\/dev.tg4.ie\/ga\/eolas\/preas\/nuacht-raitis\/2025-2\/"},{"@type":"ListItem","position":6,"name":"Cl\u00fadach ar an mBuis\u00e9ad ar TG4 &#038; TG4.ie"}]},{"@type":"WebSite","@id":"https:\/\/dev.tg4.ie\/en\/#website","url":"https:\/\/dev.tg4.ie\/en\/","name":"TG4","description":"S\u00fail Eile","potentialAction":[{"@type":"SearchAction","target":{"@type":"EntryPoint","urlTemplate":"https:\/\/dev.tg4.ie\/en\/?s={search_term_string}"},"query-input":"required name=search_term_string"}],"inLanguage":"ga"}]}},"_links":{"self":[{"href":"https:\/\/dev.tg4.ie\/ga\/wp-json\/wp\/v2\/pages\/247548"}],"collection":[{"href":"https:\/\/dev.tg4.ie\/ga\/wp-json\/wp\/v2\/pages"}],"about":[{"href":"https:\/\/dev.tg4.ie\/ga\/wp-json\/wp\/v2\/types\/page"}],"author":[{"embeddable":true,"href":"https:\/\/dev.tg4.ie\/ga\/wp-json\/wp\/v2\/users\/876"}],"replies":[{"embeddable":true,"href":"https:\/\/dev.tg4.ie\/ga\/wp-json\/wp\/v2\/comments?post=247548"}],"version-history":[{"count":0,"href":"https:\/\/dev.tg4.ie\/ga\/wp-json\/wp\/v2\/pages\/247548\/revisions"}],"up":[{"embeddable":true,"href":"https:\/\/dev.tg4.ie\/ga\/wp-json\/wp\/v2\/pages\/236807"}],"wp:attachment":[{"href":"https:\/\/dev.tg4.ie\/ga\/wp-json\/wp\/v2\/media?parent=247548"}],"curies":[{"name":"wp","href":"https:\/\/api.w.org\/{rel}","templated":true}]}}