{"id":247570,"date":"2025-10-03T13:06:36","date_gmt":"2025-10-03T12:06:36","guid":{"rendered":"https:\/\/dev.tg4.ie\/?page_id=247570"},"modified":"2025-10-15T16:29:20","modified_gmt":"2025-10-15T15:29:20","slug":"cludach-tg4-ar-thoghchan-na-huachtaranachta","status":"publish","type":"page","link":"https:\/\/dev.tg4.ie\/ga\/eolas\/preas\/nuacht-raitis\/2025-2\/cludach-tg4-ar-thoghchan-na-huachtaranachta\/","title":{"rendered":"Cl\u00fadach TG4 ar Thoghch\u00e1n na hUachtar\u00e1nachta"},"content":{"rendered":"<h1><center>\u00c1ras25<\/center><\/h1>\n<p><img loading=\"lazy\" decoding=\"async\" width=\"1920\" height=\"1080\" src=\"https:\/\/tg4-docs.s3.amazonaws.com\/wp-content\/uploads\/2025\/10\/15162832\/Aras25_1-1920x1080-1.jpg\" alt=\"\" class=\"aligncenter size-full wp-image-247719\" srcset=\"https:\/\/tg4-docs.s3.amazonaws.com\/wp-content\/uploads\/2025\/10\/15162832\/Aras25_1-1920x1080-1.jpg 1920w, https:\/\/tg4-docs.s3.amazonaws.com\/wp-content\/uploads\/2025\/10\/15162832\/Aras25_1-1920x1080-1-250x141.jpg 250w, https:\/\/tg4-docs.s3.amazonaws.com\/wp-content\/uploads\/2025\/10\/15162832\/Aras25_1-1920x1080-1-700x394.jpg 700w, https:\/\/tg4-docs.s3.amazonaws.com\/wp-content\/uploads\/2025\/10\/15162832\/Aras25_1-1920x1080-1-252x141.jpg 252w, https:\/\/tg4-docs.s3.amazonaws.com\/wp-content\/uploads\/2025\/10\/15162832\/Aras25_1-1920x1080-1-1536x864.jpg 1536w, https:\/\/tg4-docs.s3.amazonaws.com\/wp-content\/uploads\/2025\/10\/15162832\/Aras25_1-1920x1080-1-120x68.jpg 120w\" sizes=\"(max-width: 1920px) 100vw, 1920px\" \/><br \/>\n<center><sup>Pic: Si\u00fan Nic Gearailt<\/sup><\/center><br \/>\n&nbsp;<\/p>\n<p>Cuirfidh TG4 cl\u00fadach cuimsitheach tuairisceoireachta ar f\u00e1il le linn  thoghch\u00e1n na huachtar\u00e1nachta mar aon le cl\u00fadach laeth\u00fail ar fheachtais na n-iarrth\u00f3ir\u00ed ar fud na t\u00edre.<br \/>\n&nbsp;<\/p>\n<p>Cuirfidh Donncha \u00d3 Murch\u00fa, Comhfhreagra\u00ed Polait\u00edochta TG4, anail\u00eds shaineolach laeth\u00fail ar f\u00e1il.<br \/>\n&nbsp;<\/p>\n<p>Beidh tuairisceoir\u00ed TG4, Sin\u00e9ad N\u00ed Neachtain, Sorcha N\u00ed Mhonach\u00e1in agus Tom\u00e1s \u00d3 Main\u00edn, i gcuideachta iarrth\u00f3ir\u00ed na huachtar\u00e1nachta le linn an fheachtais agus cuirfidh siad tuairisc\u00ed rialta ar f\u00e1il feadh an bhealaigh.<br \/>\n&nbsp;<\/p>\n<p><strong>\u00c1ras25:<\/strong><\/p>\n<p>Craolfar dh\u00e1 chl\u00e1r speisialta de <strong>\u00c1ras25<\/strong>, ceann ag 2pm agus ceann ag 7pm, \u00e1 gcur i l\u00e1thair ag Si\u00fan Nic Gearailt, D\u00e9 Sathairn an 25 Deireadh F\u00f3mhair fad a bheidh na v\u00f3ta\u00ed \u00e1 gcomhaireamh. Beidh na tortha\u00ed is d\u00e9ana\u00ed mar aon le tuairisc\u00ed \u00f3 na hionaid chomhairimh ar an gcl\u00e1r agus cuirfidh a\u00edonna sa sti\u00faideo agus sna hionaid mionanail\u00eds ar f\u00e1il.<br \/>\n&nbsp;<\/p>\n<p><strong>Nuacht TG4:<\/strong><\/p>\n<p>Cuirfear an nuacht is d\u00e9ana\u00ed faoi na feachtais, mar aon le comhth\u00e9acs agus anail\u00eds, ar f\u00e1il ag 19:00 gach tr\u00e1thn\u00f3na ar Nuacht TG4, \u00e1 cur i l\u00e1thair ag Si\u00fan Nic Gearailt agus Eimear N\u00ed Chonaola.<br \/>\n&nbsp;<\/p>\n<p><strong>7L\u00c1:<\/strong><br \/>\nAr 7L\u00c1, gach D\u00e9 M\u00e1irt ag 20:00, \u00e1 chur i l\u00e1thair ag M\u00e1ir\u00edn N\u00ed Ghadhra agus Beirn\u00ed N\u00ed Chuinn, beifear i mbun pl\u00e9 agus d\u00edosp\u00f3ireachta le lucht polait\u00edochta, tr\u00e1chtair\u00ed agus lucht anail\u00edse ar na pr\u00edomhnithe at\u00e1 ag imirt tionchair ar an toghch\u00e1n.<br \/>\n&nbsp;<\/p>\n<p><strong>Nuacht C\u00fala4:<\/strong><\/p>\n<p>Cuirfear cl\u00fadach at\u00e1 curtha in oiri\u00faint go speisialta don lucht f\u00e9achana n\u00edos \u00f3ige ar f\u00e1il ar Nuacht C\u00fala4 a chuideoidh leo tuiscint a fh\u00e1il ar r\u00f3l an Uachtar\u00e1in agus ar an t\u00e1bhacht a bhaineann leis an v\u00f3ta.<br \/>\n&nbsp;<\/p>\n<p><strong>Toghch\u00e1n na huachtar\u00e1nachta 2025:<\/strong><\/p>\n<p>D\u00e9 hAoine an <strong>24 Deireadh F\u00f3mhair<\/strong> a bheifear ag v\u00f3t\u00e1il chun deichi\u00fa Uachtar\u00e1n an h\u00c9ireann a thoghadh. Naon\u00far uachtar\u00e1n a bhfuil f\u00f3namh d\u00e9anta acu in oifig an Uachtar\u00e1in \u00f3 buna\u00edodh \u00ed in 1938, \u00f3 Dhubhghlas de h\u00cdde go Miche\u00e1l D. \u00d3 hUig\u00ednn, a dtiocfaidh deireadh lena uachtar\u00e1nacht 14 bliana i m\u00ed na Samhna. Cuirfear an t-uachtar\u00e1n nua-thofa faoi mhionn na huachtar\u00e1nachta agus beidh c\u00f3na\u00ed ina dhiaidh sin air n\u00f3 uirthi in \u00c1ras an Uachtar\u00e1in.<br \/>\n&nbsp;<\/p>\n<p>D\u00fairt Deirdre N\u00ed Choist\u00edn, Ard-Sti\u00farth\u00f3ir TG4, <em>&#8220;Is \u00e9  Toghch\u00e1n na hUachtar\u00e1nachta ceann de na himeachta\u00ed is m\u00f3 i ndaonlathas na h\u00c9ireann. T\u00e1 s\u00e9 geallta ag TG4, tr\u00ed \u00c1ras25, cl\u00fadach iontaofa, neamhsple\u00e1ch agus cuimsitheach a chur ar f\u00e1il a chuireann ar chumas an lucht f\u00e9achana na hiarrth\u00f3ir\u00ed a lean\u00faint, na saincheisteanna a thuiscint agus a bheith rannph\u00e1irteach go hioml\u00e1n sa gcomhr\u00e1 n\u00e1isi\u00fanta seo i nGaeilge.\u201d<\/em><br \/>\n&nbsp;<\/p>\n<h3> Na me\u00e1in sh\u00f3isialta:<\/h3>\n<p>@NUACHTTG4, @7LATG4, YouTube@Cula4, Instagram @cula4_tg4<br \/>\n&nbsp;<br \/>\n&nbsp;<\/p>\n","protected":false},"excerpt":{"rendered":"<p>\u00c1ras25 Pic: Si\u00fan Nic Gearailt &nbsp; Cuirfidh TG4 cl\u00fadach cuimsitheach tuairisceoireachta ar f\u00e1il le linn thoghch\u00e1n na huachtar\u00e1nachta mar aon le cl\u00fadach laeth\u00fail ar fheachtais na n-iarrth\u00f3ir\u00ed ar fud na t\u00edre. &nbsp; Cuirfidh Donncha \u00d3 Murch\u00fa, Comhfhreagra\u00ed Polait\u00edochta TG4, anail\u00eds shaineolach laeth\u00fail ar f\u00e1il. &nbsp; Beidh tuairisceoir\u00ed TG4, Sin\u00e9ad N\u00ed Neachtain, Sorcha N\u00ed Mhonach\u00e1in agus [&hellip;]<\/p>\n","protected":false},"author":876,"featured_media":0,"parent":236807,"menu_order":56,"comment_status":"closed","ping_status":"closed","template":"page-templates\/template-pr.php","meta":{"_acf_changed":false,"footnotes":""},"acf":[],"yoast_head":"<!-- This site is optimized with the Yoast SEO plugin v22.6 - https:\/\/yoast.com\/wordpress\/plugins\/seo\/ -->\n<title>Cl\u00fadach TG4 ar Thoghch\u00e1n na hUachtar\u00e1nachta | Preasr\u00e1iteas | TG4<\/title>\n<meta name=\"description\" content=\"Cuirfidh TG4 cl\u00fadach cuimsitheach tuairisceoireachta ar f\u00e1il le linn thoghch\u00e1n na huachtar\u00e1nachta mar aon le cl\u00fadach laeth\u00fail ar fheachtais an tri\u00far iarrth\u00f3ir\u00ed ar fud na t\u00edre.\" \/>\n<meta name=\"robots\" content=\"index, follow, max-snippet:-1, max-image-preview:large, max-video-preview:-1\" \/>\n<meta property=\"og:locale\" content=\"en_US\" \/>\n<meta property=\"og:type\" content=\"article\" \/>\n<meta property=\"og:title\" content=\"Cl\u00fadach TG4 ar Thoghch\u00e1n na hUachtar\u00e1nachta | Preasr\u00e1iteas | TG4\" \/>\n<meta property=\"og:description\" content=\"Cuirfidh TG4 cl\u00fadach cuimsitheach tuairisceoireachta ar f\u00e1il le linn thoghch\u00e1n na huachtar\u00e1nachta mar aon le cl\u00fadach laeth\u00fail ar fheachtais an tri\u00far iarrth\u00f3ir\u00ed ar fud na t\u00edre.\" \/>\n<meta property=\"og:url\" content=\"https:\/\/dev.tg4.ie\/ga\/eolas\/preas\/nuacht-raitis\/2025-2\/cludach-tg4-ar-thoghchan-na-huachtaranachta\/\" \/>\n<meta property=\"og:site_name\" content=\"TG4\" \/>\n<meta property=\"article:publisher\" content=\"https:\/\/www.facebook.com\/TG4TV\" \/>\n<meta property=\"article:modified_time\" content=\"2025-10-15T15:29:20+00:00\" \/>\n<meta property=\"og:image\" content=\"https:\/\/dev.tg4.ie\/wp-content\/uploads\/2025\/10\/Aras25_1-1920x1080-1.jpg\" \/>\n<meta name=\"twitter:card\" content=\"summary_large_image\" \/>\n<meta name=\"twitter:site\" content=\"@TG4TV\" \/>\n<meta name=\"twitter:label1\" content=\"Est. reading time\" \/>\n\t<meta name=\"twitter:data1\" content=\"2 minutes\" \/>\n<script type=\"application\/ld+json\" class=\"yoast-schema-graph\">{\"@context\":\"https:\/\/schema.org\",\"@graph\":[{\"@type\":\"WebPage\",\"@id\":\"https:\/\/dev.tg4.ie\/ga\/eolas\/preas\/nuacht-raitis\/2025-2\/cludach-tg4-ar-thoghchan-na-huachtaranachta\/\",\"url\":\"https:\/\/dev.tg4.ie\/ga\/eolas\/preas\/nuacht-raitis\/2025-2\/cludach-tg4-ar-thoghchan-na-huachtaranachta\/\",\"name\":\"Cl\u00fadach TG4 ar Thoghch\u00e1n na hUachtar\u00e1nachta | Preasr\u00e1iteas | TG4\",\"isPartOf\":{\"@id\":\"https:\/\/dev.tg4.ie\/en\/#website\"},\"primaryImageOfPage\":{\"@id\":\"https:\/\/dev.tg4.ie\/ga\/eolas\/preas\/nuacht-raitis\/2025-2\/cludach-tg4-ar-thoghchan-na-huachtaranachta\/#primaryimage\"},\"image\":{\"@id\":\"https:\/\/dev.tg4.ie\/ga\/eolas\/preas\/nuacht-raitis\/2025-2\/cludach-tg4-ar-thoghchan-na-huachtaranachta\/#primaryimage\"},\"thumbnailUrl\":\"https:\/\/dev.tg4.ie\/wp-content\/uploads\/2025\/10\/Aras25_1-1920x1080-1.jpg\",\"datePublished\":\"2025-10-03T12:06:36+00:00\",\"dateModified\":\"2025-10-15T15:29:20+00:00\",\"description\":\"Cuirfidh TG4 cl\u00fadach cuimsitheach tuairisceoireachta ar f\u00e1il le linn thoghch\u00e1n na huachtar\u00e1nachta mar aon le cl\u00fadach laeth\u00fail ar fheachtais an tri\u00far iarrth\u00f3ir\u00ed ar fud na t\u00edre.\",\"breadcrumb\":{\"@id\":\"https:\/\/dev.tg4.ie\/ga\/eolas\/preas\/nuacht-raitis\/2025-2\/cludach-tg4-ar-thoghchan-na-huachtaranachta\/#breadcrumb\"},\"inLanguage\":\"ga\",\"potentialAction\":[{\"@type\":\"ReadAction\",\"target\":[\"https:\/\/dev.tg4.ie\/ga\/eolas\/preas\/nuacht-raitis\/2025-2\/cludach-tg4-ar-thoghchan-na-huachtaranachta\/\"]}]},{\"@type\":\"ImageObject\",\"inLanguage\":\"ga\",\"@id\":\"https:\/\/dev.tg4.ie\/ga\/eolas\/preas\/nuacht-raitis\/2025-2\/cludach-tg4-ar-thoghchan-na-huachtaranachta\/#primaryimage\",\"url\":\"https:\/\/dev.tg4.ie\/wp-content\/uploads\/2025\/10\/Aras25_1-1920x1080-1.jpg\",\"contentUrl\":\"https:\/\/dev.tg4.ie\/wp-content\/uploads\/2025\/10\/Aras25_1-1920x1080-1.jpg\"},{\"@type\":\"BreadcrumbList\",\"@id\":\"https:\/\/dev.tg4.ie\/ga\/eolas\/preas\/nuacht-raitis\/2025-2\/cludach-tg4-ar-thoghchan-na-huachtaranachta\/#breadcrumb\",\"itemListElement\":[{\"@type\":\"ListItem\",\"position\":1,\"name\":\"Home\",\"item\":\"https:\/\/dev.tg4.ie\/ga\/\"},{\"@type\":\"ListItem\",\"position\":2,\"name\":\"Eolas\",\"item\":\"https:\/\/dev.tg4.ie\/ga\/eolas\/\"},{\"@type\":\"ListItem\",\"position\":3,\"name\":\"Preas\",\"item\":\"https:\/\/dev.tg4.ie\/ga\/eolas\/preas\/\"},{\"@type\":\"ListItem\",\"position\":4,\"name\":\"Nuacht R\u00e1itis\",\"item\":\"https:\/\/dev.tg4.ie\/ga\/eolas\/preas\/nuacht-raitis\/\"},{\"@type\":\"ListItem\",\"position\":5,\"name\":\"2025\",\"item\":\"https:\/\/dev.tg4.ie\/ga\/eolas\/preas\/nuacht-raitis\/2025-2\/\"},{\"@type\":\"ListItem\",\"position\":6,\"name\":\"Cl\u00fadach TG4 ar Thoghch\u00e1n na hUachtar\u00e1nachta\"}]},{\"@type\":\"WebSite\",\"@id\":\"https:\/\/dev.tg4.ie\/en\/#website\",\"url\":\"https:\/\/dev.tg4.ie\/en\/\",\"name\":\"TG4\",\"description\":\"S\u00fail Eile\",\"potentialAction\":[{\"@type\":\"SearchAction\",\"target\":{\"@type\":\"EntryPoint\",\"urlTemplate\":\"https:\/\/dev.tg4.ie\/en\/?s={search_term_string}\"},\"query-input\":\"required name=search_term_string\"}],\"inLanguage\":\"ga\"}]}<\/script>\n<!-- \/ Yoast SEO plugin. -->","yoast_head_json":{"title":"Cl\u00fadach TG4 ar Thoghch\u00e1n na hUachtar\u00e1nachta | Preasr\u00e1iteas | TG4","description":"Cuirfidh TG4 cl\u00fadach cuimsitheach tuairisceoireachta ar f\u00e1il le linn thoghch\u00e1n na huachtar\u00e1nachta mar aon le cl\u00fadach laeth\u00fail ar fheachtais an tri\u00far iarrth\u00f3ir\u00ed ar fud na t\u00edre.","robots":{"index":"index","follow":"follow","max-snippet":"max-snippet:-1","max-image-preview":"max-image-preview:large","max-video-preview":"max-video-preview:-1"},"og_locale":"en_US","og_type":"article","og_title":"Cl\u00fadach TG4 ar Thoghch\u00e1n na hUachtar\u00e1nachta | Preasr\u00e1iteas | TG4","og_description":"Cuirfidh TG4 cl\u00fadach cuimsitheach tuairisceoireachta ar f\u00e1il le linn thoghch\u00e1n na huachtar\u00e1nachta mar aon le cl\u00fadach laeth\u00fail ar fheachtais an tri\u00far iarrth\u00f3ir\u00ed ar fud na t\u00edre.","og_url":"https:\/\/dev.tg4.ie\/ga\/eolas\/preas\/nuacht-raitis\/2025-2\/cludach-tg4-ar-thoghchan-na-huachtaranachta\/","og_site_name":"TG4","article_publisher":"https:\/\/www.facebook.com\/TG4TV","article_modified_time":"2025-10-15T15:29:20+00:00","og_image":[{"url":"https:\/\/dev.tg4.ie\/wp-content\/uploads\/2025\/10\/Aras25_1-1920x1080-1.jpg"}],"twitter_card":"summary_large_image","twitter_site":"@TG4TV","twitter_misc":{"Est. reading time":"2 minutes"},"schema":{"@context":"https:\/\/schema.org","@graph":[{"@type":"WebPage","@id":"https:\/\/dev.tg4.ie\/ga\/eolas\/preas\/nuacht-raitis\/2025-2\/cludach-tg4-ar-thoghchan-na-huachtaranachta\/","url":"https:\/\/dev.tg4.ie\/ga\/eolas\/preas\/nuacht-raitis\/2025-2\/cludach-tg4-ar-thoghchan-na-huachtaranachta\/","name":"Cl\u00fadach TG4 ar Thoghch\u00e1n na hUachtar\u00e1nachta | Preasr\u00e1iteas | TG4","isPartOf":{"@id":"https:\/\/dev.tg4.ie\/en\/#website"},"primaryImageOfPage":{"@id":"https:\/\/dev.tg4.ie\/ga\/eolas\/preas\/nuacht-raitis\/2025-2\/cludach-tg4-ar-thoghchan-na-huachtaranachta\/#primaryimage"},"image":{"@id":"https:\/\/dev.tg4.ie\/ga\/eolas\/preas\/nuacht-raitis\/2025-2\/cludach-tg4-ar-thoghchan-na-huachtaranachta\/#primaryimage"},"thumbnailUrl":"https:\/\/dev.tg4.ie\/wp-content\/uploads\/2025\/10\/Aras25_1-1920x1080-1.jpg","datePublished":"2025-10-03T12:06:36+00:00","dateModified":"2025-10-15T15:29:20+00:00","description":"Cuirfidh TG4 cl\u00fadach cuimsitheach tuairisceoireachta ar f\u00e1il le linn thoghch\u00e1n na huachtar\u00e1nachta mar aon le cl\u00fadach laeth\u00fail ar fheachtais an tri\u00far iarrth\u00f3ir\u00ed ar fud na t\u00edre.","breadcrumb":{"@id":"https:\/\/dev.tg4.ie\/ga\/eolas\/preas\/nuacht-raitis\/2025-2\/cludach-tg4-ar-thoghchan-na-huachtaranachta\/#breadcrumb"},"inLanguage":"ga","potentialAction":[{"@type":"ReadAction","target":["https:\/\/dev.tg4.ie\/ga\/eolas\/preas\/nuacht-raitis\/2025-2\/cludach-tg4-ar-thoghchan-na-huachtaranachta\/"]}]},{"@type":"ImageObject","inLanguage":"ga","@id":"https:\/\/dev.tg4.ie\/ga\/eolas\/preas\/nuacht-raitis\/2025-2\/cludach-tg4-ar-thoghchan-na-huachtaranachta\/#primaryimage","url":"https:\/\/dev.tg4.ie\/wp-content\/uploads\/2025\/10\/Aras25_1-1920x1080-1.jpg","contentUrl":"https:\/\/dev.tg4.ie\/wp-content\/uploads\/2025\/10\/Aras25_1-1920x1080-1.jpg"},{"@type":"BreadcrumbList","@id":"https:\/\/dev.tg4.ie\/ga\/eolas\/preas\/nuacht-raitis\/2025-2\/cludach-tg4-ar-thoghchan-na-huachtaranachta\/#breadcrumb","itemListElement":[{"@type":"ListItem","position":1,"name":"Home","item":"https:\/\/dev.tg4.ie\/ga\/"},{"@type":"ListItem","position":2,"name":"Eolas","item":"https:\/\/dev.tg4.ie\/ga\/eolas\/"},{"@type":"ListItem","position":3,"name":"Preas","item":"https:\/\/dev.tg4.ie\/ga\/eolas\/preas\/"},{"@type":"ListItem","position":4,"name":"Nuacht R\u00e1itis","item":"https:\/\/dev.tg4.ie\/ga\/eolas\/preas\/nuacht-raitis\/"},{"@type":"ListItem","position":5,"name":"2025","item":"https:\/\/dev.tg4.ie\/ga\/eolas\/preas\/nuacht-raitis\/2025-2\/"},{"@type":"ListItem","position":6,"name":"Cl\u00fadach TG4 ar Thoghch\u00e1n na hUachtar\u00e1nachta"}]},{"@type":"WebSite","@id":"https:\/\/dev.tg4.ie\/en\/#website","url":"https:\/\/dev.tg4.ie\/en\/","name":"TG4","description":"S\u00fail Eile","potentialAction":[{"@type":"SearchAction","target":{"@type":"EntryPoint","urlTemplate":"https:\/\/dev.tg4.ie\/en\/?s={search_term_string}"},"query-input":"required name=search_term_string"}],"inLanguage":"ga"}]}},"_links":{"self":[{"href":"https:\/\/dev.tg4.ie\/ga\/wp-json\/wp\/v2\/pages\/247570"}],"collection":[{"href":"https:\/\/dev.tg4.ie\/ga\/wp-json\/wp\/v2\/pages"}],"about":[{"href":"https:\/\/dev.tg4.ie\/ga\/wp-json\/wp\/v2\/types\/page"}],"author":[{"embeddable":true,"href":"https:\/\/dev.tg4.ie\/ga\/wp-json\/wp\/v2\/users\/876"}],"replies":[{"embeddable":true,"href":"https:\/\/dev.tg4.ie\/ga\/wp-json\/wp\/v2\/comments?post=247570"}],"version-history":[{"count":0,"href":"https:\/\/dev.tg4.ie\/ga\/wp-json\/wp\/v2\/pages\/247570\/revisions"}],"up":[{"embeddable":true,"href":"https:\/\/dev.tg4.ie\/ga\/wp-json\/wp\/v2\/pages\/236807"}],"wp:attachment":[{"href":"https:\/\/dev.tg4.ie\/ga\/wp-json\/wp\/v2\/media?parent=247570"}],"curies":[{"name":"wp","href":"https:\/\/api.w.org\/{rel}","templated":true}]}}