{"id":247585,"date":"2025-10-03T15:18:29","date_gmt":"2025-10-03T14:18:29","guid":{"rendered":"https:\/\/dev.tg4.ie\/?page_id=247585"},"modified":"2025-10-03T15:18:29","modified_gmt":"2025-10-03T14:18:29","slug":"raiteas-o-tg4-ar-bhas-mhanchain-magan","status":"publish","type":"page","link":"https:\/\/dev.tg4.ie\/ga\/eolas\/preas\/nuacht-raitis\/2025-2\/raiteas-o-tg4-ar-bhas-mhanchain-magan\/","title":{"rendered":"R\u00e1iteas \u00f3 TG4 ar Bh\u00e1s Mhanch\u00e1in Magan"},"content":{"rendered":"<p><img decoding=\"async\" src=\"https:\/\/tg4-docs.s3.amazonaws.com\/wp-content\/uploads\/2025\/10\/03133628\/manchan_magan_RIP_16x9_700-394.png\" alt=\"Manch\u00e1n Magan RIP\" \/><\/p>\n<p>Is m\u00e9ala m\u00f3r do TG4 Manch\u00e1n Magan, craolt\u00f3ir, scr\u00edbhneoir agus Gael, a bheith imithe ar shl\u00ed na f\u00edrinne.<br \/>\n&nbsp;<\/p>\n<p>Chaith Manch\u00e1n a shaol go diongbh\u00e1ilte ar son na Gaeilge agus chuir a shaothar go m\u00f3r le cult\u00far agus craolt\u00f3ireacht na h\u00c9ireann mar gheall ar an mbua iontach sc\u00e9ala\u00edochta a bh\u00ed aige. Is fada \u00e9 f\u00e9in agus TG4 ag obair le ch\u00e9ile, \u00f3 cuireadh an st\u00e1isi\u00fan ar bun go dt\u00ed le tamall gairid anuas.<br \/>\n&nbsp;<\/p>\n<p>L\u00e1ithreoir agus fear scann\u00e1na\u00edochta a bh\u00ed i Manch\u00e1n a dh\u00e9anadh a mhachnamh go dian agus go domhain ar \u00e1bhar a shaothair. Is ioma\u00ed sraith a l\u00e9irigh s\u00e9 agus a chuir s\u00e9 i l\u00e1thair in imeacht na mblianta do TnaG agus do TG4, \u00e9 go minic ag obair in \u00e9ineacht lena dhearth\u00e1ir Ru\u00e1n Magan i mbun sti\u00farth\u00f3ireachta, ar r\u00e9imse leathan cl\u00e1racha ina bhfeictear a chuid cruthaitheachta, samhla\u00edochta agus fiosrachta maidir le hoidhreacht, t\u00edr agus pobal na h\u00c9ireann, \u00f3n gc\u00e9ad sraith de chl\u00e1racha taistil <strong>\u2018Manch\u00e1n ar Seachr\u00e1n\u2019<\/strong> a craoladh an ch\u00e9ad seachtain de TnaG ar an aer, go  <strong>\u2018No B\u00e9arla\u2019<\/strong> agus an tsraith ba dheireana\u00ed uaidh <strong>\u2018Ag Triall ar an Tobar\u2019<\/strong>.<br \/>\n&nbsp; <\/p>\n<p>Ba \u00e9 a dhearth\u00e1ir Ru\u00e1n a ch\u00e9ad luaigh an smaoineamh maidir le Manch\u00e1n ar Seachr\u00e1n le TnaG, \u00e1 \u00e1iteamh aige go mb\u2019\u00e1bhar r\u00edsp\u00e9isi\u00fail teilif\u00edse an saol a bh\u00ed ag Manch\u00e1n sna Himil\u00e9ithe.<br \/>\n&nbsp; <\/p>\n<p>I leabhar &#8216;TG4@25&#8217;, ina ndearnadh ceili\u00faradh ar chothrom 25 bliain \u00f3 buna\u00edodh TG4, scr\u00edobh Manch\u00e1n Magan: <em>&#8220;I M\u00ed Ean\u00e1ir 1996, bh\u00ed m\u00e9 i mo ch\u00f3na\u00ed i sciob\u00f3l b\u00f3 go hard i sl\u00e9ibhte na Himil\u00e9ithe nuair a th\u00e1inig mo dhearth\u00e1ir Ru\u00e1n amach go dt\u00ed an India chugam le ceamara beag digiteach, Sony DV 1-chip aige.  Bh\u00ed mise caillte i saol na samhla\u00edochta ag an am, ar strae im intinn leochailleach, scaipthe. Ach bh\u00ed Ru\u00e1n diongbh\u00e1ilte, agus fonn anois air sraithe teilif\u00edse a sti\u00faradh&#8230;Bh\u00ed arg\u00f3int mh\u00f3r agam le Ru\u00e1n faoi ar cheart d\u00fainn na radharcanna seo a scann\u00e1n\u00fa, n\u00f3 ar shu\u00edomh pr\u00edobh\u00e1ideach \u00e9, ach bh\u00ed s\u00e9 f\u00e9in l\u00e1nchinnte go raibh s\u00e9 de dhualgas orainn na cleachtais seo a roinnt leis an muintir sa bhaile, agus bh\u00ed siad mar ph\u00e1irt l\u00e1rnach den chl\u00e1r teilfi\u00edse a craoladh ar an dara l\u00e1 de shaol TnaG&#8221;<\/em><br \/>\n&nbsp; <\/p>\n<p>Is iontach an saothar at\u00e1 f\u00e1gtha le hoidhreacht ag Manch\u00e1n Magan agus is m\u00f3r a rachaidh an c\u00edoradh domhain d\u00e1 chuid f\u00e9in a rinne s\u00e9 ar theanga, ar chult\u00far agus ar th\u00edr na h\u00c9ireann i gcion ar na gl\u00fanta at\u00e1 le theacht.<br \/>\n&nbsp; <\/p>\n<p>\u00c1ir\u00edtear ar a shaothar do TG4: <\/p>\n<ul>\n<li><strong>Manch\u00e1n ar Seachr\u00e1n (1996)<\/strong><\/li>\n<li><strong>Manch\u00e1n i Meirice\u00e1 Theas (1997)<\/strong><\/li>\n<li><strong>Manch\u00e1n in \u00c9irinn (1998)<\/strong><\/li>\n<li><strong>Manch\u00e1n USA (2000)<\/strong><\/li>\n<li><strong>Manch\u00e1n Um Nollaig (2000)<\/strong><\/li>\n<li><strong>Manchan i dTenerife (2001)<\/strong><\/li>\n<li><strong>Manch\u00e1n sa Mhe\u00e1n Oirthear (2001)<\/strong><\/li>\n<li><strong>Nasc (2002)<\/strong><\/li>\n<li><strong>Manchan sa tS\u00edn (2003)<\/strong><\/li>\n<li><strong>C\u00e9 a Ch\u00f3naigh i mo Theachsa? (2010 &#038; 2012)<\/strong><\/li>\n<li><strong>D\u00e9anta in \u00c9irinn (2012)<\/strong><\/li>\n<li><strong>B\u00e1s Arto Leary (2013)<\/strong><\/li>\n<li><strong>Crainn na h\u00c9ireann (2016)<\/strong><\/li>\n<li><strong>DNA Caillte (2020)<\/strong><\/li>\n<li><strong>An F\u00f3d Deireanach (2022)<\/strong><\/li>\n<li><strong>Ag Triall ar an Tobar (2024)<\/strong><\/li>\n<\/ul>\n<p>&nbsp; <\/p>\n<p>Deirdre N\u00ed Choist\u00edn, Ard-Sti\u00farth\u00f3ir TG4: <em>\u201cBh\u00ed saothar Mhanch\u00e1in ag teacht go huile agus go hioml\u00e1n leis an mana at\u00e1 ag TG4, S\u00fail Eile. Thug s\u00e9 l\u00e9argas faoi leith ar shaol na Gaeilge, ar shaol na h\u00c9ireann agus ar na h\u00e1iteanna eile a thaistil s\u00e9, agus bh\u00ed an-chumas aige sin a chur trasna don lucht f\u00e9achana. Ba mhaith liom, thar ceann TG4, comhbhr\u00f3n a dh\u00e9anamh lena bhean Aisling, le Cr\u00f3ine, a mh\u00e1thair, le Ru\u00e1n, a dhearth\u00e1ir agus leis an gcuid eile d\u00e1 theaghlach.\u201d <\/em><br \/>\n&nbsp; <\/p>\n<p>M\u00e1ire N\u00ed Chonl\u00e1in, Eagarth\u00f3ir Coimisi\u00fanaithe, TG4: <em>\u201cBa sc\u00e9ala\u00ed Manch\u00e1n a raibh l\u00e9argas faoi leith aige f\u00e9in ar an \u00e1bhar agus a dtugadh a chuid cruthaitheachta, d\u00e1na\u00edochta agus fiosrachta lucht f\u00e9achana TG4 leis i gcl\u00e1racha dodhearmadta ina gc\u00edoradh s\u00e9 gn\u00e9ithe den Ghaeilge, den chult\u00far agus den oidhreacht. Bh\u00ed de bhua aige gur fh\u00e9ad s\u00e9 an domhan agus gn\u00e1is an tsaoil sin againn f\u00e9in a l\u00e9iri\u00fa d\u00fainn ar bhealach nua. Mairfidh an chraobh ar an bhf\u00e1l sna s\u00e1rchl\u00e1racha r\u00edbhre\u00e1tha a rinne s\u00e9 ach is m\u00f3r agus is trom a aireoimid uainn \u00e9.\u201d<\/em><br \/>\n&nbsp; <\/p>\n<p>Proinsias N\u00ed Ghr\u00e1inne, Eagarth\u00f3ir Coimisi\u00fanaithe, TG4: <em>\u201cDuine ann f\u00e9in a bh\u00ed i Manch\u00e1n Magan a labhair gan sc\u00e1th n\u00e1 fait\u00edos agus \u00e9 i mbun a chuid craolt\u00f3ireachta. Ba l\u00e9ir i gc\u00f3na\u00ed ar a chuid cl\u00e1racha do TG4 an meas m\u00f3r a bh\u00ed aige ar an nGaeilge agus an cumas n\u00e1d\u00fartha a bh\u00ed ann caidreamh a choth\u00fa le daoine maidir le gn\u00e9ithe den oidhreacht agus den taobh t\u00edre. N\u00edl cur s\u00edos ar an m\u00e9ala a ghabhann lena bh\u00e1s ach t\u00e1 oidhreacht d\u00e1 chuid f\u00e9in f\u00e1gtha ina dhiaidh aige lena shaothar a leanfaidh ina \u00e1bhar spreagtha go ceann blianta fada.&#8221;<\/em><br \/>\n&nbsp; <\/p>\n<p>D\u00e9anann TG4 comhbhr\u00f3n \u00f3 chro\u00ed le hAisling, a bhean, \u00a0agus lena mh\u00e1thair Cr\u00f3ine, leis an gcuid eile den chlann agus le gach duine at\u00e1 \u00e1 chaoineadh.<br \/>\n&nbsp; <\/p>\n<p><center><strong>Suaimhneas s\u00edora\u00ed d\u00e1 anam uasal<\/strong><\/center><br \/>\n&nbsp; <\/p>\n","protected":false},"excerpt":{"rendered":"<p>Is m\u00e9ala m\u00f3r do TG4 Manch\u00e1n Magan, craolt\u00f3ir, scr\u00edbhneoir agus Gael, a bheith imithe ar shl\u00ed na f\u00edrinne. &nbsp; Chaith Manch\u00e1n a shaol go diongbh\u00e1ilte ar son na Gaeilge agus chuir a shaothar go m\u00f3r le cult\u00far agus craolt\u00f3ireacht na h\u00c9ireann mar gheall ar an mbua iontach sc\u00e9ala\u00edochta a bh\u00ed aige. Is fada \u00e9 f\u00e9in [&hellip;]<\/p>\n","protected":false},"author":876,"featured_media":0,"parent":236807,"menu_order":57,"comment_status":"closed","ping_status":"closed","template":"page-templates\/template-pr.php","meta":{"_acf_changed":false,"footnotes":""},"acf":[],"yoast_head":"<!-- This site is optimized with the Yoast SEO plugin v22.6 - https:\/\/yoast.com\/wordpress\/plugins\/seo\/ -->\n<title>R\u00e1iteas \u00f3 TG4 ar Bh\u00e1s Mhanch\u00e1in Magan<\/title>\n<meta name=\"description\" content=\"Is m\u00e9ala m\u00f3r do TG4 Manch\u00e1n Magan, craolt\u00f3ir, scr\u00edbhneoir agus Gael, a bheith imithe ar shl\u00ed na f\u00edrinne.\" \/>\n<meta name=\"robots\" content=\"index, follow, max-snippet:-1, max-image-preview:large, max-video-preview:-1\" \/>\n<meta property=\"og:locale\" content=\"en_US\" \/>\n<meta property=\"og:type\" content=\"article\" \/>\n<meta property=\"og:title\" content=\"R\u00e1iteas \u00f3 TG4 ar Bh\u00e1s Mhanch\u00e1in Magan\" \/>\n<meta property=\"og:description\" content=\"Is m\u00e9ala m\u00f3r do TG4 Manch\u00e1n Magan, craolt\u00f3ir, scr\u00edbhneoir agus Gael, a bheith imithe ar shl\u00ed na f\u00edrinne.\" \/>\n<meta property=\"og:url\" content=\"https:\/\/dev.tg4.ie\/ga\/eolas\/preas\/nuacht-raitis\/2025-2\/raiteas-o-tg4-ar-bhas-mhanchain-magan\/\" \/>\n<meta property=\"og:site_name\" content=\"TG4\" \/>\n<meta property=\"article:publisher\" content=\"https:\/\/www.facebook.com\/TG4TV\" \/>\n<meta property=\"og:image\" content=\"https:\/\/dev.tg4.ie\/wp-content\/uploads\/2025\/10\/manchan_magan_RIP_16x9_700-394.png\" \/>\n<meta name=\"twitter:card\" content=\"summary_large_image\" \/>\n<meta name=\"twitter:site\" content=\"@TG4TV\" \/>\n<meta name=\"twitter:label1\" content=\"Est. reading time\" \/>\n\t<meta name=\"twitter:data1\" content=\"5 minutes\" \/>\n<script type=\"application\/ld+json\" class=\"yoast-schema-graph\">{\"@context\":\"https:\/\/schema.org\",\"@graph\":[{\"@type\":\"WebPage\",\"@id\":\"https:\/\/dev.tg4.ie\/ga\/eolas\/preas\/nuacht-raitis\/2025-2\/raiteas-o-tg4-ar-bhas-mhanchain-magan\/\",\"url\":\"https:\/\/dev.tg4.ie\/ga\/eolas\/preas\/nuacht-raitis\/2025-2\/raiteas-o-tg4-ar-bhas-mhanchain-magan\/\",\"name\":\"R\u00e1iteas \u00f3 TG4 ar Bh\u00e1s Mhanch\u00e1in Magan\",\"isPartOf\":{\"@id\":\"https:\/\/dev.tg4.ie\/en\/#website\"},\"primaryImageOfPage\":{\"@id\":\"https:\/\/dev.tg4.ie\/ga\/eolas\/preas\/nuacht-raitis\/2025-2\/raiteas-o-tg4-ar-bhas-mhanchain-magan\/#primaryimage\"},\"image\":{\"@id\":\"https:\/\/dev.tg4.ie\/ga\/eolas\/preas\/nuacht-raitis\/2025-2\/raiteas-o-tg4-ar-bhas-mhanchain-magan\/#primaryimage\"},\"thumbnailUrl\":\"https:\/\/dev.tg4.ie\/wp-content\/uploads\/2025\/10\/manchan_magan_RIP_16x9_700-394.png\",\"datePublished\":\"2025-10-03T14:18:29+00:00\",\"dateModified\":\"2025-10-03T14:18:29+00:00\",\"description\":\"Is m\u00e9ala m\u00f3r do TG4 Manch\u00e1n Magan, craolt\u00f3ir, scr\u00edbhneoir agus Gael, a bheith imithe ar shl\u00ed na f\u00edrinne.\",\"breadcrumb\":{\"@id\":\"https:\/\/dev.tg4.ie\/ga\/eolas\/preas\/nuacht-raitis\/2025-2\/raiteas-o-tg4-ar-bhas-mhanchain-magan\/#breadcrumb\"},\"inLanguage\":\"ga\",\"potentialAction\":[{\"@type\":\"ReadAction\",\"target\":[\"https:\/\/dev.tg4.ie\/ga\/eolas\/preas\/nuacht-raitis\/2025-2\/raiteas-o-tg4-ar-bhas-mhanchain-magan\/\"]}]},{\"@type\":\"ImageObject\",\"inLanguage\":\"ga\",\"@id\":\"https:\/\/dev.tg4.ie\/ga\/eolas\/preas\/nuacht-raitis\/2025-2\/raiteas-o-tg4-ar-bhas-mhanchain-magan\/#primaryimage\",\"url\":\"https:\/\/dev.tg4.ie\/wp-content\/uploads\/2025\/10\/manchan_magan_RIP_16x9_700-394.png\",\"contentUrl\":\"https:\/\/dev.tg4.ie\/wp-content\/uploads\/2025\/10\/manchan_magan_RIP_16x9_700-394.png\"},{\"@type\":\"BreadcrumbList\",\"@id\":\"https:\/\/dev.tg4.ie\/ga\/eolas\/preas\/nuacht-raitis\/2025-2\/raiteas-o-tg4-ar-bhas-mhanchain-magan\/#breadcrumb\",\"itemListElement\":[{\"@type\":\"ListItem\",\"position\":1,\"name\":\"Home\",\"item\":\"https:\/\/dev.tg4.ie\/ga\/\"},{\"@type\":\"ListItem\",\"position\":2,\"name\":\"Eolas\",\"item\":\"https:\/\/dev.tg4.ie\/ga\/eolas\/\"},{\"@type\":\"ListItem\",\"position\":3,\"name\":\"Preas\",\"item\":\"https:\/\/dev.tg4.ie\/ga\/eolas\/preas\/\"},{\"@type\":\"ListItem\",\"position\":4,\"name\":\"Nuacht R\u00e1itis\",\"item\":\"https:\/\/dev.tg4.ie\/ga\/eolas\/preas\/nuacht-raitis\/\"},{\"@type\":\"ListItem\",\"position\":5,\"name\":\"2025\",\"item\":\"https:\/\/dev.tg4.ie\/ga\/eolas\/preas\/nuacht-raitis\/2025-2\/\"},{\"@type\":\"ListItem\",\"position\":6,\"name\":\"R\u00e1iteas \u00f3 TG4 ar Bh\u00e1s Mhanch\u00e1in Magan\"}]},{\"@type\":\"WebSite\",\"@id\":\"https:\/\/dev.tg4.ie\/en\/#website\",\"url\":\"https:\/\/dev.tg4.ie\/en\/\",\"name\":\"TG4\",\"description\":\"S\u00fail Eile\",\"potentialAction\":[{\"@type\":\"SearchAction\",\"target\":{\"@type\":\"EntryPoint\",\"urlTemplate\":\"https:\/\/dev.tg4.ie\/en\/?s={search_term_string}\"},\"query-input\":\"required name=search_term_string\"}],\"inLanguage\":\"ga\"}]}<\/script>\n<!-- \/ Yoast SEO plugin. -->","yoast_head_json":{"title":"R\u00e1iteas \u00f3 TG4 ar Bh\u00e1s Mhanch\u00e1in Magan","description":"Is m\u00e9ala m\u00f3r do TG4 Manch\u00e1n Magan, craolt\u00f3ir, scr\u00edbhneoir agus Gael, a bheith imithe ar shl\u00ed na f\u00edrinne.","robots":{"index":"index","follow":"follow","max-snippet":"max-snippet:-1","max-image-preview":"max-image-preview:large","max-video-preview":"max-video-preview:-1"},"og_locale":"en_US","og_type":"article","og_title":"R\u00e1iteas \u00f3 TG4 ar Bh\u00e1s Mhanch\u00e1in Magan","og_description":"Is m\u00e9ala m\u00f3r do TG4 Manch\u00e1n Magan, craolt\u00f3ir, scr\u00edbhneoir agus Gael, a bheith imithe ar shl\u00ed na f\u00edrinne.","og_url":"https:\/\/dev.tg4.ie\/ga\/eolas\/preas\/nuacht-raitis\/2025-2\/raiteas-o-tg4-ar-bhas-mhanchain-magan\/","og_site_name":"TG4","article_publisher":"https:\/\/www.facebook.com\/TG4TV","og_image":[{"url":"https:\/\/dev.tg4.ie\/wp-content\/uploads\/2025\/10\/manchan_magan_RIP_16x9_700-394.png"}],"twitter_card":"summary_large_image","twitter_site":"@TG4TV","twitter_misc":{"Est. reading time":"5 minutes"},"schema":{"@context":"https:\/\/schema.org","@graph":[{"@type":"WebPage","@id":"https:\/\/dev.tg4.ie\/ga\/eolas\/preas\/nuacht-raitis\/2025-2\/raiteas-o-tg4-ar-bhas-mhanchain-magan\/","url":"https:\/\/dev.tg4.ie\/ga\/eolas\/preas\/nuacht-raitis\/2025-2\/raiteas-o-tg4-ar-bhas-mhanchain-magan\/","name":"R\u00e1iteas \u00f3 TG4 ar Bh\u00e1s Mhanch\u00e1in Magan","isPartOf":{"@id":"https:\/\/dev.tg4.ie\/en\/#website"},"primaryImageOfPage":{"@id":"https:\/\/dev.tg4.ie\/ga\/eolas\/preas\/nuacht-raitis\/2025-2\/raiteas-o-tg4-ar-bhas-mhanchain-magan\/#primaryimage"},"image":{"@id":"https:\/\/dev.tg4.ie\/ga\/eolas\/preas\/nuacht-raitis\/2025-2\/raiteas-o-tg4-ar-bhas-mhanchain-magan\/#primaryimage"},"thumbnailUrl":"https:\/\/dev.tg4.ie\/wp-content\/uploads\/2025\/10\/manchan_magan_RIP_16x9_700-394.png","datePublished":"2025-10-03T14:18:29+00:00","dateModified":"2025-10-03T14:18:29+00:00","description":"Is m\u00e9ala m\u00f3r do TG4 Manch\u00e1n Magan, craolt\u00f3ir, scr\u00edbhneoir agus Gael, a bheith imithe ar shl\u00ed na f\u00edrinne.","breadcrumb":{"@id":"https:\/\/dev.tg4.ie\/ga\/eolas\/preas\/nuacht-raitis\/2025-2\/raiteas-o-tg4-ar-bhas-mhanchain-magan\/#breadcrumb"},"inLanguage":"ga","potentialAction":[{"@type":"ReadAction","target":["https:\/\/dev.tg4.ie\/ga\/eolas\/preas\/nuacht-raitis\/2025-2\/raiteas-o-tg4-ar-bhas-mhanchain-magan\/"]}]},{"@type":"ImageObject","inLanguage":"ga","@id":"https:\/\/dev.tg4.ie\/ga\/eolas\/preas\/nuacht-raitis\/2025-2\/raiteas-o-tg4-ar-bhas-mhanchain-magan\/#primaryimage","url":"https:\/\/dev.tg4.ie\/wp-content\/uploads\/2025\/10\/manchan_magan_RIP_16x9_700-394.png","contentUrl":"https:\/\/dev.tg4.ie\/wp-content\/uploads\/2025\/10\/manchan_magan_RIP_16x9_700-394.png"},{"@type":"BreadcrumbList","@id":"https:\/\/dev.tg4.ie\/ga\/eolas\/preas\/nuacht-raitis\/2025-2\/raiteas-o-tg4-ar-bhas-mhanchain-magan\/#breadcrumb","itemListElement":[{"@type":"ListItem","position":1,"name":"Home","item":"https:\/\/dev.tg4.ie\/ga\/"},{"@type":"ListItem","position":2,"name":"Eolas","item":"https:\/\/dev.tg4.ie\/ga\/eolas\/"},{"@type":"ListItem","position":3,"name":"Preas","item":"https:\/\/dev.tg4.ie\/ga\/eolas\/preas\/"},{"@type":"ListItem","position":4,"name":"Nuacht R\u00e1itis","item":"https:\/\/dev.tg4.ie\/ga\/eolas\/preas\/nuacht-raitis\/"},{"@type":"ListItem","position":5,"name":"2025","item":"https:\/\/dev.tg4.ie\/ga\/eolas\/preas\/nuacht-raitis\/2025-2\/"},{"@type":"ListItem","position":6,"name":"R\u00e1iteas \u00f3 TG4 ar Bh\u00e1s Mhanch\u00e1in Magan"}]},{"@type":"WebSite","@id":"https:\/\/dev.tg4.ie\/en\/#website","url":"https:\/\/dev.tg4.ie\/en\/","name":"TG4","description":"S\u00fail Eile","potentialAction":[{"@type":"SearchAction","target":{"@type":"EntryPoint","urlTemplate":"https:\/\/dev.tg4.ie\/en\/?s={search_term_string}"},"query-input":"required name=search_term_string"}],"inLanguage":"ga"}]}},"_links":{"self":[{"href":"https:\/\/dev.tg4.ie\/ga\/wp-json\/wp\/v2\/pages\/247585"}],"collection":[{"href":"https:\/\/dev.tg4.ie\/ga\/wp-json\/wp\/v2\/pages"}],"about":[{"href":"https:\/\/dev.tg4.ie\/ga\/wp-json\/wp\/v2\/types\/page"}],"author":[{"embeddable":true,"href":"https:\/\/dev.tg4.ie\/ga\/wp-json\/wp\/v2\/users\/876"}],"replies":[{"embeddable":true,"href":"https:\/\/dev.tg4.ie\/ga\/wp-json\/wp\/v2\/comments?post=247585"}],"version-history":[{"count":0,"href":"https:\/\/dev.tg4.ie\/ga\/wp-json\/wp\/v2\/pages\/247585\/revisions"}],"up":[{"embeddable":true,"href":"https:\/\/dev.tg4.ie\/ga\/wp-json\/wp\/v2\/pages\/236807"}],"wp:attachment":[{"href":"https:\/\/dev.tg4.ie\/ga\/wp-json\/wp\/v2\/media?parent=247585"}],"curies":[{"name":"wp","href":"https:\/\/api.w.org\/{rel}","templated":true}]}}