{"id":247635,"date":"2025-10-07T15:42:32","date_gmt":"2025-10-07T14:42:32","guid":{"rendered":"https:\/\/dev.tg4.ie\/?page_id=247635"},"modified":"2025-10-07T15:42:32","modified_gmt":"2025-10-07T14:42:32","slug":"e5-4m-breise-geallta-ag-an-rialtas-do-tg4-do-2026","status":"publish","type":"page","link":"https:\/\/dev.tg4.ie\/ga\/eolas\/preas\/nuacht-raitis\/2025-2\/e5-4m-breise-geallta-ag-an-rialtas-do-tg4-do-2026\/","title":{"rendered":"\u20ac5.4m Breise Geallta ag an Rialtas do TG4 do 2026"},"content":{"rendered":"<p><img loading=\"lazy\" decoding=\"async\" width=\"1920\" height=\"1307\" src=\"https:\/\/tg4-docs.s3.amazonaws.com\/wp-content\/uploads\/2025\/10\/07150013\/Deirdre_Ni_Choistin_TG4.jpg\" alt=\"\" class=\"aligncenter size-full wp-image-247636\" srcset=\"https:\/\/tg4-docs.s3.amazonaws.com\/wp-content\/uploads\/2025\/10\/07150013\/Deirdre_Ni_Choistin_TG4.jpg 1920w, https:\/\/tg4-docs.s3.amazonaws.com\/wp-content\/uploads\/2025\/10\/07150013\/Deirdre_Ni_Choistin_TG4-250x170.jpg 250w, https:\/\/tg4-docs.s3.amazonaws.com\/wp-content\/uploads\/2025\/10\/07150013\/Deirdre_Ni_Choistin_TG4-700x477.jpg 700w, https:\/\/tg4-docs.s3.amazonaws.com\/wp-content\/uploads\/2025\/10\/07150013\/Deirdre_Ni_Choistin_TG4-207x141.jpg 207w, https:\/\/tg4-docs.s3.amazonaws.com\/wp-content\/uploads\/2025\/10\/07150013\/Deirdre_Ni_Choistin_TG4-1536x1046.jpg 1536w, https:\/\/tg4-docs.s3.amazonaws.com\/wp-content\/uploads\/2025\/10\/07150013\/Deirdre_Ni_Choistin_TG4-120x82.jpg 120w\" sizes=\"(max-width: 1920px) 100vw, 1920px\" \/><br \/>\n<center><sup><em>Deirdre N\u00ed Choist\u00edn, Ard-Sti\u00farth\u00f3ir TG4<\/em><\/sup><\/center><\/p>\n<p>&nbsp;<\/p>\n<p>T\u00e1 f\u00e1ilte curtha ag TG4 roimh fh\u00f3gra an Rialtais sa Bhuis\u00e9ad go mbeidh m\u00e9ad\u00fa m\u00f3r ar bhuis\u00e9ad bliant\u00fail TG4 in 2026.<br \/>\n&nbsp;<br \/>\nT\u00e1 m\u00e9ad\u00fa \u20ac5.4m ceadaithe ag an Roinn Cult\u00fair, Cumars\u00e1ide agus Sp\u00f3irt do TG4 chun \u00e1bhar Gaeilge ar ardchaighde\u00e1n, cl\u00e1ir do ph\u00e1ist\u00ed agus seirbh\u00eds\u00ed nuachta n\u00edos leithne a chinnti\u00fa. Is ionann sin agus m\u00e9ad\u00fa 9% ar mhaoini\u00fa TG4 \u00f3n St\u00e1tchiste don bhliain seo chugainn. Is \u00e9 seo an dara m\u00e9ad\u00fa is m\u00f3 at\u00e1 faighte ag TG4 \u00f3n St\u00e1tchiste le roinnt blianta anuas. Cuireadh maoini\u00fa \u20ac7.3m ar f\u00e1il do TG4 i mBuis\u00e9ad 2023 chun t\u00fas a chur leis an gcain\u00e9al nua do ph\u00e1ist\u00ed C\u00fala4. Beidh deontas ioml\u00e1n \u20ac65.4m ar f\u00e1il do TG4 in 2026<br \/>\n&nbsp;<br \/>\nChuir <strong>Ard-Sti\u00farth\u00f3ir TG4 Deirdre N\u00ed Choist\u00edn<\/strong> f\u00e1ilte roimh an mBuis\u00e9ad inniu ag r\u00e1\u202f<em>\u201cT\u00e1 m\u00e9 an-bhu\u00edoch den Aire O\u2019Donovan agus d\u00e1 fheidhmeannaigh agus den Rialtas nua as an taca\u00edocht fhlaithi\u00fail seo do TG4 in 2026, ach t\u00e1 m\u00e9 bu\u00edoch go h\u00e1irithe don aitheantas at\u00e1 tugtha do sheirbh\u00eds\u00ed nuachta n\u00edos leithne a chur ar f\u00e1il. Thug an tAire cuairt ar Cheann\u00e1ras TG4 sa Samhradh go gairid tar \u00e9is d\u00f3 t\u00fas a chur lena th\u00e9arma. T\u00e1imid faoi chomaoin aige as an am a chaith s\u00e9 ag cur aithne orainn agus as an tsuim a l\u00e9irigh s\u00e9 i dtosa\u00edochta\u00ed strait\u00e9ise TG4, san obair a dh\u00e9antar sa gCeann\u00e1ras i mBaile na hAbhann agus an bonn at\u00e1 \u00e1 chur ag TG4 faoi earn\u00e1il na l\u00e9iri\u00fach\u00e1n neamhsple\u00e1ch.<\/p>\n<p>T\u00e1 TG4 ag dul \u00f3 neart go neart le hinfheist\u00edocht ch\u00e9imithe \u00f3n Rialtas le tamall de bhlianta. Mar thoradh ar an infheist\u00edocht sin, t\u00e1 f\u00e1s lean\u00fanach ar \u00e1r lucht f\u00e9achana, agus go dt\u00ed seo i mbliana, t\u00e1 sciar 2.3% den lucht f\u00e9achana bainte amach ag TG4. T\u00e1imid ag s\u00fail cur leis sin ar\u00eds in 2026 mar aon le cur leis an \u00e1bhar ar ardchaighde\u00e1n a chuirimid ar f\u00e1il d\u00e1r lucht f\u00e9achana ar gach ard\u00e1n.<\/p>\n<p>L\u00e9ir\u00edonn an infheist\u00edocht seo, agus muid nach m\u00f3r tr\u00edocha bliain ar aer, an muin\u00edn at\u00e1 ag an Aire sa luach at\u00e1 le TG4 mar mhe\u00e1n seirbh\u00edse poibl\u00ed na Gaeilge, agus an t\u00e1bhacht at\u00e1 leis an obair a dh\u00e9anaimid don teanga agus do phobal na Gaeilge ar fud an domhain.\u201d<\/em><br \/>\n&nbsp;<br \/>\nN\u00f3ta: T\u00e1 TG4 ag s\u00fail le tuilleadh dinti\u00fair\u00ed n\u00edos d\u00e9ana\u00ed tr\u00e1thn\u00f3na \u00f3n Aire O\u2019Donovan, thart ar a 17:00.<br \/>\n&nbsp; <\/p>\n","protected":false},"excerpt":{"rendered":"<p>Deirdre N\u00ed Choist\u00edn, Ard-Sti\u00farth\u00f3ir TG4 &nbsp; T\u00e1 f\u00e1ilte curtha ag TG4 roimh fh\u00f3gra an Rialtais sa Bhuis\u00e9ad go mbeidh m\u00e9ad\u00fa m\u00f3r ar bhuis\u00e9ad bliant\u00fail TG4 in 2026. &nbsp; T\u00e1 m\u00e9ad\u00fa \u20ac5.4m ceadaithe ag an Roinn Cult\u00fair, Cumars\u00e1ide agus Sp\u00f3irt do TG4 chun \u00e1bhar Gaeilge ar ardchaighde\u00e1n, cl\u00e1ir do ph\u00e1ist\u00ed agus seirbh\u00eds\u00ed nuachta n\u00edos leithne a [&hellip;]<\/p>\n","protected":false},"author":876,"featured_media":0,"parent":236807,"menu_order":58,"comment_status":"closed","ping_status":"closed","template":"page-templates\/template-pr.php","meta":{"_acf_changed":false,"footnotes":""},"acf":[],"yoast_head":"<!-- This site is optimized with the Yoast SEO plugin v22.6 - https:\/\/yoast.com\/wordpress\/plugins\/seo\/ -->\n<title>\u20ac5.4m Breise Geallta ag an Rialtas do TG4 do 2026 | Preasr\u00e1iteas | TG4<\/title>\n<meta name=\"description\" content=\"T\u00e1 f\u00e1ilte curtha ag TG4 roimh fh\u00f3gra an Rialtais sa Bhuis\u00e9ad go mbeidh m\u00e9ad\u00fa m\u00f3r ar bhuis\u00e9ad bliant\u00fail TG4 in 2026.\" \/>\n<meta name=\"robots\" content=\"index, follow, max-snippet:-1, max-image-preview:large, max-video-preview:-1\" \/>\n<meta property=\"og:locale\" content=\"en_US\" \/>\n<meta property=\"og:type\" content=\"article\" \/>\n<meta property=\"og:title\" content=\"\u20ac5.4m Breise Geallta ag an Rialtas do TG4 do 2026 | Preasr\u00e1iteas | TG4\" \/>\n<meta property=\"og:description\" content=\"T\u00e1 f\u00e1ilte curtha ag TG4 roimh fh\u00f3gra an Rialtais sa Bhuis\u00e9ad go mbeidh m\u00e9ad\u00fa m\u00f3r ar bhuis\u00e9ad bliant\u00fail TG4 in 2026.\" \/>\n<meta property=\"og:url\" content=\"https:\/\/dev.tg4.ie\/ga\/eolas\/preas\/nuacht-raitis\/2025-2\/e5-4m-breise-geallta-ag-an-rialtas-do-tg4-do-2026\/\" \/>\n<meta property=\"og:site_name\" content=\"TG4\" \/>\n<meta property=\"article:publisher\" content=\"https:\/\/www.facebook.com\/TG4TV\" \/>\n<meta property=\"og:image\" content=\"https:\/\/dev.tg4.ie\/wp-content\/uploads\/2025\/10\/Deirdre_Ni_Choistin_TG4.jpg\" \/>\n<meta name=\"twitter:card\" content=\"summary_large_image\" \/>\n<meta name=\"twitter:site\" content=\"@TG4TV\" \/>\n<meta name=\"twitter:label1\" content=\"Est. reading time\" \/>\n\t<meta name=\"twitter:data1\" content=\"2 minutes\" \/>\n<script type=\"application\/ld+json\" class=\"yoast-schema-graph\">{\"@context\":\"https:\/\/schema.org\",\"@graph\":[{\"@type\":\"WebPage\",\"@id\":\"https:\/\/dev.tg4.ie\/ga\/eolas\/preas\/nuacht-raitis\/2025-2\/e5-4m-breise-geallta-ag-an-rialtas-do-tg4-do-2026\/\",\"url\":\"https:\/\/dev.tg4.ie\/ga\/eolas\/preas\/nuacht-raitis\/2025-2\/e5-4m-breise-geallta-ag-an-rialtas-do-tg4-do-2026\/\",\"name\":\"\u20ac5.4m Breise Geallta ag an Rialtas do TG4 do 2026 | Preasr\u00e1iteas | TG4\",\"isPartOf\":{\"@id\":\"https:\/\/dev.tg4.ie\/en\/#website\"},\"primaryImageOfPage\":{\"@id\":\"https:\/\/dev.tg4.ie\/ga\/eolas\/preas\/nuacht-raitis\/2025-2\/e5-4m-breise-geallta-ag-an-rialtas-do-tg4-do-2026\/#primaryimage\"},\"image\":{\"@id\":\"https:\/\/dev.tg4.ie\/ga\/eolas\/preas\/nuacht-raitis\/2025-2\/e5-4m-breise-geallta-ag-an-rialtas-do-tg4-do-2026\/#primaryimage\"},\"thumbnailUrl\":\"https:\/\/dev.tg4.ie\/wp-content\/uploads\/2025\/10\/Deirdre_Ni_Choistin_TG4.jpg\",\"datePublished\":\"2025-10-07T14:42:32+00:00\",\"dateModified\":\"2025-10-07T14:42:32+00:00\",\"description\":\"T\u00e1 f\u00e1ilte curtha ag TG4 roimh fh\u00f3gra an Rialtais sa Bhuis\u00e9ad go mbeidh m\u00e9ad\u00fa m\u00f3r ar bhuis\u00e9ad bliant\u00fail TG4 in 2026.\",\"breadcrumb\":{\"@id\":\"https:\/\/dev.tg4.ie\/ga\/eolas\/preas\/nuacht-raitis\/2025-2\/e5-4m-breise-geallta-ag-an-rialtas-do-tg4-do-2026\/#breadcrumb\"},\"inLanguage\":\"ga\",\"potentialAction\":[{\"@type\":\"ReadAction\",\"target\":[\"https:\/\/dev.tg4.ie\/ga\/eolas\/preas\/nuacht-raitis\/2025-2\/e5-4m-breise-geallta-ag-an-rialtas-do-tg4-do-2026\/\"]}]},{\"@type\":\"ImageObject\",\"inLanguage\":\"ga\",\"@id\":\"https:\/\/dev.tg4.ie\/ga\/eolas\/preas\/nuacht-raitis\/2025-2\/e5-4m-breise-geallta-ag-an-rialtas-do-tg4-do-2026\/#primaryimage\",\"url\":\"https:\/\/dev.tg4.ie\/wp-content\/uploads\/2025\/10\/Deirdre_Ni_Choistin_TG4.jpg\",\"contentUrl\":\"https:\/\/dev.tg4.ie\/wp-content\/uploads\/2025\/10\/Deirdre_Ni_Choistin_TG4.jpg\"},{\"@type\":\"BreadcrumbList\",\"@id\":\"https:\/\/dev.tg4.ie\/ga\/eolas\/preas\/nuacht-raitis\/2025-2\/e5-4m-breise-geallta-ag-an-rialtas-do-tg4-do-2026\/#breadcrumb\",\"itemListElement\":[{\"@type\":\"ListItem\",\"position\":1,\"name\":\"Home\",\"item\":\"https:\/\/dev.tg4.ie\/ga\/\"},{\"@type\":\"ListItem\",\"position\":2,\"name\":\"Eolas\",\"item\":\"https:\/\/dev.tg4.ie\/ga\/eolas\/\"},{\"@type\":\"ListItem\",\"position\":3,\"name\":\"Preas\",\"item\":\"https:\/\/dev.tg4.ie\/ga\/eolas\/preas\/\"},{\"@type\":\"ListItem\",\"position\":4,\"name\":\"Nuacht R\u00e1itis\",\"item\":\"https:\/\/dev.tg4.ie\/ga\/eolas\/preas\/nuacht-raitis\/\"},{\"@type\":\"ListItem\",\"position\":5,\"name\":\"2025\",\"item\":\"https:\/\/dev.tg4.ie\/ga\/eolas\/preas\/nuacht-raitis\/2025-2\/\"},{\"@type\":\"ListItem\",\"position\":6,\"name\":\"\u20ac5.4m Breise Geallta ag an Rialtas do TG4 do 2026\"}]},{\"@type\":\"WebSite\",\"@id\":\"https:\/\/dev.tg4.ie\/en\/#website\",\"url\":\"https:\/\/dev.tg4.ie\/en\/\",\"name\":\"TG4\",\"description\":\"S\u00fail Eile\",\"potentialAction\":[{\"@type\":\"SearchAction\",\"target\":{\"@type\":\"EntryPoint\",\"urlTemplate\":\"https:\/\/dev.tg4.ie\/en\/?s={search_term_string}\"},\"query-input\":\"required name=search_term_string\"}],\"inLanguage\":\"ga\"}]}<\/script>\n<!-- \/ Yoast SEO plugin. -->","yoast_head_json":{"title":"\u20ac5.4m Breise Geallta ag an Rialtas do TG4 do 2026 | Preasr\u00e1iteas | TG4","description":"T\u00e1 f\u00e1ilte curtha ag TG4 roimh fh\u00f3gra an Rialtais sa Bhuis\u00e9ad go mbeidh m\u00e9ad\u00fa m\u00f3r ar bhuis\u00e9ad bliant\u00fail TG4 in 2026.","robots":{"index":"index","follow":"follow","max-snippet":"max-snippet:-1","max-image-preview":"max-image-preview:large","max-video-preview":"max-video-preview:-1"},"og_locale":"en_US","og_type":"article","og_title":"\u20ac5.4m Breise Geallta ag an Rialtas do TG4 do 2026 | Preasr\u00e1iteas | TG4","og_description":"T\u00e1 f\u00e1ilte curtha ag TG4 roimh fh\u00f3gra an Rialtais sa Bhuis\u00e9ad go mbeidh m\u00e9ad\u00fa m\u00f3r ar bhuis\u00e9ad bliant\u00fail TG4 in 2026.","og_url":"https:\/\/dev.tg4.ie\/ga\/eolas\/preas\/nuacht-raitis\/2025-2\/e5-4m-breise-geallta-ag-an-rialtas-do-tg4-do-2026\/","og_site_name":"TG4","article_publisher":"https:\/\/www.facebook.com\/TG4TV","og_image":[{"url":"https:\/\/dev.tg4.ie\/wp-content\/uploads\/2025\/10\/Deirdre_Ni_Choistin_TG4.jpg"}],"twitter_card":"summary_large_image","twitter_site":"@TG4TV","twitter_misc":{"Est. reading time":"2 minutes"},"schema":{"@context":"https:\/\/schema.org","@graph":[{"@type":"WebPage","@id":"https:\/\/dev.tg4.ie\/ga\/eolas\/preas\/nuacht-raitis\/2025-2\/e5-4m-breise-geallta-ag-an-rialtas-do-tg4-do-2026\/","url":"https:\/\/dev.tg4.ie\/ga\/eolas\/preas\/nuacht-raitis\/2025-2\/e5-4m-breise-geallta-ag-an-rialtas-do-tg4-do-2026\/","name":"\u20ac5.4m Breise Geallta ag an Rialtas do TG4 do 2026 | Preasr\u00e1iteas | TG4","isPartOf":{"@id":"https:\/\/dev.tg4.ie\/en\/#website"},"primaryImageOfPage":{"@id":"https:\/\/dev.tg4.ie\/ga\/eolas\/preas\/nuacht-raitis\/2025-2\/e5-4m-breise-geallta-ag-an-rialtas-do-tg4-do-2026\/#primaryimage"},"image":{"@id":"https:\/\/dev.tg4.ie\/ga\/eolas\/preas\/nuacht-raitis\/2025-2\/e5-4m-breise-geallta-ag-an-rialtas-do-tg4-do-2026\/#primaryimage"},"thumbnailUrl":"https:\/\/dev.tg4.ie\/wp-content\/uploads\/2025\/10\/Deirdre_Ni_Choistin_TG4.jpg","datePublished":"2025-10-07T14:42:32+00:00","dateModified":"2025-10-07T14:42:32+00:00","description":"T\u00e1 f\u00e1ilte curtha ag TG4 roimh fh\u00f3gra an Rialtais sa Bhuis\u00e9ad go mbeidh m\u00e9ad\u00fa m\u00f3r ar bhuis\u00e9ad bliant\u00fail TG4 in 2026.","breadcrumb":{"@id":"https:\/\/dev.tg4.ie\/ga\/eolas\/preas\/nuacht-raitis\/2025-2\/e5-4m-breise-geallta-ag-an-rialtas-do-tg4-do-2026\/#breadcrumb"},"inLanguage":"ga","potentialAction":[{"@type":"ReadAction","target":["https:\/\/dev.tg4.ie\/ga\/eolas\/preas\/nuacht-raitis\/2025-2\/e5-4m-breise-geallta-ag-an-rialtas-do-tg4-do-2026\/"]}]},{"@type":"ImageObject","inLanguage":"ga","@id":"https:\/\/dev.tg4.ie\/ga\/eolas\/preas\/nuacht-raitis\/2025-2\/e5-4m-breise-geallta-ag-an-rialtas-do-tg4-do-2026\/#primaryimage","url":"https:\/\/dev.tg4.ie\/wp-content\/uploads\/2025\/10\/Deirdre_Ni_Choistin_TG4.jpg","contentUrl":"https:\/\/dev.tg4.ie\/wp-content\/uploads\/2025\/10\/Deirdre_Ni_Choistin_TG4.jpg"},{"@type":"BreadcrumbList","@id":"https:\/\/dev.tg4.ie\/ga\/eolas\/preas\/nuacht-raitis\/2025-2\/e5-4m-breise-geallta-ag-an-rialtas-do-tg4-do-2026\/#breadcrumb","itemListElement":[{"@type":"ListItem","position":1,"name":"Home","item":"https:\/\/dev.tg4.ie\/ga\/"},{"@type":"ListItem","position":2,"name":"Eolas","item":"https:\/\/dev.tg4.ie\/ga\/eolas\/"},{"@type":"ListItem","position":3,"name":"Preas","item":"https:\/\/dev.tg4.ie\/ga\/eolas\/preas\/"},{"@type":"ListItem","position":4,"name":"Nuacht R\u00e1itis","item":"https:\/\/dev.tg4.ie\/ga\/eolas\/preas\/nuacht-raitis\/"},{"@type":"ListItem","position":5,"name":"2025","item":"https:\/\/dev.tg4.ie\/ga\/eolas\/preas\/nuacht-raitis\/2025-2\/"},{"@type":"ListItem","position":6,"name":"\u20ac5.4m Breise Geallta ag an Rialtas do TG4 do 2026"}]},{"@type":"WebSite","@id":"https:\/\/dev.tg4.ie\/en\/#website","url":"https:\/\/dev.tg4.ie\/en\/","name":"TG4","description":"S\u00fail Eile","potentialAction":[{"@type":"SearchAction","target":{"@type":"EntryPoint","urlTemplate":"https:\/\/dev.tg4.ie\/en\/?s={search_term_string}"},"query-input":"required name=search_term_string"}],"inLanguage":"ga"}]}},"_links":{"self":[{"href":"https:\/\/dev.tg4.ie\/ga\/wp-json\/wp\/v2\/pages\/247635"}],"collection":[{"href":"https:\/\/dev.tg4.ie\/ga\/wp-json\/wp\/v2\/pages"}],"about":[{"href":"https:\/\/dev.tg4.ie\/ga\/wp-json\/wp\/v2\/types\/page"}],"author":[{"embeddable":true,"href":"https:\/\/dev.tg4.ie\/ga\/wp-json\/wp\/v2\/users\/876"}],"replies":[{"embeddable":true,"href":"https:\/\/dev.tg4.ie\/ga\/wp-json\/wp\/v2\/comments?post=247635"}],"version-history":[{"count":0,"href":"https:\/\/dev.tg4.ie\/ga\/wp-json\/wp\/v2\/pages\/247635\/revisions"}],"up":[{"embeddable":true,"href":"https:\/\/dev.tg4.ie\/ga\/wp-json\/wp\/v2\/pages\/236807"}],"wp:attachment":[{"href":"https:\/\/dev.tg4.ie\/ga\/wp-json\/wp\/v2\/media?parent=247635"}],"curies":[{"name":"wp","href":"https:\/\/api.w.org\/{rel}","templated":true}]}}