{"id":247722,"date":"2025-10-16T18:02:55","date_gmt":"2025-10-16T17:02:55","guid":{"rendered":"https:\/\/dev.tg4.ie\/?page_id=247722"},"modified":"2025-10-16T18:30:47","modified_gmt":"2025-10-16T17:30:47","slug":"boscrai-iontacha-de-dhramai-nua-o-gach-cearn-den-domhan-curtha-le-seinnteoir-tg4","status":"publish","type":"page","link":"https:\/\/dev.tg4.ie\/ga\/eolas\/preas\/nuacht-raitis\/2025-2\/boscrai-iontacha-de-dhramai-nua-o-gach-cearn-den-domhan-curtha-le-seinnteoir-tg4\/","title":{"rendered":"Boscra\u00ed Iontacha de Dhr\u00e1ma\u00ed nua \u00f3 Gach Cearn den Domhan curtha le Seinnteoir TG4"},"content":{"rendered":"<p>T\u00e1 <em>&#8216;Dark City:The Cleaner&#8217;<\/em> \u00f3n Nua-Sh\u00e9alainn ar cheann de na pr\u00edomhbhoscra\u00ed dr\u00e1ma\u00edochta idirn\u00e1isi\u00fanta is d\u00e9ana\u00ed at\u00e1 mar chuid de sceideal TG4, agus t\u00e1 s\u00e9 ar f\u00e1il anois le sruth\u00fa ar <strong>Sheinnteoir TG4 (TG4.ie)<\/strong>. Curtha leis an Seinnteoir freisin t\u00e1 <em>&#8216;Deep Fake&#8217;<\/em> \u00f3 Cheanada, <em>&#8216;The Hunt&#8217;<\/em> \u00f3n \u00cdsilt\u00edr, agus na dr\u00e1ma\u00ed Sualannacha <em>&#8216;A Life&#8217;s Worth&#8217;<\/em> agus <em>&#8216;Vanguard&#8217;<\/em>. Tugann na sraitheanna cumhachtacha agus spreag\u00fala seo, at\u00e1 ina l\u00f3in machnaimh, sc\u00e9ala\u00edocht idirn\u00e1isi\u00fanta a fuair ardmholadh agus at\u00e1 \u00e1bhartha p\u00e9 \u00e1it a bhfuil t\u00fa, chuig lucht f\u00e9achana na h\u00c9ireann.<br \/>\n&nbsp;<\/p>\n<h2><center><strong>Dr\u00e1ma\u00edocht &#8211; Nua-Sh\u00e9alainn<\/strong><\/center><\/h2>\n<p><strong>Dark City: The Cleaner<\/strong><\/p>\n<p>I rith an lae, is glant\u00f3ir \u00e9 Joe i st\u00e1isi\u00fan na bp\u00f3il\u00edn\u00ed, \u00e1it nach dtugann duine ar bith aird air. Ach san o\u00edche is ceird eile ar fad at\u00e1 aige &#8211; mar gurb eisean an d\u00fanmharf\u00f3ir srathach a bhfuiltear ag tabhairt an Christchurch Carver air. Nuair a dh\u00fanmhara\u00edtear bean eile ar\u00eds ina teach f\u00e9in, t\u00e1 na p\u00f3il\u00edn\u00ed amhrasach faoin Carver &#8211; ach t\u00e1 a fhios ag Joe nach \u00e9 a mharaigh \u00ed. Cuireann s\u00e9 roimhe an d\u00fanmharf\u00f3ir at\u00e1 ag aithris air a aimsi\u00fa. Ach de r\u00e9ir mar a th\u00e9ann s\u00e9 ar aghaidh lena chuid cuardaigh faigheann s\u00e9 amach go bhfuil duine sa t\u00f3ir air f\u00e9in &#8211; namhaid at\u00e1 n\u00edos cliste agus n\u00edos cont\u00fairt\u00ed n\u00e1 \u00e9 f\u00e9in.<br \/>\n&nbsp;<br \/>\nGach D\u00e9 C\u00e9adaoin ar TG4 n\u00f3 is f\u00e9idir an tsraith ioml\u00e1n a fh\u00e1il ar Sheinnteoir TG4.<br \/>\n<a href=\"https:\/\/nasc.tg4.tv\/DarkCity-TheCleaner\">Dark City -The Cleaner<\/a><br \/>\n(Sraith 1, 6 chl\u00e1r, 2024)<br \/>\n<center><img loading=\"lazy\" decoding=\"async\" width=\"480\" height=\"270\" src=\"https:\/\/tg4-docs.s3.amazonaws.com\/wp-content\/uploads\/2025\/10\/16171851\/DarkCity_-_The_Cleaner_480_270.png\" alt=\"Dark City: The Cleaner\" class=\"alignnone size-full wp-image-247724\" srcset=\"https:\/\/tg4-docs.s3.amazonaws.com\/wp-content\/uploads\/2025\/10\/16171851\/DarkCity_-_The_Cleaner_480_270.png 480w, https:\/\/tg4-docs.s3.amazonaws.com\/wp-content\/uploads\/2025\/10\/16171851\/DarkCity_-_The_Cleaner_480_270-250x141.png 250w, https:\/\/tg4-docs.s3.amazonaws.com\/wp-content\/uploads\/2025\/10\/16171851\/DarkCity_-_The_Cleaner_480_270-252x141.png 252w, https:\/\/tg4-docs.s3.amazonaws.com\/wp-content\/uploads\/2025\/10\/16171851\/DarkCity_-_The_Cleaner_480_270-120x68.png 120w\" sizes=\"(max-width: 480px) 100vw, 480px\" \/><\/center><br \/>\n&nbsp; <\/p>\n<h2><center><strong>Dr\u00e1ma\u00edocht &#8211; Ceanada<\/strong><\/center><\/h2>\n<p><strong>Deep Fake<\/strong><\/p>\n<p>Le f\u00edse\u00e1in bhr\u00e9ige r\u00e9ala\u00edocha \u00e1 ngini\u00faint anois ag AI, c\u00e9n chaoi ar f\u00e9idir linn an fh\u00edrinne a dheighilt \u00f3n mbr\u00e9ag, an r\u00e9altacht \u00f3n seachmall? D\u00e9anann Deep Fake ini\u00fachadh ar fheinim\u00e9an do-bhraite an domhainbhrionnaithe at\u00e1 anois ina th\u00fas. Tugann an tsraith sc\u00e9ins\u00e9ir seo aghaidh ar cheist r\u00edth\u00e1bhachtach: nuair nach f\u00e9idir leat do sh\u00faile n\u00e1 do chluasa a chreidi\u00faint, c\u00e9n duine &#8211; n\u00f3 c\u00e9n rud &#8211; a bhf\u00e9adfaidh t\u00fa?<br \/>\n<a href=\"https:\/\/nasc.tg4.tv\/Deep-Fake\">Deep Fake<\/a><br \/>\n(Sraith 1, 6 chl\u00e1r, 2025)<br \/>\n<center><img loading=\"lazy\" decoding=\"async\" width=\"480\" height=\"270\" src=\"https:\/\/tg4-docs.s3.amazonaws.com\/wp-content\/uploads\/2025\/10\/16172457\/DeepFake_480h_270.png\" alt=\"Deep Fake\" class=\"alignnone size-full wp-image-247725\" srcset=\"https:\/\/tg4-docs.s3.amazonaws.com\/wp-content\/uploads\/2025\/10\/16172457\/DeepFake_480h_270.png 480w, https:\/\/tg4-docs.s3.amazonaws.com\/wp-content\/uploads\/2025\/10\/16172457\/DeepFake_480h_270-250x141.png 250w, https:\/\/tg4-docs.s3.amazonaws.com\/wp-content\/uploads\/2025\/10\/16172457\/DeepFake_480h_270-252x141.png 252w, https:\/\/tg4-docs.s3.amazonaws.com\/wp-content\/uploads\/2025\/10\/16172457\/DeepFake_480h_270-120x68.png 120w\" sizes=\"(max-width: 480px) 100vw, 480px\" \/><\/center><br \/>\n&nbsp;<\/p>\n<h2><center><strong>Dr\u00e1ma\u00edocht &#8211; An Bhoisnia<\/strong><\/center><\/h2>\n<p><strong>A Life&#8217;s Worth<\/strong><\/p>\n<p>Sraith an-chumhachtach i s\u00e9 chl\u00e1r is ea A Life&#8217;s Worth at\u00e1 bunaithe ar sc\u00e9al f\u00edor faoi ch\u00e9ad chathl\u00e1n Sualannach na N\u00e1isi\u00fan Aontaithe a cuireadh go dt\u00ed an Bhoisnia in 1993. Cuirtear ceathrar saighdi\u00fair\u00ed \u00f3ga, Forss, Babic, Strand, agus Kilpinen, ar a gc\u00e9ad mhisean thar lear i gceartl\u00e1r choimhlint fhuilteach na mBalc\u00e1n. Is \u00e9ard a thagann ina dhiaidh sin n\u00e1 fiosr\u00fach\u00e1n c\u00e1inteach maidir le br\u00faidi\u00falacht an duine, aincheisteanna mor\u00e1lta nach f\u00e9idir a r\u00e9iteach, agus an dl\u00fathchairdeas, an gr\u00e1 agus an d\u00edlseacht a chrutha\u00edtear le linn cogaidh.<br \/>\n<a href=\"https:\/\/nasc.tg4.tv\/A-Lifes-Worth\">A Lifes Worth<\/a><br \/>\n(Sraith 1, 6 chl\u00e1r, 2025)<br \/>\n<center><img loading=\"lazy\" decoding=\"async\" width=\"480\" height=\"270\" src=\"https:\/\/tg4-docs.s3.amazonaws.com\/wp-content\/uploads\/2025\/10\/16172902\/ALifesWorth_480h_270.png\" alt=\"A Life&#039;s Worth\" class=\"alignnone size-full wp-image-247726\" srcset=\"https:\/\/tg4-docs.s3.amazonaws.com\/wp-content\/uploads\/2025\/10\/16172902\/ALifesWorth_480h_270.png 480w, https:\/\/tg4-docs.s3.amazonaws.com\/wp-content\/uploads\/2025\/10\/16172902\/ALifesWorth_480h_270-250x141.png 250w, https:\/\/tg4-docs.s3.amazonaws.com\/wp-content\/uploads\/2025\/10\/16172902\/ALifesWorth_480h_270-252x141.png 252w, https:\/\/tg4-docs.s3.amazonaws.com\/wp-content\/uploads\/2025\/10\/16172902\/ALifesWorth_480h_270-120x68.png 120w\" sizes=\"(max-width: 480px) 100vw, 480px\" \/><\/center><br \/>\n&nbsp; <\/p>\n<h2><center><strong>Dr\u00e1ma\u00edocht &#8211; An tSualainn<\/strong><\/center><\/h2>\n<p><strong>Vanguard<\/strong><\/p>\n<p>Sc\u00e9al \u00e9 Vanguard faoi bhoc m\u00f3r neamhghn\u00e1ch de chuid na me\u00e1n at\u00e1 ina cheannr\u00f3da\u00ed mar a bhaineann le leasuithe teicneola\u00edochta, ach at\u00e1 i ngalar na gc\u00e1s nuair at\u00e1 an paisean agus an dualgas ag teacht salach ar a ch\u00e9ile. Sc\u00e9al faoi fhiontra\u00edocht gan fait\u00edos, faoin mian an domhan a athr\u00fa &#8211; agus faoi ioma\u00edocht idir sibl\u00edn\u00ed i dteaghlach cumhachtach n\u00e1r th\u00e1inig chuige f\u00e9in riamh \u00f3na n-achrann.<br \/>\n<a href=\"https:\/\/nasc.tg4.tv\/Vanguard\">Vanguard<\/a><br \/>\n(Sraith 1, 5 chl\u00e1r, 2025)<br \/>\n<center><img loading=\"lazy\" decoding=\"async\" width=\"480\" height=\"270\" src=\"https:\/\/tg4-docs.s3.amazonaws.com\/wp-content\/uploads\/2025\/10\/16173207\/Vanguard_480h_270.jpg\" alt=\"Vanguard\" class=\"alignnone size-full wp-image-247727\" srcset=\"https:\/\/tg4-docs.s3.amazonaws.com\/wp-content\/uploads\/2025\/10\/16173207\/Vanguard_480h_270.jpg 480w, https:\/\/tg4-docs.s3.amazonaws.com\/wp-content\/uploads\/2025\/10\/16173207\/Vanguard_480h_270-250x141.jpg 250w, https:\/\/tg4-docs.s3.amazonaws.com\/wp-content\/uploads\/2025\/10\/16173207\/Vanguard_480h_270-252x141.jpg 252w, https:\/\/tg4-docs.s3.amazonaws.com\/wp-content\/uploads\/2025\/10\/16173207\/Vanguard_480h_270-120x68.jpg 120w\" sizes=\"(max-width: 480px) 100vw, 480px\" \/><\/center><br \/>\n&nbsp;<\/p>\n<h2><center><strong>Dr\u00e1ma\u00edocht &#8211; An \u00cdsilt\u00edr<\/strong><\/center><\/h2>\n<p><strong>The Hunt<\/strong><\/p>\n<p>In 1999, th\u00e1ngthas ar chorp chail\u00edn 16 bliana d&#8217;aois in aice le hionad d\u2019iarrth\u00f3ir\u00ed tearmainn san \u00cdsilt\u00edr. Agus \u00e9 bunaithe ar choirsc\u00e9al f\u00edrinneach, a bh\u00ed go m\u00f3r sa nuacht ar feadh breis agus deich mbliana, d\u00e9anann The Hunt ini\u00fachadh ar an imscr\u00fad\u00fa fada ar l\u00e9ir\u00edodh frustrachas ina thaobh. Tugann an tsraith l\u00e9argas ar an tseineaf\u00f3ibe, an cin\u00edochas agus na teoiric\u00ed comhcheilge a chuaigh i gcion ar bhaile beag Ollannach fad a bh\u00ed siad ag feachtasa\u00edocht ar son an chirt.<br \/>\n<a href=\"https:\/\/nasc.tg4.tv\/The-Hunt\">The Hunt<\/a><br \/>\n(Sraith 1, 6 Chl\u00e1r, 2024)<br \/>\n<center><img loading=\"lazy\" decoding=\"async\" width=\"480\" height=\"270\" src=\"https:\/\/tg4-docs.s3.amazonaws.com\/wp-content\/uploads\/2025\/10\/16173512\/TheHunt_480h_270.png\" alt=\"The Hunt\" class=\"alignnone size-full wp-image-247728\" srcset=\"https:\/\/tg4-docs.s3.amazonaws.com\/wp-content\/uploads\/2025\/10\/16173512\/TheHunt_480h_270.png 480w, https:\/\/tg4-docs.s3.amazonaws.com\/wp-content\/uploads\/2025\/10\/16173512\/TheHunt_480h_270-250x141.png 250w, https:\/\/tg4-docs.s3.amazonaws.com\/wp-content\/uploads\/2025\/10\/16173512\/TheHunt_480h_270-252x141.png 252w, https:\/\/tg4-docs.s3.amazonaws.com\/wp-content\/uploads\/2025\/10\/16173512\/TheHunt_480h_270-120x68.png 120w\" sizes=\"(max-width: 480px) 100vw, 480px\" \/><\/center><br \/>\n&nbsp; <\/p>\n<h2><center><strong>Ros na R\u00fan Ar F\u00e1il Go Digiteach<\/strong><\/center><\/h2>\n<table>\n<tr>\n<td><img loading=\"lazy\" decoding=\"async\" width=\"1280\" height=\"720\" src=\"https:\/\/tg4-docs.s3.amazonaws.com\/wp-content\/uploads\/2025\/10\/16175123\/Ros_na_Run_1_1280_720.jpg\" alt=\"Ros na R\u00fan\" class=\"alignnone size-full wp-image-247730\" srcset=\"https:\/\/tg4-docs.s3.amazonaws.com\/wp-content\/uploads\/2025\/10\/16175123\/Ros_na_Run_1_1280_720.jpg 1280w, https:\/\/tg4-docs.s3.amazonaws.com\/wp-content\/uploads\/2025\/10\/16175123\/Ros_na_Run_1_1280_720-250x141.jpg 250w, https:\/\/tg4-docs.s3.amazonaws.com\/wp-content\/uploads\/2025\/10\/16175123\/Ros_na_Run_1_1280_720-700x394.jpg 700w, https:\/\/tg4-docs.s3.amazonaws.com\/wp-content\/uploads\/2025\/10\/16175123\/Ros_na_Run_1_1280_720-252x141.jpg 252w, https:\/\/tg4-docs.s3.amazonaws.com\/wp-content\/uploads\/2025\/10\/16175123\/Ros_na_Run_1_1280_720-120x68.jpg 120w\" sizes=\"(max-width: 1280px) 100vw, 1280px\" \/><\/td>\n<td><img loading=\"lazy\" decoding=\"async\" width=\"1280\" height=\"720\" src=\"https:\/\/tg4-docs.s3.amazonaws.com\/wp-content\/uploads\/2025\/10\/16175238\/Ros_na_Run_2_1280_720.jpg\" alt=\"Ros na R\u00fan\" class=\"alignnone size-full wp-image-247731\" srcset=\"https:\/\/tg4-docs.s3.amazonaws.com\/wp-content\/uploads\/2025\/10\/16175238\/Ros_na_Run_2_1280_720.jpg 1280w, https:\/\/tg4-docs.s3.amazonaws.com\/wp-content\/uploads\/2025\/10\/16175238\/Ros_na_Run_2_1280_720-250x141.jpg 250w, https:\/\/tg4-docs.s3.amazonaws.com\/wp-content\/uploads\/2025\/10\/16175238\/Ros_na_Run_2_1280_720-700x394.jpg 700w, https:\/\/tg4-docs.s3.amazonaws.com\/wp-content\/uploads\/2025\/10\/16175238\/Ros_na_Run_2_1280_720-252x141.jpg 252w, https:\/\/tg4-docs.s3.amazonaws.com\/wp-content\/uploads\/2025\/10\/16175238\/Ros_na_Run_2_1280_720-120x68.jpg 120w\" sizes=\"(max-width: 1280px) 100vw, 1280px\" \/><\/td>\n<td><img loading=\"lazy\" decoding=\"async\" width=\"1280\" height=\"720\" src=\"https:\/\/tg4-docs.s3.amazonaws.com\/wp-content\/uploads\/2025\/10\/16175322\/Ros_na_Run_3_1280_720.jpg\" alt=\"Ros na R\u00fan\" class=\"alignnone size-full wp-image-247732\" srcset=\"https:\/\/tg4-docs.s3.amazonaws.com\/wp-content\/uploads\/2025\/10\/16175322\/Ros_na_Run_3_1280_720.jpg 1280w, https:\/\/tg4-docs.s3.amazonaws.com\/wp-content\/uploads\/2025\/10\/16175322\/Ros_na_Run_3_1280_720-250x141.jpg 250w, https:\/\/tg4-docs.s3.amazonaws.com\/wp-content\/uploads\/2025\/10\/16175322\/Ros_na_Run_3_1280_720-700x394.jpg 700w, https:\/\/tg4-docs.s3.amazonaws.com\/wp-content\/uploads\/2025\/10\/16175322\/Ros_na_Run_3_1280_720-252x141.jpg 252w, https:\/\/tg4-docs.s3.amazonaws.com\/wp-content\/uploads\/2025\/10\/16175322\/Ros_na_Run_3_1280_720-120x68.jpg 120w\" sizes=\"(max-width: 1280px) 100vw, 1280px\" \/><\/td>\n<\/tr>\n<\/table>\n<p><strong>Ros na R\u00fan ag ceili\u00faradh 30 S\u00e9as\u00far ar an aer agus, den ch\u00e9ad uair riamh, beidh na cl\u00e1ir le f\u00e1il ar Sheinnteoir TG4 sula gcraolfar ar an teilif\u00eds iad<\/strong><br \/>\n&nbsp;<br \/>\nBlais\u00edn de Ros na R\u00fan: <a href=\"https:\/\/youtu.be\/sjGhQvWWrHw\">Blais\u00edn Ros na R\u00fan<\/a><br \/>\n\u00cdomh\u00e1nna Ardtaifigh: <a href=\"https:\/\/flic.kr\/s\/aHBqjCtS3M\">Flickr Ros na R\u00fan<\/a><br \/>\nBeidh teacht ar Ros na R\u00fan <strong>gach Luain agus C\u00e9adaoin ar Sheinnteoir TG4<\/strong><br \/>\n<a href=\"https:\/\/nasc.tg4.tv\/Ros_na_R\u00fan\">Ros na R\u00fan<\/a><\/p>\n<p>T\u00e1 r\u00edm\u00e9ad ar <strong>TG4<\/strong> a fh\u00f3gairt go bhfuil gach cl\u00e1r nua den 30\u00fa s\u00e9as\u00far de Ros na R\u00fan ar f\u00e1il le sruth\u00fa ar <strong>Sheinnteoir TG4 (TG4.ie)<\/strong> gach Luan agus C\u00e9adaoin, rud a fh\u00e1gann go mbeidh deis ag an lucht f\u00e9achana breathn\u00fa air l\u00e1 sula gcraolfar ar TG4 \u00e9 ag 20:30. Is c\u00e9im iontach chun cinn \u00e9 an cur chuige seo a bhaineann leis an leagan digiteach a bheith ar f\u00e1il i dtosach chun lucht f\u00e9achana Ros na R\u00fan, at\u00e1 l\u00e1idir cheana f\u00e9in ar fud an domhain, a leathn\u00fa agus a threisi\u00fa.<br \/>\n&nbsp; <\/p>\n<p>Is cuid de strait\u00e9is lean\u00fanach <strong>TG4<\/strong> \u00e9 seo chun \u00e1bhar at\u00e1 neodrach \u00f3 thaobh ard\u00e1in a chur ar f\u00e1il agus a chinnti\u00fa gur f\u00e9idir leis an lucht f\u00e9achana na cl\u00e1ir is fearr leo a fh\u00e1il ar \u00e9ileamh, am ar bith a dtogr\u00f3idh siad, \u00e1it ar bith a dtogr\u00f3idh siad. T\u00e1 lucht f\u00e9achana d\u00edlis agus rialta ag Ros na R\u00fan ar <strong>Sheinnteoir TG4<\/strong>, agus de r\u00e9ir mar at\u00e1 athr\u00fa ag teacht ar na beala\u00ed a mb\u00edonn daoine ag f\u00e9achaint ar \u00e1bhar, t\u00e1 <strong>TG4<\/strong> tiomanta do fhreastal ar riachtanais an chuid sin den lucht f\u00e9achana a shocra\u00edonn breathn\u00fa ar \u00e1bhar ag am a oireann d\u00f3ibh f\u00e9in b\u00edodh sin ar l\u00edne, ar an bhf\u00f3n, n\u00f3 ar theilif\u00eds chliste. Agus \u00e9 a l\u00e9iri\u00fa ag L\u00e9iri\u00fach\u00e1n RnR, t\u00e1 Ros na R\u00fan ina bhunchloch mar a bhaineann le craolt\u00f3ireacht na Gaeilge le tr\u00edocha bliain anuas, ag mealladh an lucht f\u00e9achana le sc\u00e9alta l\u00e1idre, t\u00e9ama\u00ed comhaimseartha, agus f\u00edorl\u00e9iri\u00fa ar an saol i bpobal nua-aimseartha Gaeltachta.<\/p>\n","protected":false},"excerpt":{"rendered":"<p>T\u00e1 &#8216;Dark City:The Cleaner&#8217; \u00f3n Nua-Sh\u00e9alainn ar cheann de na pr\u00edomhbhoscra\u00ed dr\u00e1ma\u00edochta idirn\u00e1isi\u00fanta is d\u00e9ana\u00ed at\u00e1 mar chuid de sceideal TG4, agus t\u00e1 s\u00e9 ar f\u00e1il anois le sruth\u00fa ar Sheinnteoir TG4 (TG4.ie). Curtha leis an Seinnteoir freisin t\u00e1 &#8216;Deep Fake&#8217; \u00f3 Cheanada, &#8216;The Hunt&#8217; \u00f3n \u00cdsilt\u00edr, agus na dr\u00e1ma\u00ed Sualannacha &#8216;A Life&#8217;s Worth&#8217; agus [&hellip;]<\/p>\n","protected":false},"author":876,"featured_media":0,"parent":236807,"menu_order":59,"comment_status":"closed","ping_status":"closed","template":"page-templates\/template-pr.php","meta":{"_acf_changed":false,"footnotes":""},"acf":[],"yoast_head":"<!-- This site is optimized with the Yoast SEO plugin v22.6 - https:\/\/yoast.com\/wordpress\/plugins\/seo\/ -->\n<title>Boscra\u00ed Iontacha de Dhr\u00e1ma\u00ed nua \u00f3 Gach Cearn den Domhan curtha le Seinnteoir TG4 | Preasr\u00e1iteas | TG4<\/title>\n<meta name=\"description\" content=\"Boscra\u00ed Iontacha de Dhr\u00e1ma\u00ed nua \u00f3 Gach Cearn den Domhan curtha le Seinnteoir TG4\" \/>\n<meta name=\"robots\" content=\"index, follow, max-snippet:-1, max-image-preview:large, max-video-preview:-1\" \/>\n<meta property=\"og:locale\" content=\"en_US\" \/>\n<meta property=\"og:type\" content=\"article\" \/>\n<meta property=\"og:title\" content=\"Boscra\u00ed Iontacha de Dhr\u00e1ma\u00ed nua \u00f3 Gach Cearn den Domhan curtha le Seinnteoir TG4 | Preasr\u00e1iteas | TG4\" \/>\n<meta property=\"og:description\" content=\"Boscra\u00ed Iontacha de Dhr\u00e1ma\u00ed nua \u00f3 Gach Cearn den Domhan curtha le Seinnteoir TG4\" \/>\n<meta property=\"og:url\" content=\"https:\/\/dev.tg4.ie\/ga\/eolas\/preas\/nuacht-raitis\/2025-2\/boscrai-iontacha-de-dhramai-nua-o-gach-cearn-den-domhan-curtha-le-seinnteoir-tg4\/\" \/>\n<meta property=\"og:site_name\" content=\"TG4\" \/>\n<meta property=\"article:publisher\" content=\"https:\/\/www.facebook.com\/TG4TV\" \/>\n<meta property=\"article:modified_time\" content=\"2025-10-16T17:30:47+00:00\" \/>\n<meta property=\"og:image\" content=\"https:\/\/dev.tg4.ie\/wp-content\/uploads\/2025\/10\/DarkCity_-_The_Cleaner_480_270.png\" \/>\n<meta name=\"twitter:card\" content=\"summary_large_image\" \/>\n<meta name=\"twitter:site\" content=\"@TG4TV\" \/>\n<meta name=\"twitter:label1\" content=\"Est. reading time\" \/>\n\t<meta name=\"twitter:data1\" content=\"7 minutes\" \/>\n<script type=\"application\/ld+json\" class=\"yoast-schema-graph\">{\"@context\":\"https:\/\/schema.org\",\"@graph\":[{\"@type\":\"WebPage\",\"@id\":\"https:\/\/dev.tg4.ie\/ga\/eolas\/preas\/nuacht-raitis\/2025-2\/boscrai-iontacha-de-dhramai-nua-o-gach-cearn-den-domhan-curtha-le-seinnteoir-tg4\/\",\"url\":\"https:\/\/dev.tg4.ie\/ga\/eolas\/preas\/nuacht-raitis\/2025-2\/boscrai-iontacha-de-dhramai-nua-o-gach-cearn-den-domhan-curtha-le-seinnteoir-tg4\/\",\"name\":\"Boscra\u00ed Iontacha de Dhr\u00e1ma\u00ed nua \u00f3 Gach Cearn den Domhan curtha le Seinnteoir TG4 | Preasr\u00e1iteas | TG4\",\"isPartOf\":{\"@id\":\"https:\/\/dev.tg4.ie\/en\/#website\"},\"primaryImageOfPage\":{\"@id\":\"https:\/\/dev.tg4.ie\/ga\/eolas\/preas\/nuacht-raitis\/2025-2\/boscrai-iontacha-de-dhramai-nua-o-gach-cearn-den-domhan-curtha-le-seinnteoir-tg4\/#primaryimage\"},\"image\":{\"@id\":\"https:\/\/dev.tg4.ie\/ga\/eolas\/preas\/nuacht-raitis\/2025-2\/boscrai-iontacha-de-dhramai-nua-o-gach-cearn-den-domhan-curtha-le-seinnteoir-tg4\/#primaryimage\"},\"thumbnailUrl\":\"https:\/\/dev.tg4.ie\/wp-content\/uploads\/2025\/10\/DarkCity_-_The_Cleaner_480_270.png\",\"datePublished\":\"2025-10-16T17:02:55+00:00\",\"dateModified\":\"2025-10-16T17:30:47+00:00\",\"description\":\"Boscra\u00ed Iontacha de Dhr\u00e1ma\u00ed nua \u00f3 Gach Cearn den Domhan curtha le Seinnteoir TG4\",\"breadcrumb\":{\"@id\":\"https:\/\/dev.tg4.ie\/ga\/eolas\/preas\/nuacht-raitis\/2025-2\/boscrai-iontacha-de-dhramai-nua-o-gach-cearn-den-domhan-curtha-le-seinnteoir-tg4\/#breadcrumb\"},\"inLanguage\":\"ga\",\"potentialAction\":[{\"@type\":\"ReadAction\",\"target\":[\"https:\/\/dev.tg4.ie\/ga\/eolas\/preas\/nuacht-raitis\/2025-2\/boscrai-iontacha-de-dhramai-nua-o-gach-cearn-den-domhan-curtha-le-seinnteoir-tg4\/\"]}]},{\"@type\":\"ImageObject\",\"inLanguage\":\"ga\",\"@id\":\"https:\/\/dev.tg4.ie\/ga\/eolas\/preas\/nuacht-raitis\/2025-2\/boscrai-iontacha-de-dhramai-nua-o-gach-cearn-den-domhan-curtha-le-seinnteoir-tg4\/#primaryimage\",\"url\":\"https:\/\/dev.tg4.ie\/wp-content\/uploads\/2025\/10\/DarkCity_-_The_Cleaner_480_270.png\",\"contentUrl\":\"https:\/\/dev.tg4.ie\/wp-content\/uploads\/2025\/10\/DarkCity_-_The_Cleaner_480_270.png\"},{\"@type\":\"BreadcrumbList\",\"@id\":\"https:\/\/dev.tg4.ie\/ga\/eolas\/preas\/nuacht-raitis\/2025-2\/boscrai-iontacha-de-dhramai-nua-o-gach-cearn-den-domhan-curtha-le-seinnteoir-tg4\/#breadcrumb\",\"itemListElement\":[{\"@type\":\"ListItem\",\"position\":1,\"name\":\"Home\",\"item\":\"https:\/\/dev.tg4.ie\/ga\/\"},{\"@type\":\"ListItem\",\"position\":2,\"name\":\"Eolas\",\"item\":\"https:\/\/dev.tg4.ie\/ga\/eolas\/\"},{\"@type\":\"ListItem\",\"position\":3,\"name\":\"Preas\",\"item\":\"https:\/\/dev.tg4.ie\/ga\/eolas\/preas\/\"},{\"@type\":\"ListItem\",\"position\":4,\"name\":\"Nuacht R\u00e1itis\",\"item\":\"https:\/\/dev.tg4.ie\/ga\/eolas\/preas\/nuacht-raitis\/\"},{\"@type\":\"ListItem\",\"position\":5,\"name\":\"2025\",\"item\":\"https:\/\/dev.tg4.ie\/ga\/eolas\/preas\/nuacht-raitis\/2025-2\/\"},{\"@type\":\"ListItem\",\"position\":6,\"name\":\"Boscra\u00ed Iontacha de Dhr\u00e1ma\u00ed nua \u00f3 Gach Cearn den Domhan curtha le Seinnteoir TG4\"}]},{\"@type\":\"WebSite\",\"@id\":\"https:\/\/dev.tg4.ie\/en\/#website\",\"url\":\"https:\/\/dev.tg4.ie\/en\/\",\"name\":\"TG4\",\"description\":\"S\u00fail Eile\",\"potentialAction\":[{\"@type\":\"SearchAction\",\"target\":{\"@type\":\"EntryPoint\",\"urlTemplate\":\"https:\/\/dev.tg4.ie\/en\/?s={search_term_string}\"},\"query-input\":\"required name=search_term_string\"}],\"inLanguage\":\"ga\"}]}<\/script>\n<!-- \/ Yoast SEO plugin. -->","yoast_head_json":{"title":"Boscra\u00ed Iontacha de Dhr\u00e1ma\u00ed nua \u00f3 Gach Cearn den Domhan curtha le Seinnteoir TG4 | Preasr\u00e1iteas | TG4","description":"Boscra\u00ed Iontacha de Dhr\u00e1ma\u00ed nua \u00f3 Gach Cearn den Domhan curtha le Seinnteoir TG4","robots":{"index":"index","follow":"follow","max-snippet":"max-snippet:-1","max-image-preview":"max-image-preview:large","max-video-preview":"max-video-preview:-1"},"og_locale":"en_US","og_type":"article","og_title":"Boscra\u00ed Iontacha de Dhr\u00e1ma\u00ed nua \u00f3 Gach Cearn den Domhan curtha le Seinnteoir TG4 | Preasr\u00e1iteas | TG4","og_description":"Boscra\u00ed Iontacha de Dhr\u00e1ma\u00ed nua \u00f3 Gach Cearn den Domhan curtha le Seinnteoir TG4","og_url":"https:\/\/dev.tg4.ie\/ga\/eolas\/preas\/nuacht-raitis\/2025-2\/boscrai-iontacha-de-dhramai-nua-o-gach-cearn-den-domhan-curtha-le-seinnteoir-tg4\/","og_site_name":"TG4","article_publisher":"https:\/\/www.facebook.com\/TG4TV","article_modified_time":"2025-10-16T17:30:47+00:00","og_image":[{"url":"https:\/\/dev.tg4.ie\/wp-content\/uploads\/2025\/10\/DarkCity_-_The_Cleaner_480_270.png"}],"twitter_card":"summary_large_image","twitter_site":"@TG4TV","twitter_misc":{"Est. reading time":"7 minutes"},"schema":{"@context":"https:\/\/schema.org","@graph":[{"@type":"WebPage","@id":"https:\/\/dev.tg4.ie\/ga\/eolas\/preas\/nuacht-raitis\/2025-2\/boscrai-iontacha-de-dhramai-nua-o-gach-cearn-den-domhan-curtha-le-seinnteoir-tg4\/","url":"https:\/\/dev.tg4.ie\/ga\/eolas\/preas\/nuacht-raitis\/2025-2\/boscrai-iontacha-de-dhramai-nua-o-gach-cearn-den-domhan-curtha-le-seinnteoir-tg4\/","name":"Boscra\u00ed Iontacha de Dhr\u00e1ma\u00ed nua \u00f3 Gach Cearn den Domhan curtha le Seinnteoir TG4 | Preasr\u00e1iteas | TG4","isPartOf":{"@id":"https:\/\/dev.tg4.ie\/en\/#website"},"primaryImageOfPage":{"@id":"https:\/\/dev.tg4.ie\/ga\/eolas\/preas\/nuacht-raitis\/2025-2\/boscrai-iontacha-de-dhramai-nua-o-gach-cearn-den-domhan-curtha-le-seinnteoir-tg4\/#primaryimage"},"image":{"@id":"https:\/\/dev.tg4.ie\/ga\/eolas\/preas\/nuacht-raitis\/2025-2\/boscrai-iontacha-de-dhramai-nua-o-gach-cearn-den-domhan-curtha-le-seinnteoir-tg4\/#primaryimage"},"thumbnailUrl":"https:\/\/dev.tg4.ie\/wp-content\/uploads\/2025\/10\/DarkCity_-_The_Cleaner_480_270.png","datePublished":"2025-10-16T17:02:55+00:00","dateModified":"2025-10-16T17:30:47+00:00","description":"Boscra\u00ed Iontacha de Dhr\u00e1ma\u00ed nua \u00f3 Gach Cearn den Domhan curtha le Seinnteoir TG4","breadcrumb":{"@id":"https:\/\/dev.tg4.ie\/ga\/eolas\/preas\/nuacht-raitis\/2025-2\/boscrai-iontacha-de-dhramai-nua-o-gach-cearn-den-domhan-curtha-le-seinnteoir-tg4\/#breadcrumb"},"inLanguage":"ga","potentialAction":[{"@type":"ReadAction","target":["https:\/\/dev.tg4.ie\/ga\/eolas\/preas\/nuacht-raitis\/2025-2\/boscrai-iontacha-de-dhramai-nua-o-gach-cearn-den-domhan-curtha-le-seinnteoir-tg4\/"]}]},{"@type":"ImageObject","inLanguage":"ga","@id":"https:\/\/dev.tg4.ie\/ga\/eolas\/preas\/nuacht-raitis\/2025-2\/boscrai-iontacha-de-dhramai-nua-o-gach-cearn-den-domhan-curtha-le-seinnteoir-tg4\/#primaryimage","url":"https:\/\/dev.tg4.ie\/wp-content\/uploads\/2025\/10\/DarkCity_-_The_Cleaner_480_270.png","contentUrl":"https:\/\/dev.tg4.ie\/wp-content\/uploads\/2025\/10\/DarkCity_-_The_Cleaner_480_270.png"},{"@type":"BreadcrumbList","@id":"https:\/\/dev.tg4.ie\/ga\/eolas\/preas\/nuacht-raitis\/2025-2\/boscrai-iontacha-de-dhramai-nua-o-gach-cearn-den-domhan-curtha-le-seinnteoir-tg4\/#breadcrumb","itemListElement":[{"@type":"ListItem","position":1,"name":"Home","item":"https:\/\/dev.tg4.ie\/ga\/"},{"@type":"ListItem","position":2,"name":"Eolas","item":"https:\/\/dev.tg4.ie\/ga\/eolas\/"},{"@type":"ListItem","position":3,"name":"Preas","item":"https:\/\/dev.tg4.ie\/ga\/eolas\/preas\/"},{"@type":"ListItem","position":4,"name":"Nuacht R\u00e1itis","item":"https:\/\/dev.tg4.ie\/ga\/eolas\/preas\/nuacht-raitis\/"},{"@type":"ListItem","position":5,"name":"2025","item":"https:\/\/dev.tg4.ie\/ga\/eolas\/preas\/nuacht-raitis\/2025-2\/"},{"@type":"ListItem","position":6,"name":"Boscra\u00ed Iontacha de Dhr\u00e1ma\u00ed nua \u00f3 Gach Cearn den Domhan curtha le Seinnteoir TG4"}]},{"@type":"WebSite","@id":"https:\/\/dev.tg4.ie\/en\/#website","url":"https:\/\/dev.tg4.ie\/en\/","name":"TG4","description":"S\u00fail Eile","potentialAction":[{"@type":"SearchAction","target":{"@type":"EntryPoint","urlTemplate":"https:\/\/dev.tg4.ie\/en\/?s={search_term_string}"},"query-input":"required name=search_term_string"}],"inLanguage":"ga"}]}},"_links":{"self":[{"href":"https:\/\/dev.tg4.ie\/ga\/wp-json\/wp\/v2\/pages\/247722"}],"collection":[{"href":"https:\/\/dev.tg4.ie\/ga\/wp-json\/wp\/v2\/pages"}],"about":[{"href":"https:\/\/dev.tg4.ie\/ga\/wp-json\/wp\/v2\/types\/page"}],"author":[{"embeddable":true,"href":"https:\/\/dev.tg4.ie\/ga\/wp-json\/wp\/v2\/users\/876"}],"replies":[{"embeddable":true,"href":"https:\/\/dev.tg4.ie\/ga\/wp-json\/wp\/v2\/comments?post=247722"}],"version-history":[{"count":0,"href":"https:\/\/dev.tg4.ie\/ga\/wp-json\/wp\/v2\/pages\/247722\/revisions"}],"up":[{"embeddable":true,"href":"https:\/\/dev.tg4.ie\/ga\/wp-json\/wp\/v2\/pages\/236807"}],"wp:attachment":[{"href":"https:\/\/dev.tg4.ie\/ga\/wp-json\/wp\/v2\/media?parent=247722"}],"curies":[{"name":"wp","href":"https:\/\/api.w.org\/{rel}","templated":true}]}}