{"id":247746,"date":"2025-10-20T09:42:03","date_gmt":"2025-10-20T08:42:03","guid":{"rendered":"https:\/\/dev.tg4.ie\/?page_id=247746"},"modified":"2025-10-20T13:21:55","modified_gmt":"2025-10-20T12:21:55","slug":"deagoir-as-corcaigh-lottie-odriscoll-murray-a-dheanfaidh-ionadaiocht-ar-eirinn-ag-junior-eurovision-2025","status":"publish","type":"page","link":"https:\/\/dev.tg4.ie\/ga\/eolas\/preas\/nuacht-raitis\/2025-2\/deagoir-as-corcaigh-lottie-odriscoll-murray-a-dheanfaidh-ionadaiocht-ar-eirinn-ag-junior-eurovision-2025\/","title":{"rendered":"D\u00e9ag\u00f3ir as Corcaigh, Lottie O\u2019Driscoll-Murray, a dh\u00e9anfaidh ionada\u00edocht ar \u00c9irinn ag Junior Eurovision 2025"},"content":{"rendered":"<table>\n<tr>\n<td><img loading=\"lazy\" decoding=\"async\" width=\"1920\" height=\"1080\" src=\"https:\/\/tg4-docs.s3.amazonaws.com\/wp-content\/uploads\/2025\/10\/20131919\/Junior_Eurovision_Eire_2025_Buaiteoir_1-1920x1080-1.jpg\" alt=\"\" class=\"aligncenter size-full wp-image-247754\" srcset=\"https:\/\/tg4-docs.s3.amazonaws.com\/wp-content\/uploads\/2025\/10\/20131919\/Junior_Eurovision_Eire_2025_Buaiteoir_1-1920x1080-1.jpg 1920w, https:\/\/tg4-docs.s3.amazonaws.com\/wp-content\/uploads\/2025\/10\/20131919\/Junior_Eurovision_Eire_2025_Buaiteoir_1-1920x1080-1-250x141.jpg 250w, https:\/\/tg4-docs.s3.amazonaws.com\/wp-content\/uploads\/2025\/10\/20131919\/Junior_Eurovision_Eire_2025_Buaiteoir_1-1920x1080-1-700x394.jpg 700w, https:\/\/tg4-docs.s3.amazonaws.com\/wp-content\/uploads\/2025\/10\/20131919\/Junior_Eurovision_Eire_2025_Buaiteoir_1-1920x1080-1-252x141.jpg 252w, https:\/\/tg4-docs.s3.amazonaws.com\/wp-content\/uploads\/2025\/10\/20131919\/Junior_Eurovision_Eire_2025_Buaiteoir_1-1920x1080-1-1536x864.jpg 1536w, https:\/\/tg4-docs.s3.amazonaws.com\/wp-content\/uploads\/2025\/10\/20131919\/Junior_Eurovision_Eire_2025_Buaiteoir_1-1920x1080-1-120x68.jpg 120w\" sizes=\"(max-width: 1920px) 100vw, 1920px\" \/><\/td>\n<td><img loading=\"lazy\" decoding=\"async\" width=\"1920\" height=\"1080\" src=\"https:\/\/tg4-docs.s3.amazonaws.com\/wp-content\/uploads\/2025\/10\/20131927\/Junior_Eurovision_Eire_2025_Buaiteoir_2-1920x1080-1.jpg\" alt=\"\" class=\"aligncenter size-full wp-image-247755\" srcset=\"https:\/\/tg4-docs.s3.amazonaws.com\/wp-content\/uploads\/2025\/10\/20131927\/Junior_Eurovision_Eire_2025_Buaiteoir_2-1920x1080-1.jpg 1920w, https:\/\/tg4-docs.s3.amazonaws.com\/wp-content\/uploads\/2025\/10\/20131927\/Junior_Eurovision_Eire_2025_Buaiteoir_2-1920x1080-1-250x141.jpg 250w, https:\/\/tg4-docs.s3.amazonaws.com\/wp-content\/uploads\/2025\/10\/20131927\/Junior_Eurovision_Eire_2025_Buaiteoir_2-1920x1080-1-700x394.jpg 700w, https:\/\/tg4-docs.s3.amazonaws.com\/wp-content\/uploads\/2025\/10\/20131927\/Junior_Eurovision_Eire_2025_Buaiteoir_2-1920x1080-1-252x141.jpg 252w, https:\/\/tg4-docs.s3.amazonaws.com\/wp-content\/uploads\/2025\/10\/20131927\/Junior_Eurovision_Eire_2025_Buaiteoir_2-1920x1080-1-1536x864.jpg 1536w, https:\/\/tg4-docs.s3.amazonaws.com\/wp-content\/uploads\/2025\/10\/20131927\/Junior_Eurovision_Eire_2025_Buaiteoir_2-1920x1080-1-120x68.jpg 120w\" sizes=\"(max-width: 1920px) 100vw, 1920px\" \/><\/td>\n<\/tr>\n<\/table>\n<p><center><sup>Pics: Lottie O&#8217;Driscoll-Murray<\/sup><\/center><br \/>\n&nbsp;<br \/>\n<iframe loading=\"lazy\" width=\"560\" height=\"315\" src=\"https:\/\/www.youtube.com\/embed\/ZxVaf6HD194?si=FTy2APB1x8dGSmo3\" title=\"YouTube video player\" frameborder=\"0\" allow=\"accelerometer; autoplay; clipboard-write; encrypted-media; gyroscope; picture-in-picture; web-share\" referrerpolicy=\"strict-origin-when-cross-origin\" allowfullscreen><\/iframe><br \/>\n&nbsp;<br \/>\nBaile \u00c1tha Cliath, 19 Deireadh F\u00f3mhair 2025 \u2014 I ndiaidh cuardach tallainne ar fud na t\u00edre agus com\u00f3rtas teilif\u00edse den scoth, is \u00ed <strong>Lottie O\u2019Driscoll-Murray<\/strong>, 14 bliana d\u2019aois as Corcaigh, at\u00e1 roghnaithe le hionada\u00edocht a dh\u00e9anamh ar \u00c9irinn ag an Junior Eurovision Song Contest 2025. Casfaidh Lottie \u2018R\u00fain\u2019, bail\u00e9ad nua-chumtha Gaeilge, beo i Tbilisi sa tSeoirsia D\u00e9 Sathairn an 13 Nollaig agus \u00ed san ioma\u00edocht le hamhr\u00e1in as 17 dt\u00edr eile, an Sp\u00e1inn, an Fhrainc, an Phortaing\u00e9il, an Iod\u00e1il, agus buaiteoir na bliana seo caite, an tSeoirsia, ina measc.<br \/>\n&nbsp;<br \/>\nDheimhnigh Lottie a h\u00e1it ar an st\u00e1itse idirn\u00e1isi\u00fanta nuair a bhuaigh s\u00ed babhta ceannais Junior Eurovision \u00c9ire, sraith c\u00faig chl\u00e1r TG4, inar roghna\u00edodh deichni\u00far as na c\u00e9adta amhr\u00e1naithe ar fud na h\u00c9ireann le bheith p\u00e1irteach.  Bh\u00ed laoch m\u00f3r na hEoraif\u00edse, Niamh Kavanagh, ar an bpain\u00e9al molt\u00f3ir\u00ed a rinne an cinneadh t\u00e1bhachtach Lottie a chur ar aghaidh go dt\u00ed na babhta\u00ed sa sti\u00faideo, agus ansin chaith Linda Martin ceann de na v\u00f3ta\u00ed cinni\u00fanacha a chinntigh \u00e1it Lottie i stair an Junior Eurovision.<br \/>\n&nbsp;<br \/>\nIs f\u00e9idir le daoine ar fud an domhain v\u00f3ta a chaitheamh ag Junior Eurovision na bliana seo ar JESC.TV &#8211; agus murab ionann is com\u00f3rtas na ndaoine f\u00e1sta, t\u00e1 cead ag an lucht sp\u00e9ise v\u00f3ta a chaitheamh d\u00e1 dt\u00edr f\u00e9in! T\u00e1 gach uile dhuine i gContae Chorca\u00ed taobh thiar de Lottie agus d\u00e1 teaghlach cheana f\u00e9in agus t\u00e1 siad ag s\u00fail go mbeidh gach duine sa t\u00edr in ann a bheith taobh thiar d\u00f3ibh freisin.<br \/>\n&nbsp;<br \/>\nT\u00e1 taith\u00ed mh\u00f3r ag Lottie ar bheith ar an st\u00e1itse agus t\u00e1 s\u00ed ag cur daoine faoi gheasa lena guth \u00f3 bh\u00ed s\u00ed \u00f3g, \u00ed ag canadh ar an Late Late Toy Show agus in \u00c1ras Ceoldr\u00e1ma\u00edochta Chorca\u00ed. Leith\u00e9id\u00ed Whitney Houston is bun leis an nguth m\u00f3r agus teacht i l\u00e1thair cumhachtach a bh\u00edonn inti ar an st\u00e1itse, agus oireann \u2018R\u00fain\u2019 &#8211; bail\u00e9ad corraitheach agus l\u00e1idir &#8211; go foirfe d\u00e1 guth.  B\u00edonn s\u00ed p\u00e1irteach go rialta freisin in \u00f3c\u00e1id\u00ed carthanachta, \u00ed ag baint tairbhe as an tallann at\u00e1 aici ar mhaithe le pobal Chorca\u00ed.<br \/>\n&nbsp;<br \/>\nN\u00ed h\u00e9 seo, ar nd\u00f3igh, an ch\u00e9ad uair ag Lottie sa chom\u00f3rtas seo. D\u2019\u00e9irigh l\u00e9i dul chomh fada leis an mbabhta ceannais in 2024 ach fuair an t-amhr\u00e1na\u00ed Enya Cox Dempsey as Cill Chainnigh an ceann is fearr uirthi an t-am \u00fad. \u201cT\u00e1 s\u00ed ar ais ar\u00eds, n\u00edos fearr n\u00e1 riamh \u2013 agus d\u00e9anfaidh s\u00ed an beart go cinnte! T\u00e1 s\u00ed ag dul \u00e9 a bhuachan!\u201d a deir a Mam\u00f3 br\u00f3d\u00fail Charlotte, a bhfuil s\u00ed f\u00e9in agus m\u00e1thair Lottie, Celine, ag tac\u00fa l\u00e9i ina haistear \u00f3n t\u00fas.<br \/>\n&nbsp;<br \/>\nBliain thar a bheith speisialta at\u00e1 ann freisin i mbliana: Is \u00e9 seo an deichi\u00fa bliain ag \u00c9irinn ag glacadh p\u00e1irt sa Junior Eurovision Song Contest. Chun \u00e9 sin a cheili\u00faradh, craolfaidh TG4 cl\u00e1r speisialta s\u00fail siar D\u00e9 Domhnaigh an 7 Nollaig ina gcaithfear s\u00fail ar\u00eds ar iomaitheoir\u00ed na h\u00c9ireann i gcaitheamh na mblianta agus ina bhfaighfear amach faoin tionchar a bh\u00ed ag an gcom\u00f3rtas ar shaol na n-iomaitheoir\u00ed \u00f3 shin. Tabharfar spl\u00e9achadh freisin ar aistear Lottie n\u00f3 gur bhain s\u00ed cl\u00fa agus c\u00e1il amach ar Junior Eurovision.<br \/>\n&nbsp;<br \/>\nDar le <strong>Rob O\u2019Connor, L\u00e9iritheoir Sraithe, Adare Productions<\/strong>, <em>&#8220;T\u00e1 deich mbliana dhra\u00edocht\u00fala caite ag iomaitheoir\u00ed na h\u00c9ireann ag dul i gcion go m\u00f3r ar lucht lean\u00fana an Junior Eurovision, agus iad go l\u00e9ir ag casadh amhr\u00e1in mhealltacha i nGaeilge os comhair na milli\u00fan. Is iontach an t-amhr\u00e1na\u00ed \u00ed Lottie O\u2019Driscoll-Murray, agus beidh lucht lean\u00fana d\u00edlis an chom\u00f3rtais, agus an chuid eile den domhan, thar a bheith t\u00f3gtha lena pearsantacht agus lena tallann.&#8221;<\/em><br \/>\n&nbsp;<br \/>\nIs \u00e9ard a d\u00fairt <strong>Laura N\u00ed Cheallaigh, Eagarth\u00f3ir Coimisi\u00fanaithe, TG4<\/strong>: <em>&#8220;T\u00e1 r\u00edm\u00e9ad orainn a fh\u00f3gairt gurb \u00ed Lottie O\u2019Driscoll-Murray a dh\u00e9anfaidh ionada\u00edocht ar \u00c9irinn ag Junior Eurovision 2025 leis an amhr\u00e1n \u2018R\u00fain\u2019.  Agus muid ag com\u00f3radh 10 mbliana de rannph\u00e1irt\u00edocht TG4 sa chom\u00f3rtas, t\u00e1 m\u00f3rtas orainn a bheith ag ceili\u00faradh deich mbliana de dhaoine \u00f3ga cumasacha den scoth agus d\u2019amhr\u00e1in Ghaeilge ar an st\u00e1itse Eorpach.  Is iontach an deis \u00e9 an Junior Eurovision chun an ch\u00e9ad ghl\u00fain eile d\u2019amhr\u00e1naithe \u00f3ga cumasacha na h\u00c9ireann, a gcruthaitheacht agus an Ghaeilge a chur os comhair lucht f\u00e9achana ollmh\u00f3r na hEorpa.<\/p>\n<p>Gu\u00edmid gach rath ar Lottie sa tSeoirsia agus iarraimid ar gach duine in \u00c9irinn tac\u00fa l\u00e9i sa bhabhta ceannais i Tbilisi an 13 Nollaig, a bheidh \u00e1 chraoladh beo ar TG4 ar fud an domhain.\u201d<\/em><br \/>\n&nbsp;<br \/>\nN\u00e1 caill Lottie ar an st\u00e1itse ag Junior Eurovision 2025 a bheidh \u00e1 chraoladh beo ar TG4 D\u00e9 Sathairn an 13 Nollaig. D\u00e9an cinnte go dtugann t\u00fa do thaca\u00edocht d\u2019\u00c9irinn agus caith do v\u00f3ta ar www.JESC.TV<br \/>\n&nbsp;<\/p>\n","protected":false},"excerpt":{"rendered":"<p>Pics: Lottie O&#8217;Driscoll-Murray &nbsp; &nbsp; Baile \u00c1tha Cliath, 19 Deireadh F\u00f3mhair 2025 \u2014 I ndiaidh cuardach tallainne ar fud na t\u00edre agus com\u00f3rtas teilif\u00edse den scoth, is \u00ed Lottie O\u2019Driscoll-Murray, 14 bliana d\u2019aois as Corcaigh, at\u00e1 roghnaithe le hionada\u00edocht a dh\u00e9anamh ar \u00c9irinn ag an Junior Eurovision Song Contest 2025. Casfaidh Lottie \u2018R\u00fain\u2019, bail\u00e9ad nua-chumtha [&hellip;]<\/p>\n","protected":false},"author":876,"featured_media":0,"parent":236807,"menu_order":60,"comment_status":"closed","ping_status":"closed","template":"page-templates\/template-pr.php","meta":{"_acf_changed":false,"footnotes":""},"acf":[],"yoast_head":"<!-- This site is optimized with the Yoast SEO plugin v22.6 - https:\/\/yoast.com\/wordpress\/plugins\/seo\/ -->\n<title>D\u00e9ag\u00f3ir as Corcaigh, Lottie O\u2019Driscoll-Murray, a dh\u00e9anfaidh ionada\u00edocht ar \u00c9irinn ag Junior Eurovision 2025 | Preasr\u00e1iteas | TG4<\/title>\n<meta name=\"description\" content=\"I ndiaidh cuardach tallainne ar fud na t\u00edre agus com\u00f3rtas teilif\u00edse den scoth, is \u00ed Lottie O\u2019Driscoll-Murray, 14 bliana d\u2019aois as Corcaigh, at\u00e1 roghnaithe le hionada\u00edocht a dh\u00e9anamh ar \u00c9irinn ag an Junior Eurovision Song Contest 2025. Casfaidh Lottie \u2018R\u00fain\u2019, bail\u00e9ad nua-chumtha Gaeilge, beo i Tbilisi sa tSeoirsia D\u00e9 Sathairn an 13 Nollaig agus \u00ed san ioma\u00edocht le hamhr\u00e1in as 17 dt\u00edr eile, an Sp\u00e1inn, an Fhrainc, an Phortaing\u00e9il, an Iod\u00e1il, agus buaiteoir na bliana seo caite, an tSeoirsia, ina measc.\" \/>\n<meta name=\"robots\" content=\"index, follow, max-snippet:-1, max-image-preview:large, max-video-preview:-1\" \/>\n<meta property=\"og:locale\" content=\"en_US\" \/>\n<meta property=\"og:type\" content=\"article\" \/>\n<meta property=\"og:title\" content=\"D\u00e9ag\u00f3ir as Corcaigh, Lottie O\u2019Driscoll-Murray, a dh\u00e9anfaidh ionada\u00edocht ar \u00c9irinn ag Junior Eurovision 2025 | Preasr\u00e1iteas | TG4\" \/>\n<meta property=\"og:description\" content=\"I ndiaidh cuardach tallainne ar fud na t\u00edre agus com\u00f3rtas teilif\u00edse den scoth, is \u00ed Lottie O\u2019Driscoll-Murray, 14 bliana d\u2019aois as Corcaigh, at\u00e1 roghnaithe le hionada\u00edocht a dh\u00e9anamh ar \u00c9irinn ag an Junior Eurovision Song Contest 2025. Casfaidh Lottie \u2018R\u00fain\u2019, bail\u00e9ad nua-chumtha Gaeilge, beo i Tbilisi sa tSeoirsia D\u00e9 Sathairn an 13 Nollaig agus \u00ed san ioma\u00edocht le hamhr\u00e1in as 17 dt\u00edr eile, an Sp\u00e1inn, an Fhrainc, an Phortaing\u00e9il, an Iod\u00e1il, agus buaiteoir na bliana seo caite, an tSeoirsia, ina measc.\" \/>\n<meta property=\"og:url\" content=\"https:\/\/dev.tg4.ie\/ga\/eolas\/preas\/nuacht-raitis\/2025-2\/deagoir-as-corcaigh-lottie-odriscoll-murray-a-dheanfaidh-ionadaiocht-ar-eirinn-ag-junior-eurovision-2025\/\" \/>\n<meta property=\"og:site_name\" content=\"TG4\" \/>\n<meta property=\"article:publisher\" content=\"https:\/\/www.facebook.com\/TG4TV\" \/>\n<meta property=\"article:modified_time\" content=\"2025-10-20T12:21:55+00:00\" \/>\n<meta property=\"og:image\" content=\"https:\/\/dev.tg4.ie\/wp-content\/uploads\/2025\/10\/Junior_Eurovision_Eire_2025_Buaiteoir_1-1920x1080-1.jpg\" \/>\n<meta name=\"twitter:card\" content=\"summary_large_image\" \/>\n<meta name=\"twitter:site\" content=\"@TG4TV\" \/>\n<meta name=\"twitter:label1\" content=\"Est. reading time\" \/>\n\t<meta name=\"twitter:data1\" content=\"4 minutes\" \/>\n<script type=\"application\/ld+json\" class=\"yoast-schema-graph\">{\"@context\":\"https:\/\/schema.org\",\"@graph\":[{\"@type\":\"WebPage\",\"@id\":\"https:\/\/dev.tg4.ie\/ga\/eolas\/preas\/nuacht-raitis\/2025-2\/deagoir-as-corcaigh-lottie-odriscoll-murray-a-dheanfaidh-ionadaiocht-ar-eirinn-ag-junior-eurovision-2025\/\",\"url\":\"https:\/\/dev.tg4.ie\/ga\/eolas\/preas\/nuacht-raitis\/2025-2\/deagoir-as-corcaigh-lottie-odriscoll-murray-a-dheanfaidh-ionadaiocht-ar-eirinn-ag-junior-eurovision-2025\/\",\"name\":\"D\u00e9ag\u00f3ir as Corcaigh, Lottie O\u2019Driscoll-Murray, a dh\u00e9anfaidh ionada\u00edocht ar \u00c9irinn ag Junior Eurovision 2025 | Preasr\u00e1iteas | TG4\",\"isPartOf\":{\"@id\":\"https:\/\/dev.tg4.ie\/en\/#website\"},\"primaryImageOfPage\":{\"@id\":\"https:\/\/dev.tg4.ie\/ga\/eolas\/preas\/nuacht-raitis\/2025-2\/deagoir-as-corcaigh-lottie-odriscoll-murray-a-dheanfaidh-ionadaiocht-ar-eirinn-ag-junior-eurovision-2025\/#primaryimage\"},\"image\":{\"@id\":\"https:\/\/dev.tg4.ie\/ga\/eolas\/preas\/nuacht-raitis\/2025-2\/deagoir-as-corcaigh-lottie-odriscoll-murray-a-dheanfaidh-ionadaiocht-ar-eirinn-ag-junior-eurovision-2025\/#primaryimage\"},\"thumbnailUrl\":\"https:\/\/dev.tg4.ie\/wp-content\/uploads\/2025\/10\/Junior_Eurovision_Eire_2025_Buaiteoir_1-1920x1080-1.jpg\",\"datePublished\":\"2025-10-20T08:42:03+00:00\",\"dateModified\":\"2025-10-20T12:21:55+00:00\",\"description\":\"I ndiaidh cuardach tallainne ar fud na t\u00edre agus com\u00f3rtas teilif\u00edse den scoth, is \u00ed Lottie O\u2019Driscoll-Murray, 14 bliana d\u2019aois as Corcaigh, at\u00e1 roghnaithe le hionada\u00edocht a dh\u00e9anamh ar \u00c9irinn ag an Junior Eurovision Song Contest 2025. Casfaidh Lottie \u2018R\u00fain\u2019, bail\u00e9ad nua-chumtha Gaeilge, beo i Tbilisi sa tSeoirsia D\u00e9 Sathairn an 13 Nollaig agus \u00ed san ioma\u00edocht le hamhr\u00e1in as 17 dt\u00edr eile, an Sp\u00e1inn, an Fhrainc, an Phortaing\u00e9il, an Iod\u00e1il, agus buaiteoir na bliana seo caite, an tSeoirsia, ina measc.\",\"breadcrumb\":{\"@id\":\"https:\/\/dev.tg4.ie\/ga\/eolas\/preas\/nuacht-raitis\/2025-2\/deagoir-as-corcaigh-lottie-odriscoll-murray-a-dheanfaidh-ionadaiocht-ar-eirinn-ag-junior-eurovision-2025\/#breadcrumb\"},\"inLanguage\":\"ga\",\"potentialAction\":[{\"@type\":\"ReadAction\",\"target\":[\"https:\/\/dev.tg4.ie\/ga\/eolas\/preas\/nuacht-raitis\/2025-2\/deagoir-as-corcaigh-lottie-odriscoll-murray-a-dheanfaidh-ionadaiocht-ar-eirinn-ag-junior-eurovision-2025\/\"]}]},{\"@type\":\"ImageObject\",\"inLanguage\":\"ga\",\"@id\":\"https:\/\/dev.tg4.ie\/ga\/eolas\/preas\/nuacht-raitis\/2025-2\/deagoir-as-corcaigh-lottie-odriscoll-murray-a-dheanfaidh-ionadaiocht-ar-eirinn-ag-junior-eurovision-2025\/#primaryimage\",\"url\":\"https:\/\/dev.tg4.ie\/wp-content\/uploads\/2025\/10\/Junior_Eurovision_Eire_2025_Buaiteoir_1-1920x1080-1.jpg\",\"contentUrl\":\"https:\/\/dev.tg4.ie\/wp-content\/uploads\/2025\/10\/Junior_Eurovision_Eire_2025_Buaiteoir_1-1920x1080-1.jpg\"},{\"@type\":\"BreadcrumbList\",\"@id\":\"https:\/\/dev.tg4.ie\/ga\/eolas\/preas\/nuacht-raitis\/2025-2\/deagoir-as-corcaigh-lottie-odriscoll-murray-a-dheanfaidh-ionadaiocht-ar-eirinn-ag-junior-eurovision-2025\/#breadcrumb\",\"itemListElement\":[{\"@type\":\"ListItem\",\"position\":1,\"name\":\"Home\",\"item\":\"https:\/\/dev.tg4.ie\/ga\/\"},{\"@type\":\"ListItem\",\"position\":2,\"name\":\"Eolas\",\"item\":\"https:\/\/dev.tg4.ie\/ga\/eolas\/\"},{\"@type\":\"ListItem\",\"position\":3,\"name\":\"Preas\",\"item\":\"https:\/\/dev.tg4.ie\/ga\/eolas\/preas\/\"},{\"@type\":\"ListItem\",\"position\":4,\"name\":\"Nuacht R\u00e1itis\",\"item\":\"https:\/\/dev.tg4.ie\/ga\/eolas\/preas\/nuacht-raitis\/\"},{\"@type\":\"ListItem\",\"position\":5,\"name\":\"2025\",\"item\":\"https:\/\/dev.tg4.ie\/ga\/eolas\/preas\/nuacht-raitis\/2025-2\/\"},{\"@type\":\"ListItem\",\"position\":6,\"name\":\"D\u00e9ag\u00f3ir as Corcaigh, Lottie O\u2019Driscoll-Murray, a dh\u00e9anfaidh ionada\u00edocht ar \u00c9irinn ag Junior Eurovision 2025\"}]},{\"@type\":\"WebSite\",\"@id\":\"https:\/\/dev.tg4.ie\/en\/#website\",\"url\":\"https:\/\/dev.tg4.ie\/en\/\",\"name\":\"TG4\",\"description\":\"S\u00fail Eile\",\"potentialAction\":[{\"@type\":\"SearchAction\",\"target\":{\"@type\":\"EntryPoint\",\"urlTemplate\":\"https:\/\/dev.tg4.ie\/en\/?s={search_term_string}\"},\"query-input\":\"required name=search_term_string\"}],\"inLanguage\":\"ga\"}]}<\/script>\n<!-- \/ Yoast SEO plugin. -->","yoast_head_json":{"title":"D\u00e9ag\u00f3ir as Corcaigh, Lottie O\u2019Driscoll-Murray, a dh\u00e9anfaidh ionada\u00edocht ar \u00c9irinn ag Junior Eurovision 2025 | Preasr\u00e1iteas | TG4","description":"I ndiaidh cuardach tallainne ar fud na t\u00edre agus com\u00f3rtas teilif\u00edse den scoth, is \u00ed Lottie O\u2019Driscoll-Murray, 14 bliana d\u2019aois as Corcaigh, at\u00e1 roghnaithe le hionada\u00edocht a dh\u00e9anamh ar \u00c9irinn ag an Junior Eurovision Song Contest 2025. Casfaidh Lottie \u2018R\u00fain\u2019, bail\u00e9ad nua-chumtha Gaeilge, beo i Tbilisi sa tSeoirsia D\u00e9 Sathairn an 13 Nollaig agus \u00ed san ioma\u00edocht le hamhr\u00e1in as 17 dt\u00edr eile, an Sp\u00e1inn, an Fhrainc, an Phortaing\u00e9il, an Iod\u00e1il, agus buaiteoir na bliana seo caite, an tSeoirsia, ina measc.","robots":{"index":"index","follow":"follow","max-snippet":"max-snippet:-1","max-image-preview":"max-image-preview:large","max-video-preview":"max-video-preview:-1"},"og_locale":"en_US","og_type":"article","og_title":"D\u00e9ag\u00f3ir as Corcaigh, Lottie O\u2019Driscoll-Murray, a dh\u00e9anfaidh ionada\u00edocht ar \u00c9irinn ag Junior Eurovision 2025 | Preasr\u00e1iteas | TG4","og_description":"I ndiaidh cuardach tallainne ar fud na t\u00edre agus com\u00f3rtas teilif\u00edse den scoth, is \u00ed Lottie O\u2019Driscoll-Murray, 14 bliana d\u2019aois as Corcaigh, at\u00e1 roghnaithe le hionada\u00edocht a dh\u00e9anamh ar \u00c9irinn ag an Junior Eurovision Song Contest 2025. Casfaidh Lottie \u2018R\u00fain\u2019, bail\u00e9ad nua-chumtha Gaeilge, beo i Tbilisi sa tSeoirsia D\u00e9 Sathairn an 13 Nollaig agus \u00ed san ioma\u00edocht le hamhr\u00e1in as 17 dt\u00edr eile, an Sp\u00e1inn, an Fhrainc, an Phortaing\u00e9il, an Iod\u00e1il, agus buaiteoir na bliana seo caite, an tSeoirsia, ina measc.","og_url":"https:\/\/dev.tg4.ie\/ga\/eolas\/preas\/nuacht-raitis\/2025-2\/deagoir-as-corcaigh-lottie-odriscoll-murray-a-dheanfaidh-ionadaiocht-ar-eirinn-ag-junior-eurovision-2025\/","og_site_name":"TG4","article_publisher":"https:\/\/www.facebook.com\/TG4TV","article_modified_time":"2025-10-20T12:21:55+00:00","og_image":[{"url":"https:\/\/dev.tg4.ie\/wp-content\/uploads\/2025\/10\/Junior_Eurovision_Eire_2025_Buaiteoir_1-1920x1080-1.jpg"}],"twitter_card":"summary_large_image","twitter_site":"@TG4TV","twitter_misc":{"Est. reading time":"4 minutes"},"schema":{"@context":"https:\/\/schema.org","@graph":[{"@type":"WebPage","@id":"https:\/\/dev.tg4.ie\/ga\/eolas\/preas\/nuacht-raitis\/2025-2\/deagoir-as-corcaigh-lottie-odriscoll-murray-a-dheanfaidh-ionadaiocht-ar-eirinn-ag-junior-eurovision-2025\/","url":"https:\/\/dev.tg4.ie\/ga\/eolas\/preas\/nuacht-raitis\/2025-2\/deagoir-as-corcaigh-lottie-odriscoll-murray-a-dheanfaidh-ionadaiocht-ar-eirinn-ag-junior-eurovision-2025\/","name":"D\u00e9ag\u00f3ir as Corcaigh, Lottie O\u2019Driscoll-Murray, a dh\u00e9anfaidh ionada\u00edocht ar \u00c9irinn ag Junior Eurovision 2025 | Preasr\u00e1iteas | TG4","isPartOf":{"@id":"https:\/\/dev.tg4.ie\/en\/#website"},"primaryImageOfPage":{"@id":"https:\/\/dev.tg4.ie\/ga\/eolas\/preas\/nuacht-raitis\/2025-2\/deagoir-as-corcaigh-lottie-odriscoll-murray-a-dheanfaidh-ionadaiocht-ar-eirinn-ag-junior-eurovision-2025\/#primaryimage"},"image":{"@id":"https:\/\/dev.tg4.ie\/ga\/eolas\/preas\/nuacht-raitis\/2025-2\/deagoir-as-corcaigh-lottie-odriscoll-murray-a-dheanfaidh-ionadaiocht-ar-eirinn-ag-junior-eurovision-2025\/#primaryimage"},"thumbnailUrl":"https:\/\/dev.tg4.ie\/wp-content\/uploads\/2025\/10\/Junior_Eurovision_Eire_2025_Buaiteoir_1-1920x1080-1.jpg","datePublished":"2025-10-20T08:42:03+00:00","dateModified":"2025-10-20T12:21:55+00:00","description":"I ndiaidh cuardach tallainne ar fud na t\u00edre agus com\u00f3rtas teilif\u00edse den scoth, is \u00ed Lottie O\u2019Driscoll-Murray, 14 bliana d\u2019aois as Corcaigh, at\u00e1 roghnaithe le hionada\u00edocht a dh\u00e9anamh ar \u00c9irinn ag an Junior Eurovision Song Contest 2025. Casfaidh Lottie \u2018R\u00fain\u2019, bail\u00e9ad nua-chumtha Gaeilge, beo i Tbilisi sa tSeoirsia D\u00e9 Sathairn an 13 Nollaig agus \u00ed san ioma\u00edocht le hamhr\u00e1in as 17 dt\u00edr eile, an Sp\u00e1inn, an Fhrainc, an Phortaing\u00e9il, an Iod\u00e1il, agus buaiteoir na bliana seo caite, an tSeoirsia, ina measc.","breadcrumb":{"@id":"https:\/\/dev.tg4.ie\/ga\/eolas\/preas\/nuacht-raitis\/2025-2\/deagoir-as-corcaigh-lottie-odriscoll-murray-a-dheanfaidh-ionadaiocht-ar-eirinn-ag-junior-eurovision-2025\/#breadcrumb"},"inLanguage":"ga","potentialAction":[{"@type":"ReadAction","target":["https:\/\/dev.tg4.ie\/ga\/eolas\/preas\/nuacht-raitis\/2025-2\/deagoir-as-corcaigh-lottie-odriscoll-murray-a-dheanfaidh-ionadaiocht-ar-eirinn-ag-junior-eurovision-2025\/"]}]},{"@type":"ImageObject","inLanguage":"ga","@id":"https:\/\/dev.tg4.ie\/ga\/eolas\/preas\/nuacht-raitis\/2025-2\/deagoir-as-corcaigh-lottie-odriscoll-murray-a-dheanfaidh-ionadaiocht-ar-eirinn-ag-junior-eurovision-2025\/#primaryimage","url":"https:\/\/dev.tg4.ie\/wp-content\/uploads\/2025\/10\/Junior_Eurovision_Eire_2025_Buaiteoir_1-1920x1080-1.jpg","contentUrl":"https:\/\/dev.tg4.ie\/wp-content\/uploads\/2025\/10\/Junior_Eurovision_Eire_2025_Buaiteoir_1-1920x1080-1.jpg"},{"@type":"BreadcrumbList","@id":"https:\/\/dev.tg4.ie\/ga\/eolas\/preas\/nuacht-raitis\/2025-2\/deagoir-as-corcaigh-lottie-odriscoll-murray-a-dheanfaidh-ionadaiocht-ar-eirinn-ag-junior-eurovision-2025\/#breadcrumb","itemListElement":[{"@type":"ListItem","position":1,"name":"Home","item":"https:\/\/dev.tg4.ie\/ga\/"},{"@type":"ListItem","position":2,"name":"Eolas","item":"https:\/\/dev.tg4.ie\/ga\/eolas\/"},{"@type":"ListItem","position":3,"name":"Preas","item":"https:\/\/dev.tg4.ie\/ga\/eolas\/preas\/"},{"@type":"ListItem","position":4,"name":"Nuacht R\u00e1itis","item":"https:\/\/dev.tg4.ie\/ga\/eolas\/preas\/nuacht-raitis\/"},{"@type":"ListItem","position":5,"name":"2025","item":"https:\/\/dev.tg4.ie\/ga\/eolas\/preas\/nuacht-raitis\/2025-2\/"},{"@type":"ListItem","position":6,"name":"D\u00e9ag\u00f3ir as Corcaigh, Lottie O\u2019Driscoll-Murray, a dh\u00e9anfaidh ionada\u00edocht ar \u00c9irinn ag Junior Eurovision 2025"}]},{"@type":"WebSite","@id":"https:\/\/dev.tg4.ie\/en\/#website","url":"https:\/\/dev.tg4.ie\/en\/","name":"TG4","description":"S\u00fail Eile","potentialAction":[{"@type":"SearchAction","target":{"@type":"EntryPoint","urlTemplate":"https:\/\/dev.tg4.ie\/en\/?s={search_term_string}"},"query-input":"required name=search_term_string"}],"inLanguage":"ga"}]}},"_links":{"self":[{"href":"https:\/\/dev.tg4.ie\/ga\/wp-json\/wp\/v2\/pages\/247746"}],"collection":[{"href":"https:\/\/dev.tg4.ie\/ga\/wp-json\/wp\/v2\/pages"}],"about":[{"href":"https:\/\/dev.tg4.ie\/ga\/wp-json\/wp\/v2\/types\/page"}],"author":[{"embeddable":true,"href":"https:\/\/dev.tg4.ie\/ga\/wp-json\/wp\/v2\/users\/876"}],"replies":[{"embeddable":true,"href":"https:\/\/dev.tg4.ie\/ga\/wp-json\/wp\/v2\/comments?post=247746"}],"version-history":[{"count":0,"href":"https:\/\/dev.tg4.ie\/ga\/wp-json\/wp\/v2\/pages\/247746\/revisions"}],"up":[{"embeddable":true,"href":"https:\/\/dev.tg4.ie\/ga\/wp-json\/wp\/v2\/pages\/236807"}],"wp:attachment":[{"href":"https:\/\/dev.tg4.ie\/ga\/wp-json\/wp\/v2\/media?parent=247746"}],"curies":[{"name":"wp","href":"https:\/\/api.w.org\/{rel}","templated":true}]}}