{"id":247758,"date":"2025-10-20T13:55:08","date_gmt":"2025-10-20T12:55:08","guid":{"rendered":"https:\/\/dev.tg4.ie\/?page_id=247758"},"modified":"2025-10-22T10:18:10","modified_gmt":"2025-10-22T09:18:10","slug":"sraith-nua-cula4-do-leanai-mo-sceal-fein-seolta-ag-feile-baboro-na-gaillimhe","status":"publish","type":"page","link":"https:\/\/dev.tg4.ie\/ga\/eolas\/preas\/nuacht-raitis\/2025-2\/sraith-nua-cula4-do-leanai-mo-sceal-fein-seolta-ag-feile-baboro-na-gaillimhe\/","title":{"rendered":"Sraith Nua C\u00fala4 do Leana\u00ed \u2018Mo Sc\u00e9al F\u00e9in\u2019, Seolta ag F\u00e9ile Babor\u00f3 na Gaillimhe"},"content":{"rendered":"<p><img loading=\"lazy\" decoding=\"async\" width=\"1920\" height=\"1080\" src=\"https:\/\/tg4-docs.s3.amazonaws.com\/wp-content\/uploads\/2025\/10\/20135402\/Mo_Sceal_Fein_Cula4_1-1920x1080-1.jpg\" alt=\"\" class=\"aligncenter size-full wp-image-247761\" srcset=\"https:\/\/tg4-docs.s3.amazonaws.com\/wp-content\/uploads\/2025\/10\/20135402\/Mo_Sceal_Fein_Cula4_1-1920x1080-1.jpg 1920w, https:\/\/tg4-docs.s3.amazonaws.com\/wp-content\/uploads\/2025\/10\/20135402\/Mo_Sceal_Fein_Cula4_1-1920x1080-1-250x141.jpg 250w, https:\/\/tg4-docs.s3.amazonaws.com\/wp-content\/uploads\/2025\/10\/20135402\/Mo_Sceal_Fein_Cula4_1-1920x1080-1-700x394.jpg 700w, https:\/\/tg4-docs.s3.amazonaws.com\/wp-content\/uploads\/2025\/10\/20135402\/Mo_Sceal_Fein_Cula4_1-1920x1080-1-252x141.jpg 252w, https:\/\/tg4-docs.s3.amazonaws.com\/wp-content\/uploads\/2025\/10\/20135402\/Mo_Sceal_Fein_Cula4_1-1920x1080-1-1536x864.jpg 1536w, https:\/\/tg4-docs.s3.amazonaws.com\/wp-content\/uploads\/2025\/10\/20135402\/Mo_Sceal_Fein_Cula4_1-1920x1080-1-120x68.jpg 120w\" sizes=\"(max-width: 1920px) 100vw, 1920px\" \/><br \/>\n<center><sup>Pic: Seoladh Mo Sc\u00e9al F\u00e9in<\/sup><\/center><br \/>\n&nbsp;<br \/>\n<iframe loading=\"lazy\" width=\"560\" height=\"315\" src=\"https:\/\/www.youtube.com\/embed\/mXh7qxvOukk?si=5YEoyK-eDWe5GXpa\" title=\"YouTube video player\" frameborder=\"0\" allow=\"accelerometer; autoplay; clipboard-write; encrypted-media; gyroscope; picture-in-picture; web-share\" referrerpolicy=\"strict-origin-when-cross-origin\" allowfullscreen><\/iframe><br \/>\n&nbsp;<br \/>\n&nbsp;<br \/>\nIs c\u00fais bhr\u00f3id do C\u00fala4 agus do Ronin Films an tsraith teilif\u00edse \u2018Mo Sc\u00e9al F\u00e9in\u2019 a sheoladh i dTaibhdhearc na Gaillimhe D\u00e9 hAoine, an 17 Deireadh F\u00f3mhair ag 4pm, mar chuid d\u2019Fh\u00e9ile Idirn\u00e1isi\u00fanta Eala\u00edon Babor\u00f3 do Leana\u00ed na Gaillimhe. Bhailigh lucht sp\u00e9ise \u00f3g, teaghlaigh agus a\u00edonna le ch\u00e9ile chun cruthaitheacht, fiosracht agus comhbh\u00e1 daoine \u00f3ga ar fud na h\u00c9ireann a cheili\u00faradh sula dtaispe\u00e1nfar an tsraith den ch\u00e9ad uair ar C\u00fala4, D\u00e9 hAoine, an 24 Deireadh F\u00f3mhair.<br \/>\n&nbsp;<\/p>\n<p><strong>Maidir le \u2018Mo Sc\u00e9al F\u00e9in\u2019<\/strong><\/p>\n<p>Is sraith teilif\u00edse nua Gaeilge do ph\u00e1ist\u00ed \u00ed \u2018Mo Sc\u00e9al F\u00e9in\u2019 ina bhfuil guthanna agus paisin na ndaoine \u00f3ga i l\u00e1r st\u00e1itse. T\u00e1 an tsraith c\u00faig chl\u00e1r \u00e1 maoini\u00fa ag an gCiste Craolt\u00f3ireachta Gaeilge agus \u00e1 l\u00e9iri\u00fa ag Ronin Films do C\u00fala4, agus tugtar cuireadh don lucht f\u00e9achana daoine \u00f3ga ar fud na h\u00c9ireann a lean\u00faint agus iad ag fiosr\u00fa na ruda\u00ed is m\u00f3 a bhfuil sp\u00e9is acu iontu \u00f3 fhiadh\u00falra, faisean, teicneola\u00edocht agus obair foirne.<\/p>\n<p>Beidh duine n\u00f3 gr\u00fapa daoine \u00f3ga difri\u00fala i ngach cl\u00e1r a bheidh 13 n\u00f3im\u00e9ad ar fhad agus rachaidh siad ar thuras pearsanta taisc\u00e9ala\u00edochta, tuisceana agus spraoi. T\u00e1 an cl\u00e1r d\u00edrithe ar an lucht f\u00e9achana idir 8-13 bliana d\u2019aois agus t\u00e1 measc\u00e1n de sc\u00e9ala\u00edocht tharraingteach agus \u00e1bhar l\u00e1idir Gaeilge sa tsraith, rud a spreagfaidh an chruthaitheacht, spiorad pobail agus gr\u00e1 don<\/p>\n<p>Ghaeilge. T\u00e1 \u2018Mo Sc\u00e9al F\u00e9in\u2019 foirfe do theaghlaigh agus do scoileanna toisc go spreagtar p\u00e1ist\u00ed a n-aisling\u00ed a lean\u00faint agus an domhan m\u00f3rthimpeall orthu a fhiosr\u00fa ina bhfocail f\u00e9in agus ina dteanga f\u00e9in.<br \/>\n&nbsp;<\/p>\n<p><strong>Buaicphoint\u00ed na gCl\u00e1r<\/strong><\/p>\n<p>Nochtfaidh Seoirse Mac Fheidhlimidh as Gort an Choirce stair fhi\u00e1in na mb\u00e9ar in \u00c9irinn, \u00f3 Wild Ireland i nD\u00fan na nGall go hArd-Mh\u00fasaem na h\u00c9ireann, \u00e1it a nd\u00e9anfaidh s\u00e9 scr\u00fad\u00fa ar chn\u00e1mha b\u00e9ar leis an seand\u00e1la\u00ed Marion Dowd.<\/p>\n<p>Leagfaidh Saorla agus Leela as B\u00e9al Feirste uathu na deiseanna digiteacha agus m\u00fachfaidh siad na sc\u00e1ile\u00e1in ar feadh 48 uaire. Rachaidh siad ar zipl\u00edne, ag gearradh puimc\u00edn\u00ed, ag b\u00e1c\u00e1il, agus ag spraoi le coile\u00e1in agus iad ag cur eolas ar an sonas a bhaineann le cairdeas agus leis na ruda\u00ed simpl\u00ed sa saol an athuair.<\/p>\n<p>Fiosr\u00f3idh Lughaidh Marshall as Lurgan, ar mhaith leis a bheith ina \u00e9aneola\u00ed, an t\u00f3ir at\u00e1 aige ar \u00e9in ag Fuinneog Fiadh\u00falra an RSPB agus ar Loch nEathach, \u00e1it a bhfoghlaimeoidh s\u00e9 le haire a thabhairt do ghn\u00e1th\u00f3ga \u00e1iti\u00fala.<\/p>\n<p>Tabharfaidh Emer N\u00ed Chl\u00e9irigh and R\u00edonach Mac Giolla Bh\u00e9in, daoine \u00f3ga a bhfuil d\u00fail acu i bhfaisean, faoi mhisean st\u00edle inbhuanaitheach i mB\u00e9al Feirste tr\u00ed \u00e9ada\u00ed a uasch\u00fars\u00e1il, freastal ar imeachta\u00ed malartaithe, agus a n-imeacht f\u00e9in a \u00f3st\u00e1il lena gcuid cairde.<\/p>\n<p>F\u00e9achfaidh Daniel \u00d3 Maol\u00e1ine as an bhF\u00e1na Bhu\u00ed lena mhadra caorach Nan a thraen\u00e1il, \u00e9 spreagtha ag a uncail ar \u00e9irigh go maith leis sna trialacha \u00e1iti\u00fala, rud a chruth\u00f3idh gur fi\u00fa go m\u00f3r obair foirne agus foighne.<br \/>\n&nbsp;<\/p>\n<p>D\u00fairt <strong>Siobh\u00e1n N\u00ed Bhr\u00e1daigh, Eagarth\u00f3ir Coimisi\u00fanaithe agus Feidhmeannach Ceannach\u00e1n d\u2019\u00c1bhar do Leana\u00ed TG4 agus C\u00fala4<\/strong>:<\/p>\n<p><em>\u201cIs ceili\u00faradh iontach \u00e9 Mo Sc\u00e9al F\u00e9in ar an indibhidi\u00falacht, ar an gcruthaitheacht agus ar an bpobal, agus l\u00e9ir\u00edonn s\u00e9 na luachanna ar fad at\u00e1 againn in C\u00fala4. T\u00e1 f\u00edorbhr\u00f3d orainn guthanna agus sc\u00e9alta daoine \u00f3ga a thaispe\u00e1int ar an sc\u00e1ile\u00e1n ar bhealach at\u00e1 f\u00edor, spra\u00ed\u00fail, agus fr\u00e9amhaithe go l\u00e1idir sa nGaeilge. B\u2019\u00e1bhar inspior\u00e1ide ar fad an d\u00edograis agus an tsamhla\u00edocht a thaispe\u00e1in gach duine a raibh baint acu leis an tsraith seo, agus t\u00e1 s\u00fail againn go spreagfaidh s\u00ed tuilleadh p\u00e1ist\u00ed chun a gcuid sc\u00e9alta f\u00e9in a insint ina bhfocail f\u00e9in.\u201d<\/em><br \/>\n&nbsp;<\/p>\n<p>D\u00fairt <strong>\u00c1ine Walsh, Pr\u00edomhoifigeach Teanga agus Cult\u00fair agus Ceann an ILBF i Sc\u00e1ile\u00e1n Thuaisceart \u00c9ireann<\/strong>:<\/p>\n<p><em>\u201cT\u00e1 r\u00edm\u00e9ad orainn tac\u00fa leis an tsraith \u00e1lainn seo a thugann l\u00e9argas don lucht f\u00e9achana ar na ruda\u00ed a bh\u00edonn ar bun ag Gaeilgeoir\u00ed ina gcuid ama saor. L\u00e9ir\u00edtear a bpaisean agus a ndearctha\u00ed, \u00f3 fhaisean inbhuanaithe, traen\u00e1il madra caorach, b\u00e9ir, \u00e9anbhreathn\u00fa agus staonadh \u00f3 na gairis dhigiteacha fi\u00fa, agus is cinnte go spreagfaidh Mo Sc\u00e9al F\u00e9in daoine \u00f3ga eile chun bheith fiosrach agus chun dul sa seans.\u201d<\/em><br \/>\n&nbsp;<\/p>\n<p>D\u00fairt <strong>Ronan McCloskey \u00f3 Ronin Films<\/strong>:<\/p>\n<p><em>&#8220;T\u00e1 an-bhr\u00f3d orainn go raibh muid p\u00e1irteach i l\u00e9iri\u00fa na gcl\u00e1r seo a rinneadh i gcomhar leis na daoine \u00f3ga f\u00e9in. Is spriocghr\u00fapa an-t\u00e1bhachtach iad seo don Ghaeilge, agus sa chl\u00e1r seo buailfidh muid le daoine \u00f3 ghl\u00fain iontach a bhfuil an-fhonn orthu a gcuid sc\u00e9alta f\u00e9in a insint ina dteanga dh\u00fachais. T\u00e1 s\u00fail againn go nd\u00e9anfaidh muid a l\u00e1n eile de na cl\u00e1racha seo amach anseo.&#8221;<\/em><br \/>\n&nbsp;<br \/>\n&nbsp;<\/p>\n<p><strong>Sonra\u00ed Me\u00e1n S\u00f3isialta C\u00fala4:<\/strong><\/p>\n<p><a href=\"https:\/\/www.cula4.com\" rel=\"noopener\" target=\"_blank\">www.Cula4.com<\/a><\/p>\n<p>YouTube: @C\u00fala4<\/p>\n<p>Instagram: @cula4_tg4<\/p>\n<p>Facebook: C\u00fala4<\/p>\n<p>TikTok: @cula4tg4<br \/>\n&nbsp;<\/p>\n","protected":false},"excerpt":{"rendered":"<p>Pic: Seoladh Mo Sc\u00e9al F\u00e9in &nbsp; &nbsp; &nbsp; Is c\u00fais bhr\u00f3id do C\u00fala4 agus do Ronin Films an tsraith teilif\u00edse \u2018Mo Sc\u00e9al F\u00e9in\u2019 a sheoladh i dTaibhdhearc na Gaillimhe D\u00e9 hAoine, an 17 Deireadh F\u00f3mhair ag 4pm, mar chuid d\u2019Fh\u00e9ile Idirn\u00e1isi\u00fanta Eala\u00edon Babor\u00f3 do Leana\u00ed na Gaillimhe. Bhailigh lucht sp\u00e9ise \u00f3g, teaghlaigh agus a\u00edonna le [&hellip;]<\/p>\n","protected":false},"author":876,"featured_media":0,"parent":236807,"menu_order":61,"comment_status":"closed","ping_status":"closed","template":"page-templates\/template-pr.php","meta":{"_acf_changed":false,"footnotes":""},"acf":[],"yoast_head":"<!-- This site is optimized with the Yoast SEO plugin v22.6 - https:\/\/yoast.com\/wordpress\/plugins\/seo\/ -->\n<title>Sraith Nua C\u00fala4 do Leana\u00ed \u2018Mo Sc\u00e9al F\u00e9in\u2019, Seolta ag F\u00e9ile Babor\u00f3 na Gaillimhe | Preasr\u00e1iteas | TG4<\/title>\n<meta name=\"description\" content=\"Is c\u00fais bhr\u00f3id do TG4 agus do Ronin Films an tsraith teilif\u00edse \u2018Mo Sc\u00e9al F\u00e9in\u2019 a sheoladh i dTaibhdhearc na Gaillimhe D\u00e9 hAoine, an 17 Deireadh F\u00f3mhair ag 4pm, mar chuid d\u2019Fh\u00e9ile Idirn\u00e1isi\u00fanta Eala\u00edon Babor\u00f3 do Leana\u00ed na Gaillimhe.\" \/>\n<meta name=\"robots\" content=\"index, follow, max-snippet:-1, max-image-preview:large, max-video-preview:-1\" \/>\n<meta property=\"og:locale\" content=\"en_US\" \/>\n<meta property=\"og:type\" content=\"article\" \/>\n<meta property=\"og:title\" content=\"Sraith Nua C\u00fala4 do Leana\u00ed \u2018Mo Sc\u00e9al F\u00e9in\u2019, Seolta ag F\u00e9ile Babor\u00f3 na Gaillimhe | Preasr\u00e1iteas | TG4\" \/>\n<meta property=\"og:description\" content=\"Is c\u00fais bhr\u00f3id do TG4 agus do Ronin Films an tsraith teilif\u00edse \u2018Mo Sc\u00e9al F\u00e9in\u2019 a sheoladh i dTaibhdhearc na Gaillimhe D\u00e9 hAoine, an 17 Deireadh F\u00f3mhair ag 4pm, mar chuid d\u2019Fh\u00e9ile Idirn\u00e1isi\u00fanta Eala\u00edon Babor\u00f3 do Leana\u00ed na Gaillimhe.\" \/>\n<meta property=\"og:url\" content=\"https:\/\/dev.tg4.ie\/ga\/eolas\/preas\/nuacht-raitis\/2025-2\/sraith-nua-cula4-do-leanai-mo-sceal-fein-seolta-ag-feile-baboro-na-gaillimhe\/\" \/>\n<meta property=\"og:site_name\" content=\"TG4\" \/>\n<meta property=\"article:publisher\" content=\"https:\/\/www.facebook.com\/TG4TV\" \/>\n<meta property=\"article:modified_time\" content=\"2025-10-22T09:18:10+00:00\" \/>\n<meta property=\"og:image\" content=\"https:\/\/dev.tg4.ie\/wp-content\/uploads\/2025\/10\/Mo_Sceal_Fein_Cula4_1-1920x1080-1.jpg\" \/>\n<meta name=\"twitter:card\" content=\"summary_large_image\" \/>\n<meta name=\"twitter:site\" content=\"@TG4TV\" \/>\n<meta name=\"twitter:label1\" content=\"Est. reading time\" \/>\n\t<meta name=\"twitter:data1\" content=\"4 minutes\" \/>\n<script type=\"application\/ld+json\" class=\"yoast-schema-graph\">{\"@context\":\"https:\/\/schema.org\",\"@graph\":[{\"@type\":\"WebPage\",\"@id\":\"https:\/\/dev.tg4.ie\/ga\/eolas\/preas\/nuacht-raitis\/2025-2\/sraith-nua-cula4-do-leanai-mo-sceal-fein-seolta-ag-feile-baboro-na-gaillimhe\/\",\"url\":\"https:\/\/dev.tg4.ie\/ga\/eolas\/preas\/nuacht-raitis\/2025-2\/sraith-nua-cula4-do-leanai-mo-sceal-fein-seolta-ag-feile-baboro-na-gaillimhe\/\",\"name\":\"Sraith Nua C\u00fala4 do Leana\u00ed \u2018Mo Sc\u00e9al F\u00e9in\u2019, Seolta ag F\u00e9ile Babor\u00f3 na Gaillimhe | Preasr\u00e1iteas | TG4\",\"isPartOf\":{\"@id\":\"https:\/\/dev.tg4.ie\/en\/#website\"},\"primaryImageOfPage\":{\"@id\":\"https:\/\/dev.tg4.ie\/ga\/eolas\/preas\/nuacht-raitis\/2025-2\/sraith-nua-cula4-do-leanai-mo-sceal-fein-seolta-ag-feile-baboro-na-gaillimhe\/#primaryimage\"},\"image\":{\"@id\":\"https:\/\/dev.tg4.ie\/ga\/eolas\/preas\/nuacht-raitis\/2025-2\/sraith-nua-cula4-do-leanai-mo-sceal-fein-seolta-ag-feile-baboro-na-gaillimhe\/#primaryimage\"},\"thumbnailUrl\":\"https:\/\/dev.tg4.ie\/wp-content\/uploads\/2025\/10\/Mo_Sceal_Fein_Cula4_1-1920x1080-1.jpg\",\"datePublished\":\"2025-10-20T12:55:08+00:00\",\"dateModified\":\"2025-10-22T09:18:10+00:00\",\"description\":\"Is c\u00fais bhr\u00f3id do TG4 agus do Ronin Films an tsraith teilif\u00edse \u2018Mo Sc\u00e9al F\u00e9in\u2019 a sheoladh i dTaibhdhearc na Gaillimhe D\u00e9 hAoine, an 17 Deireadh F\u00f3mhair ag 4pm, mar chuid d\u2019Fh\u00e9ile Idirn\u00e1isi\u00fanta Eala\u00edon Babor\u00f3 do Leana\u00ed na Gaillimhe.\",\"breadcrumb\":{\"@id\":\"https:\/\/dev.tg4.ie\/ga\/eolas\/preas\/nuacht-raitis\/2025-2\/sraith-nua-cula4-do-leanai-mo-sceal-fein-seolta-ag-feile-baboro-na-gaillimhe\/#breadcrumb\"},\"inLanguage\":\"ga\",\"potentialAction\":[{\"@type\":\"ReadAction\",\"target\":[\"https:\/\/dev.tg4.ie\/ga\/eolas\/preas\/nuacht-raitis\/2025-2\/sraith-nua-cula4-do-leanai-mo-sceal-fein-seolta-ag-feile-baboro-na-gaillimhe\/\"]}]},{\"@type\":\"ImageObject\",\"inLanguage\":\"ga\",\"@id\":\"https:\/\/dev.tg4.ie\/ga\/eolas\/preas\/nuacht-raitis\/2025-2\/sraith-nua-cula4-do-leanai-mo-sceal-fein-seolta-ag-feile-baboro-na-gaillimhe\/#primaryimage\",\"url\":\"https:\/\/dev.tg4.ie\/wp-content\/uploads\/2025\/10\/Mo_Sceal_Fein_Cula4_1-1920x1080-1.jpg\",\"contentUrl\":\"https:\/\/dev.tg4.ie\/wp-content\/uploads\/2025\/10\/Mo_Sceal_Fein_Cula4_1-1920x1080-1.jpg\"},{\"@type\":\"BreadcrumbList\",\"@id\":\"https:\/\/dev.tg4.ie\/ga\/eolas\/preas\/nuacht-raitis\/2025-2\/sraith-nua-cula4-do-leanai-mo-sceal-fein-seolta-ag-feile-baboro-na-gaillimhe\/#breadcrumb\",\"itemListElement\":[{\"@type\":\"ListItem\",\"position\":1,\"name\":\"Home\",\"item\":\"https:\/\/dev.tg4.ie\/ga\/\"},{\"@type\":\"ListItem\",\"position\":2,\"name\":\"Eolas\",\"item\":\"https:\/\/dev.tg4.ie\/ga\/eolas\/\"},{\"@type\":\"ListItem\",\"position\":3,\"name\":\"Preas\",\"item\":\"https:\/\/dev.tg4.ie\/ga\/eolas\/preas\/\"},{\"@type\":\"ListItem\",\"position\":4,\"name\":\"Nuacht R\u00e1itis\",\"item\":\"https:\/\/dev.tg4.ie\/ga\/eolas\/preas\/nuacht-raitis\/\"},{\"@type\":\"ListItem\",\"position\":5,\"name\":\"2025\",\"item\":\"https:\/\/dev.tg4.ie\/ga\/eolas\/preas\/nuacht-raitis\/2025-2\/\"},{\"@type\":\"ListItem\",\"position\":6,\"name\":\"Sraith Nua C\u00fala4 do Leana\u00ed \u2018Mo Sc\u00e9al F\u00e9in\u2019, Seolta ag F\u00e9ile Babor\u00f3 na Gaillimhe\"}]},{\"@type\":\"WebSite\",\"@id\":\"https:\/\/dev.tg4.ie\/en\/#website\",\"url\":\"https:\/\/dev.tg4.ie\/en\/\",\"name\":\"TG4\",\"description\":\"S\u00fail Eile\",\"potentialAction\":[{\"@type\":\"SearchAction\",\"target\":{\"@type\":\"EntryPoint\",\"urlTemplate\":\"https:\/\/dev.tg4.ie\/en\/?s={search_term_string}\"},\"query-input\":\"required name=search_term_string\"}],\"inLanguage\":\"ga\"}]}<\/script>\n<!-- \/ Yoast SEO plugin. -->","yoast_head_json":{"title":"Sraith Nua C\u00fala4 do Leana\u00ed \u2018Mo Sc\u00e9al F\u00e9in\u2019, Seolta ag F\u00e9ile Babor\u00f3 na Gaillimhe | Preasr\u00e1iteas | TG4","description":"Is c\u00fais bhr\u00f3id do TG4 agus do Ronin Films an tsraith teilif\u00edse \u2018Mo Sc\u00e9al F\u00e9in\u2019 a sheoladh i dTaibhdhearc na Gaillimhe D\u00e9 hAoine, an 17 Deireadh F\u00f3mhair ag 4pm, mar chuid d\u2019Fh\u00e9ile Idirn\u00e1isi\u00fanta Eala\u00edon Babor\u00f3 do Leana\u00ed na Gaillimhe.","robots":{"index":"index","follow":"follow","max-snippet":"max-snippet:-1","max-image-preview":"max-image-preview:large","max-video-preview":"max-video-preview:-1"},"og_locale":"en_US","og_type":"article","og_title":"Sraith Nua C\u00fala4 do Leana\u00ed \u2018Mo Sc\u00e9al F\u00e9in\u2019, Seolta ag F\u00e9ile Babor\u00f3 na Gaillimhe | Preasr\u00e1iteas | TG4","og_description":"Is c\u00fais bhr\u00f3id do TG4 agus do Ronin Films an tsraith teilif\u00edse \u2018Mo Sc\u00e9al F\u00e9in\u2019 a sheoladh i dTaibhdhearc na Gaillimhe D\u00e9 hAoine, an 17 Deireadh F\u00f3mhair ag 4pm, mar chuid d\u2019Fh\u00e9ile Idirn\u00e1isi\u00fanta Eala\u00edon Babor\u00f3 do Leana\u00ed na Gaillimhe.","og_url":"https:\/\/dev.tg4.ie\/ga\/eolas\/preas\/nuacht-raitis\/2025-2\/sraith-nua-cula4-do-leanai-mo-sceal-fein-seolta-ag-feile-baboro-na-gaillimhe\/","og_site_name":"TG4","article_publisher":"https:\/\/www.facebook.com\/TG4TV","article_modified_time":"2025-10-22T09:18:10+00:00","og_image":[{"url":"https:\/\/dev.tg4.ie\/wp-content\/uploads\/2025\/10\/Mo_Sceal_Fein_Cula4_1-1920x1080-1.jpg"}],"twitter_card":"summary_large_image","twitter_site":"@TG4TV","twitter_misc":{"Est. reading time":"4 minutes"},"schema":{"@context":"https:\/\/schema.org","@graph":[{"@type":"WebPage","@id":"https:\/\/dev.tg4.ie\/ga\/eolas\/preas\/nuacht-raitis\/2025-2\/sraith-nua-cula4-do-leanai-mo-sceal-fein-seolta-ag-feile-baboro-na-gaillimhe\/","url":"https:\/\/dev.tg4.ie\/ga\/eolas\/preas\/nuacht-raitis\/2025-2\/sraith-nua-cula4-do-leanai-mo-sceal-fein-seolta-ag-feile-baboro-na-gaillimhe\/","name":"Sraith Nua C\u00fala4 do Leana\u00ed \u2018Mo Sc\u00e9al F\u00e9in\u2019, Seolta ag F\u00e9ile Babor\u00f3 na Gaillimhe | Preasr\u00e1iteas | TG4","isPartOf":{"@id":"https:\/\/dev.tg4.ie\/en\/#website"},"primaryImageOfPage":{"@id":"https:\/\/dev.tg4.ie\/ga\/eolas\/preas\/nuacht-raitis\/2025-2\/sraith-nua-cula4-do-leanai-mo-sceal-fein-seolta-ag-feile-baboro-na-gaillimhe\/#primaryimage"},"image":{"@id":"https:\/\/dev.tg4.ie\/ga\/eolas\/preas\/nuacht-raitis\/2025-2\/sraith-nua-cula4-do-leanai-mo-sceal-fein-seolta-ag-feile-baboro-na-gaillimhe\/#primaryimage"},"thumbnailUrl":"https:\/\/dev.tg4.ie\/wp-content\/uploads\/2025\/10\/Mo_Sceal_Fein_Cula4_1-1920x1080-1.jpg","datePublished":"2025-10-20T12:55:08+00:00","dateModified":"2025-10-22T09:18:10+00:00","description":"Is c\u00fais bhr\u00f3id do TG4 agus do Ronin Films an tsraith teilif\u00edse \u2018Mo Sc\u00e9al F\u00e9in\u2019 a sheoladh i dTaibhdhearc na Gaillimhe D\u00e9 hAoine, an 17 Deireadh F\u00f3mhair ag 4pm, mar chuid d\u2019Fh\u00e9ile Idirn\u00e1isi\u00fanta Eala\u00edon Babor\u00f3 do Leana\u00ed na Gaillimhe.","breadcrumb":{"@id":"https:\/\/dev.tg4.ie\/ga\/eolas\/preas\/nuacht-raitis\/2025-2\/sraith-nua-cula4-do-leanai-mo-sceal-fein-seolta-ag-feile-baboro-na-gaillimhe\/#breadcrumb"},"inLanguage":"ga","potentialAction":[{"@type":"ReadAction","target":["https:\/\/dev.tg4.ie\/ga\/eolas\/preas\/nuacht-raitis\/2025-2\/sraith-nua-cula4-do-leanai-mo-sceal-fein-seolta-ag-feile-baboro-na-gaillimhe\/"]}]},{"@type":"ImageObject","inLanguage":"ga","@id":"https:\/\/dev.tg4.ie\/ga\/eolas\/preas\/nuacht-raitis\/2025-2\/sraith-nua-cula4-do-leanai-mo-sceal-fein-seolta-ag-feile-baboro-na-gaillimhe\/#primaryimage","url":"https:\/\/dev.tg4.ie\/wp-content\/uploads\/2025\/10\/Mo_Sceal_Fein_Cula4_1-1920x1080-1.jpg","contentUrl":"https:\/\/dev.tg4.ie\/wp-content\/uploads\/2025\/10\/Mo_Sceal_Fein_Cula4_1-1920x1080-1.jpg"},{"@type":"BreadcrumbList","@id":"https:\/\/dev.tg4.ie\/ga\/eolas\/preas\/nuacht-raitis\/2025-2\/sraith-nua-cula4-do-leanai-mo-sceal-fein-seolta-ag-feile-baboro-na-gaillimhe\/#breadcrumb","itemListElement":[{"@type":"ListItem","position":1,"name":"Home","item":"https:\/\/dev.tg4.ie\/ga\/"},{"@type":"ListItem","position":2,"name":"Eolas","item":"https:\/\/dev.tg4.ie\/ga\/eolas\/"},{"@type":"ListItem","position":3,"name":"Preas","item":"https:\/\/dev.tg4.ie\/ga\/eolas\/preas\/"},{"@type":"ListItem","position":4,"name":"Nuacht R\u00e1itis","item":"https:\/\/dev.tg4.ie\/ga\/eolas\/preas\/nuacht-raitis\/"},{"@type":"ListItem","position":5,"name":"2025","item":"https:\/\/dev.tg4.ie\/ga\/eolas\/preas\/nuacht-raitis\/2025-2\/"},{"@type":"ListItem","position":6,"name":"Sraith Nua C\u00fala4 do Leana\u00ed \u2018Mo Sc\u00e9al F\u00e9in\u2019, Seolta ag F\u00e9ile Babor\u00f3 na Gaillimhe"}]},{"@type":"WebSite","@id":"https:\/\/dev.tg4.ie\/en\/#website","url":"https:\/\/dev.tg4.ie\/en\/","name":"TG4","description":"S\u00fail Eile","potentialAction":[{"@type":"SearchAction","target":{"@type":"EntryPoint","urlTemplate":"https:\/\/dev.tg4.ie\/en\/?s={search_term_string}"},"query-input":"required name=search_term_string"}],"inLanguage":"ga"}]}},"_links":{"self":[{"href":"https:\/\/dev.tg4.ie\/ga\/wp-json\/wp\/v2\/pages\/247758"}],"collection":[{"href":"https:\/\/dev.tg4.ie\/ga\/wp-json\/wp\/v2\/pages"}],"about":[{"href":"https:\/\/dev.tg4.ie\/ga\/wp-json\/wp\/v2\/types\/page"}],"author":[{"embeddable":true,"href":"https:\/\/dev.tg4.ie\/ga\/wp-json\/wp\/v2\/users\/876"}],"replies":[{"embeddable":true,"href":"https:\/\/dev.tg4.ie\/ga\/wp-json\/wp\/v2\/comments?post=247758"}],"version-history":[{"count":0,"href":"https:\/\/dev.tg4.ie\/ga\/wp-json\/wp\/v2\/pages\/247758\/revisions"}],"up":[{"embeddable":true,"href":"https:\/\/dev.tg4.ie\/ga\/wp-json\/wp\/v2\/pages\/236807"}],"wp:attachment":[{"href":"https:\/\/dev.tg4.ie\/ga\/wp-json\/wp\/v2\/media?parent=247758"}],"curies":[{"name":"wp","href":"https:\/\/api.w.org\/{rel}","templated":true}]}}