{"id":247794,"date":"2025-10-21T17:47:39","date_gmt":"2025-10-21T16:47:39","guid":{"rendered":"https:\/\/dev.tg4.ie\/?page_id=247794"},"modified":"2025-10-22T10:18:59","modified_gmt":"2025-10-22T09:18:59","slug":"stiurthoir-abhair-a-lorg-ag-tg4","status":"publish","type":"page","link":"https:\/\/dev.tg4.ie\/ga\/eolas\/preas\/nuacht-raitis\/2025-2\/stiurthoir-abhair-a-lorg-ag-tg4\/","title":{"rendered":"Sti\u00farth\u00f3ir \u00c1bhair \u00e1 Lorg ag TG4"},"content":{"rendered":"<p><img loading=\"lazy\" decoding=\"async\" width=\"1920\" height=\"1080\" src=\"https:\/\/tg4-docs.s3.amazonaws.com\/wp-content\/uploads\/2025\/10\/21174638\/Stiurthoir_Abhair_2025_1-1920x1080-1.jpg\" alt=\"\" class=\"aligncenter size-full wp-image-247796\" srcset=\"https:\/\/tg4-docs.s3.amazonaws.com\/wp-content\/uploads\/2025\/10\/21174638\/Stiurthoir_Abhair_2025_1-1920x1080-1.jpg 1920w, https:\/\/tg4-docs.s3.amazonaws.com\/wp-content\/uploads\/2025\/10\/21174638\/Stiurthoir_Abhair_2025_1-1920x1080-1-250x141.jpg 250w, https:\/\/tg4-docs.s3.amazonaws.com\/wp-content\/uploads\/2025\/10\/21174638\/Stiurthoir_Abhair_2025_1-1920x1080-1-700x394.jpg 700w, https:\/\/tg4-docs.s3.amazonaws.com\/wp-content\/uploads\/2025\/10\/21174638\/Stiurthoir_Abhair_2025_1-1920x1080-1-252x141.jpg 252w, https:\/\/tg4-docs.s3.amazonaws.com\/wp-content\/uploads\/2025\/10\/21174638\/Stiurthoir_Abhair_2025_1-1920x1080-1-1536x864.jpg 1536w, https:\/\/tg4-docs.s3.amazonaws.com\/wp-content\/uploads\/2025\/10\/21174638\/Stiurthoir_Abhair_2025_1-1920x1080-1-120x68.jpg 120w\" sizes=\"(max-width: 1920px) 100vw, 1920px\" \/><br \/>\n&nbsp;<br \/>\n<iframe loading=\"lazy\" width=\"560\" height=\"315\" src=\"https:\/\/www.youtube.com\/embed\/x-j4QgQNSHI?si=c-K8UyfLMfbZsPvx\" title=\"YouTube video player\" frameborder=\"0\" allow=\"accelerometer; autoplay; clipboard-write; encrypted-media; gyroscope; picture-in-picture; web-share\" referrerpolicy=\"strict-origin-when-cross-origin\" allowfullscreen><\/iframe><br \/>\n&nbsp;<br \/>\n&nbsp;<br \/>\nT\u00e1 post f\u00f3gartha ag TG4 do Sti\u00farth\u00f3ir \u00c1bhair ar chonradh seacht mbliana. <\/p>\n<p>Post nua \u00e9 seo agus teasta\u00edonn \u00f3 TG4 duine a bhfuil ardchumas cruthaitheachta agus eagarth\u00f3ireachta ann a cheapadh ar fhoireann ardbhainist\u00edochta TG4 chun strait\u00e9is \u00e1bhair TG4 a sti\u00faradh agus a chur i bhfeidhm.  <\/p>\n<p>Beidh an t\u00e9 a cheapfar freagrach as strait\u00e9is \u00e1bhair dh\u00e1na, \u00e9ags\u00fail agus nu\u00e1lach, a fhreastala\u00edonn ar lucht f\u00e9achana na Gaeilge ar fud an domhain sa r\u00e9 ilard\u00e1n.<\/p>\n<p>Beidh f\u00eds chruthaitheach ag an t\u00e9 a cheapfar chun \u00e1bhar a choimisi\u00fan\u00fa trasard\u00e1in, ag cinnti\u00fa go mbeidh r\u00f3l ar leith TG4 mar mhe\u00e1n seirbh\u00edse poibl\u00ed na Gaeilge i r\u00e9im i margadh domhanda na me\u00e1n. Beidh s\u00e1rthuiscint ag an iarrth\u00f3ir ar n\u00f3sanna agus ar mhianta an lucht f\u00e9achana at\u00e1 ag athr\u00fa agus ar na d\u00fashl\u00e1in at\u00e1 ann lucht f\u00e9achana a mhealladh sa r\u00e9 dhigiteach.  Beidh tuiscint ag an iarrth\u00f3ir ar shonra\u00ed at\u00e1 bunaithe ar fhianaise a \u00fas\u00e1id, ina measc, l\u00e9argais lucht f\u00e9achana trasard\u00e1in a \u00fas\u00e1id chun tac\u00fa leis an bpr\u00f3iseas cinnteoireachta maidir leis an strait\u00e9is coimisi\u00fanaithe agus maidir le branda TG4 a fhorbairt agus a lucht f\u00e9achana a fh\u00e1s. <\/p>\n<p>Ceannaire a bhfuil cur chuige cruthaitheach spreag\u00fail aici n\u00f3 aige, mar aon le scileanna idirphearsanta den scoth, at\u00e1 \u00e1 lorg don r\u00f3l seo.  N\u00ed m\u00f3r taith\u00ed i r\u00f3l bainist\u00edochta, ar chomhph\u00e1irt\u00edochta\u00ed agus idirbhearta\u00edochta\u00ed a bhainisti\u00fa agus ar chumas\u00fa foirne agus earn\u00e1la bheith ag an iarrth\u00f3ir. Cuirfidh an t-iarrth\u00f3ir timpeallacht mhaith oibre chun cinn i measc na foirne agus san earn\u00e1il l\u00e9iri\u00fach\u00e1in chun tallann nua a choth\u00fa agus a chumas\u00fa.<\/p>\n<p>Beidh taith\u00ed mh\u00f3r ag an iarrth\u00f3ir ar \u00e1bhar a l\u00e9iri\u00fa agus a choimisi\u00fan\u00fa mar aon le dea-ch\u00e1il ar an t\u00e9 sin san earn\u00e1il l\u00e9iri\u00fach\u00e1in agus craolt\u00f3ireachta n\u00f3 i r\u00e9imse inaistrithe eile.<\/p>\n<p>I gceann\u00e1ras TG4 at\u00e1 an post seo lonnaithe ach t\u00e1 polasa\u00ed oibre sol\u00fabtha ag TG4, agus d\u00e1 bharr, cuirfidh TG4 f\u00e1ilte roimh iarratais as aon \u00e1it sa t\u00edr ar an bpost seo.<br \/>\n&nbsp;<\/p>\n<p>T\u00e1 go dt\u00ed an 14 Samhain ag daoine chun iarratas a dh\u00e9anamh ar an bpost.<br \/>\n&nbsp;<\/p>\n<p><strong>Deirdre N\u00ed Choist\u00edn, Ard-Sti\u00farth\u00f3ir TG4<\/strong> <em>\u201cIs deis \u00e9 seo do dhuine ar leith chun \u00e1bhar cruthaitheach TG4 a threor\u00fa agus a chur i bhfeidhm ar gach ard\u00e1n.  T\u00e1 t\u00e1bhacht n\u00edos m\u00f3 n\u00e1 riamh le \u2018s\u00fail eile\u2019 TG4 sa r\u00e9 ilard\u00e1n ina bhfuil na me\u00e1in dhomhanda i r\u00e9im.  T\u00e1imid ag lorg duine an-chruthaitheach a bhfuil s\u00e1rthaith\u00ed agus eolas acu ar l\u00e9iri\u00fach\u00e1in na me\u00e1n, at\u00e1 in ann cinnithe cruthaitheacha d\u00e1na a th\u00f3g\u00e1il agus a thuigeann mianta an lucht f\u00e9achana teacht ar bord linn i TG4 chun an t-\u00e1bhar is fearr a chur ar f\u00e1il d\u00e1r lucht f\u00e9achana.\u201d<\/em><br \/>\n&nbsp;<br \/>\nT\u00e1 nithe ann at\u00e1 riachtanach don phost seo agus t\u00e1 tuilleadh eolais f\u00fathu sin le f\u00e1il anseo: <a href=\"https:\/\/dev.tg4.ie\/Foluntais\" rel=\"noopener\" target=\"_blank\">https:\/\/dev.tg4.ie\/Foluntais<\/a><br \/>\n&nbsp;<\/p>\n","protected":false},"excerpt":{"rendered":"<p>&nbsp; &nbsp; &nbsp; T\u00e1 post f\u00f3gartha ag TG4 do Sti\u00farth\u00f3ir \u00c1bhair ar chonradh seacht mbliana. Post nua \u00e9 seo agus teasta\u00edonn \u00f3 TG4 duine a bhfuil ardchumas cruthaitheachta agus eagarth\u00f3ireachta ann a cheapadh ar fhoireann ardbhainist\u00edochta TG4 chun strait\u00e9is \u00e1bhair TG4 a sti\u00faradh agus a chur i bhfeidhm. Beidh an t\u00e9 a cheapfar freagrach as [&hellip;]<\/p>\n","protected":false},"author":876,"featured_media":0,"parent":236807,"menu_order":62,"comment_status":"closed","ping_status":"closed","template":"page-templates\/template-pr.php","meta":{"_acf_changed":false,"footnotes":""},"acf":[],"yoast_head":"<!-- This site is optimized with the Yoast SEO plugin v22.6 - https:\/\/yoast.com\/wordpress\/plugins\/seo\/ -->\n<title>Sti\u00farth\u00f3ir \u00c1bhair \u00e1 Lorg ag TG4 | Preasr\u00e1iteas | TG4<\/title>\n<meta name=\"description\" content=\"T\u00e1 post f\u00f3gartha ag TG4 do Sti\u00farth\u00f3ir \u00c1bhair ar chonradh seacht mbliana.Post nua \u00e9 seo agus teasta\u00edonn \u00f3 TG4 duine a bhfuil ardchumas cruthaitheachta agus eagarth\u00f3ireachta ann a cheapadh ar fhoireann ardbhainist\u00edochta TG4 chun strait\u00e9is \u00e1bhair TG4 a sti\u00faradh agus a chur i bhfeidhm.\" \/>\n<meta name=\"robots\" content=\"index, follow, max-snippet:-1, max-image-preview:large, max-video-preview:-1\" \/>\n<meta property=\"og:locale\" content=\"en_US\" \/>\n<meta property=\"og:type\" content=\"article\" \/>\n<meta property=\"og:title\" content=\"Sti\u00farth\u00f3ir \u00c1bhair \u00e1 Lorg ag TG4 | Preasr\u00e1iteas | TG4\" \/>\n<meta property=\"og:description\" content=\"T\u00e1 post f\u00f3gartha ag TG4 do Sti\u00farth\u00f3ir \u00c1bhair ar chonradh seacht mbliana.Post nua \u00e9 seo agus teasta\u00edonn \u00f3 TG4 duine a bhfuil ardchumas cruthaitheachta agus eagarth\u00f3ireachta ann a cheapadh ar fhoireann ardbhainist\u00edochta TG4 chun strait\u00e9is \u00e1bhair TG4 a sti\u00faradh agus a chur i bhfeidhm.\" \/>\n<meta property=\"og:url\" content=\"https:\/\/dev.tg4.ie\/ga\/eolas\/preas\/nuacht-raitis\/2025-2\/stiurthoir-abhair-a-lorg-ag-tg4\/\" \/>\n<meta property=\"og:site_name\" content=\"TG4\" \/>\n<meta property=\"article:publisher\" content=\"https:\/\/www.facebook.com\/TG4TV\" \/>\n<meta property=\"article:modified_time\" content=\"2025-10-22T09:18:59+00:00\" \/>\n<meta property=\"og:image\" content=\"https:\/\/dev.tg4.ie\/wp-content\/uploads\/2025\/10\/Stiurthoir_Abhair_2025_1-1920x1080-1.jpg\" \/>\n<meta name=\"twitter:card\" content=\"summary_large_image\" \/>\n<meta name=\"twitter:site\" content=\"@TG4TV\" \/>\n<meta name=\"twitter:label1\" content=\"Est. reading time\" \/>\n\t<meta name=\"twitter:data1\" content=\"3 minutes\" \/>\n<script type=\"application\/ld+json\" class=\"yoast-schema-graph\">{\"@context\":\"https:\/\/schema.org\",\"@graph\":[{\"@type\":\"WebPage\",\"@id\":\"https:\/\/dev.tg4.ie\/ga\/eolas\/preas\/nuacht-raitis\/2025-2\/stiurthoir-abhair-a-lorg-ag-tg4\/\",\"url\":\"https:\/\/dev.tg4.ie\/ga\/eolas\/preas\/nuacht-raitis\/2025-2\/stiurthoir-abhair-a-lorg-ag-tg4\/\",\"name\":\"Sti\u00farth\u00f3ir \u00c1bhair \u00e1 Lorg ag TG4 | Preasr\u00e1iteas | TG4\",\"isPartOf\":{\"@id\":\"https:\/\/dev.tg4.ie\/en\/#website\"},\"primaryImageOfPage\":{\"@id\":\"https:\/\/dev.tg4.ie\/ga\/eolas\/preas\/nuacht-raitis\/2025-2\/stiurthoir-abhair-a-lorg-ag-tg4\/#primaryimage\"},\"image\":{\"@id\":\"https:\/\/dev.tg4.ie\/ga\/eolas\/preas\/nuacht-raitis\/2025-2\/stiurthoir-abhair-a-lorg-ag-tg4\/#primaryimage\"},\"thumbnailUrl\":\"https:\/\/dev.tg4.ie\/wp-content\/uploads\/2025\/10\/Stiurthoir_Abhair_2025_1-1920x1080-1.jpg\",\"datePublished\":\"2025-10-21T16:47:39+00:00\",\"dateModified\":\"2025-10-22T09:18:59+00:00\",\"description\":\"T\u00e1 post f\u00f3gartha ag TG4 do Sti\u00farth\u00f3ir \u00c1bhair ar chonradh seacht mbliana.Post nua \u00e9 seo agus teasta\u00edonn \u00f3 TG4 duine a bhfuil ardchumas cruthaitheachta agus eagarth\u00f3ireachta ann a cheapadh ar fhoireann ardbhainist\u00edochta TG4 chun strait\u00e9is \u00e1bhair TG4 a sti\u00faradh agus a chur i bhfeidhm.\",\"breadcrumb\":{\"@id\":\"https:\/\/dev.tg4.ie\/ga\/eolas\/preas\/nuacht-raitis\/2025-2\/stiurthoir-abhair-a-lorg-ag-tg4\/#breadcrumb\"},\"inLanguage\":\"ga\",\"potentialAction\":[{\"@type\":\"ReadAction\",\"target\":[\"https:\/\/dev.tg4.ie\/ga\/eolas\/preas\/nuacht-raitis\/2025-2\/stiurthoir-abhair-a-lorg-ag-tg4\/\"]}]},{\"@type\":\"ImageObject\",\"inLanguage\":\"ga\",\"@id\":\"https:\/\/dev.tg4.ie\/ga\/eolas\/preas\/nuacht-raitis\/2025-2\/stiurthoir-abhair-a-lorg-ag-tg4\/#primaryimage\",\"url\":\"https:\/\/dev.tg4.ie\/wp-content\/uploads\/2025\/10\/Stiurthoir_Abhair_2025_1-1920x1080-1.jpg\",\"contentUrl\":\"https:\/\/dev.tg4.ie\/wp-content\/uploads\/2025\/10\/Stiurthoir_Abhair_2025_1-1920x1080-1.jpg\"},{\"@type\":\"BreadcrumbList\",\"@id\":\"https:\/\/dev.tg4.ie\/ga\/eolas\/preas\/nuacht-raitis\/2025-2\/stiurthoir-abhair-a-lorg-ag-tg4\/#breadcrumb\",\"itemListElement\":[{\"@type\":\"ListItem\",\"position\":1,\"name\":\"Home\",\"item\":\"https:\/\/dev.tg4.ie\/ga\/\"},{\"@type\":\"ListItem\",\"position\":2,\"name\":\"Eolas\",\"item\":\"https:\/\/dev.tg4.ie\/ga\/eolas\/\"},{\"@type\":\"ListItem\",\"position\":3,\"name\":\"Preas\",\"item\":\"https:\/\/dev.tg4.ie\/ga\/eolas\/preas\/\"},{\"@type\":\"ListItem\",\"position\":4,\"name\":\"Nuacht R\u00e1itis\",\"item\":\"https:\/\/dev.tg4.ie\/ga\/eolas\/preas\/nuacht-raitis\/\"},{\"@type\":\"ListItem\",\"position\":5,\"name\":\"2025\",\"item\":\"https:\/\/dev.tg4.ie\/ga\/eolas\/preas\/nuacht-raitis\/2025-2\/\"},{\"@type\":\"ListItem\",\"position\":6,\"name\":\"Sti\u00farth\u00f3ir \u00c1bhair \u00e1 Lorg ag TG4\"}]},{\"@type\":\"WebSite\",\"@id\":\"https:\/\/dev.tg4.ie\/en\/#website\",\"url\":\"https:\/\/dev.tg4.ie\/en\/\",\"name\":\"TG4\",\"description\":\"S\u00fail Eile\",\"potentialAction\":[{\"@type\":\"SearchAction\",\"target\":{\"@type\":\"EntryPoint\",\"urlTemplate\":\"https:\/\/dev.tg4.ie\/en\/?s={search_term_string}\"},\"query-input\":\"required name=search_term_string\"}],\"inLanguage\":\"ga\"}]}<\/script>\n<!-- \/ Yoast SEO plugin. -->","yoast_head_json":{"title":"Sti\u00farth\u00f3ir \u00c1bhair \u00e1 Lorg ag TG4 | Preasr\u00e1iteas | TG4","description":"T\u00e1 post f\u00f3gartha ag TG4 do Sti\u00farth\u00f3ir \u00c1bhair ar chonradh seacht mbliana.Post nua \u00e9 seo agus teasta\u00edonn \u00f3 TG4 duine a bhfuil ardchumas cruthaitheachta agus eagarth\u00f3ireachta ann a cheapadh ar fhoireann ardbhainist\u00edochta TG4 chun strait\u00e9is \u00e1bhair TG4 a sti\u00faradh agus a chur i bhfeidhm.","robots":{"index":"index","follow":"follow","max-snippet":"max-snippet:-1","max-image-preview":"max-image-preview:large","max-video-preview":"max-video-preview:-1"},"og_locale":"en_US","og_type":"article","og_title":"Sti\u00farth\u00f3ir \u00c1bhair \u00e1 Lorg ag TG4 | Preasr\u00e1iteas | TG4","og_description":"T\u00e1 post f\u00f3gartha ag TG4 do Sti\u00farth\u00f3ir \u00c1bhair ar chonradh seacht mbliana.Post nua \u00e9 seo agus teasta\u00edonn \u00f3 TG4 duine a bhfuil ardchumas cruthaitheachta agus eagarth\u00f3ireachta ann a cheapadh ar fhoireann ardbhainist\u00edochta TG4 chun strait\u00e9is \u00e1bhair TG4 a sti\u00faradh agus a chur i bhfeidhm.","og_url":"https:\/\/dev.tg4.ie\/ga\/eolas\/preas\/nuacht-raitis\/2025-2\/stiurthoir-abhair-a-lorg-ag-tg4\/","og_site_name":"TG4","article_publisher":"https:\/\/www.facebook.com\/TG4TV","article_modified_time":"2025-10-22T09:18:59+00:00","og_image":[{"url":"https:\/\/dev.tg4.ie\/wp-content\/uploads\/2025\/10\/Stiurthoir_Abhair_2025_1-1920x1080-1.jpg"}],"twitter_card":"summary_large_image","twitter_site":"@TG4TV","twitter_misc":{"Est. reading time":"3 minutes"},"schema":{"@context":"https:\/\/schema.org","@graph":[{"@type":"WebPage","@id":"https:\/\/dev.tg4.ie\/ga\/eolas\/preas\/nuacht-raitis\/2025-2\/stiurthoir-abhair-a-lorg-ag-tg4\/","url":"https:\/\/dev.tg4.ie\/ga\/eolas\/preas\/nuacht-raitis\/2025-2\/stiurthoir-abhair-a-lorg-ag-tg4\/","name":"Sti\u00farth\u00f3ir \u00c1bhair \u00e1 Lorg ag TG4 | Preasr\u00e1iteas | TG4","isPartOf":{"@id":"https:\/\/dev.tg4.ie\/en\/#website"},"primaryImageOfPage":{"@id":"https:\/\/dev.tg4.ie\/ga\/eolas\/preas\/nuacht-raitis\/2025-2\/stiurthoir-abhair-a-lorg-ag-tg4\/#primaryimage"},"image":{"@id":"https:\/\/dev.tg4.ie\/ga\/eolas\/preas\/nuacht-raitis\/2025-2\/stiurthoir-abhair-a-lorg-ag-tg4\/#primaryimage"},"thumbnailUrl":"https:\/\/dev.tg4.ie\/wp-content\/uploads\/2025\/10\/Stiurthoir_Abhair_2025_1-1920x1080-1.jpg","datePublished":"2025-10-21T16:47:39+00:00","dateModified":"2025-10-22T09:18:59+00:00","description":"T\u00e1 post f\u00f3gartha ag TG4 do Sti\u00farth\u00f3ir \u00c1bhair ar chonradh seacht mbliana.Post nua \u00e9 seo agus teasta\u00edonn \u00f3 TG4 duine a bhfuil ardchumas cruthaitheachta agus eagarth\u00f3ireachta ann a cheapadh ar fhoireann ardbhainist\u00edochta TG4 chun strait\u00e9is \u00e1bhair TG4 a sti\u00faradh agus a chur i bhfeidhm.","breadcrumb":{"@id":"https:\/\/dev.tg4.ie\/ga\/eolas\/preas\/nuacht-raitis\/2025-2\/stiurthoir-abhair-a-lorg-ag-tg4\/#breadcrumb"},"inLanguage":"ga","potentialAction":[{"@type":"ReadAction","target":["https:\/\/dev.tg4.ie\/ga\/eolas\/preas\/nuacht-raitis\/2025-2\/stiurthoir-abhair-a-lorg-ag-tg4\/"]}]},{"@type":"ImageObject","inLanguage":"ga","@id":"https:\/\/dev.tg4.ie\/ga\/eolas\/preas\/nuacht-raitis\/2025-2\/stiurthoir-abhair-a-lorg-ag-tg4\/#primaryimage","url":"https:\/\/dev.tg4.ie\/wp-content\/uploads\/2025\/10\/Stiurthoir_Abhair_2025_1-1920x1080-1.jpg","contentUrl":"https:\/\/dev.tg4.ie\/wp-content\/uploads\/2025\/10\/Stiurthoir_Abhair_2025_1-1920x1080-1.jpg"},{"@type":"BreadcrumbList","@id":"https:\/\/dev.tg4.ie\/ga\/eolas\/preas\/nuacht-raitis\/2025-2\/stiurthoir-abhair-a-lorg-ag-tg4\/#breadcrumb","itemListElement":[{"@type":"ListItem","position":1,"name":"Home","item":"https:\/\/dev.tg4.ie\/ga\/"},{"@type":"ListItem","position":2,"name":"Eolas","item":"https:\/\/dev.tg4.ie\/ga\/eolas\/"},{"@type":"ListItem","position":3,"name":"Preas","item":"https:\/\/dev.tg4.ie\/ga\/eolas\/preas\/"},{"@type":"ListItem","position":4,"name":"Nuacht R\u00e1itis","item":"https:\/\/dev.tg4.ie\/ga\/eolas\/preas\/nuacht-raitis\/"},{"@type":"ListItem","position":5,"name":"2025","item":"https:\/\/dev.tg4.ie\/ga\/eolas\/preas\/nuacht-raitis\/2025-2\/"},{"@type":"ListItem","position":6,"name":"Sti\u00farth\u00f3ir \u00c1bhair \u00e1 Lorg ag TG4"}]},{"@type":"WebSite","@id":"https:\/\/dev.tg4.ie\/en\/#website","url":"https:\/\/dev.tg4.ie\/en\/","name":"TG4","description":"S\u00fail Eile","potentialAction":[{"@type":"SearchAction","target":{"@type":"EntryPoint","urlTemplate":"https:\/\/dev.tg4.ie\/en\/?s={search_term_string}"},"query-input":"required name=search_term_string"}],"inLanguage":"ga"}]}},"_links":{"self":[{"href":"https:\/\/dev.tg4.ie\/ga\/wp-json\/wp\/v2\/pages\/247794"}],"collection":[{"href":"https:\/\/dev.tg4.ie\/ga\/wp-json\/wp\/v2\/pages"}],"about":[{"href":"https:\/\/dev.tg4.ie\/ga\/wp-json\/wp\/v2\/types\/page"}],"author":[{"embeddable":true,"href":"https:\/\/dev.tg4.ie\/ga\/wp-json\/wp\/v2\/users\/876"}],"replies":[{"embeddable":true,"href":"https:\/\/dev.tg4.ie\/ga\/wp-json\/wp\/v2\/comments?post=247794"}],"version-history":[{"count":0,"href":"https:\/\/dev.tg4.ie\/ga\/wp-json\/wp\/v2\/pages\/247794\/revisions"}],"up":[{"embeddable":true,"href":"https:\/\/dev.tg4.ie\/ga\/wp-json\/wp\/v2\/pages\/236807"}],"wp:attachment":[{"href":"https:\/\/dev.tg4.ie\/ga\/wp-json\/wp\/v2\/media?parent=247794"}],"curies":[{"name":"wp","href":"https:\/\/api.w.org\/{rel}","templated":true}]}}