{"id":247843,"date":"2025-10-28T15:31:18","date_gmt":"2025-10-28T15:31:18","guid":{"rendered":"https:\/\/dev.tg4.ie\/?page_id=247843"},"modified":"2025-10-28T15:50:23","modified_gmt":"2025-10-28T15:50:23","slug":"seo-cluichi-nua-priomh-ama-do-tg4-agus-s4c-an-deis-y-deis","status":"publish","type":"page","link":"https:\/\/dev.tg4.ie\/ga\/eolas\/preas\/nuacht-raitis\/2025-2\/seo-cluichi-nua-priomh-ama-do-tg4-agus-s4c-an-deis-y-deis\/","title":{"rendered":"Se\u00f3 Cluich\u00ed Nua Pr\u00edomh-Ama do TG4 agus S4C: An Deis \/ Y Deis"},"content":{"rendered":"<p><img loading=\"lazy\" decoding=\"async\" width=\"1920\" height=\"1080\" src=\"https:\/\/tg4-docs.s3.amazonaws.com\/wp-content\/uploads\/2025\/10\/24132205\/An_Deis_1920_1080.jpg\" alt=\"An Deis\" class=\"alignnone size-full wp-image-247845\" srcset=\"https:\/\/tg4-docs.s3.amazonaws.com\/wp-content\/uploads\/2025\/10\/24132205\/An_Deis_1920_1080.jpg 1920w, https:\/\/tg4-docs.s3.amazonaws.com\/wp-content\/uploads\/2025\/10\/24132205\/An_Deis_1920_1080-250x141.jpg 250w, https:\/\/tg4-docs.s3.amazonaws.com\/wp-content\/uploads\/2025\/10\/24132205\/An_Deis_1920_1080-700x394.jpg 700w, https:\/\/tg4-docs.s3.amazonaws.com\/wp-content\/uploads\/2025\/10\/24132205\/An_Deis_1920_1080-252x141.jpg 252w, https:\/\/tg4-docs.s3.amazonaws.com\/wp-content\/uploads\/2025\/10\/24132205\/An_Deis_1920_1080-1536x864.jpg 1536w, https:\/\/tg4-docs.s3.amazonaws.com\/wp-content\/uploads\/2025\/10\/24132205\/An_Deis_1920_1080-120x68.jpg 120w\" sizes=\"(max-width: 1920px) 100vw, 1920px\" \/><br \/>\n&nbsp;<\/p>\n<h1><center> An Deis\/ Y Deis<\/center><\/h1>\n<p>T\u00e1 scann\u00e1n\u00fa ar t\u00ed tos\u00fa in Caerdydd ar <strong>Y Deis<\/strong>, form\u00e1id \u00farnua se\u00f3 cluich\u00ed do S4C a mbeidh \u00e1dh na gCeilteach le brath air. Bh\u00ed comhoibri\u00fa idir S4C agus TG4 r\u00edth\u00e1bhachtach chun Y Deis a thabhairt chun f\u00edre. Is \u00fadar br\u00f3id do S4C a fh\u00f3gairt go bhfuil na cearta d\u00e1 fhorm\u00e1id nua se\u00f3 cluich\u00ed ceannaithe ag an gcraolt\u00f3ir seirbh\u00edse poibl\u00ed \u00c9ireannach, TG4.<br \/>\n&nbsp;<\/p>\n<p>D\u00e9anfar an leagan Breatnaise den chl\u00e1r a scann\u00e1n\u00fa ar dt\u00fas in Enfys Studios in Caerdydd, agus d\u00e9anfar an leagan Gaeilge do TG4, <strong>An Deis<\/strong>, a scann\u00e1n\u00fa sna sti\u00faideonna c\u00e9anna ina dhiaidh sin. D\u00e9anfar leagan B\u00e9arla a scann\u00e1n\u00fa ar mhaithe le sp\u00e9is idirn\u00e1isi\u00fanta a mhealladh chomh maith. Agus an scann\u00e1na\u00edocht ar si\u00fal, beidh sti\u00farth\u00f3ir ilcheamara \u00f3n mBreatain Bheag, Geraint Rhys Lewis, \u00e1 lean\u00faint ag sti\u00farth\u00f3ir Gaeilge a gheobhaidh taith\u00ed bhreise ar sti\u00faradh ilcheamara i su\u00edomh sti\u00faideo. Is comhph\u00e1irt\u00edocht shuntasach \u00ed seo idir an d\u00e1 chraolt\u00f3ir \u00f3 thaobh \u00e1bhair de, agus is l\u00e9iri\u00fa l\u00e1idir eile \u00e9 ar an muin\u00edn agus ar an gcomhoibri\u00fa at\u00e1 ag tarl\u00fa i measc na me\u00e1n Ceilteach.<br \/>\n&nbsp;<\/p>\n<p>T\u00e1 measc\u00e1n mealltach den eolas ginear\u00e1lta, scil agus strait\u00e9is ag cro\u00edl\u00e1r Y Deis &#8211; chomh maith le beag\u00e1n den \u00e1dh. Rachaidh tr\u00ed fhoireann ar a bhfuil beirt in adharca a ch\u00e9ile thar roinnt babhta\u00ed, agus iad ag cur lena gciste duaiseanna tr\u00ed bheith ag smaoineamh go tapa agus ag imirt go cliste. N\u00ed bhainfidh ach foireann amh\u00e1in an cluiche ceannais amach, \u00e1it a dtabharfaidh siad faoi thr\u00e1th na gceist i gcoinne an chloig a bhfuil geallta arda ag gabh\u00e1il leis, ar mhaithe leis an gCiste M\u00f3r a bhreith leo.\u00a0\u00a0<br \/>\n&nbsp;<\/p>\n<p>Deir <strong>Laura N\u00ed Cheallaigh, Eagarth\u00f3ir Coimisi\u00fanaithe TG4<\/strong> <em>&#8220;T\u00e1 r\u00edm\u00e9ad orainn an fhorm\u00e1id \u00farnua shiams\u00fail seo a chur os comhair lucht f\u00e9achana TG4. Is pr\u00edomhthosa\u00edocht d\u00fainn \u00e9 tac\u00fa le h\u00e1bhar nua, uath\u00fail sna teangacha Ceilteacha agus \u00e1bhar den s\u00f3rt sin a fhorbairt. Is sampla iontach \u00e9 an comhoibri\u00fa seo le S4C de na f\u00e9idearthachta\u00ed a bhaineann le comhph\u00e1irt\u00edochta\u00ed cruthaitheacha. D&#8217;aithn\u00edomar go raibh f\u00e9idearthachta\u00ed m\u00f3ra ag baint leis an bhform\u00e1id seo agus t\u00e1imid ag tn\u00fath le <strong>An Deis<\/strong> a chur os comhair lucht f\u00e9achana na h\u00c9ireann san Earrach in 2026 ar TG4.&#8221;<\/em>\u00a0<br \/>\n&nbsp;<\/p>\n<p>Chuir <strong>Pr\u00edomhoifigeach \u00c1bhair S4C, Llion Iwan<\/strong>, f\u00e1ilte roimh an gcomhoibri\u00fa. <em>&#8220;Is c\u00fais eile bhr\u00f3id \u00ed an chomhph\u00e1irt\u00edocht seo le TG4 do S4C agus d&#8217;\u00e1bhar Breatnaise tr\u00ed ch\u00e9ile. L\u00e9ir\u00edonn s\u00e9 go bhfuil f\u00e9idearthachta\u00ed iontacha ag baint le form\u00e1id\u00ed uath\u00fala, d\u00fachasacha chun dul i bhfeidhm ar an lucht f\u00e9achana i dt\u00edortha eile &#8211; agus t\u00e1 r\u00edm\u00e9ad orainn go mbeidh lucht f\u00e9achana nua ag an gcl\u00e1r seo in \u00c9irinn a bhu\u00ed len\u00e1r gcairde i TG4.&#8221;<\/em>\u202f\u00a0\u00a0\u00a0\u00a0<br \/>\n&nbsp;<\/p>\n<p>D\u00fairt <strong>Beth Angell, Ceannasa\u00ed Siamsa\u00edochta agus Siamsa\u00edochta F\u00edorasa\u00ed S4C<\/strong> <em>&#8220;T\u00e1imid ar b\u00eds chun Y Deis a thabhairt chuig S4C &#8211; cl\u00e1r tr\u00e1th na gceist br\u00edomhar, uath\u00fail at\u00e1 ann a bhfuil fuinneamh iontach agus go leor spraoi ag baint leis. Ba mh\u00f3r an pl\u00e9isi\u00far \u00e9 an fhorm\u00e1id seo a fhorbairt in \u00e9ineacht le Slam Media, agus t\u00e1imid thar a bheith br\u00f3d\u00fail as bheith ag obair i gcomhph\u00e1irt le TG4 chun an cl\u00e1r a thabhairt ar an bhf\u00f3d i mBreatnais agus i nGaeilge araon. Is fada liom go bhfeicfidh an lucht f\u00e9achana \u00e9.\u201d<\/em>\u00a0\u00a0<br \/>\n&nbsp;<\/p>\n<p>Is \u00e9 l\u00e1ithreoir chl\u00e1r bricfeasta BBC Radio Wales, James Williams, a bheidh ina l\u00e1ithreoir ar Y Deis, agus \u00e9 ag tabhairt faoi chl\u00e1r siamsa\u00edochta a chur i l\u00e1thair den ch\u00e9ad uair do S4C. Is \u00e9 Tyrone Productions a l\u00e9ireoidh an leagan Gaeilge den chl\u00e1r; an comhlacht c\u00e9anna a thug an fhorm\u00e1id \u2018Who Wants to be a Millionaire\u2019 go h\u00c9irinn roimhe seo. Is \u00ed an t-iriseoir agus l\u00e1ithreoir Eibhl\u00edn N\u00ed Chonghaile a chuirfidh an cl\u00e1r i l\u00e1thair agus a choinneoidh fuinneamh agus spleodar an chl\u00e1ir ag imeacht ar fud na n\u00e1isi\u00fan Ceilteach.\u00a0\u00a0<br \/>\n&nbsp;<\/p>\n<p>Ba \u00e9 <strong>Slam Media<\/strong> a chruthaigh agus a d&#8217;fhorbair an cl\u00e1r, agus inspior\u00e1id faighte ag an gceannaire cruthaitheach Gavin Cox \u00f3 ghairm a athar, nach maireann, a bh\u00edodh ag dearadh cluich\u00ed meais\u00edn\u00ed tortha\u00ed &#8211; rud at\u00e1 cu\u00ed do chl\u00e1r thr\u00e1th na gceist at\u00e1 bunaithe ar sheans agus ar eolas araon.<br \/>\n&nbsp;<\/p>\n<p>Is \u00ed an chuid is t\u00e1bhachta\u00ed den se\u00f3 n\u00e1 an meais\u00edn d\u00edsle &#8211; strucht\u00far dinimici\u00fail, tarraingteach a chuireann le dr\u00e1ma\u00edocht an chl\u00e1ir agus a bhfuil feidhm fh\u00edorth\u00e1bhachtach aige sa chluiche. T\u00e1 r\u00f3l l\u00e1rnach ag an d\u00edsle (an &#8220;deis&#8221;) i dtaobh thoradh an chluiche a chinneadh, ach n\u00ed leor an t-\u00e1dh amh\u00e1in chun an bua a bhaint amach, mura bhfuil freagra\u00ed na gceisteanna ar eolas ag an bhfoireann.\u00a0\u00a0<br \/>\n&nbsp;<\/p>\n<p>Beidh dh\u00e1 chl\u00e1r speisialta \u00e1 scann\u00e1n\u00fa do sh\u00e9as\u00far na Nollag chomh maith, ina bhfeicfear roinnt de phearsana m\u00f3ra S4C ag dul in adharca a ch\u00e9ile.\u00a0<br \/>\n&nbsp;<br \/>\nT\u00e1 Y Deis \u00e1 l\u00e9iri\u00fa le c\u00fanamh \u00f3 <strong>Media Cymru<\/strong> agus \u00f3 Rialtas na Breataine Bige tr\u00ed <strong>Creative Wales<\/strong>. \u00a0<br \/>\n&nbsp;<\/p>\n<p><center><img loading=\"lazy\" decoding=\"async\" width=\"1080\" height=\"1350\" src=\"https:\/\/tg4-docs.s3.amazonaws.com\/wp-content\/uploads\/2025\/10\/24134456\/An-Deis-TG4.jpg\" alt=\"\" class=\"alignnone size-full wp-image-247847\" srcset=\"https:\/\/tg4-docs.s3.amazonaws.com\/wp-content\/uploads\/2025\/10\/24134456\/An-Deis-TG4.jpg 1080w, https:\/\/tg4-docs.s3.amazonaws.com\/wp-content\/uploads\/2025\/10\/24134456\/An-Deis-TG4-250x313.jpg 250w, https:\/\/tg4-docs.s3.amazonaws.com\/wp-content\/uploads\/2025\/10\/24134456\/An-Deis-TG4-700x875.jpg 700w, https:\/\/tg4-docs.s3.amazonaws.com\/wp-content\/uploads\/2025\/10\/24134456\/An-Deis-TG4-113x141.jpg 113w, https:\/\/tg4-docs.s3.amazonaws.com\/wp-content\/uploads\/2025\/10\/24134456\/An-Deis-TG4-120x150.jpg 120w\" sizes=\"(max-width: 1080px) 100vw, 1080px\" \/><\/center><\/p>\n","protected":false},"excerpt":{"rendered":"<p>&nbsp; An Deis\/ Y Deis T\u00e1 scann\u00e1n\u00fa ar t\u00ed tos\u00fa in Caerdydd ar Y Deis, form\u00e1id \u00farnua se\u00f3 cluich\u00ed do S4C a mbeidh \u00e1dh na gCeilteach le brath air. Bh\u00ed comhoibri\u00fa idir S4C agus TG4 r\u00edth\u00e1bhachtach chun Y Deis a thabhairt chun f\u00edre. Is \u00fadar br\u00f3id do S4C a fh\u00f3gairt go bhfuil na cearta d\u00e1 [&hellip;]<\/p>\n","protected":false},"author":876,"featured_media":0,"parent":236807,"menu_order":64,"comment_status":"closed","ping_status":"closed","template":"page-templates\/template-pr.php","meta":{"_acf_changed":false,"footnotes":""},"acf":[],"yoast_head":"<!-- This site is optimized with the Yoast SEO plugin v22.6 - https:\/\/yoast.com\/wordpress\/plugins\/seo\/ -->\n<title>\u00c1dh na gCeilteach \u00e1 L\u00e9iri\u00fa go Br\u00edomhar i Se\u00f3 Cluich\u00ed Nua Pr\u00edomh-Ama do TG4 agus S4C | Preasr\u00e1iteas | TG4<\/title>\n<meta name=\"robots\" content=\"index, follow, max-snippet:-1, max-image-preview:large, max-video-preview:-1\" \/>\n<meta property=\"og:locale\" content=\"en_US\" \/>\n<meta property=\"og:type\" content=\"article\" \/>\n<meta property=\"og:title\" content=\"\u00c1dh na gCeilteach \u00e1 L\u00e9iri\u00fa go Br\u00edomhar i Se\u00f3 Cluich\u00ed Nua Pr\u00edomh-Ama do TG4 agus S4C | Preasr\u00e1iteas | TG4\" \/>\n<meta property=\"og:description\" content=\"&nbsp; An Deis\/ Y Deis T\u00e1 scann\u00e1n\u00fa ar t\u00ed tos\u00fa in Caerdydd ar Y Deis, form\u00e1id \u00farnua se\u00f3 cluich\u00ed do S4C a mbeidh \u00e1dh na gCeilteach le brath air. Bh\u00ed comhoibri\u00fa idir S4C agus TG4 r\u00edth\u00e1bhachtach chun Y Deis a thabhairt chun f\u00edre. Is \u00fadar br\u00f3id do S4C a fh\u00f3gairt go bhfuil na cearta d\u00e1 [&hellip;]\" \/>\n<meta property=\"og:url\" content=\"https:\/\/dev.tg4.ie\/ga\/eolas\/preas\/nuacht-raitis\/2025-2\/seo-cluichi-nua-priomh-ama-do-tg4-agus-s4c-an-deis-y-deis\/\" \/>\n<meta property=\"og:site_name\" content=\"TG4\" \/>\n<meta property=\"article:publisher\" content=\"https:\/\/www.facebook.com\/TG4TV\" \/>\n<meta property=\"article:modified_time\" content=\"2025-10-28T15:50:23+00:00\" \/>\n<meta property=\"og:image\" content=\"https:\/\/dev.tg4.ie\/wp-content\/uploads\/2025\/10\/An_Deis_1920_1080.jpg\" \/>\n<meta name=\"twitter:card\" content=\"summary_large_image\" \/>\n<meta name=\"twitter:site\" content=\"@TG4TV\" \/>\n<meta name=\"twitter:label1\" content=\"Est. reading time\" \/>\n\t<meta name=\"twitter:data1\" content=\"5 minutes\" \/>\n<script type=\"application\/ld+json\" class=\"yoast-schema-graph\">{\"@context\":\"https:\/\/schema.org\",\"@graph\":[{\"@type\":\"WebPage\",\"@id\":\"https:\/\/dev.tg4.ie\/ga\/eolas\/preas\/nuacht-raitis\/2025-2\/seo-cluichi-nua-priomh-ama-do-tg4-agus-s4c-an-deis-y-deis\/\",\"url\":\"https:\/\/dev.tg4.ie\/ga\/eolas\/preas\/nuacht-raitis\/2025-2\/seo-cluichi-nua-priomh-ama-do-tg4-agus-s4c-an-deis-y-deis\/\",\"name\":\"\u00c1dh na gCeilteach \u00e1 L\u00e9iri\u00fa go Br\u00edomhar i Se\u00f3 Cluich\u00ed Nua Pr\u00edomh-Ama do TG4 agus S4C | Preasr\u00e1iteas | TG4\",\"isPartOf\":{\"@id\":\"https:\/\/dev.tg4.ie\/en\/#website\"},\"primaryImageOfPage\":{\"@id\":\"https:\/\/dev.tg4.ie\/ga\/eolas\/preas\/nuacht-raitis\/2025-2\/seo-cluichi-nua-priomh-ama-do-tg4-agus-s4c-an-deis-y-deis\/#primaryimage\"},\"image\":{\"@id\":\"https:\/\/dev.tg4.ie\/ga\/eolas\/preas\/nuacht-raitis\/2025-2\/seo-cluichi-nua-priomh-ama-do-tg4-agus-s4c-an-deis-y-deis\/#primaryimage\"},\"thumbnailUrl\":\"https:\/\/dev.tg4.ie\/wp-content\/uploads\/2025\/10\/An_Deis_1920_1080.jpg\",\"datePublished\":\"2025-10-28T15:31:18+00:00\",\"dateModified\":\"2025-10-28T15:50:23+00:00\",\"breadcrumb\":{\"@id\":\"https:\/\/dev.tg4.ie\/ga\/eolas\/preas\/nuacht-raitis\/2025-2\/seo-cluichi-nua-priomh-ama-do-tg4-agus-s4c-an-deis-y-deis\/#breadcrumb\"},\"inLanguage\":\"ga\",\"potentialAction\":[{\"@type\":\"ReadAction\",\"target\":[\"https:\/\/dev.tg4.ie\/ga\/eolas\/preas\/nuacht-raitis\/2025-2\/seo-cluichi-nua-priomh-ama-do-tg4-agus-s4c-an-deis-y-deis\/\"]}]},{\"@type\":\"ImageObject\",\"inLanguage\":\"ga\",\"@id\":\"https:\/\/dev.tg4.ie\/ga\/eolas\/preas\/nuacht-raitis\/2025-2\/seo-cluichi-nua-priomh-ama-do-tg4-agus-s4c-an-deis-y-deis\/#primaryimage\",\"url\":\"https:\/\/dev.tg4.ie\/wp-content\/uploads\/2025\/10\/An_Deis_1920_1080.jpg\",\"contentUrl\":\"https:\/\/dev.tg4.ie\/wp-content\/uploads\/2025\/10\/An_Deis_1920_1080.jpg\"},{\"@type\":\"BreadcrumbList\",\"@id\":\"https:\/\/dev.tg4.ie\/ga\/eolas\/preas\/nuacht-raitis\/2025-2\/seo-cluichi-nua-priomh-ama-do-tg4-agus-s4c-an-deis-y-deis\/#breadcrumb\",\"itemListElement\":[{\"@type\":\"ListItem\",\"position\":1,\"name\":\"Home\",\"item\":\"https:\/\/dev.tg4.ie\/ga\/\"},{\"@type\":\"ListItem\",\"position\":2,\"name\":\"Eolas\",\"item\":\"https:\/\/dev.tg4.ie\/ga\/eolas\/\"},{\"@type\":\"ListItem\",\"position\":3,\"name\":\"Preas\",\"item\":\"https:\/\/dev.tg4.ie\/ga\/eolas\/preas\/\"},{\"@type\":\"ListItem\",\"position\":4,\"name\":\"Nuacht R\u00e1itis\",\"item\":\"https:\/\/dev.tg4.ie\/ga\/eolas\/preas\/nuacht-raitis\/\"},{\"@type\":\"ListItem\",\"position\":5,\"name\":\"2025\",\"item\":\"https:\/\/dev.tg4.ie\/ga\/eolas\/preas\/nuacht-raitis\/2025-2\/\"},{\"@type\":\"ListItem\",\"position\":6,\"name\":\"Se\u00f3 Cluich\u00ed Nua Pr\u00edomh-Ama do TG4 agus S4C: An Deis \/ Y Deis\"}]},{\"@type\":\"WebSite\",\"@id\":\"https:\/\/dev.tg4.ie\/en\/#website\",\"url\":\"https:\/\/dev.tg4.ie\/en\/\",\"name\":\"TG4\",\"description\":\"S\u00fail Eile\",\"potentialAction\":[{\"@type\":\"SearchAction\",\"target\":{\"@type\":\"EntryPoint\",\"urlTemplate\":\"https:\/\/dev.tg4.ie\/en\/?s={search_term_string}\"},\"query-input\":\"required name=search_term_string\"}],\"inLanguage\":\"ga\"}]}<\/script>\n<!-- \/ Yoast SEO plugin. -->","yoast_head_json":{"title":"\u00c1dh na gCeilteach \u00e1 L\u00e9iri\u00fa go Br\u00edomhar i Se\u00f3 Cluich\u00ed Nua Pr\u00edomh-Ama do TG4 agus S4C | Preasr\u00e1iteas | TG4","robots":{"index":"index","follow":"follow","max-snippet":"max-snippet:-1","max-image-preview":"max-image-preview:large","max-video-preview":"max-video-preview:-1"},"og_locale":"en_US","og_type":"article","og_title":"\u00c1dh na gCeilteach \u00e1 L\u00e9iri\u00fa go Br\u00edomhar i Se\u00f3 Cluich\u00ed Nua Pr\u00edomh-Ama do TG4 agus S4C | Preasr\u00e1iteas | TG4","og_description":"&nbsp; An Deis\/ Y Deis T\u00e1 scann\u00e1n\u00fa ar t\u00ed tos\u00fa in Caerdydd ar Y Deis, form\u00e1id \u00farnua se\u00f3 cluich\u00ed do S4C a mbeidh \u00e1dh na gCeilteach le brath air. Bh\u00ed comhoibri\u00fa idir S4C agus TG4 r\u00edth\u00e1bhachtach chun Y Deis a thabhairt chun f\u00edre. Is \u00fadar br\u00f3id do S4C a fh\u00f3gairt go bhfuil na cearta d\u00e1 [&hellip;]","og_url":"https:\/\/dev.tg4.ie\/ga\/eolas\/preas\/nuacht-raitis\/2025-2\/seo-cluichi-nua-priomh-ama-do-tg4-agus-s4c-an-deis-y-deis\/","og_site_name":"TG4","article_publisher":"https:\/\/www.facebook.com\/TG4TV","article_modified_time":"2025-10-28T15:50:23+00:00","og_image":[{"url":"https:\/\/dev.tg4.ie\/wp-content\/uploads\/2025\/10\/An_Deis_1920_1080.jpg"}],"twitter_card":"summary_large_image","twitter_site":"@TG4TV","twitter_misc":{"Est. reading time":"5 minutes"},"schema":{"@context":"https:\/\/schema.org","@graph":[{"@type":"WebPage","@id":"https:\/\/dev.tg4.ie\/ga\/eolas\/preas\/nuacht-raitis\/2025-2\/seo-cluichi-nua-priomh-ama-do-tg4-agus-s4c-an-deis-y-deis\/","url":"https:\/\/dev.tg4.ie\/ga\/eolas\/preas\/nuacht-raitis\/2025-2\/seo-cluichi-nua-priomh-ama-do-tg4-agus-s4c-an-deis-y-deis\/","name":"\u00c1dh na gCeilteach \u00e1 L\u00e9iri\u00fa go Br\u00edomhar i Se\u00f3 Cluich\u00ed Nua Pr\u00edomh-Ama do TG4 agus S4C | Preasr\u00e1iteas | TG4","isPartOf":{"@id":"https:\/\/dev.tg4.ie\/en\/#website"},"primaryImageOfPage":{"@id":"https:\/\/dev.tg4.ie\/ga\/eolas\/preas\/nuacht-raitis\/2025-2\/seo-cluichi-nua-priomh-ama-do-tg4-agus-s4c-an-deis-y-deis\/#primaryimage"},"image":{"@id":"https:\/\/dev.tg4.ie\/ga\/eolas\/preas\/nuacht-raitis\/2025-2\/seo-cluichi-nua-priomh-ama-do-tg4-agus-s4c-an-deis-y-deis\/#primaryimage"},"thumbnailUrl":"https:\/\/dev.tg4.ie\/wp-content\/uploads\/2025\/10\/An_Deis_1920_1080.jpg","datePublished":"2025-10-28T15:31:18+00:00","dateModified":"2025-10-28T15:50:23+00:00","breadcrumb":{"@id":"https:\/\/dev.tg4.ie\/ga\/eolas\/preas\/nuacht-raitis\/2025-2\/seo-cluichi-nua-priomh-ama-do-tg4-agus-s4c-an-deis-y-deis\/#breadcrumb"},"inLanguage":"ga","potentialAction":[{"@type":"ReadAction","target":["https:\/\/dev.tg4.ie\/ga\/eolas\/preas\/nuacht-raitis\/2025-2\/seo-cluichi-nua-priomh-ama-do-tg4-agus-s4c-an-deis-y-deis\/"]}]},{"@type":"ImageObject","inLanguage":"ga","@id":"https:\/\/dev.tg4.ie\/ga\/eolas\/preas\/nuacht-raitis\/2025-2\/seo-cluichi-nua-priomh-ama-do-tg4-agus-s4c-an-deis-y-deis\/#primaryimage","url":"https:\/\/dev.tg4.ie\/wp-content\/uploads\/2025\/10\/An_Deis_1920_1080.jpg","contentUrl":"https:\/\/dev.tg4.ie\/wp-content\/uploads\/2025\/10\/An_Deis_1920_1080.jpg"},{"@type":"BreadcrumbList","@id":"https:\/\/dev.tg4.ie\/ga\/eolas\/preas\/nuacht-raitis\/2025-2\/seo-cluichi-nua-priomh-ama-do-tg4-agus-s4c-an-deis-y-deis\/#breadcrumb","itemListElement":[{"@type":"ListItem","position":1,"name":"Home","item":"https:\/\/dev.tg4.ie\/ga\/"},{"@type":"ListItem","position":2,"name":"Eolas","item":"https:\/\/dev.tg4.ie\/ga\/eolas\/"},{"@type":"ListItem","position":3,"name":"Preas","item":"https:\/\/dev.tg4.ie\/ga\/eolas\/preas\/"},{"@type":"ListItem","position":4,"name":"Nuacht R\u00e1itis","item":"https:\/\/dev.tg4.ie\/ga\/eolas\/preas\/nuacht-raitis\/"},{"@type":"ListItem","position":5,"name":"2025","item":"https:\/\/dev.tg4.ie\/ga\/eolas\/preas\/nuacht-raitis\/2025-2\/"},{"@type":"ListItem","position":6,"name":"Se\u00f3 Cluich\u00ed Nua Pr\u00edomh-Ama do TG4 agus S4C: An Deis \/ Y Deis"}]},{"@type":"WebSite","@id":"https:\/\/dev.tg4.ie\/en\/#website","url":"https:\/\/dev.tg4.ie\/en\/","name":"TG4","description":"S\u00fail Eile","potentialAction":[{"@type":"SearchAction","target":{"@type":"EntryPoint","urlTemplate":"https:\/\/dev.tg4.ie\/en\/?s={search_term_string}"},"query-input":"required name=search_term_string"}],"inLanguage":"ga"}]}},"_links":{"self":[{"href":"https:\/\/dev.tg4.ie\/ga\/wp-json\/wp\/v2\/pages\/247843"}],"collection":[{"href":"https:\/\/dev.tg4.ie\/ga\/wp-json\/wp\/v2\/pages"}],"about":[{"href":"https:\/\/dev.tg4.ie\/ga\/wp-json\/wp\/v2\/types\/page"}],"author":[{"embeddable":true,"href":"https:\/\/dev.tg4.ie\/ga\/wp-json\/wp\/v2\/users\/876"}],"replies":[{"embeddable":true,"href":"https:\/\/dev.tg4.ie\/ga\/wp-json\/wp\/v2\/comments?post=247843"}],"version-history":[{"count":0,"href":"https:\/\/dev.tg4.ie\/ga\/wp-json\/wp\/v2\/pages\/247843\/revisions"}],"up":[{"embeddable":true,"href":"https:\/\/dev.tg4.ie\/ga\/wp-json\/wp\/v2\/pages\/236807"}],"wp:attachment":[{"href":"https:\/\/dev.tg4.ie\/ga\/wp-json\/wp\/v2\/media?parent=247843"}],"curies":[{"name":"wp","href":"https:\/\/api.w.org\/{rel}","templated":true}]}}